{"id":18999,"date":"2024-04-17T15:50:15","date_gmt":"2024-04-17T08:50:15","guid":{"rendered":"https:\/\/kawasan.vn\/?post_type=product&#038;p=18999"},"modified":"2025-10-31T11:21:22","modified_gmt":"2025-10-31T04:21:22","slug":"dieu-khien-phao-bom-khong-day-spc02","status":"publish","type":"product","link":"https:\/\/kawasan.vn\/en\/product\/dieu-khien-phao-bom-khong-day-spc02\/","title":{"rendered":"\u0110i\u1ec1u Khi\u1ec3n Phao B\u01a1m Kh\u00f4ng D\u00e2y SPC02"},"content":{"rendered":"<p>\u1ee8ng d\u1ee5ng: K\u1ebft n\u1ed1i phao \u0111i\u1ec7n v\u1ec1 b\u01a1m kh\u00f4ng d\u00e2y qua b\u1ed9 s\u00f3ng RF15B\/RF15B2 ho\u1eb7c c\u00e1c thi\u1ebft b\u1ecb nh\u1eadn s\u00f3ng RF433MHz.<\/p>\n<p>Ngu\u1ed3n v\u00e0o :12V (\u0111i k\u00e8m).<\/p>\n<p>T\u1ea7n s\u1ed1 s\u00f3ng: RF433Mhz.<\/p>\n<p>Kho\u1ea3ng c\u00e1ch ph\u00e1t s\u00f3ng: 30 ~ 50m (t\u00f9y v\u1eadt c\u1ea3n)<\/p>\n<h2><strong>THI\u1ebeT B\u1eca \u0110I\u1ec0U KHI\u1ec2N PHAO B\u01a0M 12V CH\u1ed0NG GI\u1eacT \u2013 AN TO\u00c0N\u00a0<\/strong><strong>\u00a0KAWASAN<\/strong><\/h2>\n<p>C\u00e1c h\u1ed9 gia \u0111\u00ecnh \u0111ang d\u00f9ng b\u1ed3n n\u01b0\u1edbc, \u0111\u1ec3 tr\u1eef n\u01b0\u1edbc tr\u00ean c\u00e1c t\u1ea7ng m\u00e1i ho\u1eb7c h\u1ea7m ch\u1ee9a n\u01b0\u1edbc d\u1ef1 tr\u1eef. Th\u00f4ng th\u01b0\u1eddng, <span style=\"vertical-align: inherit;\"><span style=\"vertical-align: inherit;\">phao<\/span><\/span> \u0111i\u1ec1u khi\u1ec3n <span style=\"vertical-align: inherit;\"><span style=\"vertical-align: inherit;\">b\u01a1m<\/span><\/span> v\u00e0 h\u00fat n\u01b0\u1edbc, d\u00f9ng \u0111i\u1ec7n \u00e1p 220V cho c\u1ea3 02 thi\u1ebft b\u1ecb n\u00e0y. Sau th\u1eddi gian d\u00e0i s\u1eed d\u1ee5ng, d\u00e2y n\u1ed1i \u0111i\u1ec7n (220V) v\u1edbi phao n\u01b0\u1edbc d\u1ec5 b\u1ecb h\u01b0 h\u1ecfng. Nguy\u00ean nh\u00e2n c\u00f3 th\u1ec3 do chu\u1ed9t c\u1eafn, va ch\u1ea1m l\u00e0m cho d\u00e2y b\u1ecb r\u00f2 \u0111i\u1ec7n. K\u1ebft h\u1ee3p v\u1edbi n\u01b0\u1edbc \u0111\u00e3 x\u1ea3y ra nhi\u1ec1u t\u00ecnh hu\u1ed1ng gi\u1eadt \u0111i\u1ec7n, ch\u1eadp \u0111i\u1ec7n, g\u00e2y ch\u00e1y lan\u2026. R\u1ea5t nguy hi\u1ec3m, k\u00e9m an to\u00e0n.<\/p>\n<p>\u0110\u1ec3 gi\u1ea3m thi\u1ec3u r\u1ee7i ro cho c\u00e1c lo\u1ea1i phao b\u01a1m v\u00e0 tr\u00e1nh t\u00ecnh tr\u1ea1ng ch\u1ea1m, gi\u1eadt \u0111i\u1ec7n t\u1ea1i c\u00e1c b\u1ec3 ch\u1ee9a. C\u00e1c k\u1ef9 s\u01b0 nghi\u00ean c\u1ee9u c\u1ee7a KAWASAN, \u0111\u00e3 t\u1ea1o ra c\u00f4ng t\u1eafc \u0111i\u1ec1u khi\u1ec3n\u00a012V cho ra ngu\u1ed3n \u0111i\u1ec1u khi\u1ec3n <span style=\"vertical-align: inherit;\"><span style=\"vertical-align: inherit;\">phao<\/span><\/span> ch\u1ec9 12V (voltage). S\u1ebd an to\u00e0n h\u01a1n khi c\u00f3 hi\u1ec7n t\u01b0\u1ee3ng r\u00f2 r\u1ec9 \u0111i\u1ec7n, tr\u00e1nh ch\u1ea1m ho\u1eb7c gi\u1eadt \u0111i\u1ec7n cho ng\u01b0\u1eddi s\u1eed d\u1ee5ng.<\/p>\n<hr \/>\n<p style=\"text-align: center;\"><strong>Thank you for trusting Kawasan products!<\/strong><\/p>\n<p style=\"text-align: center;\"><strong>Toll-Free Consulting Hotline:\u00a0<\/strong><strong>1800 0058<\/strong><\/p>\n<p style=\"text-align: center;\" align=\"center\"><strong>Trang web:\u00a0\u00a0<\/strong><a href=\"https:\/\/kawasan.vn\/en\/\"><strong>www.kawasan.vn<\/strong><\/a><\/p>\n<p style=\"text-align: center;\" align=\"center\"><strong>Trang web:\u00a0\u00a0<\/strong><a href=\"https:\/\/kawaled.com.vn\/\"><strong>www.kawaled.com.vn<\/strong><\/a><\/p>","protected":false},"excerpt":{"rendered":"<p>\u1ee8ng d\u1ee5ng: K\u1ebft n\u1ed1i phao \u0111i\u1ec7n v\u1ec1 b\u01a1m kh\u00f4ng d\u00e2y qua b\u1ed9 s\u00f3ng RF15B\/RF15B2 ho\u1eb7c c\u00e1c thi\u1ebft b\u1ecb nh\u1eadn s\u00f3ng RF433MHz. Ngu\u1ed3n v\u00e0o :12V (\u0111i k\u00e8m). T\u1ea7n s\u1ed1 s\u00f3ng: RF433Mhz. Kho\u1ea3ng c\u00e1ch ph\u00e1t s\u00f3ng: 30 ~ 50m (t\u00f9y v\u1eadt c\u1ea3n) THI\u1ebeT B\u1eca \u0110I\u1ec0U KHI\u1ec2N PHAO B\u01a0M 12V CH\u1ed0NG GI\u1eacT \u2013 AN TO\u00c0N\u00a0\u00a0KAWASAN C\u00e1c h\u1ed9 gia [&hellip;]<\/p>","protected":false},"featured_media":19056,"comment_status":"open","ping_status":"closed","template":"","meta":{"_yoast_wpseo_focuskw":"phao b\u01a1m","_yoast_wpseo_metadesc":"\u0110i\u1ec1u khi\u1ec3n phao b\u01a1m kh\u00f4ng d\u00e2y l\u00e0 m\u1ed9t gi\u1ea3i ph\u00e1p ti\u1ec7n l\u1ee3i v\u00e0 linh ho\u1ea1t cho vi\u1ec7c ki\u1ec3m so\u00e1t m\u1ee9c n\u01b0\u1edbc trong b\u1ec3 ch\u1ee9a, h\u1ed3 c\u00e1, ho\u1eb7c b\u1ea5t k\u1ef3 \u1ee9ng d\u1ee5ng n\u00e0o kh\u00e1c.","_yoast_wpseo_focuskeywords":"","_yoast_wpseo_keyword_synonyms":""},"product_cat":[83],"product_tag":[1285,1286,552,554,909,857,910,1274,856,1275,957,858,1271,1268,958,1264,1278,1269,1276,1282,1270,1262,1265,1267,1273,1272,1283,1287,1284,1277,1266,1279,1288,1263,1281,1289,1280],"class_list":["post-18999","product","type-product","status-publish","has-post-thumbnail","hentry","product_cat-phao-dien","product_tag-bom-chim-co-phao","product_tag-cong-tac-dien-phao-nuoc","product_tag-cong-tac-phao-bom","product_tag-cong-tac-phao-dien","product_tag-cuc-thu-dieu-khien-phao-bom","product_tag-dieu-khien-phao-bom-khong-day","product_tag-dieu-khien-phao-bom-thong-minh","product_tag-may-bom-tu-ngat-khi-nuoc-day","product_tag-phao-bom","product_tag-phao-bom-chim","product_tag-phao-bom-kawasan","product_tag-phao-bom-khong-day","product_tag-phao-bom-nuoc","product_tag-phao-bom-nuoc-tu-dong","product_tag-phao-bom-tu-dong","product_tag-phao-chong-can","product_tag-phao-co-bom-nuoc","product_tag-phao-dien-12v","product_tag-phao-dien-220v","product_tag-phao-dien-bom-chim","product_tag-phao-dien-bom-nuoc","product_tag-phao-dien-bon-nuoc","product_tag-phao-dien-bon-nuoc-12v","product_tag-phao-dien-chong-tran","product_tag-phao-dien-khong-tu-bom-nuoc","product_tag-phao-dien-may-bom","product_tag-phao-dien-may-bom-nuoc","product_tag-phao-dien-tu","product_tag-phao-dien-tu-bon-nuoc","product_tag-phao-dien-tu-dong","product_tag-phao-dien-tu-ngat-nuoc","product_tag-phao-may-bom","product_tag-phao-may-bom-nuoc","product_tag-phao-nuoc-tu-ngat","product_tag-phao-tu-dong-bom-nuoc","product_tag-phao-tu-ngat-bon-nuoc","product_tag-phao-tu-ngat-may-bom-nuoc"],"acf":[],"yoast_head":"<!-- This site is optimized with the Yoast SEO Premium plugin v24.9 (Yoast SEO v24.9) - https:\/\/yoast.com\/wordpress\/plugins\/seo\/ -->\n<title>\u0110i\u1ec1u Khi\u1ec3n Phao B\u01a1m Kh\u00f4ng D\u00e2y SPC02 - Kawasan<\/title>\n<meta name=\"description\" content=\"\u0110i\u1ec1u khi\u1ec3n phao b\u01a1m kh\u00f4ng d\u00e2y l\u00e0 m\u1ed9t gi\u1ea3i ph\u00e1p ti\u1ec7n l\u1ee3i v\u00e0 linh ho\u1ea1t cho vi\u1ec7c ki\u1ec3m so\u00e1t m\u1ee9c n\u01b0\u1edbc trong b\u1ec3 ch\u1ee9a, h\u1ed3 c\u00e1, ho\u1eb7c b\u1ea5t k\u1ef3 \u1ee9ng d\u1ee5ng n\u00e0o kh\u00e1c.\" \/>\n<meta name=\"robots\" content=\"index, follow, max-snippet:-1, max-image-preview:large, max-video-preview:-1\" \/>\n<link rel=\"canonical\" href=\"https:\/\/kawasan.vn\/en\/product\/dieu-khien-phao-bom-khong-day-spc02\/\" \/>\n<meta property=\"og:locale\" content=\"en_US\" \/>\n<meta property=\"og:type\" content=\"article\" \/>\n<meta property=\"og:title\" content=\"\u0110i\u1ec1u Khi\u1ec3n Phao B\u01a1m Kh\u00f4ng D\u00e2y SPC02\" \/>\n<meta property=\"og:description\" content=\"\u0110i\u1ec1u khi\u1ec3n phao b\u01a1m kh\u00f4ng d\u00e2y l\u00e0 m\u1ed9t gi\u1ea3i ph\u00e1p ti\u1ec7n l\u1ee3i v\u00e0 linh ho\u1ea1t cho vi\u1ec7c ki\u1ec3m so\u00e1t m\u1ee9c n\u01b0\u1edbc trong b\u1ec3 ch\u1ee9a, h\u1ed3 c\u00e1, ho\u1eb7c b\u1ea5t k\u1ef3 \u1ee9ng d\u1ee5ng n\u00e0o kh\u00e1c.\" \/>\n<meta property=\"og:url\" content=\"https:\/\/kawasan.vn\/en\/product\/dieu-khien-phao-bom-khong-day-spc02\/\" \/>\n<meta property=\"og:site_name\" content=\"Kawasan\" \/>\n<meta property=\"article:modified_time\" content=\"2025-10-31T04:21:22+00:00\" \/>\n<meta property=\"og:image\" content=\"https:\/\/kawasan.vn\/wp-content\/uploads\/2024\/04\/SPC02-png-02.png\" \/>\n\t<meta property=\"og:image:width\" content=\"2793\" \/>\n\t<meta property=\"og:image:height\" content=\"3149\" \/>\n\t<meta property=\"og:image:type\" content=\"image\/png\" \/>\n<meta name=\"twitter:card\" content=\"summary_large_image\" \/>\n<meta name=\"twitter:label1\" content=\"Est. reading time\" \/>\n\t<meta name=\"twitter:data1\" content=\"2 minutes\" \/>\n<script type=\"application\/ld+json\" class=\"yoast-schema-graph\">{\"@context\":\"https:\/\/schema.org\",\"@graph\":[{\"@type\":\"WebPage\",\"@id\":\"https:\/\/kawasan.vn\/san-pham\/dieu-khien-phao-bom-khong-day-spc02\/\",\"url\":\"https:\/\/kawasan.vn\/san-pham\/dieu-khien-phao-bom-khong-day-spc02\/\",\"name\":\"\u0110i\u1ec1u Khi\u1ec3n Phao B\u01a1m Kh\u00f4ng D\u00e2y SPC02 - Kawasan\",\"isPartOf\":{\"@id\":\"https:\/\/kawasan.vn\/#website\"},\"primaryImageOfPage\":{\"@id\":\"https:\/\/kawasan.vn\/san-pham\/dieu-khien-phao-bom-khong-day-spc02\/#primaryimage\"},\"image\":{\"@id\":\"https:\/\/kawasan.vn\/san-pham\/dieu-khien-phao-bom-khong-day-spc02\/#primaryimage\"},\"thumbnailUrl\":\"https:\/\/kawasan.vn\/wp-content\/uploads\/2024\/04\/SPC02-png-02.png\",\"datePublished\":\"2024-04-17T08:50:15+00:00\",\"dateModified\":\"2025-10-31T04:21:22+00:00\",\"description\":\"\u0110i\u1ec1u khi\u1ec3n phao b\u01a1m kh\u00f4ng d\u00e2y l\u00e0 m\u1ed9t gi\u1ea3i ph\u00e1p ti\u1ec7n l\u1ee3i v\u00e0 linh ho\u1ea1t cho vi\u1ec7c ki\u1ec3m so\u00e1t m\u1ee9c n\u01b0\u1edbc trong b\u1ec3 ch\u1ee9a, h\u1ed3 c\u00e1, ho\u1eb7c b\u1ea5t k\u1ef3 \u1ee9ng d\u1ee5ng n\u00e0o kh\u00e1c.\",\"breadcrumb\":{\"@id\":\"https:\/\/kawasan.vn\/san-pham\/dieu-khien-phao-bom-khong-day-spc02\/#breadcrumb\"},\"inLanguage\":\"en-US\",\"potentialAction\":[{\"@type\":\"ReadAction\",\"target\":[\"https:\/\/kawasan.vn\/san-pham\/dieu-khien-phao-bom-khong-day-spc02\/\"]}]},{\"@type\":\"ImageObject\",\"inLanguage\":\"en-US\",\"@id\":\"https:\/\/kawasan.vn\/san-pham\/dieu-khien-phao-bom-khong-day-spc02\/#primaryimage\",\"url\":\"https:\/\/kawasan.vn\/wp-content\/uploads\/2024\/04\/SPC02-png-02.png\",\"contentUrl\":\"https:\/\/kawasan.vn\/wp-content\/uploads\/2024\/04\/SPC02-png-02.png\",\"width\":2793,\"height\":3149},{\"@type\":\"BreadcrumbList\",\"@id\":\"https:\/\/kawasan.vn\/san-pham\/dieu-khien-phao-bom-khong-day-spc02\/#breadcrumb\",\"itemListElement\":[{\"@type\":\"ListItem\",\"position\":1,\"name\":\"Trang ch\u1ee7\",\"item\":\"https:\/\/kawasan.vn\/\"},{\"@type\":\"ListItem\",\"position\":2,\"name\":\"S\u1ea3n ph\u1ea9m\",\"item\":\"https:\/\/kawasan.vn\/san-pham\/\"},{\"@type\":\"ListItem\",\"position\":3,\"name\":\"\u0110i\u1ec1u Khi\u1ec3n Phao B\u01a1m Kh\u00f4ng D\u00e2y SPC02\"}]},{\"@type\":\"WebSite\",\"@id\":\"https:\/\/kawasan.vn\/#website\",\"url\":\"https:\/\/kawasan.vn\/\",\"name\":\"Kawasan\",\"description\":\"\",\"potentialAction\":[{\"@type\":\"SearchAction\",\"target\":{\"@type\":\"EntryPoint\",\"urlTemplate\":\"https:\/\/kawasan.vn\/?s={search_term_string}\"},\"query-input\":{\"@type\":\"PropertyValueSpecification\",\"valueRequired\":true,\"valueName\":\"search_term_string\"}}],\"inLanguage\":\"en-US\"}]}<\/script>\n<!-- \/ Yoast SEO Premium plugin. -->","yoast_head_json":{"title":"\u0110i\u1ec1u Khi\u1ec3n Phao B\u01a1m Kh\u00f4ng D\u00e2y SPC02 - Kawasan","description":"\u0110i\u1ec1u khi\u1ec3n phao b\u01a1m kh\u00f4ng d\u00e2y l\u00e0 m\u1ed9t gi\u1ea3i ph\u00e1p ti\u1ec7n l\u1ee3i v\u00e0 linh ho\u1ea1t cho vi\u1ec7c ki\u1ec3m so\u00e1t m\u1ee9c n\u01b0\u1edbc trong b\u1ec3 ch\u1ee9a, h\u1ed3 c\u00e1, ho\u1eb7c b\u1ea5t k\u1ef3 \u1ee9ng d\u1ee5ng n\u00e0o kh\u00e1c.","robots":{"index":"index","follow":"follow","max-snippet":"max-snippet:-1","max-image-preview":"max-image-preview:large","max-video-preview":"max-video-preview:-1"},"canonical":"https:\/\/kawasan.vn\/en\/product\/dieu-khien-phao-bom-khong-day-spc02\/","og_locale":"en_US","og_type":"article","og_title":"\u0110i\u1ec1u Khi\u1ec3n Phao B\u01a1m Kh\u00f4ng D\u00e2y SPC02","og_description":"\u0110i\u1ec1u khi\u1ec3n phao b\u01a1m kh\u00f4ng d\u00e2y l\u00e0 m\u1ed9t gi\u1ea3i ph\u00e1p ti\u1ec7n l\u1ee3i v\u00e0 linh ho\u1ea1t cho vi\u1ec7c ki\u1ec3m so\u00e1t m\u1ee9c n\u01b0\u1edbc trong b\u1ec3 ch\u1ee9a, h\u1ed3 c\u00e1, ho\u1eb7c b\u1ea5t k\u1ef3 \u1ee9ng d\u1ee5ng n\u00e0o kh\u00e1c.","og_url":"https:\/\/kawasan.vn\/en\/product\/dieu-khien-phao-bom-khong-day-spc02\/","og_site_name":"Kawasan","article_modified_time":"2025-10-31T04:21:22+00:00","og_image":[{"width":2793,"height":3149,"url":"https:\/\/kawasan.vn\/wp-content\/uploads\/2024\/04\/SPC02-png-02.png","type":"image\/png"}],"twitter_card":"summary_large_image","twitter_misc":{"Est. reading time":"2 minutes"},"schema":{"@context":"https:\/\/schema.org","@graph":[{"@type":"WebPage","@id":"https:\/\/kawasan.vn\/san-pham\/dieu-khien-phao-bom-khong-day-spc02\/","url":"https:\/\/kawasan.vn\/san-pham\/dieu-khien-phao-bom-khong-day-spc02\/","name":"\u0110i\u1ec1u Khi\u1ec3n Phao B\u01a1m Kh\u00f4ng D\u00e2y SPC02 - Kawasan","isPartOf":{"@id":"https:\/\/kawasan.vn\/#website"},"primaryImageOfPage":{"@id":"https:\/\/kawasan.vn\/san-pham\/dieu-khien-phao-bom-khong-day-spc02\/#primaryimage"},"image":{"@id":"https:\/\/kawasan.vn\/san-pham\/dieu-khien-phao-bom-khong-day-spc02\/#primaryimage"},"thumbnailUrl":"https:\/\/kawasan.vn\/wp-content\/uploads\/2024\/04\/SPC02-png-02.png","datePublished":"2024-04-17T08:50:15+00:00","dateModified":"2025-10-31T04:21:22+00:00","description":"\u0110i\u1ec1u khi\u1ec3n phao b\u01a1m kh\u00f4ng d\u00e2y l\u00e0 m\u1ed9t gi\u1ea3i ph\u00e1p ti\u1ec7n l\u1ee3i v\u00e0 linh ho\u1ea1t cho vi\u1ec7c ki\u1ec3m so\u00e1t m\u1ee9c n\u01b0\u1edbc trong b\u1ec3 ch\u1ee9a, h\u1ed3 c\u00e1, ho\u1eb7c b\u1ea5t k\u1ef3 \u1ee9ng d\u1ee5ng n\u00e0o kh\u00e1c.","breadcrumb":{"@id":"https:\/\/kawasan.vn\/san-pham\/dieu-khien-phao-bom-khong-day-spc02\/#breadcrumb"},"inLanguage":"en-US","potentialAction":[{"@type":"ReadAction","target":["https:\/\/kawasan.vn\/san-pham\/dieu-khien-phao-bom-khong-day-spc02\/"]}]},{"@type":"ImageObject","inLanguage":"en-US","@id":"https:\/\/kawasan.vn\/san-pham\/dieu-khien-phao-bom-khong-day-spc02\/#primaryimage","url":"https:\/\/kawasan.vn\/wp-content\/uploads\/2024\/04\/SPC02-png-02.png","contentUrl":"https:\/\/kawasan.vn\/wp-content\/uploads\/2024\/04\/SPC02-png-02.png","width":2793,"height":3149},{"@type":"BreadcrumbList","@id":"https:\/\/kawasan.vn\/san-pham\/dieu-khien-phao-bom-khong-day-spc02\/#breadcrumb","itemListElement":[{"@type":"ListItem","position":1,"name":"Trang ch\u1ee7","item":"https:\/\/kawasan.vn\/"},{"@type":"ListItem","position":2,"name":"S\u1ea3n ph\u1ea9m","item":"https:\/\/kawasan.vn\/san-pham\/"},{"@type":"ListItem","position":3,"name":"\u0110i\u1ec1u Khi\u1ec3n Phao B\u01a1m Kh\u00f4ng D\u00e2y SPC02"}]},{"@type":"WebSite","@id":"https:\/\/kawasan.vn\/#website","url":"https:\/\/kawasan.vn\/","name":"Kawasan","description":"","potentialAction":[{"@type":"SearchAction","target":{"@type":"EntryPoint","urlTemplate":"https:\/\/kawasan.vn\/?s={search_term_string}"},"query-input":{"@type":"PropertyValueSpecification","valueRequired":true,"valueName":"search_term_string"}}],"inLanguage":"en-US"}]}},"_links":{"self":[{"href":"https:\/\/kawasan.vn\/en\/wp-json\/wp\/v2\/product\/18999","targetHints":{"allow":["GET"]}}],"collection":[{"href":"https:\/\/kawasan.vn\/en\/wp-json\/wp\/v2\/product"}],"about":[{"href":"https:\/\/kawasan.vn\/en\/wp-json\/wp\/v2\/types\/product"}],"replies":[{"embeddable":true,"href":"https:\/\/kawasan.vn\/en\/wp-json\/wp\/v2\/comments?post=18999"}],"version-history":[{"count":6,"href":"https:\/\/kawasan.vn\/en\/wp-json\/wp\/v2\/product\/18999\/revisions"}],"predecessor-version":[{"id":26382,"href":"https:\/\/kawasan.vn\/en\/wp-json\/wp\/v2\/product\/18999\/revisions\/26382"}],"wp:featuredmedia":[{"embeddable":true,"href":"https:\/\/kawasan.vn\/en\/wp-json\/wp\/v2\/media\/19056"}],"wp:attachment":[{"href":"https:\/\/kawasan.vn\/en\/wp-json\/wp\/v2\/media?parent=18999"}],"wp:term":[{"taxonomy":"product_cat","embeddable":true,"href":"https:\/\/kawasan.vn\/en\/wp-json\/wp\/v2\/product_cat?post=18999"},{"taxonomy":"product_tag","embeddable":true,"href":"https:\/\/kawasan.vn\/en\/wp-json\/wp\/v2\/product_tag?post=18999"}],"curies":[{"name":"wp","href":"https:\/\/api.w.org\/{rel}","templated":true}]}}