{"id":18890,"date":"2024-04-16T09:15:41","date_gmt":"2024-04-16T02:15:41","guid":{"rendered":"https:\/\/kawasan.vn\/?post_type=product&#038;p=18890"},"modified":"2026-03-20T15:23:56","modified_gmt":"2026-03-20T08:23:56","slug":"thiet-bi-bao-trom-hong-ngoai-kw-i225cs-i226cs","status":"publish","type":"product","link":"https:\/\/kawasan.vn\/en\/product\/thiet-bi-bao-trom-hong-ngoai-kw-i225cs-i226cs\/","title":{"rendered":"Thi\u1ebft B\u1ecb B\u00e1o Tr\u1ed9m H\u1ed3ng Ngo\u1ea1i KW &#8211; i225CS\/i226CS"},"content":{"rendered":"<p><span style=\"font-size: 24px;\"><strong>N\u00caN L\u01af\u0323A CHO\u0323N THI\u00ca\u0301T BI\u0323 BA\u0301O TR\u00d4\u0323M NA\u0300O CHO GIA \u0110I\u0300NH?<br \/>\n<\/strong><\/span><\/p>\n<h3><strong>Ba\u0301o \u0111\u00f4\u0323ng \u0111\u00f4\u0323c l\u00e2\u0323p \u2013 Thi\u00ea\u0301t bi\u0323 ba\u0301o tr\u00f4\u0323m an toa\u0300n va\u0300 hi\u00ea\u0323u qu\u1ea3.<\/strong><\/h3>\n<p>Ta\u0323i n\u00ean s\u01b0\u0309 du\u0323ng thi\u00ea\u0301t bi\u0323 ba\u0301o tr\u00f4\u0323m cho gia \u0111i\u0300nh? Ti\u0309 l\u00ea\u0323 tr\u00f4\u0323m c\u0103\u0301p nga\u0300y nay chi\u0309 co\u0301 t\u0103ng \u2013 kh\u00f4ng co\u0301 gia\u0309m. Ti\u0309 l\u00ea\u0323 b\u0103\u0301t \u0111\u01b0\u01a1\u0323c tr\u00f4\u0323m va\u0300 ta\u0300i sa\u0309n quay v\u00ea\u0300 kh\u1ed5 ch\u1ee7 la\u0300 r\u00e2\u0301t th\u00e2\u0301p. Tr\u00f4\u0323m nga\u0300y ca\u0300ng manh \u0111\u1ed9ng h\u01a1n trong thu\u0309 \u0111oa\u0323n \u0111\u00f4\u0323t nh\u00e2\u0323p cu\u0309a mi\u0300nh. Ba\u0323n tin t\u01b0\u1edfng v\u00e0o \u00f4\u0309 kho\u0301a?. Ch\u1ec9 5 gi\u00e2y \u0111\u1ec3 k\u1ebb gian v\u00f4 hi\u1ec7u h\u00f3a v\u1edbi b\u1ed9 chi\u0300a kho\u0301a v\u1ea1n n\u0103ng !. Ba\u0323n y\u00ean t\u00e2m du\u0300ng camera gia\u0301m sa\u0301t, chu\u0301ng ho\u0301a trang tinh vi kh\u00f4ng th\u00ea\u0309 nh\u00e2\u0323n da\u0323ng. \u0110\u00ea\u0301n khi pha\u0301t hi\u00ea\u0323n, camera l\u00e0m b\u1ea1n th\u00eam bu\u1ed3n khi xem l\u1ea1i c\u1ea3nh ch\u00fang \u0111\u00e3 c\u1ea1y, ph\u00e1, v\u00e0 vui v\u1ebb c\u00f9ng t\u00e0i s\u1ea3n c\u1ee7a m\u00ecnh ra \u0111i.<\/p>\n<p><strong><span style=\"font-size: 24px;\">HI\u1ec2U \u0110\u01af\u1ee2C N\u1ed4I KH\u1ed4 V\u00c0 H\u1ea0N CH\u1ebe C\u1ee6A NH\u1eeeNG PH\u01af\u01a0NG \u00c1N AN NINH KH\u00c1C. KAWASAN \u0110\u01b0a Ra Gi\u1ea3i Ph\u00e1p B\u00c1O \u0110\u1ed8NG TH\u00d4NG MINH i225CS.<br \/>\n<\/span><\/strong><\/p>\n<p>\u0110\u00e2y l\u00e0 s\u1ea3n ph\u1ea9m b\u00e1o \u0111\u1ed9ng h\u1ed3ng ngo\u1ea1i, v\u1edbi 1 ch\u1ee9c n\u0103ng ho\u1ea1t \u0111\u1ed9ng <strong><a href=\"https:\/\/kawasan.com.vn\/san-pham.html\/thiet-bi-bao-dong.html\" target=\"_blank\" rel=\"noopener\">B\u00e1o tr\u1ed9m<\/a>. <\/strong>Nh\u1edd ph\u00e1t hi\u1ec7n s\u1ef1 chuy\u1ec3n \u0111\u1ed9ng, th\u00e2n nhi\u1ec7t c\u1ee7a con ng\u01b0\u1eddi khi \u0111i qua khu v\u1ef1c qu\u00e9t.<\/p>\n<p>V\u1edbi thi\u1ebft k\u1ebf m\u1edbi c\u1ea3i thi\u1ec7n \u00e2m l\u01b0\u1ee3ng c\u00f2i b\u00e1o ph\u00f9 h\u1ee3p. B\u00e1o \u0111\u1ed9ng \u00e2m thanh l\u1edbn 120dB, c\u00f3 th\u1ec3 ch\u1ecdn 1 \u00e2m b\u00e1o \u0111\u1ed9ng ho\u1eb7c 6 \u00e2m b\u00e1o, kho\u1ea3ng c\u00e1ch c\u1ea3m \u1ee9ng. Th\u1eddi gian duy tr\u00ec b\u00e1o \u0111\u1ed9ng c\u00f3 th\u1ec3 t\u00f9y ch\u1ec9nh b\u1eb1ng n\u00fat ch\u1ec9nh ti\u1ec7n l\u1ee3i.<\/p>\n<p><strong><span style=\"font-size: 24px;\">T\u1ea0I SAO N\u00caN D\u00d9NG BA\u0301O \u0110\u00d4\u0323NG I225CS?<\/span><br \/>\n<\/strong><\/p>\n<h3><strong>Ba\u0301o \u0111\u00f4\u0323ng \u0111\u00f4\u0323c l\u00e2\u0323p \u2013 Thi\u00ea\u0301t bi\u0323 ba\u0301o tr\u00f4\u0323m an toa\u0300n va\u0300 hi\u00ea\u0323u qu\u1ea3.<\/strong><\/h3>\n<p>T\u00ecnh h\u00ecnh tr\u1ed9m c\u1eafp v\u00e0o c\u00e1c d\u1ecbp cu\u1ed1i n\u0103m ho\u00e0nh h\u00e0nh kh\u1eafp n\u01a1i. Tr\u00ean c\u00e1c trang tin clip tr\u1ed9m c\u1eafp xu\u1ea5t hi\u1ec7n ng\u00e0y c\u00e0ng nhi\u1ec1u. T\u00ecnh hu\u1ed1ng tr\u1ed9m \u0111\u1ed9t nh\u1eadp r\u1ea5t nhanh, c\u1eafp r\u1ea5t g\u1ecdn gi\u1eefa ban ng\u00e0y \u0111\u01b0\u1ee3c camera ghi l\u1ea1i. Nh\u01b0ng ng\u01b0\u1eddi \u0111i \u0111\u01b0\u1eddng nh\u00ecn th\u1ea5y, h\u00e0ng x\u00f3m nh\u00ecn th\u1ea5y l\u1ea1i c\u1ee9 t\u01b0\u1edfng ng\u01b0\u1eddi quen c\u1ee7a gia \u0111\u00ecnh. Khi ph\u00e1t hi\u1ec7n th\u00ec qu\u00e1 mu\u1ed9n, t\u00e0i s\u1ea3n ra \u0111i gi\u1eefa s\u1ef1 b\u1ea5t ng\u1edd, th\u1edd \u01a1 c\u1ee7a nh\u1eefng ng\u01b0\u1eddi xung quanh. V\u00ec kh\u00f4ng c\u00f3 b\u1ea5t k\u1ef3 ph\u01b0\u01a1ng \u00e1n c\u1ea3nh b\u00e1o \u0111\u1ed9t nh\u1eadp n\u00e0o ng\u0103n h\u00e0nh vi c\u1ee7a k\u1ebb gian.<\/p>\n<p>Ba\u0301o \u0111\u00f4\u0323ng \u2013 ba\u0301o tr\u00f4\u0323m \u0111\u00f4\u0323c l\u00e2\u0323p d\u00f9ng c\u00f4ng ngh\u1ec7 c\u1ea3m \u1ee9ng h\u1ed3ng ngo\u1ea1i xu\u00e2\u0301t hi\u00ea\u0323n t\u01b0\u0300 l\u00e2u. Nh\u01b0ng ch\u01b0a \u0111\u01b0\u01a1\u0323c nhi\u00ea\u0300u ng\u01b0\u01a1\u0300i quan t\u00e2m, \u0111\u00e1nh gi\u00e1 k\u00e9m hi\u1ec7u qu\u1ea3. V\u00ec tr\u00ean th\u1ecb tr\u01b0\u1eddng c\u00f3 nh\u1eefng s\u1ea3n ph\u1ea9m t\u01b0\u01a1ng t\u1ef1 nh\u01b0ng ch\u1ea5t l\u01b0\u1ee3ng k\u00e9m, thi\u1ebfu nghi\u00ean c\u1ee9u d\u1eabn \u0111\u1ebfn s\u1ea3n ph\u1ea9m ch\u1ec9 t\u1eadp trung gi\u00e1 r\u1ebb. Ho\u1ea1t \u0111\u1ed9ng kh\u00f4ng nh\u01b0 mong mu\u1ed1n l\u00e0m ng\u01b0\u1eddi ti\u00eau d\u00f9ng kh\u00f4ng h\u00e0i l\u00f2ng.<\/p>\n<p>Kawasan la\u0300 m\u00f4\u0323t th\u01b0\u01a1ng hi\u00ea\u0323u cung c\u00e2\u0301p thi\u00ea\u0301t bi\u0323 ba\u0301o \u0111\u00f4\u0323ng th\u00f4ng minh, uy ti\u0301n nh\u00e2\u0301t thi\u0323 tr\u01b0\u01a1\u0300ng Vi\u1ec7t Nam t\u1eeb 15 n\u0103m qua. N\u00f4\u0309i b\u00e2\u0323t v\u01a1\u0301i c\u00e1c do\u0300ng sa\u0309n ph\u00e2\u0309m ba\u0301o \u0111\u00f4\u0323ng \u0111\u00f4\u0323c l\u00e2\u0323p co\u0301 thi\u00ea\u0301t k\u00ea\u0301 ca\u0309m \u01b0\u0301ng h\u00f4\u0300ng ngoa\u0323i v\u00e0 m\u00e3 s\u1ea3n ph\u1ea9m nh\u01b0: I225CS<\/p>\n<p><strong>\u0110\u1eb7c bi\u1ec7t thi\u1ebft b\u1ecb c\u00f3 ch\u1ee9c n\u0103ng c\u1ea3m bi\u1ebfn \u00e1nh s\u00e1ng. T\u1ef1 k\u00edch ho\u1ea1t khi tr\u1eddi t\u1ed1i v\u00e0 t\u1ef1 t\u1eaft khi tr\u1eddi s\u00e1ng.<\/strong><\/p>\n<figure id=\"attachment_18891\" aria-describedby=\"caption-attachment-18891\" style=\"width: 300px\" class=\"wp-caption aligncenter\"><img loading=\"lazy\" decoding=\"async\" class=\"wp-image-18891\" title=\"Thi\u1ebft b\u1ecb b\u00e1o tr\u1ed9m h\u1ed3ng ngo\u1ea1i KW - i225CS\/i226CS\" src=\"https:\/\/kawasan.vn\/wp-content\/uploads\/2024\/04\/Add-a-heading-4.png\" alt=\"Thi\u1ebft b\u1ecb b\u00e1o tr\u1ed9m h\u1ed3ng ngo\u1ea1i KW - i225CS\/i226CS\" width=\"300\" height=\"300\" \/><figcaption id=\"caption-attachment-18891\" class=\"wp-caption-text\">Thi\u1ebft b\u1ecb b\u00e1o tr\u1ed9m h\u1ed3ng ngo\u1ea1i KW &#8211; i225CS\/i226CS<\/figcaption><\/figure>\n<p style=\"text-align: center;\"><a href=\"https:\/\/kawasan.vn\/en\/product-category\/thiet-bi-bao-dong\/\"><strong>Danh Mu\u0323c Sa\u0309n Ph\u00e2\u0309m T\u01b0\u01a1ng T\u01b0\u0323<\/strong><\/a><\/p>","protected":false},"excerpt":{"rendered":"<p>N\u00caN L\u01af\u0323A CHO\u0323N THI\u00ca\u0301T BI\u0323 BA\u0301O TR\u00d4\u0323M NA\u0300O CHO GIA \u0110I\u0300NH? Ba\u0301o \u0111\u00f4\u0323ng \u0111\u00f4\u0323c l\u00e2\u0323p \u2013 Thi\u00ea\u0301t bi\u0323 ba\u0301o tr\u00f4\u0323m an toa\u0300n va\u0300 hi\u00ea\u0323u qu\u1ea3. Ta\u0323i n\u00ean s\u01b0\u0309 du\u0323ng thi\u00ea\u0301t bi\u0323 ba\u0301o tr\u00f4\u0323m cho gia \u0111i\u0300nh? Ti\u0309 l\u00ea\u0323 tr\u00f4\u0323m c\u0103\u0301p nga\u0300y nay chi\u0309 co\u0301 t\u0103ng \u2013 kh\u00f4ng co\u0301 gia\u0309m. Ti\u0309 l\u00ea\u0323 b\u0103\u0301t \u0111\u01b0\u01a1\u0323c tr\u00f4\u0323m va\u0300 [&hellip;]<\/p>","protected":false},"featured_media":18898,"comment_status":"open","ping_status":"closed","template":"","meta":{"_yoast_wpseo_focuskw":"b\u00e1o tr\u1ed9m h\u1ed3ng ngo\u1ea1i","_yoast_wpseo_metadesc":"Thi\u1ebft b\u1ecb b\u00e1o tr\u1ed9m h\u1ed3ng ngo\u1ea1i l\u00e0 m\u1ed9t lo\u1ea1i c\u1ea3m bi\u1ebfn \u0111\u01b0\u1ee3c s\u1eed d\u1ee5ng trong h\u1ec7 th\u1ed1ng b\u1ea3o m\u1eadt \u0111\u1ec3 ph\u00e1t hi\u1ec7n s\u1ef1 x\u00e2m nh\u1eadp b\u1eb1ng c\u00e1ch s\u1eed d\u1ee5ng s\u00f3ng h\u1ed3ng ngo\u1ea1i.","_yoast_wpseo_focuskeywords":"","_yoast_wpseo_keyword_synonyms":""},"product_cat":[501,45],"product_tag":[1346,843,1328,911,912,913,905,1348,1339,1342,1341,1326,1340,1347,1322,1344,1325,1345,1335,613,1324,1334,1333,1321,1336,621,1317,1318,1327,548,842,844,967,1323,1320,1329,1330,1343,1332,1319,1331],"class_list":["post-18890","product","type-product","status-publish","has-post-thumbnail","hentry","product_cat-bao-dong-chong-trom","product_cat-phu-kien-bao-dong","product_tag-bao-chong-trom-hong-ngoai","product_tag-bao-trom-hong-ngoai","product_tag-bao-trom-qua-dien-thoai","product_tag-bo-bao-trom-hong-ngoai","product_tag-bo-bao-trom-kawasan","product_tag-bo-bao-trom-thom-minh","product_tag-bo-chong-trom","product_tag-cam-bien-bao-trom","product_tag-cam-bien-chong-trom","product_tag-cam-bien-chong-trom-hong-ngoai","product_tag-cam-bien-hong-ngoai-chong-trom","product_tag-camera-chong-trom-bao-qua-dien-thoai","product_tag-chong-trom-hong-ngoai","product_tag-chuong-bao-chong-trom-hong-ngoai","product_tag-chuong-bao-dong-chong-trom","product_tag-chuong-bao-trom-hong-ngoai","product_tag-chuong-chong-trom-gan-cua-thong-minh","product_tag-chuong-chong-trom-hong-ngoai","product_tag-coi-hu-bao-trom-220v","product_tag-hang-rao-chong-trom","product_tag-hang-rao-chong-trom-hieu-qua","product_tag-he-thong-bao-dong-chong-trom","product_tag-he-thong-bao-trom","product_tag-he-thong-chong-trom","product_tag-he-thong-chong-trom-gia-dinh","product_tag-kawasan","product_tag-lap-dat-bao-trom-bao-dong","product_tag-lap-dat-thiet-bi-chong-trom","product_tag-may-chong-trom","product_tag-thiet-bi-bao-dong-chong-trom","product_tag-thiet-bi-bao-trom","product_tag-thiet-bi-bao-trom-hong-ngoai","product_tag-thiet-bi-chong-trom","product_tag-thiet-bi-chong-trom-bao-qua-dien-thoai","product_tag-thiet-bi-chong-trom-gan-cua","product_tag-thiet-bi-chong-trom-gia-dinh","product_tag-thiet-bi-chong-trom-hong-ngoai","product_tag-thiet-bi-chong-trom-hong-ngoai-khong-day","product_tag-thiet-bi-chong-trom-hong-ngoai-ngoai-troi","product_tag-thiet-bi-chong-trom-ngoai-troi","product_tag-thiet-bi-chong-trom-thong-minh"],"acf":[],"yoast_head":"<!-- This site is optimized with the Yoast SEO Premium plugin v24.9 (Yoast SEO v24.9) - https:\/\/yoast.com\/wordpress\/plugins\/seo\/ -->\n<title>Thi\u1ebft B\u1ecb B\u00e1o Tr\u1ed9m H\u1ed3ng Ngo\u1ea1i KW - i225CS\/i226CS - Kawasan<\/title>\n<meta name=\"description\" content=\"Thi\u1ebft b\u1ecb b\u00e1o tr\u1ed9m h\u1ed3ng ngo\u1ea1i l\u00e0 m\u1ed9t lo\u1ea1i c\u1ea3m bi\u1ebfn \u0111\u01b0\u1ee3c s\u1eed d\u1ee5ng trong h\u1ec7 th\u1ed1ng b\u1ea3o m\u1eadt \u0111\u1ec3 ph\u00e1t hi\u1ec7n s\u1ef1 x\u00e2m nh\u1eadp b\u1eb1ng c\u00e1ch s\u1eed d\u1ee5ng s\u00f3ng h\u1ed3ng ngo\u1ea1i.\" \/>\n<meta name=\"robots\" content=\"index, follow, max-snippet:-1, max-image-preview:large, max-video-preview:-1\" \/>\n<link rel=\"canonical\" href=\"https:\/\/kawasan.vn\/en\/product\/thiet-bi-bao-trom-hong-ngoai-kw-i225cs-i226cs\/\" \/>\n<meta property=\"og:locale\" content=\"en_US\" \/>\n<meta property=\"og:type\" content=\"article\" \/>\n<meta property=\"og:title\" content=\"Thi\u1ebft B\u1ecb B\u00e1o Tr\u1ed9m H\u1ed3ng Ngo\u1ea1i KW - i225CS\/i226CS\" \/>\n<meta property=\"og:description\" content=\"Thi\u1ebft b\u1ecb b\u00e1o tr\u1ed9m h\u1ed3ng ngo\u1ea1i l\u00e0 m\u1ed9t lo\u1ea1i c\u1ea3m bi\u1ebfn \u0111\u01b0\u1ee3c s\u1eed d\u1ee5ng trong h\u1ec7 th\u1ed1ng b\u1ea3o m\u1eadt \u0111\u1ec3 ph\u00e1t hi\u1ec7n s\u1ef1 x\u00e2m nh\u1eadp b\u1eb1ng c\u00e1ch s\u1eed d\u1ee5ng s\u00f3ng h\u1ed3ng ngo\u1ea1i.\" \/>\n<meta property=\"og:url\" content=\"https:\/\/kawasan.vn\/en\/product\/thiet-bi-bao-trom-hong-ngoai-kw-i225cs-i226cs\/\" \/>\n<meta property=\"og:site_name\" content=\"Kawasan\" \/>\n<meta property=\"article:modified_time\" content=\"2026-03-20T08:23:56+00:00\" \/>\n<meta property=\"og:image\" content=\"https:\/\/kawasan.vn\/wp-content\/uploads\/2024\/04\/Add-a-heading-5.png\" \/>\n\t<meta property=\"og:image:width\" content=\"600\" \/>\n\t<meta property=\"og:image:height\" content=\"600\" \/>\n\t<meta property=\"og:image:type\" content=\"image\/png\" \/>\n<meta name=\"twitter:card\" content=\"summary_large_image\" \/>\n<meta name=\"twitter:label1\" content=\"Est. reading time\" \/>\n\t<meta name=\"twitter:data1\" content=\"4 minutes\" \/>\n<script type=\"application\/ld+json\" class=\"yoast-schema-graph\">{\"@context\":\"https:\/\/schema.org\",\"@graph\":[{\"@type\":\"WebPage\",\"@id\":\"https:\/\/kawasan.vn\/san-pham\/thiet-bi-bao-trom-hong-ngoai-kw-i225cs-i226cs\/\",\"url\":\"https:\/\/kawasan.vn\/san-pham\/thiet-bi-bao-trom-hong-ngoai-kw-i225cs-i226cs\/\",\"name\":\"Thi\u1ebft B\u1ecb B\u00e1o Tr\u1ed9m H\u1ed3ng Ngo\u1ea1i KW - i225CS\/i226CS - Kawasan\",\"isPartOf\":{\"@id\":\"https:\/\/kawasan.vn\/#website\"},\"primaryImageOfPage\":{\"@id\":\"https:\/\/kawasan.vn\/san-pham\/thiet-bi-bao-trom-hong-ngoai-kw-i225cs-i226cs\/#primaryimage\"},\"image\":{\"@id\":\"https:\/\/kawasan.vn\/san-pham\/thiet-bi-bao-trom-hong-ngoai-kw-i225cs-i226cs\/#primaryimage\"},\"thumbnailUrl\":\"https:\/\/kawasan.vn\/wp-content\/uploads\/2024\/04\/Add-a-heading-5.png\",\"datePublished\":\"2024-04-16T02:15:41+00:00\",\"dateModified\":\"2026-03-20T08:23:56+00:00\",\"description\":\"Thi\u1ebft b\u1ecb b\u00e1o tr\u1ed9m h\u1ed3ng ngo\u1ea1i l\u00e0 m\u1ed9t lo\u1ea1i c\u1ea3m bi\u1ebfn \u0111\u01b0\u1ee3c s\u1eed d\u1ee5ng trong h\u1ec7 th\u1ed1ng b\u1ea3o m\u1eadt \u0111\u1ec3 ph\u00e1t hi\u1ec7n s\u1ef1 x\u00e2m nh\u1eadp b\u1eb1ng c\u00e1ch s\u1eed d\u1ee5ng s\u00f3ng h\u1ed3ng ngo\u1ea1i.\",\"breadcrumb\":{\"@id\":\"https:\/\/kawasan.vn\/san-pham\/thiet-bi-bao-trom-hong-ngoai-kw-i225cs-i226cs\/#breadcrumb\"},\"inLanguage\":\"en-US\",\"potentialAction\":[{\"@type\":\"ReadAction\",\"target\":[\"https:\/\/kawasan.vn\/san-pham\/thiet-bi-bao-trom-hong-ngoai-kw-i225cs-i226cs\/\"]}]},{\"@type\":\"ImageObject\",\"inLanguage\":\"en-US\",\"@id\":\"https:\/\/kawasan.vn\/san-pham\/thiet-bi-bao-trom-hong-ngoai-kw-i225cs-i226cs\/#primaryimage\",\"url\":\"https:\/\/kawasan.vn\/wp-content\/uploads\/2024\/04\/Add-a-heading-5.png\",\"contentUrl\":\"https:\/\/kawasan.vn\/wp-content\/uploads\/2024\/04\/Add-a-heading-5.png\",\"width\":600,\"height\":600},{\"@type\":\"BreadcrumbList\",\"@id\":\"https:\/\/kawasan.vn\/san-pham\/thiet-bi-bao-trom-hong-ngoai-kw-i225cs-i226cs\/#breadcrumb\",\"itemListElement\":[{\"@type\":\"ListItem\",\"position\":1,\"name\":\"Trang ch\u1ee7\",\"item\":\"https:\/\/kawasan.vn\/\"},{\"@type\":\"ListItem\",\"position\":2,\"name\":\"S\u1ea3n ph\u1ea9m\",\"item\":\"https:\/\/kawasan.vn\/san-pham\/\"},{\"@type\":\"ListItem\",\"position\":3,\"name\":\"Thi\u1ebft B\u1ecb B\u00e1o Tr\u1ed9m H\u1ed3ng Ngo\u1ea1i KW &#8211; i225CS\/i226CS\"}]},{\"@type\":\"WebSite\",\"@id\":\"https:\/\/kawasan.vn\/#website\",\"url\":\"https:\/\/kawasan.vn\/\",\"name\":\"Kawasan\",\"description\":\"\",\"potentialAction\":[{\"@type\":\"SearchAction\",\"target\":{\"@type\":\"EntryPoint\",\"urlTemplate\":\"https:\/\/kawasan.vn\/?s={search_term_string}\"},\"query-input\":{\"@type\":\"PropertyValueSpecification\",\"valueRequired\":true,\"valueName\":\"search_term_string\"}}],\"inLanguage\":\"en-US\"}]}<\/script>\n<!-- \/ Yoast SEO Premium plugin. -->","yoast_head_json":{"title":"Thi\u1ebft B\u1ecb B\u00e1o Tr\u1ed9m H\u1ed3ng Ngo\u1ea1i KW - i225CS\/i226CS - Kawasan","description":"Thi\u1ebft b\u1ecb b\u00e1o tr\u1ed9m h\u1ed3ng ngo\u1ea1i l\u00e0 m\u1ed9t lo\u1ea1i c\u1ea3m bi\u1ebfn \u0111\u01b0\u1ee3c s\u1eed d\u1ee5ng trong h\u1ec7 th\u1ed1ng b\u1ea3o m\u1eadt \u0111\u1ec3 ph\u00e1t hi\u1ec7n s\u1ef1 x\u00e2m nh\u1eadp b\u1eb1ng c\u00e1ch s\u1eed d\u1ee5ng s\u00f3ng h\u1ed3ng ngo\u1ea1i.","robots":{"index":"index","follow":"follow","max-snippet":"max-snippet:-1","max-image-preview":"max-image-preview:large","max-video-preview":"max-video-preview:-1"},"canonical":"https:\/\/kawasan.vn\/en\/product\/thiet-bi-bao-trom-hong-ngoai-kw-i225cs-i226cs\/","og_locale":"en_US","og_type":"article","og_title":"Thi\u1ebft B\u1ecb B\u00e1o Tr\u1ed9m H\u1ed3ng Ngo\u1ea1i KW - i225CS\/i226CS","og_description":"Thi\u1ebft b\u1ecb b\u00e1o tr\u1ed9m h\u1ed3ng ngo\u1ea1i l\u00e0 m\u1ed9t lo\u1ea1i c\u1ea3m bi\u1ebfn \u0111\u01b0\u1ee3c s\u1eed d\u1ee5ng trong h\u1ec7 th\u1ed1ng b\u1ea3o m\u1eadt \u0111\u1ec3 ph\u00e1t hi\u1ec7n s\u1ef1 x\u00e2m nh\u1eadp b\u1eb1ng c\u00e1ch s\u1eed d\u1ee5ng s\u00f3ng h\u1ed3ng ngo\u1ea1i.","og_url":"https:\/\/kawasan.vn\/en\/product\/thiet-bi-bao-trom-hong-ngoai-kw-i225cs-i226cs\/","og_site_name":"Kawasan","article_modified_time":"2026-03-20T08:23:56+00:00","og_image":[{"width":600,"height":600,"url":"https:\/\/kawasan.vn\/wp-content\/uploads\/2024\/04\/Add-a-heading-5.png","type":"image\/png"}],"twitter_card":"summary_large_image","twitter_misc":{"Est. reading time":"4 minutes"},"schema":{"@context":"https:\/\/schema.org","@graph":[{"@type":"WebPage","@id":"https:\/\/kawasan.vn\/san-pham\/thiet-bi-bao-trom-hong-ngoai-kw-i225cs-i226cs\/","url":"https:\/\/kawasan.vn\/san-pham\/thiet-bi-bao-trom-hong-ngoai-kw-i225cs-i226cs\/","name":"Thi\u1ebft B\u1ecb B\u00e1o Tr\u1ed9m H\u1ed3ng Ngo\u1ea1i KW - i225CS\/i226CS - Kawasan","isPartOf":{"@id":"https:\/\/kawasan.vn\/#website"},"primaryImageOfPage":{"@id":"https:\/\/kawasan.vn\/san-pham\/thiet-bi-bao-trom-hong-ngoai-kw-i225cs-i226cs\/#primaryimage"},"image":{"@id":"https:\/\/kawasan.vn\/san-pham\/thiet-bi-bao-trom-hong-ngoai-kw-i225cs-i226cs\/#primaryimage"},"thumbnailUrl":"https:\/\/kawasan.vn\/wp-content\/uploads\/2024\/04\/Add-a-heading-5.png","datePublished":"2024-04-16T02:15:41+00:00","dateModified":"2026-03-20T08:23:56+00:00","description":"Thi\u1ebft b\u1ecb b\u00e1o tr\u1ed9m h\u1ed3ng ngo\u1ea1i l\u00e0 m\u1ed9t lo\u1ea1i c\u1ea3m bi\u1ebfn \u0111\u01b0\u1ee3c s\u1eed d\u1ee5ng trong h\u1ec7 th\u1ed1ng b\u1ea3o m\u1eadt \u0111\u1ec3 ph\u00e1t hi\u1ec7n s\u1ef1 x\u00e2m nh\u1eadp b\u1eb1ng c\u00e1ch s\u1eed d\u1ee5ng s\u00f3ng h\u1ed3ng ngo\u1ea1i.","breadcrumb":{"@id":"https:\/\/kawasan.vn\/san-pham\/thiet-bi-bao-trom-hong-ngoai-kw-i225cs-i226cs\/#breadcrumb"},"inLanguage":"en-US","potentialAction":[{"@type":"ReadAction","target":["https:\/\/kawasan.vn\/san-pham\/thiet-bi-bao-trom-hong-ngoai-kw-i225cs-i226cs\/"]}]},{"@type":"ImageObject","inLanguage":"en-US","@id":"https:\/\/kawasan.vn\/san-pham\/thiet-bi-bao-trom-hong-ngoai-kw-i225cs-i226cs\/#primaryimage","url":"https:\/\/kawasan.vn\/wp-content\/uploads\/2024\/04\/Add-a-heading-5.png","contentUrl":"https:\/\/kawasan.vn\/wp-content\/uploads\/2024\/04\/Add-a-heading-5.png","width":600,"height":600},{"@type":"BreadcrumbList","@id":"https:\/\/kawasan.vn\/san-pham\/thiet-bi-bao-trom-hong-ngoai-kw-i225cs-i226cs\/#breadcrumb","itemListElement":[{"@type":"ListItem","position":1,"name":"Trang ch\u1ee7","item":"https:\/\/kawasan.vn\/"},{"@type":"ListItem","position":2,"name":"S\u1ea3n ph\u1ea9m","item":"https:\/\/kawasan.vn\/san-pham\/"},{"@type":"ListItem","position":3,"name":"Thi\u1ebft B\u1ecb B\u00e1o Tr\u1ed9m H\u1ed3ng Ngo\u1ea1i KW &#8211; i225CS\/i226CS"}]},{"@type":"WebSite","@id":"https:\/\/kawasan.vn\/#website","url":"https:\/\/kawasan.vn\/","name":"Kawasan","description":"","potentialAction":[{"@type":"SearchAction","target":{"@type":"EntryPoint","urlTemplate":"https:\/\/kawasan.vn\/?s={search_term_string}"},"query-input":{"@type":"PropertyValueSpecification","valueRequired":true,"valueName":"search_term_string"}}],"inLanguage":"en-US"}]}},"_links":{"self":[{"href":"https:\/\/kawasan.vn\/en\/wp-json\/wp\/v2\/product\/18890","targetHints":{"allow":["GET"]}}],"collection":[{"href":"https:\/\/kawasan.vn\/en\/wp-json\/wp\/v2\/product"}],"about":[{"href":"https:\/\/kawasan.vn\/en\/wp-json\/wp\/v2\/types\/product"}],"replies":[{"embeddable":true,"href":"https:\/\/kawasan.vn\/en\/wp-json\/wp\/v2\/comments?post=18890"}],"version-history":[{"count":11,"href":"https:\/\/kawasan.vn\/en\/wp-json\/wp\/v2\/product\/18890\/revisions"}],"predecessor-version":[{"id":22134,"href":"https:\/\/kawasan.vn\/en\/wp-json\/wp\/v2\/product\/18890\/revisions\/22134"}],"wp:featuredmedia":[{"embeddable":true,"href":"https:\/\/kawasan.vn\/en\/wp-json\/wp\/v2\/media\/18898"}],"wp:attachment":[{"href":"https:\/\/kawasan.vn\/en\/wp-json\/wp\/v2\/media?parent=18890"}],"wp:term":[{"taxonomy":"product_cat","embeddable":true,"href":"https:\/\/kawasan.vn\/en\/wp-json\/wp\/v2\/product_cat?post=18890"},{"taxonomy":"product_tag","embeddable":true,"href":"https:\/\/kawasan.vn\/en\/wp-json\/wp\/v2\/product_tag?post=18890"}],"curies":[{"name":"wp","href":"https:\/\/api.w.org\/{rel}","templated":true}]}}