{"id":18834,"date":"2024-04-15T11:17:46","date_gmt":"2024-04-15T04:17:46","guid":{"rendered":"https:\/\/kawasan.vn\/?post_type=product&#038;p=18834"},"modified":"2025-12-08T16:05:46","modified_gmt":"2025-12-08T09:05:46","slug":"thiet-bi-coi-bao-dong-dieu-khien-tu-xa-12v-al03","status":"publish","type":"product","link":"https:\/\/kawasan.vn\/en\/product\/thiet-bi-coi-bao-dong-dieu-khien-tu-xa-12v-al03\/","title":{"rendered":"C\u00f2i B\u00e1o \u0110\u1ed9ng 12V AL03A \u2013 T\u00f9y Ch\u1ec9nh \u00c2m L\u01b0\u1ee3ng, C\u1ea3nh B\u00e1o Linh Ho\u1ea1t Cho M\u1ecdi Kh\u00f4ng Gian"},"content":{"rendered":"<p>Trong c\u00e1c h\u1ec7 th\u1ed1ng an ninh hi\u1ec7n \u0111\u1ea1i, thi\u1ebft b\u1ecb c\u1ea3nh b\u00e1o \u0111\u00f3ng vai tr\u00f2 then ch\u1ed1t gi\u00fap ph\u00e1t hi\u1ec7n v\u00e0 ph\u1ea3n \u1ee9ng nhanh tr\u01b0\u1edbc c\u00e1c t\u00ecnh hu\u1ed1ng b\u1ea5t th\u01b0\u1eddng. N\u1ed5i b\u1eadt trong ph\u00e2n kh\u00fac c\u00f2i b\u00e1o \u0111\u1ed9ng hi\u1ec7n nay, **AL03A** l\u00e0 l\u1ef1a ch\u1ecdn l\u00fd t\u01b0\u1edfng nh\u1edd kh\u1ea3 n\u0103ng **t\u00f9y ch\u1ec9nh \u00e2m l\u01b0\u1ee3ng linh ho\u1ea1t** \u2013 m\u1ed9t t\u00ednh n\u0103ng m\u00e0 h\u1ea7u h\u1ebft c\u00e1c s\u1ea3n ph\u1ea9m kh\u00e1c tr\u00ean th\u1ecb tr\u01b0\u1eddng ch\u01b0a c\u00f3.<\/p>\n<h2><img loading=\"lazy\" decoding=\"async\" class=\"aligncenter wp-image-20180\" style=\"font-size: 16px; font-weight: 400; text-align: center;\" title=\"C\u00f2i b\u00e1o \u0111\u1ed9ng \u0111i\u1ec1u khi\u1ec3n t\u1eeb xa 12V\" src=\"https:\/\/kawasan.vn\/wp-content\/uploads\/2024\/04\/AL03A-800x800px-2.png\" alt=\"\" width=\"300\" height=\"300\" \/><\/h2>\n<h2><span class=\"ez-toc-section\" id=\"Tinh_nang_noi_bat_cua_AL03A\"><\/span>T\u00ednh n\u0103ng n\u1ed5i b\u1eadt c\u1ee7a AL03A:<span class=\"ez-toc-section-end\"><\/span><\/h2><div id=\"ez-toc-container\" class=\"ez-toc-v2_0_69_1 counter-hierarchy ez-toc-counter ez-toc-grey ez-toc-container-direction\">\n<div class=\"ez-toc-title-container\">\n<p class=\"ez-toc-title\" >N\u1ed9i Dung B&agrave;i Vi\u1ebft<\/p>\n<span class=\"ez-toc-title-toggle\"><a href=\"#\" class=\"ez-toc-pull-right ez-toc-btn ez-toc-btn-xs ez-toc-btn-default ez-toc-toggle\" aria-label=\"Toggle Table of Content\"><span class=\"ez-toc-js-icon-con\"><span class=\"\"><span class=\"eztoc-hide\" style=\"display:none;\">Toggle<\/span><span class=\"ez-toc-icon-toggle-span\"><svg style=\"fill: #999;color:#999\" xmlns=\"http:\/\/www.w3.org\/2000\/svg\" class=\"list-377408\" width=\"20px\" height=\"20px\" viewbox=\"0 0 24 24\" fill=\"none\"><path d=\"M6 6H4v2h2V6zm14 0H8v2h12V6zM4 11h2v2H4v-2zm16 0H8v2h12v-2zM4 16h2v2H4v-2zm16 0H8v2h12v-2z\" fill=\"currentColor\"><\/path><\/svg><svg style=\"fill: #999;color:#999\" class=\"arrow-unsorted-368013\" xmlns=\"http:\/\/www.w3.org\/2000\/svg\" width=\"10px\" height=\"10px\" viewbox=\"0 0 24 24\" version=\"1.2\" baseprofile=\"tiny\"><path d=\"M18.2 9.3l-6.2-6.3-6.2 6.3c-.2.2-.3.4-.3.7s.1.5.3.7c.2.2.4.3.7.3h11c.3 0 .5-.1.7-.3.2-.2.3-.5.3-.7s-.1-.5-.3-.7zM5.8 14.7l6.2 6.3 6.2-6.3c.2-.2.3-.5.3-.7s-.1-.5-.3-.7c-.2-.2-.4-.3-.7-.3h-11c-.3 0-.5.1-.7.3-.2.2-.3.5-.3.7s.1.5.3.7z\"\/><\/svg><\/span><\/span><\/span><\/a><\/span><\/div>\n<nav><ul class='ez-toc-list ez-toc-list-level-1 eztoc-toggle-hide-by-default' ><li class='ez-toc-page-1 ez-toc-heading-level-2'><a class=\"ez-toc-link ez-toc-heading-1\" href=\"https:\/\/kawasan.vn\/en\/product\/thiet-bi-coi-bao-dong-dieu-khien-tu-xa-12v-al03\/#Tinh_nang_noi_bat_cua_AL03A\" title=\"T\u00ednh n\u0103ng n\u1ed5i b\u1eadt c\u1ee7a AL03A:\">T\u00ednh n\u0103ng n\u1ed5i b\u1eadt c\u1ee7a AL03A:<\/a><\/li><li class='ez-toc-page-1 ez-toc-heading-level-2'><a class=\"ez-toc-link ez-toc-heading-2\" href=\"https:\/\/kawasan.vn\/en\/product\/thiet-bi-coi-bao-dong-dieu-khien-tu-xa-12v-al03\/#AL03A_%E2%80%93_Giai_phap_canh_bao_thong_minh_linh_hoat_va_hieu_qua\" title=\"AL03A \u2013 Gi\u1ea3i ph\u00e1p c\u1ea3nh b\u00e1o th\u00f4ng minh, linh ho\u1ea1t v\u00e0 hi\u1ec7u qu\u1ea3\">AL03A \u2013 Gi\u1ea3i ph\u00e1p c\u1ea3nh b\u00e1o th\u00f4ng minh, linh ho\u1ea1t v\u00e0 hi\u1ec7u qu\u1ea3<\/a><\/li><li class='ez-toc-page-1 ez-toc-heading-level-2'><a class=\"ez-toc-link ez-toc-heading-3\" href=\"https:\/\/kawasan.vn\/en\/product\/thiet-bi-coi-bao-dong-dieu-khien-tu-xa-12v-al03\/#Ket_luan\" title=\"K\u1ebft lu\u1eadn:\">K\u1ebft lu\u1eadn:<\/a><\/li><\/ul><\/nav><\/div>\n\n<ul>\n<li>T\u00f9y ch\u1ec9nh \u00e2m l\u01b0\u1ee3ng t\u1eeb 1dB \u0111\u1ebfn 120dB** \u2013 \u0110\u00e2y l\u00e0 **c\u00f2i b\u00e1o \u0111\u1ed9ng 12V \u0111\u1ea7u ti\u00ean tr\u00ean th\u1ecb tr\u01b0\u1eddng** cho ph\u00e9p \u0111i\u1ec1u ch\u1ec9nh \u00e2m l\u01b0\u1ee3ng theo nhu c\u1ea7u th\u1ef1c t\u1ebf. D\u00f9 s\u1eed d\u1ee5ng trong kh\u00f4ng gian y\u00ean t\u0129nh nh\u01b0 ph\u00f2ng ng\u1ee7 hay m\u00f4i tr\u01b0\u1eddng \u1ed3n \u00e0o nh\u01b0 nh\u00e0 x\u01b0\u1edfng, AL03A \u0111\u1ec1u \u0111\u00e1p \u1ee9ng t\u1ed1t.<\/li>\n<li>K\u1ebft n\u1ed1i \u0111a d\u1ea1ng, d\u1ec5 d\u00e0ng** \u2013 AL03A t\u01b0\u01a1ng th\u00edch v\u1edbi c\u00e1c **n\u00fat nh\u1ea5n b\u00e1o \u0111\u1ed9ng, b\u00e1o kh\u1ea9n c\u00f3 d\u00e2y**, c\u0169ng nh\u01b0 **thi\u1ebft b\u1ecb b\u00e1o \u0111\u1ed9ng trung t\u00e2m c\u00f3 ti\u1ebfp \u0111i\u1ec3m NO (Normal Open)**. Ch\u1ec9 c\u1ea7n m\u1ed9t t\u00edn hi\u1ec7u k\u00edch ho\u1ea1t, c\u00f2i s\u1ebd l\u1eadp t\u1ee9c ph\u00e1t \u00e2m thanh c\u1ea3nh b\u00e1o m\u1ea1nh m\u1ebd.<\/li>\n<li>Thi\u1ebft k\u1ebf nh\u1ecf g\u1ecdn, l\u1eafp \u0111\u1eb7t linh ho\u1ea1t** \u2013 D\u1ec5 d\u00e0ng g\u1eafn t\u1ea1i nhi\u1ec1u v\u1ecb tr\u00ed nh\u01b0 c\u1eeda ra v\u00e0o, h\u00e0nh lang, t\u01b0\u1eddng nh\u00e0, tr\u1ea7n v\u0103n ph\u00f2ng, kho h\u00e0ng ho\u1eb7c trong c\u00e1c h\u1ec7 th\u1ed1ng an ninh quy m\u00f4 l\u1edbn.<\/li>\n<li>Ho\u1ea1t \u0111\u1ed9ng \u1ed5n \u0111\u1ecbnh, \u00e2m thanh r\u00f5 r\u00e0ng, ph\u1ea3n \u1ee9ng nhanh** \u2013 AL03A \u0111\u1ea3m b\u1ea3o c\u1ea3nh b\u00e1o k\u1ecbp th\u1eddi khi c\u00f3 s\u1ef1 c\u1ed1, g\u00f3p ph\u1ea7n t\u0103ng c\u01b0\u1eddng m\u1ee9c \u0111\u1ed9 an to\u00e0n cho t\u00e0i s\u1ea3n v\u00e0 con ng\u01b0\u1eddi.<\/li>\n<\/ul>\n<h2><span class=\"ez-toc-section\" id=\"AL03A_%E2%80%93_Giai_phap_canh_bao_thong_minh_linh_hoat_va_hieu_qua\"><\/span>AL03A \u2013 Gi\u1ea3i ph\u00e1p c\u1ea3nh b\u00e1o th\u00f4ng minh, linh ho\u1ea1t v\u00e0 hi\u1ec7u qu\u1ea3<span class=\"ez-toc-section-end\"><\/span><\/h2>\n<p>V\u1edbi thi\u1ebft k\u1ebf \u01b0u vi\u1ec7t, t\u00ednh n\u0103ng n\u1ed5i b\u1eadt v\u00e0 kh\u1ea3 n\u0103ng t\u01b0\u01a1ng th\u00edch cao, **c\u00f2i b\u00e1o \u0111\u1ed9ng AL03A** l\u00e0 l\u1ef1a ch\u1ecdn l\u00fd t\u01b0\u1edfng cho gia \u0111\u00ecnh, v\u0103n ph\u00f2ng, c\u1eeda h\u00e0ng, nh\u00e0 kho hay nh\u00e0 m\u00e1y. \u0110\u1eb7c bi\u1ec7t, t\u00ednh n\u0103ng **t\u00f9y ch\u1ec9nh \u00e2m l\u01b0\u1ee3ng duy nh\u1ea5t tr\u00ean th\u1ecb tr\u01b0\u1eddng** gi\u00fap AL03A \u0111\u00e1p \u1ee9ng t\u1ed1t m\u1ecdi y\u00eau c\u1ea7u t\u1eeb c\u01a1 b\u1ea3n \u0111\u1ebfn chuy\u00ean nghi\u1ec7p.<\/p>\n<figure id=\"attachment_26052\" aria-describedby=\"caption-attachment-26052\" style=\"width: 506px\" class=\"wp-caption aligncenter\"><img loading=\"lazy\" decoding=\"async\" class=\"wp-image-26052\" src=\"https:\/\/kawasan.vn\/wp-content\/uploads\/2024\/04\/TRUNG-TAM-BAO-TROM-BAO-KHOI-THONG-MINH-1.png\" alt=\"Nh\u00e0 kho, b\u00e1o \u0111\u1ed9ng x\u1eed l\u00fd k\u1ecbp th\u1eddi\" width=\"506\" height=\"506\" \/><figcaption id=\"caption-attachment-26052\" class=\"wp-caption-text\">Nh\u00e0 kho, b\u00e1o \u0111\u1ed9ng x\u1eed l\u00fd k\u1ecbp th\u1eddi<\/figcaption><\/figure>\n<figure id=\"attachment_26042\" aria-describedby=\"caption-attachment-26042\" style=\"width: 530px\" class=\"wp-caption aligncenter\"><img loading=\"lazy\" decoding=\"async\" class=\"wp-image-26042\" src=\"https:\/\/kawasan.vn\/wp-content\/uploads\/2024\/04\/ANG-DO.png\" alt=\"\" width=\"530\" height=\"298\" \/><figcaption id=\"caption-attachment-26042\" class=\"wp-caption-text\">C\u00e1c c\u1eeda h\u00e0ng c\u1ea7n trang b\u1ecb c\u00f2i b\u00e1o \u0111\u1ed9ng<\/figcaption><\/figure>\n<figure id=\"attachment_26044\" aria-describedby=\"caption-attachment-26044\" style=\"width: 528px\" class=\"wp-caption aligncenter\"><img loading=\"lazy\" decoding=\"async\" class=\"wp-image-26044\" src=\"https:\/\/kawasan.vn\/wp-content\/uploads\/2024\/04\/ANG-DO-1.png\" alt=\"C\u00e1c v\u0103n ph\u00f2ng l\u00e0m vi\u1ec7c an t\u00e2m h\u01a1n, hi\u1ec7u qu\u1ea3 h\u01a1n\" width=\"528\" height=\"297\" \/><figcaption id=\"caption-attachment-26044\" class=\"wp-caption-text\">C\u00e1c v\u0103n ph\u00f2ng l\u00e0m vi\u1ec7c an t\u00e2m h\u01a1n, hi\u1ec7u qu\u1ea3 h\u01a1n<\/figcaption><\/figure>\n<h2><span class=\"ez-toc-section\" id=\"Ket_luan\"><\/span><span style=\"font-weight: 400;\">K\u1ebft lu\u1eadn:<\/span><span class=\"ez-toc-section-end\"><\/span><\/h2>\n<p><span style=\"font-weight: 400;\">C\u00f2i AL03A l\u00e0 c\u00f2i b\u00e1o \u0111a n\u0103ng, c\u00f3 th\u1ec3 d\u00f9ng cho nhi\u1ec1u m\u1ee5c \u0111\u00edch kh\u00e1c nhau, \u0111\u1eb7c bi\u1ec7t l\u00e0 c\u00f3 th\u1ec3 \u0111i\u1ec1u ch\u1ec9nh \u0111\u01b0\u1ee3c \u00e2m thanh l\u1edbn nh\u1ecf, gi\u00fap cho ng\u01b0\u1eddi d\u00f9ng t\u00f9y ch\u1ec9nh \u00e2m l\u01b0\u1ee3ng, tr\u00e1nh l\u00e0m phi\u1ec1n m\u1ecdi ng\u01b0\u1eddi xung quanh. Ngo\u00e0i ra c\u00f2i d\u00f9ng ngu\u1ed3n 12V, t\u01b0\u01a1ng \u0111\u01b0\u01a1ng \u0111i\u1ec7n b\u00ecnh acquy, gi\u00fap cho ng\u01b0\u1eddi d\u00f9ng c\u00f3 th\u1ec3 d\u00f9ng \u0111i\u1ec7n b\u00ecnh, ph\u00f2ng khi c\u00fap \u0111i\u1ec7n v\u1eabn duy tr\u00ec b\u00e1o \u0111\u1ed9ng k\u1ecbp th\u1eddi x\u1eed l\u00fd v\u00e0 b\u1ea3o v\u1ec7 t\u00e0i s\u1ea3n<\/span><\/p>","protected":false},"excerpt":{"rendered":"<p>Trong c\u00e1c h\u1ec7 th\u1ed1ng an ninh hi\u1ec7n \u0111\u1ea1i, thi\u1ebft b\u1ecb c\u1ea3nh b\u00e1o \u0111\u00f3ng vai tr\u00f2 then ch\u1ed1t gi\u00fap ph\u00e1t hi\u1ec7n v\u00e0 ph\u1ea3n \u1ee9ng nhanh tr\u01b0\u1edbc c\u00e1c t\u00ecnh hu\u1ed1ng b\u1ea5t th\u01b0\u1eddng. N\u1ed5i b\u1eadt trong ph\u00e2n kh\u00fac c\u00f2i b\u00e1o \u0111\u1ed9ng hi\u1ec7n nay, **AL03A** l\u00e0 l\u1ef1a ch\u1ecdn l\u00fd t\u01b0\u1edfng nh\u1edd kh\u1ea3 n\u0103ng **t\u00f9y ch\u1ec9nh \u00e2m l\u01b0\u1ee3ng linh ho\u1ea1t** [&hellip;]<\/p>","protected":false},"featured_media":20179,"comment_status":"open","ping_status":"closed","template":"","meta":{"_yoast_wpseo_focuskw":"c\u00f2i b\u00e1o \u0111\u1ed9ng AL03A","_yoast_wpseo_metadesc":"C\u00f2i b\u00e1o \u0111\u1ed9ng AL03A \u0111i\u1ec1u khi\u1ec3n t\u1eeb xa. L\u00e0 s\u1ea3n ph\u1ea9m c\u00f2i b\u00e1o \u0111\u1ed9ng, v\u1edbi 1 ch\u1ee9c n\u0103ng ho\u1ea1t \u0111\u1ed9ng k\u1ebft n\u1ed1i v\u1edbi ng\u1ecf ra c\u1ee7a c\u00e1c thi\u1ebft b\u1ecb b\u00e1o \u0111\u1ed9ng b\u00e1o ga b\u00e1o kh\u00f3i.","_yoast_wpseo_focuskeywords":"","_yoast_wpseo_keyword_synonyms":""},"product_cat":[500,85],"product_tag":[971,832,833,972,970,835,864,834],"class_list":["post-18834","product","type-product","status-publish","has-post-thumbnail","hentry","product_cat-coi-bao-dong-khong-day","product_cat-hang-khuyen-mai-soc","product_tag-coi-bao-chay","product_tag-coi-bao-dong","product_tag-coi-bao-dong-dieu-khien-tu-xa","product_tag-coi-bao-kawasan","product_tag-coi-bao-khoi","product_tag-dktx","product_tag-thiet-bi-bao-dong","product_tag-thiet-bi-bao-dong-dktx"],"acf":[],"yoast_head":"<!-- This site is optimized with the Yoast SEO Premium plugin v24.9 (Yoast SEO v24.9) - https:\/\/yoast.com\/wordpress\/plugins\/seo\/ -->\n<title>C\u00f2i B\u00e1o \u0110\u1ed9ng 12V AL03A \u2013 T\u00f9y Ch\u1ec9nh \u00c2m L\u01b0\u1ee3ng, C\u1ea3nh B\u00e1o Linh Ho\u1ea1t Cho M\u1ecdi Kh\u00f4ng Gian - Kawasan<\/title>\n<meta name=\"description\" content=\"C\u00f2i b\u00e1o \u0111\u1ed9ng AL03A \u0111i\u1ec1u khi\u1ec3n t\u1eeb xa. L\u00e0 s\u1ea3n ph\u1ea9m c\u00f2i b\u00e1o \u0111\u1ed9ng, v\u1edbi 1 ch\u1ee9c n\u0103ng ho\u1ea1t \u0111\u1ed9ng k\u1ebft n\u1ed1i v\u1edbi ng\u1ecf ra c\u1ee7a c\u00e1c thi\u1ebft b\u1ecb b\u00e1o \u0111\u1ed9ng b\u00e1o ga b\u00e1o kh\u00f3i.\" \/>\n<meta name=\"robots\" content=\"index, follow, max-snippet:-1, max-image-preview:large, max-video-preview:-1\" \/>\n<link rel=\"canonical\" href=\"https:\/\/kawasan.vn\/en\/product\/thiet-bi-coi-bao-dong-dieu-khien-tu-xa-12v-al03\/\" \/>\n<meta property=\"og:locale\" content=\"en_US\" \/>\n<meta property=\"og:type\" content=\"article\" \/>\n<meta property=\"og:title\" content=\"C\u00f2i B\u00e1o \u0110\u1ed9ng 12V AL03A \u2013 T\u00f9y Ch\u1ec9nh \u00c2m L\u01b0\u1ee3ng, C\u1ea3nh B\u00e1o Linh Ho\u1ea1t Cho M\u1ecdi Kh\u00f4ng Gian\" \/>\n<meta property=\"og:description\" content=\"C\u00f2i b\u00e1o \u0111\u1ed9ng AL03A \u0111i\u1ec1u khi\u1ec3n t\u1eeb xa. L\u00e0 s\u1ea3n ph\u1ea9m c\u00f2i b\u00e1o \u0111\u1ed9ng, v\u1edbi 1 ch\u1ee9c n\u0103ng ho\u1ea1t \u0111\u1ed9ng k\u1ebft n\u1ed1i v\u1edbi ng\u1ecf ra c\u1ee7a c\u00e1c thi\u1ebft b\u1ecb b\u00e1o \u0111\u1ed9ng b\u00e1o ga b\u00e1o kh\u00f3i.\" \/>\n<meta property=\"og:url\" content=\"https:\/\/kawasan.vn\/en\/product\/thiet-bi-coi-bao-dong-dieu-khien-tu-xa-12v-al03\/\" \/>\n<meta property=\"og:site_name\" content=\"Kawasan\" \/>\n<meta property=\"article:modified_time\" content=\"2025-12-08T09:05:46+00:00\" \/>\n<meta property=\"og:image\" content=\"https:\/\/kawasan.vn\/wp-content\/uploads\/2024\/04\/AL03A-800x800px-1.png\" \/>\n\t<meta property=\"og:image:width\" content=\"800\" \/>\n\t<meta property=\"og:image:height\" content=\"800\" \/>\n\t<meta property=\"og:image:type\" content=\"image\/png\" \/>\n<meta name=\"twitter:card\" content=\"summary_large_image\" \/>\n<meta name=\"twitter:label1\" content=\"Est. reading time\" \/>\n\t<meta name=\"twitter:data1\" content=\"4 minutes\" \/>\n<script type=\"application\/ld+json\" class=\"yoast-schema-graph\">{\"@context\":\"https:\/\/schema.org\",\"@graph\":[{\"@type\":\"WebPage\",\"@id\":\"https:\/\/kawasan.vn\/san-pham\/thiet-bi-coi-bao-dong-dieu-khien-tu-xa-12v-al03\/\",\"url\":\"https:\/\/kawasan.vn\/san-pham\/thiet-bi-coi-bao-dong-dieu-khien-tu-xa-12v-al03\/\",\"name\":\"C\u00f2i B\u00e1o \u0110\u1ed9ng 12V AL03A \u2013 T\u00f9y Ch\u1ec9nh \u00c2m L\u01b0\u1ee3ng, C\u1ea3nh B\u00e1o Linh Ho\u1ea1t Cho M\u1ecdi Kh\u00f4ng Gian - Kawasan\",\"isPartOf\":{\"@id\":\"https:\/\/kawasan.vn\/#website\"},\"primaryImageOfPage\":{\"@id\":\"https:\/\/kawasan.vn\/san-pham\/thiet-bi-coi-bao-dong-dieu-khien-tu-xa-12v-al03\/#primaryimage\"},\"image\":{\"@id\":\"https:\/\/kawasan.vn\/san-pham\/thiet-bi-coi-bao-dong-dieu-khien-tu-xa-12v-al03\/#primaryimage\"},\"thumbnailUrl\":\"https:\/\/kawasan.vn\/wp-content\/uploads\/2024\/04\/AL03A-800x800px-1.png\",\"datePublished\":\"2024-04-15T04:17:46+00:00\",\"dateModified\":\"2025-12-08T09:05:46+00:00\",\"description\":\"C\u00f2i b\u00e1o \u0111\u1ed9ng AL03A \u0111i\u1ec1u khi\u1ec3n t\u1eeb xa. L\u00e0 s\u1ea3n ph\u1ea9m c\u00f2i b\u00e1o \u0111\u1ed9ng, v\u1edbi 1 ch\u1ee9c n\u0103ng ho\u1ea1t \u0111\u1ed9ng k\u1ebft n\u1ed1i v\u1edbi ng\u1ecf ra c\u1ee7a c\u00e1c thi\u1ebft b\u1ecb b\u00e1o \u0111\u1ed9ng b\u00e1o ga b\u00e1o kh\u00f3i.\",\"breadcrumb\":{\"@id\":\"https:\/\/kawasan.vn\/san-pham\/thiet-bi-coi-bao-dong-dieu-khien-tu-xa-12v-al03\/#breadcrumb\"},\"inLanguage\":\"en-US\",\"potentialAction\":[{\"@type\":\"ReadAction\",\"target\":[\"https:\/\/kawasan.vn\/san-pham\/thiet-bi-coi-bao-dong-dieu-khien-tu-xa-12v-al03\/\"]}]},{\"@type\":\"ImageObject\",\"inLanguage\":\"en-US\",\"@id\":\"https:\/\/kawasan.vn\/san-pham\/thiet-bi-coi-bao-dong-dieu-khien-tu-xa-12v-al03\/#primaryimage\",\"url\":\"https:\/\/kawasan.vn\/wp-content\/uploads\/2024\/04\/AL03A-800x800px-1.png\",\"contentUrl\":\"https:\/\/kawasan.vn\/wp-content\/uploads\/2024\/04\/AL03A-800x800px-1.png\",\"width\":800,\"height\":800},{\"@type\":\"BreadcrumbList\",\"@id\":\"https:\/\/kawasan.vn\/san-pham\/thiet-bi-coi-bao-dong-dieu-khien-tu-xa-12v-al03\/#breadcrumb\",\"itemListElement\":[{\"@type\":\"ListItem\",\"position\":1,\"name\":\"Trang ch\u1ee7\",\"item\":\"https:\/\/kawasan.vn\/\"},{\"@type\":\"ListItem\",\"position\":2,\"name\":\"S\u1ea3n ph\u1ea9m\",\"item\":\"https:\/\/kawasan.vn\/san-pham\/\"},{\"@type\":\"ListItem\",\"position\":3,\"name\":\"C\u00f2i B\u00e1o \u0110\u1ed9ng 12V AL03A \u2013 T\u00f9y Ch\u1ec9nh \u00c2m L\u01b0\u1ee3ng, C\u1ea3nh B\u00e1o Linh Ho\u1ea1t Cho M\u1ecdi Kh\u00f4ng Gian\"}]},{\"@type\":\"WebSite\",\"@id\":\"https:\/\/kawasan.vn\/#website\",\"url\":\"https:\/\/kawasan.vn\/\",\"name\":\"Kawasan\",\"description\":\"\",\"potentialAction\":[{\"@type\":\"SearchAction\",\"target\":{\"@type\":\"EntryPoint\",\"urlTemplate\":\"https:\/\/kawasan.vn\/?s={search_term_string}\"},\"query-input\":{\"@type\":\"PropertyValueSpecification\",\"valueRequired\":true,\"valueName\":\"search_term_string\"}}],\"inLanguage\":\"en-US\"}]}<\/script>\n<!-- \/ Yoast SEO Premium plugin. -->","yoast_head_json":{"title":"C\u00f2i B\u00e1o \u0110\u1ed9ng 12V AL03A \u2013 T\u00f9y Ch\u1ec9nh \u00c2m L\u01b0\u1ee3ng, C\u1ea3nh B\u00e1o Linh Ho\u1ea1t Cho M\u1ecdi Kh\u00f4ng Gian - Kawasan","description":"C\u00f2i b\u00e1o \u0111\u1ed9ng AL03A \u0111i\u1ec1u khi\u1ec3n t\u1eeb xa. L\u00e0 s\u1ea3n ph\u1ea9m c\u00f2i b\u00e1o \u0111\u1ed9ng, v\u1edbi 1 ch\u1ee9c n\u0103ng ho\u1ea1t \u0111\u1ed9ng k\u1ebft n\u1ed1i v\u1edbi ng\u1ecf ra c\u1ee7a c\u00e1c thi\u1ebft b\u1ecb b\u00e1o \u0111\u1ed9ng b\u00e1o ga b\u00e1o kh\u00f3i.","robots":{"index":"index","follow":"follow","max-snippet":"max-snippet:-1","max-image-preview":"max-image-preview:large","max-video-preview":"max-video-preview:-1"},"canonical":"https:\/\/kawasan.vn\/en\/product\/thiet-bi-coi-bao-dong-dieu-khien-tu-xa-12v-al03\/","og_locale":"en_US","og_type":"article","og_title":"C\u00f2i B\u00e1o \u0110\u1ed9ng 12V AL03A \u2013 T\u00f9y Ch\u1ec9nh \u00c2m L\u01b0\u1ee3ng, C\u1ea3nh B\u00e1o Linh Ho\u1ea1t Cho M\u1ecdi Kh\u00f4ng Gian","og_description":"C\u00f2i b\u00e1o \u0111\u1ed9ng AL03A \u0111i\u1ec1u khi\u1ec3n t\u1eeb xa. L\u00e0 s\u1ea3n ph\u1ea9m c\u00f2i b\u00e1o \u0111\u1ed9ng, v\u1edbi 1 ch\u1ee9c n\u0103ng ho\u1ea1t \u0111\u1ed9ng k\u1ebft n\u1ed1i v\u1edbi ng\u1ecf ra c\u1ee7a c\u00e1c thi\u1ebft b\u1ecb b\u00e1o \u0111\u1ed9ng b\u00e1o ga b\u00e1o kh\u00f3i.","og_url":"https:\/\/kawasan.vn\/en\/product\/thiet-bi-coi-bao-dong-dieu-khien-tu-xa-12v-al03\/","og_site_name":"Kawasan","article_modified_time":"2025-12-08T09:05:46+00:00","og_image":[{"width":800,"height":800,"url":"https:\/\/kawasan.vn\/wp-content\/uploads\/2024\/04\/AL03A-800x800px-1.png","type":"image\/png"}],"twitter_card":"summary_large_image","twitter_misc":{"Est. reading time":"4 minutes"},"schema":{"@context":"https:\/\/schema.org","@graph":[{"@type":"WebPage","@id":"https:\/\/kawasan.vn\/san-pham\/thiet-bi-coi-bao-dong-dieu-khien-tu-xa-12v-al03\/","url":"https:\/\/kawasan.vn\/san-pham\/thiet-bi-coi-bao-dong-dieu-khien-tu-xa-12v-al03\/","name":"C\u00f2i B\u00e1o \u0110\u1ed9ng 12V AL03A \u2013 T\u00f9y Ch\u1ec9nh \u00c2m L\u01b0\u1ee3ng, C\u1ea3nh B\u00e1o Linh Ho\u1ea1t Cho M\u1ecdi Kh\u00f4ng Gian - Kawasan","isPartOf":{"@id":"https:\/\/kawasan.vn\/#website"},"primaryImageOfPage":{"@id":"https:\/\/kawasan.vn\/san-pham\/thiet-bi-coi-bao-dong-dieu-khien-tu-xa-12v-al03\/#primaryimage"},"image":{"@id":"https:\/\/kawasan.vn\/san-pham\/thiet-bi-coi-bao-dong-dieu-khien-tu-xa-12v-al03\/#primaryimage"},"thumbnailUrl":"https:\/\/kawasan.vn\/wp-content\/uploads\/2024\/04\/AL03A-800x800px-1.png","datePublished":"2024-04-15T04:17:46+00:00","dateModified":"2025-12-08T09:05:46+00:00","description":"C\u00f2i b\u00e1o \u0111\u1ed9ng AL03A \u0111i\u1ec1u khi\u1ec3n t\u1eeb xa. L\u00e0 s\u1ea3n ph\u1ea9m c\u00f2i b\u00e1o \u0111\u1ed9ng, v\u1edbi 1 ch\u1ee9c n\u0103ng ho\u1ea1t \u0111\u1ed9ng k\u1ebft n\u1ed1i v\u1edbi ng\u1ecf ra c\u1ee7a c\u00e1c thi\u1ebft b\u1ecb b\u00e1o \u0111\u1ed9ng b\u00e1o ga b\u00e1o kh\u00f3i.","breadcrumb":{"@id":"https:\/\/kawasan.vn\/san-pham\/thiet-bi-coi-bao-dong-dieu-khien-tu-xa-12v-al03\/#breadcrumb"},"inLanguage":"en-US","potentialAction":[{"@type":"ReadAction","target":["https:\/\/kawasan.vn\/san-pham\/thiet-bi-coi-bao-dong-dieu-khien-tu-xa-12v-al03\/"]}]},{"@type":"ImageObject","inLanguage":"en-US","@id":"https:\/\/kawasan.vn\/san-pham\/thiet-bi-coi-bao-dong-dieu-khien-tu-xa-12v-al03\/#primaryimage","url":"https:\/\/kawasan.vn\/wp-content\/uploads\/2024\/04\/AL03A-800x800px-1.png","contentUrl":"https:\/\/kawasan.vn\/wp-content\/uploads\/2024\/04\/AL03A-800x800px-1.png","width":800,"height":800},{"@type":"BreadcrumbList","@id":"https:\/\/kawasan.vn\/san-pham\/thiet-bi-coi-bao-dong-dieu-khien-tu-xa-12v-al03\/#breadcrumb","itemListElement":[{"@type":"ListItem","position":1,"name":"Trang ch\u1ee7","item":"https:\/\/kawasan.vn\/"},{"@type":"ListItem","position":2,"name":"S\u1ea3n ph\u1ea9m","item":"https:\/\/kawasan.vn\/san-pham\/"},{"@type":"ListItem","position":3,"name":"C\u00f2i B\u00e1o \u0110\u1ed9ng 12V AL03A \u2013 T\u00f9y Ch\u1ec9nh \u00c2m L\u01b0\u1ee3ng, C\u1ea3nh B\u00e1o Linh Ho\u1ea1t Cho M\u1ecdi Kh\u00f4ng Gian"}]},{"@type":"WebSite","@id":"https:\/\/kawasan.vn\/#website","url":"https:\/\/kawasan.vn\/","name":"Kawasan","description":"","potentialAction":[{"@type":"SearchAction","target":{"@type":"EntryPoint","urlTemplate":"https:\/\/kawasan.vn\/?s={search_term_string}"},"query-input":{"@type":"PropertyValueSpecification","valueRequired":true,"valueName":"search_term_string"}}],"inLanguage":"en-US"}]}},"_links":{"self":[{"href":"https:\/\/kawasan.vn\/en\/wp-json\/wp\/v2\/product\/18834","targetHints":{"allow":["GET"]}}],"collection":[{"href":"https:\/\/kawasan.vn\/en\/wp-json\/wp\/v2\/product"}],"about":[{"href":"https:\/\/kawasan.vn\/en\/wp-json\/wp\/v2\/types\/product"}],"replies":[{"embeddable":true,"href":"https:\/\/kawasan.vn\/en\/wp-json\/wp\/v2\/comments?post=18834"}],"version-history":[{"count":21,"href":"https:\/\/kawasan.vn\/en\/wp-json\/wp\/v2\/product\/18834\/revisions"}],"predecessor-version":[{"id":26053,"href":"https:\/\/kawasan.vn\/en\/wp-json\/wp\/v2\/product\/18834\/revisions\/26053"}],"wp:featuredmedia":[{"embeddable":true,"href":"https:\/\/kawasan.vn\/en\/wp-json\/wp\/v2\/media\/20179"}],"wp:attachment":[{"href":"https:\/\/kawasan.vn\/en\/wp-json\/wp\/v2\/media?parent=18834"}],"wp:term":[{"taxonomy":"product_cat","embeddable":true,"href":"https:\/\/kawasan.vn\/en\/wp-json\/wp\/v2\/product_cat?post=18834"},{"taxonomy":"product_tag","embeddable":true,"href":"https:\/\/kawasan.vn\/en\/wp-json\/wp\/v2\/product_tag?post=18834"}],"curies":[{"name":"wp","href":"https:\/\/api.w.org\/{rel}","templated":true}]}}