{"id":17578,"date":"2024-03-01T08:19:07","date_gmt":"2024-03-01T08:19:07","guid":{"rendered":"https:\/\/kawasan.123websitedev.com\/?post_type=product&#038;p=17578"},"modified":"2025-04-18T14:29:16","modified_gmt":"2025-04-18T07:29:16","slug":"remote-dieu-khien-tu-xa-kawasan","status":"publish","type":"product","link":"https:\/\/kawasan.vn\/en\/product\/remote-dieu-khien-tu-xa-kawasan\/","title":{"rendered":"Remote Kawasan \u0110i\u1ec1u Khi\u1ec3n T\u1eeb Xa"},"content":{"rendered":"<h2 id=\"Remote_l\u00e0_g\u00ec?\">Remote L\u00e0 G\u00ec?<\/h2>\n<p><strong>Remote<\/strong> \u0111\u01b0\u1ee3c hi\u1ec3u l\u00e0 \u0111i\u1ec1u khi\u1ec3n t\u1eeb xa th\u00f4ng minh. C\u00f3 th\u1ec3 ki\u1ec3m so\u00e1t v\u00e0 v\u1eadn h\u00e0nh thi\u1ebft b\u1ecb t\u1eeb kho\u1ea3ng c\u00e1ch xa, m\u00e0 kh\u00f4ng ch\u1ea1m tr\u1ef1c ti\u1ebfp v\u00e0o thi\u1ebft b\u1ecb. V\u1edbi k\u00edch th\u01b0\u1edbc nh\u1ecf g\u1ecdn, remote c\u00f3 th\u1ec3 \u0111i\u1ec1u khi\u1ec3n \u1edf kho\u1ea3ng c\u00e1ch xa nhanh ch\u00f3ng, cho nhi\u1ec1u thi\u1ebft b\u1ecb.<\/p>\n<p>Hi\u1ec7n nay, remote \u0111\u01b0\u1ee3c \u1ee9ng d\u1ee5ng trong nhi\u1ec1u thi\u1ebft b\u1ecb: Tivi, \u0111i\u1ec1u h\u00f2a, c\u1eeda t\u1ef1 \u0111\u1ed9ng, xe \u00f4 t\u00f4, xe m\u00e1y, m\u00e1y gi\u1eb7t\u2026.<\/p>\n<p><span style=\"font-size: 20px;\"><strong>Ca\u0301c Loa\u0323i Remote Th\u01b0\u01a1ng Hi\u00ea\u0323u Kawasan<\/strong><\/span><\/p>\n<p><img loading=\"lazy\" decoding=\"async\" class=\"aligncenter wp-image-18712 size-large\" src=\"https:\/\/kawasan.vn\/wp-content\/uploads\/2024\/03\/remote-2024-1024x381.png\" alt=\"\" width=\"1024\" height=\"381\" srcset=\"https:\/\/kawasan.vn\/wp-content\/uploads\/2024\/03\/remote-2024-1024x381.png 1024w, https:\/\/kawasan.vn\/wp-content\/uploads\/2024\/03\/remote-2024-768x286.png 768w, https:\/\/kawasan.vn\/wp-content\/uploads\/2024\/03\/remote-2024-640x238.png 640w, https:\/\/kawasan.vn\/wp-content\/uploads\/2024\/03\/remote-2024-400x149.png 400w, https:\/\/kawasan.vn\/wp-content\/uploads\/2024\/03\/remote-2024-1000x372.png 1000w\" sizes=\"auto, (max-width: 1024px) 100vw, 1024px\" \/><\/p>\n<h2 id=\"\u1ee8ng_d\u1ee5ng_c\u1ee7a_remote_control_trong_th\u1ef1c_t\u1ebf\">\u1ee8ng D\u1ee5ng C\u1ee7a Remote Control Trong Th\u1ef1c T\u1ebf<\/h2>\n<p>Remote control l\u00e0 m\u1ed9t gi\u1ea3i ph\u00e1p t\u1ef1 \u0111\u1ed9ng h\u00f3a kh\u00f4ng th\u1ec3 thi\u1ebfu trong \u0111\u1eddi s\u1ed1ng hi\u1ec7n \u0111\u1ea1i. C\u1ee5 th\u1ec3, \u1ee9ng d\u1ee5ng c\u1ee7a \u0111i\u1ec1u khi\u1ec3n t\u1eeb xa ph\u1ea3i k\u1ec3 \u0111\u1ebfn nh\u01b0:<\/p>\n<ul>\n<li>\u0110i\u1ec1u khi\u1ec3n c\u1eeda t\u1ef1 \u0111\u1ed9ng, gi\u00fap \u0111\u00f3ng m\u1edf c\u1eeda nhanh ch\u00f3ng, t\u1ef1 \u0111\u1ed9ng t\u1eeb xa. Ti\u1ec7n l\u1ee3i cho ng\u01b0\u1eddi di chuy\u1ec3n b\u1eb1ng xe \u00f4 t\u00f4 m\u00e0 kh\u00f4ng c\u1ea7n xu\u1ed1ng xe.<\/li>\n<li>\u0110i\u1ec1u khi\u1ec3n IR v\u1edbi c\u00e1c thi\u1ebft b\u1ecb th\u00f4ng minh trong gia \u0111\u00ecnh: Tivi, \u0111i\u1ec1u h\u00f2a, m\u00e1y gi\u1eb7t\u2026 Remote gi\u00fap ki\u1ec3m so\u00e1t ho\u1ea1t \u0111\u1ed9ng, ch\u1ecdn ch\u01b0\u01a1ng tr\u00ecnh, t\u1eaft thi\u1ebft b\u1ecb nhanh ch\u00f3ng, t\u1eeb xa an to\u00e0n.<\/li>\n<li>\u0110i\u1ec1u khi\u1ec3n b\u1eb1ng gi\u1ecdng n\u00f3i \u1ee9ng d\u1ee5ng trong h\u1ec7 th\u1ed1ng nh\u00e0 th\u00f4ng minh: \u0110i\u1ec1u khi\u1ec3n b\u00f3ng \u0111\u00e8n, thi\u1ebft b\u1ecb c\u1ea3nh b\u00e1o\u2026 B\u1ea3o v\u1ec7 nh\u00e0 \u1edf, mang l\u1ea1i ti\u1ec7n nghi cu\u1ed9c s\u1ed1ng hi\u1ec7n \u0111\u1ea1i cho gia \u0111\u00ecnh.<\/li>\n<li>\u0110i\u1ec1u khi\u1ec3n remote cho c\u00e1c thi\u1ebft b\u1ecb m\u00e1y m\u00f3c c\u00f4ng nghi\u1ec7p, \u0111i\u1ec1u khi\u1ec3n v\u1eadn h\u00e0nh m\u00e1y t\u1eeb xa.<\/li>\n<\/ul>\n<p>Thi\u1ebft b\u1ecb \u0111i\u1ec1u khi\u1ec3n t\u1eeb xa mang l\u1ea1i nhi\u1ec1u l\u1ee3i \u00edch cho \u0111\u1eddi s\u1ed1ng v\u00e0 s\u1ea3n xu\u1ea5t.\u00a0<em><strong>Remote<\/strong><\/em>\u00a0gi\u00fap \u0111i\u1ec1u khi\u1ec3n h\u1ec7 th\u1ed1ng thi\u1ebft b\u1ecb hi\u1ec7u qu\u1ea3, n\u00e2ng cao n\u0103ng su\u1ea5t, gi\u1ea3m c\u00e1c r\u1ee7i ro ph\u00e1t sinh \u1ea3nh h\u01b0\u1edfng \u0111\u1ebfn s\u1ee9c kh\u1ecfe v\u00e0 t\u00ednh m\u1ea1ng c\u1ee7a ng\u01b0\u1eddi lao \u0111\u1ed9ng<\/p>\n<p><strong>C\u00e1c M\u1eabu Tham Kh\u1ea3o Li\u00ean Quan:<\/strong><\/p>\n<p><strong><a href=\"https:\/\/thegioidienthongminh.com\/danh-muc\/dieu-khien-tu-xa\/\">https:\/\/thegioidienthongminh.com\/danh-muc\/dieu-khien-tu-xa\/<\/a><\/strong><\/p>\n<p><strong><a href=\"https:\/\/kawasan.vn\/en\/product-category\/thiet-bi-nha-thong-minh\/\">https:\/\/kawasan.vn\/en\/product-category\/thiet-bi-nha-thong-minh\/<\/a><\/strong><\/p>","protected":false},"excerpt":{"rendered":"<p>Remote L\u00e0 G\u00ec? Remote \u0111\u01b0\u1ee3c hi\u1ec3u l\u00e0 \u0111i\u1ec1u khi\u1ec3n t\u1eeb xa th\u00f4ng minh. C\u00f3 th\u1ec3 ki\u1ec3m so\u00e1t v\u00e0 v\u1eadn h\u00e0nh thi\u1ebft b\u1ecb t\u1eeb kho\u1ea3ng c\u00e1ch xa, m\u00e0 kh\u00f4ng ch\u1ea1m tr\u1ef1c ti\u1ebfp v\u00e0o thi\u1ebft b\u1ecb. V\u1edbi k\u00edch th\u01b0\u1edbc nh\u1ecf g\u1ecdn, remote c\u00f3 th\u1ec3 \u0111i\u1ec1u khi\u1ec3n \u1edf kho\u1ea3ng c\u00e1ch xa nhanh ch\u00f3ng, cho nhi\u1ec1u thi\u1ebft b\u1ecb. Hi\u1ec7n [&hellip;]<\/p>","protected":false},"featured_media":18712,"comment_status":"open","ping_status":"closed","template":"","meta":{"_yoast_wpseo_focuskw":"remote kawasan","_yoast_wpseo_metadesc":"Remote Kawasan \u0111\u01b0\u1ee3c hi\u1ec3u l\u00e0 \u0111i\u1ec1u khi\u1ec3n t\u1eeb xa th\u00f4ng minh. C\u00f3 th\u1ec3 ki\u1ec3m so\u00e1t v\u00e0 v\u1eadn h\u00e0nh thi\u1ebft b\u1ecb t\u1eeb kho\u1ea3ng c\u00e1ch xa, m\u00e0 kh\u00f4ng ch\u1ea1m tr\u1ef1c ti\u1ebfp v\u00e0o thi\u1ebft b\u1ecb","_yoast_wpseo_focuskeywords":"","_yoast_wpseo_keyword_synonyms":""},"product_cat":[509,63],"product_tag":[1138,1248,1135,941,1136,1140,1133,823,730,1139,1134,1137,1131,1132,1249,1250,1142,1141,973,974,950,949,947,948],"class_list":["post-17578","product","type-product","status-publish","has-post-thumbnail","hentry","product_cat-cong-tac-dieu-khien-tu-xa-bang-remote","product_cat-cong-tac-dieu-khien-tu-xa","product_tag-bo-cong-tac-dieu-khien-tu-xa","product_tag-bo-cong-tac-dieu-khien-tu-xa-co-hen-gio","product_tag-bo-dieu-khien-may-bom-tu-xa","product_tag-cong-tac-den-dieu-khien-tu-xa","product_tag-cong-tac-dien-dieu-khien-tu-xa","product_tag-cong-tac-dien-dieu-khien-tu-xa-bang-dien-thoai","product_tag-cong-tac-dien-dieu-khien-tu-xa-bang-remote","product_tag-cong-tac-dieu-khien","product_tag-cong-tac-dieu-khien-tu-xa","product_tag-cong-tac-dieu-khien-tu-xa-12v","product_tag-cong-tac-dieu-khien-tu-xa-220v","product_tag-cong-tac-dieu-khien-tu-xa-bang-dien-thoai","product_tag-cong-tac-dieu-khien-tu-xa-qua-wifi","product_tag-cong-tac-dieu-khien-tu-xa-qua-wifi-3g","product_tag-cong-tac-hen-gio-dieu-khien-tu-xa","product_tag-cong-tac-hen-gio-tu-dong-bat-tat","product_tag-cong-tac-thong-minh-dieu-khien-tu-xa","product_tag-hat-cong-tac-dieu-khien-tu-xa","product_tag-remote-dieu-khien-tu-xa","product_tag-remote-gia-dinh","product_tag-remote-gia-re","product_tag-remote-gia-tot","product_tag-remote-kawasan","product_tag-remote-thong-minh"],"acf":[],"yoast_head":"<!-- This site is optimized with the Yoast SEO Premium plugin v24.9 (Yoast SEO v24.9) - https:\/\/yoast.com\/wordpress\/plugins\/seo\/ -->\n<title>Remote Kawasan \u0110i\u1ec1u Khi\u1ec3n T\u1eeb Xa - Kawasan<\/title>\n<meta name=\"description\" content=\"Remote Kawasan \u0111\u01b0\u1ee3c hi\u1ec3u l\u00e0 \u0111i\u1ec1u khi\u1ec3n t\u1eeb xa th\u00f4ng minh. C\u00f3 th\u1ec3 ki\u1ec3m so\u00e1t v\u00e0 v\u1eadn h\u00e0nh thi\u1ebft b\u1ecb t\u1eeb kho\u1ea3ng c\u00e1ch xa, m\u00e0 kh\u00f4ng ch\u1ea1m tr\u1ef1c ti\u1ebfp v\u00e0o thi\u1ebft b\u1ecb\" \/>\n<meta name=\"robots\" content=\"index, follow, max-snippet:-1, max-image-preview:large, max-video-preview:-1\" \/>\n<link rel=\"canonical\" href=\"https:\/\/kawasan.vn\/en\/product\/remote-dieu-khien-tu-xa-kawasan\/\" \/>\n<meta property=\"og:locale\" content=\"en_US\" \/>\n<meta property=\"og:type\" content=\"article\" \/>\n<meta property=\"og:title\" content=\"Remote Kawasan \u0110i\u1ec1u Khi\u1ec3n T\u1eeb Xa\" \/>\n<meta property=\"og:description\" content=\"Remote Kawasan \u0111\u01b0\u1ee3c hi\u1ec3u l\u00e0 \u0111i\u1ec1u khi\u1ec3n t\u1eeb xa th\u00f4ng minh. C\u00f3 th\u1ec3 ki\u1ec3m so\u00e1t v\u00e0 v\u1eadn h\u00e0nh thi\u1ebft b\u1ecb t\u1eeb kho\u1ea3ng c\u00e1ch xa, m\u00e0 kh\u00f4ng ch\u1ea1m tr\u1ef1c ti\u1ebfp v\u00e0o thi\u1ebft b\u1ecb\" \/>\n<meta property=\"og:url\" content=\"https:\/\/kawasan.vn\/en\/product\/remote-dieu-khien-tu-xa-kawasan\/\" \/>\n<meta property=\"og:site_name\" content=\"Kawasan\" \/>\n<meta property=\"article:modified_time\" content=\"2025-04-18T07:29:16+00:00\" \/>\n<meta property=\"og:image\" content=\"https:\/\/kawasan.vn\/wp-content\/uploads\/2024\/03\/remote-2024.png\" \/>\n\t<meta property=\"og:image:width\" content=\"1845\" \/>\n\t<meta property=\"og:image:height\" content=\"687\" \/>\n\t<meta property=\"og:image:type\" content=\"image\/png\" \/>\n<meta name=\"twitter:card\" content=\"summary_large_image\" \/>\n<meta name=\"twitter:label1\" content=\"Est. reading time\" \/>\n\t<meta name=\"twitter:data1\" content=\"2 minutes\" \/>\n<script type=\"application\/ld+json\" class=\"yoast-schema-graph\">{\"@context\":\"https:\/\/schema.org\",\"@graph\":[{\"@type\":\"WebPage\",\"@id\":\"https:\/\/kawasan.vn\/san-pham\/remote-dieu-khien-tu-xa-kawasan\/\",\"url\":\"https:\/\/kawasan.vn\/san-pham\/remote-dieu-khien-tu-xa-kawasan\/\",\"name\":\"Remote Kawasan \u0110i\u1ec1u Khi\u1ec3n T\u1eeb Xa - Kawasan\",\"isPartOf\":{\"@id\":\"https:\/\/kawasan.vn\/#website\"},\"primaryImageOfPage\":{\"@id\":\"https:\/\/kawasan.vn\/san-pham\/remote-dieu-khien-tu-xa-kawasan\/#primaryimage\"},\"image\":{\"@id\":\"https:\/\/kawasan.vn\/san-pham\/remote-dieu-khien-tu-xa-kawasan\/#primaryimage\"},\"thumbnailUrl\":\"https:\/\/kawasan.vn\/wp-content\/uploads\/2024\/03\/remote-2024.png\",\"datePublished\":\"2024-03-01T08:19:07+00:00\",\"dateModified\":\"2025-04-18T07:29:16+00:00\",\"description\":\"Remote Kawasan \u0111\u01b0\u1ee3c hi\u1ec3u l\u00e0 \u0111i\u1ec1u khi\u1ec3n t\u1eeb xa th\u00f4ng minh. C\u00f3 th\u1ec3 ki\u1ec3m so\u00e1t v\u00e0 v\u1eadn h\u00e0nh thi\u1ebft b\u1ecb t\u1eeb kho\u1ea3ng c\u00e1ch xa, m\u00e0 kh\u00f4ng ch\u1ea1m tr\u1ef1c ti\u1ebfp v\u00e0o thi\u1ebft b\u1ecb\",\"breadcrumb\":{\"@id\":\"https:\/\/kawasan.vn\/san-pham\/remote-dieu-khien-tu-xa-kawasan\/#breadcrumb\"},\"inLanguage\":\"en-US\",\"potentialAction\":[{\"@type\":\"ReadAction\",\"target\":[\"https:\/\/kawasan.vn\/san-pham\/remote-dieu-khien-tu-xa-kawasan\/\"]}]},{\"@type\":\"ImageObject\",\"inLanguage\":\"en-US\",\"@id\":\"https:\/\/kawasan.vn\/san-pham\/remote-dieu-khien-tu-xa-kawasan\/#primaryimage\",\"url\":\"https:\/\/kawasan.vn\/wp-content\/uploads\/2024\/03\/remote-2024.png\",\"contentUrl\":\"https:\/\/kawasan.vn\/wp-content\/uploads\/2024\/03\/remote-2024.png\",\"width\":1845,\"height\":687},{\"@type\":\"BreadcrumbList\",\"@id\":\"https:\/\/kawasan.vn\/san-pham\/remote-dieu-khien-tu-xa-kawasan\/#breadcrumb\",\"itemListElement\":[{\"@type\":\"ListItem\",\"position\":1,\"name\":\"Trang ch\u1ee7\",\"item\":\"https:\/\/kawasan.vn\/\"},{\"@type\":\"ListItem\",\"position\":2,\"name\":\"S\u1ea3n ph\u1ea9m\",\"item\":\"https:\/\/kawasan.vn\/san-pham\/\"},{\"@type\":\"ListItem\",\"position\":3,\"name\":\"Remote Kawasan \u0110i\u1ec1u Khi\u1ec3n T\u1eeb Xa\"}]},{\"@type\":\"WebSite\",\"@id\":\"https:\/\/kawasan.vn\/#website\",\"url\":\"https:\/\/kawasan.vn\/\",\"name\":\"Kawasan\",\"description\":\"\",\"potentialAction\":[{\"@type\":\"SearchAction\",\"target\":{\"@type\":\"EntryPoint\",\"urlTemplate\":\"https:\/\/kawasan.vn\/?s={search_term_string}\"},\"query-input\":{\"@type\":\"PropertyValueSpecification\",\"valueRequired\":true,\"valueName\":\"search_term_string\"}}],\"inLanguage\":\"en-US\"}]}<\/script>\n<!-- \/ Yoast SEO Premium plugin. -->","yoast_head_json":{"title":"Remote Kawasan \u0110i\u1ec1u Khi\u1ec3n T\u1eeb Xa - Kawasan","description":"Remote Kawasan \u0111\u01b0\u1ee3c hi\u1ec3u l\u00e0 \u0111i\u1ec1u khi\u1ec3n t\u1eeb xa th\u00f4ng minh. C\u00f3 th\u1ec3 ki\u1ec3m so\u00e1t v\u00e0 v\u1eadn h\u00e0nh thi\u1ebft b\u1ecb t\u1eeb kho\u1ea3ng c\u00e1ch xa, m\u00e0 kh\u00f4ng ch\u1ea1m tr\u1ef1c ti\u1ebfp v\u00e0o thi\u1ebft b\u1ecb","robots":{"index":"index","follow":"follow","max-snippet":"max-snippet:-1","max-image-preview":"max-image-preview:large","max-video-preview":"max-video-preview:-1"},"canonical":"https:\/\/kawasan.vn\/en\/product\/remote-dieu-khien-tu-xa-kawasan\/","og_locale":"en_US","og_type":"article","og_title":"Remote Kawasan \u0110i\u1ec1u Khi\u1ec3n T\u1eeb Xa","og_description":"Remote Kawasan \u0111\u01b0\u1ee3c hi\u1ec3u l\u00e0 \u0111i\u1ec1u khi\u1ec3n t\u1eeb xa th\u00f4ng minh. C\u00f3 th\u1ec3 ki\u1ec3m so\u00e1t v\u00e0 v\u1eadn h\u00e0nh thi\u1ebft b\u1ecb t\u1eeb kho\u1ea3ng c\u00e1ch xa, m\u00e0 kh\u00f4ng ch\u1ea1m tr\u1ef1c ti\u1ebfp v\u00e0o thi\u1ebft b\u1ecb","og_url":"https:\/\/kawasan.vn\/en\/product\/remote-dieu-khien-tu-xa-kawasan\/","og_site_name":"Kawasan","article_modified_time":"2025-04-18T07:29:16+00:00","og_image":[{"width":1845,"height":687,"url":"https:\/\/kawasan.vn\/wp-content\/uploads\/2024\/03\/remote-2024.png","type":"image\/png"}],"twitter_card":"summary_large_image","twitter_misc":{"Est. reading time":"2 minutes"},"schema":{"@context":"https:\/\/schema.org","@graph":[{"@type":"WebPage","@id":"https:\/\/kawasan.vn\/san-pham\/remote-dieu-khien-tu-xa-kawasan\/","url":"https:\/\/kawasan.vn\/san-pham\/remote-dieu-khien-tu-xa-kawasan\/","name":"Remote Kawasan \u0110i\u1ec1u Khi\u1ec3n T\u1eeb Xa - Kawasan","isPartOf":{"@id":"https:\/\/kawasan.vn\/#website"},"primaryImageOfPage":{"@id":"https:\/\/kawasan.vn\/san-pham\/remote-dieu-khien-tu-xa-kawasan\/#primaryimage"},"image":{"@id":"https:\/\/kawasan.vn\/san-pham\/remote-dieu-khien-tu-xa-kawasan\/#primaryimage"},"thumbnailUrl":"https:\/\/kawasan.vn\/wp-content\/uploads\/2024\/03\/remote-2024.png","datePublished":"2024-03-01T08:19:07+00:00","dateModified":"2025-04-18T07:29:16+00:00","description":"Remote Kawasan \u0111\u01b0\u1ee3c hi\u1ec3u l\u00e0 \u0111i\u1ec1u khi\u1ec3n t\u1eeb xa th\u00f4ng minh. C\u00f3 th\u1ec3 ki\u1ec3m so\u00e1t v\u00e0 v\u1eadn h\u00e0nh thi\u1ebft b\u1ecb t\u1eeb kho\u1ea3ng c\u00e1ch xa, m\u00e0 kh\u00f4ng ch\u1ea1m tr\u1ef1c ti\u1ebfp v\u00e0o thi\u1ebft b\u1ecb","breadcrumb":{"@id":"https:\/\/kawasan.vn\/san-pham\/remote-dieu-khien-tu-xa-kawasan\/#breadcrumb"},"inLanguage":"en-US","potentialAction":[{"@type":"ReadAction","target":["https:\/\/kawasan.vn\/san-pham\/remote-dieu-khien-tu-xa-kawasan\/"]}]},{"@type":"ImageObject","inLanguage":"en-US","@id":"https:\/\/kawasan.vn\/san-pham\/remote-dieu-khien-tu-xa-kawasan\/#primaryimage","url":"https:\/\/kawasan.vn\/wp-content\/uploads\/2024\/03\/remote-2024.png","contentUrl":"https:\/\/kawasan.vn\/wp-content\/uploads\/2024\/03\/remote-2024.png","width":1845,"height":687},{"@type":"BreadcrumbList","@id":"https:\/\/kawasan.vn\/san-pham\/remote-dieu-khien-tu-xa-kawasan\/#breadcrumb","itemListElement":[{"@type":"ListItem","position":1,"name":"Trang ch\u1ee7","item":"https:\/\/kawasan.vn\/"},{"@type":"ListItem","position":2,"name":"S\u1ea3n ph\u1ea9m","item":"https:\/\/kawasan.vn\/san-pham\/"},{"@type":"ListItem","position":3,"name":"Remote Kawasan \u0110i\u1ec1u Khi\u1ec3n T\u1eeb Xa"}]},{"@type":"WebSite","@id":"https:\/\/kawasan.vn\/#website","url":"https:\/\/kawasan.vn\/","name":"Kawasan","description":"","potentialAction":[{"@type":"SearchAction","target":{"@type":"EntryPoint","urlTemplate":"https:\/\/kawasan.vn\/?s={search_term_string}"},"query-input":{"@type":"PropertyValueSpecification","valueRequired":true,"valueName":"search_term_string"}}],"inLanguage":"en-US"}]}},"_links":{"self":[{"href":"https:\/\/kawasan.vn\/en\/wp-json\/wp\/v2\/product\/17578","targetHints":{"allow":["GET"]}}],"collection":[{"href":"https:\/\/kawasan.vn\/en\/wp-json\/wp\/v2\/product"}],"about":[{"href":"https:\/\/kawasan.vn\/en\/wp-json\/wp\/v2\/types\/product"}],"replies":[{"embeddable":true,"href":"https:\/\/kawasan.vn\/en\/wp-json\/wp\/v2\/comments?post=17578"}],"version-history":[{"count":5,"href":"https:\/\/kawasan.vn\/en\/wp-json\/wp\/v2\/product\/17578\/revisions"}],"predecessor-version":[{"id":22643,"href":"https:\/\/kawasan.vn\/en\/wp-json\/wp\/v2\/product\/17578\/revisions\/22643"}],"wp:featuredmedia":[{"embeddable":true,"href":"https:\/\/kawasan.vn\/en\/wp-json\/wp\/v2\/media\/18712"}],"wp:attachment":[{"href":"https:\/\/kawasan.vn\/en\/wp-json\/wp\/v2\/media?parent=17578"}],"wp:term":[{"taxonomy":"product_cat","embeddable":true,"href":"https:\/\/kawasan.vn\/en\/wp-json\/wp\/v2\/product_cat?post=17578"},{"taxonomy":"product_tag","embeddable":true,"href":"https:\/\/kawasan.vn\/en\/wp-json\/wp\/v2\/product_tag?post=17578"}],"curies":[{"name":"wp","href":"https:\/\/api.w.org\/{rel}","templated":true}]}}