{"id":17546,"date":"2024-03-01T06:21:43","date_gmt":"2024-03-01T06:21:43","guid":{"rendered":"https:\/\/kawasan.123websitedev.com\/?post_type=product&#038;p=17546"},"modified":"2025-04-18T14:39:06","modified_gmt":"2025-04-18T07:39:06","slug":"cong-tac-dieu-khien-dong-co-dc-rf3dc-rmc1","status":"publish","type":"product","link":"https:\/\/kawasan.vn\/en\/product\/cong-tac-dieu-khien-dong-co-dc-rf3dc-rmc1\/","title":{"rendered":"C\u00f4ng T\u1eafc \u0110i\u1ec1u Khi\u1ec3n \u0110\u1ed9ng C\u01a1 DC RF3DC-RMC1"},"content":{"rendered":"<h2><span class=\"ez-toc-section\" id=\"CONG_TAC_DIEU_KHIEN_DAO_CHIEU_DONG_CO_RF3DC-RMC1\"><\/span><strong>C\u00d4NG T\u1eaeC \u0110I\u1ec0U KHI\u1ec2N \u0110\u1ea2O CHI\u1ec0U \u0110\u1ed8NG C\u01a0 RF3DC-RMC1<\/strong><span class=\"ez-toc-section-end\"><\/span><\/h2><div id=\"ez-toc-container\" class=\"ez-toc-v2_0_69_1 counter-hierarchy ez-toc-counter ez-toc-grey ez-toc-container-direction\">\n<div class=\"ez-toc-title-container\">\n<p class=\"ez-toc-title\" >N\u1ed9i Dung B&agrave;i Vi\u1ebft<\/p>\n<span class=\"ez-toc-title-toggle\"><a href=\"#\" class=\"ez-toc-pull-right ez-toc-btn ez-toc-btn-xs ez-toc-btn-default ez-toc-toggle\" aria-label=\"Toggle Table of Content\"><span class=\"ez-toc-js-icon-con\"><span class=\"\"><span class=\"eztoc-hide\" style=\"display:none;\">Toggle<\/span><span class=\"ez-toc-icon-toggle-span\"><svg style=\"fill: #999;color:#999\" xmlns=\"http:\/\/www.w3.org\/2000\/svg\" class=\"list-377408\" width=\"20px\" height=\"20px\" viewbox=\"0 0 24 24\" fill=\"none\"><path d=\"M6 6H4v2h2V6zm14 0H8v2h12V6zM4 11h2v2H4v-2zm16 0H8v2h12v-2zM4 16h2v2H4v-2zm16 0H8v2h12v-2z\" fill=\"currentColor\"><\/path><\/svg><svg style=\"fill: #999;color:#999\" class=\"arrow-unsorted-368013\" xmlns=\"http:\/\/www.w3.org\/2000\/svg\" width=\"10px\" height=\"10px\" viewbox=\"0 0 24 24\" version=\"1.2\" baseprofile=\"tiny\"><path d=\"M18.2 9.3l-6.2-6.3-6.2 6.3c-.2.2-.3.4-.3.7s.1.5.3.7c.2.2.4.3.7.3h11c.3 0 .5-.1.7-.3.2-.2.3-.5.3-.7s-.1-.5-.3-.7zM5.8 14.7l6.2 6.3 6.2-6.3c.2-.2.3-.5.3-.7s-.1-.5-.3-.7c-.2-.2-.4-.3-.7-.3h-11c-.3 0-.5.1-.7.3-.2.2-.3.5-.3.7s.1.5.3.7z\"\/><\/svg><\/span><\/span><\/span><\/a><\/span><\/div>\n<nav><ul class='ez-toc-list ez-toc-list-level-1 eztoc-toggle-hide-by-default' ><li class='ez-toc-page-1 ez-toc-heading-level-2'><a class=\"ez-toc-link ez-toc-heading-1\" href=\"https:\/\/kawasan.vn\/en\/product\/cong-tac-dieu-khien-dong-co-dc-rf3dc-rmc1\/#CONG_TAC_DIEU_KHIEN_DAO_CHIEU_DONG_CO_RF3DC-RMC1\" title=\"C\u00d4NG T\u1eaeC \u0110I\u1ec0U KHI\u1ec2N \u0110\u1ea2O CHI\u1ec0U \u0110\u1ed8NG C\u01a0 RF3DC-RMC1\">C\u00d4NG T\u1eaeC \u0110I\u1ec0U KHI\u1ec2N \u0110\u1ea2O CHI\u1ec0U \u0110\u1ed8NG C\u01a0 RF3DC-RMC1<\/a><\/li><li class='ez-toc-page-1 ez-toc-heading-level-2'><a class=\"ez-toc-link ez-toc-heading-2\" href=\"https:\/\/kawasan.vn\/en\/product\/cong-tac-dieu-khien-dong-co-dc-rf3dc-rmc1\/#TINH_NANG_NOI_BAT_CONG_TAC_DIEU_KHIEN_TU_RF3DC\" title=\"T\u00cdNH N\u0102NG N\u1ed4I B\u1eacT C\u00d4NG T\u1eaeC \u0110I\u1ec0U KHI\u1ec2N T\u1eea RF3DC\">T\u00cdNH N\u0102NG N\u1ed4I B\u1eacT C\u00d4NG T\u1eaeC \u0110I\u1ec0U KHI\u1ec2N T\u1eea RF3DC<\/a><\/li><li class='ez-toc-page-1 ez-toc-heading-level-2'><a class=\"ez-toc-link ez-toc-heading-3\" href=\"https:\/\/kawasan.vn\/en\/product\/cong-tac-dieu-khien-dong-co-dc-rf3dc-rmc1\/#UNG_DUNG_CONG_TAC_DIEU_KHIEN_DAO_CHIEU_RF3DC-RMC1\" title=\"\u1ee8NG D\u1ee4NG C\u00d4NG T\u1eaeC \u0110I\u1ec0U KHI\u1ec2N \u0110\u1ea2O CHI\u1ec0U RF3DC-RMC1\">\u1ee8NG D\u1ee4NG C\u00d4NG T\u1eaeC \u0110I\u1ec0U KHI\u1ec2N \u0110\u1ea2O CHI\u1ec0U RF3DC-RMC1<\/a><\/li><li class='ez-toc-page-1 ez-toc-heading-level-2'><a class=\"ez-toc-link ez-toc-heading-4\" href=\"https:\/\/kawasan.vn\/en\/product\/cong-tac-dieu-khien-dong-co-dc-rf3dc-rmc1\/#_VI_SAO_NEN_CHON_MUA_CONG_TAC_DIEU_KHIEN_TU_XA_DAO_CHIEU_DONG_CO_KAWASAN\" title=\"\u00a0V\u00cc SAO N\u00caN CH\u1eccN MUA C\u00d4NG T\u1eaeC \u0110I\u1ec0U KHI\u1ec2N T\u1eea XA \u0110\u1ea2O CHI\u1ec0U \u0110\u1ed8NG C\u01a0 KAWASAN?\">\u00a0V\u00cc SAO N\u00caN CH\u1eccN MUA C\u00d4NG T\u1eaeC \u0110I\u1ec0U KHI\u1ec2N T\u1eea XA \u0110\u1ea2O CHI\u1ec0U \u0110\u1ed8NG C\u01a0 KAWASAN?<\/a><\/li><\/ul><\/nav><\/div>\n\n<ul>\n<li>RF3DC l\u00e0 c\u00f4ng t\u1eafc \u0111i\u1ec1u khi\u1ec3n \u0111\u1ed9ng c\u01a1 DC. T\u00edch h\u1ee3p v\u1edbi remote \u0111i\u1ec1u khi\u1ec3n t\u1eeb xa b\u1eb1ng s\u00f3ng RF433 Mhz. D\u1ec5 d\u00e0ng \u0111i\u1ec1u khi\u1ec3n b\u1eadt, t\u1eaft, di chuy\u1ec3n sang tr\u00e1i\/ ph\u1ea3i, \u0111\u1ea3o chi\u1ec1u c\u00e1c thi\u1ebft b\u1ecb l\u00e0m vi\u1ec7c.<\/li>\n<li>Kh\u1ea3 n\u0103ng nh\u1eadn s\u00f3ng t\u1ed1t, xuy\u00ean \u0111\u01b0\u1ee3c v\u1eadt c\u1ea3n nh\u01b0: g\u1ed7, k\u00ednh, t\u01b0\u1eddng m\u1ecfng&#8230;<\/li>\n<li>T\u00edch h\u1ee3p \u0111\u01b0\u1ee3c t\u1ed1i \u0111a 5\u00a0remote<\/li>\n<li>C\u00f3 th\u1ec3 \u0111i\u1ec1u khi\u1ec3n \u0111\u1ed9ng c\u01a1 b\u1eb1ng remote ho\u1eb7c n\u00fat nh\u1ea5n tay<\/li>\n<li>C\u00f3 ng\u00f5 ra c\u00f4ng t\u1eafc h\u00e0nh tr\u00ecnh v\u00f4 c\u00f9ng ti\u1ec7n l\u1ee3i<\/li>\n<\/ul>\n<p><img loading=\"lazy\" decoding=\"async\" class=\"wp-image-17551\" title=\"C\u00f4ng t\u1eafc \u0111i\u1ec1u khi\u1ec3n \u0111\u1ed9ng c\u01a1 DC RF3DC-RMC1\" src=\"https:\/\/kawasan.vn\/wp-content\/uploads\/2024\/03\/cong-tac-dieu-khien-dong-co-2.jpg\" alt=\"C\u00f4ng t\u1eafc \u0111i\u1ec1u khi\u1ec3n \u0111\u1ed9ng c\u01a1 DC RF3DC-RMC1\" width=\"600\" height=\"338\" \/><\/p>\n<h2><span class=\"ez-toc-section\" id=\"TINH_NANG_NOI_BAT_CONG_TAC_DIEU_KHIEN_TU_RF3DC\"><\/span><strong>T\u00cdNH N\u0102NG N\u1ed4I B\u1eacT C\u00d4NG T\u1eaeC \u0110I\u1ec0U KHI\u1ec2N T\u1eea RF3DC<\/strong><span class=\"ez-toc-section-end\"><\/span><\/h2>\n<ul>\n<li><strong>\u200b<\/strong>Ch\u1ee9c n\u0103ng \u0111\u1ea3o chi\u1ec1u, thay \u0111\u1ed5i t\u1ed1c \u0111\u1ed9 c\u1ee7a \u0111\u1ed9ng c\u01a1<\/li>\n<li>Ch\u1ee9c n\u0103ng kh\u1edfi \u0111\u1ed9ng m\u1ec1m tr\u01b0\u1edbc khi b\u1eadt t\u1eaft \u0111\u1ed9ng c\u01a1<\/li>\n<\/ul>\n<h2><span class=\"ez-toc-section\" id=\"UNG_DUNG_CONG_TAC_DIEU_KHIEN_DAO_CHIEU_RF3DC-RMC1\"><\/span>\u1ee8NG D\u1ee4NG C\u00d4NG T\u1eaeC \u0110I\u1ec0U KHI\u1ec2N \u0110\u1ea2O CHI\u1ec0U RF3DC-RMC1<span class=\"ez-toc-section-end\"><\/span><\/h2>\n<p><a href=\"https:\/\/kawasan.vn\/en\/product-category\/cong-tac-dieu-khien-tu-xa\/\" target=\"_blank\" rel=\"noopener\">\u0110i\u1ec1u khi\u1ec3n t\u1eeb xa<\/a>: r\u00e8m c\u1eeda, c\u1eeda s\u1ed5 gi\u1ebfng tr\u1eddi, thi\u1ebft b\u1ecb n\u00e2ng h\u1ea1 h\u00e0ng h\u00f3a, h\u1ec7 th\u1ed1ng c\u1eeda x\u1ebfp&#8230;.\u200b<\/p>\n<figure id=\"attachment_17554\" aria-describedby=\"caption-attachment-17554\" style=\"width: 600px\" class=\"wp-caption aligncenter\"><img loading=\"lazy\" decoding=\"async\" class=\"wp-image-17554\" title=\"C\u00f4ng t\u1eafc \u0111i\u1ec1u khi\u1ec3n \u0111\u1ed9ng c\u01a1 DC RF3DC-RMC1\" src=\"https:\/\/kawasan.vn\/wp-content\/uploads\/2024\/03\/cong-tac-dieu-khien-tu-xa-RF3DC-RMC1-4.jpg\" alt=\"C\u00f4ng t\u1eafc \u0111i\u1ec1u khi\u1ec3n \u0111\u1ed9ng c\u01a1 DC RF3DC-RMC1\" width=\"600\" height=\"437\" \/><figcaption id=\"caption-attachment-17554\" class=\"wp-caption-text\">C\u00f4ng t\u1eafc \u0111i\u1ec1u khi\u1ec3n \u0111\u1ed9ng c\u01a1 DC RF3DC-RMC1<\/figcaption><\/figure>\n<figure id=\"attachment_17552\" aria-describedby=\"caption-attachment-17552\" style=\"width: 600px\" class=\"wp-caption aligncenter\"><img loading=\"lazy\" decoding=\"async\" class=\"wp-image-17552\" title=\"\u0110i\u1ec1u khi\u1ec3n cho gi\u1ebfng tr\u1eddi \u1edf nh\u00e0 \u1edf, v\u0103n ph\u00f2ng...\" src=\"https:\/\/kawasan.vn\/wp-content\/uploads\/2024\/03\/cong-tac-dieu-khien-tu-xa-RF3DC-RMC1-1.jpg\" alt=\"\u0110i\u1ec1u khi\u1ec3n cho gi\u1ebfng tr\u1eddi \u1edf nh\u00e0 \u1edf, v\u0103n ph\u00f2ng...\" width=\"600\" height=\"478\" \/><figcaption id=\"caption-attachment-17552\" class=\"wp-caption-text\">\u0110i\u1ec1u khi\u1ec3n cho gi\u1ebfng tr\u1eddi \u1edf nh\u00e0 \u1edf, v\u0103n ph\u00f2ng&#8230;<\/figcaption><\/figure>\n<figure id=\"attachment_17556\" aria-describedby=\"caption-attachment-17556\" style=\"width: 600px\" class=\"wp-caption aligncenter\"><img loading=\"lazy\" decoding=\"async\" class=\"wp-image-17556\" title=\"Chuy\u00ean d\u1ee5ng d\u00f9ng trong c\u00e1c b\u0103ng chuy\u1ec1n, b\u1eb1ng t\u1ea3i c\u00f4ng nghi\u1ec7p\" src=\"https:\/\/kawasan.vn\/wp-content\/uploads\/2024\/03\/cong-tac-dieu-khien-tu-xa-RF3DC-RMC1-5.jpg\" alt=\"Chuy\u00ean d\u1ee5ng d\u00f9ng trong c\u00e1c b\u0103ng chuy\u1ec1n, b\u1eb1ng t\u1ea3i c\u00f4ng nghi\u1ec7p\" width=\"600\" height=\"313\" \/><figcaption id=\"caption-attachment-17556\" class=\"wp-caption-text\">Chuy\u00ean d\u1ee5ng d\u00f9ng trong c\u00e1c b\u0103ng chuy\u1ec1n, b\u1eb1ng t\u1ea3i c\u00f4ng nghi\u1ec7p<\/figcaption><\/figure>\n<h2><span class=\"ez-toc-section\" id=\"_VI_SAO_NEN_CHON_MUA_CONG_TAC_DIEU_KHIEN_TU_XA_DAO_CHIEU_DONG_CO_KAWASAN\"><\/span>\u00a0V\u00cc SAO N\u00caN CH\u1eccN MUA C\u00d4NG T\u1eaeC \u0110I\u1ec0U KHI\u1ec2N T\u1eea XA \u0110\u1ea2O CHI\u1ec0U \u0110\u1ed8NG C\u01a0 KAWASAN?<span class=\"ez-toc-section-end\"><\/span><\/h2>\n<ul>\n<li><a href=\"https:\/\/kawasan.com.vn\/\" target=\"_blank\" rel=\"noopener\">Kawasan<\/a> l\u00e0 nh\u00e3n hi\u1ec7u chuy\u00ean v\u1ec1 c\u00e1c thi\u1ebft b\u1ecb th\u00f4ng minh. Trong \u0111\u00f3 thi\u1ebft b\u1ecb \u0111i\u1ec1u khi\u1ec3n t\u1eeb xa \u0111\u00e3 c\u00f3 m\u1eb7t tr\u00ean th\u1ecb tr\u01b0\u1eddng nhi\u1ec1u n\u0103m t\u1ea1i Vi\u1ec7t Nam. \u0110\u1ed3ng th\u1eddi nh\u00e3n hi\u1ec7u KAWASAN \u0111\u00e3 c\u00f3 \u0111\u0103ng k\u00fd b\u1ea3o h\u1ed9 nh\u00e3n hi\u1ec7u t\u1ea1i Vi\u1ec7t Nam.<\/li>\n<li>S\u1ea3n ph\u1ea9m \u0111\u01b0\u1ee3c nghi\u00ean c\u1ee9u v\u00e0 s\u1ea3n xu\u1ea5t t\u1ea1i Vi\u1ec7t Nam v\u1edbi h\u1ec7 th\u1ed1ng ph\u00e2n ph\u1ed1i to\u00e0n qu\u1ed1c. H\u1ec7 th\u1ed1ng v\u0103n ph\u00f2ng d\u1ecbch v\u1ee5 t\u01b0 v\u1ea5n, b\u1ea3o h\u00e0nh 2 n\u0103m \u0111\u1ec1u c\u00f3 t\u1ea1i c\u00e1c th\u00e0nh ph\u1ed1 l\u1edbn tr\u00ean to\u00e0n qu\u1ed1c.<\/li>\n<li>Ch\u1ea5t l\u01b0\u1ee3ng c\u00f4ng t\u1eafc \u0111i\u1ec1u khi\u1ec3n t\u1eeb xa c\u00f4ng su\u1ea5t l\u1edbn \u0111\u01b0\u1ee3c c\u00f4ng ty \u0111\u1ea7u t\u01b0 nghi\u00ean c\u1ee9u v\u00e0 c\u1ea3i ti\u1ebfn li\u00ean t\u1ee5c. V\u00ec v\u1eady ch\u1ea5t l\u01b0\u1ee3ng \u0111\u01b0\u1ee3c \u0111\u1ea3m b\u1ea3o v\u00e0 c\u00f3 th\u1ec3 t\u00edch h\u1ee3p th\u00eam remote d\u1ec5 d\u00e0ng.<\/li>\n<li>Th\u00f4ng tin in b\u1eb1ng ti\u1ebfng Vi\u1ec7t gi\u00fap ng\u01b0\u1eddi d\u00f9ng d\u1ec5 s\u1eed d\u1ee5ng v\u00e0 c\u00e0i \u0111\u1eb7t.<\/li>\n<\/ul>","protected":false},"excerpt":{"rendered":"<p>C\u00d4NG T\u1eaeC \u0110I\u1ec0U KHI\u1ec2N \u0110\u1ea2O CHI\u1ec0U \u0110\u1ed8NG C\u01a0 RF3DC-RMC1 RF3DC l\u00e0 c\u00f4ng t\u1eafc \u0111i\u1ec1u khi\u1ec3n \u0111\u1ed9ng c\u01a1 DC. T\u00edch h\u1ee3p v\u1edbi remote \u0111i\u1ec1u khi\u1ec3n t\u1eeb xa b\u1eb1ng s\u00f3ng RF433 Mhz. D\u1ec5 d\u00e0ng \u0111i\u1ec1u khi\u1ec3n b\u1eadt, t\u1eaft, di chuy\u1ec3n sang tr\u00e1i\/ ph\u1ea3i, \u0111\u1ea3o chi\u1ec1u c\u00e1c thi\u1ebft b\u1ecb l\u00e0m vi\u1ec7c. Kh\u1ea3 n\u0103ng nh\u1eadn s\u00f3ng t\u1ed1t, xuy\u00ean \u0111\u01b0\u1ee3c [&hellip;]<\/p>","protected":false},"featured_media":17555,"comment_status":"open","ping_status":"closed","template":"","meta":{"_yoast_wpseo_focuskw":"c\u00f4ng t\u1eafc \u0111i\u1ec1u khi\u1ec3n \u0111\u1ed9ng c\u01a1","_yoast_wpseo_metadesc":"RF3DC l\u00e0 c\u00f4ng t\u1eafc \u0111i\u1ec1u khi\u1ec3n \u0111\u1ed9ng c\u01a1 DC. T\u00edch h\u1ee3p v\u1edbi remote \u0111i\u1ec1u khi\u1ec3n t\u1eeb xa b\u1eb1ng s\u00f3ng RF433 Mhz. Kho\u1ea3ng c\u00e1ch nh\u1eadn t\u00edn hi\u1ec7u 10-30m tu\u1ef3 t\u1eadt c\u1ea3n","_yoast_wpseo_focuskeywords":"","_yoast_wpseo_keyword_synonyms":""},"product_cat":[508,63],"product_tag":[1138,1248,1135,941,1136,1140,1133,823,730,1139,1134,1137,1131,1132,1249,1250,1142,1141],"class_list":["post-17546","product","type-product","status-publish","has-post-thumbnail","hentry","product_cat-cong-tac-dieu-khien-tu-xa-bang-dien-thoai","product_cat-cong-tac-dieu-khien-tu-xa","product_tag-bo-cong-tac-dieu-khien-tu-xa","product_tag-bo-cong-tac-dieu-khien-tu-xa-co-hen-gio","product_tag-bo-dieu-khien-may-bom-tu-xa","product_tag-cong-tac-den-dieu-khien-tu-xa","product_tag-cong-tac-dien-dieu-khien-tu-xa","product_tag-cong-tac-dien-dieu-khien-tu-xa-bang-dien-thoai","product_tag-cong-tac-dien-dieu-khien-tu-xa-bang-remote","product_tag-cong-tac-dieu-khien","product_tag-cong-tac-dieu-khien-tu-xa","product_tag-cong-tac-dieu-khien-tu-xa-12v","product_tag-cong-tac-dieu-khien-tu-xa-220v","product_tag-cong-tac-dieu-khien-tu-xa-bang-dien-thoai","product_tag-cong-tac-dieu-khien-tu-xa-qua-wifi","product_tag-cong-tac-dieu-khien-tu-xa-qua-wifi-3g","product_tag-cong-tac-hen-gio-dieu-khien-tu-xa","product_tag-cong-tac-hen-gio-tu-dong-bat-tat","product_tag-cong-tac-thong-minh-dieu-khien-tu-xa","product_tag-hat-cong-tac-dieu-khien-tu-xa"],"acf":[],"yoast_head":"<!-- This site is optimized with the Yoast SEO Premium plugin v24.9 (Yoast SEO v24.9) - https:\/\/yoast.com\/wordpress\/plugins\/seo\/ -->\n<title>C\u00f4ng T\u1eafc \u0110i\u1ec1u Khi\u1ec3n \u0110\u1ed9ng C\u01a1 DC RF3DC-RMC1 - Kawasan<\/title>\n<meta name=\"description\" content=\"RF3DC l\u00e0 c\u00f4ng t\u1eafc \u0111i\u1ec1u khi\u1ec3n \u0111\u1ed9ng c\u01a1 DC. T\u00edch h\u1ee3p v\u1edbi remote \u0111i\u1ec1u khi\u1ec3n t\u1eeb xa b\u1eb1ng s\u00f3ng RF433 Mhz. Kho\u1ea3ng c\u00e1ch nh\u1eadn t\u00edn hi\u1ec7u 10-30m tu\u1ef3 t\u1eadt c\u1ea3n\" \/>\n<meta name=\"robots\" content=\"index, follow, max-snippet:-1, max-image-preview:large, max-video-preview:-1\" \/>\n<link rel=\"canonical\" href=\"https:\/\/kawasan.vn\/en\/product\/cong-tac-dieu-khien-dong-co-dc-rf3dc-rmc1\/\" \/>\n<meta property=\"og:locale\" content=\"en_US\" \/>\n<meta property=\"og:type\" content=\"article\" \/>\n<meta property=\"og:title\" content=\"C\u00f4ng T\u1eafc \u0110i\u1ec1u Khi\u1ec3n \u0110\u1ed9ng C\u01a1 DC RF3DC-RMC1\" \/>\n<meta property=\"og:description\" content=\"RF3DC l\u00e0 c\u00f4ng t\u1eafc \u0111i\u1ec1u khi\u1ec3n \u0111\u1ed9ng c\u01a1 DC. T\u00edch h\u1ee3p v\u1edbi remote \u0111i\u1ec1u khi\u1ec3n t\u1eeb xa b\u1eb1ng s\u00f3ng RF433 Mhz. Kho\u1ea3ng c\u00e1ch nh\u1eadn t\u00edn hi\u1ec7u 10-30m tu\u1ef3 t\u1eadt c\u1ea3n\" \/>\n<meta property=\"og:url\" content=\"https:\/\/kawasan.vn\/en\/product\/cong-tac-dieu-khien-dong-co-dc-rf3dc-rmc1\/\" \/>\n<meta property=\"og:site_name\" content=\"Kawasan\" \/>\n<meta property=\"article:modified_time\" content=\"2025-04-18T07:39:06+00:00\" \/>\n<meta property=\"og:image\" content=\"https:\/\/kawasan.vn\/wp-content\/uploads\/2024\/03\/RF3DC-RMC1-Image-600x600-1.jpg\" \/>\n\t<meta property=\"og:image:width\" content=\"600\" \/>\n\t<meta property=\"og:image:height\" content=\"600\" \/>\n\t<meta property=\"og:image:type\" content=\"image\/jpeg\" \/>\n<meta name=\"twitter:card\" content=\"summary_large_image\" \/>\n<meta name=\"twitter:label1\" content=\"Est. reading time\" \/>\n\t<meta name=\"twitter:data1\" content=\"3 minutes\" \/>\n<script type=\"application\/ld+json\" class=\"yoast-schema-graph\">{\"@context\":\"https:\/\/schema.org\",\"@graph\":[{\"@type\":\"WebPage\",\"@id\":\"https:\/\/kawasan.vn\/san-pham\/cong-tac-dieu-khien-dong-co-dc-rf3dc-rmc1\/\",\"url\":\"https:\/\/kawasan.vn\/san-pham\/cong-tac-dieu-khien-dong-co-dc-rf3dc-rmc1\/\",\"name\":\"C\u00f4ng T\u1eafc \u0110i\u1ec1u Khi\u1ec3n \u0110\u1ed9ng C\u01a1 DC RF3DC-RMC1 - Kawasan\",\"isPartOf\":{\"@id\":\"https:\/\/kawasan.vn\/#website\"},\"primaryImageOfPage\":{\"@id\":\"https:\/\/kawasan.vn\/san-pham\/cong-tac-dieu-khien-dong-co-dc-rf3dc-rmc1\/#primaryimage\"},\"image\":{\"@id\":\"https:\/\/kawasan.vn\/san-pham\/cong-tac-dieu-khien-dong-co-dc-rf3dc-rmc1\/#primaryimage\"},\"thumbnailUrl\":\"https:\/\/kawasan.vn\/wp-content\/uploads\/2024\/03\/RF3DC-RMC1-Image-600x600-1.jpg\",\"datePublished\":\"2024-03-01T06:21:43+00:00\",\"dateModified\":\"2025-04-18T07:39:06+00:00\",\"description\":\"RF3DC l\u00e0 c\u00f4ng t\u1eafc \u0111i\u1ec1u khi\u1ec3n \u0111\u1ed9ng c\u01a1 DC. T\u00edch h\u1ee3p v\u1edbi remote \u0111i\u1ec1u khi\u1ec3n t\u1eeb xa b\u1eb1ng s\u00f3ng RF433 Mhz. Kho\u1ea3ng c\u00e1ch nh\u1eadn t\u00edn hi\u1ec7u 10-30m tu\u1ef3 t\u1eadt c\u1ea3n\",\"breadcrumb\":{\"@id\":\"https:\/\/kawasan.vn\/san-pham\/cong-tac-dieu-khien-dong-co-dc-rf3dc-rmc1\/#breadcrumb\"},\"inLanguage\":\"en-US\",\"potentialAction\":[{\"@type\":\"ReadAction\",\"target\":[\"https:\/\/kawasan.vn\/san-pham\/cong-tac-dieu-khien-dong-co-dc-rf3dc-rmc1\/\"]}]},{\"@type\":\"ImageObject\",\"inLanguage\":\"en-US\",\"@id\":\"https:\/\/kawasan.vn\/san-pham\/cong-tac-dieu-khien-dong-co-dc-rf3dc-rmc1\/#primaryimage\",\"url\":\"https:\/\/kawasan.vn\/wp-content\/uploads\/2024\/03\/RF3DC-RMC1-Image-600x600-1.jpg\",\"contentUrl\":\"https:\/\/kawasan.vn\/wp-content\/uploads\/2024\/03\/RF3DC-RMC1-Image-600x600-1.jpg\",\"width\":600,\"height\":600},{\"@type\":\"BreadcrumbList\",\"@id\":\"https:\/\/kawasan.vn\/san-pham\/cong-tac-dieu-khien-dong-co-dc-rf3dc-rmc1\/#breadcrumb\",\"itemListElement\":[{\"@type\":\"ListItem\",\"position\":1,\"name\":\"Trang ch\u1ee7\",\"item\":\"https:\/\/kawasan.vn\/\"},{\"@type\":\"ListItem\",\"position\":2,\"name\":\"S\u1ea3n ph\u1ea9m\",\"item\":\"https:\/\/kawasan.vn\/san-pham\/\"},{\"@type\":\"ListItem\",\"position\":3,\"name\":\"C\u00f4ng T\u1eafc \u0110i\u1ec1u Khi\u1ec3n \u0110\u1ed9ng C\u01a1 DC RF3DC-RMC1\"}]},{\"@type\":\"WebSite\",\"@id\":\"https:\/\/kawasan.vn\/#website\",\"url\":\"https:\/\/kawasan.vn\/\",\"name\":\"Kawasan\",\"description\":\"\",\"potentialAction\":[{\"@type\":\"SearchAction\",\"target\":{\"@type\":\"EntryPoint\",\"urlTemplate\":\"https:\/\/kawasan.vn\/?s={search_term_string}\"},\"query-input\":{\"@type\":\"PropertyValueSpecification\",\"valueRequired\":true,\"valueName\":\"search_term_string\"}}],\"inLanguage\":\"en-US\"}]}<\/script>\n<!-- \/ Yoast SEO Premium plugin. -->","yoast_head_json":{"title":"C\u00f4ng T\u1eafc \u0110i\u1ec1u Khi\u1ec3n \u0110\u1ed9ng C\u01a1 DC RF3DC-RMC1 - Kawasan","description":"RF3DC l\u00e0 c\u00f4ng t\u1eafc \u0111i\u1ec1u khi\u1ec3n \u0111\u1ed9ng c\u01a1 DC. T\u00edch h\u1ee3p v\u1edbi remote \u0111i\u1ec1u khi\u1ec3n t\u1eeb xa b\u1eb1ng s\u00f3ng RF433 Mhz. Kho\u1ea3ng c\u00e1ch nh\u1eadn t\u00edn hi\u1ec7u 10-30m tu\u1ef3 t\u1eadt c\u1ea3n","robots":{"index":"index","follow":"follow","max-snippet":"max-snippet:-1","max-image-preview":"max-image-preview:large","max-video-preview":"max-video-preview:-1"},"canonical":"https:\/\/kawasan.vn\/en\/product\/cong-tac-dieu-khien-dong-co-dc-rf3dc-rmc1\/","og_locale":"en_US","og_type":"article","og_title":"C\u00f4ng T\u1eafc \u0110i\u1ec1u Khi\u1ec3n \u0110\u1ed9ng C\u01a1 DC RF3DC-RMC1","og_description":"RF3DC l\u00e0 c\u00f4ng t\u1eafc \u0111i\u1ec1u khi\u1ec3n \u0111\u1ed9ng c\u01a1 DC. T\u00edch h\u1ee3p v\u1edbi remote \u0111i\u1ec1u khi\u1ec3n t\u1eeb xa b\u1eb1ng s\u00f3ng RF433 Mhz. Kho\u1ea3ng c\u00e1ch nh\u1eadn t\u00edn hi\u1ec7u 10-30m tu\u1ef3 t\u1eadt c\u1ea3n","og_url":"https:\/\/kawasan.vn\/en\/product\/cong-tac-dieu-khien-dong-co-dc-rf3dc-rmc1\/","og_site_name":"Kawasan","article_modified_time":"2025-04-18T07:39:06+00:00","og_image":[{"width":600,"height":600,"url":"https:\/\/kawasan.vn\/wp-content\/uploads\/2024\/03\/RF3DC-RMC1-Image-600x600-1.jpg","type":"image\/jpeg"}],"twitter_card":"summary_large_image","twitter_misc":{"Est. reading time":"3 minutes"},"schema":{"@context":"https:\/\/schema.org","@graph":[{"@type":"WebPage","@id":"https:\/\/kawasan.vn\/san-pham\/cong-tac-dieu-khien-dong-co-dc-rf3dc-rmc1\/","url":"https:\/\/kawasan.vn\/san-pham\/cong-tac-dieu-khien-dong-co-dc-rf3dc-rmc1\/","name":"C\u00f4ng T\u1eafc \u0110i\u1ec1u Khi\u1ec3n \u0110\u1ed9ng C\u01a1 DC RF3DC-RMC1 - Kawasan","isPartOf":{"@id":"https:\/\/kawasan.vn\/#website"},"primaryImageOfPage":{"@id":"https:\/\/kawasan.vn\/san-pham\/cong-tac-dieu-khien-dong-co-dc-rf3dc-rmc1\/#primaryimage"},"image":{"@id":"https:\/\/kawasan.vn\/san-pham\/cong-tac-dieu-khien-dong-co-dc-rf3dc-rmc1\/#primaryimage"},"thumbnailUrl":"https:\/\/kawasan.vn\/wp-content\/uploads\/2024\/03\/RF3DC-RMC1-Image-600x600-1.jpg","datePublished":"2024-03-01T06:21:43+00:00","dateModified":"2025-04-18T07:39:06+00:00","description":"RF3DC l\u00e0 c\u00f4ng t\u1eafc \u0111i\u1ec1u khi\u1ec3n \u0111\u1ed9ng c\u01a1 DC. T\u00edch h\u1ee3p v\u1edbi remote \u0111i\u1ec1u khi\u1ec3n t\u1eeb xa b\u1eb1ng s\u00f3ng RF433 Mhz. Kho\u1ea3ng c\u00e1ch nh\u1eadn t\u00edn hi\u1ec7u 10-30m tu\u1ef3 t\u1eadt c\u1ea3n","breadcrumb":{"@id":"https:\/\/kawasan.vn\/san-pham\/cong-tac-dieu-khien-dong-co-dc-rf3dc-rmc1\/#breadcrumb"},"inLanguage":"en-US","potentialAction":[{"@type":"ReadAction","target":["https:\/\/kawasan.vn\/san-pham\/cong-tac-dieu-khien-dong-co-dc-rf3dc-rmc1\/"]}]},{"@type":"ImageObject","inLanguage":"en-US","@id":"https:\/\/kawasan.vn\/san-pham\/cong-tac-dieu-khien-dong-co-dc-rf3dc-rmc1\/#primaryimage","url":"https:\/\/kawasan.vn\/wp-content\/uploads\/2024\/03\/RF3DC-RMC1-Image-600x600-1.jpg","contentUrl":"https:\/\/kawasan.vn\/wp-content\/uploads\/2024\/03\/RF3DC-RMC1-Image-600x600-1.jpg","width":600,"height":600},{"@type":"BreadcrumbList","@id":"https:\/\/kawasan.vn\/san-pham\/cong-tac-dieu-khien-dong-co-dc-rf3dc-rmc1\/#breadcrumb","itemListElement":[{"@type":"ListItem","position":1,"name":"Trang ch\u1ee7","item":"https:\/\/kawasan.vn\/"},{"@type":"ListItem","position":2,"name":"S\u1ea3n ph\u1ea9m","item":"https:\/\/kawasan.vn\/san-pham\/"},{"@type":"ListItem","position":3,"name":"C\u00f4ng T\u1eafc \u0110i\u1ec1u Khi\u1ec3n \u0110\u1ed9ng C\u01a1 DC RF3DC-RMC1"}]},{"@type":"WebSite","@id":"https:\/\/kawasan.vn\/#website","url":"https:\/\/kawasan.vn\/","name":"Kawasan","description":"","potentialAction":[{"@type":"SearchAction","target":{"@type":"EntryPoint","urlTemplate":"https:\/\/kawasan.vn\/?s={search_term_string}"},"query-input":{"@type":"PropertyValueSpecification","valueRequired":true,"valueName":"search_term_string"}}],"inLanguage":"en-US"}]}},"_links":{"self":[{"href":"https:\/\/kawasan.vn\/en\/wp-json\/wp\/v2\/product\/17546","targetHints":{"allow":["GET"]}}],"collection":[{"href":"https:\/\/kawasan.vn\/en\/wp-json\/wp\/v2\/product"}],"about":[{"href":"https:\/\/kawasan.vn\/en\/wp-json\/wp\/v2\/types\/product"}],"replies":[{"embeddable":true,"href":"https:\/\/kawasan.vn\/en\/wp-json\/wp\/v2\/comments?post=17546"}],"version-history":[{"count":1,"href":"https:\/\/kawasan.vn\/en\/wp-json\/wp\/v2\/product\/17546\/revisions"}],"predecessor-version":[{"id":18475,"href":"https:\/\/kawasan.vn\/en\/wp-json\/wp\/v2\/product\/17546\/revisions\/18475"}],"wp:featuredmedia":[{"embeddable":true,"href":"https:\/\/kawasan.vn\/en\/wp-json\/wp\/v2\/media\/17555"}],"wp:attachment":[{"href":"https:\/\/kawasan.vn\/en\/wp-json\/wp\/v2\/media?parent=17546"}],"wp:term":[{"taxonomy":"product_cat","embeddable":true,"href":"https:\/\/kawasan.vn\/en\/wp-json\/wp\/v2\/product_cat?post=17546"},{"taxonomy":"product_tag","embeddable":true,"href":"https:\/\/kawasan.vn\/en\/wp-json\/wp\/v2\/product_tag?post=17546"}],"curies":[{"name":"wp","href":"https:\/\/api.w.org\/{rel}","templated":true}]}}