{"id":17503,"date":"2024-03-01T04:17:57","date_gmt":"2024-03-01T04:17:57","guid":{"rendered":"https:\/\/kawasan.123websitedev.com\/?post_type=product&#038;p=17503"},"modified":"2025-09-20T13:29:48","modified_gmt":"2025-09-20T06:29:48","slug":"tu-dieu-khien-tu-xa-cong-suat-cao-rf10a-rm2c-25a","status":"publish","type":"product","link":"https:\/\/kawasan.vn\/en\/product\/tu-dieu-khien-tu-xa-cong-suat-cao-rf10a-rm2c-25a\/","title":{"rendered":"T\u1ee7 \u0110i\u1ec1u Khi\u1ec3n T\u1eeb Xa C\u00f4ng Su\u1ea5t Cao RF10A-RM2C 25A"},"content":{"rendered":"<p>T\u1ee7 c\u00f4ng su\u1ea5t <a href=\"https:\/\/kawasan.vn\/en\/product-category\/cong-tac-dieu-khien-tu-xa\/\" target=\"_blank\" rel=\"noopener\">\u0111i\u1ec1u khi\u1ec3n t\u1eeb xa<\/a> RF10A-RM2C 25A, d\u00f9ng \u0111\u1ec3 b\u1eadt &#8211; t\u1eaft c\u00e1c thi\u1ebft b\u1ecb c\u00f4ng su\u1ea5t l\u1edbn &lt; 3HP. Kho\u1ea3ng c\u00e1ch \u0111i\u1ec1u khi\u1ec3n 70-300m (tu\u1ef3 v\u1eadt c\u1ea3n). C\u00f3 kh\u1ea3 n\u0103ng xuy\u00ean \u0111\u01b0\u1ee3c v\u1eadt c\u1ea3n: g\u1ed7, k\u00ednh, t\u01b0\u1eddng m\u1ecfng&#8230;.Ph\u00f9 h\u1ee3p d\u00f9ng \u0111i\u1ec1u khi\u1ec3n c\u00e1c thi\u1ebft b\u1ecb nh\u01b0: b\u01a1m, h\u1ec7 th\u1ed1ng \u0111\u00e8n, h\u1ec7 th\u1ed1ng t\u01b0\u1edbi&#8230;C\u00f4ng t\u1eafc RF10A d\u00f9ng ngu\u1ed3n xung c\u00e1ch li ch\u1ed1ng ch\u1ea1m t\u1ed1t. Tr\u00e1nh r\u00f2 r\u1ec9 \u0111i\u1ec7n khi ch\u1ea1m v\u00e0o \u0111\u1ea7u \u0102nten.<\/p>\n<p><a href=\"https:\/\/kawasan.com.vn\/san-pham.html\/cong-tac-dieu-khien-tu-xa.html\/cong-tac-dieu-khien-tu-xa-bang-remote.html\" target=\"_blank\" rel=\"noopener\">T\u1ee7 t\u1eafc \u0111i\u1ec1u khi\u1ec3n t\u1eeb xa qua remote<\/a> bao g\u1ed3m: 1 kh\u1edfi \u0111\u1ed9ng t\u1eeb 25A, 1 c\u1ea7u dao 25A, 1 c\u00f4ng t\u1eafc RF10A, 1\u00a0 remote \u0111i\u1ec1u khi\u1ec3n RM2C. B\u1ed9 s\u1ea3n ph\u1ea9m \u0111\u01b0\u1ee3c l\u1eafp \u0111\u1eb7t trong h\u1ed9p k\u00edn n\u01b0\u1edbc. C\u00f3 th\u1ec3 l\u1eafp \u0111\u1eb7t \u1edf ngo\u00e0i tr\u1eddi v\u00f4 c\u00f9ng an to\u00e0n v\u00e0 ch\u1eafc ch\u1eafn.<\/p>\n<p><strong>L\u01b0u \u00fd<\/strong>: L\u1eafp \u0102nten tr\u01b0\u1edbc khi c\u1ea5p ngu\u1ed3n 220V cho cho c\u00f4ng t\u1eafc.<\/p>\n<figure id=\"attachment_17504\" aria-describedby=\"caption-attachment-17504\" style=\"width: 800px\" class=\"wp-caption aligncenter\"><img loading=\"lazy\" decoding=\"async\" class=\"wp-image-17504\" title=\"B\u1ed9 \u0111i\u1ec1u khi\u1ec3n t\u1eeb xa c\u00f4ng su\u1ea5t cao RF10A-RM2C 25A\" src=\"https:\/\/kawasan.vn\/wp-content\/uploads\/2024\/03\/cong-tac-dieu-khien-tu-xa-cong-suat-cao-rf10a.jpg\" alt=\"B\u1ed9 \u0111i\u1ec1u khi\u1ec3n t\u1eeb xa c\u00f4ng su\u1ea5t cao RF10A-RM2C 25A\" width=\"800\" height=\"566\" srcset=\"https:\/\/kawasan.vn\/wp-content\/uploads\/2024\/03\/cong-tac-dieu-khien-tu-xa-cong-suat-cao-rf10a-768x543.jpg 768w, https:\/\/kawasan.vn\/wp-content\/uploads\/2024\/03\/cong-tac-dieu-khien-tu-xa-cong-suat-cao-rf10a-640x453.jpg 640w, https:\/\/kawasan.vn\/wp-content\/uploads\/2024\/03\/cong-tac-dieu-khien-tu-xa-cong-suat-cao-rf10a-400x283.jpg 400w\" sizes=\"auto, (max-width: 800px) 100vw, 800px\" \/><figcaption id=\"caption-attachment-17504\" class=\"wp-caption-text\">B\u1ed9 \u0111i\u1ec1u khi\u1ec3n t\u1eeb xa c\u00f4ng su\u1ea5t cao RF10A-RM2C 25A<\/figcaption><\/figure>\n<figure id=\"attachment_17505\" aria-describedby=\"caption-attachment-17505\" style=\"width: 800px\" class=\"wp-caption aligncenter\"><img loading=\"lazy\" decoding=\"async\" class=\"wp-image-17505 size-full\" title=\"Thi\u1ebft k\u1ebf nh\u1ecf g\u1ecdn n\u1eb1m trong h\u1ed9p k\u00edn n\u01b0\u1edbc ch\u1eafc ch\u1eafn\" src=\"https:\/\/kawasan.vn\/wp-content\/uploads\/2024\/03\/cong-tac-dieu-khien-tu-xa-rf10a-25a1.png\" alt=\"Thi\u1ebft k\u1ebf nh\u1ecf g\u1ecdn n\u1eb1m trong h\u1ed9p k\u00edn n\u01b0\u1edbc ch\u1eafc ch\u1eafn\" width=\"800\" height=\"454\" srcset=\"https:\/\/kawasan.vn\/wp-content\/uploads\/2024\/03\/cong-tac-dieu-khien-tu-xa-rf10a-25a1.png 800w, https:\/\/kawasan.vn\/wp-content\/uploads\/2024\/03\/cong-tac-dieu-khien-tu-xa-rf10a-25a1-768x436.png 768w, https:\/\/kawasan.vn\/wp-content\/uploads\/2024\/03\/cong-tac-dieu-khien-tu-xa-rf10a-25a1-640x363.png 640w, https:\/\/kawasan.vn\/wp-content\/uploads\/2024\/03\/cong-tac-dieu-khien-tu-xa-rf10a-25a1-400x227.png 400w\" sizes=\"auto, (max-width: 800px) 100vw, 800px\" \/><figcaption id=\"caption-attachment-17505\" class=\"wp-caption-text\">Thi\u1ebft k\u1ebf nh\u1ecf g\u1ecdn n\u1eb1m trong h\u1ed9p k\u00edn n\u01b0\u1edbc ch\u1eafc ch\u1eafn<\/figcaption><\/figure>\n<figure id=\"attachment_17506\" aria-describedby=\"caption-attachment-17506\" style=\"width: 595px\" class=\"wp-caption aligncenter\"><img loading=\"lazy\" decoding=\"async\" class=\"wp-image-17506 size-full\" title=\"B\u1ed9 s\u1ea3n ph\u1ea9m \u0111i k\u00e8m remote \u0111i\u1ec1u khi\u1ec3n RM2C\" src=\"https:\/\/kawasan.vn\/wp-content\/uploads\/2024\/03\/cong-tac-dieu-khien-tu-xa-rf10a-25a.png\" alt=\"B\u1ed9 s\u1ea3n ph\u1ea9m \u0111i k\u00e8m remote \u0111i\u1ec1u khi\u1ec3n RM2C\" width=\"595\" height=\"602\" srcset=\"https:\/\/kawasan.vn\/wp-content\/uploads\/2024\/03\/cong-tac-dieu-khien-tu-xa-rf10a-25a.png 595w, https:\/\/kawasan.vn\/wp-content\/uploads\/2024\/03\/cong-tac-dieu-khien-tu-xa-rf10a-25a-400x405.png 400w\" sizes=\"auto, (max-width: 595px) 100vw, 595px\" \/><figcaption id=\"caption-attachment-17506\" class=\"wp-caption-text\">T\u1ee7 s\u1ea3n ph\u1ea9m \u0111i k\u00e8m remote \u0111i\u1ec1u khi\u1ec3n RM2C<\/figcaption><\/figure>\n<h3><span class=\"ez-toc-section\" id=\"TAI_SAO_NEN_CHON_KAWASAN\"><\/span><b>T\u1ea0I SAO N\u00caN CH\u1eccN KAWASAN?<\/b><span class=\"ez-toc-section-end\"><\/span><\/h3><div id=\"ez-toc-container\" class=\"ez-toc-v2_0_69_1 counter-hierarchy ez-toc-counter ez-toc-grey ez-toc-container-direction\">\n<div class=\"ez-toc-title-container\">\n<p class=\"ez-toc-title\" >N\u1ed9i Dung B&agrave;i Vi\u1ebft<\/p>\n<span class=\"ez-toc-title-toggle\"><a href=\"#\" class=\"ez-toc-pull-right ez-toc-btn ez-toc-btn-xs ez-toc-btn-default ez-toc-toggle\" aria-label=\"Toggle Table of Content\"><span class=\"ez-toc-js-icon-con\"><span class=\"\"><span class=\"eztoc-hide\" style=\"display:none;\">Toggle<\/span><span class=\"ez-toc-icon-toggle-span\"><svg style=\"fill: #999;color:#999\" xmlns=\"http:\/\/www.w3.org\/2000\/svg\" class=\"list-377408\" width=\"20px\" height=\"20px\" viewbox=\"0 0 24 24\" fill=\"none\"><path d=\"M6 6H4v2h2V6zm14 0H8v2h12V6zM4 11h2v2H4v-2zm16 0H8v2h12v-2zM4 16h2v2H4v-2zm16 0H8v2h12v-2z\" fill=\"currentColor\"><\/path><\/svg><svg style=\"fill: #999;color:#999\" class=\"arrow-unsorted-368013\" xmlns=\"http:\/\/www.w3.org\/2000\/svg\" width=\"10px\" height=\"10px\" viewbox=\"0 0 24 24\" version=\"1.2\" baseprofile=\"tiny\"><path d=\"M18.2 9.3l-6.2-6.3-6.2 6.3c-.2.2-.3.4-.3.7s.1.5.3.7c.2.2.4.3.7.3h11c.3 0 .5-.1.7-.3.2-.2.3-.5.3-.7s-.1-.5-.3-.7zM5.8 14.7l6.2 6.3 6.2-6.3c.2-.2.3-.5.3-.7s-.1-.5-.3-.7c-.2-.2-.4-.3-.7-.3h-11c-.3 0-.5.1-.7.3-.2.2-.3.5-.3.7s.1.5.3.7z\"\/><\/svg><\/span><\/span><\/span><\/a><\/span><\/div>\n<nav><ul class='ez-toc-list ez-toc-list-level-1 eztoc-toggle-hide-by-default' ><li class='ez-toc-page-1 ez-toc-heading-level-3'><a class=\"ez-toc-link ez-toc-heading-1\" href=\"https:\/\/kawasan.vn\/en\/product\/tu-dieu-khien-tu-xa-cong-suat-cao-rf10a-rm2c-25a\/#TAI_SAO_NEN_CHON_KAWASAN\" title=\"T\u1ea0I SAO N\u00caN CH\u1eccN KAWASAN?\">T\u1ea0I SAO N\u00caN CH\u1eccN KAWASAN?<\/a><ul class='ez-toc-list-level-4' ><li class='ez-toc-heading-level-4'><a class=\"ez-toc-link ez-toc-heading-2\" href=\"https:\/\/kawasan.vn\/en\/product\/tu-dieu-khien-tu-xa-cong-suat-cao-rf10a-rm2c-25a\/#CAM_KET_TU_KAWASAKAWASAN\" title=\"CAM K\u1ebeT T\u1eea KAWASAKAWASAN\">CAM K\u1ebeT T\u1eea KAWASAKAWASAN<\/a><\/li><li class='ez-toc-page-1 ez-toc-heading-level-4'><a class=\"ez-toc-link ez-toc-heading-3\" href=\"https:\/\/kawasan.vn\/en\/product\/tu-dieu-khien-tu-xa-cong-suat-cao-rf10a-rm2c-25a\/#Mua_chinh_hang_tai\" title=\"Mua ch\u00ednh h\u00e3ng t\u1ea1i:\">Mua ch\u00ednh h\u00e3ng t\u1ea1i:<\/a><\/li><\/ul><\/li><\/ul><\/nav><\/div>\n\n<ul>\n<li>Th\u01b0\u01a1ng hi\u1ec7u h\u00e0ng \u0111\u1ea7u Vi\u1ec7t Nam trong l\u0129nh v\u1ef1c \u0111i\u1ec7n t\u1ef1 \u0111\u1ed9ng, an ninh, an to\u00e0n v\u00e0 \u0111i\u1ec7n th\u00f4ng minh t\u1eeb 2007 v\u00e0 \u0111\u00e8n led d\u00e2n d\u1ee5ng, \u0111\u00e8n n\u0103ng l\u01b0\u1ee3ng m\u1eb7t tr\u1eddi t\u1eeb n\u0103m 2012<\/li>\n<li>\u0110\u1ed9 b\u1ec1n cao, linh ki\u1ec7n ch\u1ecdn l\u1ecdc \u2013 Ho\u1ea1t \u0111\u1ed9ng \u1ed5n \u0111\u1ecbnh c\u1ea3 trong \u0111i\u1ec1u ki\u1ec7n th\u1eddi ti\u1ebft kh\u1eafc nghi\u1ec7t<\/li>\n<li>Ch\u00ednh s\u00e1ch b\u1ea3o h\u00e0nh v\u01b0\u1ee3t tr\u1ed9i \u2013 H\u1ed7 tr\u1ee3 s\u1eeda ch\u1eefa c\u1ea3 sau th\u1eddi gian b\u1ea3o h\u00e0nh n\u1ebfu c\u00f2n kh\u1ea3 n\u0103ng kh\u1eafc ph\u1ee5c<\/li>\n<li>Kawasan hi\u1ec7n c\u00f3 tr\u1ee5 s\u1edf t\u1ea1i HCM, chi nh\u00e1nh t\u1ea1i H\u00e0 N\u1ed9i, \u0110\u00e0 N\u1eb5ng v\u00e0 x\u01b0\u1edfng SX, L\u1eafp r\u00e1p t\u1ea1i Q12. HCM.<\/li>\n<li>D\u1ecbch v\u1ee5 h\u1ed7 tr\u1ee3 24\/7, m\u1ea1ng l\u01b0\u1edbi \u0111\u1ea1i l\u00fd ph\u1ee7 kh\u1eafp c\u1ea3 n\u01b0\u1edbc<\/li>\n<\/ul>\n<h4><span class=\"ez-toc-section\" id=\"CAM_KET_TU_KAWASAKAWASAN\"><\/span><b>CAM K\u1ebeT T\u1eea KAWASAKAWASAN<\/b><span class=\"ez-toc-section-end\"><\/span><\/h4>\n<p>Kawasan cam k\u1ebft mang \u0111\u1ebfn s\u1ea3n ph\u1ea9m\u00a0<b>ch\u00ednh h\u00e3ng \u2013 b\u1ec1n b\u1ec9 \u2013 an to\u00e0n<\/b>, \u0111\u00e1p \u1ee9ng \u0111\u1ea7y \u0111\u1ee7 c\u00e1c ti\u00eau chu\u1ea9n k\u1ef9 thu\u1eadt v\u00e0 y\u00eau c\u1ea7u s\u1eed d\u1ee5ng th\u1ef1c t\u1ebf.\u00a0T\u1ea5t c\u1ea3 s\u1ea3n ph\u1ea9m \u0111\u01b0\u1ee3c b\u1ea3o h\u00e0nh\u00a0<b>mi\u1ec5n ph\u00ed 24 th\u00e1ng<\/b>,\u00a0<b>1 \u0111\u1ed5i 1 trong v\u00f2ng 30 ng\u00e0y<\/b>\u00a0n\u1ebfu l\u1ed7i k\u1ef9 thu\u1eadt. Ngo\u00e0i ra, kh\u00e1ch h\u00e0ng c\u00f2n \u0111\u01b0\u1ee3c h\u1ed7 tr\u1ee3 s\u1eeda ch\u1eefa sau khi h\u1ebft th\u1eddi gian b\u1ea3o h\u00e0nh n\u1ebfu s\u1ea3n ph\u1ea9m c\u00f2n kh\u1ea3 n\u0103ng ph\u1ee5c h\u1ed3i,\u00a0<b>kh\u00f4ng t\u00ednh ph\u00ed<\/b>\u00a0n\u1ebfu chi ph\u00ed linh ki\u1ec7n thay th\u1ebf kh\u00f4ng \u0111\u00e1ng k\u1ec3.\u00a0Kh\u00e1ch h\u00e0ng c\u00f3 th\u1ec3 t\u00ecm mua s\u1ea3n ph\u1ea9m t\u1ea1i c\u00e1c \u0111\u1ea1i l\u00fd thu\u1ed9c<a href=\"https:\/\/kawasan.vn\/en\/he-thong-phan-phoi\/\">\u00a0<b>H\u1ec6 TH\u1ed0NG PH\u00c2N PH\u1ed0I TO\u00c0N QU\u1ed0C<\/b><\/a>\u00a0t\u1ea1i c\u00e1c t\u1ec9nh th\u00e0nh ho\u1eb7c c\u00f3 th\u1ec3 \u0111\u1eb7t h\u00e0ng tr\u00ean website.<\/p>\n<h4><span class=\"ez-toc-section\" id=\"Mua_chinh_hang_tai\"><\/span><b>Mua ch\u00ednh h\u00e3ng t\u1ea1i:<\/b><span class=\"ez-toc-section-end\"><\/span><\/h4>\n<ul>\n<li>Li\u00ean h\u1ec7 tr\u1ef1c ti\u1ebfp ph\u00f2ng kinh doanh \u0111\u1ec3 \u0111\u01b0\u1ee3c b\u00e1o gi\u00e1 s\u1ec9, gi\u00e1 \u0111\u1ea1i l\u00fd \/ NPP:\u00a0<b>0825 411 408 \/ 0911 757234<\/b><\/li>\n<li>Website:<a href=\"https:\/\/kawasan.vn\/en\/?_gl=1*105adfi*_gcl_aw*R0NMLjE3NTIwMzE4NzkuQ2p3S0NBandnN1BEQmhCeEVpd0FmMUNWdV9YNVk5RVVUUU5jeFRHZFlNak5VdGd5OEdlM2M1YlNNbHZWaW9qMFNZengtN0VQMk1yVFdSb0NCM2dRQXZEX0J3RQ..*_gcl_au*MTcyOTk0ODg3Ny4xNzU2ODY1NTgwLjExOTQzNDk4NzkuMTc1NzQ5MTY0MS4xNzU3NDkxNjQw\">\u00a0www.kawasan.vn<\/a>\u00a0(\u0110\u1ed1i v\u1edbi s\u1ea3n ph\u1ea9m Kawasan)<\/li>\n<li>Website:<a href=\"https:\/\/www.kawaled.com.vn\/\">\u00a0www.kawaled.com.vn<\/a>\u00a0(\u0110\u1ed1i v\u1edbi s\u1ea3n ph\u1ea9m Kawaled)<\/li>\n<\/ul>\n<p><strong>B\u00e0i vi\u1ebft v\u00e0 Video tham kh\u1ea3o v\u1ec1 \u1ee9ng d\u1ee5ng, l\u1ee3i \u00edch v\u00e0 HDSD<\/strong><\/p>\n<ul>\n<li style=\"list-style-type: none;\">\n<ul>\n<li>Tham kh\u1ea3o b\u00e0i vi\u1ebft v\u1ec1 s\u1ea3n ph\u1ea9m\n<ul>\n<li>B\u00e0i vi\u1ebft 1: <a class=\"row-title\" href=\"https:\/\/kawasan.vn\/wp-admin\/post.php?post=20503&amp;action=edit&amp;classic-editor\" aria-label=\"\u201cGi\u1edbi Thi\u1ec7u V\u1ec1 T\u1ee7 \u0110i\u1ec1u Khi\u1ec3n T\u1eeb Xa B\u01a1m N\u01b0\u1edbc, \u0110\u1ed9ng C\u01a1 3 Pha C\u1ee7a Kawasan V\u00e0 C\u00e1c \u01afu \u0110i\u1ec3m N\u1ed5i B\u1eadt\u201d (Ch\u1ec9nh s\u1eeda)\">Gi\u1edbi Thi\u1ec7u V\u1ec1 T\u1ee7 \u0110i\u1ec1u Khi\u1ec3n T\u1eeb Xa B\u01a1m N\u01b0\u1edbc, \u0110\u1ed9ng C\u01a1 3 Pha C\u1ee7a Kawasan V\u00e0 C\u00e1c \u01afu \u0110i\u1ec3m N\u1ed5i B\u1eadt<\/a><\/li>\n<li>B\u00e0i vi\u1ebft 2: <a class=\"row-title\" href=\"https:\/\/kawasan.vn\/wp-admin\/post.php?post=20507&amp;action=edit&amp;classic-editor\" aria-label=\"\u201c\u1ee8ng D\u1ee5ng Th\u1ef1c T\u1ebf C\u1ee7a T\u1ee7 \u0110i\u1ec7n 3 Pha Trong C\u00f4ng Nghi\u1ec7p\u201d (Ch\u1ec9nh s\u1eeda)\">\u1ee8ng D\u1ee5ng Th\u1ef1c T\u1ebf C\u1ee7a T\u1ee7 \u0110i\u1ec7n 3 Pha Trong C\u00f4ng Nghi\u1ec7p<\/a><\/li>\n<\/ul>\n<\/li>\n<\/ul>\n<\/li>\n<\/ul>\n<p>&nbsp;<\/p>","protected":false},"excerpt":{"rendered":"<p>T\u1ee7 c\u00f4ng su\u1ea5t \u0111i\u1ec1u khi\u1ec3n t\u1eeb xa RF10A-RM2C 25A, d\u00f9ng \u0111\u1ec3 b\u1eadt &#8211; t\u1eaft c\u00e1c thi\u1ebft b\u1ecb c\u00f4ng su\u1ea5t l\u1edbn &lt; 3HP. Kho\u1ea3ng c\u00e1ch \u0111i\u1ec1u khi\u1ec3n 70-300m (tu\u1ef3 v\u1eadt c\u1ea3n). C\u00f3 kh\u1ea3 n\u0103ng xuy\u00ean \u0111\u01b0\u1ee3c v\u1eadt c\u1ea3n: g\u1ed7, k\u00ednh, t\u01b0\u1eddng m\u1ecfng&#8230;.Ph\u00f9 h\u1ee3p d\u00f9ng \u0111i\u1ec1u khi\u1ec3n c\u00e1c thi\u1ebft b\u1ecb nh\u01b0: b\u01a1m, h\u1ec7 th\u1ed1ng \u0111\u00e8n, h\u1ec7 th\u1ed1ng [&hellip;]<\/p>","protected":false},"featured_media":17506,"comment_status":"open","ping_status":"closed","template":"","meta":{"_yoast_wpseo_focuskw":"T\u1ee7 \u0110i\u1ec1u Khi\u1ec3n T\u1eeb Xa RF10A","_yoast_wpseo_metadesc":"T\u1ee7 \u0111i\u1ec1u khi\u1ec3n t\u1eeb xa c\u00f4ng su\u1ea5t cao RF10A-RM2C 25A, d\u00f9ng \u0111\u1ec3 b\u1eadt - t\u1eaft c\u00e1c thi\u1ebft b\u1ecb c\u00f4ng su\u1ea5t l\u1edbn &lt; 3HP. Kho\u1ea3ng c\u00e1ch \u0111i\u1ec1u khi\u1ec3n 70-300m (tu\u1ef3 v\u1eadt c\u1ea3n).","_yoast_wpseo_focuskeywords":"","_yoast_wpseo_keyword_synonyms":""},"product_cat":[509,895,63],"product_tag":[1138,1248,1135,732,941,1136,1140,1133,823,730,1139,1134,1137,733,1131,1132,1249,1250,1142,731,1141],"class_list":["post-17503","product","type-product","status-publish","has-post-thumbnail","hentry","product_cat-cong-tac-dieu-khien-tu-xa-bang-remote","product_cat-dieu-khien-bang-remote","product_cat-cong-tac-dieu-khien-tu-xa","product_tag-bo-cong-tac-dieu-khien-tu-xa","product_tag-bo-cong-tac-dieu-khien-tu-xa-co-hen-gio","product_tag-bo-dieu-khien-may-bom-tu-xa","product_tag-bo-dieu-khien-tu-xa","product_tag-cong-tac-den-dieu-khien-tu-xa","product_tag-cong-tac-dien-dieu-khien-tu-xa","product_tag-cong-tac-dien-dieu-khien-tu-xa-bang-dien-thoai","product_tag-cong-tac-dien-dieu-khien-tu-xa-bang-remote","product_tag-cong-tac-dieu-khien","product_tag-cong-tac-dieu-khien-tu-xa","product_tag-cong-tac-dieu-khien-tu-xa-12v","product_tag-cong-tac-dieu-khien-tu-xa-220v","product_tag-cong-tac-dieu-khien-tu-xa-bang-dien-thoai","product_tag-cong-tac-dieu-khien-tu-xa-qua-remote","product_tag-cong-tac-dieu-khien-tu-xa-qua-wifi","product_tag-cong-tac-dieu-khien-tu-xa-qua-wifi-3g","product_tag-cong-tac-hen-gio-dieu-khien-tu-xa","product_tag-cong-tac-hen-gio-tu-dong-bat-tat","product_tag-cong-tac-thong-minh-dieu-khien-tu-xa","product_tag-dieu-khien-tu-xa","product_tag-hat-cong-tac-dieu-khien-tu-xa"],"acf":[],"yoast_head":"<!-- This site is optimized with the Yoast SEO Premium plugin v24.9 (Yoast SEO v24.9) - https:\/\/yoast.com\/wordpress\/plugins\/seo\/ -->\n<title>T\u1ee7 \u0110i\u1ec1u Khi\u1ec3n T\u1eeb Xa C\u00f4ng Su\u1ea5t Cao RF10A-RM2C 25A - Kawasan<\/title>\n<meta name=\"description\" content=\"T\u1ee7 \u0111i\u1ec1u khi\u1ec3n t\u1eeb xa c\u00f4ng su\u1ea5t cao RF10A-RM2C 25A, d\u00f9ng \u0111\u1ec3 b\u1eadt - t\u1eaft c\u00e1c thi\u1ebft b\u1ecb c\u00f4ng su\u1ea5t l\u1edbn &lt; 3HP. Kho\u1ea3ng c\u00e1ch \u0111i\u1ec1u khi\u1ec3n 70-300m (tu\u1ef3 v\u1eadt c\u1ea3n).\" \/>\n<meta name=\"robots\" content=\"index, follow, max-snippet:-1, max-image-preview:large, max-video-preview:-1\" \/>\n<link rel=\"canonical\" href=\"https:\/\/kawasan.vn\/en\/product\/tu-dieu-khien-tu-xa-cong-suat-cao-rf10a-rm2c-25a\/\" \/>\n<meta property=\"og:locale\" content=\"en_US\" \/>\n<meta property=\"og:type\" content=\"article\" \/>\n<meta property=\"og:title\" content=\"T\u1ee7 \u0110i\u1ec1u Khi\u1ec3n T\u1eeb Xa C\u00f4ng Su\u1ea5t Cao RF10A-RM2C 25A\" \/>\n<meta property=\"og:description\" content=\"T\u1ee7 \u0111i\u1ec1u khi\u1ec3n t\u1eeb xa c\u00f4ng su\u1ea5t cao RF10A-RM2C 25A, d\u00f9ng \u0111\u1ec3 b\u1eadt - t\u1eaft c\u00e1c thi\u1ebft b\u1ecb c\u00f4ng su\u1ea5t l\u1edbn &lt; 3HP. Kho\u1ea3ng c\u00e1ch \u0111i\u1ec1u khi\u1ec3n 70-300m (tu\u1ef3 v\u1eadt c\u1ea3n).\" \/>\n<meta property=\"og:url\" content=\"https:\/\/kawasan.vn\/en\/product\/tu-dieu-khien-tu-xa-cong-suat-cao-rf10a-rm2c-25a\/\" \/>\n<meta property=\"og:site_name\" content=\"Kawasan\" \/>\n<meta property=\"article:modified_time\" content=\"2025-09-20T06:29:48+00:00\" \/>\n<meta property=\"og:image\" content=\"https:\/\/kawasan.vn\/wp-content\/uploads\/2024\/03\/cong-tac-dieu-khien-tu-xa-rf10a-25a.png\" \/>\n\t<meta property=\"og:image:width\" content=\"595\" \/>\n\t<meta property=\"og:image:height\" content=\"602\" \/>\n\t<meta property=\"og:image:type\" content=\"image\/png\" \/>\n<meta name=\"twitter:card\" content=\"summary_large_image\" \/>\n<meta name=\"twitter:label1\" content=\"Est. reading time\" \/>\n\t<meta name=\"twitter:data1\" content=\"4 minutes\" \/>\n<script type=\"application\/ld+json\" class=\"yoast-schema-graph\">{\"@context\":\"https:\/\/schema.org\",\"@graph\":[{\"@type\":\"WebPage\",\"@id\":\"https:\/\/kawasan.vn\/san-pham\/tu-dieu-khien-tu-xa-cong-suat-cao-rf10a-rm2c-25a\/\",\"url\":\"https:\/\/kawasan.vn\/san-pham\/tu-dieu-khien-tu-xa-cong-suat-cao-rf10a-rm2c-25a\/\",\"name\":\"T\u1ee7 \u0110i\u1ec1u Khi\u1ec3n T\u1eeb Xa C\u00f4ng Su\u1ea5t Cao RF10A-RM2C 25A - Kawasan\",\"isPartOf\":{\"@id\":\"https:\/\/kawasan.vn\/#website\"},\"primaryImageOfPage\":{\"@id\":\"https:\/\/kawasan.vn\/san-pham\/tu-dieu-khien-tu-xa-cong-suat-cao-rf10a-rm2c-25a\/#primaryimage\"},\"image\":{\"@id\":\"https:\/\/kawasan.vn\/san-pham\/tu-dieu-khien-tu-xa-cong-suat-cao-rf10a-rm2c-25a\/#primaryimage\"},\"thumbnailUrl\":\"https:\/\/kawasan.vn\/wp-content\/uploads\/2024\/03\/cong-tac-dieu-khien-tu-xa-rf10a-25a.png\",\"datePublished\":\"2024-03-01T04:17:57+00:00\",\"dateModified\":\"2025-09-20T06:29:48+00:00\",\"description\":\"T\u1ee7 \u0111i\u1ec1u khi\u1ec3n t\u1eeb xa c\u00f4ng su\u1ea5t cao RF10A-RM2C 25A, d\u00f9ng \u0111\u1ec3 b\u1eadt - t\u1eaft c\u00e1c thi\u1ebft b\u1ecb c\u00f4ng su\u1ea5t l\u1edbn &lt; 3HP. Kho\u1ea3ng c\u00e1ch \u0111i\u1ec1u khi\u1ec3n 70-300m (tu\u1ef3 v\u1eadt c\u1ea3n).\",\"breadcrumb\":{\"@id\":\"https:\/\/kawasan.vn\/san-pham\/tu-dieu-khien-tu-xa-cong-suat-cao-rf10a-rm2c-25a\/#breadcrumb\"},\"inLanguage\":\"en-US\",\"potentialAction\":[{\"@type\":\"ReadAction\",\"target\":[\"https:\/\/kawasan.vn\/san-pham\/tu-dieu-khien-tu-xa-cong-suat-cao-rf10a-rm2c-25a\/\"]}]},{\"@type\":\"ImageObject\",\"inLanguage\":\"en-US\",\"@id\":\"https:\/\/kawasan.vn\/san-pham\/tu-dieu-khien-tu-xa-cong-suat-cao-rf10a-rm2c-25a\/#primaryimage\",\"url\":\"https:\/\/kawasan.vn\/wp-content\/uploads\/2024\/03\/cong-tac-dieu-khien-tu-xa-rf10a-25a.png\",\"contentUrl\":\"https:\/\/kawasan.vn\/wp-content\/uploads\/2024\/03\/cong-tac-dieu-khien-tu-xa-rf10a-25a.png\",\"width\":595,\"height\":602},{\"@type\":\"BreadcrumbList\",\"@id\":\"https:\/\/kawasan.vn\/san-pham\/tu-dieu-khien-tu-xa-cong-suat-cao-rf10a-rm2c-25a\/#breadcrumb\",\"itemListElement\":[{\"@type\":\"ListItem\",\"position\":1,\"name\":\"Trang ch\u1ee7\",\"item\":\"https:\/\/kawasan.vn\/\"},{\"@type\":\"ListItem\",\"position\":2,\"name\":\"S\u1ea3n ph\u1ea9m\",\"item\":\"https:\/\/kawasan.vn\/san-pham\/\"},{\"@type\":\"ListItem\",\"position\":3,\"name\":\"T\u1ee7 \u0110i\u1ec1u Khi\u1ec3n T\u1eeb Xa C\u00f4ng Su\u1ea5t Cao RF10A-RM2C 25A\"}]},{\"@type\":\"WebSite\",\"@id\":\"https:\/\/kawasan.vn\/#website\",\"url\":\"https:\/\/kawasan.vn\/\",\"name\":\"Kawasan\",\"description\":\"\",\"potentialAction\":[{\"@type\":\"SearchAction\",\"target\":{\"@type\":\"EntryPoint\",\"urlTemplate\":\"https:\/\/kawasan.vn\/?s={search_term_string}\"},\"query-input\":{\"@type\":\"PropertyValueSpecification\",\"valueRequired\":true,\"valueName\":\"search_term_string\"}}],\"inLanguage\":\"en-US\"}]}<\/script>\n<!-- \/ Yoast SEO Premium plugin. -->","yoast_head_json":{"title":"T\u1ee7 \u0110i\u1ec1u Khi\u1ec3n T\u1eeb Xa C\u00f4ng Su\u1ea5t Cao RF10A-RM2C 25A - Kawasan","description":"T\u1ee7 \u0111i\u1ec1u khi\u1ec3n t\u1eeb xa c\u00f4ng su\u1ea5t cao RF10A-RM2C 25A, d\u00f9ng \u0111\u1ec3 b\u1eadt - t\u1eaft c\u00e1c thi\u1ebft b\u1ecb c\u00f4ng su\u1ea5t l\u1edbn &lt; 3HP. Kho\u1ea3ng c\u00e1ch \u0111i\u1ec1u khi\u1ec3n 70-300m (tu\u1ef3 v\u1eadt c\u1ea3n).","robots":{"index":"index","follow":"follow","max-snippet":"max-snippet:-1","max-image-preview":"max-image-preview:large","max-video-preview":"max-video-preview:-1"},"canonical":"https:\/\/kawasan.vn\/en\/product\/tu-dieu-khien-tu-xa-cong-suat-cao-rf10a-rm2c-25a\/","og_locale":"en_US","og_type":"article","og_title":"T\u1ee7 \u0110i\u1ec1u Khi\u1ec3n T\u1eeb Xa C\u00f4ng Su\u1ea5t Cao RF10A-RM2C 25A","og_description":"T\u1ee7 \u0111i\u1ec1u khi\u1ec3n t\u1eeb xa c\u00f4ng su\u1ea5t cao RF10A-RM2C 25A, d\u00f9ng \u0111\u1ec3 b\u1eadt - t\u1eaft c\u00e1c thi\u1ebft b\u1ecb c\u00f4ng su\u1ea5t l\u1edbn &lt; 3HP. Kho\u1ea3ng c\u00e1ch \u0111i\u1ec1u khi\u1ec3n 70-300m (tu\u1ef3 v\u1eadt c\u1ea3n).","og_url":"https:\/\/kawasan.vn\/en\/product\/tu-dieu-khien-tu-xa-cong-suat-cao-rf10a-rm2c-25a\/","og_site_name":"Kawasan","article_modified_time":"2025-09-20T06:29:48+00:00","og_image":[{"width":595,"height":602,"url":"https:\/\/kawasan.vn\/wp-content\/uploads\/2024\/03\/cong-tac-dieu-khien-tu-xa-rf10a-25a.png","type":"image\/png"}],"twitter_card":"summary_large_image","twitter_misc":{"Est. reading time":"4 minutes"},"schema":{"@context":"https:\/\/schema.org","@graph":[{"@type":"WebPage","@id":"https:\/\/kawasan.vn\/san-pham\/tu-dieu-khien-tu-xa-cong-suat-cao-rf10a-rm2c-25a\/","url":"https:\/\/kawasan.vn\/san-pham\/tu-dieu-khien-tu-xa-cong-suat-cao-rf10a-rm2c-25a\/","name":"T\u1ee7 \u0110i\u1ec1u Khi\u1ec3n T\u1eeb Xa C\u00f4ng Su\u1ea5t Cao RF10A-RM2C 25A - Kawasan","isPartOf":{"@id":"https:\/\/kawasan.vn\/#website"},"primaryImageOfPage":{"@id":"https:\/\/kawasan.vn\/san-pham\/tu-dieu-khien-tu-xa-cong-suat-cao-rf10a-rm2c-25a\/#primaryimage"},"image":{"@id":"https:\/\/kawasan.vn\/san-pham\/tu-dieu-khien-tu-xa-cong-suat-cao-rf10a-rm2c-25a\/#primaryimage"},"thumbnailUrl":"https:\/\/kawasan.vn\/wp-content\/uploads\/2024\/03\/cong-tac-dieu-khien-tu-xa-rf10a-25a.png","datePublished":"2024-03-01T04:17:57+00:00","dateModified":"2025-09-20T06:29:48+00:00","description":"T\u1ee7 \u0111i\u1ec1u khi\u1ec3n t\u1eeb xa c\u00f4ng su\u1ea5t cao RF10A-RM2C 25A, d\u00f9ng \u0111\u1ec3 b\u1eadt - t\u1eaft c\u00e1c thi\u1ebft b\u1ecb c\u00f4ng su\u1ea5t l\u1edbn &lt; 3HP. Kho\u1ea3ng c\u00e1ch \u0111i\u1ec1u khi\u1ec3n 70-300m (tu\u1ef3 v\u1eadt c\u1ea3n).","breadcrumb":{"@id":"https:\/\/kawasan.vn\/san-pham\/tu-dieu-khien-tu-xa-cong-suat-cao-rf10a-rm2c-25a\/#breadcrumb"},"inLanguage":"en-US","potentialAction":[{"@type":"ReadAction","target":["https:\/\/kawasan.vn\/san-pham\/tu-dieu-khien-tu-xa-cong-suat-cao-rf10a-rm2c-25a\/"]}]},{"@type":"ImageObject","inLanguage":"en-US","@id":"https:\/\/kawasan.vn\/san-pham\/tu-dieu-khien-tu-xa-cong-suat-cao-rf10a-rm2c-25a\/#primaryimage","url":"https:\/\/kawasan.vn\/wp-content\/uploads\/2024\/03\/cong-tac-dieu-khien-tu-xa-rf10a-25a.png","contentUrl":"https:\/\/kawasan.vn\/wp-content\/uploads\/2024\/03\/cong-tac-dieu-khien-tu-xa-rf10a-25a.png","width":595,"height":602},{"@type":"BreadcrumbList","@id":"https:\/\/kawasan.vn\/san-pham\/tu-dieu-khien-tu-xa-cong-suat-cao-rf10a-rm2c-25a\/#breadcrumb","itemListElement":[{"@type":"ListItem","position":1,"name":"Trang ch\u1ee7","item":"https:\/\/kawasan.vn\/"},{"@type":"ListItem","position":2,"name":"S\u1ea3n ph\u1ea9m","item":"https:\/\/kawasan.vn\/san-pham\/"},{"@type":"ListItem","position":3,"name":"T\u1ee7 \u0110i\u1ec1u Khi\u1ec3n T\u1eeb Xa C\u00f4ng Su\u1ea5t Cao RF10A-RM2C 25A"}]},{"@type":"WebSite","@id":"https:\/\/kawasan.vn\/#website","url":"https:\/\/kawasan.vn\/","name":"Kawasan","description":"","potentialAction":[{"@type":"SearchAction","target":{"@type":"EntryPoint","urlTemplate":"https:\/\/kawasan.vn\/?s={search_term_string}"},"query-input":{"@type":"PropertyValueSpecification","valueRequired":true,"valueName":"search_term_string"}}],"inLanguage":"en-US"}]}},"_links":{"self":[{"href":"https:\/\/kawasan.vn\/en\/wp-json\/wp\/v2\/product\/17503","targetHints":{"allow":["GET"]}}],"collection":[{"href":"https:\/\/kawasan.vn\/en\/wp-json\/wp\/v2\/product"}],"about":[{"href":"https:\/\/kawasan.vn\/en\/wp-json\/wp\/v2\/types\/product"}],"replies":[{"embeddable":true,"href":"https:\/\/kawasan.vn\/en\/wp-json\/wp\/v2\/comments?post=17503"}],"version-history":[{"count":5,"href":"https:\/\/kawasan.vn\/en\/wp-json\/wp\/v2\/product\/17503\/revisions"}],"predecessor-version":[{"id":28102,"href":"https:\/\/kawasan.vn\/en\/wp-json\/wp\/v2\/product\/17503\/revisions\/28102"}],"wp:featuredmedia":[{"embeddable":true,"href":"https:\/\/kawasan.vn\/en\/wp-json\/wp\/v2\/media\/17506"}],"wp:attachment":[{"href":"https:\/\/kawasan.vn\/en\/wp-json\/wp\/v2\/media?parent=17503"}],"wp:term":[{"taxonomy":"product_cat","embeddable":true,"href":"https:\/\/kawasan.vn\/en\/wp-json\/wp\/v2\/product_cat?post=17503"},{"taxonomy":"product_tag","embeddable":true,"href":"https:\/\/kawasan.vn\/en\/wp-json\/wp\/v2\/product_tag?post=17503"}],"curies":[{"name":"wp","href":"https:\/\/api.w.org\/{rel}","templated":true}]}}