{"id":16927,"date":"2024-02-27T08:11:24","date_gmt":"2024-02-27T08:11:24","guid":{"rendered":"https:\/\/kawasan.123websitedev.com\/?post_type=product&#038;p=16927"},"modified":"2025-12-08T16:07:36","modified_gmt":"2025-12-08T09:07:36","slug":"bao-cup-dien-3-pha-kw-pc03","status":"publish","type":"product","link":"https:\/\/kawasan.vn\/en\/product\/bao-cup-dien-3-pha-kw-pc03\/","title":{"rendered":"B\u00e1o C\u00fap \u0110i\u1ec7n 3 Pha KW-PC03"},"content":{"rendered":"<h2><span class=\"ez-toc-section\" id=\"THIET_BI_BAO_CUP_DIEN_3_PHA_PC03_LA_GI\"><\/span><strong>THI\u1ebeT B\u1eca B\u00c1O C\u00daP \u0110I\u1ec6N 3 PHA PC03 L\u00c0 G\u00cc?<\/strong><span class=\"ez-toc-section-end\"><\/span><\/h2><div id=\"ez-toc-container\" class=\"ez-toc-v2_0_69_1 counter-hierarchy ez-toc-counter ez-toc-grey ez-toc-container-direction\">\n<div class=\"ez-toc-title-container\">\n<p class=\"ez-toc-title\" >N\u1ed9i Dung B&agrave;i Vi\u1ebft<\/p>\n<span class=\"ez-toc-title-toggle\"><a href=\"#\" class=\"ez-toc-pull-right ez-toc-btn ez-toc-btn-xs ez-toc-btn-default ez-toc-toggle\" aria-label=\"Toggle Table of Content\"><span class=\"ez-toc-js-icon-con\"><span class=\"\"><span class=\"eztoc-hide\" style=\"display:none;\">Toggle<\/span><span class=\"ez-toc-icon-toggle-span\"><svg style=\"fill: #999;color:#999\" xmlns=\"http:\/\/www.w3.org\/2000\/svg\" class=\"list-377408\" width=\"20px\" height=\"20px\" viewbox=\"0 0 24 24\" fill=\"none\"><path d=\"M6 6H4v2h2V6zm14 0H8v2h12V6zM4 11h2v2H4v-2zm16 0H8v2h12v-2zM4 16h2v2H4v-2zm16 0H8v2h12v-2z\" fill=\"currentColor\"><\/path><\/svg><svg style=\"fill: #999;color:#999\" class=\"arrow-unsorted-368013\" xmlns=\"http:\/\/www.w3.org\/2000\/svg\" width=\"10px\" height=\"10px\" viewbox=\"0 0 24 24\" version=\"1.2\" baseprofile=\"tiny\"><path d=\"M18.2 9.3l-6.2-6.3-6.2 6.3c-.2.2-.3.4-.3.7s.1.5.3.7c.2.2.4.3.7.3h11c.3 0 .5-.1.7-.3.2-.2.3-.5.3-.7s-.1-.5-.3-.7zM5.8 14.7l6.2 6.3 6.2-6.3c.2-.2.3-.5.3-.7s-.1-.5-.3-.7c-.2-.2-.4-.3-.7-.3h-11c-.3 0-.5.1-.7.3-.2.2-.3.5-.3.7s.1.5.3.7z\"\/><\/svg><\/span><\/span><\/span><\/a><\/span><\/div>\n<nav><ul class='ez-toc-list ez-toc-list-level-1 eztoc-toggle-hide-by-default' ><li class='ez-toc-page-1 ez-toc-heading-level-2'><a class=\"ez-toc-link ez-toc-heading-1\" href=\"https:\/\/kawasan.vn\/en\/product\/bao-cup-dien-3-pha-kw-pc03\/#THIET_BI_BAO_CUP_DIEN_3_PHA_PC03_LA_GI\" title=\"THI\u1ebeT B\u1eca B\u00c1O C\u00daP \u0110I\u1ec6N 3 PHA PC03 L\u00c0 G\u00cc?\">THI\u1ebeT B\u1eca B\u00c1O C\u00daP \u0110I\u1ec6N 3 PHA PC03 L\u00c0 G\u00cc?<\/a><\/li><li class='ez-toc-page-1 ez-toc-heading-level-2'><a class=\"ez-toc-link ez-toc-heading-2\" href=\"https:\/\/kawasan.vn\/en\/product\/bao-cup-dien-3-pha-kw-pc03\/#DAC_DIEM_VA_UNG_DUNG_CUA_THIET_BI_BAO_CUP_DIEN_3_PHA_KAWASAN\" title=\"\u0110\u1eb6C \u0110I\u1ec2M V\u00c0 \u1ee8NG D\u1ee4NG C\u1ee6A THI\u1ebeT B\u1eca B\u00c1O C\u00daP \u0110I\u1ec6N 3 PHA KAWASAN\">\u0110\u1eb6C \u0110I\u1ec2M V\u00c0 \u1ee8NG D\u1ee4NG C\u1ee6A THI\u1ebeT B\u1eca B\u00c1O C\u00daP \u0110I\u1ec6N 3 PHA KAWASAN<\/a><\/li><li class='ez-toc-page-1 ez-toc-heading-level-2'><a class=\"ez-toc-link ez-toc-heading-3\" href=\"https:\/\/kawasan.vn\/en\/product\/bao-cup-dien-3-pha-kw-pc03\/#NEN_MUA_THIET_BI_BAO_DONG_MAT_DIEN_O_DAU_CHINH_HANG_%E2%80%93_UY_TIN\" title=\"N\u00caN MUA THI\u1ebeT B\u1eca B\u00c1O \u0110\u1ed8NG M\u1ea4T \u0110I\u1ec6N \u1ede \u0110\u00c2U CH\u00cdNH H\u00c3NG \u2013 UY T\u00cdN?\">N\u00caN MUA THI\u1ebeT B\u1eca B\u00c1O \u0110\u1ed8NG M\u1ea4T \u0110I\u1ec6N \u1ede \u0110\u00c2U CH\u00cdNH H\u00c3NG \u2013 UY T\u00cdN?<\/a><\/li><\/ul><\/nav><\/div>\n\n<p>PC03 l\u00e0 thi\u1ebft b\u1ecb b\u00e1o c\u00fap \u0111i\u1ec7n 1 pha trong 3 pha ho\u1eb7c m\u1ea5t 3 pha, d\u00e0nh cho c\u00e1c thi\u1ebft b\u1ecb s\u1eed d\u1ee5ng \u0111i\u1ec7n 3 pha. Ph\u00f9 h\u1ee3p l\u1eafp cho h\u1ec7 th\u1ed1ng \u0111i\u1ec7n, motor \u0111\u1ed9ng c\u01a1, tr\u1ea1m bi\u1ebfn \u00e1p&#8230; C\u1ea3m bi\u1ebfn nhanh nh\u1ea1y ph\u00e1t hi\u1ec7n v\u00e0<a href=\"https:\/\/kawasan.vn\/en\/product-category\/thiet-bi-bao-dong\/\" target=\"_blank\" rel=\"noopener\">\u00a0b\u00e1o \u0111\u1ed9ng<\/a>\u00a0b\u1eb1ng c\u00f2i h\u00fa v\u1edbi \u00e2m l\u01b0\u1ee3ng l\u00ean \u0111\u1ebfn 120 dB. \u0110\u1ec3 k\u1ecbp th\u1eddi c\u1ea5p \u0111i\u1ec7n d\u1ef1 ph\u00f2ng, tr\u00e1nh \u1ea3nh h\u01b0\u1edfng \u0111\u1ebfn n\u0103ng su\u1ea5t c\u00f4ng vi\u1ec7c.<\/p>\n<figure id=\"attachment_16942\" aria-describedby=\"caption-attachment-16942\" style=\"width: 600px\" class=\"wp-caption aligncenter\"><img loading=\"lazy\" decoding=\"async\" class=\"wp-image-16942\" title=\"Thi\u1ebft b\u1ecb b\u00e1o \u0111\u1ed9ng c\u00fap \u0111i\u1ec7n 3 pha PC03\" src=\"https:\/\/kawasan.vn\/wp-content\/uploads\/2024\/02\/bao-cup-dien-3-pha-pc03-1.jpg\" alt=\"Thi\u1ebft b\u1ecb b\u00e1o \u0111\u1ed9ng c\u00fap \u0111i\u1ec7n 3 pha PC03\" width=\"600\" height=\"480\" \/><figcaption id=\"caption-attachment-16942\" class=\"wp-caption-text\">Thi\u1ebft b\u1ecb b\u00e1o \u0111\u1ed9ng c\u00fap \u0111i\u1ec7n 3 pha PC03<\/figcaption><\/figure>\n<h2><span class=\"ez-toc-section\" id=\"DAC_DIEM_VA_UNG_DUNG_CUA_THIET_BI_BAO_CUP_DIEN_3_PHA_KAWASAN\"><\/span><strong>\u0110\u1eb6C \u0110I\u1ec2M V\u00c0 \u1ee8NG D\u1ee4NG C\u1ee6A THI\u1ebeT B\u1eca B\u00c1O C\u00daP \u0110I\u1ec6N 3 PHA <a href=\"https:\/\/kawasan.com.vn\/san-pham.html\/thiet-bi-bao-dong.html\/bao-dong-chong-trom.html\" target=\"_blank\" rel=\"noopener\">KAWASAN<\/a><\/strong><span class=\"ez-toc-section-end\"><\/span><\/h2>\n<ul>\n<li>K\u00edch th\u01b0\u1edbc nh\u1ecf g\u1ecdn, c\u1ea3m bi\u1ebfn c\u1ef1c nh\u1ea1y. C\u00f3 th\u1ec3 di chuy\u1ec3n l\u1eafp \u0111\u1eb7t, \u1edf nhi\u1ec1u khu v\u1ef1c kh\u00e1c nhau.<\/li>\n<li>N\u1ebfu m\u1ea5t \u0111i\u1ec7n \u0111\u1ed9t ng\u1ed9t, c\u00f2i s\u1ebd h\u00fa ngay l\u1eadp t\u1ee9c cho \u0111\u1ebfn khi c\u00f3 \u0111i\u1ec7n l\u1ea1i. N\u1ebfu th\u1eddi gian c\u00f3 \u0111i\u1ec7n l\u1ea1i l\u00e2u, th\u00ec b\u1ea1n c\u00f3 th\u1ec3 t\u1eaft b\u1eb1ng c\u00e1ch g\u1ea1t c\u00f4ng t\u1eafc qua n\u00fat OFF.<\/li>\n<li>Ngu\u1ed3n Pin d\u1ef1 tr\u1eef b\u00e1o \u0111\u1ed9ng 9V, d\u00f9ng \u0111\u1ec3 b\u00e1o \u0111\u1ed9ng khi m\u1ea5t \u0111i\u1ec7n 1 trong 3 pha ho\u1eb7c m\u1ea5t \u0111i\u1ec7n 3 pha.<\/li>\n<li>C\u00f3 th\u1ec3 d\u00f9ng PC03 l\u1eafp v\u00e0o t\u1ee7 \u0111i\u1ec7n \u0111\u1ec3 b\u00e1o \u0111\u1ed9ng cho h\u1ec7 th\u1ed1ng \u0111i\u1ec7n, mortor \u0111\u1ed9ng c\u01a1, m\u00e1y c\u00f4ng nghi\u1ec7p\u2026 d\u00f9ng \u0111i\u1ec7n 3 pha. Tr\u01b0\u1eddng h\u1ee3p m\u1ea5t pha \u0111\u1ed9t ng\u1ed9t, s\u1ebd h\u00fa c\u00f2i ngay \u0111\u1ec3 k\u1ef9 thu\u1eadt k\u1ecbp th\u1eddi x\u1eed l\u00fd, tr\u00e1nh h\u01b0 h\u1ecfng thi\u1ebft b\u1ecb l\u00e0m gi\u1ea3m n\u0103ng su\u1ea5t c\u00f4ng vi\u1ec7c.<\/li>\n<\/ul>\n<figure id=\"attachment_16945\" aria-describedby=\"caption-attachment-16945\" style=\"width: 600px\" class=\"wp-caption aligncenter\"><img loading=\"lazy\" decoding=\"async\" class=\"wp-image-16945\" title=\"PC03 mang \u0111\u1ebfn nhi\u1ec1u ti\u1ec7n l\u1ee3i n\u00ean \u0111\u01b0\u1ee3c \u1ee9ng d\u1ee5ng r\u1ed9ng r\u00e3i t\u1ea1i c\u00e1c nh\u00e0 m\u00e1y, kho b\u00e3i...\" src=\"https:\/\/kawasan.vn\/wp-content\/uploads\/2024\/02\/bao-cup-dien-3-pha-pc03-3.png\" alt=\"PC03 mang \u0111\u1ebfn nhi\u1ec1u ti\u1ec7n l\u1ee3i n\u00ean \u0111\u01b0\u1ee3c \u1ee9ng d\u1ee5ng r\u1ed9ng r\u00e3i t\u1ea1i c\u00e1c nh\u00e0 m\u00e1y, kho b\u00e3i...\" width=\"600\" height=\"404\" \/><figcaption id=\"caption-attachment-16945\" class=\"wp-caption-text\">PC03 mang \u0111\u1ebfn nhi\u1ec1u ti\u1ec7n l\u1ee3i n\u00ean \u0111\u01b0\u1ee3c \u1ee9ng d\u1ee5ng r\u1ed9ng r\u00e3i t\u1ea1i c\u00e1c nh\u00e0 m\u00e1y, kho b\u00e3i&#8230;<\/figcaption><\/figure>\n<h2><span class=\"ez-toc-section\" id=\"NEN_MUA_THIET_BI_BAO_DONG_MAT_DIEN_O_DAU_CHINH_HANG_%E2%80%93_UY_TIN\"><\/span><strong>N\u00caN MUA THI\u1ebeT B\u1eca B\u00c1O \u0110\u1ed8NG M\u1ea4T \u0110I\u1ec6N \u1ede \u0110\u00c2U CH\u00cdNH H\u00c3NG \u2013 UY T\u00cdN?<\/strong><span class=\"ez-toc-section-end\"><\/span><\/h2>\n<p>Hi\u1ec7n nay, tr\u00ean th\u1ecb tr\u01b0\u1eddng c\u00f3 r\u1ea5t nhi\u1ec1u thi\u1ebft b\u1ecb c\u1ea3nh b\u00e1o m\u1ea5t \u0111i\u1ec7n. M\u1ed7i lo\u1ea1i \u0111\u1ec1u c\u00f3 c\u00e1c m\u1ee9c gi\u00e1 v\u00e0 \u0111\u1eb7c \u0111i\u1ec3m kh\u00e1c nhau, khi\u1ebfn ng\u01b0\u1eddi d\u00f9ng kh\u00f3 l\u1ef1a ch\u1ecdn. \u0110\u1ec3 ch\u1ecdn mua \u0111\u01b0\u1ee3c s\u1ea3n ph\u1ea9m ch\u1ea5t l\u01b0\u1ee3ng b\u1ea1n n\u00ean:<\/p>\n<ul>\n<li>T\u00ecm \u0111\u1ebfn c\u00e1c nh\u00e3n hi\u1ec7u uy t\u00edn v\u00e0 \u0111\u01b0\u1ee3c ng\u01b0\u1eddi ti\u00eau d\u00f9ng tin t\u01b0\u1edfng s\u1eed d\u1ee5ng. Th\u01b0\u01a1ng hi\u1ec7u Kawasan \u0111\u00e3 c\u00f3 m\u1eb7t tr\u00ean th\u1ecb tr\u01b0\u1eddng 15 n\u0103m v\u00e0 l\u00e0 th\u01b0\u01a1ng hi\u1ec7u \u0111\u01b0\u1ee3c tin d\u00f9ng nh\u1ea5t hi\u1ec7n nay. S\u1ea3n ph\u1ea9m c\u00f3 \u0111\u1ed9 b\u1ec1n cao &gt; 5 n\u0103m, c\u00f9ng ch\u00ednh s\u00e1ch b\u1ea3o h\u00e0nh 2 n\u0103m uy t\u00edn. \u0110\u1ed9i ng\u0169 t\u01b0 v\u1ea5n b\u00e1n h\u00e0ng v\u00e0 h\u1ed7 tr\u1ee3 k\u1ef9 thu\u1eadt lu\u00f4n h\u1ed7 tr\u1ee3 nhi\u1ec7t t\u00ecnh.<\/li>\n<li>\u0110\u1ecdc v\u00e0 t\u00ecm hi\u1ec3u c\u00e1c th\u00f4ng s\u1ed1 nh\u01b0: ngu\u1ed3n v\u00e0o, \u00e2m l\u01b0\u1ee3ng, k\u00edch th\u01b0\u1edbc v\u00e0 \u0111\u1eb7c bi\u1ec7t c\u00f3 Pin l\u01b0u tr\u1eef khi m\u1ea5t \u0111i\u1ec7n hay kh\u00f4ng? \u0110\u1ec3 ch\u1ecdn s\u1ea3n ph\u1ea9m ph\u00f9 h\u1ee3p nh\u1ea5t v\u1edbi nhu c\u1ea7u. N\u1ebfu c\u00e1c x\u01b0\u1edfng s\u1ea3n xu\u1ea5t l\u1edbn th\u01b0\u1eddng ch\u1ecdn m\u1eabu \u00e2m l\u01b0\u1ee3ng l\u1edbn &gt; 100 dB v\u00e0 c\u00f3 pin d\u1ef1 tr\u1eef.<\/li>\n<\/ul>","protected":false},"excerpt":{"rendered":"<p>THI\u1ebeT B\u1eca B\u00c1O C\u00daP \u0110I\u1ec6N 3 PHA PC03 L\u00c0 G\u00cc? PC03 l\u00e0 thi\u1ebft b\u1ecb b\u00e1o c\u00fap \u0111i\u1ec7n 1 pha trong 3 pha ho\u1eb7c m\u1ea5t 3 pha, d\u00e0nh cho c\u00e1c thi\u1ebft b\u1ecb s\u1eed d\u1ee5ng \u0111i\u1ec7n 3 pha. Ph\u00f9 h\u1ee3p l\u1eafp cho h\u1ec7 th\u1ed1ng \u0111i\u1ec7n, motor \u0111\u1ed9ng c\u01a1, tr\u1ea1m bi\u1ebfn \u00e1p&#8230; C\u1ea3m bi\u1ebfn nhanh nh\u1ea1y ph\u00e1t hi\u1ec7n [&hellip;]<\/p>","protected":false},"featured_media":16944,"comment_status":"open","ping_status":"closed","template":"","meta":{"_yoast_wpseo_focuskw":"b\u00e1o c\u00fap \u0111i\u1ec7n","_yoast_wpseo_metadesc":"PC03 l\u00e0 thi\u1ebft b\u1ecb b\u00e1o c\u00fap \u0111i\u1ec7n 1 pha trong 3 pha ho\u1eb7c m\u1ea5t 3 pha, d\u00e0nh cho c\u00e1c thi\u1ebft b\u1ecb s\u1eed d\u1ee5ng \u0111i\u1ec7n 3 pha trong nh\u00e0 m\u00e1y, kho b\u00e3i...","_yoast_wpseo_focuskeywords":"","_yoast_wpseo_keyword_synonyms":""},"product_cat":[642,45],"product_tag":[643,1337,1338],"class_list":["post-16927","product","type-product","status-publish","has-post-thumbnail","hentry","product_cat-bao-cup-dien","product_cat-phu-kien-bao-dong","product_tag-bao-cup-dien","product_tag-thiet-bi-bao-cup-dien","product_tag-thong-bao-cup-dien"],"acf":[],"yoast_head":"<!-- This site is optimized with the Yoast SEO Premium plugin v24.9 (Yoast SEO v24.9) - https:\/\/yoast.com\/wordpress\/plugins\/seo\/ -->\n<title>B\u00e1o C\u00fap \u0110i\u1ec7n 3 Pha KW-PC03 - Kawasan<\/title>\n<meta name=\"description\" content=\"PC03 l\u00e0 thi\u1ebft b\u1ecb b\u00e1o c\u00fap \u0111i\u1ec7n 1 pha trong 3 pha ho\u1eb7c m\u1ea5t 3 pha, d\u00e0nh cho c\u00e1c thi\u1ebft b\u1ecb s\u1eed d\u1ee5ng \u0111i\u1ec7n 3 pha trong nh\u00e0 m\u00e1y, kho b\u00e3i...\" \/>\n<meta name=\"robots\" content=\"index, follow, max-snippet:-1, max-image-preview:large, max-video-preview:-1\" \/>\n<link rel=\"canonical\" href=\"https:\/\/kawasan.vn\/en\/product\/bao-cup-dien-3-pha-kw-pc03\/\" \/>\n<meta property=\"og:locale\" content=\"en_US\" \/>\n<meta property=\"og:type\" content=\"article\" \/>\n<meta property=\"og:title\" content=\"B\u00e1o C\u00fap \u0110i\u1ec7n 3 Pha KW-PC03\" \/>\n<meta property=\"og:description\" content=\"PC03 l\u00e0 thi\u1ebft b\u1ecb b\u00e1o c\u00fap \u0111i\u1ec7n 1 pha trong 3 pha ho\u1eb7c m\u1ea5t 3 pha, d\u00e0nh cho c\u00e1c thi\u1ebft b\u1ecb s\u1eed d\u1ee5ng \u0111i\u1ec7n 3 pha trong nh\u00e0 m\u00e1y, kho b\u00e3i...\" \/>\n<meta property=\"og:url\" content=\"https:\/\/kawasan.vn\/en\/product\/bao-cup-dien-3-pha-kw-pc03\/\" \/>\n<meta property=\"og:site_name\" content=\"Kawasan\" \/>\n<meta property=\"article:modified_time\" content=\"2025-12-08T09:07:36+00:00\" \/>\n<meta property=\"og:image\" content=\"https:\/\/kawasan.vn\/wp-content\/uploads\/2024\/02\/bao-cup-dien-3-pha-pc03-2.png\" \/>\n\t<meta property=\"og:image:width\" content=\"600\" \/>\n\t<meta property=\"og:image:height\" content=\"600\" \/>\n\t<meta property=\"og:image:type\" content=\"image\/png\" \/>\n<meta name=\"twitter:card\" content=\"summary_large_image\" \/>\n<meta name=\"twitter:label1\" content=\"Est. reading time\" \/>\n\t<meta name=\"twitter:data1\" content=\"3 minutes\" \/>\n<script type=\"application\/ld+json\" class=\"yoast-schema-graph\">{\"@context\":\"https:\/\/schema.org\",\"@graph\":[{\"@type\":\"WebPage\",\"@id\":\"https:\/\/kawasan.vn\/san-pham\/bao-cup-dien-3-pha-kw-pc03\/\",\"url\":\"https:\/\/kawasan.vn\/san-pham\/bao-cup-dien-3-pha-kw-pc03\/\",\"name\":\"B\u00e1o C\u00fap \u0110i\u1ec7n 3 Pha KW-PC03 - Kawasan\",\"isPartOf\":{\"@id\":\"https:\/\/kawasan.vn\/#website\"},\"primaryImageOfPage\":{\"@id\":\"https:\/\/kawasan.vn\/san-pham\/bao-cup-dien-3-pha-kw-pc03\/#primaryimage\"},\"image\":{\"@id\":\"https:\/\/kawasan.vn\/san-pham\/bao-cup-dien-3-pha-kw-pc03\/#primaryimage\"},\"thumbnailUrl\":\"https:\/\/kawasan.vn\/wp-content\/uploads\/2024\/02\/bao-cup-dien-3-pha-pc03-2.png\",\"datePublished\":\"2024-02-27T08:11:24+00:00\",\"dateModified\":\"2025-12-08T09:07:36+00:00\",\"description\":\"PC03 l\u00e0 thi\u1ebft b\u1ecb b\u00e1o c\u00fap \u0111i\u1ec7n 1 pha trong 3 pha ho\u1eb7c m\u1ea5t 3 pha, d\u00e0nh cho c\u00e1c thi\u1ebft b\u1ecb s\u1eed d\u1ee5ng \u0111i\u1ec7n 3 pha trong nh\u00e0 m\u00e1y, kho b\u00e3i...\",\"breadcrumb\":{\"@id\":\"https:\/\/kawasan.vn\/san-pham\/bao-cup-dien-3-pha-kw-pc03\/#breadcrumb\"},\"inLanguage\":\"en-US\",\"potentialAction\":[{\"@type\":\"ReadAction\",\"target\":[\"https:\/\/kawasan.vn\/san-pham\/bao-cup-dien-3-pha-kw-pc03\/\"]}]},{\"@type\":\"ImageObject\",\"inLanguage\":\"en-US\",\"@id\":\"https:\/\/kawasan.vn\/san-pham\/bao-cup-dien-3-pha-kw-pc03\/#primaryimage\",\"url\":\"https:\/\/kawasan.vn\/wp-content\/uploads\/2024\/02\/bao-cup-dien-3-pha-pc03-2.png\",\"contentUrl\":\"https:\/\/kawasan.vn\/wp-content\/uploads\/2024\/02\/bao-cup-dien-3-pha-pc03-2.png\",\"width\":600,\"height\":600},{\"@type\":\"BreadcrumbList\",\"@id\":\"https:\/\/kawasan.vn\/san-pham\/bao-cup-dien-3-pha-kw-pc03\/#breadcrumb\",\"itemListElement\":[{\"@type\":\"ListItem\",\"position\":1,\"name\":\"Trang ch\u1ee7\",\"item\":\"https:\/\/kawasan.vn\/\"},{\"@type\":\"ListItem\",\"position\":2,\"name\":\"S\u1ea3n ph\u1ea9m\",\"item\":\"https:\/\/kawasan.vn\/san-pham\/\"},{\"@type\":\"ListItem\",\"position\":3,\"name\":\"B\u00e1o C\u00fap \u0110i\u1ec7n 3 Pha KW-PC03\"}]},{\"@type\":\"WebSite\",\"@id\":\"https:\/\/kawasan.vn\/#website\",\"url\":\"https:\/\/kawasan.vn\/\",\"name\":\"Kawasan\",\"description\":\"\",\"potentialAction\":[{\"@type\":\"SearchAction\",\"target\":{\"@type\":\"EntryPoint\",\"urlTemplate\":\"https:\/\/kawasan.vn\/?s={search_term_string}\"},\"query-input\":{\"@type\":\"PropertyValueSpecification\",\"valueRequired\":true,\"valueName\":\"search_term_string\"}}],\"inLanguage\":\"en-US\"}]}<\/script>\n<!-- \/ Yoast SEO Premium plugin. -->","yoast_head_json":{"title":"B\u00e1o C\u00fap \u0110i\u1ec7n 3 Pha KW-PC03 - Kawasan","description":"PC03 l\u00e0 thi\u1ebft b\u1ecb b\u00e1o c\u00fap \u0111i\u1ec7n 1 pha trong 3 pha ho\u1eb7c m\u1ea5t 3 pha, d\u00e0nh cho c\u00e1c thi\u1ebft b\u1ecb s\u1eed d\u1ee5ng \u0111i\u1ec7n 3 pha trong nh\u00e0 m\u00e1y, kho b\u00e3i...","robots":{"index":"index","follow":"follow","max-snippet":"max-snippet:-1","max-image-preview":"max-image-preview:large","max-video-preview":"max-video-preview:-1"},"canonical":"https:\/\/kawasan.vn\/en\/product\/bao-cup-dien-3-pha-kw-pc03\/","og_locale":"en_US","og_type":"article","og_title":"B\u00e1o C\u00fap \u0110i\u1ec7n 3 Pha KW-PC03","og_description":"PC03 l\u00e0 thi\u1ebft b\u1ecb b\u00e1o c\u00fap \u0111i\u1ec7n 1 pha trong 3 pha ho\u1eb7c m\u1ea5t 3 pha, d\u00e0nh cho c\u00e1c thi\u1ebft b\u1ecb s\u1eed d\u1ee5ng \u0111i\u1ec7n 3 pha trong nh\u00e0 m\u00e1y, kho b\u00e3i...","og_url":"https:\/\/kawasan.vn\/en\/product\/bao-cup-dien-3-pha-kw-pc03\/","og_site_name":"Kawasan","article_modified_time":"2025-12-08T09:07:36+00:00","og_image":[{"width":600,"height":600,"url":"https:\/\/kawasan.vn\/wp-content\/uploads\/2024\/02\/bao-cup-dien-3-pha-pc03-2.png","type":"image\/png"}],"twitter_card":"summary_large_image","twitter_misc":{"Est. reading time":"3 minutes"},"schema":{"@context":"https:\/\/schema.org","@graph":[{"@type":"WebPage","@id":"https:\/\/kawasan.vn\/san-pham\/bao-cup-dien-3-pha-kw-pc03\/","url":"https:\/\/kawasan.vn\/san-pham\/bao-cup-dien-3-pha-kw-pc03\/","name":"B\u00e1o C\u00fap \u0110i\u1ec7n 3 Pha KW-PC03 - Kawasan","isPartOf":{"@id":"https:\/\/kawasan.vn\/#website"},"primaryImageOfPage":{"@id":"https:\/\/kawasan.vn\/san-pham\/bao-cup-dien-3-pha-kw-pc03\/#primaryimage"},"image":{"@id":"https:\/\/kawasan.vn\/san-pham\/bao-cup-dien-3-pha-kw-pc03\/#primaryimage"},"thumbnailUrl":"https:\/\/kawasan.vn\/wp-content\/uploads\/2024\/02\/bao-cup-dien-3-pha-pc03-2.png","datePublished":"2024-02-27T08:11:24+00:00","dateModified":"2025-12-08T09:07:36+00:00","description":"PC03 l\u00e0 thi\u1ebft b\u1ecb b\u00e1o c\u00fap \u0111i\u1ec7n 1 pha trong 3 pha ho\u1eb7c m\u1ea5t 3 pha, d\u00e0nh cho c\u00e1c thi\u1ebft b\u1ecb s\u1eed d\u1ee5ng \u0111i\u1ec7n 3 pha trong nh\u00e0 m\u00e1y, kho b\u00e3i...","breadcrumb":{"@id":"https:\/\/kawasan.vn\/san-pham\/bao-cup-dien-3-pha-kw-pc03\/#breadcrumb"},"inLanguage":"en-US","potentialAction":[{"@type":"ReadAction","target":["https:\/\/kawasan.vn\/san-pham\/bao-cup-dien-3-pha-kw-pc03\/"]}]},{"@type":"ImageObject","inLanguage":"en-US","@id":"https:\/\/kawasan.vn\/san-pham\/bao-cup-dien-3-pha-kw-pc03\/#primaryimage","url":"https:\/\/kawasan.vn\/wp-content\/uploads\/2024\/02\/bao-cup-dien-3-pha-pc03-2.png","contentUrl":"https:\/\/kawasan.vn\/wp-content\/uploads\/2024\/02\/bao-cup-dien-3-pha-pc03-2.png","width":600,"height":600},{"@type":"BreadcrumbList","@id":"https:\/\/kawasan.vn\/san-pham\/bao-cup-dien-3-pha-kw-pc03\/#breadcrumb","itemListElement":[{"@type":"ListItem","position":1,"name":"Trang ch\u1ee7","item":"https:\/\/kawasan.vn\/"},{"@type":"ListItem","position":2,"name":"S\u1ea3n ph\u1ea9m","item":"https:\/\/kawasan.vn\/san-pham\/"},{"@type":"ListItem","position":3,"name":"B\u00e1o C\u00fap \u0110i\u1ec7n 3 Pha KW-PC03"}]},{"@type":"WebSite","@id":"https:\/\/kawasan.vn\/#website","url":"https:\/\/kawasan.vn\/","name":"Kawasan","description":"","potentialAction":[{"@type":"SearchAction","target":{"@type":"EntryPoint","urlTemplate":"https:\/\/kawasan.vn\/?s={search_term_string}"},"query-input":{"@type":"PropertyValueSpecification","valueRequired":true,"valueName":"search_term_string"}}],"inLanguage":"en-US"}]}},"_links":{"self":[{"href":"https:\/\/kawasan.vn\/en\/wp-json\/wp\/v2\/product\/16927","targetHints":{"allow":["GET"]}}],"collection":[{"href":"https:\/\/kawasan.vn\/en\/wp-json\/wp\/v2\/product"}],"about":[{"href":"https:\/\/kawasan.vn\/en\/wp-json\/wp\/v2\/types\/product"}],"replies":[{"embeddable":true,"href":"https:\/\/kawasan.vn\/en\/wp-json\/wp\/v2\/comments?post=16927"}],"version-history":[{"count":1,"href":"https:\/\/kawasan.vn\/en\/wp-json\/wp\/v2\/product\/16927\/revisions"}],"predecessor-version":[{"id":18481,"href":"https:\/\/kawasan.vn\/en\/wp-json\/wp\/v2\/product\/16927\/revisions\/18481"}],"wp:featuredmedia":[{"embeddable":true,"href":"https:\/\/kawasan.vn\/en\/wp-json\/wp\/v2\/media\/16944"}],"wp:attachment":[{"href":"https:\/\/kawasan.vn\/en\/wp-json\/wp\/v2\/media?parent=16927"}],"wp:term":[{"taxonomy":"product_cat","embeddable":true,"href":"https:\/\/kawasan.vn\/en\/wp-json\/wp\/v2\/product_cat?post=16927"},{"taxonomy":"product_tag","embeddable":true,"href":"https:\/\/kawasan.vn\/en\/wp-json\/wp\/v2\/product_tag?post=16927"}],"curies":[{"name":"wp","href":"https:\/\/api.w.org\/{rel}","templated":true}]}}