{"id":16911,"date":"2024-02-27T07:26:52","date_gmt":"2024-02-27T07:26:52","guid":{"rendered":"https:\/\/kawasan.123websitedev.com\/?post_type=product&#038;p=16911"},"modified":"2026-02-02T15:19:16","modified_gmt":"2026-02-02T08:19:16","slug":"coi-bao-dong-al03d-12v","status":"publish","type":"product","link":"https:\/\/kawasan.vn\/en\/product\/coi-bao-dong-al03d-12v\/","title":{"rendered":"C\u00f2i B\u00e1o \u0110\u1ed9ng AL03D-12V"},"content":{"rendered":"<h2><span class=\"ez-toc-section\" id=\"Coi_Bao_Dong_AL03D-12V_la_gi\"><\/span><b>C\u00f2i B\u00e1o \u0110\u1ed9ng AL03D-12V l\u00e0 g\u00ec ?<\/b><span class=\"ez-toc-section-end\"><\/span><\/h2><div id=\"ez-toc-container\" class=\"ez-toc-v2_0_69_1 counter-hierarchy ez-toc-counter ez-toc-grey ez-toc-container-direction\">\n<div class=\"ez-toc-title-container\">\n<p class=\"ez-toc-title\" >N\u1ed9i Dung B&agrave;i Vi\u1ebft<\/p>\n<span class=\"ez-toc-title-toggle\"><a href=\"#\" class=\"ez-toc-pull-right ez-toc-btn ez-toc-btn-xs ez-toc-btn-default ez-toc-toggle\" aria-label=\"Toggle Table of Content\"><span class=\"ez-toc-js-icon-con\"><span class=\"\"><span class=\"eztoc-hide\" style=\"display:none;\">Toggle<\/span><span class=\"ez-toc-icon-toggle-span\"><svg style=\"fill: #999;color:#999\" xmlns=\"http:\/\/www.w3.org\/2000\/svg\" class=\"list-377408\" width=\"20px\" height=\"20px\" viewbox=\"0 0 24 24\" fill=\"none\"><path d=\"M6 6H4v2h2V6zm14 0H8v2h12V6zM4 11h2v2H4v-2zm16 0H8v2h12v-2zM4 16h2v2H4v-2zm16 0H8v2h12v-2z\" fill=\"currentColor\"><\/path><\/svg><svg style=\"fill: #999;color:#999\" class=\"arrow-unsorted-368013\" xmlns=\"http:\/\/www.w3.org\/2000\/svg\" width=\"10px\" height=\"10px\" viewbox=\"0 0 24 24\" version=\"1.2\" baseprofile=\"tiny\"><path d=\"M18.2 9.3l-6.2-6.3-6.2 6.3c-.2.2-.3.4-.3.7s.1.5.3.7c.2.2.4.3.7.3h11c.3 0 .5-.1.7-.3.2-.2.3-.5.3-.7s-.1-.5-.3-.7zM5.8 14.7l6.2 6.3 6.2-6.3c.2-.2.3-.5.3-.7s-.1-.5-.3-.7c-.2-.2-.4-.3-.7-.3h-11c-.3 0-.5.1-.7.3-.2.2-.3.5-.3.7s.1.5.3.7z\"\/><\/svg><\/span><\/span><\/span><\/a><\/span><\/div>\n<nav><ul class='ez-toc-list ez-toc-list-level-1 eztoc-toggle-hide-by-default' ><li class='ez-toc-page-1 ez-toc-heading-level-2'><a class=\"ez-toc-link ez-toc-heading-1\" href=\"https:\/\/kawasan.vn\/en\/product\/coi-bao-dong-al03d-12v\/#Coi_Bao_Dong_AL03D-12V_la_gi\" title=\"C\u00f2i B\u00e1o \u0110\u1ed9ng AL03D-12V l\u00e0 g\u00ec ?\">C\u00f2i B\u00e1o \u0110\u1ed9ng AL03D-12V l\u00e0 g\u00ec ?<\/a><\/li><li class='ez-toc-page-1 ez-toc-heading-level-2'><a class=\"ez-toc-link ez-toc-heading-2\" href=\"https:\/\/kawasan.vn\/en\/product\/coi-bao-dong-al03d-12v\/#Ung_Dung_Thuc_Te\" title=\"\u1ee8ng D\u1ee5ng Th\u1ef1c T\u1ebf\">\u1ee8ng D\u1ee5ng Th\u1ef1c T\u1ebf<\/a><ul class='ez-toc-list-level-3' ><li class='ez-toc-heading-level-3'><a class=\"ez-toc-link ez-toc-heading-3\" href=\"https:\/\/kawasan.vn\/en\/product\/coi-bao-dong-al03d-12v\/#TAI_SAO_NEN_CHON_KAWASAN\" title=\"T\u1ea0I SAO N\u00caN CH\u1eccN KAWASAN?\">T\u1ea0I SAO N\u00caN CH\u1eccN KAWASAN?<\/a><ul class='ez-toc-list-level-4' ><li class='ez-toc-heading-level-4'><a class=\"ez-toc-link ez-toc-heading-4\" href=\"https:\/\/kawasan.vn\/en\/product\/coi-bao-dong-al03d-12v\/#CAM_KET_TU_KAWASAKAWASAN\" title=\"CAM K\u1ebeT T\u1eea KAWASAKAWASAN\">CAM K\u1ebeT T\u1eea KAWASAKAWASAN<\/a><\/li><li class='ez-toc-page-1 ez-toc-heading-level-4'><a class=\"ez-toc-link ez-toc-heading-5\" href=\"https:\/\/kawasan.vn\/en\/product\/coi-bao-dong-al03d-12v\/#Mua_chinh_hang_tai\" title=\"Mua ch\u00ednh h\u00e3ng t\u1ea1i:\">Mua ch\u00ednh h\u00e3ng t\u1ea1i:<\/a><\/li><\/ul><\/li><\/ul><\/li><\/ul><\/nav><\/div>\n\n<p><strong>C\u00f2i b\u00e1o \u0111\u1ed9ng <\/strong><strong>\u00e2m thanh l\u1edbn 120dB<\/strong> gi\u00fap th\u00f4ng b\u00e1o. C\u1ea3nh b\u00e1o b\u1eb1ng \u00e2m thanh trong qu\u00e1 tr\u00ecnh k\u00edch ho\u1ea1t trung t\u00e2m b\u00e1o \u0111\u1ed9ng.<\/p>\n<p><strong>B\u1ed9 b\u00e1o \u0111\u1ed9ng ch\u1ed1ng tr\u1ed9m trung t\u00e2m<\/strong> l\u00e0 m\u1ed9t t\u1eadp h\u1ee3p c\u00e1c thi\u1ebft b\u1ecb ch\u1ed1ng tr\u1ed9m kh\u00e1c nhau, t\u00e1ch bi\u1ec7t k\u1ebft n\u1ed1i v\u1edbi m\u1ed9t thi\u1ebft b\u1ecb b\u00e1o \u0111\u1ed9ng trung t\u00e2m. Thi\u1ebft b\u1ecb trung t\u00e2m gi\u1eef ch\u1ee9c n\u0103ng k\u1ebft n\u1ed1i v\u00e0 \u0111i\u1ec1u khi\u1ec3n c\u00e1c c\u1ea3m bi\u1ebfn trong b\u1ed9 ch\u1ed1ng tr\u1ed9m. \u0110\u1ec3 b\u1ed9 <strong>ch\u1ed1ng tr\u1ed9m trung t\u00e2m<\/strong>\u00a0ho\u1ea1t \u0111\u1ed9ng c\u1ea7n c\u00f3 s\u1ef1 k\u1ebft h\u1ee3p gi\u1eefa c\u00e1c thi\u1ebft b\u1ecb c\u1ea3m bi\u1ebfn c\u00f9ng v\u1edbi trung t\u00e2m.<\/p>\n<h2><span class=\"ez-toc-section\" id=\"Ung_Dung_Thuc_Te\"><\/span><b>\u1ee8ng D\u1ee5ng Th\u1ef1c T\u1ebf<\/b><span class=\"ez-toc-section-end\"><\/span><\/h2>\n<p>S\u1ea3n ph\u1ea9m \u0111\u01b0\u1ee3c \u1ee9ng d\u1ee5ng v\u00e0o th\u1ef1c t\u1ebf. Gi\u00fap c\u1ea3nh b\u00e1o nguy hi\u1ec3m ng\u0103n ch\u1eb7n nh\u1eefng k\u1ebb x\u00e2m nh\u1eadp, b\u00e1o PCCC v\u00e0 c\u00e1c \u1ee9ng d\u1ee5ng kh\u00e1c khi c\u1ea7n t\u1edbi \u00e2m thanh c\u1ea3nh b\u00e1o. C\u00f2i h\u00fa ch\u1ed1ng tr\u1ed9m l\u00e0 m\u1ed9t thi\u1ebft b\u1ecb an ninh \u0111\u01b0\u1ee3c s\u1eed d\u1ee5ng ph\u1ed5 bi\u1ebfn hi\u1ec7n nay. C\u00f3 t\u00e1c d\u1ee5ng ph\u00e1t ra \u00e2m thanh l\u1edbn khi c\u00f3 s\u1ef1 x\u00e2m nh\u1eadp tr\u00e1i ph\u00e9p. Gi\u00fap c\u1ea3nh b\u00e1o k\u1ebb gian v\u00e0 thu h\u00fat s\u1ef1 ch\u00fa \u00fd c\u1ee7a m\u1ecdi ng\u01b0\u1eddi xung quanh. C\u00f2i b\u00e1o \u0111\u1ed9ng th\u01b0\u1eddng c\u00f3 c\u01b0\u1eddng \u0111\u1ed9 \u00e2m thanh l\u1edbn, l\u00ean \u0111\u1ebfn 120dB. C\u00f3 th\u1ec3 ph\u00e1t ra c\u1ea3nh b\u1ea3o c\u1ef1c l\u1edbn v\u00e0 g\u00e2y kh\u00f3 ch\u1ecbu, ho\u1ea3ng h\u1ed1t cho nh\u1eefng k\u1ebb \u0111\u1ed9t nh\u1eadp, khi\u1ebfn ch\u00fang b\u1ecf ch\u1ea1y. \u00c2m thanh c\u1ee7a c\u00f2i b\u00e1o tr\u1ed9m c\u00f3 th\u1ec3 lan truy\u1ec1n xa. \u0110\u1ea3m b\u1ea3o an ninh an to\u00e0n kh\u00f4ng ch\u1ec9 cho gia \u0111\u00ecnh b\u1ea1n m\u00e0 trong c\u1ea3 nhi\u1ec1u l\u0129nh v\u1ef1c kh\u00e1c nh\u01b0 v\u0103n ph\u00f2ng, doanh nghi\u1ec7p, c\u00f4ng tr\u00ecnh x\u00e2y d\u1ef1ng,\u2026<\/p>\n<p>C\u00f2i h\u00fa AL03D-12V, d\u00f9ng g\u1eafn v\u00e0o b\u00e1o \u0111\u1ed9ng trung t\u00e2m qua \u0111i\u1ec7n tho\u1ea1i.<\/p>\n<p><img loading=\"lazy\" decoding=\"async\" class=\"aligncenter wp-image-14965\" src=\"https:\/\/kawasan.vn\/wp-content\/uploads\/2023\/12\/bao-dong-chong-trom-qua-dien-thoai-262t-wifi-sim-6.jpg\" alt=\"\" width=\"600\" height=\"501\" \/><\/p>\n<p><strong>C\u00e1c S\u1ea3n Ph\u1ea9m Li\u00ean Quan:<\/strong><\/p>\n<p><strong><a href=\"https:\/\/thegioidienthongminh.com\/danh-muc\/bao-dong-chong-trom\/\"><span style=\"vertical-align: inherit;\"><span style=\"vertical-align: inherit;\">https:\/\/thegioidienthongminh.com\/danh-muc\/bao-dong-chong-trom\/<\/span><\/span><\/a><\/strong><\/p>\n<p><strong><a href=\"https:\/\/kawasan.vn\/en\/product-category\/thiet-bi-bao-dong\/\"><span style=\"vertical-align: inherit;\"><span style=\"vertical-align: inherit;\">https:\/\/kawasan.vn\/vi\/product-category\/thiet-bi-bao-dong\/<\/span><\/span><\/a><\/strong><\/p>\n<h3><span class=\"ez-toc-section\" id=\"TAI_SAO_NEN_CHON_KAWASAN\"><\/span><b>T\u1ea0I SAO N\u00caN CH\u1eccN KAWASAN?<\/b><span class=\"ez-toc-section-end\"><\/span><\/h3>\n<ul>\n<li>Th\u01b0\u01a1ng hi\u1ec7u h\u00e0ng \u0111\u1ea7u Vi\u1ec7t Nam trong l\u0129nh v\u1ef1c \u0111i\u1ec7n t\u1ef1 \u0111\u1ed9ng, an ninh, an to\u00e0n v\u00e0 \u0111i\u1ec7n th\u00f4ng minh t\u1eeb 2007 v\u00e0 \u0111\u00e8n led d\u00e2n d\u1ee5ng, \u0111\u00e8n n\u0103ng l\u01b0\u1ee3ng m\u1eb7t tr\u1eddi t\u1eeb n\u0103m 2012<\/li>\n<li>\u0110\u1ed9 b\u1ec1n cao, linh ki\u1ec7n ch\u1ecdn l\u1ecdc \u2013 Ho\u1ea1t \u0111\u1ed9ng \u1ed5n \u0111\u1ecbnh c\u1ea3 trong \u0111i\u1ec1u ki\u1ec7n th\u1eddi ti\u1ebft kh\u1eafc nghi\u1ec7t<\/li>\n<li>Ch\u00ednh s\u00e1ch b\u1ea3o h\u00e0nh v\u01b0\u1ee3t tr\u1ed9i \u2013 H\u1ed7 tr\u1ee3 s\u1eeda ch\u1eefa c\u1ea3 sau th\u1eddi gian b\u1ea3o h\u00e0nh n\u1ebfu c\u00f2n kh\u1ea3 n\u0103ng kh\u1eafc ph\u1ee5c<\/li>\n<li>Kawasan hi\u1ec7n c\u00f3 tr\u1ee5 s\u1edf t\u1ea1i HCM, chi nh\u00e1nh t\u1ea1i H\u00e0 N\u1ed9i, \u0110\u00e0 N\u1eb5ng v\u00e0 x\u01b0\u1edfng SX, L\u1eafp r\u00e1p t\u1ea1i Q12. HCM.<\/li>\n<li>D\u1ecbch v\u1ee5 h\u1ed7 tr\u1ee3 24\/7, m\u1ea1ng l\u01b0\u1edbi \u0111\u1ea1i l\u00fd ph\u1ee7 kh\u1eafp c\u1ea3 n\u01b0\u1edbc<\/li>\n<\/ul>\n<h4><span class=\"ez-toc-section\" id=\"CAM_KET_TU_KAWASAKAWASAN\"><\/span><b>CAM K\u1ebeT T\u1eea KAWASAKAWASAN<\/b><span class=\"ez-toc-section-end\"><\/span><\/h4>\n<p>Kawasan cam k\u1ebft mang \u0111\u1ebfn s\u1ea3n ph\u1ea9m\u00a0<b>ch\u00ednh h\u00e3ng \u2013 b\u1ec1n b\u1ec9 \u2013 an to\u00e0n<\/b>, \u0111\u00e1p \u1ee9ng \u0111\u1ea7y \u0111\u1ee7 c\u00e1c ti\u00eau chu\u1ea9n k\u1ef9 thu\u1eadt v\u00e0 y\u00eau c\u1ea7u s\u1eed d\u1ee5ng th\u1ef1c t\u1ebf.\u00a0T\u1ea5t c\u1ea3 s\u1ea3n ph\u1ea9m \u0111\u01b0\u1ee3c b\u1ea3o h\u00e0nh\u00a0<b>mi\u1ec5n ph\u00ed 24 th\u00e1ng<\/b>,\u00a0<b>1 \u0111\u1ed5i 1 trong v\u00f2ng 30 ng\u00e0y<\/b>\u00a0n\u1ebfu l\u1ed7i k\u1ef9 thu\u1eadt. Ngo\u00e0i ra, kh\u00e1ch h\u00e0ng c\u00f2n \u0111\u01b0\u1ee3c h\u1ed7 tr\u1ee3 s\u1eeda ch\u1eefa sau khi h\u1ebft th\u1eddi gian b\u1ea3o h\u00e0nh n\u1ebfu s\u1ea3n ph\u1ea9m c\u00f2n kh\u1ea3 n\u0103ng ph\u1ee5c h\u1ed3i,\u00a0<b>kh\u00f4ng t\u00ednh ph\u00ed<\/b>\u00a0n\u1ebfu chi ph\u00ed linh ki\u1ec7n thay th\u1ebf kh\u00f4ng \u0111\u00e1ng k\u1ec3.\u00a0Kh\u00e1ch h\u00e0ng c\u00f3 th\u1ec3 t\u00ecm mua s\u1ea3n ph\u1ea9m t\u1ea1i c\u00e1c \u0111\u1ea1i l\u00fd thu\u1ed9c<a href=\"https:\/\/kawasan.vn\/en\/he-thong-phan-phoi\/\">\u00a0<b>H\u1ec6 TH\u1ed0NG PH\u00c2N PH\u1ed0I TO\u00c0N QU\u1ed0C<\/b><\/a>\u00a0t\u1ea1i c\u00e1c t\u1ec9nh th\u00e0nh ho\u1eb7c c\u00f3 th\u1ec3 \u0111\u1eb7t h\u00e0ng tr\u00ean website.<\/p>\n<h4><span class=\"ez-toc-section\" id=\"Mua_chinh_hang_tai\"><\/span><b>Mua ch\u00ednh h\u00e3ng t\u1ea1i:<\/b><span class=\"ez-toc-section-end\"><\/span><\/h4>\n<ul>\n<li>Li\u00ean h\u1ec7 tr\u1ef1c ti\u1ebfp ph\u00f2ng kinh doanh \u0111\u1ec3 \u0111\u01b0\u1ee3c b\u00e1o gi\u00e1 s\u1ec9, gi\u00e1 \u0111\u1ea1i l\u00fd \/ NPP:\u00a0<b>0825 411 408 \/ 0911 757234<\/b><\/li>\n<li>Website:<a href=\"https:\/\/kawasan.vn\/en\/?_gl=1*105adfi*_gcl_aw*R0NMLjE3NTIwMzE4NzkuQ2p3S0NBandnN1BEQmhCeEVpd0FmMUNWdV9YNVk5RVVUUU5jeFRHZFlNak5VdGd5OEdlM2M1YlNNbHZWaW9qMFNZengtN0VQMk1yVFdSb0NCM2dRQXZEX0J3RQ..*_gcl_au*MTcyOTk0ODg3Ny4xNzU2ODY1NTgwLjExOTQzNDk4NzkuMTc1NzQ5MTY0MS4xNzU3NDkxNjQw\">\u00a0www.kawasan.vn<\/a>\u00a0(\u0110\u1ed1i v\u1edbi s\u1ea3n ph\u1ea9m Kawasan)<\/li>\n<li>Website:<a href=\"https:\/\/www.kawaled.com.vn\/\">\u00a0www.kawaled.com.vn<\/a>\u00a0(\u0110\u1ed1i v\u1edbi s\u1ea3n ph\u1ea9m Kawaled)<\/li>\n<\/ul>\n<p><strong>B\u00e0i vi\u1ebft v\u00e0 Video tham kh\u1ea3o v\u1ec1 \u1ee9ng d\u1ee5ng, l\u1ee3i \u00edch v\u00e0 HDSD<\/strong><\/p>\n<ul>\n<li>Tham kh\u1ea3o b\u00e0i vi\u1ebft v\u1ec1 s\u1ea3n ph\u1ea9m<\/li>\n<li>Xem Video gi\u1edbi thi\u1ec7u \u1ee9ng s\u1ea3n ph\u1ea9m, \u1ee9ng d\u1ee5ng v\u00e0 HDSD v\u1ec1 s\u1ea3n ph\u1ea9m<\/li>\n<\/ul>","protected":false},"excerpt":{"rendered":"<p>Nh\u00e0 s\u1ea3n xu\u1ea5t: KawasanM\u00e3 s\u1ea3n ph\u1ea9m: C\u00f2i H\u00faT\u00ecnh tr\u1ea1ng:C\u00f2n h\u00e0ng<\/p>","protected":false},"featured_media":16917,"comment_status":"open","ping_status":"closed","template":"","meta":{"_yoast_wpseo_focuskw":"C\u00f2i B\u00e1o \u0110\u1ed9ng AL03D-12V","_yoast_wpseo_metadesc":"C\u00f2i b\u00e1o \u0111\u1ed9ng AL03D-12V, d\u00f9ng g\u1eafn v\u00e0o trung t\u00e2m b\u00e1o \u0111\u1ed9ng qua \u0111i\u1ec7n tho\u1ea1i. C\u00f3 ch\u1ee9c n\u0103ng c\u1ea3nh b\u00e1o cho ng\u01b0\u1eddi d\u00f9ng c\u00f3 tr\u1ed9m \u0111\u1ed9t nh\u1eadp.","_yoast_wpseo_focuskeywords":"","_yoast_wpseo_keyword_synonyms":""},"product_cat":[500,45],"product_tag":[832,833,978,977,976,979,975],"class_list":["post-16911","product","type-product","status-publish","has-post-thumbnail","hentry","product_cat-coi-bao-dong-khong-day","product_cat-phu-kien-bao-dong","product_tag-coi-bao-dong","product_tag-coi-bao-dong-dieu-khien-tu-xa","product_tag-coi-bao-dong-gia-re","product_tag-coi-bao-dong-gia-tot","product_tag-coi-bao-dong-kawasan","product_tag-coi-bao-dong-thong-minh","product_tag-coi-bao-trung-tam"],"acf":[],"yoast_head":"<!-- This site is optimized with the Yoast SEO Premium plugin v24.9 (Yoast SEO v24.9) - https:\/\/yoast.com\/wordpress\/plugins\/seo\/ -->\n<title>C\u00f2i B\u00e1o \u0110\u1ed9ng AL03D-12V - Kawasan<\/title>\n<meta name=\"description\" content=\"C\u00f2i b\u00e1o \u0111\u1ed9ng AL03D-12V, d\u00f9ng g\u1eafn v\u00e0o trung t\u00e2m b\u00e1o \u0111\u1ed9ng qua \u0111i\u1ec7n tho\u1ea1i. C\u00f3 ch\u1ee9c n\u0103ng c\u1ea3nh b\u00e1o cho ng\u01b0\u1eddi d\u00f9ng c\u00f3 tr\u1ed9m \u0111\u1ed9t nh\u1eadp.\" \/>\n<meta name=\"robots\" content=\"index, follow, max-snippet:-1, max-image-preview:large, max-video-preview:-1\" \/>\n<link rel=\"canonical\" href=\"https:\/\/kawasan.vn\/en\/product\/coi-bao-dong-al03d-12v\/\" \/>\n<meta property=\"og:locale\" content=\"en_US\" \/>\n<meta property=\"og:type\" content=\"article\" \/>\n<meta property=\"og:title\" content=\"C\u00f2i B\u00e1o \u0110\u1ed9ng AL03D-12V\" \/>\n<meta property=\"og:description\" content=\"C\u00f2i b\u00e1o \u0111\u1ed9ng AL03D-12V, d\u00f9ng g\u1eafn v\u00e0o trung t\u00e2m b\u00e1o \u0111\u1ed9ng qua \u0111i\u1ec7n tho\u1ea1i. C\u00f3 ch\u1ee9c n\u0103ng c\u1ea3nh b\u00e1o cho ng\u01b0\u1eddi d\u00f9ng c\u00f3 tr\u1ed9m \u0111\u1ed9t nh\u1eadp.\" \/>\n<meta property=\"og:url\" content=\"https:\/\/kawasan.vn\/en\/product\/coi-bao-dong-al03d-12v\/\" \/>\n<meta property=\"og:site_name\" content=\"Kawasan\" \/>\n<meta property=\"article:modified_time\" content=\"2026-02-02T08:19:16+00:00\" \/>\n<meta property=\"og:image\" content=\"https:\/\/kawasan.vn\/wp-content\/uploads\/2024\/02\/coi-bao-dong-al03d-12v.png\" \/>\n\t<meta property=\"og:image:width\" content=\"600\" \/>\n\t<meta property=\"og:image:height\" content=\"600\" \/>\n\t<meta property=\"og:image:type\" content=\"image\/png\" \/>\n<meta name=\"twitter:card\" content=\"summary_large_image\" \/>\n<meta name=\"twitter:label1\" content=\"Est. reading time\" \/>\n\t<meta name=\"twitter:data1\" content=\"4 minutes\" \/>\n<script type=\"application\/ld+json\" class=\"yoast-schema-graph\">{\"@context\":\"https:\/\/schema.org\",\"@graph\":[{\"@type\":\"WebPage\",\"@id\":\"https:\/\/kawasan.vn\/san-pham\/coi-bao-dong-al03d-12v\/\",\"url\":\"https:\/\/kawasan.vn\/san-pham\/coi-bao-dong-al03d-12v\/\",\"name\":\"C\u00f2i B\u00e1o \u0110\u1ed9ng AL03D-12V - Kawasan\",\"isPartOf\":{\"@id\":\"https:\/\/kawasan.vn\/#website\"},\"primaryImageOfPage\":{\"@id\":\"https:\/\/kawasan.vn\/san-pham\/coi-bao-dong-al03d-12v\/#primaryimage\"},\"image\":{\"@id\":\"https:\/\/kawasan.vn\/san-pham\/coi-bao-dong-al03d-12v\/#primaryimage\"},\"thumbnailUrl\":\"https:\/\/kawasan.vn\/wp-content\/uploads\/2024\/02\/coi-bao-dong-al03d-12v.png\",\"datePublished\":\"2024-02-27T07:26:52+00:00\",\"dateModified\":\"2026-02-02T08:19:16+00:00\",\"description\":\"C\u00f2i b\u00e1o \u0111\u1ed9ng AL03D-12V, d\u00f9ng g\u1eafn v\u00e0o trung t\u00e2m b\u00e1o \u0111\u1ed9ng qua \u0111i\u1ec7n tho\u1ea1i. C\u00f3 ch\u1ee9c n\u0103ng c\u1ea3nh b\u00e1o cho ng\u01b0\u1eddi d\u00f9ng c\u00f3 tr\u1ed9m \u0111\u1ed9t nh\u1eadp.\",\"breadcrumb\":{\"@id\":\"https:\/\/kawasan.vn\/san-pham\/coi-bao-dong-al03d-12v\/#breadcrumb\"},\"inLanguage\":\"en-US\",\"potentialAction\":[{\"@type\":\"ReadAction\",\"target\":[\"https:\/\/kawasan.vn\/san-pham\/coi-bao-dong-al03d-12v\/\"]}]},{\"@type\":\"ImageObject\",\"inLanguage\":\"en-US\",\"@id\":\"https:\/\/kawasan.vn\/san-pham\/coi-bao-dong-al03d-12v\/#primaryimage\",\"url\":\"https:\/\/kawasan.vn\/wp-content\/uploads\/2024\/02\/coi-bao-dong-al03d-12v.png\",\"contentUrl\":\"https:\/\/kawasan.vn\/wp-content\/uploads\/2024\/02\/coi-bao-dong-al03d-12v.png\",\"width\":600,\"height\":600},{\"@type\":\"BreadcrumbList\",\"@id\":\"https:\/\/kawasan.vn\/san-pham\/coi-bao-dong-al03d-12v\/#breadcrumb\",\"itemListElement\":[{\"@type\":\"ListItem\",\"position\":1,\"name\":\"Trang ch\u1ee7\",\"item\":\"https:\/\/kawasan.vn\/\"},{\"@type\":\"ListItem\",\"position\":2,\"name\":\"S\u1ea3n ph\u1ea9m\",\"item\":\"https:\/\/kawasan.vn\/san-pham\/\"},{\"@type\":\"ListItem\",\"position\":3,\"name\":\"C\u00f2i B\u00e1o \u0110\u1ed9ng AL03D-12V\"}]},{\"@type\":\"WebSite\",\"@id\":\"https:\/\/kawasan.vn\/#website\",\"url\":\"https:\/\/kawasan.vn\/\",\"name\":\"Kawasan\",\"description\":\"\",\"potentialAction\":[{\"@type\":\"SearchAction\",\"target\":{\"@type\":\"EntryPoint\",\"urlTemplate\":\"https:\/\/kawasan.vn\/?s={search_term_string}\"},\"query-input\":{\"@type\":\"PropertyValueSpecification\",\"valueRequired\":true,\"valueName\":\"search_term_string\"}}],\"inLanguage\":\"en-US\"}]}<\/script>\n<!-- \/ Yoast SEO Premium plugin. -->","yoast_head_json":{"title":"C\u00f2i B\u00e1o \u0110\u1ed9ng AL03D-12V - Kawasan","description":"C\u00f2i b\u00e1o \u0111\u1ed9ng AL03D-12V, d\u00f9ng g\u1eafn v\u00e0o trung t\u00e2m b\u00e1o \u0111\u1ed9ng qua \u0111i\u1ec7n tho\u1ea1i. C\u00f3 ch\u1ee9c n\u0103ng c\u1ea3nh b\u00e1o cho ng\u01b0\u1eddi d\u00f9ng c\u00f3 tr\u1ed9m \u0111\u1ed9t nh\u1eadp.","robots":{"index":"index","follow":"follow","max-snippet":"max-snippet:-1","max-image-preview":"max-image-preview:large","max-video-preview":"max-video-preview:-1"},"canonical":"https:\/\/kawasan.vn\/en\/product\/coi-bao-dong-al03d-12v\/","og_locale":"en_US","og_type":"article","og_title":"C\u00f2i B\u00e1o \u0110\u1ed9ng AL03D-12V","og_description":"C\u00f2i b\u00e1o \u0111\u1ed9ng AL03D-12V, d\u00f9ng g\u1eafn v\u00e0o trung t\u00e2m b\u00e1o \u0111\u1ed9ng qua \u0111i\u1ec7n tho\u1ea1i. C\u00f3 ch\u1ee9c n\u0103ng c\u1ea3nh b\u00e1o cho ng\u01b0\u1eddi d\u00f9ng c\u00f3 tr\u1ed9m \u0111\u1ed9t nh\u1eadp.","og_url":"https:\/\/kawasan.vn\/en\/product\/coi-bao-dong-al03d-12v\/","og_site_name":"Kawasan","article_modified_time":"2026-02-02T08:19:16+00:00","og_image":[{"width":600,"height":600,"url":"https:\/\/kawasan.vn\/wp-content\/uploads\/2024\/02\/coi-bao-dong-al03d-12v.png","type":"image\/png"}],"twitter_card":"summary_large_image","twitter_misc":{"Est. reading time":"4 minutes"},"schema":{"@context":"https:\/\/schema.org","@graph":[{"@type":"WebPage","@id":"https:\/\/kawasan.vn\/san-pham\/coi-bao-dong-al03d-12v\/","url":"https:\/\/kawasan.vn\/san-pham\/coi-bao-dong-al03d-12v\/","name":"C\u00f2i B\u00e1o \u0110\u1ed9ng AL03D-12V - Kawasan","isPartOf":{"@id":"https:\/\/kawasan.vn\/#website"},"primaryImageOfPage":{"@id":"https:\/\/kawasan.vn\/san-pham\/coi-bao-dong-al03d-12v\/#primaryimage"},"image":{"@id":"https:\/\/kawasan.vn\/san-pham\/coi-bao-dong-al03d-12v\/#primaryimage"},"thumbnailUrl":"https:\/\/kawasan.vn\/wp-content\/uploads\/2024\/02\/coi-bao-dong-al03d-12v.png","datePublished":"2024-02-27T07:26:52+00:00","dateModified":"2026-02-02T08:19:16+00:00","description":"C\u00f2i b\u00e1o \u0111\u1ed9ng AL03D-12V, d\u00f9ng g\u1eafn v\u00e0o trung t\u00e2m b\u00e1o \u0111\u1ed9ng qua \u0111i\u1ec7n tho\u1ea1i. C\u00f3 ch\u1ee9c n\u0103ng c\u1ea3nh b\u00e1o cho ng\u01b0\u1eddi d\u00f9ng c\u00f3 tr\u1ed9m \u0111\u1ed9t nh\u1eadp.","breadcrumb":{"@id":"https:\/\/kawasan.vn\/san-pham\/coi-bao-dong-al03d-12v\/#breadcrumb"},"inLanguage":"en-US","potentialAction":[{"@type":"ReadAction","target":["https:\/\/kawasan.vn\/san-pham\/coi-bao-dong-al03d-12v\/"]}]},{"@type":"ImageObject","inLanguage":"en-US","@id":"https:\/\/kawasan.vn\/san-pham\/coi-bao-dong-al03d-12v\/#primaryimage","url":"https:\/\/kawasan.vn\/wp-content\/uploads\/2024\/02\/coi-bao-dong-al03d-12v.png","contentUrl":"https:\/\/kawasan.vn\/wp-content\/uploads\/2024\/02\/coi-bao-dong-al03d-12v.png","width":600,"height":600},{"@type":"BreadcrumbList","@id":"https:\/\/kawasan.vn\/san-pham\/coi-bao-dong-al03d-12v\/#breadcrumb","itemListElement":[{"@type":"ListItem","position":1,"name":"Trang ch\u1ee7","item":"https:\/\/kawasan.vn\/"},{"@type":"ListItem","position":2,"name":"S\u1ea3n ph\u1ea9m","item":"https:\/\/kawasan.vn\/san-pham\/"},{"@type":"ListItem","position":3,"name":"C\u00f2i B\u00e1o \u0110\u1ed9ng AL03D-12V"}]},{"@type":"WebSite","@id":"https:\/\/kawasan.vn\/#website","url":"https:\/\/kawasan.vn\/","name":"Kawasan","description":"","potentialAction":[{"@type":"SearchAction","target":{"@type":"EntryPoint","urlTemplate":"https:\/\/kawasan.vn\/?s={search_term_string}"},"query-input":{"@type":"PropertyValueSpecification","valueRequired":true,"valueName":"search_term_string"}}],"inLanguage":"en-US"}]}},"_links":{"self":[{"href":"https:\/\/kawasan.vn\/en\/wp-json\/wp\/v2\/product\/16911","targetHints":{"allow":["GET"]}}],"collection":[{"href":"https:\/\/kawasan.vn\/en\/wp-json\/wp\/v2\/product"}],"about":[{"href":"https:\/\/kawasan.vn\/en\/wp-json\/wp\/v2\/types\/product"}],"replies":[{"embeddable":true,"href":"https:\/\/kawasan.vn\/en\/wp-json\/wp\/v2\/comments?post=16911"}],"version-history":[{"count":5,"href":"https:\/\/kawasan.vn\/en\/wp-json\/wp\/v2\/product\/16911\/revisions"}],"predecessor-version":[{"id":28806,"href":"https:\/\/kawasan.vn\/en\/wp-json\/wp\/v2\/product\/16911\/revisions\/28806"}],"wp:featuredmedia":[{"embeddable":true,"href":"https:\/\/kawasan.vn\/en\/wp-json\/wp\/v2\/media\/16917"}],"wp:attachment":[{"href":"https:\/\/kawasan.vn\/en\/wp-json\/wp\/v2\/media?parent=16911"}],"wp:term":[{"taxonomy":"product_cat","embeddable":true,"href":"https:\/\/kawasan.vn\/en\/wp-json\/wp\/v2\/product_cat?post=16911"},{"taxonomy":"product_tag","embeddable":true,"href":"https:\/\/kawasan.vn\/en\/wp-json\/wp\/v2\/product_tag?post=16911"}],"curies":[{"name":"wp","href":"https:\/\/api.w.org\/{rel}","templated":true}]}}