{"id":15903,"date":"2024-02-06T07:27:52","date_gmt":"2024-02-06T07:27:52","guid":{"rendered":"https:\/\/kawasan.123websitedev.com\/?post_type=product&#038;p=15903"},"modified":"2026-04-11T14:31:22","modified_gmt":"2026-04-11T07:31:22","slug":"cong-tac-wifi-thong-minh-2-kenh-sk02","status":"publish","type":"product","link":"https:\/\/kawasan.vn\/en\/product\/cong-tac-wifi-thong-minh-2-kenh-sk02\/","title":{"rendered":"C\u00f4ng T\u1eafc Wifi Th\u00f4ng Minh 2 K\u00eanh SK02"},"content":{"rendered":"<h2><span class=\"ez-toc-section\" id=\"CONG_TAC_WIFI_THONG_MINH_2_KENH_SK02\"><\/span>C\u00d4NG T\u1eaeC WIFI TH\u00d4NG MINH 2 K\u00caNH SK02<span class=\"ez-toc-section-end\"><\/span><\/h2><div id=\"ez-toc-container\" class=\"ez-toc-v2_0_69_1 counter-hierarchy ez-toc-counter ez-toc-grey ez-toc-container-direction\">\n<div class=\"ez-toc-title-container\">\n<p class=\"ez-toc-title\" >N\u1ed9i Dung B&agrave;i Vi\u1ebft<\/p>\n<span class=\"ez-toc-title-toggle\"><a href=\"#\" class=\"ez-toc-pull-right ez-toc-btn ez-toc-btn-xs ez-toc-btn-default ez-toc-toggle\" aria-label=\"Toggle Table of Content\"><span class=\"ez-toc-js-icon-con\"><span class=\"\"><span class=\"eztoc-hide\" style=\"display:none;\">Toggle<\/span><span class=\"ez-toc-icon-toggle-span\"><svg style=\"fill: #999;color:#999\" xmlns=\"http:\/\/www.w3.org\/2000\/svg\" class=\"list-377408\" width=\"20px\" height=\"20px\" viewbox=\"0 0 24 24\" fill=\"none\"><path d=\"M6 6H4v2h2V6zm14 0H8v2h12V6zM4 11h2v2H4v-2zm16 0H8v2h12v-2zM4 16h2v2H4v-2zm16 0H8v2h12v-2z\" fill=\"currentColor\"><\/path><\/svg><svg style=\"fill: #999;color:#999\" class=\"arrow-unsorted-368013\" xmlns=\"http:\/\/www.w3.org\/2000\/svg\" width=\"10px\" height=\"10px\" viewbox=\"0 0 24 24\" version=\"1.2\" baseprofile=\"tiny\"><path d=\"M18.2 9.3l-6.2-6.3-6.2 6.3c-.2.2-.3.4-.3.7s.1.5.3.7c.2.2.4.3.7.3h11c.3 0 .5-.1.7-.3.2-.2.3-.5.3-.7s-.1-.5-.3-.7zM5.8 14.7l6.2 6.3 6.2-6.3c.2-.2.3-.5.3-.7s-.1-.5-.3-.7c-.2-.2-.4-.3-.7-.3h-11c-.3 0-.5.1-.7.3-.2.2-.3.5-.3.7s.1.5.3.7z\"\/><\/svg><\/span><\/span><\/span><\/a><\/span><\/div>\n<nav><ul class='ez-toc-list ez-toc-list-level-1 eztoc-toggle-hide-by-default' ><li class='ez-toc-page-1 ez-toc-heading-level-2'><a class=\"ez-toc-link ez-toc-heading-1\" href=\"https:\/\/kawasan.vn\/en\/product\/cong-tac-wifi-thong-minh-2-kenh-sk02\/#CONG_TAC_WIFI_THONG_MINH_2_KENH_SK02\" title=\"C\u00d4NG T\u1eaeC WIFI TH\u00d4NG MINH 2 K\u00caNH SK02\">C\u00d4NG T\u1eaeC WIFI TH\u00d4NG MINH 2 K\u00caNH SK02<\/a><\/li><li class='ez-toc-page-1 ez-toc-heading-level-2'><a class=\"ez-toc-link ez-toc-heading-2\" href=\"https:\/\/kawasan.vn\/en\/product\/cong-tac-wifi-thong-minh-2-kenh-sk02\/#TINH_NANG_NOI_BAT_CUA_CONG_TAC_DIEU_KHIEN_TU_XA_SK02\" title=\"T\u00cdNH N\u0102NG N\u1ed4I B\u1eacT C\u1ee6A C\u00d4NG T\u1eaeC \u0110I\u1ec0U KHI\u1ec2N T\u1eea XA SK02\">T\u00cdNH N\u0102NG N\u1ed4I B\u1eacT C\u1ee6A C\u00d4NG T\u1eaeC \u0110I\u1ec0U KHI\u1ec2N T\u1eea XA SK02<\/a><\/li><li class='ez-toc-page-1 ez-toc-heading-level-2'><a class=\"ez-toc-link ez-toc-heading-3\" href=\"https:\/\/kawasan.vn\/en\/product\/cong-tac-wifi-thong-minh-2-kenh-sk02\/#UNG_DUNG_CUA_CONG_TAC_DIEN_WIFI\" title=\"\u1ee8NG D\u1ee4NG C\u1ee6A C\u00d4NG T\u1eaeC \u0110I\u1ec6N WIFI\">\u1ee8NG D\u1ee4NG C\u1ee6A C\u00d4NG T\u1eaeC \u0110I\u1ec6N WIFI<\/a><ul class='ez-toc-list-level-3' ><li class='ez-toc-heading-level-3'><a class=\"ez-toc-link ez-toc-heading-4\" href=\"https:\/\/kawasan.vn\/en\/product\/cong-tac-wifi-thong-minh-2-kenh-sk02\/#TAI_SAO_NEN_CHON_KAWASAN\" title=\"T\u1ea0I SAO N\u00caN CH\u1eccN KAWASAN?\">T\u1ea0I SAO N\u00caN CH\u1eccN KAWASAN?<\/a><ul class='ez-toc-list-level-4' ><li class='ez-toc-heading-level-4'><a class=\"ez-toc-link ez-toc-heading-5\" href=\"https:\/\/kawasan.vn\/en\/product\/cong-tac-wifi-thong-minh-2-kenh-sk02\/#CAM_KET_TU_KAWASAKAWASAN\" title=\"CAM K\u1ebeT T\u1eea KAWASAKAWASAN\">CAM K\u1ebeT T\u1eea KAWASAKAWASAN<\/a><\/li><li class='ez-toc-page-1 ez-toc-heading-level-4'><a class=\"ez-toc-link ez-toc-heading-6\" href=\"https:\/\/kawasan.vn\/en\/product\/cong-tac-wifi-thong-minh-2-kenh-sk02\/#Mua_chinh_hang_tai\" title=\"Mua ch\u00ednh h\u00e3ng t\u1ea1i:\">Mua ch\u00ednh h\u00e3ng t\u1ea1i:<\/a><\/li><\/ul><\/li><\/ul><\/li><\/ul><\/nav><\/div>\n\n<p>C\u00f4ng t\u1eafc wifi SK02 th\u00f4ng minh, \u0111i\u1ec1u khi\u1ec3n b\u1eadt \u2013 t\u1eaft 2 thi\u1ebft b\u1ecb \u0111\u1ed9c l\u1eadp t\u1eeb xa qua App Kawasan tr\u00ean \u0111i\u1ec7n tho\u1ea1i. D\u00f9 b\u1ea5t c\u1ee9 n\u01a1i \u0111\u00e2u mi\u1ec5n c\u00f3 Internet, \u0111\u1ec1u c\u00f3 th\u1ec3 theo d\u00f5i tr\u1ea1ng th\u00e1i thi\u1ebft b\u1ecb \u0111ang b\u1eadt hay t\u1eaft. Thi\u1ebft l\u1eadp l\u1eadp k\u1ecbch b\u1ea3n h\u1eb9n gi\u1edd, cho c\u00e1c thi\u1ebft b\u1ecb \u0111i\u1ec7n trong ng\u00f4i nh\u00e0, d\u1ec5 d\u00e0ng h\u01a1n bao gi\u1edd h\u1ebft. V\u1edbi thi\u1ebft k\u1ebf nh\u1ecf g\u1ecdn, c\u00f4ng su\u1ea5t 500W\/ k\u00eanh. N\u00ean ph\u00f9 h\u1ee3p d\u00f9ng cho c\u00e1c thi\u1ebft b\u1ecb \u0111i\u1ec7n nh\u01b0: B\u01a1m, \u0111\u00e8n, qu\u1ea1t, t\u1ee7 l\u1ea1nh&#8230;<br \/>\nN\u1ebfu <a href=\"https:\/\/kawasan.vn\/en\/product-category\/cong-tac-thong-minh\/cong-tac-wifi\/\" target=\"_blank\" rel=\"noopener\">c\u00f4ng t\u1eafc<\/a> b\u1ecb m\u1ea5t k\u1ebft n\u1ed1i wifi, th\u00ec ch\u01b0\u01a1ng tr\u00ecnh v\u1eabn \u0111\u01b0\u1ee3c l\u01b0u l\u1ea1i trong ph\u1ea7n l\u1ecbch s\u1eed. Ngo\u00e0i ra, b\u1ea1n c\u00f3 th\u1ec3 chia s\u1ebb quy\u1ec1n truy c\u1eadp, cho nhi\u1ec1u ng\u01b0\u1eddi trong gia \u0111\u00ecnh s\u1eed d\u1ee5ng.<\/p>\n<figure id=\"attachment_15907\" aria-describedby=\"caption-attachment-15907\" style=\"width: 800px\" class=\"wp-caption aligncenter\"><img loading=\"lazy\" decoding=\"async\" class=\"wp-image-15907\" title=\"\u200bC\u00f4ng t\u1eafc wifi 2 k\u00eanh SK02 c\u00f4ng su\u1ea5t t\u1ea3i 500W\/k\u00eanh\" src=\"https:\/\/kawasan.vn\/wp-content\/uploads\/2024\/02\/cong-tac-wifi-dieu-khien-tu-xa-sk025.png\" alt=\"\u200bC\u00f4ng t\u1eafc wifi 2 k\u00eanh SK02 c\u00f4ng su\u1ea5t t\u1ea3i 500W\/k\u00eanh\" width=\"800\" height=\"379\" srcset=\"https:\/\/kawasan.vn\/wp-content\/uploads\/2024\/02\/cong-tac-wifi-dieu-khien-tu-xa-sk025-768x364.png 768w, https:\/\/kawasan.vn\/wp-content\/uploads\/2024\/02\/cong-tac-wifi-dieu-khien-tu-xa-sk025-640x303.png 640w, https:\/\/kawasan.vn\/wp-content\/uploads\/2024\/02\/cong-tac-wifi-dieu-khien-tu-xa-sk025-400x190.png 400w\" sizes=\"auto, (max-width: 800px) 100vw, 800px\" \/><figcaption id=\"caption-attachment-15907\" class=\"wp-caption-text\">\u200bC\u00f4ng t\u1eafc wifi 2 k\u00eanh SK02 c\u00f4ng su\u1ea5t t\u1ea3i 500W\/k\u00eanh<\/figcaption><\/figure>\n<h2><span class=\"ez-toc-section\" id=\"TINH_NANG_NOI_BAT_CUA_CONG_TAC_DIEU_KHIEN_TU_XA_SK02\"><\/span><strong>T\u00cdNH N\u0102NG N\u1ed4I B\u1eacT C\u1ee6A C\u00d4NG T\u1eaeC \u0110I\u1ec0U KHI\u1ec2N T\u1eea XA SK02<\/strong><span class=\"ez-toc-section-end\"><\/span><\/h2>\n<ul>\n<li>\u0110i\u1ec1u khi\u1ec3n b\u1eadt\/t\u1eaft v\u00e0 thi\u1ebft l\u1eadp l\u1ecbch h\u1eb9n gi\u1edd cho m\u1ecdi thi\u1ebft b\u1ecb \u0111i\u1ec7n t\u1eeb xa qua \u0111i\u1ec7n tho\u1ea1i.<\/li>\n<li>B\u00e1o tr\u1ea1ng th\u00e1i ho\u1ea1t \u0111\u1ed9ng c\u1ee7a c\u00e1c thi\u1ebft b\u1ecb tr\u00ean Smartphone<\/li>\n<li>Chia s\u1ebb quy\u1ec1n s\u1eed d\u1ee5ng thi\u1ebft b\u1ecb cho nhi\u1ec1u th\u00e0nh vi\u00ean trong gia \u0111\u00ecnh c\u1ef1c nhanh. C\u00e0i \u0111\u1eb7t s\u1eed d\u1ee5ng theo ng\u1eef c\u1ea3nh th\u00f4ng minh.<\/li>\n<li>C\u00f3 n\u00fat nh\u1ea5n b\u1eadt &#8211; t\u1eaft b\u1eb1ng tay tr\u00ean thi\u1ebft b\u1ecb, tr\u01b0\u1eddng h\u1ee3p b\u1ea1n qu\u00ean c\u1ea7m theo \u0111i\u1ec7n tho\u1ea1i.\u200b<\/li>\n<li>Thi\u1ebft k\u1ebf d\u1ea1ng thanh ray, d\u1ec5 d\u00e0ng l\u1eafp \u0111\u1eb7t trong c\u00e1c t\u1ee7 \u0111i\u1ec7n. L\u1edbp v\u1ecf ngo\u00e0i ch\u1ed1ng ch\u00e1y, c\u00e1ch \u0111i\u1ec7n t\u1ed1t. Tr\u00e1nh g\u00e2y ra h\u1ecfa ho\u1ea1n v\u00e0 gi\u1eadt \u0111i\u1ec7n \u1edf ng\u01b0\u1eddi khi v\u00f4 t\u00ecnh ch\u1ea1m v\u00e0o c\u00f4ng t\u1eafc.<\/li>\n<li>Ti\u1ebft ki\u1ec7m \u0111i\u1ec7n n\u0103ng v\u00e0 th\u1eddi gian di chuy\u1ec3n b\u1eadt t\u1eaft b\u1eb1ng tay, v\u00f4 c\u00f9ng hi\u1ec7u qu\u1ea3.<\/li>\n<\/ul>\n<h2><span class=\"ez-toc-section\" id=\"UNG_DUNG_CUA_CONG_TAC_DIEN_WIFI\"><\/span><strong>\u1ee8NG D\u1ee4NG C\u1ee6A C\u00d4NG T\u1eaeC \u0110I\u1ec6N WIFI<\/strong><span class=\"ez-toc-section-end\"><\/span><\/h2>\n<p>C\u00f3 th\u1ec3 <a href=\"https:\/\/thegioidienthongminh.com\/danh-muc\/dieu-khien-tu-xa\/\" target=\"_blank\" rel=\"noopener\">\u0111i\u1ec1u khi\u1ec3n t\u1eeb xa<\/a> \u0111\u01b0\u1ee3c nhi\u1ec1u thi\u1ebft b\u1ecb kh\u00e1c nhau nh\u01b0: qu\u1ea1t, b\u00ecnh n\u01b0\u1edbc n\u00f3ng, \u0111\u00e8n ng\u1ee7, tivi, t\u1ee7 l\u1ea1nh, \u0111i\u1ec1u h\u00f2a\u2026ki\u1ec3m so\u00e1t b\u1eadt\/t\u1eaft c\u00e1c thi\u1ebft b\u1ecb \u1edf m\u1ecdi l\u00fac, m\u1ecdi n\u01a1i<\/p>\n<figure id=\"attachment_15906\" aria-describedby=\"caption-attachment-15906\" style=\"width: 600px\" class=\"wp-caption aligncenter\"><img loading=\"lazy\" decoding=\"async\" class=\"wp-image-15906\" title=\"\u200b\u1ee8ng d\u1ee5ng c\u00f4ng t\u1eafc th\u00f4ng minh Kawasan SK02\" src=\"https:\/\/kawasan.vn\/wp-content\/uploads\/2024\/02\/cong-tac-wifi-dieu-khien-tu-xa-sk023.png\" alt=\"\u200b\u1ee8ng d\u1ee5ng c\u00f4ng t\u1eafc th\u00f4ng minh Kawasan SK02\" width=\"600\" height=\"600\" \/><figcaption id=\"caption-attachment-15906\" class=\"wp-caption-text\">\u200b\u1ee8ng d\u1ee5ng c\u00f4ng t\u1eafc th\u00f4ng minh Kawasan SK02<\/figcaption><\/figure>\n<h3><span class=\"ez-toc-section\" id=\"TAI_SAO_NEN_CHON_KAWASAN\"><\/span><b>T\u1ea0I SAO N\u00caN CH\u1eccN KAWASAN?<\/b><span class=\"ez-toc-section-end\"><\/span><\/h3>\n<ul>\n<li>Th\u01b0\u01a1ng hi\u1ec7u h\u00e0ng \u0111\u1ea7u Vi\u1ec7t Nam trong l\u0129nh v\u1ef1c \u0111i\u1ec7n t\u1ef1 \u0111\u1ed9ng, an ninh, an to\u00e0n v\u00e0 \u0111i\u1ec7n th\u00f4ng minh t\u1eeb 2007 v\u00e0 \u0111\u00e8n led d\u00e2n d\u1ee5ng, \u0111\u00e8n n\u0103ng l\u01b0\u1ee3ng m\u1eb7t tr\u1eddi t\u1eeb n\u0103m 2012<\/li>\n<li>\u0110\u1ed9 b\u1ec1n cao, linh ki\u1ec7n ch\u1ecdn l\u1ecdc \u2013 Ho\u1ea1t \u0111\u1ed9ng \u1ed5n \u0111\u1ecbnh c\u1ea3 trong \u0111i\u1ec1u ki\u1ec7n th\u1eddi ti\u1ebft kh\u1eafc nghi\u1ec7t<\/li>\n<li>Ch\u00ednh s\u00e1ch b\u1ea3o h\u00e0nh v\u01b0\u1ee3t tr\u1ed9i \u2013 H\u1ed7 tr\u1ee3 s\u1eeda ch\u1eefa c\u1ea3 sau th\u1eddi gian b\u1ea3o h\u00e0nh n\u1ebfu c\u00f2n kh\u1ea3 n\u0103ng kh\u1eafc ph\u1ee5c<\/li>\n<li>Kawasan hi\u1ec7n c\u00f3 tr\u1ee5 s\u1edf t\u1ea1i HCM, chi nh\u00e1nh t\u1ea1i H\u00e0 N\u1ed9i, \u0110\u00e0 N\u1eb5ng v\u00e0 x\u01b0\u1edfng SX, L\u1eafp r\u00e1p t\u1ea1i Q12. HCM.<\/li>\n<li>D\u1ecbch v\u1ee5 h\u1ed7 tr\u1ee3 24\/7, m\u1ea1ng l\u01b0\u1edbi \u0111\u1ea1i l\u00fd ph\u1ee7 kh\u1eafp c\u1ea3 n\u01b0\u1edbc<\/li>\n<\/ul>\n<h4><span class=\"ez-toc-section\" id=\"CAM_KET_TU_KAWASAKAWASAN\"><\/span><b>CAM K\u1ebeT T\u1eea KAWASAKAWASAN<\/b><span class=\"ez-toc-section-end\"><\/span><\/h4>\n<p>Kawasan cam k\u1ebft mang \u0111\u1ebfn s\u1ea3n ph\u1ea9m\u00a0<b>ch\u00ednh h\u00e3ng \u2013 b\u1ec1n b\u1ec9 \u2013 an to\u00e0n<\/b>, \u0111\u00e1p \u1ee9ng \u0111\u1ea7y \u0111\u1ee7 c\u00e1c ti\u00eau chu\u1ea9n k\u1ef9 thu\u1eadt v\u00e0 y\u00eau c\u1ea7u s\u1eed d\u1ee5ng th\u1ef1c t\u1ebf.\u00a0T\u1ea5t c\u1ea3 s\u1ea3n ph\u1ea9m \u0111\u01b0\u1ee3c b\u1ea3o h\u00e0nh\u00a0<b>mi\u1ec5n ph\u00ed 24 th\u00e1ng<\/b>,\u00a0<b>1 \u0111\u1ed5i 1 trong v\u00f2ng 30 ng\u00e0y<\/b>\u00a0n\u1ebfu l\u1ed7i k\u1ef9 thu\u1eadt. Ngo\u00e0i ra, kh\u00e1ch h\u00e0ng c\u00f2n \u0111\u01b0\u1ee3c h\u1ed7 tr\u1ee3 s\u1eeda ch\u1eefa sau khi h\u1ebft th\u1eddi gian b\u1ea3o h\u00e0nh n\u1ebfu s\u1ea3n ph\u1ea9m c\u00f2n kh\u1ea3 n\u0103ng ph\u1ee5c h\u1ed3i,\u00a0<b>kh\u00f4ng t\u00ednh ph\u00ed<\/b>\u00a0n\u1ebfu chi ph\u00ed linh ki\u1ec7n thay th\u1ebf kh\u00f4ng \u0111\u00e1ng k\u1ec3.\u00a0Kh\u00e1ch h\u00e0ng c\u00f3 th\u1ec3 t\u00ecm mua s\u1ea3n ph\u1ea9m t\u1ea1i c\u00e1c \u0111\u1ea1i l\u00fd thu\u1ed9c<a href=\"https:\/\/kawasan.vn\/en\/he-thong-phan-phoi\/\">\u00a0<b>H\u1ec6 TH\u1ed0NG PH\u00c2N PH\u1ed0I TO\u00c0N QU\u1ed0C<\/b><\/a>\u00a0t\u1ea1i c\u00e1c t\u1ec9nh th\u00e0nh ho\u1eb7c c\u00f3 th\u1ec3 \u0111\u1eb7t h\u00e0ng tr\u00ean website.<\/p>\n<h4><span class=\"ez-toc-section\" id=\"Mua_chinh_hang_tai\"><\/span><b>Mua ch\u00ednh h\u00e3ng t\u1ea1i:<\/b><span class=\"ez-toc-section-end\"><\/span><\/h4>\n<ul>\n<li>Li\u00ean h\u1ec7 tr\u1ef1c ti\u1ebfp ph\u00f2ng kinh doanh \u0111\u1ec3 \u0111\u01b0\u1ee3c b\u00e1o gi\u00e1 s\u1ec9, gi\u00e1 \u0111\u1ea1i l\u00fd \/ NPP:\u00a0<b>0825 411 408 \/ 0911 757234<\/b><\/li>\n<li>Website:<a href=\"https:\/\/kawasan.vn\/en\/?_gl=1*105adfi*_gcl_aw*R0NMLjE3NTIwMzE4NzkuQ2p3S0NBandnN1BEQmhCeEVpd0FmMUNWdV9YNVk5RVVUUU5jeFRHZFlNak5VdGd5OEdlM2M1YlNNbHZWaW9qMFNZengtN0VQMk1yVFdSb0NCM2dRQXZEX0J3RQ..*_gcl_au*MTcyOTk0ODg3Ny4xNzU2ODY1NTgwLjExOTQzNDk4NzkuMTc1NzQ5MTY0MS4xNzU3NDkxNjQw\">\u00a0www.kawasan.vn<\/a>\u00a0(\u0110\u1ed1i v\u1edbi s\u1ea3n ph\u1ea9m Kawasan)<\/li>\n<li>Website:<a href=\"https:\/\/www.kawaled.com.vn\/\">\u00a0www.kawaled.com.vn<\/a>\u00a0(\u0110\u1ed1i v\u1edbi s\u1ea3n ph\u1ea9m Kawaled)<\/li>\n<\/ul>\n<p><strong>B\u00e0i vi\u1ebft v\u00e0 Video tham kh\u1ea3o v\u1ec1 \u1ee9ng d\u1ee5ng, l\u1ee3i \u00edch v\u00e0 HDSD<\/strong><\/p>\n<ul>\n<li style=\"list-style-type: none;\">\n<ul>\n<li>Tham kh\u1ea3o b\u00e0i vi\u1ebft v\u1ec1 s\u1ea3n ph\u1ea9m\n<ul>\n<li>B\u00e0i vi\u1ebft 1:<strong><a class=\"row-title\" href=\"https:\/\/kawasan.vn\/wp-admin\/post.php?post=26910&amp;action=edit&amp;classic-editor\" aria-label=\"\u201cGi\u1ea3i ph\u00e1p t\u01b0\u1edbi ti\u00eau v\u00e0 chi\u1ebfu s\u00e1ng s\u00e2n v\u01b0\u1eddn hi\u1ec7n \u0111\u1ea1i v\u1edbi C\u00f4ng T\u1eafc Th\u00f4ng Minh SK02 (2 k\u00eanh \u0111\u1ed9c l\u1eadp)\u201d (Ch\u1ec9nh s\u1eeda)\">Gi\u1ea3i ph\u00e1p t\u01b0\u1edbi ti\u00eau v\u00e0 chi\u1ebfu s\u00e1ng s\u00e2n v\u01b0\u1eddn hi\u1ec7n \u0111\u1ea1i v\u1edbi C\u00f4ng T\u1eafc Th\u00f4ng Minh SK02 (2 k\u00eanh \u0111\u1ed9c l\u1eadp)<\/a>\u00a0<\/strong><\/li>\n<li>B\u00e0i vi\u1ebft 2: <a class=\"row-title\" href=\"https:\/\/kawasan.vn\/wp-admin\/post.php?post=18453&amp;action=edit&amp;classic-editor\" aria-label=\"\u201cGi\u1ea3i Ph\u00e1p T\u01b0\u1edbi C\u00e2y T\u1ef1 \u0110\u1ed9ng \u0110\u1ebfn T\u1eeb C\u00f4ng T\u1eafc Wifi Th\u00f4ng Minh Cho Nh\u00e0 V\u01b0\u1eddn\u201d (Ch\u1ec9nh s\u1eeda)\">Gi\u1ea3i Ph\u00e1p T\u01b0\u1edbi C\u00e2y T\u1ef1 \u0110\u1ed9ng \u0110\u1ebfn T\u1eeb C\u00f4ng T\u1eafc Wifi Th\u00f4ng Minh Cho Nh\u00e0 V\u01b0\u1eddn<\/a><\/li>\n<\/ul>\n<\/li>\n<\/ul>\n<\/li>\n<\/ul>","protected":false},"excerpt":{"rendered":"<p>C\u00d4NG T\u1eaeC WIFI TH\u00d4NG MINH 2 K\u00caNH SK02 C\u00f4ng t\u1eafc wifi SK02 th\u00f4ng minh, \u0111i\u1ec1u khi\u1ec3n b\u1eadt \u2013 t\u1eaft 2 thi\u1ebft b\u1ecb \u0111\u1ed9c l\u1eadp t\u1eeb xa qua App Kawasan tr\u00ean \u0111i\u1ec7n tho\u1ea1i. D\u00f9 b\u1ea5t c\u1ee9 n\u01a1i \u0111\u00e2u mi\u1ec5n c\u00f3 Internet, \u0111\u1ec1u c\u00f3 th\u1ec3 theo d\u00f5i tr\u1ea1ng th\u00e1i thi\u1ebft b\u1ecb \u0111ang b\u1eadt hay t\u1eaft. Thi\u1ebft l\u1eadp [&hellip;]<\/p>","protected":false},"featured_media":15908,"comment_status":"open","ping_status":"closed","template":"","meta":{"_yoast_wpseo_focuskw":"C\u00f4ng T\u1eafc Wifi","_yoast_wpseo_metadesc":"C\u00f4ng t\u1eafc wifi SK02 th\u00f4ng minh, \u0111i\u1ec1u khi\u1ec3n b\u1eadt \u2013 t\u1eaft 2 thi\u1ebft b\u1ecb \u0111\u1ed9c l\u1eadp t\u1eeb xa qua App Kawasan tr\u00ean \u0111i\u1ec7n tho\u1ea1i. V\u1edbi thi\u1ebft k\u1ebf nh\u1ecf g\u1ecdn, c\u00f4ng su\u1ea5t 500W\/ k\u00eanh.","_yoast_wpseo_focuskeywords":"","_yoast_wpseo_keyword_synonyms":""},"product_cat":[2658,503,2661,884,38,85],"product_tag":[1138,1135,941,1136,1140,823,730,1134,1137,1131,1132,1142,607,598],"class_list":["post-15903","product","type-product","status-publish","has-post-thumbnail","hentry","product_cat-cong-nghe-wifi-kawasan","product_cat-cong-tac-wifi","product_cat-cong-tac-wifi-lap-tu","product_cat-thiet-bi-nha-thong-minh","product_cat-cong-tac-thong-minh","product_cat-hang-khuyen-mai-soc","product_tag-bo-cong-tac-dieu-khien-tu-xa","product_tag-bo-dieu-khien-may-bom-tu-xa","product_tag-cong-tac-den-dieu-khien-tu-xa","product_tag-cong-tac-dien-dieu-khien-tu-xa","product_tag-cong-tac-dien-dieu-khien-tu-xa-bang-dien-thoai","product_tag-cong-tac-dieu-khien","product_tag-cong-tac-dieu-khien-tu-xa","product_tag-cong-tac-dieu-khien-tu-xa-220v","product_tag-cong-tac-dieu-khien-tu-xa-bang-dien-thoai","product_tag-cong-tac-dieu-khien-tu-xa-qua-wifi","product_tag-cong-tac-dieu-khien-tu-xa-qua-wifi-3g","product_tag-cong-tac-thong-minh-dieu-khien-tu-xa","product_tag-cong-tac-thong-minh-wifi","product_tag-cong-tac-wifi"],"acf":[],"yoast_head":"<!-- This site is optimized with the Yoast SEO Premium plugin v24.9 (Yoast SEO v24.9) - https:\/\/yoast.com\/wordpress\/plugins\/seo\/ -->\n<title>C\u00f4ng T\u1eafc Wifi Th\u00f4ng Minh 2 K\u00eanh SK02 - Kawasan<\/title>\n<meta name=\"description\" content=\"C\u00f4ng t\u1eafc wifi SK02 th\u00f4ng minh, \u0111i\u1ec1u khi\u1ec3n b\u1eadt \u2013 t\u1eaft 2 thi\u1ebft b\u1ecb \u0111\u1ed9c l\u1eadp t\u1eeb xa qua App Kawasan tr\u00ean \u0111i\u1ec7n tho\u1ea1i. V\u1edbi thi\u1ebft k\u1ebf nh\u1ecf g\u1ecdn, c\u00f4ng su\u1ea5t 500W\/ k\u00eanh.\" \/>\n<meta name=\"robots\" content=\"index, follow, max-snippet:-1, max-image-preview:large, max-video-preview:-1\" \/>\n<link rel=\"canonical\" href=\"https:\/\/kawasan.vn\/en\/product\/cong-tac-wifi-thong-minh-2-kenh-sk02\/\" \/>\n<meta property=\"og:locale\" content=\"en_US\" \/>\n<meta property=\"og:type\" content=\"article\" \/>\n<meta property=\"og:title\" content=\"C\u00f4ng T\u1eafc Wifi Th\u00f4ng Minh 2 K\u00eanh SK02\" \/>\n<meta property=\"og:description\" content=\"C\u00f4ng t\u1eafc wifi SK02 th\u00f4ng minh, \u0111i\u1ec1u khi\u1ec3n b\u1eadt \u2013 t\u1eaft 2 thi\u1ebft b\u1ecb \u0111\u1ed9c l\u1eadp t\u1eeb xa qua App Kawasan tr\u00ean \u0111i\u1ec7n tho\u1ea1i. V\u1edbi thi\u1ebft k\u1ebf nh\u1ecf g\u1ecdn, c\u00f4ng su\u1ea5t 500W\/ k\u00eanh.\" \/>\n<meta property=\"og:url\" content=\"https:\/\/kawasan.vn\/en\/product\/cong-tac-wifi-thong-minh-2-kenh-sk02\/\" \/>\n<meta property=\"og:site_name\" content=\"Kawasan\" \/>\n<meta property=\"article:modified_time\" content=\"2026-04-11T07:31:22+00:00\" \/>\n<meta property=\"og:image\" content=\"https:\/\/kawasan.vn\/wp-content\/uploads\/2024\/02\/cong-tac-wifi-dieu-khien-tu-xa-sk02.png\" \/>\n\t<meta property=\"og:image:width\" content=\"600\" \/>\n\t<meta property=\"og:image:height\" content=\"600\" \/>\n\t<meta property=\"og:image:type\" content=\"image\/png\" \/>\n<meta name=\"twitter:card\" content=\"summary_large_image\" \/>\n<meta name=\"twitter:label1\" content=\"Est. reading time\" \/>\n\t<meta name=\"twitter:data1\" content=\"5 minutes\" \/>\n<script type=\"application\/ld+json\" class=\"yoast-schema-graph\">{\"@context\":\"https:\/\/schema.org\",\"@graph\":[{\"@type\":\"WebPage\",\"@id\":\"https:\/\/kawasan.vn\/san-pham\/cong-tac-wifi-thong-minh-2-kenh-sk02\/\",\"url\":\"https:\/\/kawasan.vn\/san-pham\/cong-tac-wifi-thong-minh-2-kenh-sk02\/\",\"name\":\"C\u00f4ng T\u1eafc Wifi Th\u00f4ng Minh 2 K\u00eanh SK02 - Kawasan\",\"isPartOf\":{\"@id\":\"https:\/\/kawasan.vn\/#website\"},\"primaryImageOfPage\":{\"@id\":\"https:\/\/kawasan.vn\/san-pham\/cong-tac-wifi-thong-minh-2-kenh-sk02\/#primaryimage\"},\"image\":{\"@id\":\"https:\/\/kawasan.vn\/san-pham\/cong-tac-wifi-thong-minh-2-kenh-sk02\/#primaryimage\"},\"thumbnailUrl\":\"https:\/\/kawasan.vn\/wp-content\/uploads\/2024\/02\/cong-tac-wifi-dieu-khien-tu-xa-sk02.png\",\"datePublished\":\"2024-02-06T07:27:52+00:00\",\"dateModified\":\"2026-04-11T07:31:22+00:00\",\"description\":\"C\u00f4ng t\u1eafc wifi SK02 th\u00f4ng minh, \u0111i\u1ec1u khi\u1ec3n b\u1eadt \u2013 t\u1eaft 2 thi\u1ebft b\u1ecb \u0111\u1ed9c l\u1eadp t\u1eeb xa qua App Kawasan tr\u00ean \u0111i\u1ec7n tho\u1ea1i. V\u1edbi thi\u1ebft k\u1ebf nh\u1ecf g\u1ecdn, c\u00f4ng su\u1ea5t 500W\/ k\u00eanh.\",\"breadcrumb\":{\"@id\":\"https:\/\/kawasan.vn\/san-pham\/cong-tac-wifi-thong-minh-2-kenh-sk02\/#breadcrumb\"},\"inLanguage\":\"en-US\",\"potentialAction\":[{\"@type\":\"ReadAction\",\"target\":[\"https:\/\/kawasan.vn\/san-pham\/cong-tac-wifi-thong-minh-2-kenh-sk02\/\"]}]},{\"@type\":\"ImageObject\",\"inLanguage\":\"en-US\",\"@id\":\"https:\/\/kawasan.vn\/san-pham\/cong-tac-wifi-thong-minh-2-kenh-sk02\/#primaryimage\",\"url\":\"https:\/\/kawasan.vn\/wp-content\/uploads\/2024\/02\/cong-tac-wifi-dieu-khien-tu-xa-sk02.png\",\"contentUrl\":\"https:\/\/kawasan.vn\/wp-content\/uploads\/2024\/02\/cong-tac-wifi-dieu-khien-tu-xa-sk02.png\",\"width\":600,\"height\":600,\"caption\":\"C\u00f4ng T\u1eafc Wifi Th\u00f4ng Minh 2 K\u00eanh SK02\"},{\"@type\":\"BreadcrumbList\",\"@id\":\"https:\/\/kawasan.vn\/san-pham\/cong-tac-wifi-thong-minh-2-kenh-sk02\/#breadcrumb\",\"itemListElement\":[{\"@type\":\"ListItem\",\"position\":1,\"name\":\"Trang ch\u1ee7\",\"item\":\"https:\/\/kawasan.vn\/\"},{\"@type\":\"ListItem\",\"position\":2,\"name\":\"S\u1ea3n ph\u1ea9m\",\"item\":\"https:\/\/kawasan.vn\/san-pham\/\"},{\"@type\":\"ListItem\",\"position\":3,\"name\":\"C\u00f4ng T\u1eafc Wifi Th\u00f4ng Minh 2 K\u00eanh SK02\"}]},{\"@type\":\"WebSite\",\"@id\":\"https:\/\/kawasan.vn\/#website\",\"url\":\"https:\/\/kawasan.vn\/\",\"name\":\"Kawasan\",\"description\":\"\",\"potentialAction\":[{\"@type\":\"SearchAction\",\"target\":{\"@type\":\"EntryPoint\",\"urlTemplate\":\"https:\/\/kawasan.vn\/?s={search_term_string}\"},\"query-input\":{\"@type\":\"PropertyValueSpecification\",\"valueRequired\":true,\"valueName\":\"search_term_string\"}}],\"inLanguage\":\"en-US\"}]}<\/script>\n<!-- \/ Yoast SEO Premium plugin. -->","yoast_head_json":{"title":"C\u00f4ng T\u1eafc Wifi Th\u00f4ng Minh 2 K\u00eanh SK02 - Kawasan","description":"C\u00f4ng t\u1eafc wifi SK02 th\u00f4ng minh, \u0111i\u1ec1u khi\u1ec3n b\u1eadt \u2013 t\u1eaft 2 thi\u1ebft b\u1ecb \u0111\u1ed9c l\u1eadp t\u1eeb xa qua App Kawasan tr\u00ean \u0111i\u1ec7n tho\u1ea1i. V\u1edbi thi\u1ebft k\u1ebf nh\u1ecf g\u1ecdn, c\u00f4ng su\u1ea5t 500W\/ k\u00eanh.","robots":{"index":"index","follow":"follow","max-snippet":"max-snippet:-1","max-image-preview":"max-image-preview:large","max-video-preview":"max-video-preview:-1"},"canonical":"https:\/\/kawasan.vn\/en\/product\/cong-tac-wifi-thong-minh-2-kenh-sk02\/","og_locale":"en_US","og_type":"article","og_title":"C\u00f4ng T\u1eafc Wifi Th\u00f4ng Minh 2 K\u00eanh SK02","og_description":"C\u00f4ng t\u1eafc wifi SK02 th\u00f4ng minh, \u0111i\u1ec1u khi\u1ec3n b\u1eadt \u2013 t\u1eaft 2 thi\u1ebft b\u1ecb \u0111\u1ed9c l\u1eadp t\u1eeb xa qua App Kawasan tr\u00ean \u0111i\u1ec7n tho\u1ea1i. V\u1edbi thi\u1ebft k\u1ebf nh\u1ecf g\u1ecdn, c\u00f4ng su\u1ea5t 500W\/ k\u00eanh.","og_url":"https:\/\/kawasan.vn\/en\/product\/cong-tac-wifi-thong-minh-2-kenh-sk02\/","og_site_name":"Kawasan","article_modified_time":"2026-04-11T07:31:22+00:00","og_image":[{"width":600,"height":600,"url":"https:\/\/kawasan.vn\/wp-content\/uploads\/2024\/02\/cong-tac-wifi-dieu-khien-tu-xa-sk02.png","type":"image\/png"}],"twitter_card":"summary_large_image","twitter_misc":{"Est. reading time":"5 minutes"},"schema":{"@context":"https:\/\/schema.org","@graph":[{"@type":"WebPage","@id":"https:\/\/kawasan.vn\/san-pham\/cong-tac-wifi-thong-minh-2-kenh-sk02\/","url":"https:\/\/kawasan.vn\/san-pham\/cong-tac-wifi-thong-minh-2-kenh-sk02\/","name":"C\u00f4ng T\u1eafc Wifi Th\u00f4ng Minh 2 K\u00eanh SK02 - Kawasan","isPartOf":{"@id":"https:\/\/kawasan.vn\/#website"},"primaryImageOfPage":{"@id":"https:\/\/kawasan.vn\/san-pham\/cong-tac-wifi-thong-minh-2-kenh-sk02\/#primaryimage"},"image":{"@id":"https:\/\/kawasan.vn\/san-pham\/cong-tac-wifi-thong-minh-2-kenh-sk02\/#primaryimage"},"thumbnailUrl":"https:\/\/kawasan.vn\/wp-content\/uploads\/2024\/02\/cong-tac-wifi-dieu-khien-tu-xa-sk02.png","datePublished":"2024-02-06T07:27:52+00:00","dateModified":"2026-04-11T07:31:22+00:00","description":"C\u00f4ng t\u1eafc wifi SK02 th\u00f4ng minh, \u0111i\u1ec1u khi\u1ec3n b\u1eadt \u2013 t\u1eaft 2 thi\u1ebft b\u1ecb \u0111\u1ed9c l\u1eadp t\u1eeb xa qua App Kawasan tr\u00ean \u0111i\u1ec7n tho\u1ea1i. V\u1edbi thi\u1ebft k\u1ebf nh\u1ecf g\u1ecdn, c\u00f4ng su\u1ea5t 500W\/ k\u00eanh.","breadcrumb":{"@id":"https:\/\/kawasan.vn\/san-pham\/cong-tac-wifi-thong-minh-2-kenh-sk02\/#breadcrumb"},"inLanguage":"en-US","potentialAction":[{"@type":"ReadAction","target":["https:\/\/kawasan.vn\/san-pham\/cong-tac-wifi-thong-minh-2-kenh-sk02\/"]}]},{"@type":"ImageObject","inLanguage":"en-US","@id":"https:\/\/kawasan.vn\/san-pham\/cong-tac-wifi-thong-minh-2-kenh-sk02\/#primaryimage","url":"https:\/\/kawasan.vn\/wp-content\/uploads\/2024\/02\/cong-tac-wifi-dieu-khien-tu-xa-sk02.png","contentUrl":"https:\/\/kawasan.vn\/wp-content\/uploads\/2024\/02\/cong-tac-wifi-dieu-khien-tu-xa-sk02.png","width":600,"height":600,"caption":"C\u00f4ng T\u1eafc Wifi Th\u00f4ng Minh 2 K\u00eanh SK02"},{"@type":"BreadcrumbList","@id":"https:\/\/kawasan.vn\/san-pham\/cong-tac-wifi-thong-minh-2-kenh-sk02\/#breadcrumb","itemListElement":[{"@type":"ListItem","position":1,"name":"Trang ch\u1ee7","item":"https:\/\/kawasan.vn\/"},{"@type":"ListItem","position":2,"name":"S\u1ea3n ph\u1ea9m","item":"https:\/\/kawasan.vn\/san-pham\/"},{"@type":"ListItem","position":3,"name":"C\u00f4ng T\u1eafc Wifi Th\u00f4ng Minh 2 K\u00eanh SK02"}]},{"@type":"WebSite","@id":"https:\/\/kawasan.vn\/#website","url":"https:\/\/kawasan.vn\/","name":"Kawasan","description":"","potentialAction":[{"@type":"SearchAction","target":{"@type":"EntryPoint","urlTemplate":"https:\/\/kawasan.vn\/?s={search_term_string}"},"query-input":{"@type":"PropertyValueSpecification","valueRequired":true,"valueName":"search_term_string"}}],"inLanguage":"en-US"}]}},"_links":{"self":[{"href":"https:\/\/kawasan.vn\/en\/wp-json\/wp\/v2\/product\/15903","targetHints":{"allow":["GET"]}}],"collection":[{"href":"https:\/\/kawasan.vn\/en\/wp-json\/wp\/v2\/product"}],"about":[{"href":"https:\/\/kawasan.vn\/en\/wp-json\/wp\/v2\/types\/product"}],"replies":[{"embeddable":true,"href":"https:\/\/kawasan.vn\/en\/wp-json\/wp\/v2\/comments?post=15903"}],"version-history":[{"count":7,"href":"https:\/\/kawasan.vn\/en\/wp-json\/wp\/v2\/product\/15903\/revisions"}],"predecessor-version":[{"id":30748,"href":"https:\/\/kawasan.vn\/en\/wp-json\/wp\/v2\/product\/15903\/revisions\/30748"}],"wp:featuredmedia":[{"embeddable":true,"href":"https:\/\/kawasan.vn\/en\/wp-json\/wp\/v2\/media\/15908"}],"wp:attachment":[{"href":"https:\/\/kawasan.vn\/en\/wp-json\/wp\/v2\/media?parent=15903"}],"wp:term":[{"taxonomy":"product_cat","embeddable":true,"href":"https:\/\/kawasan.vn\/en\/wp-json\/wp\/v2\/product_cat?post=15903"},{"taxonomy":"product_tag","embeddable":true,"href":"https:\/\/kawasan.vn\/en\/wp-json\/wp\/v2\/product_tag?post=15903"}],"curies":[{"name":"wp","href":"https:\/\/api.w.org\/{rel}","templated":true}]}}