{"id":15883,"date":"2024-02-03T10:09:20","date_gmt":"2024-02-03T10:09:20","guid":{"rendered":"https:\/\/kawasan.123websitedev.com\/?post_type=product&#038;p=15883"},"modified":"2026-04-11T14:31:54","modified_gmt":"2026-04-11T07:31:54","slug":"cong-tac-wifi-thong-minh-1-kenh-cong-suat-lon-sk01h","status":"publish","type":"product","link":"https:\/\/kawasan.vn\/en\/product\/cong-tac-wifi-thong-minh-1-kenh-cong-suat-lon-sk01h\/","title":{"rendered":"C\u00f4ng T\u1eafc Wifi Th\u00f4ng Minh 1 K\u00eanh C\u00f4ng Su\u1ea5t L\u1edbn SK01H"},"content":{"rendered":"<h2><span class=\"ez-toc-section\" id=\"CONG_TAC_WIFI_THONG_MINH_SK01H_CONG_SUAT_LON\"><\/span><strong>C\u00d4NG T\u1eaeC\u00a0WIFI TH\u00d4NG MINH SK01H C\u00d4NG SU\u1ea4T L\u1edaN<\/strong><span class=\"ez-toc-section-end\"><\/span><\/h2><div id=\"ez-toc-container\" class=\"ez-toc-v2_0_69_1 counter-hierarchy ez-toc-counter ez-toc-grey ez-toc-container-direction\">\n<div class=\"ez-toc-title-container\">\n<p class=\"ez-toc-title\" >N\u1ed9i Dung B&agrave;i Vi\u1ebft<\/p>\n<span class=\"ez-toc-title-toggle\"><a href=\"#\" class=\"ez-toc-pull-right ez-toc-btn ez-toc-btn-xs ez-toc-btn-default ez-toc-toggle\" aria-label=\"Toggle Table of Content\"><span class=\"ez-toc-js-icon-con\"><span class=\"\"><span class=\"eztoc-hide\" style=\"display:none;\">Toggle<\/span><span class=\"ez-toc-icon-toggle-span\"><svg style=\"fill: #999;color:#999\" xmlns=\"http:\/\/www.w3.org\/2000\/svg\" class=\"list-377408\" width=\"20px\" height=\"20px\" viewbox=\"0 0 24 24\" fill=\"none\"><path d=\"M6 6H4v2h2V6zm14 0H8v2h12V6zM4 11h2v2H4v-2zm16 0H8v2h12v-2zM4 16h2v2H4v-2zm16 0H8v2h12v-2z\" fill=\"currentColor\"><\/path><\/svg><svg style=\"fill: #999;color:#999\" class=\"arrow-unsorted-368013\" xmlns=\"http:\/\/www.w3.org\/2000\/svg\" width=\"10px\" height=\"10px\" viewbox=\"0 0 24 24\" version=\"1.2\" baseprofile=\"tiny\"><path d=\"M18.2 9.3l-6.2-6.3-6.2 6.3c-.2.2-.3.4-.3.7s.1.5.3.7c.2.2.4.3.7.3h11c.3 0 .5-.1.7-.3.2-.2.3-.5.3-.7s-.1-.5-.3-.7zM5.8 14.7l6.2 6.3 6.2-6.3c.2-.2.3-.5.3-.7s-.1-.5-.3-.7c-.2-.2-.4-.3-.7-.3h-11c-.3 0-.5.1-.7.3-.2.2-.3.5-.3.7s.1.5.3.7z\"\/><\/svg><\/span><\/span><\/span><\/a><\/span><\/div>\n<nav><ul class='ez-toc-list ez-toc-list-level-1 eztoc-toggle-hide-by-default' ><li class='ez-toc-page-1 ez-toc-heading-level-2'><a class=\"ez-toc-link ez-toc-heading-1\" href=\"https:\/\/kawasan.vn\/en\/product\/cong-tac-wifi-thong-minh-1-kenh-cong-suat-lon-sk01h\/#CONG_TAC_WIFI_THONG_MINH_SK01H_CONG_SUAT_LON\" title=\"C\u00d4NG T\u1eaeC\u00a0WIFI TH\u00d4NG MINH SK01H C\u00d4NG SU\u1ea4T L\u1edaN\">C\u00d4NG T\u1eaeC\u00a0WIFI TH\u00d4NG MINH SK01H C\u00d4NG SU\u1ea4T L\u1edaN<\/a><\/li><li class='ez-toc-page-1 ez-toc-heading-level-2'><a class=\"ez-toc-link ez-toc-heading-2\" href=\"https:\/\/kawasan.vn\/en\/product\/cong-tac-wifi-thong-minh-1-kenh-cong-suat-lon-sk01h\/#TINH_NANG_NOI_BAT_CUA_CONG_TAC_DIEU_KHIEN_TU_XA_SK01H\" title=\"T\u00cdNH N\u0102NG N\u1ed4I B\u1eacT C\u1ee6A C\u00d4NG T\u1eaeC \u0110I\u1ec0U KHI\u1ec2N T\u1eea XA SK01H\">T\u00cdNH N\u0102NG N\u1ed4I B\u1eacT C\u1ee6A C\u00d4NG T\u1eaeC \u0110I\u1ec0U KHI\u1ec2N T\u1eea XA SK01H<\/a><\/li><li class='ez-toc-page-1 ez-toc-heading-level-2'><a class=\"ez-toc-link ez-toc-heading-3\" href=\"https:\/\/kawasan.vn\/en\/product\/cong-tac-wifi-thong-minh-1-kenh-cong-suat-lon-sk01h\/#UNG_DUNG_CUA_CONG_TAC_DIEN_WIFI\" title=\"\u1ee8NG D\u1ee4NG C\u1ee6A C\u00d4NG T\u1eaeC\u00a0\u0110I\u1ec6N WIFI\">\u1ee8NG D\u1ee4NG C\u1ee6A C\u00d4NG T\u1eaeC\u00a0\u0110I\u1ec6N WIFI<\/a><\/li><li class='ez-toc-page-1 ez-toc-heading-level-2'><a class=\"ez-toc-link ez-toc-heading-4\" href=\"https:\/\/kawasan.vn\/en\/product\/cong-tac-wifi-thong-minh-1-kenh-cong-suat-lon-sk01h\/#TAI_SAO_NEN_CHON_KAWASAN\" title=\"T\u1ea0I SAO N\u00caN CH\u1eccN KAWASAN?\">T\u1ea0I SAO N\u00caN CH\u1eccN KAWASAN?<\/a><\/li><li class='ez-toc-page-1 ez-toc-heading-level-2'><a class=\"ez-toc-link ez-toc-heading-5\" href=\"https:\/\/kawasan.vn\/en\/product\/cong-tac-wifi-thong-minh-1-kenh-cong-suat-lon-sk01h\/#Cam_ket_tu_Kawasan\" title=\"Cam k\u1ebft t\u1eeb Kawasan\">Cam k\u1ebft t\u1eeb Kawasan<\/a><\/li><\/ul><\/nav><\/div>\n\n<ul>\n<li>C\u00f4ng t\u1eafc\u00a0wifi SK01H\u00a0th\u00f4ng minh,\u00a0\u0111i\u1ec1u khi\u1ec3n b\u1eadt \u2013 t\u1eaft t\u1eeb xa\u00a0qua App Kawasan tr\u00ean \u0111i\u1ec7n tho\u1ea1i.\u00a0D\u00f9 b\u1ea5t c\u1ee9 n\u01a1i \u0111\u00e2u mi\u1ec5n c\u00f3 Internet, \u0111\u1ec1u c\u00f3 th\u1ec3 theo d\u00f5i tr\u1ea1ng th\u00e1i thi\u1ebft b\u1ecb \u0111ang b\u1eadt hay t\u1eaft. Thi\u1ebft l\u1eadp l\u1eadp k\u1ecbch\u00a0b\u1ea3n h\u1eb9n gi\u1edd,\u00a0cho c\u00e1c thi\u1ebft b\u1ecb \u0111i\u1ec7n\u00a0trong ng\u00f4i nh\u00e0,\u00a0d\u1ec5 d\u00e0ng h\u01a1n bao gi\u1edd h\u1ebft.<\/li>\n<li>V\u1edbi thi\u1ebft k\u1ebf nh\u1ecf g\u1ecdn, c\u00f9ng c\u00f4ng su\u1ea5t l\u1edbn \u0111\u1ebfn 4000W. N\u00ean ph\u00f9 h\u1ee3p d\u00f9ng cho\u00a0c\u00e1c thi\u1ebft b\u1ecb \u0111i\u1ec7n\u00a0nh\u01b0: B\u01a1m, qu\u1ea1t h\u00fat, h\u1ec7 th\u1ed1ng t\u01b0\u1edbi&#8230;.<\/li>\n<li>N\u1ebfu <a href=\"https:\/\/kawasan.vn\/en\/product-category\/cong-tac-thong-minh\/\" target=\"_blank\" rel=\"noopener\">c\u00f4ng t\u1eafc<\/a> b\u1ecb m\u1ea5t k\u1ebft n\u1ed1i wifi, th\u00ec ch\u01b0\u01a1ng tr\u00ecnh v\u1eabn \u0111\u01b0\u1ee3c l\u01b0u l\u1ea1i trong ph\u1ea7n l\u1ecbch s\u1eed. Ngo\u00e0i ra, b\u1ea1n c\u00f3 th\u1ec3 chia s\u1ebb quy\u1ec1n truy c\u1eadp, cho nhi\u1ec1u ng\u01b0\u1eddi trong gia \u0111\u00ecnh s\u1eed d\u1ee5ng.<\/li>\n<\/ul>\n<figure id=\"attachment_15887\" aria-describedby=\"caption-attachment-15887\" style=\"width: 800px\" class=\"wp-caption aligncenter\"><img loading=\"lazy\" decoding=\"async\" class=\"wp-image-15887\" title=\"C\u00f4ng t\u1eafc wiifi th\u00f4ng minh 1 k\u00eanh c\u00f4ng su\u1ea5t l\u1edbn 4000w\" src=\"https:\/\/kawasan.vn\/wp-content\/uploads\/2024\/02\/cong-tac-wifi-thong-minh-sk01h4.png\" alt=\"C\u00f4ng t\u1eafc wiifi th\u00f4ng minh 1 k\u00eanh c\u00f4ng su\u1ea5t l\u1edbn 4000w\" width=\"800\" height=\"378\" srcset=\"https:\/\/kawasan.vn\/wp-content\/uploads\/2024\/02\/cong-tac-wifi-thong-minh-sk01h4-768x363.png 768w, https:\/\/kawasan.vn\/wp-content\/uploads\/2024\/02\/cong-tac-wifi-thong-minh-sk01h4-640x302.png 640w, https:\/\/kawasan.vn\/wp-content\/uploads\/2024\/02\/cong-tac-wifi-thong-minh-sk01h4-400x189.png 400w\" sizes=\"auto, (max-width: 800px) 100vw, 800px\" \/><figcaption id=\"caption-attachment-15887\" class=\"wp-caption-text\">C\u00f4ng t\u1eafc wiifi th\u00f4ng minh 1 k\u00eanh c\u00f4ng su\u1ea5t l\u1edbn 4000w<\/figcaption><\/figure>\n<h2><span class=\"ez-toc-section\" id=\"TINH_NANG_NOI_BAT_CUA_CONG_TAC_DIEU_KHIEN_TU_XA_SK01H\"><\/span><strong>T\u00cdNH N\u0102NG N\u1ed4I B\u1eacT C\u1ee6A C\u00d4NG T\u1eaeC \u0110I\u1ec0U KHI\u1ec2N T\u1eea XA SK01H<\/strong><span class=\"ez-toc-section-end\"><\/span><\/h2>\n<ul>\n<li>T\u00f9y ch\u1ec9nh v\u00e0 l\u00ean l\u1ecbch h\u1eb9n gi\u1edd b\u1eadt t\u1eaft thi\u1ebft b\u1ecb t\u00f9y \u00fd, theo nhu c\u1ea7u s\u1eed d\u1ee5ng. D\u00f9 b\u1ea1n \u0111ang \u1edf \u0111\u00e2u ch\u1ec9 c\u1ea7n \u0111i\u1ec1u khi\u1ec3n v\u00e0 c\u00e0i \u0111\u1eb7t tr\u00ean App l\u00e0 d\u00f9ng \u0111\u01b0\u1ee3c.<\/li>\n<li>B\u00e1o tr\u1ea1ng th\u00e1i ho\u1ea1t \u0111\u1ed9ng c\u1ee7a c\u00e1c thi\u1ebft b\u1ecb tr\u00ean Smartphone<\/li>\n<li>Chia s\u1ebb quy\u1ec1n s\u1eed d\u1ee5ng thi\u1ebft b\u1ecb cho nhi\u1ec1u th\u00e0nh vi\u00ean trong gia \u0111\u00ecnh c\u1ef1c nhanh. C\u00e0i \u0111\u1eb7t s\u1eed d\u1ee5ng theo ng\u1eef c\u1ea3nh th\u00f4ng minh.<\/li>\n<li>C\u00f3 n\u00fat nh\u1ea5n b\u1eadt &#8211; t\u1eaft b\u1eb1ng tay tr\u00ean thi\u1ebft b\u1ecb, tr\u01b0\u1eddng h\u1ee3p b\u1ea1n qu\u00ean c\u1ea7m theo \u0111i\u1ec7n tho\u1ea1i.<\/li>\n<li>Thi\u1ebft k\u1ebf d\u1ea1ng thanh ray, d\u1ec5 d\u00e0ng l\u1eafp \u0111\u1eb7t trong c\u00e1c t\u1ee7 \u0111i\u1ec7n. L\u1edbp v\u1ecf ngo\u00e0i ch\u1ed1ng ch\u00e1y, c\u00e1ch \u0111i\u1ec7n t\u1ed1t. Tr\u00e1nh g\u00e2y ra h\u1ecfa ho\u1ea1n v\u00e0 gi\u1eadt \u0111i\u1ec7n \u1edf ng\u01b0\u1eddi khi v\u00f4 t\u00ecnh ch\u1ea1m v\u00e0o c\u00f4ng t\u1eafc.<\/li>\n<\/ul>\n<figure id=\"attachment_15884\" aria-describedby=\"caption-attachment-15884\" style=\"width: 600px\" class=\"wp-caption aligncenter\"><img loading=\"lazy\" decoding=\"async\" class=\"wp-image-15884\" title=\"C\u00f4ng t\u1eafc wifi th\u00f4ng minh c\u00f4ng su\u1ea5t l\u1edbn v\u1edbi nhi\u1ec1u t\u00ednh n\u0103ng v\u01b0\u1ee3t tr\u1ed9i\" src=\"https:\/\/kawasan.vn\/wp-content\/uploads\/2024\/02\/cong-tac-wifi-thong-minh-sk01h1.png\" alt=\"C\u00f4ng t\u1eafc wifi th\u00f4ng minh c\u00f4ng su\u1ea5t l\u1edbn v\u1edbi nhi\u1ec1u t\u00ednh n\u0103ng v\u01b0\u1ee3t tr\u1ed9i\" width=\"600\" height=\"420\" \/><figcaption id=\"caption-attachment-15884\" class=\"wp-caption-text\">C\u00f4ng t\u1eafc wifi th\u00f4ng minh c\u00f4ng su\u1ea5t l\u1edbn v\u1edbi nhi\u1ec1u t\u00ednh n\u0103ng v\u01b0\u1ee3t tr\u1ed9i<\/figcaption><\/figure>\n<h2><span class=\"ez-toc-section\" id=\"UNG_DUNG_CUA_CONG_TAC_DIEN_WIFI\"><\/span><strong>\u1ee8NG D\u1ee4NG C\u1ee6A C\u00d4NG T\u1eaeC\u00a0\u0110I\u1ec6N WIFI<\/strong><span class=\"ez-toc-section-end\"><\/span><\/h2>\n<p>\u200bC\u00f3 th\u1ec3 \u0111i\u1ec1u khi\u1ec3n \u0111\u01b0\u1ee3c nhi\u1ec1u thi\u1ebft b\u1ecb kh\u00e1c nhau nh\u01b0: qu\u1ea1t, b\u00ecnh n\u01b0\u1edbc n\u00f3ng, \u0111\u00e8n ng\u1ee7, tivi, t\u1ee7 l\u1ea1nh, \u0111i\u1ec1u h\u00f2a\u2026ki\u1ec3m so\u00e1t b\u1eadt\/t\u1eaft c\u00e1c thi\u1ebft b\u1ecb \u1edf m\u1ecdi l\u00fac, m\u1ecdi n\u01a1i<\/p>\n<figure id=\"attachment_15888\" aria-describedby=\"caption-attachment-15888\" style=\"width: 600px\" class=\"wp-caption aligncenter\"><img loading=\"lazy\" decoding=\"async\" class=\"wp-image-15888\" title=\"\u1ee8ng d\u1ee5ng c\u00f4ng t\u1eafc 1 k\u00eanh SK01H Kawasan\" src=\"https:\/\/kawasan.vn\/wp-content\/uploads\/2024\/02\/cong-tac-wifi-thong-minh-sk01h5.png\" alt=\"\u1ee8ng d\u1ee5ng c\u00f4ng t\u1eafc 1 k\u00eanh SK01H Kawasan\" width=\"600\" height=\"632\" \/><figcaption id=\"caption-attachment-15888\" class=\"wp-caption-text\">\u1ee8ng d\u1ee5ng c\u00f4ng t\u1eafc 1 k\u00eanh SK01H Kawasan<\/figcaption><\/figure>\n<h2 data-start=\"1721\" data-end=\"1774\"><span class=\"ez-toc-section\" id=\"TAI_SAO_NEN_CHON_KAWASAN\"><\/span>T\u1ea0I SAO N\u00caN CH\u1eccN KAWASAN?<span class=\"ez-toc-section-end\"><\/span><\/h2>\n<p data-start=\"1776\" data-end=\"2214\"><img decoding=\"async\" class=\"emoji\" role=\"img\" draggable=\"false\" src=\"https:\/\/s.w.org\/images\/core\/emoji\/15.1.0\/svg\/2705.svg\" alt=\"\u2705\" \/>\u00a0<strong data-start=\"1778\" data-end=\"1811\">Th\u01b0\u01a1ng hi\u1ec7u h\u00e0ng \u0111\u1ea7u Vi\u1ec7t Nam<\/strong>\u00a0trong l\u0129nh v\u1ef1c \u0111i\u1ec7n th\u00f4ng minh t\u1eeb 2007<br data-start=\"1850\" data-end=\"1853\" \/><img decoding=\"async\" class=\"emoji\" role=\"img\" draggable=\"false\" src=\"https:\/\/s.w.org\/images\/core\/emoji\/15.1.0\/svg\/2705.svg\" alt=\"\u2705\" \/>\u00a0<strong data-start=\"1855\" data-end=\"1905\">T\u01b0\u01a1ng th\u00edch to\u00e0n di\u1ec7n h\u1ec7 sinh th\u00e1i Kawasan BLE<\/strong>\u00a0\u2013 \u0110\u00e3 c\u00f3 m\u1eb7t t\u1ea1i h\u00e0ng ng\u00e0n c\u00f4ng tr\u00ecnh<br data-start=\"1942\" data-end=\"1945\" \/><img decoding=\"async\" class=\"emoji\" role=\"img\" draggable=\"false\" src=\"https:\/\/s.w.org\/images\/core\/emoji\/15.1.0\/svg\/2705.svg\" alt=\"\u2705\" \/>\u00a0<strong data-start=\"1947\" data-end=\"1981\">\u0110\u1ed9 b\u1ec1n cao, linh ki\u1ec7n ch\u1ecdn l\u1ecdc<\/strong>\u00a0\u2013 Ho\u1ea1t \u0111\u1ed9ng \u1ed5n \u0111\u1ecbnh c\u1ea3 trong \u0111i\u1ec1u ki\u1ec7n th\u1eddi ti\u1ebft kh\u1eafc nghi\u1ec7t<br data-start=\"2042\" data-end=\"2045\" \/><img decoding=\"async\" class=\"emoji\" role=\"img\" draggable=\"false\" src=\"https:\/\/s.w.org\/images\/core\/emoji\/15.1.0\/svg\/2705.svg\" alt=\"\u2705\" \/>\u00a0<strong data-start=\"2047\" data-end=\"2080\">Ch\u00ednh s\u00e1ch b\u1ea3o h\u00e0nh v\u01b0\u1ee3t tr\u1ed9i<\/strong>\u00a0\u2013 H\u1ed7 tr\u1ee3 s\u1eeda ch\u1eefa c\u1ea3 sau th\u1eddi gian b\u1ea3o h\u00e0nh n\u1ebfu c\u00f2n kh\u1ea3 n\u0103ng kh\u1eafc ph\u1ee5c<br data-start=\"2151\" data-end=\"2154\" \/><img decoding=\"async\" class=\"emoji\" role=\"img\" draggable=\"false\" src=\"https:\/\/s.w.org\/images\/core\/emoji\/15.1.0\/svg\/2705.svg\" alt=\"\u2705\" \/>\u00a0<strong data-start=\"2156\" data-end=\"2179\">D\u1ecbch v\u1ee5 h\u1ed7 tr\u1ee3 24\/7<\/strong>, m\u1ea1ng l\u01b0\u1edbi \u0111\u1ea1i l\u00fd ph\u1ee7 kh\u1eafp c\u1ea3 n\u01b0\u1edbc<\/p>\n<h2 data-start=\"2260\" data-end=\"2288\"><span class=\"ez-toc-section\" id=\"Cam_ket_tu_Kawasan\"><\/span><strong data-start=\"2263\" data-end=\"2288\">Cam k\u1ebft t\u1eeb Kawasan<\/strong><span class=\"ez-toc-section-end\"><\/span><\/h2>\n<p data-start=\"2290\" data-end=\"2632\">Kawasan cam k\u1ebft mang \u0111\u1ebfn s\u1ea3n ph\u1ea9m\u00a0<strong data-start=\"2324\" data-end=\"2357\">ch\u00ednh h\u00e3ng \u2013 b\u1ec1n b\u1ec9 \u2013 an to\u00e0n<\/strong>, \u0111\u00e1p \u1ee9ng \u0111\u1ea7y \u0111\u1ee7 c\u00e1c ti\u00eau chu\u1ea9n k\u1ef9 thu\u1eadt v\u00e0 y\u00eau c\u1ea7u s\u1eed d\u1ee5ng th\u1ef1c t\u1ebf.<br data-start=\"2425\" data-end=\"2428\" \/>T\u1ea5t c\u1ea3 s\u1ea3n ph\u1ea9m \u0111\u01b0\u1ee3c b\u1ea3o h\u00e0nh\u00a0<strong data-start=\"2458\" data-end=\"2479\">mi\u1ec5n ph\u00ed 24 th\u00e1ng<\/strong>, v\u00e0 v\u1eabn ti\u1ebfp t\u1ee5c \u0111\u01b0\u1ee3c h\u1ed7 tr\u1ee3 s\u1eeda ch\u1eefa sau th\u1eddi gian b\u1ea3o h\u00e0nh n\u1ebfu c\u00f2n kh\u1ea3 n\u0103ng ph\u1ee5c h\u1ed3i,\u00a0<strong data-start=\"2568\" data-end=\"2586\">kh\u00f4ng t\u00ednh ph\u00ed<\/strong>\u00a0n\u1ebfu chi ph\u00ed linh ki\u1ec7n thay th\u1ebf kh\u00f4ng \u0111\u00e1ng k\u1ec3.<\/p>\n<p data-start=\"2634\" data-end=\"2657\"><strong data-start=\"2634\" data-end=\"2657\">Mua ch\u00ednh h\u00e3ng t\u1ea1i:<\/strong><\/p>\n<ul data-start=\"2658\" data-end=\"2798\">\n<li data-start=\"2658\" data-end=\"2711\">\n<p data-start=\"2660\" data-end=\"2711\">Website:\u00a0<a class=\"\" href=\"https:\/\/kawasan.vn\/en\/\" target=\"_new\" rel=\"noopener\" data-start=\"2669\" data-end=\"2709\">www.kawasan.vn<\/a><\/p>\n<\/li>\n<li data-start=\"2712\" data-end=\"2798\">\n<p data-start=\"2714\" data-end=\"2798\">\u0110\u00e8n LED \u2013 thi\u1ebft b\u1ecb \u0111i\u1ec7n th\u00f4ng minh:\u00a0<a class=\"\" href=\"https:\/\/www.kawaled.com.vn\/\" target=\"_new\" rel=\"noopener\" data-start=\"2750\" data-end=\"2798\">www.kawaled.com.vn<\/a><\/p>\n<\/li>\n<\/ul>","protected":false},"excerpt":{"rendered":"<p>C\u00d4NG T\u1eaeC\u00a0WIFI TH\u00d4NG MINH SK01H C\u00d4NG SU\u1ea4T L\u1edaN C\u00f4ng t\u1eafc\u00a0wifi SK01H\u00a0th\u00f4ng minh,\u00a0\u0111i\u1ec1u khi\u1ec3n b\u1eadt \u2013 t\u1eaft t\u1eeb xa\u00a0qua App Kawasan tr\u00ean \u0111i\u1ec7n tho\u1ea1i.\u00a0D\u00f9 b\u1ea5t c\u1ee9 n\u01a1i \u0111\u00e2u mi\u1ec5n c\u00f3 Internet, \u0111\u1ec1u c\u00f3 th\u1ec3 theo d\u00f5i tr\u1ea1ng th\u00e1i thi\u1ebft b\u1ecb \u0111ang b\u1eadt hay t\u1eaft. Thi\u1ebft l\u1eadp l\u1eadp k\u1ecbch\u00a0b\u1ea3n h\u1eb9n gi\u1edd,\u00a0cho c\u00e1c thi\u1ebft b\u1ecb \u0111i\u1ec7n\u00a0trong ng\u00f4i nh\u00e0,\u00a0d\u1ec5 [&hellip;]<\/p>","protected":false},"featured_media":15889,"comment_status":"open","ping_status":"closed","template":"","meta":{"_yoast_wpseo_focuskw":"C\u00f4ng T\u1eafc Wifi","_yoast_wpseo_metadesc":"C\u00f4ng t\u1eafc\u00a0wifi SK01H\u00a0th\u00f4ng minh,\u00a0\u0111i\u1ec1u khi\u1ec3n b\u1eadt \u2013 t\u1eaft t\u1eeb xa\u00a0v\u00e0 thi\u1ebft l\u1eadp l\u1eadp k\u1ecbch\u00a0b\u1ea3n h\u1eb9n gi\u1edd,\u00a0cho c\u00e1c thi\u1ebft b\u1ecb \u0111i\u1ec7n\u00a0qua App Kawasan tr\u00ean \u0111i\u1ec7n tho\u1ea1i","_yoast_wpseo_focuskeywords":"","_yoast_wpseo_keyword_synonyms":""},"product_cat":[2658,503,2661,884,38,85],"product_tag":[1138,1135,941,1136,1140,823,730,1139,1134,1137,1131,1132,1142,607,598],"class_list":["post-15883","product","type-product","status-publish","has-post-thumbnail","hentry","product_cat-cong-nghe-wifi-kawasan","product_cat-cong-tac-wifi","product_cat-cong-tac-wifi-lap-tu","product_cat-thiet-bi-nha-thong-minh","product_cat-cong-tac-thong-minh","product_cat-hang-khuyen-mai-soc","product_tag-bo-cong-tac-dieu-khien-tu-xa","product_tag-bo-dieu-khien-may-bom-tu-xa","product_tag-cong-tac-den-dieu-khien-tu-xa","product_tag-cong-tac-dien-dieu-khien-tu-xa","product_tag-cong-tac-dien-dieu-khien-tu-xa-bang-dien-thoai","product_tag-cong-tac-dieu-khien","product_tag-cong-tac-dieu-khien-tu-xa","product_tag-cong-tac-dieu-khien-tu-xa-12v","product_tag-cong-tac-dieu-khien-tu-xa-220v","product_tag-cong-tac-dieu-khien-tu-xa-bang-dien-thoai","product_tag-cong-tac-dieu-khien-tu-xa-qua-wifi","product_tag-cong-tac-dieu-khien-tu-xa-qua-wifi-3g","product_tag-cong-tac-thong-minh-dieu-khien-tu-xa","product_tag-cong-tac-thong-minh-wifi","product_tag-cong-tac-wifi"],"acf":[],"yoast_head":"<!-- This site is optimized with the Yoast SEO Premium plugin v24.9 (Yoast SEO v24.9) - https:\/\/yoast.com\/wordpress\/plugins\/seo\/ -->\n<title>C\u00f4ng T\u1eafc Wifi Th\u00f4ng Minh 1 K\u00eanh C\u00f4ng Su\u1ea5t L\u1edbn SK01H - Kawasan<\/title>\n<meta name=\"description\" content=\"C\u00f4ng t\u1eafc\u00a0wifi SK01H\u00a0th\u00f4ng minh,\u00a0\u0111i\u1ec1u khi\u1ec3n b\u1eadt \u2013 t\u1eaft t\u1eeb xa\u00a0v\u00e0 thi\u1ebft l\u1eadp l\u1eadp k\u1ecbch\u00a0b\u1ea3n h\u1eb9n gi\u1edd,\u00a0cho c\u00e1c thi\u1ebft b\u1ecb \u0111i\u1ec7n\u00a0qua App Kawasan tr\u00ean \u0111i\u1ec7n tho\u1ea1i\" \/>\n<meta name=\"robots\" content=\"index, follow, max-snippet:-1, max-image-preview:large, max-video-preview:-1\" \/>\n<link rel=\"canonical\" href=\"https:\/\/kawasan.vn\/en\/product\/cong-tac-wifi-thong-minh-1-kenh-cong-suat-lon-sk01h\/\" \/>\n<meta property=\"og:locale\" content=\"en_US\" \/>\n<meta property=\"og:type\" content=\"article\" \/>\n<meta property=\"og:title\" content=\"C\u00f4ng T\u1eafc Wifi Th\u00f4ng Minh 1 K\u00eanh C\u00f4ng Su\u1ea5t L\u1edbn SK01H\" \/>\n<meta property=\"og:description\" content=\"C\u00f4ng t\u1eafc\u00a0wifi SK01H\u00a0th\u00f4ng minh,\u00a0\u0111i\u1ec1u khi\u1ec3n b\u1eadt \u2013 t\u1eaft t\u1eeb xa\u00a0v\u00e0 thi\u1ebft l\u1eadp l\u1eadp k\u1ecbch\u00a0b\u1ea3n h\u1eb9n gi\u1edd,\u00a0cho c\u00e1c thi\u1ebft b\u1ecb \u0111i\u1ec7n\u00a0qua App Kawasan tr\u00ean \u0111i\u1ec7n tho\u1ea1i\" \/>\n<meta property=\"og:url\" content=\"https:\/\/kawasan.vn\/en\/product\/cong-tac-wifi-thong-minh-1-kenh-cong-suat-lon-sk01h\/\" \/>\n<meta property=\"og:site_name\" content=\"Kawasan\" \/>\n<meta property=\"article:modified_time\" content=\"2026-04-11T07:31:54+00:00\" \/>\n<meta property=\"og:image\" content=\"https:\/\/kawasan.vn\/wp-content\/uploads\/2024\/02\/cong-tac-wifi-thong-minh-sk01h.png\" \/>\n\t<meta property=\"og:image:width\" content=\"600\" \/>\n\t<meta property=\"og:image:height\" content=\"600\" \/>\n\t<meta property=\"og:image:type\" content=\"image\/png\" \/>\n<meta name=\"twitter:card\" content=\"summary_large_image\" \/>\n<meta name=\"twitter:label1\" content=\"Est. reading time\" \/>\n\t<meta name=\"twitter:data1\" content=\"5 minutes\" \/>\n<script type=\"application\/ld+json\" class=\"yoast-schema-graph\">{\"@context\":\"https:\/\/schema.org\",\"@graph\":[{\"@type\":\"WebPage\",\"@id\":\"https:\/\/kawasan.vn\/san-pham\/cong-tac-wifi-thong-minh-1-kenh-cong-suat-lon-sk01h\/\",\"url\":\"https:\/\/kawasan.vn\/san-pham\/cong-tac-wifi-thong-minh-1-kenh-cong-suat-lon-sk01h\/\",\"name\":\"C\u00f4ng T\u1eafc Wifi Th\u00f4ng Minh 1 K\u00eanh C\u00f4ng Su\u1ea5t L\u1edbn SK01H - Kawasan\",\"isPartOf\":{\"@id\":\"https:\/\/kawasan.vn\/#website\"},\"primaryImageOfPage\":{\"@id\":\"https:\/\/kawasan.vn\/san-pham\/cong-tac-wifi-thong-minh-1-kenh-cong-suat-lon-sk01h\/#primaryimage\"},\"image\":{\"@id\":\"https:\/\/kawasan.vn\/san-pham\/cong-tac-wifi-thong-minh-1-kenh-cong-suat-lon-sk01h\/#primaryimage\"},\"thumbnailUrl\":\"https:\/\/kawasan.vn\/wp-content\/uploads\/2024\/02\/cong-tac-wifi-thong-minh-sk01h.png\",\"datePublished\":\"2024-02-03T10:09:20+00:00\",\"dateModified\":\"2026-04-11T07:31:54+00:00\",\"description\":\"C\u00f4ng t\u1eafc\u00a0wifi SK01H\u00a0th\u00f4ng minh,\u00a0\u0111i\u1ec1u khi\u1ec3n b\u1eadt \u2013 t\u1eaft t\u1eeb xa\u00a0v\u00e0 thi\u1ebft l\u1eadp l\u1eadp k\u1ecbch\u00a0b\u1ea3n h\u1eb9n gi\u1edd,\u00a0cho c\u00e1c thi\u1ebft b\u1ecb \u0111i\u1ec7n\u00a0qua App Kawasan tr\u00ean \u0111i\u1ec7n tho\u1ea1i\",\"breadcrumb\":{\"@id\":\"https:\/\/kawasan.vn\/san-pham\/cong-tac-wifi-thong-minh-1-kenh-cong-suat-lon-sk01h\/#breadcrumb\"},\"inLanguage\":\"en-US\",\"potentialAction\":[{\"@type\":\"ReadAction\",\"target\":[\"https:\/\/kawasan.vn\/san-pham\/cong-tac-wifi-thong-minh-1-kenh-cong-suat-lon-sk01h\/\"]}]},{\"@type\":\"ImageObject\",\"inLanguage\":\"en-US\",\"@id\":\"https:\/\/kawasan.vn\/san-pham\/cong-tac-wifi-thong-minh-1-kenh-cong-suat-lon-sk01h\/#primaryimage\",\"url\":\"https:\/\/kawasan.vn\/wp-content\/uploads\/2024\/02\/cong-tac-wifi-thong-minh-sk01h.png\",\"contentUrl\":\"https:\/\/kawasan.vn\/wp-content\/uploads\/2024\/02\/cong-tac-wifi-thong-minh-sk01h.png\",\"width\":600,\"height\":600},{\"@type\":\"BreadcrumbList\",\"@id\":\"https:\/\/kawasan.vn\/san-pham\/cong-tac-wifi-thong-minh-1-kenh-cong-suat-lon-sk01h\/#breadcrumb\",\"itemListElement\":[{\"@type\":\"ListItem\",\"position\":1,\"name\":\"Trang ch\u1ee7\",\"item\":\"https:\/\/kawasan.vn\/\"},{\"@type\":\"ListItem\",\"position\":2,\"name\":\"S\u1ea3n ph\u1ea9m\",\"item\":\"https:\/\/kawasan.vn\/san-pham\/\"},{\"@type\":\"ListItem\",\"position\":3,\"name\":\"C\u00f4ng T\u1eafc Wifi Th\u00f4ng Minh 1 K\u00eanh C\u00f4ng Su\u1ea5t L\u1edbn SK01H\"}]},{\"@type\":\"WebSite\",\"@id\":\"https:\/\/kawasan.vn\/#website\",\"url\":\"https:\/\/kawasan.vn\/\",\"name\":\"Kawasan\",\"description\":\"\",\"potentialAction\":[{\"@type\":\"SearchAction\",\"target\":{\"@type\":\"EntryPoint\",\"urlTemplate\":\"https:\/\/kawasan.vn\/?s={search_term_string}\"},\"query-input\":{\"@type\":\"PropertyValueSpecification\",\"valueRequired\":true,\"valueName\":\"search_term_string\"}}],\"inLanguage\":\"en-US\"}]}<\/script>\n<!-- \/ Yoast SEO Premium plugin. -->","yoast_head_json":{"title":"C\u00f4ng T\u1eafc Wifi Th\u00f4ng Minh 1 K\u00eanh C\u00f4ng Su\u1ea5t L\u1edbn SK01H - Kawasan","description":"C\u00f4ng t\u1eafc\u00a0wifi SK01H\u00a0th\u00f4ng minh,\u00a0\u0111i\u1ec1u khi\u1ec3n b\u1eadt \u2013 t\u1eaft t\u1eeb xa\u00a0v\u00e0 thi\u1ebft l\u1eadp l\u1eadp k\u1ecbch\u00a0b\u1ea3n h\u1eb9n gi\u1edd,\u00a0cho c\u00e1c thi\u1ebft b\u1ecb \u0111i\u1ec7n\u00a0qua App Kawasan tr\u00ean \u0111i\u1ec7n tho\u1ea1i","robots":{"index":"index","follow":"follow","max-snippet":"max-snippet:-1","max-image-preview":"max-image-preview:large","max-video-preview":"max-video-preview:-1"},"canonical":"https:\/\/kawasan.vn\/en\/product\/cong-tac-wifi-thong-minh-1-kenh-cong-suat-lon-sk01h\/","og_locale":"en_US","og_type":"article","og_title":"C\u00f4ng T\u1eafc Wifi Th\u00f4ng Minh 1 K\u00eanh C\u00f4ng Su\u1ea5t L\u1edbn SK01H","og_description":"C\u00f4ng t\u1eafc\u00a0wifi SK01H\u00a0th\u00f4ng minh,\u00a0\u0111i\u1ec1u khi\u1ec3n b\u1eadt \u2013 t\u1eaft t\u1eeb xa\u00a0v\u00e0 thi\u1ebft l\u1eadp l\u1eadp k\u1ecbch\u00a0b\u1ea3n h\u1eb9n gi\u1edd,\u00a0cho c\u00e1c thi\u1ebft b\u1ecb \u0111i\u1ec7n\u00a0qua App Kawasan tr\u00ean \u0111i\u1ec7n tho\u1ea1i","og_url":"https:\/\/kawasan.vn\/en\/product\/cong-tac-wifi-thong-minh-1-kenh-cong-suat-lon-sk01h\/","og_site_name":"Kawasan","article_modified_time":"2026-04-11T07:31:54+00:00","og_image":[{"width":600,"height":600,"url":"https:\/\/kawasan.vn\/wp-content\/uploads\/2024\/02\/cong-tac-wifi-thong-minh-sk01h.png","type":"image\/png"}],"twitter_card":"summary_large_image","twitter_misc":{"Est. reading time":"5 minutes"},"schema":{"@context":"https:\/\/schema.org","@graph":[{"@type":"WebPage","@id":"https:\/\/kawasan.vn\/san-pham\/cong-tac-wifi-thong-minh-1-kenh-cong-suat-lon-sk01h\/","url":"https:\/\/kawasan.vn\/san-pham\/cong-tac-wifi-thong-minh-1-kenh-cong-suat-lon-sk01h\/","name":"C\u00f4ng T\u1eafc Wifi Th\u00f4ng Minh 1 K\u00eanh C\u00f4ng Su\u1ea5t L\u1edbn SK01H - Kawasan","isPartOf":{"@id":"https:\/\/kawasan.vn\/#website"},"primaryImageOfPage":{"@id":"https:\/\/kawasan.vn\/san-pham\/cong-tac-wifi-thong-minh-1-kenh-cong-suat-lon-sk01h\/#primaryimage"},"image":{"@id":"https:\/\/kawasan.vn\/san-pham\/cong-tac-wifi-thong-minh-1-kenh-cong-suat-lon-sk01h\/#primaryimage"},"thumbnailUrl":"https:\/\/kawasan.vn\/wp-content\/uploads\/2024\/02\/cong-tac-wifi-thong-minh-sk01h.png","datePublished":"2024-02-03T10:09:20+00:00","dateModified":"2026-04-11T07:31:54+00:00","description":"C\u00f4ng t\u1eafc\u00a0wifi SK01H\u00a0th\u00f4ng minh,\u00a0\u0111i\u1ec1u khi\u1ec3n b\u1eadt \u2013 t\u1eaft t\u1eeb xa\u00a0v\u00e0 thi\u1ebft l\u1eadp l\u1eadp k\u1ecbch\u00a0b\u1ea3n h\u1eb9n gi\u1edd,\u00a0cho c\u00e1c thi\u1ebft b\u1ecb \u0111i\u1ec7n\u00a0qua App Kawasan tr\u00ean \u0111i\u1ec7n tho\u1ea1i","breadcrumb":{"@id":"https:\/\/kawasan.vn\/san-pham\/cong-tac-wifi-thong-minh-1-kenh-cong-suat-lon-sk01h\/#breadcrumb"},"inLanguage":"en-US","potentialAction":[{"@type":"ReadAction","target":["https:\/\/kawasan.vn\/san-pham\/cong-tac-wifi-thong-minh-1-kenh-cong-suat-lon-sk01h\/"]}]},{"@type":"ImageObject","inLanguage":"en-US","@id":"https:\/\/kawasan.vn\/san-pham\/cong-tac-wifi-thong-minh-1-kenh-cong-suat-lon-sk01h\/#primaryimage","url":"https:\/\/kawasan.vn\/wp-content\/uploads\/2024\/02\/cong-tac-wifi-thong-minh-sk01h.png","contentUrl":"https:\/\/kawasan.vn\/wp-content\/uploads\/2024\/02\/cong-tac-wifi-thong-minh-sk01h.png","width":600,"height":600},{"@type":"BreadcrumbList","@id":"https:\/\/kawasan.vn\/san-pham\/cong-tac-wifi-thong-minh-1-kenh-cong-suat-lon-sk01h\/#breadcrumb","itemListElement":[{"@type":"ListItem","position":1,"name":"Trang ch\u1ee7","item":"https:\/\/kawasan.vn\/"},{"@type":"ListItem","position":2,"name":"S\u1ea3n ph\u1ea9m","item":"https:\/\/kawasan.vn\/san-pham\/"},{"@type":"ListItem","position":3,"name":"C\u00f4ng T\u1eafc Wifi Th\u00f4ng Minh 1 K\u00eanh C\u00f4ng Su\u1ea5t L\u1edbn SK01H"}]},{"@type":"WebSite","@id":"https:\/\/kawasan.vn\/#website","url":"https:\/\/kawasan.vn\/","name":"Kawasan","description":"","potentialAction":[{"@type":"SearchAction","target":{"@type":"EntryPoint","urlTemplate":"https:\/\/kawasan.vn\/?s={search_term_string}"},"query-input":{"@type":"PropertyValueSpecification","valueRequired":true,"valueName":"search_term_string"}}],"inLanguage":"en-US"}]}},"_links":{"self":[{"href":"https:\/\/kawasan.vn\/en\/wp-json\/wp\/v2\/product\/15883","targetHints":{"allow":["GET"]}}],"collection":[{"href":"https:\/\/kawasan.vn\/en\/wp-json\/wp\/v2\/product"}],"about":[{"href":"https:\/\/kawasan.vn\/en\/wp-json\/wp\/v2\/types\/product"}],"replies":[{"embeddable":true,"href":"https:\/\/kawasan.vn\/en\/wp-json\/wp\/v2\/comments?post=15883"}],"version-history":[{"count":4,"href":"https:\/\/kawasan.vn\/en\/wp-json\/wp\/v2\/product\/15883\/revisions"}],"predecessor-version":[{"id":27223,"href":"https:\/\/kawasan.vn\/en\/wp-json\/wp\/v2\/product\/15883\/revisions\/27223"}],"wp:featuredmedia":[{"embeddable":true,"href":"https:\/\/kawasan.vn\/en\/wp-json\/wp\/v2\/media\/15889"}],"wp:attachment":[{"href":"https:\/\/kawasan.vn\/en\/wp-json\/wp\/v2\/media?parent=15883"}],"wp:term":[{"taxonomy":"product_cat","embeddable":true,"href":"https:\/\/kawasan.vn\/en\/wp-json\/wp\/v2\/product_cat?post=15883"},{"taxonomy":"product_tag","embeddable":true,"href":"https:\/\/kawasan.vn\/en\/wp-json\/wp\/v2\/product_tag?post=15883"}],"curies":[{"name":"wp","href":"https:\/\/api.w.org\/{rel}","templated":true}]}}