{"id":15869,"date":"2024-02-02T10:09:59","date_gmt":"2024-02-02T10:09:59","guid":{"rendered":"https:\/\/kawasan.123websitedev.com\/?post_type=product&#038;p=15869"},"modified":"2026-04-11T14:27:29","modified_gmt":"2026-04-11T07:27:29","slug":"bo-dieu-khien-trung-tam-thong-minh-hs1-ble","status":"publish","type":"product","link":"https:\/\/kawasan.vn\/en\/product\/bo-dieu-khien-trung-tam-thong-minh-hs1-ble\/","title":{"rendered":"B\u1ed9 \u0110i\u1ec1u Khi\u1ec3n Trung T\u00e2m Th\u00f4ng Minh HS1-BLE"},"content":{"rendered":"<h2 data-start=\"317\" data-end=\"382\"><span class=\"ez-toc-section\" id=\"Trung_tam_dieu_khien_%E2%80%93_%E2%80%9CBo_nao%E2%80%9D_cua_he_thong_nha_thong_minh\"><\/span>Trung t\u00e2m \u0111i\u1ec1u khi\u1ec3n \u2013 &#8220;B\u1ed9 n\u00e3o&#8221; c\u1ee7a h\u1ec7 th\u1ed1ng nh\u00e0 th\u00f4ng minh<span class=\"ez-toc-section-end\"><\/span><\/h2><div id=\"ez-toc-container\" class=\"ez-toc-v2_0_69_1 counter-hierarchy ez-toc-counter ez-toc-grey ez-toc-container-direction\">\n<div class=\"ez-toc-title-container\">\n<p class=\"ez-toc-title\" >N\u1ed9i Dung B&agrave;i Vi\u1ebft<\/p>\n<span class=\"ez-toc-title-toggle\"><a href=\"#\" class=\"ez-toc-pull-right ez-toc-btn ez-toc-btn-xs ez-toc-btn-default ez-toc-toggle\" aria-label=\"Toggle Table of Content\"><span class=\"ez-toc-js-icon-con\"><span class=\"\"><span class=\"eztoc-hide\" style=\"display:none;\">Toggle<\/span><span class=\"ez-toc-icon-toggle-span\"><svg style=\"fill: #999;color:#999\" xmlns=\"http:\/\/www.w3.org\/2000\/svg\" class=\"list-377408\" width=\"20px\" height=\"20px\" viewbox=\"0 0 24 24\" fill=\"none\"><path d=\"M6 6H4v2h2V6zm14 0H8v2h12V6zM4 11h2v2H4v-2zm16 0H8v2h12v-2zM4 16h2v2H4v-2zm16 0H8v2h12v-2z\" fill=\"currentColor\"><\/path><\/svg><svg style=\"fill: #999;color:#999\" class=\"arrow-unsorted-368013\" xmlns=\"http:\/\/www.w3.org\/2000\/svg\" width=\"10px\" height=\"10px\" viewbox=\"0 0 24 24\" version=\"1.2\" baseprofile=\"tiny\"><path d=\"M18.2 9.3l-6.2-6.3-6.2 6.3c-.2.2-.3.4-.3.7s.1.5.3.7c.2.2.4.3.7.3h11c.3 0 .5-.1.7-.3.2-.2.3-.5.3-.7s-.1-.5-.3-.7zM5.8 14.7l6.2 6.3 6.2-6.3c.2-.2.3-.5.3-.7s-.1-.5-.3-.7c-.2-.2-.4-.3-.7-.3h-11c-.3 0-.5.1-.7.3-.2.2-.3.5-.3.7s.1.5.3.7z\"\/><\/svg><\/span><\/span><\/span><\/a><\/span><\/div>\n<nav><ul class='ez-toc-list ez-toc-list-level-1 eztoc-toggle-hide-by-default' ><li class='ez-toc-page-1 ez-toc-heading-level-2'><a class=\"ez-toc-link ez-toc-heading-1\" href=\"https:\/\/kawasan.vn\/en\/product\/bo-dieu-khien-trung-tam-thong-minh-hs1-ble\/#Trung_tam_dieu_khien_%E2%80%93_%E2%80%9CBo_nao%E2%80%9D_cua_he_thong_nha_thong_minh\" title=\"Trung t\u00e2m \u0111i\u1ec1u khi\u1ec3n \u2013 &#8220;B\u1ed9 n\u00e3o&#8221; c\u1ee7a h\u1ec7 th\u1ed1ng nh\u00e0 th\u00f4ng minh\">Trung t\u00e2m \u0111i\u1ec1u khi\u1ec3n \u2013 &#8220;B\u1ed9 n\u00e3o&#8221; c\u1ee7a h\u1ec7 th\u1ed1ng nh\u00e0 th\u00f4ng minh<\/a><\/li><li class='ez-toc-page-1 ez-toc-heading-level-2'><a class=\"ez-toc-link ez-toc-heading-2\" href=\"https:\/\/kawasan.vn\/en\/product\/bo-dieu-khien-trung-tam-thong-minh-hs1-ble\/#TINH_NANG_NOI_BAT_CUA_HS1-BLE\" title=\"T\u00cdNH N\u0102NG N\u1ed4I B\u1eacT C\u1ee6A HS1-BLE\">T\u00cdNH N\u0102NG N\u1ed4I B\u1eacT C\u1ee6A HS1-BLE<\/a><\/li><li class='ez-toc-page-1 ez-toc-heading-level-2'><a class=\"ez-toc-link ez-toc-heading-3\" href=\"https:\/\/kawasan.vn\/en\/product\/bo-dieu-khien-trung-tam-thong-minh-hs1-ble\/#BO_SAN_PHAM_BAO_GOM\" title=\"B\u1ed8 S\u1ea2N PH\u1ea8M BAO G\u1ed2M\">B\u1ed8 S\u1ea2N PH\u1ea8M BAO G\u1ed2M<\/a><\/li><li class='ez-toc-page-1 ez-toc-heading-level-2'><a class=\"ez-toc-link ez-toc-heading-4\" href=\"https:\/\/kawasan.vn\/en\/product\/bo-dieu-khien-trung-tam-thong-minh-hs1-ble\/#TAI_SAO_NEN_CHON_TRUNG_TAM_HS1-BLE_CUA_KAWASAN\" title=\"T\u1ea0I SAO N\u00caN CH\u1eccN TRUNG T\u00c2M HS1-BLE C\u1ee6A KAWASAN?\">T\u1ea0I SAO N\u00caN CH\u1eccN TRUNG T\u00c2M HS1-BLE C\u1ee6A KAWASAN?<\/a><\/li><li class='ez-toc-page-1 ez-toc-heading-level-2'><a class=\"ez-toc-link ez-toc-heading-5\" href=\"https:\/\/kawasan.vn\/en\/product\/bo-dieu-khien-trung-tam-thong-minh-hs1-ble\/#Cam_ket_tu_Kawasan\" title=\"Cam k\u1ebft t\u1eeb Kawasan\">Cam k\u1ebft t\u1eeb Kawasan<\/a><\/li><\/ul><\/nav><\/div>\n\n<p data-start=\"384\" data-end=\"649\">B\u1ed9 \u0111i\u1ec1u khi\u1ec3n trung t\u00e2m th\u00f4ng minh HS1-BLE l\u00e0 thi\u1ebft b\u1ecb quan tr\u1ecdng trong h\u1ec7 sinh th\u00e1i <strong data-start=\"469\" data-end=\"483\">smart home<\/strong> c\u1ee7a Kawasan, \u0111\u00f3ng vai tr\u00f2 ti\u1ebfp nh\u1eadn v\u00e0 truy\u1ec1n l\u1ec7nh \u0111i\u1ec1u khi\u1ec3n \u0111\u1ebfn c\u00e1c thi\u1ebft b\u1ecb nh\u01b0 <strong data-start=\"567\" data-end=\"609\">c\u00f4ng t\u1eafc th\u00f4ng minh, \u1ed5 c\u1eafm, c\u1ea7u dao&#8230;<\/strong> v\u00e0 th\u1ef1c hi\u1ec7n c\u00e1c ng\u1eef c\u1ea3nh \u0111\u00e3 thi\u1ebft l\u1eadp.<\/p>\n<figure style=\"width: 362px\" class=\"wp-caption aligncenter\"><img loading=\"lazy\" decoding=\"async\" src=\"https:\/\/kawasan.vn\/wp-content\/uploads\/2024\/02\/trung-tam-dieu-khien-cong-tac-wifi-ble.png\" alt=\"B\u1ed9 \u0111i\u1ec1u khi\u1ec3n trung t\u00e2m\" width=\"362\" height=\"362\" \/><figcaption class=\"wp-caption-text\">B\u1ed9 \u0111i\u1ec1u khi\u1ec3n trung t\u00e2m<\/figcaption><\/figure>\n<p data-start=\"651\" data-end=\"920\">Trung t\u00e2m h\u1ed7 tr\u1ee3 \u0111\u1ed3ng th\u1eddi <strong data-start=\"678\" data-end=\"711\">Bluetooth Mesh v\u00e0 WiFi 2.4GHz<\/strong>, cho ph\u00e9p k\u1ebft n\u1ed1i linh ho\u1ea1t v\u1edbi \u0111a d\u1ea1ng thi\u1ebft b\u1ecb. \u0110\u1eb7c bi\u1ec7t, khi <strong data-start=\"776\" data-end=\"812\">m\u1ea5t WiFi ho\u1eb7c WiFi kh\u00f4ng \u1ed5n \u0111\u1ecbnh<\/strong>, b\u1ea1n v\u1eabn c\u00f3 th\u1ec3 \u0111i\u1ec1u khi\u1ec3n thi\u1ebft b\u1ecb m\u01b0\u1ee3t m\u00e0 th\u00f4ng qua Bluetooth \u2013 \u0111\u1ea3m b\u1ea3o h\u1ec7 th\u1ed1ng lu\u00f4n ho\u1ea1t \u0111\u1ed9ng li\u00ean t\u1ee5c.<\/p>\n<h2 data-start=\"927\" data-end=\"962\"><span class=\"ez-toc-section\" id=\"TINH_NANG_NOI_BAT_CUA_HS1-BLE\"><\/span>T\u00cdNH N\u0102NG N\u1ed4I B\u1eacT C\u1ee6A HS1-BLE<span class=\"ez-toc-section-end\"><\/span><\/h2>\n<p data-start=\"964\" data-end=\"1575\">\ud83d\udd39 <strong data-start=\"967\" data-end=\"1012\">\u0110i\u1ec1u khi\u1ec3n thi\u1ebft b\u1ecb t\u1eeb xa qua App Kawasan<\/strong> \u2013 H\u1eb9n gi\u1edd, l\u00ean l\u1ecbch th\u00f4ng minh theo k\u1ecbch b\u1ea3n b\u1ea1n ch\u1ecdn.<br data-start=\"1067\" data-end=\"1070\" \/>\ud83d\udd39 <strong data-start=\"1073\" data-end=\"1146\">K\u1ebft n\u1ed1i nhanh ch\u00f3ng v\u1edbi c\u00f4ng t\u1eafc th\u00f4ng minh BLE, c\u1ea7u dao, c\u1ea3m bi\u1ebfn&#8230;<\/strong><br data-start=\"1146\" data-end=\"1149\" \/>\ud83d\udd39 <strong data-start=\"1152\" data-end=\"1182\">T\u01b0\u01a1ng th\u00edch Bluetooth Mesh<\/strong> \u2013 \u0110\u1ea3m b\u1ea3o t\u00edn hi\u1ec7u truy\u1ec1n xa, \u1ed5n \u0111\u1ecbnh ngay c\u1ea3 trong kh\u00f4ng gian nhi\u1ec1u v\u1eadt c\u1ea3n.<br data-start=\"1260\" data-end=\"1263\" \/>\ud83d\udd39 <strong data-start=\"1266\" data-end=\"1301\">\u0110i\u1ec1u khi\u1ec3n ngay c\u1ea3 khi m\u1ea5t WiFi<\/strong> \u2013 V\u1eadn h\u00e0nh qua s\u00f3ng BLE kh\u00f4ng ph\u1ee5 thu\u1ed9c m\u1ea1ng Internet.<br data-start=\"1356\" data-end=\"1359\" \/>\ud83d\udd39 <strong data-start=\"1362\" data-end=\"1414\">Thi\u1ebft k\u1ebf nh\u1ecf g\u1ecdn \u2013 d\u1ec5 d\u00e0ng b\u1ed1 tr\u00ed \u1edf nhi\u1ec1u v\u1ecb tr\u00ed<\/strong> trong nh\u00e0 nh\u01b0 t\u1ee7 \u0111i\u1ec7n, ph\u00f2ng kh\u00e1ch, ph\u00f2ng k\u1ef9 thu\u1eadt\u2026<br data-start=\"1466\" data-end=\"1469\" \/>\ud83d\udd39 <strong data-start=\"1472\" data-end=\"1529\">Trang b\u1ecb s\u1eb5n c\u1ed5ng Type C + d\u00e2y m\u1ea1ng LAN + b\u1ed9 ngu\u1ed3n 5V<\/strong> \u2013 thu\u1eadn ti\u1ec7n l\u1eafp \u0111\u1eb7t, kh\u00f4ng c\u1ea7n ph\u1ee5 ki\u1ec7n r\u1eddi.<\/p>\n<figure id=\"attachment_15870\" aria-describedby=\"caption-attachment-15870\" style=\"width: 600px\" class=\"wp-caption aligncenter\"><img loading=\"lazy\" decoding=\"async\" class=\"wp-image-15870\" title=\"Trung t\u00e2m \u0111i\u1ec1u khi\u1ec3n c\u00f4ng t\u1eafc th\u00f4ng minh BLE\" src=\"https:\/\/kawasan.vn\/wp-content\/uploads\/2024\/02\/trung-tam-dieu-khien-cong-tac-wifi-ble1.png\" alt=\"Trung t\u00e2m \u0111i\u1ec1u khi\u1ec3n c\u00f4ng t\u1eafc th\u00f4ng minh BLE\" width=\"600\" height=\"604\" \/><figcaption id=\"caption-attachment-15870\" class=\"wp-caption-text\">Trung t\u00e2m \u0111i\u1ec1u khi\u1ec3n c\u00f4ng t\u1eafc th\u00f4ng minh BLE<\/figcaption><\/figure>\n<h2 data-start=\"1582\" data-end=\"1607\"><span class=\"ez-toc-section\" id=\"BO_SAN_PHAM_BAO_GOM\"><\/span>B\u1ed8 S\u1ea2N PH\u1ea8M BAO G\u1ed2M<span class=\"ez-toc-section-end\"><\/span><\/h2>\n<ul data-start=\"1609\" data-end=\"1714\">\n<li data-start=\"1609\" data-end=\"1647\">\n<p data-start=\"1611\" data-end=\"1647\">01 B\u1ed9 \u0111i\u1ec1u khi\u1ec3n trung t\u00e2m HS1-BLE<\/p>\n<\/li>\n<li data-start=\"1648\" data-end=\"1671\">\n<p data-start=\"1650\" data-end=\"1671\">01 C\u00e1p ngu\u1ed3n Type C<\/p>\n<\/li>\n<li data-start=\"1672\" data-end=\"1694\">\n<p data-start=\"1674\" data-end=\"1694\">01 B\u1ed9 \u0111\u1ed5i ngu\u1ed3n 5V<\/p>\n<\/li>\n<li data-start=\"1695\" data-end=\"1714\">\n<p data-start=\"1697\" data-end=\"1714\">01 D\u00e2y m\u1ea1ng LAN<\/p>\n<\/li>\n<\/ul>\n<figure id=\"attachment_15872\" aria-describedby=\"caption-attachment-15872\" style=\"width: 590px\" class=\"wp-caption aligncenter\"><img loading=\"lazy\" decoding=\"async\" class=\"wp-image-15872\" title=\"\u0110i k\u00e8m g\u1ed3m b\u1ed9 ph\u1ee5 ki\u1ec7n ngu\u1ed3n 5V v\u00e0 d\u00e2y mang LAN \" src=\"https:\/\/kawasan.vn\/wp-content\/uploads\/2024\/02\/trung-tam-dieu-khien-cong-tac-wifi-ble3.png\" alt=\"\u0110i k\u00e8m g\u1ed3m b\u1ed9 ph\u1ee5 ki\u1ec7n ngu\u1ed3n 5V v\u00e0 d\u00e2y mang LAN\" width=\"590\" height=\"342\" \/><figcaption id=\"caption-attachment-15872\" class=\"wp-caption-text\">\u0110i k\u00e8m g\u1ed3m b\u1ed9 ph\u1ee5 ki\u1ec7n ngu\u1ed3n 5V v\u00e0 d\u00e2y mang LAN<\/figcaption><\/figure>\n<h2 data-start=\"1721\" data-end=\"1774\"><span class=\"ez-toc-section\" id=\"TAI_SAO_NEN_CHON_TRUNG_TAM_HS1-BLE_CUA_KAWASAN\"><\/span>T\u1ea0I SAO N\u00caN CH\u1eccN TRUNG T\u00c2M HS1-BLE C\u1ee6A KAWASAN?<span class=\"ez-toc-section-end\"><\/span><\/h2>\n<p data-start=\"1776\" data-end=\"2214\">\u2705 <strong data-start=\"1778\" data-end=\"1811\">Th\u01b0\u01a1ng hi\u1ec7u h\u00e0ng \u0111\u1ea7u Vi\u1ec7t Nam<\/strong> trong l\u0129nh v\u1ef1c \u0111i\u1ec7n th\u00f4ng minh t\u1eeb 2007<br data-start=\"1850\" data-end=\"1853\" \/>\u2705 <strong data-start=\"1855\" data-end=\"1905\">T\u01b0\u01a1ng th\u00edch to\u00e0n di\u1ec7n h\u1ec7 sinh th\u00e1i Kawasan BLE<\/strong> \u2013 \u0110\u00e3 c\u00f3 m\u1eb7t t\u1ea1i h\u00e0ng ng\u00e0n c\u00f4ng tr\u00ecnh<br data-start=\"1942\" data-end=\"1945\" \/>\u2705 <strong data-start=\"1947\" data-end=\"1981\">\u0110\u1ed9 b\u1ec1n cao, linh ki\u1ec7n ch\u1ecdn l\u1ecdc<\/strong> \u2013 Ho\u1ea1t \u0111\u1ed9ng \u1ed5n \u0111\u1ecbnh c\u1ea3 trong \u0111i\u1ec1u ki\u1ec7n th\u1eddi ti\u1ebft kh\u1eafc nghi\u1ec7t<br data-start=\"2042\" data-end=\"2045\" \/>\u2705 <strong data-start=\"2047\" data-end=\"2080\">Ch\u00ednh s\u00e1ch b\u1ea3o h\u00e0nh v\u01b0\u1ee3t tr\u1ed9i<\/strong> \u2013 H\u1ed7 tr\u1ee3 s\u1eeda ch\u1eefa c\u1ea3 sau th\u1eddi gian b\u1ea3o h\u00e0nh n\u1ebfu c\u00f2n kh\u1ea3 n\u0103ng kh\u1eafc ph\u1ee5c<br data-start=\"2151\" data-end=\"2154\" \/>\u2705 <strong data-start=\"2156\" data-end=\"2179\">D\u1ecbch v\u1ee5 h\u1ed7 tr\u1ee3 24\/7<\/strong>, m\u1ea1ng l\u01b0\u1edbi \u0111\u1ea1i l\u00fd ph\u1ee7 kh\u1eafp c\u1ea3 n\u01b0\u1edbc<\/p>\n<h2 data-start=\"2260\" data-end=\"2288\"><span class=\"ez-toc-section\" id=\"Cam_ket_tu_Kawasan\"><\/span><strong data-start=\"2263\" data-end=\"2288\">Cam k\u1ebft t\u1eeb Kawasan<\/strong><span class=\"ez-toc-section-end\"><\/span><\/h2>\n<p data-start=\"2290\" data-end=\"2632\">Kawasan cam k\u1ebft mang \u0111\u1ebfn s\u1ea3n ph\u1ea9m <strong data-start=\"2324\" data-end=\"2357\">ch\u00ednh h\u00e3ng \u2013 b\u1ec1n b\u1ec9 \u2013 an to\u00e0n<\/strong>, \u0111\u00e1p \u1ee9ng \u0111\u1ea7y \u0111\u1ee7 c\u00e1c ti\u00eau chu\u1ea9n k\u1ef9 thu\u1eadt v\u00e0 y\u00eau c\u1ea7u s\u1eed d\u1ee5ng th\u1ef1c t\u1ebf.<br data-start=\"2425\" data-end=\"2428\" \/>T\u1ea5t c\u1ea3 s\u1ea3n ph\u1ea9m \u0111\u01b0\u1ee3c b\u1ea3o h\u00e0nh <strong data-start=\"2458\" data-end=\"2479\">mi\u1ec5n ph\u00ed 24 th\u00e1ng<\/strong>, v\u00e0 v\u1eabn ti\u1ebfp t\u1ee5c \u0111\u01b0\u1ee3c h\u1ed7 tr\u1ee3 s\u1eeda ch\u1eefa sau th\u1eddi gian b\u1ea3o h\u00e0nh n\u1ebfu c\u00f2n kh\u1ea3 n\u0103ng ph\u1ee5c h\u1ed3i, <strong data-start=\"2568\" data-end=\"2586\">kh\u00f4ng t\u00ednh ph\u00ed<\/strong> n\u1ebfu chi ph\u00ed linh ki\u1ec7n thay th\u1ebf kh\u00f4ng \u0111\u00e1ng k\u1ec3.<\/p>\n<p data-start=\"2634\" data-end=\"2657\"><strong data-start=\"2634\" data-end=\"2657\">Mua ch\u00ednh h\u00e3ng t\u1ea1i:<\/strong><\/p>\n<ul data-start=\"2658\" data-end=\"2798\">\n<li data-start=\"2658\" data-end=\"2711\">\n<p data-start=\"2660\" data-end=\"2711\">Website: <a class=\"\" href=\"https:\/\/kawasan.vn\/en\/\" target=\"_new\" rel=\"noopener\" data-start=\"2669\" data-end=\"2709\">www.kawasan.vn<\/a><\/p>\n<\/li>\n<li data-start=\"2712\" data-end=\"2798\">\n<p data-start=\"2714\" data-end=\"2798\">\u0110\u00e8n LED \u2013 thi\u1ebft b\u1ecb \u0111i\u1ec7n th\u00f4ng minh: <a class=\"\" href=\"https:\/\/www.kawaled.com.vn\" target=\"_new\" rel=\"noopener\" data-start=\"2750\" data-end=\"2798\">www.kawaled.com.vn<\/a><\/p>\n<\/li>\n<\/ul>","protected":false},"excerpt":{"rendered":"<p>Trung t\u00e2m \u0111i\u1ec1u khi\u1ec3n \u2013 &#8220;B\u1ed9 n\u00e3o&#8221; c\u1ee7a h\u1ec7 th\u1ed1ng nh\u00e0 th\u00f4ng minh B\u1ed9 \u0111i\u1ec1u khi\u1ec3n trung t\u00e2m th\u00f4ng minh HS1-BLE l\u00e0 thi\u1ebft b\u1ecb quan tr\u1ecdng trong h\u1ec7 sinh th\u00e1i smart home c\u1ee7a Kawasan, \u0111\u00f3ng vai tr\u00f2 ti\u1ebfp nh\u1eadn v\u00e0 truy\u1ec1n l\u1ec7nh \u0111i\u1ec1u khi\u1ec3n \u0111\u1ebfn c\u00e1c thi\u1ebft b\u1ecb nh\u01b0 c\u00f4ng t\u1eafc th\u00f4ng minh, \u1ed5 c\u1eafm, [&hellip;]<\/p>","protected":false},"featured_media":15873,"comment_status":"open","ping_status":"closed","template":"","meta":{"_yoast_wpseo_focuskw":"\u0110i\u1ec1u Khi\u1ec3n Trung T\u00e2m","_yoast_wpseo_metadesc":"\u0110i\u1ec1u khi\u1ec3n trung t\u00e2m k\u1ebft n\u1ed1i c\u00e1c thi\u1ebft b\u1ecb d\u00f9ng c\u00f4ng ngh\u1ec7 Buletooth Mesh ho\u1eb7c Wifi 2.4 Ghz. Thi\u1ebft l\u1eadp ng\u1eef c\u1ea3nh th\u00f4ng minh, h\u1eb9n gi\u1edd t\u1ef1 \u0111\u1ed9ng qua App Kawasan","_yoast_wpseo_focuskeywords":"","_yoast_wpseo_keyword_synonyms":""},"product_cat":[2545,502,884,38],"product_tag":[1138,1135,606,941,1136,1140,1133,823,730,1139,1134,1137,1131,1132,1142,605,1141],"class_list":["post-15869","product","type-product","status-publish","has-post-thumbnail","hentry","product_cat-cong-nghe-bluetooth-mesh","product_cat-cong-tac-bluetooth-am-tuong","product_cat-thiet-bi-nha-thong-minh","product_cat-cong-tac-thong-minh","product_tag-bo-cong-tac-dieu-khien-tu-xa","product_tag-bo-dieu-khien-may-bom-tu-xa","product_tag-bo-trung-tam-dieu-khien-thong-minh","product_tag-cong-tac-den-dieu-khien-tu-xa","product_tag-cong-tac-dien-dieu-khien-tu-xa","product_tag-cong-tac-dien-dieu-khien-tu-xa-bang-dien-thoai","product_tag-cong-tac-dien-dieu-khien-tu-xa-bang-remote","product_tag-cong-tac-dieu-khien","product_tag-cong-tac-dieu-khien-tu-xa","product_tag-cong-tac-dieu-khien-tu-xa-12v","product_tag-cong-tac-dieu-khien-tu-xa-220v","product_tag-cong-tac-dieu-khien-tu-xa-bang-dien-thoai","product_tag-cong-tac-dieu-khien-tu-xa-qua-wifi","product_tag-cong-tac-dieu-khien-tu-xa-qua-wifi-3g","product_tag-cong-tac-thong-minh-dieu-khien-tu-xa","product_tag-dieu-khien-trung-tam","product_tag-hat-cong-tac-dieu-khien-tu-xa"],"acf":[],"yoast_head":"<!-- This site is optimized with the Yoast SEO Premium plugin v24.9 (Yoast SEO v24.9) - https:\/\/yoast.com\/wordpress\/plugins\/seo\/ -->\n<title>B\u1ed9 \u0110i\u1ec1u Khi\u1ec3n Trung T\u00e2m Th\u00f4ng Minh HS1-BLE - Kawasan<\/title>\n<meta name=\"description\" content=\"\u0110i\u1ec1u khi\u1ec3n trung t\u00e2m k\u1ebft n\u1ed1i c\u00e1c thi\u1ebft b\u1ecb d\u00f9ng c\u00f4ng ngh\u1ec7 Buletooth Mesh ho\u1eb7c Wifi 2.4 Ghz. Thi\u1ebft l\u1eadp ng\u1eef c\u1ea3nh th\u00f4ng minh, h\u1eb9n gi\u1edd t\u1ef1 \u0111\u1ed9ng qua App Kawasan\" \/>\n<meta name=\"robots\" content=\"index, follow, max-snippet:-1, max-image-preview:large, max-video-preview:-1\" \/>\n<link rel=\"canonical\" href=\"https:\/\/kawasan.vn\/en\/product\/bo-dieu-khien-trung-tam-thong-minh-hs1-ble\/\" \/>\n<meta property=\"og:locale\" content=\"en_US\" \/>\n<meta property=\"og:type\" content=\"article\" \/>\n<meta property=\"og:title\" content=\"B\u1ed9 \u0110i\u1ec1u Khi\u1ec3n Trung T\u00e2m Th\u00f4ng Minh HS1-BLE\" \/>\n<meta property=\"og:description\" content=\"\u0110i\u1ec1u khi\u1ec3n trung t\u00e2m k\u1ebft n\u1ed1i c\u00e1c thi\u1ebft b\u1ecb d\u00f9ng c\u00f4ng ngh\u1ec7 Buletooth Mesh ho\u1eb7c Wifi 2.4 Ghz. Thi\u1ebft l\u1eadp ng\u1eef c\u1ea3nh th\u00f4ng minh, h\u1eb9n gi\u1edd t\u1ef1 \u0111\u1ed9ng qua App Kawasan\" \/>\n<meta property=\"og:url\" content=\"https:\/\/kawasan.vn\/en\/product\/bo-dieu-khien-trung-tam-thong-minh-hs1-ble\/\" \/>\n<meta property=\"og:site_name\" content=\"Kawasan\" \/>\n<meta property=\"article:modified_time\" content=\"2026-04-11T07:27:29+00:00\" \/>\n<meta property=\"og:image\" content=\"https:\/\/kawasan.vn\/wp-content\/uploads\/2024\/02\/trung-tam-dieu-khien-cong-tac-wifi-ble.png\" \/>\n\t<meta property=\"og:image:width\" content=\"600\" \/>\n\t<meta property=\"og:image:height\" content=\"600\" \/>\n\t<meta property=\"og:image:type\" content=\"image\/png\" \/>\n<meta name=\"twitter:card\" content=\"summary_large_image\" \/>\n<meta name=\"twitter:label1\" content=\"Est. reading time\" \/>\n\t<meta name=\"twitter:data1\" content=\"4 minutes\" \/>\n<script type=\"application\/ld+json\" class=\"yoast-schema-graph\">{\"@context\":\"https:\/\/schema.org\",\"@graph\":[{\"@type\":\"WebPage\",\"@id\":\"https:\/\/kawasan.vn\/san-pham\/bo-dieu-khien-trung-tam-thong-minh-hs1-ble\/\",\"url\":\"https:\/\/kawasan.vn\/san-pham\/bo-dieu-khien-trung-tam-thong-minh-hs1-ble\/\",\"name\":\"B\u1ed9 \u0110i\u1ec1u Khi\u1ec3n Trung T\u00e2m Th\u00f4ng Minh HS1-BLE - Kawasan\",\"isPartOf\":{\"@id\":\"https:\/\/kawasan.vn\/#website\"},\"primaryImageOfPage\":{\"@id\":\"https:\/\/kawasan.vn\/san-pham\/bo-dieu-khien-trung-tam-thong-minh-hs1-ble\/#primaryimage\"},\"image\":{\"@id\":\"https:\/\/kawasan.vn\/san-pham\/bo-dieu-khien-trung-tam-thong-minh-hs1-ble\/#primaryimage\"},\"thumbnailUrl\":\"https:\/\/kawasan.vn\/wp-content\/uploads\/2024\/02\/trung-tam-dieu-khien-cong-tac-wifi-ble.png\",\"datePublished\":\"2024-02-02T10:09:59+00:00\",\"dateModified\":\"2026-04-11T07:27:29+00:00\",\"description\":\"\u0110i\u1ec1u khi\u1ec3n trung t\u00e2m k\u1ebft n\u1ed1i c\u00e1c thi\u1ebft b\u1ecb d\u00f9ng c\u00f4ng ngh\u1ec7 Buletooth Mesh ho\u1eb7c Wifi 2.4 Ghz. Thi\u1ebft l\u1eadp ng\u1eef c\u1ea3nh th\u00f4ng minh, h\u1eb9n gi\u1edd t\u1ef1 \u0111\u1ed9ng qua App Kawasan\",\"breadcrumb\":{\"@id\":\"https:\/\/kawasan.vn\/san-pham\/bo-dieu-khien-trung-tam-thong-minh-hs1-ble\/#breadcrumb\"},\"inLanguage\":\"en-US\",\"potentialAction\":[{\"@type\":\"ReadAction\",\"target\":[\"https:\/\/kawasan.vn\/san-pham\/bo-dieu-khien-trung-tam-thong-minh-hs1-ble\/\"]}]},{\"@type\":\"ImageObject\",\"inLanguage\":\"en-US\",\"@id\":\"https:\/\/kawasan.vn\/san-pham\/bo-dieu-khien-trung-tam-thong-minh-hs1-ble\/#primaryimage\",\"url\":\"https:\/\/kawasan.vn\/wp-content\/uploads\/2024\/02\/trung-tam-dieu-khien-cong-tac-wifi-ble.png\",\"contentUrl\":\"https:\/\/kawasan.vn\/wp-content\/uploads\/2024\/02\/trung-tam-dieu-khien-cong-tac-wifi-ble.png\",\"width\":600,\"height\":600},{\"@type\":\"BreadcrumbList\",\"@id\":\"https:\/\/kawasan.vn\/san-pham\/bo-dieu-khien-trung-tam-thong-minh-hs1-ble\/#breadcrumb\",\"itemListElement\":[{\"@type\":\"ListItem\",\"position\":1,\"name\":\"Trang ch\u1ee7\",\"item\":\"https:\/\/kawasan.vn\/\"},{\"@type\":\"ListItem\",\"position\":2,\"name\":\"S\u1ea3n ph\u1ea9m\",\"item\":\"https:\/\/kawasan.vn\/san-pham\/\"},{\"@type\":\"ListItem\",\"position\":3,\"name\":\"B\u1ed9 \u0110i\u1ec1u Khi\u1ec3n Trung T\u00e2m Th\u00f4ng Minh HS1-BLE\"}]},{\"@type\":\"WebSite\",\"@id\":\"https:\/\/kawasan.vn\/#website\",\"url\":\"https:\/\/kawasan.vn\/\",\"name\":\"Kawasan\",\"description\":\"\",\"potentialAction\":[{\"@type\":\"SearchAction\",\"target\":{\"@type\":\"EntryPoint\",\"urlTemplate\":\"https:\/\/kawasan.vn\/?s={search_term_string}\"},\"query-input\":{\"@type\":\"PropertyValueSpecification\",\"valueRequired\":true,\"valueName\":\"search_term_string\"}}],\"inLanguage\":\"en-US\"}]}<\/script>\n<!-- \/ Yoast SEO Premium plugin. -->","yoast_head_json":{"title":"B\u1ed9 \u0110i\u1ec1u Khi\u1ec3n Trung T\u00e2m Th\u00f4ng Minh HS1-BLE - Kawasan","description":"\u0110i\u1ec1u khi\u1ec3n trung t\u00e2m k\u1ebft n\u1ed1i c\u00e1c thi\u1ebft b\u1ecb d\u00f9ng c\u00f4ng ngh\u1ec7 Buletooth Mesh ho\u1eb7c Wifi 2.4 Ghz. Thi\u1ebft l\u1eadp ng\u1eef c\u1ea3nh th\u00f4ng minh, h\u1eb9n gi\u1edd t\u1ef1 \u0111\u1ed9ng qua App Kawasan","robots":{"index":"index","follow":"follow","max-snippet":"max-snippet:-1","max-image-preview":"max-image-preview:large","max-video-preview":"max-video-preview:-1"},"canonical":"https:\/\/kawasan.vn\/en\/product\/bo-dieu-khien-trung-tam-thong-minh-hs1-ble\/","og_locale":"en_US","og_type":"article","og_title":"B\u1ed9 \u0110i\u1ec1u Khi\u1ec3n Trung T\u00e2m Th\u00f4ng Minh HS1-BLE","og_description":"\u0110i\u1ec1u khi\u1ec3n trung t\u00e2m k\u1ebft n\u1ed1i c\u00e1c thi\u1ebft b\u1ecb d\u00f9ng c\u00f4ng ngh\u1ec7 Buletooth Mesh ho\u1eb7c Wifi 2.4 Ghz. Thi\u1ebft l\u1eadp ng\u1eef c\u1ea3nh th\u00f4ng minh, h\u1eb9n gi\u1edd t\u1ef1 \u0111\u1ed9ng qua App Kawasan","og_url":"https:\/\/kawasan.vn\/en\/product\/bo-dieu-khien-trung-tam-thong-minh-hs1-ble\/","og_site_name":"Kawasan","article_modified_time":"2026-04-11T07:27:29+00:00","og_image":[{"width":600,"height":600,"url":"https:\/\/kawasan.vn\/wp-content\/uploads\/2024\/02\/trung-tam-dieu-khien-cong-tac-wifi-ble.png","type":"image\/png"}],"twitter_card":"summary_large_image","twitter_misc":{"Est. reading time":"4 minutes"},"schema":{"@context":"https:\/\/schema.org","@graph":[{"@type":"WebPage","@id":"https:\/\/kawasan.vn\/san-pham\/bo-dieu-khien-trung-tam-thong-minh-hs1-ble\/","url":"https:\/\/kawasan.vn\/san-pham\/bo-dieu-khien-trung-tam-thong-minh-hs1-ble\/","name":"B\u1ed9 \u0110i\u1ec1u Khi\u1ec3n Trung T\u00e2m Th\u00f4ng Minh HS1-BLE - Kawasan","isPartOf":{"@id":"https:\/\/kawasan.vn\/#website"},"primaryImageOfPage":{"@id":"https:\/\/kawasan.vn\/san-pham\/bo-dieu-khien-trung-tam-thong-minh-hs1-ble\/#primaryimage"},"image":{"@id":"https:\/\/kawasan.vn\/san-pham\/bo-dieu-khien-trung-tam-thong-minh-hs1-ble\/#primaryimage"},"thumbnailUrl":"https:\/\/kawasan.vn\/wp-content\/uploads\/2024\/02\/trung-tam-dieu-khien-cong-tac-wifi-ble.png","datePublished":"2024-02-02T10:09:59+00:00","dateModified":"2026-04-11T07:27:29+00:00","description":"\u0110i\u1ec1u khi\u1ec3n trung t\u00e2m k\u1ebft n\u1ed1i c\u00e1c thi\u1ebft b\u1ecb d\u00f9ng c\u00f4ng ngh\u1ec7 Buletooth Mesh ho\u1eb7c Wifi 2.4 Ghz. Thi\u1ebft l\u1eadp ng\u1eef c\u1ea3nh th\u00f4ng minh, h\u1eb9n gi\u1edd t\u1ef1 \u0111\u1ed9ng qua App Kawasan","breadcrumb":{"@id":"https:\/\/kawasan.vn\/san-pham\/bo-dieu-khien-trung-tam-thong-minh-hs1-ble\/#breadcrumb"},"inLanguage":"en-US","potentialAction":[{"@type":"ReadAction","target":["https:\/\/kawasan.vn\/san-pham\/bo-dieu-khien-trung-tam-thong-minh-hs1-ble\/"]}]},{"@type":"ImageObject","inLanguage":"en-US","@id":"https:\/\/kawasan.vn\/san-pham\/bo-dieu-khien-trung-tam-thong-minh-hs1-ble\/#primaryimage","url":"https:\/\/kawasan.vn\/wp-content\/uploads\/2024\/02\/trung-tam-dieu-khien-cong-tac-wifi-ble.png","contentUrl":"https:\/\/kawasan.vn\/wp-content\/uploads\/2024\/02\/trung-tam-dieu-khien-cong-tac-wifi-ble.png","width":600,"height":600},{"@type":"BreadcrumbList","@id":"https:\/\/kawasan.vn\/san-pham\/bo-dieu-khien-trung-tam-thong-minh-hs1-ble\/#breadcrumb","itemListElement":[{"@type":"ListItem","position":1,"name":"Trang ch\u1ee7","item":"https:\/\/kawasan.vn\/"},{"@type":"ListItem","position":2,"name":"S\u1ea3n ph\u1ea9m","item":"https:\/\/kawasan.vn\/san-pham\/"},{"@type":"ListItem","position":3,"name":"B\u1ed9 \u0110i\u1ec1u Khi\u1ec3n Trung T\u00e2m Th\u00f4ng Minh HS1-BLE"}]},{"@type":"WebSite","@id":"https:\/\/kawasan.vn\/#website","url":"https:\/\/kawasan.vn\/","name":"Kawasan","description":"","potentialAction":[{"@type":"SearchAction","target":{"@type":"EntryPoint","urlTemplate":"https:\/\/kawasan.vn\/?s={search_term_string}"},"query-input":{"@type":"PropertyValueSpecification","valueRequired":true,"valueName":"search_term_string"}}],"inLanguage":"en-US"}]}},"_links":{"self":[{"href":"https:\/\/kawasan.vn\/en\/wp-json\/wp\/v2\/product\/15869","targetHints":{"allow":["GET"]}}],"collection":[{"href":"https:\/\/kawasan.vn\/en\/wp-json\/wp\/v2\/product"}],"about":[{"href":"https:\/\/kawasan.vn\/en\/wp-json\/wp\/v2\/types\/product"}],"replies":[{"embeddable":true,"href":"https:\/\/kawasan.vn\/en\/wp-json\/wp\/v2\/comments?post=15869"}],"version-history":[{"count":4,"href":"https:\/\/kawasan.vn\/en\/wp-json\/wp\/v2\/product\/15869\/revisions"}],"predecessor-version":[{"id":25041,"href":"https:\/\/kawasan.vn\/en\/wp-json\/wp\/v2\/product\/15869\/revisions\/25041"}],"wp:featuredmedia":[{"embeddable":true,"href":"https:\/\/kawasan.vn\/en\/wp-json\/wp\/v2\/media\/15873"}],"wp:attachment":[{"href":"https:\/\/kawasan.vn\/en\/wp-json\/wp\/v2\/media?parent=15869"}],"wp:term":[{"taxonomy":"product_cat","embeddable":true,"href":"https:\/\/kawasan.vn\/en\/wp-json\/wp\/v2\/product_cat?post=15869"},{"taxonomy":"product_tag","embeddable":true,"href":"https:\/\/kawasan.vn\/en\/wp-json\/wp\/v2\/product_tag?post=15869"}],"curies":[{"name":"wp","href":"https:\/\/api.w.org\/{rel}","templated":true}]}}