{"id":12795,"date":"2023-11-19T04:39:18","date_gmt":"2023-11-19T04:39:18","guid":{"rendered":"https:\/\/kawasan.123websitedev.com\/?post_type=product&#038;p=12795"},"modified":"2025-12-09T09:23:05","modified_gmt":"2025-12-09T02:23:05","slug":"cong-tac-hen-gio-ky-thuat-so-ts17s","status":"publish","type":"product","link":"https:\/\/kawasan.vn\/en\/product\/cong-tac-hen-gio-ky-thuat-so-ts17s\/","title":{"rendered":"TS17S Digital Timer Switch"},"content":{"rendered":"<h2><span class=\"ez-toc-section\" id=\"CONG_TAT_HEN_GIO_THEO_CHU_KY_TS17S\"><\/span><strong>C\u00d4NG T\u1eaeT H\u1eb8N GI\u1edc THEO CHU K\u1ef2 TS17S<\/strong><span class=\"ez-toc-section-end\"><\/span><\/h2><div id=\"ez-toc-container\" class=\"ez-toc-v2_0_69_1 counter-hierarchy ez-toc-counter ez-toc-grey ez-toc-container-direction\">\n<div class=\"ez-toc-title-container\">\n<p class=\"ez-toc-title\" >N\u1ed9i Dung B&agrave;i Vi\u1ebft<\/p>\n<span class=\"ez-toc-title-toggle\"><a href=\"#\" class=\"ez-toc-pull-right ez-toc-btn ez-toc-btn-xs ez-toc-btn-default ez-toc-toggle\" aria-label=\"Toggle Table of Content\"><span class=\"ez-toc-js-icon-con\"><span class=\"\"><span class=\"eztoc-hide\" style=\"display:none;\">Toggle<\/span><span class=\"ez-toc-icon-toggle-span\"><svg style=\"fill: #999;color:#999\" xmlns=\"http:\/\/www.w3.org\/2000\/svg\" class=\"list-377408\" width=\"20px\" height=\"20px\" viewbox=\"0 0 24 24\" fill=\"none\"><path d=\"M6 6H4v2h2V6zm14 0H8v2h12V6zM4 11h2v2H4v-2zm16 0H8v2h12v-2zM4 16h2v2H4v-2zm16 0H8v2h12v-2z\" fill=\"currentColor\"><\/path><\/svg><svg style=\"fill: #999;color:#999\" class=\"arrow-unsorted-368013\" xmlns=\"http:\/\/www.w3.org\/2000\/svg\" width=\"10px\" height=\"10px\" viewbox=\"0 0 24 24\" version=\"1.2\" baseprofile=\"tiny\"><path d=\"M18.2 9.3l-6.2-6.3-6.2 6.3c-.2.2-.3.4-.3.7s.1.5.3.7c.2.2.4.3.7.3h11c.3 0 .5-.1.7-.3.2-.2.3-.5.3-.7s-.1-.5-.3-.7zM5.8 14.7l6.2 6.3 6.2-6.3c.2-.2.3-.5.3-.7s-.1-.5-.3-.7c-.2-.2-.4-.3-.7-.3h-11c-.3 0-.5.1-.7.3-.2.2-.3.5-.3.7s.1.5.3.7z\"\/><\/svg><\/span><\/span><\/span><\/a><\/span><\/div>\n<nav><ul class='ez-toc-list ez-toc-list-level-1 eztoc-toggle-hide-by-default' ><li class='ez-toc-page-1 ez-toc-heading-level-2'><a class=\"ez-toc-link ez-toc-heading-1\" href=\"https:\/\/kawasan.vn\/en\/product\/cong-tac-hen-gio-ky-thuat-so-ts17s\/#CONG_TAT_HEN_GIO_THEO_CHU_KY_TS17S\" title=\"C\u00d4NG T\u1eaeT H\u1eb8N GI\u1edc THEO CHU K\u1ef2 TS17S\">C\u00d4NG T\u1eaeT H\u1eb8N GI\u1edc THEO CHU K\u1ef2 TS17S<\/a><\/li><li class='ez-toc-page-1 ez-toc-heading-level-2'><a class=\"ez-toc-link ez-toc-heading-2\" href=\"https:\/\/kawasan.vn\/en\/product\/cong-tac-hen-gio-ky-thuat-so-ts17s\/#LOI_ICH_CUA_VIEC_SU_DUNG_CONG_TAC_HEN_220V\" title=\"L\u1ee2I \u00cdCH C\u1ee6A VI\u1ec6C S\u1eec D\u1ee4NG C\u00d4NG T\u1eaeC H\u1eb8N 220V\">L\u1ee2I \u00cdCH C\u1ee6A VI\u1ec6C S\u1eec D\u1ee4NG C\u00d4NG T\u1eaeC H\u1eb8N 220V<\/a><\/li><li class='ez-toc-page-1 ez-toc-heading-level-2'><a class=\"ez-toc-link ez-toc-heading-3\" href=\"https:\/\/kawasan.vn\/en\/product\/cong-tac-hen-gio-ky-thuat-so-ts17s\/#CONG_TAC_HEN_GIO_THONG_MINH_DUOC_UNG_DUNG_NGAY_CANG_PHO_BIEN\" title=\"C\u00d4NG T\u1eaeC H\u1eb8N GI\u1edc TH\u00d4NG MINH \u0110\u01af\u1ee2C \u1ee8NG D\u1ee4NG NG\u00c0Y C\u00c0NG PH\u1ed4 BI\u1ebeN\">C\u00d4NG T\u1eaeC H\u1eb8N GI\u1edc TH\u00d4NG MINH \u0110\u01af\u1ee2C \u1ee8NG D\u1ee4NG NG\u00c0Y C\u00c0NG PH\u1ed4 BI\u1ebeN<\/a><\/li><\/ul><\/nav><\/div>\n\n<ul>\n<li>C\u00f4ng t\u1eafc h\u1eb9n gi\u1edd TS17S l\u00e0 thi\u1ebft b\u1ecb <a href=\"https:\/\/kawasan.vn\/en\/product-category\/hen-gio\/\" target=\"_blank\" rel=\"noopener\">h\u1eb9n gi\u1edd<\/a> k\u1ef9 thu\u1eadt s\u1ed1. T\u1ef1 \u0111\u1ed9ng B\u1eadt\/T\u1eaft thi\u1ebft b\u1ecb \u0111i\u1ec7n theo th\u1eddi gian \u0111\u00e3 c\u00e0i \u0111\u1eb7t.<\/li>\n<li>V\u1edbi chu k\u1ef3 t\u1ed1i \u0111a 28 l\u1ea7n B\u1eadt\/T\u1eaft \u0111\u01b0\u1ee3c l\u1eb7p l\u1ea1i h\u00e0ng tu\u1ea7n hay t\u1eebng ng\u00e0y theo nhu c\u1ea7u ng\u01b0\u1eddi d\u00f9ng, th\u1eddi gian c\u00e0i \u0111\u1eb7t t\u1ed1i thi\u1ec3u l\u00e0 1 gi\u00e2y.<\/li>\n<li>V\u1edbi thi\u1ebft k\u1ebf d\u1ea1ng g\u1eafn ray ph\u00f9 h\u1ee3p cho d\u00e2n d\u1ee5ng v\u00e0 c\u00f4ng nghi\u1ec7p.<\/li>\n<li>H\u1eb9n gi\u1edd k\u1ef9 thu\u1eadt s\u1ed1 \u0111\u01b0\u1ee3c t\u00edch h\u1ee3p pin d\u1ef1 ph\u00f2ng m\u00e0 kh\u00f4ng c\u1ea7n ch\u1ec9nh l\u1ea1i gi\u1edd khi m\u1ea5t \u0111i\u1ec7n<\/li>\n<\/ul>\n<div id=\"attachment_4356\" class=\"wp-caption aligncenter\">\n<figure id=\"attachment_15204\" aria-describedby=\"caption-attachment-15204\" style=\"width: 600px\" class=\"wp-caption aligncenter\"><img loading=\"lazy\" decoding=\"async\" class=\"wp-image-15204\" title=\"C\u00f4ng t\u1eafc h\u1eb9n gi\u1edd TS17S\" src=\"https:\/\/kawasan.vn\/wp-content\/uploads\/2023\/11\/cong-tac-hen-gio-ts17s-1.jpg\" alt=\"C\u00f4ng t\u1eafc h\u1eb9n gi\u1edd TS17S\" width=\"600\" height=\"377\" \/><figcaption id=\"caption-attachment-15204\" class=\"wp-caption-text\">C\u00f4ng t\u1eafc h\u1eb9n gi\u1edd TS17S<\/figcaption><\/figure>\n<\/div>\n<h2><span class=\"ez-toc-section\" id=\"LOI_ICH_CUA_VIEC_SU_DUNG_CONG_TAC_HEN_220V\"><\/span><strong>L\u1ee2I \u00cdCH C\u1ee6A VI\u1ec6C S\u1eec D\u1ee4NG C\u00d4NG T\u1eaeC H\u1eb8N 220V<\/strong><span class=\"ez-toc-section-end\"><\/span><\/h2>\n<ul>\n<li>Ti\u1ebft ki\u1ec7m th\u1eddi gian v\u00ec kh\u00f4ng ph\u1ea3i ch\u1edd \u0111\u1ee3i, theo d\u00f5i \u0111\u1ec3 t\u1eaft m\u1edf b\u01a1m, \u0111\u00e8n\u2026 v\u00ec \u0111\u00e3 c\u00f3 <a href=\"https:\/\/kawasan.com.vn\/san-pham.html\/hen-gio.html\/cong-tac-hen-gio.html\" target=\"_blank\" rel=\"noopener\">thi\u1ebft b\u1ecb h\u1eb9n gi\u1edd<\/a> t\u1ef1 \u0111\u1ed9ng l\u00e0m vi\u1ec7c.<\/li>\n<li>Ti\u1ebft ki\u1ec7m \u0111i\u1ec7n n\u0103ng, tr\u00e1nh tr\u01b0\u1eddng h\u1ee3p ng\u01b0\u1eddi s\u1eed d\u1ee5ng qu\u00ean t\u1eaft \u0111i\u1ec7n.<\/li>\n<li>Ti\u1ec7n nghi cho ng\u01b0\u1eddi s\u1eed d\u1ee5ng v\u00ec kh\u00f4ng c\u1ea7n nh\u1edb ho\u1eb7c t\u1eaft\/ m\u1edf c\u00e1c c\u00f4ng t\u1eafc, thi\u1ebft b\u1ecb \u0111i\u1ec7n b\u1eb1ng tay<\/li>\n<li>An to\u00e0n cho ng\u01b0\u1eddi s\u1eed d\u1ee5ng v\u00ec tr\u00e1nh t\u00ecnh tr\u1ea1ng c\u00e1c thi\u1ebft b\u1ecb s\u1eed d\u1ee5ng qu\u00e1 l\u00e2u m\u00e0 kh\u00f4ng t\u1eaft d\u1eabn \u0111\u1ebfn qu\u00e1 t\u1ea3i g\u00e2y ch\u00e1y n\u1ed5 v\u00e0 tr\u00e1nh nguy c\u01a1 gi\u1eadt \u0111i\u1ec7n khi kh\u00f4ng c\u1ea7n ch\u1ea1m v\u00e0o thi\u1ebft b\u1ecb \u0111\u1ec3 t\u1eaft\/m\u1edf.<\/li>\n<li>Th\u1eddi gian s\u1eed d\u1ee5ng Pin d\u1ef1 tr\u1eef 2 th\u00e1ng v\u00e0 t\u1ef1 s\u1ea1c l\u1ea1i sau khi h\u1ebft Pin, \u0111\u1ed9 b\u1ec1n 3~5 n\u0103m gi\u00fap ti\u1ebft ki\u1ec7m chi ph\u00ed cho ng\u01b0\u1eddi d\u00f9ng.<\/li>\n<li>L\u00e0m t\u1ef1 v\u1eadt li\u1ec7u nh\u1ef1a cao c\u1ea5p th\u00e2n thi\u1ec7n v\u1edbi m\u00f4i tr\u01b0\u1eddng, an to\u00e0n cho ng\u01b0\u1eddi d\u00f9ng.<\/li>\n<\/ul>\n<div id=\"attachment_4360\" class=\"wp-caption aligncenter\">\n<figure id=\"attachment_15202\" aria-describedby=\"caption-attachment-15202\" style=\"width: 600px\" class=\"wp-caption aligncenter\"><img loading=\"lazy\" decoding=\"async\" class=\"wp-image-15202 size-full\" title=\"L\u1ee3i \u00edch c\u1ee7a c\u00f4ng t\u1eafc h\u1eb9n gi\u1edd t\u1ef1 \u0111\u1ed9ng\" src=\"https:\/\/kawasan.vn\/wp-content\/uploads\/2023\/11\/cong-tac-hen-gio-dien-tu-ts17s-7.jpg\" alt=\"L\u1ee3i \u00edch c\u1ee7a c\u00f4ng t\u1eafc h\u1eb9n gi\u1edd t\u1ef1 \u0111\u1ed9ng\" width=\"600\" height=\"600\" srcset=\"https:\/\/kawasan.vn\/wp-content\/uploads\/2023\/11\/cong-tac-hen-gio-dien-tu-ts17s-7.jpg 600w, https:\/\/kawasan.vn\/wp-content\/uploads\/2023\/11\/cong-tac-hen-gio-dien-tu-ts17s-7-400x400.jpg 400w\" sizes=\"auto, (max-width: 600px) 100vw, 600px\" \/><figcaption id=\"caption-attachment-15202\" class=\"wp-caption-text\">L\u1ee3i \u00edch c\u1ee7a c\u00f4ng t\u1eafc h\u1eb9n gi\u1edd t\u1ef1 \u0111\u1ed9ng<\/figcaption><\/figure>\n<\/div>\n<h2><span class=\"ez-toc-section\" id=\"CONG_TAC_HEN_GIO_THONG_MINH_DUOC_UNG_DUNG_NGAY_CANG_PHO_BIEN\"><\/span>C\u00d4NG T\u1eaeC H\u1eb8N GI\u1edc TH\u00d4NG MINH \u0110\u01af\u1ee2C \u1ee8NG D\u1ee4NG NG\u00c0Y C\u00c0NG PH\u1ed4 BI\u1ebeN<span class=\"ez-toc-section-end\"><\/span><\/h2>\n<ul>\n<li>Gi\u1ea3i ph\u00e1p h\u00e0ng \u0111\u1ea7u cho c\u00e1c h\u1ed9 gia \u0111\u00ecnh c\u00f3 tr\u1ebb nh\u1ecf v\u00e0 ng\u01b0\u1eddi gi\u00e0.<\/li>\n<li>Gi\u1ea3i ph\u00e1p cho c\u00e1c \u1ee9ng d\u1ee5ng t\u1ef1 \u0111\u1ed9ng reo chu\u00f4ng tr\u01b0\u1eddng h\u1ecdc, c\u00f4ng ty\u2026<\/li>\n<li>Gi\u1ea3i ph\u00e1p chi\u1ebfu s\u00e1ng cho b\u1ea3ng hi\u1ec7u qu\u1ea3ng c\u00e1o, qu\u00e1n cafe, khu du l\u1ecbch, khu sinh th\u00e1i\u2026<\/li>\n<li>Gi\u1ea3i ph\u00e1p cho n\u00f4ng nghi\u1ec7p: h\u1eb9n gi\u1edd t\u01b0\u1edbi hoa ki\u1ec3ng nh\u00e0 v\u01b0\u1eddn, c\u00e1c h\u1ed9 tr\u1ed3ng hoa, c\u00e2y c\u1ea3nh, tr\u00e1i c\u00e2y, th\u1ee7y canh\u2026V\u00ec c\u00f3 th\u1ec3 c\u00e0i \u0111\u1eb7t h\u1ec7 th\u1ed1ng h\u1eb9n gi\u1edd cho c\u00e1c thi\u1ebft b\u1ecb t\u01b0\u1edbi ti\u00eau, chi\u1ebfu s\u00e1ng theo m\u1ed9t chu k\u1ef3 nh\u1ea5t \u0111\u1ecbnh\u2026<\/li>\n<li>Gi\u1ea3i ph\u00e1p cho c\u00e1c h\u1ed9 ch\u0103n nu\u00f4i th\u1ee7y h\u1ea3i s\u1ea3n, c\u00e1c h\u1ed9 ch\u0103n nu\u00f4i gia x\u00fac gia c\u1ea7m,\u2026<\/li>\n<\/ul>\n<div id=\"attachment_4357\" class=\"wp-caption aligncenter\">\n<figure id=\"attachment_15197\" aria-describedby=\"caption-attachment-15197\" style=\"width: 600px\" class=\"wp-caption aligncenter\"><img loading=\"lazy\" decoding=\"async\" class=\"wp-image-15197\" title=\"\u1ee8ng d\u1ee5ng chi\u1ebfu s\u00e1ng qu\u1ea3ng c\u00e1o ngo\u00e0i tr\u1eddi\" src=\"https:\/\/kawasan.vn\/wp-content\/uploads\/2023\/11\/cong-tac-hen-gio-220v-ts17c-2.jpg\" alt=\"\u1ee8ng d\u1ee5ng chi\u1ebfu s\u00e1ng qu\u1ea3ng c\u00e1o ngo\u00e0i tr\u1eddi\" width=\"600\" height=\"387\" \/><figcaption id=\"caption-attachment-15197\" class=\"wp-caption-text\">\u1ee8ng d\u1ee5ng chi\u1ebfu s\u00e1ng qu\u1ea3ng c\u00e1o ngo\u00e0i tr\u1eddi<\/figcaption><\/figure>\n<\/div>\n<div id=\"attachment_4358\" class=\"wp-caption aligncenter\">\n<figure id=\"attachment_15198\" aria-describedby=\"caption-attachment-15198\" style=\"width: 600px\" class=\"wp-caption aligncenter\"><img loading=\"lazy\" decoding=\"async\" class=\"wp-image-15198\" title=\"\u1ee8ng d\u1ee5ng h\u1eb9n gi\u1edd t\u01b0\u1edbi c\u00e2y c\u1ea3nh\" src=\"https:\/\/kawasan.vn\/wp-content\/uploads\/2023\/11\/cong-tac-hen-gio-220v-ts17c-3.jpg\" alt=\"\u1ee8ng d\u1ee5ng h\u1eb9n gi\u1edd t\u01b0\u1edbi c\u00e2y c\u1ea3nh\" width=\"600\" height=\"370\" \/><figcaption id=\"caption-attachment-15198\" class=\"wp-caption-text\">\u1ee8ng d\u1ee5ng h\u1eb9n gi\u1edd t\u01b0\u1edbi c\u00e2y c\u1ea3nh<\/figcaption><\/figure>\n<\/div>\n<div id=\"attachment_4359\" class=\"wp-caption aligncenter\">\n<figure id=\"attachment_15199\" aria-describedby=\"caption-attachment-15199\" style=\"width: 600px\" class=\"wp-caption aligncenter\"><img loading=\"lazy\" decoding=\"async\" class=\"wp-image-15199\" title=\"\u1ee8ng d\u1ee5ng chi\u1ebfu s\u00e1ng \u0111\u00e8n trang tr\u00ed\" src=\"https:\/\/kawasan.vn\/wp-content\/uploads\/2023\/11\/cong-tac-hen-gio-220v-ts17c-4.jpg\" alt=\"\u1ee8ng d\u1ee5ng chi\u1ebfu s\u00e1ng \u0111\u00e8n trang tr\u00ed\" width=\"600\" height=\"353\" \/><figcaption id=\"caption-attachment-15199\" class=\"wp-caption-text\">\u1ee8ng d\u1ee5ng chi\u1ebfu s\u00e1ng \u0111\u00e8n trang tr\u00ed<\/figcaption><\/figure>\n<\/div>","protected":false},"excerpt":{"rendered":"<p>C\u00d4NG T\u1eaeT H\u1eb8N GI\u1edc THEO CHU K\u1ef2 TS17S C\u00f4ng t\u1eafc h\u1eb9n gi\u1edd TS17S l\u00e0 thi\u1ebft b\u1ecb h\u1eb9n gi\u1edd k\u1ef9 thu\u1eadt s\u1ed1. T\u1ef1 \u0111\u1ed9ng B\u1eadt\/T\u1eaft thi\u1ebft b\u1ecb \u0111i\u1ec7n theo th\u1eddi gian \u0111\u00e3 c\u00e0i \u0111\u1eb7t. V\u1edbi chu k\u1ef3 t\u1ed1i \u0111a 28 l\u1ea7n B\u1eadt\/T\u1eaft \u0111\u01b0\u1ee3c l\u1eb7p l\u1ea1i h\u00e0ng tu\u1ea7n hay t\u1eebng ng\u00e0y theo nhu c\u1ea7u ng\u01b0\u1eddi d\u00f9ng, th\u1eddi [&hellip;]<\/p>","protected":false},"featured_media":28160,"comment_status":"open","ping_status":"closed","template":"","meta":{"_yoast_wpseo_focuskw":"c\u00f4ng t\u1eafc h\u1eb9n gi\u1edd","_yoast_wpseo_metadesc":"C\u00f4ng t\u1eafc h\u1eb9n gi\u1edd TS17S c\u00f3 28 chu k\u1ef3 b\u1eadt - t\u1eaft. H\u1eb9n gi\u1edd t\u1ed1i thi\u1ec3u 1s, ph\u00f9 h\u1ee3p \u1eafp \u0111\u1eb7t cho chu\u00f4ng tr\u1eddng h\u1ecdc, \u0111\u00e8n, b\u01a1m t\u1edbi c\u00e2y","_yoast_wpseo_focuskeywords":"","_yoast_wpseo_keyword_synonyms":""},"product_cat":[511,82],"product_tag":[1149,1157,1161,1150,1143,516,1153,1146,1145,963,1154,1158,518,1159,1144,1148,1156,590,559,589,1151,517,1152,1155,1160,1147],"class_list":["post-12795","product","type-product","status-publish","has-post-thumbnail","hentry","product_cat-cong-tac-hen-gio","product_cat-hen-gio","product_tag-bo-cong-tac-hen-gio","product_tag-bo-hen-gio-tuoi-cay","product_tag-bo-hen-gio-tuoi-cay-dung-pin","product_tag-bo-hen-gio-tuoi-cay-tu-dong","product_tag-cong-tac-dien-hen-gio","product_tag-cong-tac-hen-gio","product_tag-cong-tac-hen-gio-bat-tat-thiet-bi","product_tag-cong-tac-hen-gio-co","product_tag-cong-tac-hen-gio-dien-tu","product_tag-cong-tac-hen-gio-kawasan","product_tag-cong-tac-hen-gio-tat-bat","product_tag-cong-tac-hen-gio-tu-dong","product_tag-hen-gio-dien-tu","product_tag-hen-gio-kawasan","product_tag-hen-gio-tuoi","product_tag-hen-gio-tuoi-cay","product_tag-kawasan-timer","product_tag-o-cam-dien-hen-gio","product_tag-o-cam-hen-gio","product_tag-o-cam-hen-gio-dien-tu","product_tag-o-cam-hen-gio-kawasan","product_tag-timer-hen-gio","product_tag-timer-hen-gio-tuoi-cay","product_tag-timer-kawasan","product_tag-van-hen-gio-tuoi-cay","product_tag-van-tuoi-nuoc-hen-gio"],"acf":[],"yoast_head":"<!-- This site is optimized with the Yoast SEO Premium plugin v24.9 (Yoast SEO v24.9) - https:\/\/yoast.com\/wordpress\/plugins\/seo\/ -->\n<title>C\u00f4ng T\u1eafc H\u1eb9n Gi\u1edd K\u1ef9 Thu\u1eadt S\u1ed1 TS17S - Kawasan<\/title>\n<meta name=\"description\" content=\"C\u00f4ng t\u1eafc h\u1eb9n gi\u1edd TS17S c\u00f3 28 chu k\u1ef3 b\u1eadt - t\u1eaft. H\u1eb9n gi\u1edd t\u1ed1i thi\u1ec3u 1s, ph\u00f9 h\u1ee3p \u1eafp \u0111\u1eb7t cho chu\u00f4ng tr\u1eddng h\u1ecdc, \u0111\u00e8n, b\u01a1m t\u1edbi c\u00e2y\" \/>\n<meta name=\"robots\" content=\"index, follow, max-snippet:-1, max-image-preview:large, max-video-preview:-1\" \/>\n<link rel=\"canonical\" href=\"https:\/\/kawasan.vn\/en\/product\/cong-tac-hen-gio-ky-thuat-so-ts17s\/\" \/>\n<meta property=\"og:locale\" content=\"en_US\" \/>\n<meta property=\"og:type\" content=\"article\" \/>\n<meta property=\"og:title\" content=\"C\u00f4ng T\u1eafc H\u1eb9n Gi\u1edd K\u1ef9 Thu\u1eadt S\u1ed1 TS17S\" \/>\n<meta property=\"og:description\" content=\"C\u00f4ng t\u1eafc h\u1eb9n gi\u1edd TS17S c\u00f3 28 chu k\u1ef3 b\u1eadt - t\u1eaft. H\u1eb9n gi\u1edd t\u1ed1i thi\u1ec3u 1s, ph\u00f9 h\u1ee3p \u1eafp \u0111\u1eb7t cho chu\u00f4ng tr\u1eddng h\u1ecdc, \u0111\u00e8n, b\u01a1m t\u1edbi c\u00e2y\" \/>\n<meta property=\"og:url\" content=\"https:\/\/kawasan.vn\/en\/product\/cong-tac-hen-gio-ky-thuat-so-ts17s\/\" \/>\n<meta property=\"og:site_name\" content=\"Kawasan\" \/>\n<meta property=\"article:modified_time\" content=\"2025-12-09T02:23:05+00:00\" \/>\n<meta property=\"og:image\" content=\"https:\/\/kawasan.vn\/wp-content\/uploads\/2023\/11\/TS17S-1.png\" \/>\n\t<meta property=\"og:image:width\" content=\"900\" \/>\n\t<meta property=\"og:image:height\" content=\"900\" \/>\n\t<meta property=\"og:image:type\" content=\"image\/png\" \/>\n<meta name=\"twitter:card\" content=\"summary_large_image\" \/>\n<meta name=\"twitter:label1\" content=\"Est. reading time\" \/>\n\t<meta name=\"twitter:data1\" content=\"4 minutes\" \/>\n<script type=\"application\/ld+json\" class=\"yoast-schema-graph\">{\"@context\":\"https:\/\/schema.org\",\"@graph\":[{\"@type\":\"WebPage\",\"@id\":\"https:\/\/kawasan.vn\/san-pham\/cong-tac-hen-gio-ky-thuat-so-ts17s\/\",\"url\":\"https:\/\/kawasan.vn\/san-pham\/cong-tac-hen-gio-ky-thuat-so-ts17s\/\",\"name\":\"C\u00f4ng T\u1eafc H\u1eb9n Gi\u1edd K\u1ef9 Thu\u1eadt S\u1ed1 TS17S - Kawasan\",\"isPartOf\":{\"@id\":\"https:\/\/kawasan.vn\/#website\"},\"primaryImageOfPage\":{\"@id\":\"https:\/\/kawasan.vn\/san-pham\/cong-tac-hen-gio-ky-thuat-so-ts17s\/#primaryimage\"},\"image\":{\"@id\":\"https:\/\/kawasan.vn\/san-pham\/cong-tac-hen-gio-ky-thuat-so-ts17s\/#primaryimage\"},\"thumbnailUrl\":\"https:\/\/kawasan.vn\/wp-content\/uploads\/2023\/11\/TS17S-1.png\",\"datePublished\":\"2023-11-19T04:39:18+00:00\",\"dateModified\":\"2025-12-09T02:23:05+00:00\",\"description\":\"C\u00f4ng t\u1eafc h\u1eb9n gi\u1edd TS17S c\u00f3 28 chu k\u1ef3 b\u1eadt - t\u1eaft. H\u1eb9n gi\u1edd t\u1ed1i thi\u1ec3u 1s, ph\u00f9 h\u1ee3p \u1eafp \u0111\u1eb7t cho chu\u00f4ng tr\u1eddng h\u1ecdc, \u0111\u00e8n, b\u01a1m t\u1edbi c\u00e2y\",\"breadcrumb\":{\"@id\":\"https:\/\/kawasan.vn\/san-pham\/cong-tac-hen-gio-ky-thuat-so-ts17s\/#breadcrumb\"},\"inLanguage\":\"en-US\",\"potentialAction\":[{\"@type\":\"ReadAction\",\"target\":[\"https:\/\/kawasan.vn\/san-pham\/cong-tac-hen-gio-ky-thuat-so-ts17s\/\"]}]},{\"@type\":\"ImageObject\",\"inLanguage\":\"en-US\",\"@id\":\"https:\/\/kawasan.vn\/san-pham\/cong-tac-hen-gio-ky-thuat-so-ts17s\/#primaryimage\",\"url\":\"https:\/\/kawasan.vn\/wp-content\/uploads\/2023\/11\/TS17S-1.png\",\"contentUrl\":\"https:\/\/kawasan.vn\/wp-content\/uploads\/2023\/11\/TS17S-1.png\",\"width\":900,\"height\":900},{\"@type\":\"BreadcrumbList\",\"@id\":\"https:\/\/kawasan.vn\/san-pham\/cong-tac-hen-gio-ky-thuat-so-ts17s\/#breadcrumb\",\"itemListElement\":[{\"@type\":\"ListItem\",\"position\":1,\"name\":\"Trang ch\u1ee7\",\"item\":\"https:\/\/kawasan.vn\/\"},{\"@type\":\"ListItem\",\"position\":2,\"name\":\"S\u1ea3n ph\u1ea9m\",\"item\":\"https:\/\/kawasan.vn\/san-pham\/\"},{\"@type\":\"ListItem\",\"position\":3,\"name\":\"C\u00f4ng T\u1eafc H\u1eb9n Gi\u1edd K\u1ef9 Thu\u1eadt S\u1ed1 TS17S\"}]},{\"@type\":\"WebSite\",\"@id\":\"https:\/\/kawasan.vn\/#website\",\"url\":\"https:\/\/kawasan.vn\/\",\"name\":\"Kawasan\",\"description\":\"\",\"potentialAction\":[{\"@type\":\"SearchAction\",\"target\":{\"@type\":\"EntryPoint\",\"urlTemplate\":\"https:\/\/kawasan.vn\/?s={search_term_string}\"},\"query-input\":{\"@type\":\"PropertyValueSpecification\",\"valueRequired\":true,\"valueName\":\"search_term_string\"}}],\"inLanguage\":\"en-US\"}]}<\/script>\n<!-- \/ Yoast SEO Premium plugin. -->","yoast_head_json":{"title":"C\u00f4ng T\u1eafc H\u1eb9n Gi\u1edd K\u1ef9 Thu\u1eadt S\u1ed1 TS17S - Kawasan","description":"C\u00f4ng t\u1eafc h\u1eb9n gi\u1edd TS17S c\u00f3 28 chu k\u1ef3 b\u1eadt - t\u1eaft. H\u1eb9n gi\u1edd t\u1ed1i thi\u1ec3u 1s, ph\u00f9 h\u1ee3p \u1eafp \u0111\u1eb7t cho chu\u00f4ng tr\u1eddng h\u1ecdc, \u0111\u00e8n, b\u01a1m t\u1edbi c\u00e2y","robots":{"index":"index","follow":"follow","max-snippet":"max-snippet:-1","max-image-preview":"max-image-preview:large","max-video-preview":"max-video-preview:-1"},"canonical":"https:\/\/kawasan.vn\/en\/product\/cong-tac-hen-gio-ky-thuat-so-ts17s\/","og_locale":"en_US","og_type":"article","og_title":"C\u00f4ng T\u1eafc H\u1eb9n Gi\u1edd K\u1ef9 Thu\u1eadt S\u1ed1 TS17S","og_description":"C\u00f4ng t\u1eafc h\u1eb9n gi\u1edd TS17S c\u00f3 28 chu k\u1ef3 b\u1eadt - t\u1eaft. H\u1eb9n gi\u1edd t\u1ed1i thi\u1ec3u 1s, ph\u00f9 h\u1ee3p \u1eafp \u0111\u1eb7t cho chu\u00f4ng tr\u1eddng h\u1ecdc, \u0111\u00e8n, b\u01a1m t\u1edbi c\u00e2y","og_url":"https:\/\/kawasan.vn\/en\/product\/cong-tac-hen-gio-ky-thuat-so-ts17s\/","og_site_name":"Kawasan","article_modified_time":"2025-12-09T02:23:05+00:00","og_image":[{"width":900,"height":900,"url":"https:\/\/kawasan.vn\/wp-content\/uploads\/2023\/11\/TS17S-1.png","type":"image\/png"}],"twitter_card":"summary_large_image","twitter_misc":{"Est. reading time":"4 minutes"},"schema":{"@context":"https:\/\/schema.org","@graph":[{"@type":"WebPage","@id":"https:\/\/kawasan.vn\/san-pham\/cong-tac-hen-gio-ky-thuat-so-ts17s\/","url":"https:\/\/kawasan.vn\/san-pham\/cong-tac-hen-gio-ky-thuat-so-ts17s\/","name":"C\u00f4ng T\u1eafc H\u1eb9n Gi\u1edd K\u1ef9 Thu\u1eadt S\u1ed1 TS17S - Kawasan","isPartOf":{"@id":"https:\/\/kawasan.vn\/#website"},"primaryImageOfPage":{"@id":"https:\/\/kawasan.vn\/san-pham\/cong-tac-hen-gio-ky-thuat-so-ts17s\/#primaryimage"},"image":{"@id":"https:\/\/kawasan.vn\/san-pham\/cong-tac-hen-gio-ky-thuat-so-ts17s\/#primaryimage"},"thumbnailUrl":"https:\/\/kawasan.vn\/wp-content\/uploads\/2023\/11\/TS17S-1.png","datePublished":"2023-11-19T04:39:18+00:00","dateModified":"2025-12-09T02:23:05+00:00","description":"C\u00f4ng t\u1eafc h\u1eb9n gi\u1edd TS17S c\u00f3 28 chu k\u1ef3 b\u1eadt - t\u1eaft. H\u1eb9n gi\u1edd t\u1ed1i thi\u1ec3u 1s, ph\u00f9 h\u1ee3p \u1eafp \u0111\u1eb7t cho chu\u00f4ng tr\u1eddng h\u1ecdc, \u0111\u00e8n, b\u01a1m t\u1edbi c\u00e2y","breadcrumb":{"@id":"https:\/\/kawasan.vn\/san-pham\/cong-tac-hen-gio-ky-thuat-so-ts17s\/#breadcrumb"},"inLanguage":"en-US","potentialAction":[{"@type":"ReadAction","target":["https:\/\/kawasan.vn\/san-pham\/cong-tac-hen-gio-ky-thuat-so-ts17s\/"]}]},{"@type":"ImageObject","inLanguage":"en-US","@id":"https:\/\/kawasan.vn\/san-pham\/cong-tac-hen-gio-ky-thuat-so-ts17s\/#primaryimage","url":"https:\/\/kawasan.vn\/wp-content\/uploads\/2023\/11\/TS17S-1.png","contentUrl":"https:\/\/kawasan.vn\/wp-content\/uploads\/2023\/11\/TS17S-1.png","width":900,"height":900},{"@type":"BreadcrumbList","@id":"https:\/\/kawasan.vn\/san-pham\/cong-tac-hen-gio-ky-thuat-so-ts17s\/#breadcrumb","itemListElement":[{"@type":"ListItem","position":1,"name":"Trang ch\u1ee7","item":"https:\/\/kawasan.vn\/"},{"@type":"ListItem","position":2,"name":"S\u1ea3n ph\u1ea9m","item":"https:\/\/kawasan.vn\/san-pham\/"},{"@type":"ListItem","position":3,"name":"C\u00f4ng T\u1eafc H\u1eb9n Gi\u1edd K\u1ef9 Thu\u1eadt S\u1ed1 TS17S"}]},{"@type":"WebSite","@id":"https:\/\/kawasan.vn\/#website","url":"https:\/\/kawasan.vn\/","name":"Kawasan","description":"","potentialAction":[{"@type":"SearchAction","target":{"@type":"EntryPoint","urlTemplate":"https:\/\/kawasan.vn\/?s={search_term_string}"},"query-input":{"@type":"PropertyValueSpecification","valueRequired":true,"valueName":"search_term_string"}}],"inLanguage":"en-US"}]}},"_links":{"self":[{"href":"https:\/\/kawasan.vn\/en\/wp-json\/wp\/v2\/product\/12795","targetHints":{"allow":["GET"]}}],"collection":[{"href":"https:\/\/kawasan.vn\/en\/wp-json\/wp\/v2\/product"}],"about":[{"href":"https:\/\/kawasan.vn\/en\/wp-json\/wp\/v2\/types\/product"}],"replies":[{"embeddable":true,"href":"https:\/\/kawasan.vn\/en\/wp-json\/wp\/v2\/comments?post=12795"}],"version-history":[{"count":5,"href":"https:\/\/kawasan.vn\/en\/wp-json\/wp\/v2\/product\/12795\/revisions"}],"predecessor-version":[{"id":27686,"href":"https:\/\/kawasan.vn\/en\/wp-json\/wp\/v2\/product\/12795\/revisions\/27686"}],"wp:featuredmedia":[{"embeddable":true,"href":"https:\/\/kawasan.vn\/en\/wp-json\/wp\/v2\/media\/28160"}],"wp:attachment":[{"href":"https:\/\/kawasan.vn\/en\/wp-json\/wp\/v2\/media?parent=12795"}],"wp:term":[{"taxonomy":"product_cat","embeddable":true,"href":"https:\/\/kawasan.vn\/en\/wp-json\/wp\/v2\/product_cat?post=12795"},{"taxonomy":"product_tag","embeddable":true,"href":"https:\/\/kawasan.vn\/en\/wp-json\/wp\/v2\/product_tag?post=12795"}],"curies":[{"name":"wp","href":"https:\/\/api.w.org\/{rel}","templated":true}]}}