{"id":12787,"date":"2023-11-19T04:28:48","date_gmt":"2023-11-19T04:28:48","guid":{"rendered":"https:\/\/kawasan.123websitedev.com\/san-pham\/cau-dao-dien-1-pha-tu-dong-dong-ngat-kcb-63-2p\/"},"modified":"2025-12-09T14:01:10","modified_gmt":"2025-12-09T07:01:10","slug":"cau-dao-dien-1-pha-tu-dong-dong-ngat-kcb-63-2p","status":"publish","type":"product","link":"https:\/\/kawasan.vn\/en\/product\/cau-dao-dien-1-pha-tu-dong-dong-ngat-kcb-63-2p\/","title":{"rendered":"Single Phase Circuit Breaker KCB-63 2P Automatic Closing"},"content":{"rendered":"<h2>C\u1ea6U DAO \u0110I\u1ec6N 1 PHA 63A KAWASAN<\/h2>\n<p>KCB-63A c\u00f3 \u0111\u1ed9 b\u1ec1n cao v\u00e0 kh\u1ea3 n\u0103ng ho\u1ea1t \u0111\u1ed9ng \u1ed5n \u0111\u1ecbnh. Gi\u00fap \u0111\u1ea3m b\u1ea3o an to\u00e0n cho ng\u01b0\u1eddi d\u00f9ng v\u00e0 h\u1ec7 th\u1ed1ng \u0111i\u1ec7n. K\u00edch th\u01b0\u1edbc nh\u1ecf g\u1ecdn v\u00e0 d\u1ec5 d\u00e0ng l\u1eafp \u0111\u1eb7t. M\u1ed9t s\u1ea3n ph\u1ea9m tuy\u1ec7t v\u1eddi v\u00e0 c\u1ea7n thi\u1ebft, \u0111\u1ec3 b\u1ea3o v\u1ec7 h\u1ec7 th\u1ed1ng \u0111i\u1ec7n c\u1ee7a b\u1ea1n. H\u00e0ng b\u1ea3o h\u00e0nh ch\u00ednh h\u00e3ng Kawasan 1 n\u0103m, \u0111\u1ed9 b\u1ec1n &gt; 5 n\u0103m.<\/p>\n<p>C\u1ea7u dao KCB-63 2P l\u00e0 c\u00f4ng t\u1eafc \u0111i\u1ec7n t\u1ef1 \u0111\u1ed9ng d\u00f9ng \u0111\u1ec3 b\u1ea3o v\u1ec7 m\u1ea1ch \u0111i\u1ec7n. Khi qu\u00e1 t\u1ea3i ho\u1eb7c ng\u1eafn m\u1ea1ch. Ch\u1ee9c n\u0103ng \u0111\u01a1n gi\u1ea3n c\u1ee7a c\u1ea7u dao, l\u00e0 d\u00f2 t\u00ecm c\u00e1c d\u00f2ng \u0111i\u1ec7n b\u1ecb l\u1ed7i v\u00e0 ng\u1eaft m\u1ea1ch \u0111i\u1ec7n. Kh\u00e1c v\u1edbi c\u1ea7u dao th\u00f4ng th\u01b0\u1eddng, c\u1ea7u dao KCB-63 2P th\u00f4ng minh c\u00f3 kh\u1ea3 n\u0103ng \u0111i\u1ec1u khi\u1ec3n b\u1eadt\/t\u1eaft t\u1eeb xa. C\u00f4ng su\u1ea5t ch\u1ecbu t\u1ea3i l\u1edbn c\u00f3 th\u1ec3 ch\u1ecbu d\u00f2ng 63A \u1ee9ng d\u1ee5ng b\u1eadt t\u1eaft \u0111i\u1ec7n cho c\u1ea3 1 t\u1ea7ng nh\u00e0 ho\u1eb7c c\u1ea3 t\u00f2a nh\u00e0 t\u00f9y v\u00e0o nhu c\u1ea7u s\u1eed d\u1ee5ng. Ph\u1ea3n h\u1ed3i tr\u1ea1ng th\u00e1i gi\u00fap gi\u00e1m s\u00e1t t\u00ecnh tr\u1ea1ng b\u1eadt\/t\u1eaft c\u1ee7a ph\u1ee5 t\u1ea3i th\u00f4ng qua \u0111i\u1ec7n tho\u1ea1i. T\u1eaft ho\u1eb7c m\u1edf ngu\u1ed3n \u0111i\u1ec7n \u1edf xa nh\u00e0, gi\u00fap t\u1ef1 tin h\u01a1n v\u1ec1 vi\u1ec7c t\u1eaft m\u1edf, gi\u00e1m s\u00e1t ngu\u1ed3n \u0111i\u1ec7n gia \u0111\u00ecnh khi \u1edf xa&#8230;<\/p>\n<h2 id=\"listto-3\"><span style=\"font-size: 24px;\">\u1ee8NG D\u1ee4NG C\u1ee6A C\u1ea6U DAO T\u1ef0 \u0110\u1ed8NG KCB T\u00c9P 2 C\u1ef0C<\/span><\/h2>\n<ul>\n<li>T\u1ef1 \u0111\u1ed9ng \u1ee9ng d\u1ee5ng r\u1ed9ng r\u00e3i trong c\u00e1c l\u0129nh v\u1ef1c nh\u01b0: ng\u00e0nh \u0111i\u1ec7n, t\u1ee7 b\u1ea3ng \u0111i\u1ec7n, t\u1ef1 \u0111\u1ed9ng h\u00f3a&#8230;.<\/li>\n<li>Aptomat KCB-63A -2P ph\u00f9 h\u1ee3p l\u1eafp cho c\u00e1c c\u00f4ng tr\u00ecnh x\u00e2y d\u1ef1ng, v\u0103n ph\u00f2ng, nh\u00e0 m\u00e1y, kho x\u01b0\u1edfng, kh\u00e1ch s\u1ea1n, trung t\u00e2m th\u01b0\u01a1ng m\u1ea1i&#8230;<\/li>\n<li>\u1ee8ng d\u1ee5ng l\u1eafp cho c\u00e1c t\u1ee7 <a href=\"https:\/\/kawasan.com.vn\/san-pham.html\/cong-tac-dieu-khien-tu-xa.html\/cong-tac-dieu-khien-tu-xa-bang-remote.html\" target=\"_blank\" rel=\"noopener\">\u0111i\u1ec1u khi\u1ec3n t\u1eeb xa,<\/a> h\u1eb9n gi\u1edd c\u00f4ng su\u1ea5t l\u1edbn<\/li>\n<\/ul>\n<figure id=\"attachment_16889\" aria-describedby=\"caption-attachment-16889\" style=\"width: 800px\" class=\"wp-caption aligncenter\"><img loading=\"lazy\" decoding=\"async\" class=\"wp-image-16889 size-full\" title=\"C\u1ea7u dao \u0111i\u1ec7n 1 pha 63A\" src=\"https:\/\/kawasan.vn\/wp-content\/uploads\/2023\/11\/cau-dao-dien-kcb-63.png\" alt=\"C\u1ea7u dao \u0111i\u1ec7n 1 pha 63A\" width=\"800\" height=\"800\" srcset=\"https:\/\/kawasan.vn\/wp-content\/uploads\/2023\/11\/cau-dao-dien-kcb-63.png 800w, https:\/\/kawasan.vn\/wp-content\/uploads\/2023\/11\/cau-dao-dien-kcb-63-768x768.png 768w, https:\/\/kawasan.vn\/wp-content\/uploads\/2023\/11\/cau-dao-dien-kcb-63-640x640.png 640w, https:\/\/kawasan.vn\/wp-content\/uploads\/2023\/11\/cau-dao-dien-kcb-63-400x400.png 400w\" sizes=\"auto, (max-width: 800px) 100vw, 800px\" \/><figcaption id=\"caption-attachment-16889\" class=\"wp-caption-text\">C\u1ea7u dao \u0111i\u1ec7n 1 pha 63A<\/figcaption><\/figure>\n<p style=\"text-align: center;\"><a href=\"https:\/\/kawasan.vn\/en\/product-category\/hen-gio\/\"><strong>Tham Kha\u0309o Th\u00eam Ca\u0301c Sa\u0309n Ph\u00e2\u0309m Li\u00ean Quan KAWASAN<\/strong><\/a><\/p>","protected":false},"excerpt":{"rendered":"<p>C\u1ea6U DAO \u0110I\u1ec6N 1 PHA 63A KAWASAN KCB-63A c\u00f3 \u0111\u1ed9 b\u1ec1n cao v\u00e0 kh\u1ea3 n\u0103ng ho\u1ea1t \u0111\u1ed9ng \u1ed5n \u0111\u1ecbnh. Gi\u00fap \u0111\u1ea3m b\u1ea3o an to\u00e0n cho ng\u01b0\u1eddi d\u00f9ng v\u00e0 h\u1ec7 th\u1ed1ng \u0111i\u1ec7n. K\u00edch th\u01b0\u1edbc nh\u1ecf g\u1ecdn v\u00e0 d\u1ec5 d\u00e0ng l\u1eafp \u0111\u1eb7t. M\u1ed9t s\u1ea3n ph\u1ea9m tuy\u1ec7t v\u1eddi v\u00e0 c\u1ea7n thi\u1ebft, \u0111\u1ec3 b\u1ea3o v\u1ec7 h\u1ec7 th\u1ed1ng \u0111i\u1ec7n c\u1ee7a [&hellip;]<\/p>","protected":false},"featured_media":16888,"comment_status":"open","ping_status":"closed","template":"","meta":{"_yoast_wpseo_focuskw":"C\u1ea7u dao \u0111i\u1ec7n","_yoast_wpseo_metadesc":"C\u1ea7u Dao \u0110i\u1ec7n 1 Pha 63A Kawasan, t\u1ef1 ng\u1eaft m\u1ea1ch \u0111i\u1ec7n khi qu\u00e1 t\u1ea3i. \u0110\u1ea3m b\u1ea3o an to\u00e0n cho h\u1ec7 th\u1ed1ng \u0111i\u1ec7n c\u00f4ng su\u1ea5t l\u1edbn ho\u1ea1t \u0111\u1ed9ng \u1ed5n \u0111\u1ecbnh","_yoast_wpseo_focuskeywords":"","_yoast_wpseo_keyword_synonyms":""},"product_cat":[507,63],"product_tag":[1138,1248,1135,519,729,915,916,914,520,941,1136,1140,1133,823,730,1139,1134,1137,1131,1132,1249,1250,1142,1141],"class_list":["post-12787","product","type-product","status-publish","has-post-thumbnail","hentry","product_cat-cau-dao-dien-aptomat","product_cat-cong-tac-dieu-khien-tu-xa","product_tag-bo-cong-tac-dieu-khien-tu-xa","product_tag-bo-cong-tac-dieu-khien-tu-xa-co-hen-gio","product_tag-bo-dieu-khien-may-bom-tu-xa","product_tag-cau-dao-dien","product_tag-cau-dao-dien-1-pha","product_tag-cau-dao-dien-thong-minh","product_tag-cau-dao-dien-tu-dong","product_tag-cau-dao-kawasan","product_tag-cau-dao-tu-dong-ngat","product_tag-cong-tac-den-dieu-khien-tu-xa","product_tag-cong-tac-dien-dieu-khien-tu-xa","product_tag-cong-tac-dien-dieu-khien-tu-xa-bang-dien-thoai","product_tag-cong-tac-dien-dieu-khien-tu-xa-bang-remote","product_tag-cong-tac-dieu-khien","product_tag-cong-tac-dieu-khien-tu-xa","product_tag-cong-tac-dieu-khien-tu-xa-12v","product_tag-cong-tac-dieu-khien-tu-xa-220v","product_tag-cong-tac-dieu-khien-tu-xa-bang-dien-thoai","product_tag-cong-tac-dieu-khien-tu-xa-qua-wifi","product_tag-cong-tac-dieu-khien-tu-xa-qua-wifi-3g","product_tag-cong-tac-hen-gio-dieu-khien-tu-xa","product_tag-cong-tac-hen-gio-tu-dong-bat-tat","product_tag-cong-tac-thong-minh-dieu-khien-tu-xa","product_tag-hat-cong-tac-dieu-khien-tu-xa"],"acf":[],"yoast_head":"<!-- This site is optimized with the Yoast SEO Premium plugin v24.9 (Yoast SEO v24.9) - https:\/\/yoast.com\/wordpress\/plugins\/seo\/ -->\n<title>C\u1ea7u Dao \u0110i\u1ec7n 1 Pha T\u1ef1 \u0110\u1ed9ng \u0110\u00f3ng Ng\u1eaft KCB-63 2P - Kawasan<\/title>\n<meta name=\"description\" content=\"C\u1ea7u Dao \u0110i\u1ec7n 1 Pha 63A Kawasan, t\u1ef1 ng\u1eaft m\u1ea1ch \u0111i\u1ec7n khi qu\u00e1 t\u1ea3i. \u0110\u1ea3m b\u1ea3o an to\u00e0n cho h\u1ec7 th\u1ed1ng \u0111i\u1ec7n c\u00f4ng su\u1ea5t l\u1edbn ho\u1ea1t \u0111\u1ed9ng \u1ed5n \u0111\u1ecbnh\" \/>\n<meta name=\"robots\" content=\"index, follow, max-snippet:-1, max-image-preview:large, max-video-preview:-1\" \/>\n<link rel=\"canonical\" href=\"https:\/\/kawasan.vn\/en\/product\/cau-dao-dien-1-pha-tu-dong-dong-ngat-kcb-63-2p\/\" \/>\n<meta property=\"og:locale\" content=\"en_US\" \/>\n<meta property=\"og:type\" content=\"article\" \/>\n<meta property=\"og:title\" content=\"C\u1ea7u Dao \u0110i\u1ec7n 1 Pha T\u1ef1 \u0110\u1ed9ng \u0110\u00f3ng Ng\u1eaft KCB-63 2P\" \/>\n<meta property=\"og:description\" content=\"C\u1ea7u Dao \u0110i\u1ec7n 1 Pha 63A Kawasan, t\u1ef1 ng\u1eaft m\u1ea1ch \u0111i\u1ec7n khi qu\u00e1 t\u1ea3i. \u0110\u1ea3m b\u1ea3o an to\u00e0n cho h\u1ec7 th\u1ed1ng \u0111i\u1ec7n c\u00f4ng su\u1ea5t l\u1edbn ho\u1ea1t \u0111\u1ed9ng \u1ed5n \u0111\u1ecbnh\" \/>\n<meta property=\"og:url\" content=\"https:\/\/kawasan.vn\/en\/product\/cau-dao-dien-1-pha-tu-dong-dong-ngat-kcb-63-2p\/\" \/>\n<meta property=\"og:site_name\" content=\"Kawasan\" \/>\n<meta property=\"article:modified_time\" content=\"2025-12-09T07:01:10+00:00\" \/>\n<meta property=\"og:image\" content=\"https:\/\/kawasan.vn\/wp-content\/uploads\/2023\/11\/cau-dao-dien-63-600x600-1.png\" \/>\n\t<meta property=\"og:image:width\" content=\"600\" \/>\n\t<meta property=\"og:image:height\" content=\"600\" \/>\n\t<meta property=\"og:image:type\" content=\"image\/png\" \/>\n<meta name=\"twitter:card\" content=\"summary_large_image\" \/>\n<meta name=\"twitter:label1\" content=\"Est. reading time\" \/>\n\t<meta name=\"twitter:data1\" content=\"2 minutes\" \/>\n<script type=\"application\/ld+json\" class=\"yoast-schema-graph\">{\"@context\":\"https:\/\/schema.org\",\"@graph\":[{\"@type\":\"WebPage\",\"@id\":\"https:\/\/kawasan.vn\/san-pham\/cau-dao-dien-1-pha-tu-dong-dong-ngat-kcb-63-2p\/\",\"url\":\"https:\/\/kawasan.vn\/san-pham\/cau-dao-dien-1-pha-tu-dong-dong-ngat-kcb-63-2p\/\",\"name\":\"C\u1ea7u Dao \u0110i\u1ec7n 1 Pha T\u1ef1 \u0110\u1ed9ng \u0110\u00f3ng Ng\u1eaft KCB-63 2P - Kawasan\",\"isPartOf\":{\"@id\":\"https:\/\/kawasan.vn\/#website\"},\"primaryImageOfPage\":{\"@id\":\"https:\/\/kawasan.vn\/san-pham\/cau-dao-dien-1-pha-tu-dong-dong-ngat-kcb-63-2p\/#primaryimage\"},\"image\":{\"@id\":\"https:\/\/kawasan.vn\/san-pham\/cau-dao-dien-1-pha-tu-dong-dong-ngat-kcb-63-2p\/#primaryimage\"},\"thumbnailUrl\":\"https:\/\/kawasan.vn\/wp-content\/uploads\/2023\/11\/cau-dao-dien-63-600x600-1.png\",\"datePublished\":\"2023-11-19T04:28:48+00:00\",\"dateModified\":\"2025-12-09T07:01:10+00:00\",\"description\":\"C\u1ea7u Dao \u0110i\u1ec7n 1 Pha 63A Kawasan, t\u1ef1 ng\u1eaft m\u1ea1ch \u0111i\u1ec7n khi qu\u00e1 t\u1ea3i. \u0110\u1ea3m b\u1ea3o an to\u00e0n cho h\u1ec7 th\u1ed1ng \u0111i\u1ec7n c\u00f4ng su\u1ea5t l\u1edbn ho\u1ea1t \u0111\u1ed9ng \u1ed5n \u0111\u1ecbnh\",\"breadcrumb\":{\"@id\":\"https:\/\/kawasan.vn\/san-pham\/cau-dao-dien-1-pha-tu-dong-dong-ngat-kcb-63-2p\/#breadcrumb\"},\"inLanguage\":\"en-US\",\"potentialAction\":[{\"@type\":\"ReadAction\",\"target\":[\"https:\/\/kawasan.vn\/san-pham\/cau-dao-dien-1-pha-tu-dong-dong-ngat-kcb-63-2p\/\"]}]},{\"@type\":\"ImageObject\",\"inLanguage\":\"en-US\",\"@id\":\"https:\/\/kawasan.vn\/san-pham\/cau-dao-dien-1-pha-tu-dong-dong-ngat-kcb-63-2p\/#primaryimage\",\"url\":\"https:\/\/kawasan.vn\/wp-content\/uploads\/2023\/11\/cau-dao-dien-63-600x600-1.png\",\"contentUrl\":\"https:\/\/kawasan.vn\/wp-content\/uploads\/2023\/11\/cau-dao-dien-63-600x600-1.png\",\"width\":600,\"height\":600},{\"@type\":\"BreadcrumbList\",\"@id\":\"https:\/\/kawasan.vn\/san-pham\/cau-dao-dien-1-pha-tu-dong-dong-ngat-kcb-63-2p\/#breadcrumb\",\"itemListElement\":[{\"@type\":\"ListItem\",\"position\":1,\"name\":\"Trang ch\u1ee7\",\"item\":\"https:\/\/kawasan.vn\/\"},{\"@type\":\"ListItem\",\"position\":2,\"name\":\"S\u1ea3n ph\u1ea9m\",\"item\":\"https:\/\/kawasan.vn\/san-pham\/\"},{\"@type\":\"ListItem\",\"position\":3,\"name\":\"C\u1ea7u Dao \u0110i\u1ec7n 1 Pha T\u1ef1 \u0110\u1ed9ng \u0110\u00f3ng Ng\u1eaft KCB-63 2P\"}]},{\"@type\":\"WebSite\",\"@id\":\"https:\/\/kawasan.vn\/#website\",\"url\":\"https:\/\/kawasan.vn\/\",\"name\":\"Kawasan\",\"description\":\"\",\"potentialAction\":[{\"@type\":\"SearchAction\",\"target\":{\"@type\":\"EntryPoint\",\"urlTemplate\":\"https:\/\/kawasan.vn\/?s={search_term_string}\"},\"query-input\":{\"@type\":\"PropertyValueSpecification\",\"valueRequired\":true,\"valueName\":\"search_term_string\"}}],\"inLanguage\":\"en-US\"}]}<\/script>\n<!-- \/ Yoast SEO Premium plugin. -->","yoast_head_json":{"title":"C\u1ea7u Dao \u0110i\u1ec7n 1 Pha T\u1ef1 \u0110\u1ed9ng \u0110\u00f3ng Ng\u1eaft KCB-63 2P - Kawasan","description":"C\u1ea7u Dao \u0110i\u1ec7n 1 Pha 63A Kawasan, t\u1ef1 ng\u1eaft m\u1ea1ch \u0111i\u1ec7n khi qu\u00e1 t\u1ea3i. \u0110\u1ea3m b\u1ea3o an to\u00e0n cho h\u1ec7 th\u1ed1ng \u0111i\u1ec7n c\u00f4ng su\u1ea5t l\u1edbn ho\u1ea1t \u0111\u1ed9ng \u1ed5n \u0111\u1ecbnh","robots":{"index":"index","follow":"follow","max-snippet":"max-snippet:-1","max-image-preview":"max-image-preview:large","max-video-preview":"max-video-preview:-1"},"canonical":"https:\/\/kawasan.vn\/en\/product\/cau-dao-dien-1-pha-tu-dong-dong-ngat-kcb-63-2p\/","og_locale":"en_US","og_type":"article","og_title":"C\u1ea7u Dao \u0110i\u1ec7n 1 Pha T\u1ef1 \u0110\u1ed9ng \u0110\u00f3ng Ng\u1eaft KCB-63 2P","og_description":"C\u1ea7u Dao \u0110i\u1ec7n 1 Pha 63A Kawasan, t\u1ef1 ng\u1eaft m\u1ea1ch \u0111i\u1ec7n khi qu\u00e1 t\u1ea3i. \u0110\u1ea3m b\u1ea3o an to\u00e0n cho h\u1ec7 th\u1ed1ng \u0111i\u1ec7n c\u00f4ng su\u1ea5t l\u1edbn ho\u1ea1t \u0111\u1ed9ng \u1ed5n \u0111\u1ecbnh","og_url":"https:\/\/kawasan.vn\/en\/product\/cau-dao-dien-1-pha-tu-dong-dong-ngat-kcb-63-2p\/","og_site_name":"Kawasan","article_modified_time":"2025-12-09T07:01:10+00:00","og_image":[{"width":600,"height":600,"url":"https:\/\/kawasan.vn\/wp-content\/uploads\/2023\/11\/cau-dao-dien-63-600x600-1.png","type":"image\/png"}],"twitter_card":"summary_large_image","twitter_misc":{"Est. reading time":"2 minutes"},"schema":{"@context":"https:\/\/schema.org","@graph":[{"@type":"WebPage","@id":"https:\/\/kawasan.vn\/san-pham\/cau-dao-dien-1-pha-tu-dong-dong-ngat-kcb-63-2p\/","url":"https:\/\/kawasan.vn\/san-pham\/cau-dao-dien-1-pha-tu-dong-dong-ngat-kcb-63-2p\/","name":"C\u1ea7u Dao \u0110i\u1ec7n 1 Pha T\u1ef1 \u0110\u1ed9ng \u0110\u00f3ng Ng\u1eaft KCB-63 2P - Kawasan","isPartOf":{"@id":"https:\/\/kawasan.vn\/#website"},"primaryImageOfPage":{"@id":"https:\/\/kawasan.vn\/san-pham\/cau-dao-dien-1-pha-tu-dong-dong-ngat-kcb-63-2p\/#primaryimage"},"image":{"@id":"https:\/\/kawasan.vn\/san-pham\/cau-dao-dien-1-pha-tu-dong-dong-ngat-kcb-63-2p\/#primaryimage"},"thumbnailUrl":"https:\/\/kawasan.vn\/wp-content\/uploads\/2023\/11\/cau-dao-dien-63-600x600-1.png","datePublished":"2023-11-19T04:28:48+00:00","dateModified":"2025-12-09T07:01:10+00:00","description":"C\u1ea7u Dao \u0110i\u1ec7n 1 Pha 63A Kawasan, t\u1ef1 ng\u1eaft m\u1ea1ch \u0111i\u1ec7n khi qu\u00e1 t\u1ea3i. \u0110\u1ea3m b\u1ea3o an to\u00e0n cho h\u1ec7 th\u1ed1ng \u0111i\u1ec7n c\u00f4ng su\u1ea5t l\u1edbn ho\u1ea1t \u0111\u1ed9ng \u1ed5n \u0111\u1ecbnh","breadcrumb":{"@id":"https:\/\/kawasan.vn\/san-pham\/cau-dao-dien-1-pha-tu-dong-dong-ngat-kcb-63-2p\/#breadcrumb"},"inLanguage":"en-US","potentialAction":[{"@type":"ReadAction","target":["https:\/\/kawasan.vn\/san-pham\/cau-dao-dien-1-pha-tu-dong-dong-ngat-kcb-63-2p\/"]}]},{"@type":"ImageObject","inLanguage":"en-US","@id":"https:\/\/kawasan.vn\/san-pham\/cau-dao-dien-1-pha-tu-dong-dong-ngat-kcb-63-2p\/#primaryimage","url":"https:\/\/kawasan.vn\/wp-content\/uploads\/2023\/11\/cau-dao-dien-63-600x600-1.png","contentUrl":"https:\/\/kawasan.vn\/wp-content\/uploads\/2023\/11\/cau-dao-dien-63-600x600-1.png","width":600,"height":600},{"@type":"BreadcrumbList","@id":"https:\/\/kawasan.vn\/san-pham\/cau-dao-dien-1-pha-tu-dong-dong-ngat-kcb-63-2p\/#breadcrumb","itemListElement":[{"@type":"ListItem","position":1,"name":"Trang ch\u1ee7","item":"https:\/\/kawasan.vn\/"},{"@type":"ListItem","position":2,"name":"S\u1ea3n ph\u1ea9m","item":"https:\/\/kawasan.vn\/san-pham\/"},{"@type":"ListItem","position":3,"name":"C\u1ea7u Dao \u0110i\u1ec7n 1 Pha T\u1ef1 \u0110\u1ed9ng \u0110\u00f3ng Ng\u1eaft KCB-63 2P"}]},{"@type":"WebSite","@id":"https:\/\/kawasan.vn\/#website","url":"https:\/\/kawasan.vn\/","name":"Kawasan","description":"","potentialAction":[{"@type":"SearchAction","target":{"@type":"EntryPoint","urlTemplate":"https:\/\/kawasan.vn\/?s={search_term_string}"},"query-input":{"@type":"PropertyValueSpecification","valueRequired":true,"valueName":"search_term_string"}}],"inLanguage":"en-US"}]}},"_links":{"self":[{"href":"https:\/\/kawasan.vn\/en\/wp-json\/wp\/v2\/product\/12787","targetHints":{"allow":["GET"]}}],"collection":[{"href":"https:\/\/kawasan.vn\/en\/wp-json\/wp\/v2\/product"}],"about":[{"href":"https:\/\/kawasan.vn\/en\/wp-json\/wp\/v2\/types\/product"}],"replies":[{"embeddable":true,"href":"https:\/\/kawasan.vn\/en\/wp-json\/wp\/v2\/comments?post=12787"}],"version-history":[{"count":4,"href":"https:\/\/kawasan.vn\/en\/wp-json\/wp\/v2\/product\/12787\/revisions"}],"predecessor-version":[{"id":21373,"href":"https:\/\/kawasan.vn\/en\/wp-json\/wp\/v2\/product\/12787\/revisions\/21373"}],"wp:featuredmedia":[{"embeddable":true,"href":"https:\/\/kawasan.vn\/en\/wp-json\/wp\/v2\/media\/16888"}],"wp:attachment":[{"href":"https:\/\/kawasan.vn\/en\/wp-json\/wp\/v2\/media?parent=12787"}],"wp:term":[{"taxonomy":"product_cat","embeddable":true,"href":"https:\/\/kawasan.vn\/en\/wp-json\/wp\/v2\/product_cat?post=12787"},{"taxonomy":"product_tag","embeddable":true,"href":"https:\/\/kawasan.vn\/en\/wp-json\/wp\/v2\/product_tag?post=12787"}],"curies":[{"name":"wp","href":"https:\/\/api.w.org\/{rel}","templated":true}]}}