{"id":12785,"date":"2023-11-19T04:28:39","date_gmt":"2023-11-19T04:28:39","guid":{"rendered":"https:\/\/kawasan.123websitedev.com\/san-pham\/cau-dao-dien-1-pha-tu-dong-dong-ngat-kcb-40-2p\/"},"modified":"2025-12-09T14:00:36","modified_gmt":"2025-12-09T07:00:36","slug":"cau-dao-dien-1-pha-tu-dong-dong-ngat-kcb-40-2p","status":"publish","type":"product","link":"https:\/\/kawasan.vn\/en\/product\/cau-dao-dien-1-pha-tu-dong-dong-ngat-kcb-40-2p\/","title":{"rendered":"C\u1ea7u Dao \u0110i\u1ec7n KCB-40 2P 1 Pha T\u1ef1 \u0110\u1ed9ng \u0110\u00f3ng Ng\u1eaft"},"content":{"rendered":"<h2>C\u1ea7u Dao \u0110i\u1ec7n KCB-40 2P 1 Pha KAWASAN<\/h2>\n<ul>\n<li><a href=\"https:\/\/kawasan.vn\/en\/product-category\/cong-tac-dieu-khien-tu-xa\/cau-dao-dien-khoi-dong-tu\/\" target=\"_blank\" rel=\"noopener\">C\u1ea7u dao 1 pha<\/a> 2 c\u1ef1c KCB-40 2P c\u00f3 \u0111\u1ed9 b\u1ec1n cao v\u00e0 kh\u1ea3 n\u0103ng ho\u1ea1t \u0111\u1ed9ng \u1ed5n \u0111\u1ecbnh. Gi\u00fap \u0111\u1ea3m b\u1ea3o an to\u00e0n cho ng\u01b0\u1eddi d\u00f9ng v\u00e0 h\u1ec7 th\u1ed1ng \u0111i\u1ec7n.<\/li>\n<li>S\u1ea3n ph\u1ea9m C\u1ea7u Dao \u0110i\u1ec7n KCB-40 2P c\u00f3 K\u00edch th\u01b0\u1edbc nh\u1ecf g\u1ecdn v\u00e0 d\u1ec5 d\u00e0ng l\u1eafp \u0111\u1eb7t. M\u1ed9t s\u1ea3n ph\u1ea9m tuy\u1ec7t v\u1eddi v\u00e0 c\u1ea7n thi\u1ebft, \u0111\u1ec3 b\u1ea3o v\u1ec7 h\u1ec7 th\u1ed1ng \u0111i\u1ec7n c\u1ee7a b\u1ea1n.<\/li>\n<\/ul>\n<h2 id=\"listto-3\"><span style=\"font-size: 24px;\">\u1ee8ng D\u1ee5ng C\u1ee7a C\u1ea7u Dao \u0110i\u1ec7n KAWASAN<\/span><\/h2>\n<ul>\n<li>C\u1ea7u dao t\u1ef1 \u0111\u1ed9ng \u1ee9ng d\u1ee5ng r\u1ed9ng r\u00e3i trong c\u00e1c l\u0129nh v\u1ef1c nh\u01b0: ng\u00e0nh \u0111i\u1ec7n, t\u1ee7 b\u1ea3ng \u0111i\u1ec7n, t\u1ef1 \u0111\u1ed9ng h\u00f3a&#8230;.<\/li>\n<li>Aptomat KCB-40A -2P ph\u00f9 h\u1ee3p l\u1eafp cho c\u00e1c c\u00f4ng tr\u00ecnh x\u00e2y d\u1ef1ng, v\u0103n ph\u00f2ng, nh\u00e0 m\u00e1y, kho x\u01b0\u1edfng, kh\u00e1ch s\u1ea1n, trung t\u00e2m th\u01b0\u01a1ng m\u1ea1i&#8230;<\/li>\n<li>\u1ee8ng d\u1ee5ng l\u1eafp cho c\u00e1c t\u1ee7 <a href=\"https:\/\/kawasan.com.vn\/san-pham.html\/cong-tac-dieu-khien-tu-xa.html\/cong-tac-dieu-khien-tu-xa-bang-remote.html\" target=\"_blank\" rel=\"noopener\">\u0111i\u1ec1u khi\u1ec3n t\u1eeb xa,<\/a> h\u1eb9n gi\u1edd c\u00f4ng su\u1ea5t l\u1edbn<\/li>\n<\/ul>\n<figure id=\"attachment_16892\" aria-describedby=\"caption-attachment-16892\" style=\"width: 800px\" class=\"wp-caption aligncenter\"><img loading=\"lazy\" decoding=\"async\" class=\"wp-image-16892 size-full\" title=\"C\u1ea7u dao \u0111i\u1ec7n 1 pha 2 c\u1ef1c 40A\" src=\"https:\/\/kawasan.vn\/wp-content\/uploads\/2023\/11\/cau-dao-dien-kcb-40.png\" alt=\"C\u1ea7u dao \u0111i\u1ec7n 1 pha 2 c\u1ef1c 40A\" width=\"800\" height=\"800\" srcset=\"https:\/\/kawasan.vn\/wp-content\/uploads\/2023\/11\/cau-dao-dien-kcb-40.png 800w, https:\/\/kawasan.vn\/wp-content\/uploads\/2023\/11\/cau-dao-dien-kcb-40-768x768.png 768w, https:\/\/kawasan.vn\/wp-content\/uploads\/2023\/11\/cau-dao-dien-kcb-40-640x640.png 640w, https:\/\/kawasan.vn\/wp-content\/uploads\/2023\/11\/cau-dao-dien-kcb-40-400x400.png 400w\" sizes=\"auto, (max-width: 800px) 100vw, 800px\" \/><figcaption id=\"caption-attachment-16892\" class=\"wp-caption-text\">C\u1ea7u dao \u0111i\u1ec7n 1 pha 2 c\u1ef1c 40A<\/figcaption><\/figure>","protected":false},"excerpt":{"rendered":"<p>C\u1ea7u Dao \u0110i\u1ec7n KCB-40 2P 1 Pha KAWASAN C\u1ea7u dao 1 pha 2 c\u1ef1c KCB-40 2P c\u00f3 \u0111\u1ed9 b\u1ec1n cao v\u00e0 kh\u1ea3 n\u0103ng ho\u1ea1t \u0111\u1ed9ng \u1ed5n \u0111\u1ecbnh. Gi\u00fap \u0111\u1ea3m b\u1ea3o an to\u00e0n cho ng\u01b0\u1eddi d\u00f9ng v\u00e0 h\u1ec7 th\u1ed1ng \u0111i\u1ec7n. S\u1ea3n ph\u1ea9m C\u1ea7u Dao \u0110i\u1ec7n KCB-40 2P c\u00f3 K\u00edch th\u01b0\u1edbc nh\u1ecf g\u1ecdn v\u00e0 d\u1ec5 d\u00e0ng l\u1eafp [&hellip;]<\/p>","protected":false},"featured_media":16891,"comment_status":"open","ping_status":"closed","template":"","meta":{"_yoast_wpseo_focuskw":"C\u1ea7u Dao \u0110i\u1ec7n KCB-40 2P","_yoast_wpseo_metadesc":"C\u1ea7u Dao \u0110i\u1ec7n KCB-40 2P Kawasan, t\u1ef1 \u0111\u1ed9ng ng\u1eaft m\u1ea1nh \u0111i\u1ec7n khi g\u1eb7p s\u1ef1 c\u1ed1 qu\u00e1 t\u1ea3i. \u0110\u1ea3m b\u1ea3o an to\u00e0n cho h\u1ec7 th\u1ed1ng \u0111i\u1ec7n c\u1ee7a b\u1ea1n. C\u00f4ng su\u1ea5t d\u00f2ng c\u1eaft: 400V","_yoast_wpseo_focuskeywords":"","_yoast_wpseo_keyword_synonyms":""},"product_cat":[507,63],"product_tag":[1138,1248,1135,519,729,1002,1003,609,520,1004,611,941,1136,1140,1133,823,730,1139,1134,1137,1131,1132,1249,1250,1142,1141],"class_list":["post-12785","product","type-product","status-publish","has-post-thumbnail","hentry","product_cat-cau-dao-dien-aptomat","product_cat-cong-tac-dieu-khien-tu-xa","product_tag-bo-cong-tac-dieu-khien-tu-xa","product_tag-bo-cong-tac-dieu-khien-tu-xa-co-hen-gio","product_tag-bo-dieu-khien-may-bom-tu-xa","product_tag-cau-dao-dien","product_tag-cau-dao-dien-1-pha","product_tag-cau-dao-dien-chinh-hang","product_tag-cau-dao-dien-kawasan","product_tag-cau-dao-thong-minh","product_tag-cau-dao-tu-dong-ngat","product_tag-cau-dao-tu-tat-bat","product_tag-cau-dao-wifi","product_tag-cong-tac-den-dieu-khien-tu-xa","product_tag-cong-tac-dien-dieu-khien-tu-xa","product_tag-cong-tac-dien-dieu-khien-tu-xa-bang-dien-thoai","product_tag-cong-tac-dien-dieu-khien-tu-xa-bang-remote","product_tag-cong-tac-dieu-khien","product_tag-cong-tac-dieu-khien-tu-xa","product_tag-cong-tac-dieu-khien-tu-xa-12v","product_tag-cong-tac-dieu-khien-tu-xa-220v","product_tag-cong-tac-dieu-khien-tu-xa-bang-dien-thoai","product_tag-cong-tac-dieu-khien-tu-xa-qua-wifi","product_tag-cong-tac-dieu-khien-tu-xa-qua-wifi-3g","product_tag-cong-tac-hen-gio-dieu-khien-tu-xa","product_tag-cong-tac-hen-gio-tu-dong-bat-tat","product_tag-cong-tac-thong-minh-dieu-khien-tu-xa","product_tag-hat-cong-tac-dieu-khien-tu-xa"],"acf":[],"yoast_head":"<!-- This site is optimized with the Yoast SEO Premium plugin v24.9 (Yoast SEO v24.9) - https:\/\/yoast.com\/wordpress\/plugins\/seo\/ -->\n<title>C\u1ea7u Dao \u0110i\u1ec7n KCB-40 2P 1 Pha T\u1ef1 \u0110\u1ed9ng \u0110\u00f3ng Ng\u1eaft - Kawasan<\/title>\n<meta name=\"description\" content=\"C\u1ea7u Dao \u0110i\u1ec7n KCB-40 2P Kawasan, t\u1ef1 \u0111\u1ed9ng ng\u1eaft m\u1ea1nh \u0111i\u1ec7n khi g\u1eb7p s\u1ef1 c\u1ed1 qu\u00e1 t\u1ea3i. \u0110\u1ea3m b\u1ea3o an to\u00e0n cho h\u1ec7 th\u1ed1ng \u0111i\u1ec7n c\u1ee7a b\u1ea1n. C\u00f4ng su\u1ea5t d\u00f2ng c\u1eaft: 400V\" \/>\n<meta name=\"robots\" content=\"index, follow, max-snippet:-1, max-image-preview:large, max-video-preview:-1\" \/>\n<link rel=\"canonical\" href=\"https:\/\/kawasan.vn\/en\/product\/cau-dao-dien-1-pha-tu-dong-dong-ngat-kcb-40-2p\/\" \/>\n<meta property=\"og:locale\" content=\"en_US\" \/>\n<meta property=\"og:type\" content=\"article\" \/>\n<meta property=\"og:title\" content=\"C\u1ea7u Dao \u0110i\u1ec7n KCB-40 2P 1 Pha T\u1ef1 \u0110\u1ed9ng \u0110\u00f3ng Ng\u1eaft\" \/>\n<meta property=\"og:description\" content=\"C\u1ea7u Dao \u0110i\u1ec7n KCB-40 2P Kawasan, t\u1ef1 \u0111\u1ed9ng ng\u1eaft m\u1ea1nh \u0111i\u1ec7n khi g\u1eb7p s\u1ef1 c\u1ed1 qu\u00e1 t\u1ea3i. \u0110\u1ea3m b\u1ea3o an to\u00e0n cho h\u1ec7 th\u1ed1ng \u0111i\u1ec7n c\u1ee7a b\u1ea1n. C\u00f4ng su\u1ea5t d\u00f2ng c\u1eaft: 400V\" \/>\n<meta property=\"og:url\" content=\"https:\/\/kawasan.vn\/en\/product\/cau-dao-dien-1-pha-tu-dong-dong-ngat-kcb-40-2p\/\" \/>\n<meta property=\"og:site_name\" content=\"Kawasan\" \/>\n<meta property=\"article:modified_time\" content=\"2025-12-09T07:00:36+00:00\" \/>\n<meta property=\"og:image\" content=\"https:\/\/kawasan.vn\/wp-content\/uploads\/2023\/11\/cau-dao-dien-40-600x600-1.png\" \/>\n\t<meta property=\"og:image:width\" content=\"600\" \/>\n\t<meta property=\"og:image:height\" content=\"600\" \/>\n\t<meta property=\"og:image:type\" content=\"image\/png\" \/>\n<meta name=\"twitter:card\" content=\"summary_large_image\" \/>\n<meta name=\"twitter:label1\" content=\"Est. reading time\" \/>\n\t<meta name=\"twitter:data1\" content=\"2 minutes\" \/>\n<script type=\"application\/ld+json\" class=\"yoast-schema-graph\">{\"@context\":\"https:\/\/schema.org\",\"@graph\":[{\"@type\":\"WebPage\",\"@id\":\"https:\/\/kawasan.vn\/san-pham\/cau-dao-dien-1-pha-tu-dong-dong-ngat-kcb-40-2p\/\",\"url\":\"https:\/\/kawasan.vn\/san-pham\/cau-dao-dien-1-pha-tu-dong-dong-ngat-kcb-40-2p\/\",\"name\":\"C\u1ea7u Dao \u0110i\u1ec7n KCB-40 2P 1 Pha T\u1ef1 \u0110\u1ed9ng \u0110\u00f3ng Ng\u1eaft - Kawasan\",\"isPartOf\":{\"@id\":\"https:\/\/kawasan.vn\/#website\"},\"primaryImageOfPage\":{\"@id\":\"https:\/\/kawasan.vn\/san-pham\/cau-dao-dien-1-pha-tu-dong-dong-ngat-kcb-40-2p\/#primaryimage\"},\"image\":{\"@id\":\"https:\/\/kawasan.vn\/san-pham\/cau-dao-dien-1-pha-tu-dong-dong-ngat-kcb-40-2p\/#primaryimage\"},\"thumbnailUrl\":\"https:\/\/kawasan.vn\/wp-content\/uploads\/2023\/11\/cau-dao-dien-40-600x600-1.png\",\"datePublished\":\"2023-11-19T04:28:39+00:00\",\"dateModified\":\"2025-12-09T07:00:36+00:00\",\"description\":\"C\u1ea7u Dao \u0110i\u1ec7n KCB-40 2P Kawasan, t\u1ef1 \u0111\u1ed9ng ng\u1eaft m\u1ea1nh \u0111i\u1ec7n khi g\u1eb7p s\u1ef1 c\u1ed1 qu\u00e1 t\u1ea3i. \u0110\u1ea3m b\u1ea3o an to\u00e0n cho h\u1ec7 th\u1ed1ng \u0111i\u1ec7n c\u1ee7a b\u1ea1n. C\u00f4ng su\u1ea5t d\u00f2ng c\u1eaft: 400V\",\"breadcrumb\":{\"@id\":\"https:\/\/kawasan.vn\/san-pham\/cau-dao-dien-1-pha-tu-dong-dong-ngat-kcb-40-2p\/#breadcrumb\"},\"inLanguage\":\"en-US\",\"potentialAction\":[{\"@type\":\"ReadAction\",\"target\":[\"https:\/\/kawasan.vn\/san-pham\/cau-dao-dien-1-pha-tu-dong-dong-ngat-kcb-40-2p\/\"]}]},{\"@type\":\"ImageObject\",\"inLanguage\":\"en-US\",\"@id\":\"https:\/\/kawasan.vn\/san-pham\/cau-dao-dien-1-pha-tu-dong-dong-ngat-kcb-40-2p\/#primaryimage\",\"url\":\"https:\/\/kawasan.vn\/wp-content\/uploads\/2023\/11\/cau-dao-dien-40-600x600-1.png\",\"contentUrl\":\"https:\/\/kawasan.vn\/wp-content\/uploads\/2023\/11\/cau-dao-dien-40-600x600-1.png\",\"width\":600,\"height\":600},{\"@type\":\"BreadcrumbList\",\"@id\":\"https:\/\/kawasan.vn\/san-pham\/cau-dao-dien-1-pha-tu-dong-dong-ngat-kcb-40-2p\/#breadcrumb\",\"itemListElement\":[{\"@type\":\"ListItem\",\"position\":1,\"name\":\"Trang ch\u1ee7\",\"item\":\"https:\/\/kawasan.vn\/\"},{\"@type\":\"ListItem\",\"position\":2,\"name\":\"S\u1ea3n ph\u1ea9m\",\"item\":\"https:\/\/kawasan.vn\/san-pham\/\"},{\"@type\":\"ListItem\",\"position\":3,\"name\":\"C\u1ea7u Dao \u0110i\u1ec7n KCB-40 2P 1 Pha T\u1ef1 \u0110\u1ed9ng \u0110\u00f3ng Ng\u1eaft\"}]},{\"@type\":\"WebSite\",\"@id\":\"https:\/\/kawasan.vn\/#website\",\"url\":\"https:\/\/kawasan.vn\/\",\"name\":\"Kawasan\",\"description\":\"\",\"potentialAction\":[{\"@type\":\"SearchAction\",\"target\":{\"@type\":\"EntryPoint\",\"urlTemplate\":\"https:\/\/kawasan.vn\/?s={search_term_string}\"},\"query-input\":{\"@type\":\"PropertyValueSpecification\",\"valueRequired\":true,\"valueName\":\"search_term_string\"}}],\"inLanguage\":\"en-US\"}]}<\/script>\n<!-- \/ Yoast SEO Premium plugin. -->","yoast_head_json":{"title":"C\u1ea7u Dao \u0110i\u1ec7n KCB-40 2P 1 Pha T\u1ef1 \u0110\u1ed9ng \u0110\u00f3ng Ng\u1eaft - Kawasan","description":"C\u1ea7u Dao \u0110i\u1ec7n KCB-40 2P Kawasan, t\u1ef1 \u0111\u1ed9ng ng\u1eaft m\u1ea1nh \u0111i\u1ec7n khi g\u1eb7p s\u1ef1 c\u1ed1 qu\u00e1 t\u1ea3i. \u0110\u1ea3m b\u1ea3o an to\u00e0n cho h\u1ec7 th\u1ed1ng \u0111i\u1ec7n c\u1ee7a b\u1ea1n. C\u00f4ng su\u1ea5t d\u00f2ng c\u1eaft: 400V","robots":{"index":"index","follow":"follow","max-snippet":"max-snippet:-1","max-image-preview":"max-image-preview:large","max-video-preview":"max-video-preview:-1"},"canonical":"https:\/\/kawasan.vn\/en\/product\/cau-dao-dien-1-pha-tu-dong-dong-ngat-kcb-40-2p\/","og_locale":"en_US","og_type":"article","og_title":"C\u1ea7u Dao \u0110i\u1ec7n KCB-40 2P 1 Pha T\u1ef1 \u0110\u1ed9ng \u0110\u00f3ng Ng\u1eaft","og_description":"C\u1ea7u Dao \u0110i\u1ec7n KCB-40 2P Kawasan, t\u1ef1 \u0111\u1ed9ng ng\u1eaft m\u1ea1nh \u0111i\u1ec7n khi g\u1eb7p s\u1ef1 c\u1ed1 qu\u00e1 t\u1ea3i. \u0110\u1ea3m b\u1ea3o an to\u00e0n cho h\u1ec7 th\u1ed1ng \u0111i\u1ec7n c\u1ee7a b\u1ea1n. C\u00f4ng su\u1ea5t d\u00f2ng c\u1eaft: 400V","og_url":"https:\/\/kawasan.vn\/en\/product\/cau-dao-dien-1-pha-tu-dong-dong-ngat-kcb-40-2p\/","og_site_name":"Kawasan","article_modified_time":"2025-12-09T07:00:36+00:00","og_image":[{"width":600,"height":600,"url":"https:\/\/kawasan.vn\/wp-content\/uploads\/2023\/11\/cau-dao-dien-40-600x600-1.png","type":"image\/png"}],"twitter_card":"summary_large_image","twitter_misc":{"Est. reading time":"2 minutes"},"schema":{"@context":"https:\/\/schema.org","@graph":[{"@type":"WebPage","@id":"https:\/\/kawasan.vn\/san-pham\/cau-dao-dien-1-pha-tu-dong-dong-ngat-kcb-40-2p\/","url":"https:\/\/kawasan.vn\/san-pham\/cau-dao-dien-1-pha-tu-dong-dong-ngat-kcb-40-2p\/","name":"C\u1ea7u Dao \u0110i\u1ec7n KCB-40 2P 1 Pha T\u1ef1 \u0110\u1ed9ng \u0110\u00f3ng Ng\u1eaft - Kawasan","isPartOf":{"@id":"https:\/\/kawasan.vn\/#website"},"primaryImageOfPage":{"@id":"https:\/\/kawasan.vn\/san-pham\/cau-dao-dien-1-pha-tu-dong-dong-ngat-kcb-40-2p\/#primaryimage"},"image":{"@id":"https:\/\/kawasan.vn\/san-pham\/cau-dao-dien-1-pha-tu-dong-dong-ngat-kcb-40-2p\/#primaryimage"},"thumbnailUrl":"https:\/\/kawasan.vn\/wp-content\/uploads\/2023\/11\/cau-dao-dien-40-600x600-1.png","datePublished":"2023-11-19T04:28:39+00:00","dateModified":"2025-12-09T07:00:36+00:00","description":"C\u1ea7u Dao \u0110i\u1ec7n KCB-40 2P Kawasan, t\u1ef1 \u0111\u1ed9ng ng\u1eaft m\u1ea1nh \u0111i\u1ec7n khi g\u1eb7p s\u1ef1 c\u1ed1 qu\u00e1 t\u1ea3i. \u0110\u1ea3m b\u1ea3o an to\u00e0n cho h\u1ec7 th\u1ed1ng \u0111i\u1ec7n c\u1ee7a b\u1ea1n. C\u00f4ng su\u1ea5t d\u00f2ng c\u1eaft: 400V","breadcrumb":{"@id":"https:\/\/kawasan.vn\/san-pham\/cau-dao-dien-1-pha-tu-dong-dong-ngat-kcb-40-2p\/#breadcrumb"},"inLanguage":"en-US","potentialAction":[{"@type":"ReadAction","target":["https:\/\/kawasan.vn\/san-pham\/cau-dao-dien-1-pha-tu-dong-dong-ngat-kcb-40-2p\/"]}]},{"@type":"ImageObject","inLanguage":"en-US","@id":"https:\/\/kawasan.vn\/san-pham\/cau-dao-dien-1-pha-tu-dong-dong-ngat-kcb-40-2p\/#primaryimage","url":"https:\/\/kawasan.vn\/wp-content\/uploads\/2023\/11\/cau-dao-dien-40-600x600-1.png","contentUrl":"https:\/\/kawasan.vn\/wp-content\/uploads\/2023\/11\/cau-dao-dien-40-600x600-1.png","width":600,"height":600},{"@type":"BreadcrumbList","@id":"https:\/\/kawasan.vn\/san-pham\/cau-dao-dien-1-pha-tu-dong-dong-ngat-kcb-40-2p\/#breadcrumb","itemListElement":[{"@type":"ListItem","position":1,"name":"Trang ch\u1ee7","item":"https:\/\/kawasan.vn\/"},{"@type":"ListItem","position":2,"name":"S\u1ea3n ph\u1ea9m","item":"https:\/\/kawasan.vn\/san-pham\/"},{"@type":"ListItem","position":3,"name":"C\u1ea7u Dao \u0110i\u1ec7n KCB-40 2P 1 Pha T\u1ef1 \u0110\u1ed9ng \u0110\u00f3ng Ng\u1eaft"}]},{"@type":"WebSite","@id":"https:\/\/kawasan.vn\/#website","url":"https:\/\/kawasan.vn\/","name":"Kawasan","description":"","potentialAction":[{"@type":"SearchAction","target":{"@type":"EntryPoint","urlTemplate":"https:\/\/kawasan.vn\/?s={search_term_string}"},"query-input":{"@type":"PropertyValueSpecification","valueRequired":true,"valueName":"search_term_string"}}],"inLanguage":"en-US"}]}},"_links":{"self":[{"href":"https:\/\/kawasan.vn\/en\/wp-json\/wp\/v2\/product\/12785","targetHints":{"allow":["GET"]}}],"collection":[{"href":"https:\/\/kawasan.vn\/en\/wp-json\/wp\/v2\/product"}],"about":[{"href":"https:\/\/kawasan.vn\/en\/wp-json\/wp\/v2\/types\/product"}],"replies":[{"embeddable":true,"href":"https:\/\/kawasan.vn\/en\/wp-json\/wp\/v2\/comments?post=12785"}],"version-history":[{"count":4,"href":"https:\/\/kawasan.vn\/en\/wp-json\/wp\/v2\/product\/12785\/revisions"}],"predecessor-version":[{"id":22595,"href":"https:\/\/kawasan.vn\/en\/wp-json\/wp\/v2\/product\/12785\/revisions\/22595"}],"wp:featuredmedia":[{"embeddable":true,"href":"https:\/\/kawasan.vn\/en\/wp-json\/wp\/v2\/media\/16891"}],"wp:attachment":[{"href":"https:\/\/kawasan.vn\/en\/wp-json\/wp\/v2\/media?parent=12785"}],"wp:term":[{"taxonomy":"product_cat","embeddable":true,"href":"https:\/\/kawasan.vn\/en\/wp-json\/wp\/v2\/product_cat?post=12785"},{"taxonomy":"product_tag","embeddable":true,"href":"https:\/\/kawasan.vn\/en\/wp-json\/wp\/v2\/product_tag?post=12785"}],"curies":[{"name":"wp","href":"https:\/\/api.w.org\/{rel}","templated":true}]}}