{"id":12783,"date":"2023-11-19T04:28:33","date_gmt":"2023-11-19T04:28:33","guid":{"rendered":"https:\/\/kawasan.123websitedev.com\/san-pham\/cau-dao-dien-1-pha-tu-dong-dong-ngat-kcb-25-2p\/"},"modified":"2025-12-09T13:59:53","modified_gmt":"2025-12-09T06:59:53","slug":"cau-dao-dien-1-pha-tu-dong-dong-ngat-kcb-25-2p","status":"publish","type":"product","link":"https:\/\/kawasan.vn\/en\/product\/cau-dao-dien-1-pha-tu-dong-dong-ngat-kcb-25-2p\/","title":{"rendered":"C\u1ea7u Dao \u0110i\u1ec7n KCB-25 2P 1 Pha T\u1ef1 \u0110\u1ed9ng \u0110\u00f3ng Ng\u1eaft"},"content":{"rendered":"<h2><span class=\"ez-toc-section\" id=\"Cau_Dao_Dien_KCB-25_2P_1_Pha_25A_KAWASAN\"><\/span>C\u1ea7u Dao \u0110i\u1ec7n KCB-25 2P 1 Pha 25A KAWASAN<span class=\"ez-toc-section-end\"><\/span><\/h2><div id=\"ez-toc-container\" class=\"ez-toc-v2_0_69_1 counter-hierarchy ez-toc-counter ez-toc-grey ez-toc-container-direction\">\n<div class=\"ez-toc-title-container\">\n<p class=\"ez-toc-title\" >N\u1ed9i Dung B&agrave;i Vi\u1ebft<\/p>\n<span class=\"ez-toc-title-toggle\"><a href=\"#\" class=\"ez-toc-pull-right ez-toc-btn ez-toc-btn-xs ez-toc-btn-default ez-toc-toggle\" aria-label=\"Toggle Table of Content\"><span class=\"ez-toc-js-icon-con\"><span class=\"\"><span class=\"eztoc-hide\" style=\"display:none;\">Toggle<\/span><span class=\"ez-toc-icon-toggle-span\"><svg style=\"fill: #999;color:#999\" xmlns=\"http:\/\/www.w3.org\/2000\/svg\" class=\"list-377408\" width=\"20px\" height=\"20px\" viewbox=\"0 0 24 24\" fill=\"none\"><path d=\"M6 6H4v2h2V6zm14 0H8v2h12V6zM4 11h2v2H4v-2zm16 0H8v2h12v-2zM4 16h2v2H4v-2zm16 0H8v2h12v-2z\" fill=\"currentColor\"><\/path><\/svg><svg style=\"fill: #999;color:#999\" class=\"arrow-unsorted-368013\" xmlns=\"http:\/\/www.w3.org\/2000\/svg\" width=\"10px\" height=\"10px\" viewbox=\"0 0 24 24\" version=\"1.2\" baseprofile=\"tiny\"><path d=\"M18.2 9.3l-6.2-6.3-6.2 6.3c-.2.2-.3.4-.3.7s.1.5.3.7c.2.2.4.3.7.3h11c.3 0 .5-.1.7-.3.2-.2.3-.5.3-.7s-.1-.5-.3-.7zM5.8 14.7l6.2 6.3 6.2-6.3c.2-.2.3-.5.3-.7s-.1-.5-.3-.7c-.2-.2-.4-.3-.7-.3h-11c-.3 0-.5.1-.7.3-.2.2-.3.5-.3.7s.1.5.3.7z\"\/><\/svg><\/span><\/span><\/span><\/a><\/span><\/div>\n<nav><ul class='ez-toc-list ez-toc-list-level-1 eztoc-toggle-hide-by-default' ><li class='ez-toc-page-1 ez-toc-heading-level-2'><a class=\"ez-toc-link ez-toc-heading-1\" href=\"https:\/\/kawasan.vn\/en\/product\/cau-dao-dien-1-pha-tu-dong-dong-ngat-kcb-25-2p\/#Cau_Dao_Dien_KCB-25_2P_1_Pha_25A_KAWASAN\" title=\"C\u1ea7u Dao \u0110i\u1ec7n KCB-25 2P 1 Pha 25A KAWASAN\">C\u1ea7u Dao \u0110i\u1ec7n KCB-25 2P 1 Pha 25A KAWASAN<\/a><ul class='ez-toc-list-level-3' ><li class='ez-toc-heading-level-3'><a class=\"ez-toc-link ez-toc-heading-2\" href=\"https:\/\/kawasan.vn\/en\/product\/cau-dao-dien-1-pha-tu-dong-dong-ngat-kcb-25-2p\/#%E2%9A%99%EF%B8%8F_Tinh_Nang_Noi_Bat\" title=\"\u2699\ufe0f T\u00ednh N\u0103ng N\u1ed5i B\u1eadt:\">\u2699\ufe0f T\u00ednh N\u0103ng N\u1ed5i B\u1eadt:<\/a><\/li><li class='ez-toc-page-1 ez-toc-heading-level-3'><a class=\"ez-toc-link ez-toc-heading-3\" href=\"https:\/\/kawasan.vn\/en\/product\/cau-dao-dien-1-pha-tu-dong-dong-ngat-kcb-25-2p\/#%F0%9F%8F%A2_Ung_Dung_Rong_Rai\" title=\"\ud83c\udfe2 \u1ee8ng D\u1ee5ng R\u1ed9ng R\u00e3i:\">\ud83c\udfe2 \u1ee8ng D\u1ee5ng R\u1ed9ng R\u00e3i:<\/a><\/li><\/ul><\/li><\/ul><\/nav><\/div>\n\n<p class=\"\" data-start=\"212\" data-end=\"510\">C\u1ea7u dao \u0111i\u1ec7n t\u1ef1 \u0111\u1ed9ng KCB-25A 2P c\u1ee7a th\u01b0\u01a1ng hi\u1ec7u <a href=\"https:\/\/www.facebook.com\/CongTyCoPhanSXTMDVTheBao?locale=vi_VN\"><strong data-start=\"260\" data-end=\"271\">KAWASAN<\/strong><\/a> l\u00e0 gi\u1ea3i ph\u00e1p an to\u00e0n v\u00e0 ti\u1ec7n l\u1ee3i cho h\u1ec7 th\u1ed1ng \u0111i\u1ec7n d\u00e2n d\u1ee5ng v\u00e0 c\u00f4ng nghi\u1ec7p. V\u1edbi thi\u1ebft k\u1ebf <strong data-start=\"361\" data-end=\"378\">1 pha \u2013 2 c\u1ef1c<\/strong>, s\u1ea3n ph\u1ea9m c\u00f3 kh\u1ea3 n\u0103ng ng\u1eaft \u0111\u1ed3ng th\u1eddi c\u1ea3 d\u00e2y pha v\u00e0 d\u00e2y trung t\u00ednh, gi\u00fap b\u1ea3o v\u1ec7 to\u00e0n di\u1ec7n cho ng\u01b0\u1eddi d\u00f9ng v\u00e0 thi\u1ebft b\u1ecb \u0111i\u1ec7n trong nh\u00e0.<\/p>\n<p class=\"\" data-start=\"512\" data-end=\"753\">S\u1ea3n ph\u1ea9m C\u1ea7u Dao \u0110i\u1ec7n KCB-25 2P n\u1ed5i b\u1eadt v\u1edbi kh\u1ea3 n\u0103ng <strong data-start=\"542\" data-end=\"607\">ng\u1eaft \u0111i\u1ec7n nhanh ch\u00f3ng khi x\u1ea3y ra s\u1ef1 c\u1ed1 qu\u00e1 t\u1ea3i ho\u1eb7c ng\u1eafn m\u1ea1ch<\/strong>, gi\u00fap h\u1ea1n ch\u1ebf t\u1ed1i \u0111a nguy c\u01a1 ch\u00e1y n\u1ed5 v\u00e0 h\u01b0 h\u1ecfng thi\u1ebft b\u1ecb. <strong data-start=\"666\" data-end=\"687\">D\u00f2ng \u0111\u1ecbnh m\u1ee9c 25A<\/strong> ph\u00f9 h\u1ee3p v\u1edbi nhi\u1ec1u lo\u1ea1i thi\u1ebft b\u1ecb \u0111i\u1ec7n v\u00e0 t\u1ea3i c\u00f4ng su\u1ea5t trung b\u00ecnh.<\/p>\n<h3 class=\"\" data-start=\"755\" data-end=\"784\"><span class=\"ez-toc-section\" id=\"%E2%9A%99%EF%B8%8F_Tinh_Nang_Noi_Bat\"><\/span>\u2699\ufe0f <strong data-start=\"762\" data-end=\"783\">T\u00ednh N\u0103ng N\u1ed5i B\u1eadt<\/strong>:<span class=\"ez-toc-section-end\"><\/span><\/h3>\n<ul data-start=\"785\" data-end=\"1041\">\n<li class=\"\" data-start=\"785\" data-end=\"861\">\n<p class=\"\" data-start=\"787\" data-end=\"861\"><strong data-start=\"787\" data-end=\"859\">C\u1ea5u t\u1ea1o ch\u1eafc ch\u1eafn, \u0111\u1ed9 b\u1ec1n cao, ho\u1ea1t \u0111\u1ed9ng \u1ed5n \u0111\u1ecbnh trong th\u1eddi gian d\u00e0i<\/strong><\/p>\n<\/li>\n<li class=\"\" data-start=\"862\" data-end=\"952\">\n<p class=\"\" data-start=\"864\" data-end=\"952\"><strong data-start=\"864\" data-end=\"896\">Thi\u1ebft k\u1ebf nh\u1ecf g\u1ecdn, d\u1ec5 l\u1eafp \u0111\u1eb7t<\/strong> trong t\u1ee7 \u0111i\u1ec7n, b\u1ea3ng \u0111i\u1ec7n ho\u1eb7c tr\u00ean ray DIN ti\u00eau chu\u1ea9n<\/p>\n<\/li>\n<li class=\"\" data-start=\"953\" data-end=\"1041\">\n<p class=\"\" data-start=\"955\" data-end=\"1041\"><strong data-start=\"955\" data-end=\"980\">Kh\u1ea3 n\u0103ng ch\u1ecbu t\u1ea3i t\u1ed1t<\/strong> v\u00e0 ng\u1eaft \u0111i\u1ec7n ch\u00ednh x\u00e1c, b\u1ea3o v\u1ec7 h\u1ec7 th\u1ed1ng \u0111i\u1ec7n m\u1ed9t c\u00e1ch t\u1ed1i \u01b0u<\/p>\n<\/li>\n<\/ul>\n<h3 class=\"\" data-start=\"1043\" data-end=\"1072\"><span class=\"ez-toc-section\" id=\"%F0%9F%8F%A2_Ung_Dung_Rong_Rai\"><\/span>\ud83c\udfe2 <strong data-start=\"1050\" data-end=\"1071\">\u1ee8ng D\u1ee5ng R\u1ed9ng R\u00e3i<\/strong>:<span class=\"ez-toc-section-end\"><\/span><\/h3>\n<p class=\"\" data-start=\"1073\" data-end=\"1101\">C\u1ea7u dao KCB-25A ph\u00f9 h\u1ee3p cho:<\/p>\n<ul data-start=\"1102\" data-end=\"1301\">\n<li class=\"\" data-start=\"1102\" data-end=\"1179\">\n<p class=\"\" data-start=\"1104\" data-end=\"1179\">H\u1ec7 th\u1ed1ng \u0111i\u1ec7n trong <strong data-start=\"1124\" data-end=\"1177\">nh\u00e0 \u1edf, v\u0103n ph\u00f2ng, kh\u00e1ch s\u1ea1n, trung t\u00e2m th\u01b0\u01a1ng m\u1ea1i<\/strong><\/p>\n<\/li>\n<li class=\"\" data-start=\"1180\" data-end=\"1242\">\n<p class=\"\" data-start=\"1182\" data-end=\"1242\">C\u00e1c <strong data-start=\"1186\" data-end=\"1240\">c\u00f4ng tr\u00ecnh x\u00e2y d\u1ef1ng, kho x\u01b0\u1edfng, nh\u00e0 m\u00e1y, x\u00ed nghi\u1ec7p<\/strong><\/p>\n<\/li>\n<li class=\"\" data-start=\"1243\" data-end=\"1301\">\n<p class=\"\" data-start=\"1245\" data-end=\"1301\">\u1ee9ng d\u1ee5ng r\u1ed9ng r\u00e3i trong c\u00e1c l\u0129nh v\u1ef1c nh\u01b0: ng\u00e0nh \u0111i\u1ec7n, t\u1ee7 b\u1ea3ng \u0111i\u1ec7n, t\u1ef1 \u0111\u1ed9ng h\u00f3a&#8230;.<\/p>\n<\/li>\n<\/ul>\n<figure id=\"attachment_16895\" aria-describedby=\"caption-attachment-16895\" style=\"width: 800px\" class=\"wp-caption aligncenter\"><img loading=\"lazy\" decoding=\"async\" class=\"wp-image-16895 size-full\" title=\"C\u1ea7u dao \u0111i\u1ec7n 1 pha 2 c\u1ef1c 25A Kawasan\" src=\"https:\/\/kawasan.vn\/wp-content\/uploads\/2023\/11\/cau-dao-dien-kcb-25.jpg\" alt=\"C\u1ea7u dao \u0111i\u1ec7n 1 pha 2 c\u1ef1c 25A Kawasan\" width=\"800\" height=\"800\" srcset=\"https:\/\/kawasan.vn\/wp-content\/uploads\/2023\/11\/cau-dao-dien-kcb-25.jpg 800w, https:\/\/kawasan.vn\/wp-content\/uploads\/2023\/11\/cau-dao-dien-kcb-25-768x768.jpg 768w, https:\/\/kawasan.vn\/wp-content\/uploads\/2023\/11\/cau-dao-dien-kcb-25-640x640.jpg 640w, https:\/\/kawasan.vn\/wp-content\/uploads\/2023\/11\/cau-dao-dien-kcb-25-400x400.jpg 400w\" sizes=\"auto, (max-width: 800px) 100vw, 800px\" \/><figcaption id=\"caption-attachment-16895\" class=\"wp-caption-text\">C\u1ea7u dao \u0111i\u1ec7n 1 pha 2 c\u1ef1c 25A Kawasan<\/figcaption><\/figure>\n<p>S\u1ea3n ph\u1ea9m l\u00e0 l\u1ef1a ch\u1ecdn l\u00fd t\u01b0\u1edfng cho nh\u1eefng ai \u0111ang t\u00ecm ki\u1ebfm m\u1ed9t <strong data-start=\"1369\" data-end=\"1420\">thi\u1ebft b\u1ecb \u0111\u00f3ng c\u1eaft an to\u00e0n, ch\u00ednh x\u00e1c v\u00e0 l\u00e2u b\u1ec1n<\/strong>.<\/p>\n<p><strong>C\u00e1c s\u1ea3n ph\u1ea9m li\u00ean quan: <a href=\"https:\/\/kawasan.vn\/en\/product-category\/cong-tac-dieu-khien-tu-xa\/cau-dao-dien-aptomat\/\">T\u1ea1i \u0111\u00e2y<\/a><\/strong><\/p>","protected":false},"excerpt":{"rendered":"<p>C\u1ea7u Dao \u0110i\u1ec7n KCB-25 2P 1 Pha 25A KAWASAN C\u1ea7u dao \u0111i\u1ec7n t\u1ef1 \u0111\u1ed9ng KCB-25A 2P c\u1ee7a th\u01b0\u01a1ng hi\u1ec7u KAWASAN l\u00e0 gi\u1ea3i ph\u00e1p an to\u00e0n v\u00e0 ti\u1ec7n l\u1ee3i cho h\u1ec7 th\u1ed1ng \u0111i\u1ec7n d\u00e2n d\u1ee5ng v\u00e0 c\u00f4ng nghi\u1ec7p. V\u1edbi thi\u1ebft k\u1ebf 1 pha \u2013 2 c\u1ef1c, s\u1ea3n ph\u1ea9m c\u00f3 kh\u1ea3 n\u0103ng ng\u1eaft \u0111\u1ed3ng th\u1eddi c\u1ea3 d\u00e2y [&hellip;]<\/p>","protected":false},"featured_media":16894,"comment_status":"open","ping_status":"closed","template":"","meta":{"_yoast_wpseo_focuskw":"C\u1ea7u Dao \u0110i\u1ec7n KCB-25 2P","_yoast_wpseo_metadesc":"C\u1ea7u Dao \u0110i\u1ec7n KCB-25 2P 1 pha 25A Kawasan, thi\u1ebft k\u1ebf d\u1ea1ng 2 c\u1ef1c nh\u1ecf g\u1ecdn v\u00e0 ti\u1ec7n l\u1ee3i. T\u1ef1 \u1ed9ng ng\u1eaft \u0111i\u1ec7n khi qu\u00e1 t\u1ea3i \u0111\u1ea3m an to\u00e0n cho h\u1ec7 th\u1ed1ng \u0111i\u1ec7n","_yoast_wpseo_focuskeywords":"","_yoast_wpseo_keyword_synonyms":""},"product_cat":[507,63],"product_tag":[1138,1248,1135,519,729,1005,1002,1003,915,520,1006,941,1136,1140,1133,823,730,1139,1134,1137,1131,1132,1249,1250,1142,1141],"class_list":["post-12783","product","type-product","status-publish","has-post-thumbnail","hentry","product_cat-cau-dao-dien-aptomat","product_cat-cong-tac-dieu-khien-tu-xa","product_tag-bo-cong-tac-dieu-khien-tu-xa","product_tag-bo-cong-tac-dieu-khien-tu-xa-co-hen-gio","product_tag-bo-dieu-khien-may-bom-tu-xa","product_tag-cau-dao-dien","product_tag-cau-dao-dien-1-pha","product_tag-cau-dao-dien-an-toan","product_tag-cau-dao-dien-chinh-hang","product_tag-cau-dao-dien-kawasan","product_tag-cau-dao-dien-thong-minh","product_tag-cau-dao-tu-dong-ngat","product_tag-cau-dao-tu-dong-tat-mo","product_tag-cong-tac-den-dieu-khien-tu-xa","product_tag-cong-tac-dien-dieu-khien-tu-xa","product_tag-cong-tac-dien-dieu-khien-tu-xa-bang-dien-thoai","product_tag-cong-tac-dien-dieu-khien-tu-xa-bang-remote","product_tag-cong-tac-dieu-khien","product_tag-cong-tac-dieu-khien-tu-xa","product_tag-cong-tac-dieu-khien-tu-xa-12v","product_tag-cong-tac-dieu-khien-tu-xa-220v","product_tag-cong-tac-dieu-khien-tu-xa-bang-dien-thoai","product_tag-cong-tac-dieu-khien-tu-xa-qua-wifi","product_tag-cong-tac-dieu-khien-tu-xa-qua-wifi-3g","product_tag-cong-tac-hen-gio-dieu-khien-tu-xa","product_tag-cong-tac-hen-gio-tu-dong-bat-tat","product_tag-cong-tac-thong-minh-dieu-khien-tu-xa","product_tag-hat-cong-tac-dieu-khien-tu-xa"],"acf":[],"yoast_head":"<!-- This site is optimized with the Yoast SEO Premium plugin v24.9 (Yoast SEO v24.9) - https:\/\/yoast.com\/wordpress\/plugins\/seo\/ -->\n<title>C\u1ea7u Dao \u0110i\u1ec7n KCB-25 2P 1 Pha T\u1ef1 \u0110\u1ed9ng \u0110\u00f3ng Ng\u1eaft - Kawasan<\/title>\n<meta name=\"description\" content=\"C\u1ea7u Dao \u0110i\u1ec7n KCB-25 2P 1 pha 25A Kawasan, thi\u1ebft k\u1ebf d\u1ea1ng 2 c\u1ef1c nh\u1ecf g\u1ecdn v\u00e0 ti\u1ec7n l\u1ee3i. T\u1ef1 \u1ed9ng ng\u1eaft \u0111i\u1ec7n khi qu\u00e1 t\u1ea3i \u0111\u1ea3m an to\u00e0n cho h\u1ec7 th\u1ed1ng \u0111i\u1ec7n\" \/>\n<meta name=\"robots\" content=\"index, follow, max-snippet:-1, max-image-preview:large, max-video-preview:-1\" \/>\n<link rel=\"canonical\" href=\"https:\/\/kawasan.vn\/en\/product\/cau-dao-dien-1-pha-tu-dong-dong-ngat-kcb-25-2p\/\" \/>\n<meta property=\"og:locale\" content=\"en_US\" \/>\n<meta property=\"og:type\" content=\"article\" \/>\n<meta property=\"og:title\" content=\"C\u1ea7u Dao \u0110i\u1ec7n KCB-25 2P 1 Pha T\u1ef1 \u0110\u1ed9ng \u0110\u00f3ng Ng\u1eaft\" \/>\n<meta property=\"og:description\" content=\"C\u1ea7u Dao \u0110i\u1ec7n KCB-25 2P 1 pha 25A Kawasan, thi\u1ebft k\u1ebf d\u1ea1ng 2 c\u1ef1c nh\u1ecf g\u1ecdn v\u00e0 ti\u1ec7n l\u1ee3i. T\u1ef1 \u1ed9ng ng\u1eaft \u0111i\u1ec7n khi qu\u00e1 t\u1ea3i \u0111\u1ea3m an to\u00e0n cho h\u1ec7 th\u1ed1ng \u0111i\u1ec7n\" \/>\n<meta property=\"og:url\" content=\"https:\/\/kawasan.vn\/en\/product\/cau-dao-dien-1-pha-tu-dong-dong-ngat-kcb-25-2p\/\" \/>\n<meta property=\"og:site_name\" content=\"Kawasan\" \/>\n<meta property=\"article:modified_time\" content=\"2025-12-09T06:59:53+00:00\" \/>\n<meta property=\"og:image\" content=\"https:\/\/kawasan.vn\/wp-content\/uploads\/2023\/11\/cau-dao-dien-25a-600x600-1.jpg\" \/>\n\t<meta property=\"og:image:width\" content=\"600\" \/>\n\t<meta property=\"og:image:height\" content=\"600\" \/>\n\t<meta property=\"og:image:type\" content=\"image\/jpeg\" \/>\n<meta name=\"twitter:card\" content=\"summary_large_image\" \/>\n<meta name=\"twitter:label1\" content=\"Est. reading time\" \/>\n\t<meta name=\"twitter:data1\" content=\"2 minutes\" \/>\n<script type=\"application\/ld+json\" class=\"yoast-schema-graph\">{\"@context\":\"https:\/\/schema.org\",\"@graph\":[{\"@type\":\"WebPage\",\"@id\":\"https:\/\/kawasan.vn\/san-pham\/cau-dao-dien-1-pha-tu-dong-dong-ngat-kcb-25-2p\/\",\"url\":\"https:\/\/kawasan.vn\/san-pham\/cau-dao-dien-1-pha-tu-dong-dong-ngat-kcb-25-2p\/\",\"name\":\"C\u1ea7u Dao \u0110i\u1ec7n KCB-25 2P 1 Pha T\u1ef1 \u0110\u1ed9ng \u0110\u00f3ng Ng\u1eaft - Kawasan\",\"isPartOf\":{\"@id\":\"https:\/\/kawasan.vn\/#website\"},\"primaryImageOfPage\":{\"@id\":\"https:\/\/kawasan.vn\/san-pham\/cau-dao-dien-1-pha-tu-dong-dong-ngat-kcb-25-2p\/#primaryimage\"},\"image\":{\"@id\":\"https:\/\/kawasan.vn\/san-pham\/cau-dao-dien-1-pha-tu-dong-dong-ngat-kcb-25-2p\/#primaryimage\"},\"thumbnailUrl\":\"https:\/\/kawasan.vn\/wp-content\/uploads\/2023\/11\/cau-dao-dien-25a-600x600-1.jpg\",\"datePublished\":\"2023-11-19T04:28:33+00:00\",\"dateModified\":\"2025-12-09T06:59:53+00:00\",\"description\":\"C\u1ea7u Dao \u0110i\u1ec7n KCB-25 2P 1 pha 25A Kawasan, thi\u1ebft k\u1ebf d\u1ea1ng 2 c\u1ef1c nh\u1ecf g\u1ecdn v\u00e0 ti\u1ec7n l\u1ee3i. T\u1ef1 \u1ed9ng ng\u1eaft \u0111i\u1ec7n khi qu\u00e1 t\u1ea3i \u0111\u1ea3m an to\u00e0n cho h\u1ec7 th\u1ed1ng \u0111i\u1ec7n\",\"breadcrumb\":{\"@id\":\"https:\/\/kawasan.vn\/san-pham\/cau-dao-dien-1-pha-tu-dong-dong-ngat-kcb-25-2p\/#breadcrumb\"},\"inLanguage\":\"en-US\",\"potentialAction\":[{\"@type\":\"ReadAction\",\"target\":[\"https:\/\/kawasan.vn\/san-pham\/cau-dao-dien-1-pha-tu-dong-dong-ngat-kcb-25-2p\/\"]}]},{\"@type\":\"ImageObject\",\"inLanguage\":\"en-US\",\"@id\":\"https:\/\/kawasan.vn\/san-pham\/cau-dao-dien-1-pha-tu-dong-dong-ngat-kcb-25-2p\/#primaryimage\",\"url\":\"https:\/\/kawasan.vn\/wp-content\/uploads\/2023\/11\/cau-dao-dien-25a-600x600-1.jpg\",\"contentUrl\":\"https:\/\/kawasan.vn\/wp-content\/uploads\/2023\/11\/cau-dao-dien-25a-600x600-1.jpg\",\"width\":600,\"height\":600},{\"@type\":\"BreadcrumbList\",\"@id\":\"https:\/\/kawasan.vn\/san-pham\/cau-dao-dien-1-pha-tu-dong-dong-ngat-kcb-25-2p\/#breadcrumb\",\"itemListElement\":[{\"@type\":\"ListItem\",\"position\":1,\"name\":\"Trang ch\u1ee7\",\"item\":\"https:\/\/kawasan.vn\/\"},{\"@type\":\"ListItem\",\"position\":2,\"name\":\"S\u1ea3n ph\u1ea9m\",\"item\":\"https:\/\/kawasan.vn\/san-pham\/\"},{\"@type\":\"ListItem\",\"position\":3,\"name\":\"C\u1ea7u Dao \u0110i\u1ec7n KCB-25 2P 1 Pha T\u1ef1 \u0110\u1ed9ng \u0110\u00f3ng Ng\u1eaft\"}]},{\"@type\":\"WebSite\",\"@id\":\"https:\/\/kawasan.vn\/#website\",\"url\":\"https:\/\/kawasan.vn\/\",\"name\":\"Kawasan\",\"description\":\"\",\"potentialAction\":[{\"@type\":\"SearchAction\",\"target\":{\"@type\":\"EntryPoint\",\"urlTemplate\":\"https:\/\/kawasan.vn\/?s={search_term_string}\"},\"query-input\":{\"@type\":\"PropertyValueSpecification\",\"valueRequired\":true,\"valueName\":\"search_term_string\"}}],\"inLanguage\":\"en-US\"}]}<\/script>\n<!-- \/ Yoast SEO Premium plugin. -->","yoast_head_json":{"title":"C\u1ea7u Dao \u0110i\u1ec7n KCB-25 2P 1 Pha T\u1ef1 \u0110\u1ed9ng \u0110\u00f3ng Ng\u1eaft - Kawasan","description":"C\u1ea7u Dao \u0110i\u1ec7n KCB-25 2P 1 pha 25A Kawasan, thi\u1ebft k\u1ebf d\u1ea1ng 2 c\u1ef1c nh\u1ecf g\u1ecdn v\u00e0 ti\u1ec7n l\u1ee3i. T\u1ef1 \u1ed9ng ng\u1eaft \u0111i\u1ec7n khi qu\u00e1 t\u1ea3i \u0111\u1ea3m an to\u00e0n cho h\u1ec7 th\u1ed1ng \u0111i\u1ec7n","robots":{"index":"index","follow":"follow","max-snippet":"max-snippet:-1","max-image-preview":"max-image-preview:large","max-video-preview":"max-video-preview:-1"},"canonical":"https:\/\/kawasan.vn\/en\/product\/cau-dao-dien-1-pha-tu-dong-dong-ngat-kcb-25-2p\/","og_locale":"en_US","og_type":"article","og_title":"C\u1ea7u Dao \u0110i\u1ec7n KCB-25 2P 1 Pha T\u1ef1 \u0110\u1ed9ng \u0110\u00f3ng Ng\u1eaft","og_description":"C\u1ea7u Dao \u0110i\u1ec7n KCB-25 2P 1 pha 25A Kawasan, thi\u1ebft k\u1ebf d\u1ea1ng 2 c\u1ef1c nh\u1ecf g\u1ecdn v\u00e0 ti\u1ec7n l\u1ee3i. T\u1ef1 \u1ed9ng ng\u1eaft \u0111i\u1ec7n khi qu\u00e1 t\u1ea3i \u0111\u1ea3m an to\u00e0n cho h\u1ec7 th\u1ed1ng \u0111i\u1ec7n","og_url":"https:\/\/kawasan.vn\/en\/product\/cau-dao-dien-1-pha-tu-dong-dong-ngat-kcb-25-2p\/","og_site_name":"Kawasan","article_modified_time":"2025-12-09T06:59:53+00:00","og_image":[{"width":600,"height":600,"url":"https:\/\/kawasan.vn\/wp-content\/uploads\/2023\/11\/cau-dao-dien-25a-600x600-1.jpg","type":"image\/jpeg"}],"twitter_card":"summary_large_image","twitter_misc":{"Est. reading time":"2 minutes"},"schema":{"@context":"https:\/\/schema.org","@graph":[{"@type":"WebPage","@id":"https:\/\/kawasan.vn\/san-pham\/cau-dao-dien-1-pha-tu-dong-dong-ngat-kcb-25-2p\/","url":"https:\/\/kawasan.vn\/san-pham\/cau-dao-dien-1-pha-tu-dong-dong-ngat-kcb-25-2p\/","name":"C\u1ea7u Dao \u0110i\u1ec7n KCB-25 2P 1 Pha T\u1ef1 \u0110\u1ed9ng \u0110\u00f3ng Ng\u1eaft - Kawasan","isPartOf":{"@id":"https:\/\/kawasan.vn\/#website"},"primaryImageOfPage":{"@id":"https:\/\/kawasan.vn\/san-pham\/cau-dao-dien-1-pha-tu-dong-dong-ngat-kcb-25-2p\/#primaryimage"},"image":{"@id":"https:\/\/kawasan.vn\/san-pham\/cau-dao-dien-1-pha-tu-dong-dong-ngat-kcb-25-2p\/#primaryimage"},"thumbnailUrl":"https:\/\/kawasan.vn\/wp-content\/uploads\/2023\/11\/cau-dao-dien-25a-600x600-1.jpg","datePublished":"2023-11-19T04:28:33+00:00","dateModified":"2025-12-09T06:59:53+00:00","description":"C\u1ea7u Dao \u0110i\u1ec7n KCB-25 2P 1 pha 25A Kawasan, thi\u1ebft k\u1ebf d\u1ea1ng 2 c\u1ef1c nh\u1ecf g\u1ecdn v\u00e0 ti\u1ec7n l\u1ee3i. T\u1ef1 \u1ed9ng ng\u1eaft \u0111i\u1ec7n khi qu\u00e1 t\u1ea3i \u0111\u1ea3m an to\u00e0n cho h\u1ec7 th\u1ed1ng \u0111i\u1ec7n","breadcrumb":{"@id":"https:\/\/kawasan.vn\/san-pham\/cau-dao-dien-1-pha-tu-dong-dong-ngat-kcb-25-2p\/#breadcrumb"},"inLanguage":"en-US","potentialAction":[{"@type":"ReadAction","target":["https:\/\/kawasan.vn\/san-pham\/cau-dao-dien-1-pha-tu-dong-dong-ngat-kcb-25-2p\/"]}]},{"@type":"ImageObject","inLanguage":"en-US","@id":"https:\/\/kawasan.vn\/san-pham\/cau-dao-dien-1-pha-tu-dong-dong-ngat-kcb-25-2p\/#primaryimage","url":"https:\/\/kawasan.vn\/wp-content\/uploads\/2023\/11\/cau-dao-dien-25a-600x600-1.jpg","contentUrl":"https:\/\/kawasan.vn\/wp-content\/uploads\/2023\/11\/cau-dao-dien-25a-600x600-1.jpg","width":600,"height":600},{"@type":"BreadcrumbList","@id":"https:\/\/kawasan.vn\/san-pham\/cau-dao-dien-1-pha-tu-dong-dong-ngat-kcb-25-2p\/#breadcrumb","itemListElement":[{"@type":"ListItem","position":1,"name":"Trang ch\u1ee7","item":"https:\/\/kawasan.vn\/"},{"@type":"ListItem","position":2,"name":"S\u1ea3n ph\u1ea9m","item":"https:\/\/kawasan.vn\/san-pham\/"},{"@type":"ListItem","position":3,"name":"C\u1ea7u Dao \u0110i\u1ec7n KCB-25 2P 1 Pha T\u1ef1 \u0110\u1ed9ng \u0110\u00f3ng Ng\u1eaft"}]},{"@type":"WebSite","@id":"https:\/\/kawasan.vn\/#website","url":"https:\/\/kawasan.vn\/","name":"Kawasan","description":"","potentialAction":[{"@type":"SearchAction","target":{"@type":"EntryPoint","urlTemplate":"https:\/\/kawasan.vn\/?s={search_term_string}"},"query-input":{"@type":"PropertyValueSpecification","valueRequired":true,"valueName":"search_term_string"}}],"inLanguage":"en-US"}]}},"_links":{"self":[{"href":"https:\/\/kawasan.vn\/en\/wp-json\/wp\/v2\/product\/12783","targetHints":{"allow":["GET"]}}],"collection":[{"href":"https:\/\/kawasan.vn\/en\/wp-json\/wp\/v2\/product"}],"about":[{"href":"https:\/\/kawasan.vn\/en\/wp-json\/wp\/v2\/types\/product"}],"replies":[{"embeddable":true,"href":"https:\/\/kawasan.vn\/en\/wp-json\/wp\/v2\/comments?post=12783"}],"version-history":[{"count":6,"href":"https:\/\/kawasan.vn\/en\/wp-json\/wp\/v2\/product\/12783\/revisions"}],"predecessor-version":[{"id":22594,"href":"https:\/\/kawasan.vn\/en\/wp-json\/wp\/v2\/product\/12783\/revisions\/22594"}],"wp:featuredmedia":[{"embeddable":true,"href":"https:\/\/kawasan.vn\/en\/wp-json\/wp\/v2\/media\/16894"}],"wp:attachment":[{"href":"https:\/\/kawasan.vn\/en\/wp-json\/wp\/v2\/media?parent=12783"}],"wp:term":[{"taxonomy":"product_cat","embeddable":true,"href":"https:\/\/kawasan.vn\/en\/wp-json\/wp\/v2\/product_cat?post=12783"},{"taxonomy":"product_tag","embeddable":true,"href":"https:\/\/kawasan.vn\/en\/wp-json\/wp\/v2\/product_tag?post=12783"}],"curies":[{"name":"wp","href":"https:\/\/api.w.org\/{rel}","templated":true}]}}