{"id":12779,"date":"2023-11-19T04:28:20","date_gmt":"2023-11-19T04:28:20","guid":{"rendered":"https:\/\/kawasan.123websitedev.com\/san-pham\/khoi-dong-tu-25a-kwc1-25\/"},"modified":"2025-12-09T11:55:01","modified_gmt":"2025-12-09T04:55:01","slug":"khoi-dong-tu-25a-kwc1-25","status":"publish","type":"product","link":"https:\/\/kawasan.vn\/en\/product\/khoi-dong-tu-25a-kwc1-25\/","title":{"rendered":"Kh\u1edfi \u0111\u1ed9ng t\u1eeb 25A KWC1-25A"},"content":{"rendered":"<h2><span class=\"ez-toc-section\" id=\"KHOI_DONG_TU_LA_GI\"><\/span>KH\u1edeI \u0110\u1ed8NG T\u1eea L\u00c0 G\u00cc?<span class=\"ez-toc-section-end\"><\/span><\/h2><div id=\"ez-toc-container\" class=\"ez-toc-v2_0_69_1 counter-hierarchy ez-toc-counter ez-toc-grey ez-toc-container-direction\">\n<div class=\"ez-toc-title-container\">\n<p class=\"ez-toc-title\" >N\u1ed9i Dung B&agrave;i Vi\u1ebft<\/p>\n<span class=\"ez-toc-title-toggle\"><a href=\"#\" class=\"ez-toc-pull-right ez-toc-btn ez-toc-btn-xs ez-toc-btn-default ez-toc-toggle\" aria-label=\"Toggle Table of Content\"><span class=\"ez-toc-js-icon-con\"><span class=\"\"><span class=\"eztoc-hide\" style=\"display:none;\">Toggle<\/span><span class=\"ez-toc-icon-toggle-span\"><svg style=\"fill: #999;color:#999\" xmlns=\"http:\/\/www.w3.org\/2000\/svg\" class=\"list-377408\" width=\"20px\" height=\"20px\" viewbox=\"0 0 24 24\" fill=\"none\"><path d=\"M6 6H4v2h2V6zm14 0H8v2h12V6zM4 11h2v2H4v-2zm16 0H8v2h12v-2zM4 16h2v2H4v-2zm16 0H8v2h12v-2z\" fill=\"currentColor\"><\/path><\/svg><svg style=\"fill: #999;color:#999\" class=\"arrow-unsorted-368013\" xmlns=\"http:\/\/www.w3.org\/2000\/svg\" width=\"10px\" height=\"10px\" viewbox=\"0 0 24 24\" version=\"1.2\" baseprofile=\"tiny\"><path d=\"M18.2 9.3l-6.2-6.3-6.2 6.3c-.2.2-.3.4-.3.7s.1.5.3.7c.2.2.4.3.7.3h11c.3 0 .5-.1.7-.3.2-.2.3-.5.3-.7s-.1-.5-.3-.7zM5.8 14.7l6.2 6.3 6.2-6.3c.2-.2.3-.5.3-.7s-.1-.5-.3-.7c-.2-.2-.4-.3-.7-.3h-11c-.3 0-.5.1-.7.3-.2.2-.3.5-.3.7s.1.5.3.7z\"\/><\/svg><\/span><\/span><\/span><\/a><\/span><\/div>\n<nav><ul class='ez-toc-list ez-toc-list-level-1 eztoc-toggle-hide-by-default' ><li class='ez-toc-page-1 ez-toc-heading-level-2'><a class=\"ez-toc-link ez-toc-heading-1\" href=\"https:\/\/kawasan.vn\/en\/product\/khoi-dong-tu-25a-kwc1-25\/#KHOI_DONG_TU_LA_GI\" title=\"KH\u1edeI \u0110\u1ed8NG T\u1eea L\u00c0 G\u00cc?\">KH\u1edeI \u0110\u1ed8NG T\u1eea L\u00c0 G\u00cc?<\/a><\/li><li class='ez-toc-page-1 ez-toc-heading-level-2'><a class=\"ez-toc-link ez-toc-heading-2\" href=\"https:\/\/kawasan.vn\/en\/product\/khoi-dong-tu-25a-kwc1-25\/#CAU_TAO_KHOI_DONG_TU_220V\" title=\"C\u1ea4U T\u1ea0O KH\u1edeI \u0110\u1ed8NG T\u1eea 220V\">C\u1ea4U T\u1ea0O KH\u1edeI \u0110\u1ed8NG T\u1eea 220V<\/a><ul class='ez-toc-list-level-3' ><li class='ez-toc-heading-level-3'><a class=\"ez-toc-link ez-toc-heading-3\" href=\"https:\/\/kawasan.vn\/en\/product\/khoi-dong-tu-25a-kwc1-25\/#Nam_cham_dien\" title=\"Nam ch\u00e2m \u0111i\u1ec7n:\">Nam ch\u00e2m \u0111i\u1ec7n:<\/a><\/li><li class='ez-toc-page-1 ez-toc-heading-level-3'><a class=\"ez-toc-link ez-toc-heading-4\" href=\"https:\/\/kawasan.vn\/en\/product\/khoi-dong-tu-25a-kwc1-25\/#He_thong_tiep_diem\" title=\"H\u1ec7 th\u1ed1ng ti\u1ebfp \u0111i\u1ec3m:\">H\u1ec7 th\u1ed1ng ti\u1ebfp \u0111i\u1ec3m:<\/a><\/li><\/ul><\/li><li class='ez-toc-page-1 ez-toc-heading-level-2'><a class=\"ez-toc-link ez-toc-heading-5\" href=\"https:\/\/kawasan.vn\/en\/product\/khoi-dong-tu-25a-kwc1-25\/#UU_DIEM_VA_UNG_DUNG_CUA_KHOI_DONG_TU_1_PHA_KWC1-25A\" title=\"\u01afU \u0110I\u1ec2M V\u00c0 \u1ee8NG D\u1ee4NG C\u1ee6A KH\u1edeI \u0110\u1ed8NG T\u1eea 1 PHA KWC1-25A\">\u01afU \u0110I\u1ec2M V\u00c0 \u1ee8NG D\u1ee4NG C\u1ee6A KH\u1edeI \u0110\u1ed8NG T\u1eea 1 PHA KWC1-25A<\/a><\/li><\/ul><\/nav><\/div>\n\n<p>Kh\u1edfi \u0111\u1ed9ng t\u1eeb hay c\u00f2n \u0111\u01b0\u1ee3c g\u1ecdi l\u00e0 Contactor ho\u1eb7c c\u00f4ng t\u1eafc t\u01a1 theo c\u00e1ch n\u00f3i c\u1ee7a ng\u01b0\u1eddi Vi\u1ec7t. \u0110\u00e2y l\u00e0 m\u1ed9t kh\u00ed c\u1ee5 \u0111i\u1ec7n h\u1ea1 \u00e1p \u0111\u1eb7c bi\u1ec7t quan tr\u1ecdng trong c\u00e1c h\u1ec7 th\u1ed1ng \u0111i\u1ec7n. N\u00f3 c\u00f3 nhi\u1ec7m v\u1ee5 th\u1ef1c hi\u1ec7n vi\u1ec7c \u0111\u00f3ng, c\u1eaft th\u01b0\u1eddng xuy\u00ean c\u00e1c m\u1ea1ch \u0111i\u1ec7n \u0111\u1ed9ng l\u1ef1c v\u1edbi \u0111\u1ed9 an to\u00e0n cao. Nh\u1eb1m b\u1ea3o v\u1ec7 m\u1ea1ch v\u00e0 thi\u1ebft b\u1ecb \u0111i\u1ec1u khi\u1ec3n. Nh\u1edd kh\u1edfi \u0111\u1ed9ng t\u1eeb, c\u00f3 th\u1ec3 \u0111i\u1ec1u khi\u1ec3n c\u00e1c thi\u1ebft b\u1ecb c\u00f4ng su\u1ea5t l\u1edbn nh\u01b0 \u0111\u1ed9ng c\u01a1, t\u1ee5 b\u00f9, h\u1ec7 th\u1ed1ng chi\u1ebfu s\u00e1ng\u2026 M\u1ed9t c\u00e1ch \u0111\u01a1n gi\u1ea3n v\u00e0 an to\u00e0n th\u00f4ng qua n\u00fat nh\u1ea5n, h\u1eb9n gi\u1edd t\u1ef1 \u0111\u1ed9ng hay \u0111i\u1ec1u khi\u1ec3n t\u1eeb xa.<\/p>\n<p>Kh\u1edfi \u0111\u1ed9ng t\u1eeb 1 pha KWC1-25A, c\u00f3 th\u1ec3 k\u1ebft h\u1ee3p d\u00f9ng v\u1edbi <a href=\"https:\/\/kawasan.vn\/en\/product-category\/cong-tac-dieu-khien-tu-xa\/\" target=\"_blank\" rel=\"noopener\">c\u00f4ng t\u1eafc \u0111i\u1ec1u khi\u1ec3n t\u1eeb xa<\/a>\u00a0ho\u1eb7c h\u1eb9n gi\u1edd. \u0110\u1ec3 \u0111i\u1ec1u khi\u1ec3n c\u00e1c thi\u1ebft b\u1ecb c\u00f4ng su\u1ea5t l\u1edbn t\u1edbi 3HP nh\u01b0: h\u1ec7 th\u1ed1ng \u0111\u00e8n, b\u01a1m, qu\u1ea1t h\u00fat, \u0111\u1ed9ng c\u01a1\u2026Kh\u1ea3 n\u0103ng ch\u1ecbu t\u1ea3i t\u1ed1t, gi\u00fap b\u1ea3o v\u1ec7 thi\u1ebft b\u1ecb ho\u1ea1t \u0111\u1ed9ng \u1ed5n \u0111\u1ecbnh. \u0110\u1ed9 b\u1ec1n cao &gt; 5 n\u0103m, ti\u1ebft ki\u1ec7m chi ph\u00ed thay m\u1edbi.<\/p>\n<div id=\"attachment_7798\" class=\"wp-caption aligncenter\">\n<figure id=\"attachment_16914\" aria-describedby=\"caption-attachment-16914\" style=\"width: 600px\" class=\"wp-caption aligncenter\"><img loading=\"lazy\" decoding=\"async\" class=\"wp-image-16914\" title=\"Kh\u1edfi \u0111\u1ed9ng t\u1eeb 1 pha 25A KWC1-25 Kawasan\" src=\"https:\/\/kawasan.vn\/wp-content\/uploads\/2023\/11\/khoi-dong-tu-kwc1-25a4-1.jpg\" alt=\"Kh\u1edfi \u0111\u1ed9ng t\u1eeb 1 pha 25A KWC1-25 Kawasan\" width=\"600\" height=\"450\" srcset=\"https:\/\/kawasan.vn\/wp-content\/uploads\/2023\/11\/khoi-dong-tu-kwc1-25a4-1-463x348.jpg 463w, https:\/\/kawasan.vn\/wp-content\/uploads\/2023\/11\/khoi-dong-tu-kwc1-25a4-1-400x300.jpg 400w\" sizes=\"auto, (max-width: 600px) 100vw, 600px\" \/><figcaption id=\"caption-attachment-16914\" class=\"wp-caption-text\">Kh\u1edfi \u0111\u1ed9ng t\u1eeb 1 pha 25A KWC1-25 Kawasan<\/figcaption><\/figure>\n<\/div>\n<h2><span class=\"ez-toc-section\" id=\"CAU_TAO_KHOI_DONG_TU_220V\"><\/span>C\u1ea4U T\u1ea0O KH\u1edeI \u0110\u1ed8NG T\u1eea 220V<span class=\"ez-toc-section-end\"><\/span><\/h2>\n<p>Contactor 1 pha \u0111\u01b0\u1ee3c c\u1ea5u t\u1ea1o th\u00e0nh 3 ph\u1ea7n ch\u00ednh: Nam ch\u00e2m \u0111i\u1ec7n, h\u1ec7 th\u1ed1ng ti\u1ebfp \u0111i\u1ec3m v\u00e0 h\u1ec7 th\u1ed1ng d\u1eadp h\u1ed3 quang.<\/p>\n<h3><span class=\"ez-toc-section\" id=\"Nam_cham_dien\"><\/span>Nam ch\u00e2m \u0111i\u1ec7n:<span class=\"ez-toc-section-end\"><\/span><\/h3>\n<p>Bao g\u1ed3m 1 l\u00f5i s\u1eaft, 1 l\u00f2 xo \u0111\u1ec3 \u0111\u1ea9y l\u00f5i n\u1eafp d\u1ecbch chuy\u1ec3n v\u1ec1 v\u1ecb tr\u00ed ban \u0111\u1ea7u. Cu\u1ed9n d\u00e2y \u0111\u1ec3 t\u1ea1o ra l\u1ef1c h\u00fat nam ch\u00e2m. Ch\u1ee9c n\u0103ng c\u1ee7a nam ch\u00e2m \u0111i\u1ec7n l\u00e0 t\u1ea1o ra t\u1eeb tr\u01b0\u1eddng.<\/p>\n<h3><span class=\"ez-toc-section\" id=\"He_thong_tiep_diem\"><\/span>H\u1ec7 th\u1ed1ng ti\u1ebfp \u0111i\u1ec3m:<span class=\"ez-toc-section-end\"><\/span><\/h3>\n<p>Bao g\u1ed3m ti\u1ebfp \u0111i\u1ec3m ch\u00ednh v\u00e0 ti\u1ebfp \u0111i\u1ec3m ph\u1ee5:<\/p>\n<ul>\n<li>Ti\u1ebfp \u0111i\u1ec3m ch\u00ednh:\u00a0Ti\u1ebfp \u0111i\u1ec3m ch\u00ednh l\u00e0 ti\u1ebfp \u0111i\u1ec3m th\u01b0\u1eddng h\u1edf, s\u1ebd \u0111\u00f3ng l\u1ea1i khi c\u1ea5p ngu\u1ed3n v\u00e0o m\u1ea1ch t\u1eeb c\u1ee7a kh\u1edfi \u0111\u1ed9ng t\u1eeb trong\u00a0t\u1ee7 \u0111i\u1ec7nl\u00e0m m\u1ea1ch t\u1eeb h\u00fat l\u1ea1i. L\u00e0 ti\u1ebfp \u0111i\u1ec3m c\u00f3 kh\u1ea3 n\u0103ng cho d\u00f2ng \u0111i\u1ec7n l\u1edbn \u0111i qua.<\/li>\n<li>Ti\u1ebfp \u0111i\u1ec3m ph\u1ee5:\u00a0Ti\u1ebfp \u0111i\u1ec3m ph\u1ee5 c\u00f3 2 tr\u1ea1ng th\u00e1i: th\u01b0\u1eddng \u0111\u00f3ng v\u00e0 th\u01b0\u1eddng m\u1edf. L\u00e0 ti\u1ebfp \u0111i\u1ec3m c\u00f3 kh\u1ea3 n\u0103ng cho d\u00f2ng \u0111i\u1ec7n \u0111i qua c\u00e1c ti\u1ebfp \u0111i\u1ec3m nh\u1ecf h\u01a1n 5A.<\/li>\n<\/ul>\n<p>H\u1ec7 th\u1ed1ng d\u1eadp h\u1ed3 quang:<\/p>\n<p>Do vi\u1ec7c chuy\u1ec3n m\u1ea1ch li\u00ean t\u1ee5c, h\u1ed3 quang \u0111i\u1ec7n s\u1ebd xu\u1ea5t hi\u1ec7n l\u00e0m c\u00e1c ti\u1ebfp \u0111i\u1ec3m b\u1ecb ch\u00e1y v\u00e0 m\u00f2n d\u1ea7n n\u00ean c\u1ea7n h\u1ec7 th\u1ed1ng d\u1eadp h\u1ed3 quang. H\u1ec7 th\u1ed1ng ti\u1ebfp \u0111i\u1ec3m: Contactor KWC1-25A c\u00f3 2 ti\u1ebfp \u0111i\u1ec3m th\u01b0\u1eddng m\u1edf (NO), s\u1eed d\u1ee5ng ngu\u1ed3n \u0111i\u1ec7n 220 -250V.<\/p>\n<div id=\"attachment_7799\" class=\"wp-caption aligncenter\">\n<figure id=\"attachment_16915\" aria-describedby=\"caption-attachment-16915\" style=\"width: 600px\" class=\"wp-caption aligncenter\"><img loading=\"lazy\" decoding=\"async\" class=\"wp-image-16915\" title=\"Thi\u1ebft k\u1ebf nh\u1ecf g\u1ecdn, d\u1ec5 d\u00e0ng l\u1eafp \u0111\u1eb7t cho nhi\u1ec1u khu v\u1ef1c\" src=\"https:\/\/kawasan.vn\/wp-content\/uploads\/2023\/11\/khoi-dong-tu-kwc1-25a5-1.jpg\" alt=\"Thi\u1ebft k\u1ebf nh\u1ecf g\u1ecdn, d\u1ec5 d\u00e0ng l\u1eafp \u0111\u1eb7t cho nhi\u1ec1u khu v\u1ef1c\" width=\"600\" height=\"455\" \/><figcaption id=\"caption-attachment-16915\" class=\"wp-caption-text\">Thi\u1ebft k\u1ebf nh\u1ecf g\u1ecdn, d\u1ec5 d\u00e0ng l\u1eafp \u0111\u1eb7t cho nhi\u1ec1u khu v\u1ef1c<\/figcaption><\/figure>\n<\/div>\n<h2><span class=\"ez-toc-section\" id=\"UU_DIEM_VA_UNG_DUNG_CUA_KHOI_DONG_TU_1_PHA_KWC1-25A\"><\/span>\u01afU \u0110I\u1ec2M V\u00c0 \u1ee8NG D\u1ee4NG C\u1ee6A KH\u1edeI \u0110\u1ed8NG T\u1eea 1 PHA KWC1-25A<span class=\"ez-toc-section-end\"><\/span><\/h2>\n<ul>\n<li>V\u1ecf ngo\u00e0i l\u00e0m t\u1eeb l\u1edbp nh\u1ef1a cao c\u1ea5p, ch\u1ecbu nhi\u1ec7t v\u00e0 ch\u1ed1ng ch\u00e1y t\u1ed1t.<\/li>\n<li>Ho\u1ea1t \u0111\u1ed9ng \u1ed5n \u0111\u1ecbnh, \u0111\u1ed9 b\u1ec1n cao &gt;5 n\u0103m, \u00edt g\u1eb7p s\u1ef1 c\u1ed1. Ph\u00f9 h\u1ee3p s\u1eed d\u1ee5ng cho c\u00e1c thi\u1ebft b\u1ecb, h\u1ec7 th\u1ed1ng \u0111i\u1ec7n ph\u1ee9c t\u1ea1p, c\u00f4ng su\u1ea5t l\u1edbn.<\/li>\n<li>Thi\u1ebft k\u1ebf nh\u1ecf g\u1ecdn d\u1ec5 d\u00e0ng l\u1eafp th\u00eam v\u00e0o c\u00e1c h\u1ed9p \u0111i\u1ec7n d\u00e2n d\u1ee5ng, c\u00f4ng nghi\u1ec7p, v\u00e0 t\u1eadn d\u1ee5ng c\u00e1c kh\u00f4ng gian ch\u1eadt h\u1eb9p.<\/li>\n<li>Kh\u1ea3 n\u0103ng \u0111\u00f3ng c\u1eaft \u0111i\u1ec7n nhanh ch\u00f3ng, gi\u00fap ti\u1ebft ki\u1ec7m \u0111i\u1ec7n n\u0103ng ti\u00eau th\u1ee5 hi\u1ec7u qu\u1ea3.<\/li>\n<\/ul>\n<p>Nh\u1edd nh\u1eefng \u01b0u \u0111i\u1ec3m n\u1ed5i b\u1eadt tr\u00ean, n\u00ean kh\u1edfi \u0111\u1ed9ng t\u1eeb Kawasan \u0111\u01b0\u1ee3c \u01b0a chu\u1ed9ng s\u1eed d\u1ee5ng r\u1ed9ng r\u00e3i trong c\u00e1c khu c\u00f4ng nghi\u1ec7p, nh\u00e0 m\u00e1y, x\u01b0\u1edfng s\u1ea3n xu\u1ea5t\u2026Th\u01b0\u1eddng k\u1ebft n\u1ed1i v\u1edbi c\u00f4ng t\u1eafc \u0111i\u1ec1u khi\u1ec3n t\u1eeb xa,\u00a0<a href=\"https:\/\/thegioidienthongminh.com\/danh-muc\/hen-gio\/\" target=\"_blank\" rel=\"noopener\">c\u00f4ng t\u1eafc h\u1eb9n gi\u1edd<\/a>, c\u00f4ng t\u1eafc c\u1ea3m \u1ee9ng, c\u00f4ng t\u1eafc wifi .. \u0111\u1ec3 \u0111i\u1ec1u khi\u1ec3n b\u01a1m, qu\u1ea1t h\u00fat c\u00f4ng nghi\u1ec7p, h\u1ec7 th\u1ed1ng \u0111\u00e8n, \u0111\u1ed9ng c\u01a1 c\u00f4ng su\u1ea5t l\u1edbn 3HP.<\/p>","protected":false},"excerpt":{"rendered":"<p>KH\u1edeI \u0110\u1ed8NG T\u1eea L\u00c0 G\u00cc? Kh\u1edfi \u0111\u1ed9ng t\u1eeb hay c\u00f2n \u0111\u01b0\u1ee3c g\u1ecdi l\u00e0 Contactor ho\u1eb7c c\u00f4ng t\u1eafc t\u01a1 theo c\u00e1ch n\u00f3i c\u1ee7a ng\u01b0\u1eddi Vi\u1ec7t. \u0110\u00e2y l\u00e0 m\u1ed9t kh\u00ed c\u1ee5 \u0111i\u1ec7n h\u1ea1 \u00e1p \u0111\u1eb7c bi\u1ec7t quan tr\u1ecdng trong c\u00e1c h\u1ec7 th\u1ed1ng \u0111i\u1ec7n. N\u00f3 c\u00f3 nhi\u1ec7m v\u1ee5 th\u1ef1c hi\u1ec7n vi\u1ec7c \u0111\u00f3ng, c\u1eaft th\u01b0\u1eddng xuy\u00ean c\u00e1c m\u1ea1ch \u0111i\u1ec7n [&hellip;]<\/p>","protected":false},"featured_media":16912,"comment_status":"open","ping_status":"closed","template":"","meta":{"_yoast_wpseo_focuskw":"Kh\u1edfi \u0111\u1ed9ng t\u1eeb","_yoast_wpseo_metadesc":"Kh\u1edfi \u0111\u1ed9ng t\u1eeb 1 pha KWC1-25A, c\u00f3 th\u1ec3 k\u1ebft h\u1ee3p d\u00f9ng v\u1edbi c\u00f4ng t\u1eafc \u0111i\u1ec1u khi\u1ec3n t\u1eeb xa\u00a0ho\u1eb7c h\u1eb9n gi\u1edd. \u0110\u1ec3 \u0111i\u1ec1u khi\u1ec3n c\u00e1c thi\u1ebft b\u1ecb c\u00f4ng su\u1ea5t l\u1edbn t\u1edbi 3HP","_yoast_wpseo_focuskeywords":"","_yoast_wpseo_keyword_synonyms":""},"product_cat":[1799],"product_tag":[1138,1248,1135,941,1136,1140,1133,823,730,1139,1134,1137,1131,1132,1249,1250,1142,524,1141,523],"class_list":["post-12779","product","type-product","status-publish","has-post-thumbnail","hentry","product_cat-khoi-dong-tu","product_tag-bo-cong-tac-dieu-khien-tu-xa","product_tag-bo-cong-tac-dieu-khien-tu-xa-co-hen-gio","product_tag-bo-dieu-khien-may-bom-tu-xa","product_tag-cong-tac-den-dieu-khien-tu-xa","product_tag-cong-tac-dien-dieu-khien-tu-xa","product_tag-cong-tac-dien-dieu-khien-tu-xa-bang-dien-thoai","product_tag-cong-tac-dien-dieu-khien-tu-xa-bang-remote","product_tag-cong-tac-dieu-khien","product_tag-cong-tac-dieu-khien-tu-xa","product_tag-cong-tac-dieu-khien-tu-xa-12v","product_tag-cong-tac-dieu-khien-tu-xa-220v","product_tag-cong-tac-dieu-khien-tu-xa-bang-dien-thoai","product_tag-cong-tac-dieu-khien-tu-xa-qua-wifi","product_tag-cong-tac-dieu-khien-tu-xa-qua-wifi-3g","product_tag-cong-tac-hen-gio-dieu-khien-tu-xa","product_tag-cong-tac-hen-gio-tu-dong-bat-tat","product_tag-cong-tac-thong-minh-dieu-khien-tu-xa","product_tag-contactor","product_tag-hat-cong-tac-dieu-khien-tu-xa","product_tag-khoi-dong-tu"],"acf":[],"yoast_head":"<!-- This site is optimized with the Yoast SEO Premium plugin v24.9 (Yoast SEO v24.9) - https:\/\/yoast.com\/wordpress\/plugins\/seo\/ -->\n<title>Kh\u1edfi \u0111\u1ed9ng t\u1eeb 25A KWC1-25A - Kawasan<\/title>\n<meta name=\"description\" content=\"Kh\u1edfi \u0111\u1ed9ng t\u1eeb 1 pha KWC1-25A, c\u00f3 th\u1ec3 k\u1ebft h\u1ee3p d\u00f9ng v\u1edbi c\u00f4ng t\u1eafc \u0111i\u1ec1u khi\u1ec3n t\u1eeb xa\u00a0ho\u1eb7c h\u1eb9n gi\u1edd. \u0110\u1ec3 \u0111i\u1ec1u khi\u1ec3n c\u00e1c thi\u1ebft b\u1ecb c\u00f4ng su\u1ea5t l\u1edbn t\u1edbi 3HP\" \/>\n<meta name=\"robots\" content=\"index, follow, max-snippet:-1, max-image-preview:large, max-video-preview:-1\" \/>\n<link rel=\"canonical\" href=\"https:\/\/kawasan.vn\/en\/product\/khoi-dong-tu-25a-kwc1-25\/\" \/>\n<meta property=\"og:locale\" content=\"en_US\" \/>\n<meta property=\"og:type\" content=\"article\" \/>\n<meta property=\"og:title\" content=\"Kh\u1edfi \u0111\u1ed9ng t\u1eeb 25A KWC1-25A\" \/>\n<meta property=\"og:description\" content=\"Kh\u1edfi \u0111\u1ed9ng t\u1eeb 1 pha KWC1-25A, c\u00f3 th\u1ec3 k\u1ebft h\u1ee3p d\u00f9ng v\u1edbi c\u00f4ng t\u1eafc \u0111i\u1ec1u khi\u1ec3n t\u1eeb xa\u00a0ho\u1eb7c h\u1eb9n gi\u1edd. \u0110\u1ec3 \u0111i\u1ec1u khi\u1ec3n c\u00e1c thi\u1ebft b\u1ecb c\u00f4ng su\u1ea5t l\u1edbn t\u1edbi 3HP\" \/>\n<meta property=\"og:url\" content=\"https:\/\/kawasan.vn\/en\/product\/khoi-dong-tu-25a-kwc1-25\/\" \/>\n<meta property=\"og:site_name\" content=\"Kawasan\" \/>\n<meta property=\"article:modified_time\" content=\"2025-12-09T04:55:01+00:00\" \/>\n<meta property=\"og:image\" content=\"https:\/\/kawasan.vn\/wp-content\/uploads\/2023\/11\/khoi-dong-tu-kwc1-25a1-600x600-1.jpg\" \/>\n\t<meta property=\"og:image:width\" content=\"600\" \/>\n\t<meta property=\"og:image:height\" content=\"600\" \/>\n\t<meta property=\"og:image:type\" content=\"image\/jpeg\" \/>\n<meta name=\"twitter:card\" content=\"summary_large_image\" \/>\n<meta name=\"twitter:label1\" content=\"Est. reading time\" \/>\n\t<meta name=\"twitter:data1\" content=\"4 minutes\" \/>\n<script type=\"application\/ld+json\" class=\"yoast-schema-graph\">{\"@context\":\"https:\/\/schema.org\",\"@graph\":[{\"@type\":\"WebPage\",\"@id\":\"https:\/\/kawasan.vn\/san-pham\/khoi-dong-tu-25a-kwc1-25\/\",\"url\":\"https:\/\/kawasan.vn\/san-pham\/khoi-dong-tu-25a-kwc1-25\/\",\"name\":\"Kh\u1edfi \u0111\u1ed9ng t\u1eeb 25A KWC1-25A - Kawasan\",\"isPartOf\":{\"@id\":\"https:\/\/kawasan.vn\/#website\"},\"primaryImageOfPage\":{\"@id\":\"https:\/\/kawasan.vn\/san-pham\/khoi-dong-tu-25a-kwc1-25\/#primaryimage\"},\"image\":{\"@id\":\"https:\/\/kawasan.vn\/san-pham\/khoi-dong-tu-25a-kwc1-25\/#primaryimage\"},\"thumbnailUrl\":\"https:\/\/kawasan.vn\/wp-content\/uploads\/2023\/11\/khoi-dong-tu-kwc1-25a1-600x600-1.jpg\",\"datePublished\":\"2023-11-19T04:28:20+00:00\",\"dateModified\":\"2025-12-09T04:55:01+00:00\",\"description\":\"Kh\u1edfi \u0111\u1ed9ng t\u1eeb 1 pha KWC1-25A, c\u00f3 th\u1ec3 k\u1ebft h\u1ee3p d\u00f9ng v\u1edbi c\u00f4ng t\u1eafc \u0111i\u1ec1u khi\u1ec3n t\u1eeb xa\u00a0ho\u1eb7c h\u1eb9n gi\u1edd. \u0110\u1ec3 \u0111i\u1ec1u khi\u1ec3n c\u00e1c thi\u1ebft b\u1ecb c\u00f4ng su\u1ea5t l\u1edbn t\u1edbi 3HP\",\"breadcrumb\":{\"@id\":\"https:\/\/kawasan.vn\/san-pham\/khoi-dong-tu-25a-kwc1-25\/#breadcrumb\"},\"inLanguage\":\"en-US\",\"potentialAction\":[{\"@type\":\"ReadAction\",\"target\":[\"https:\/\/kawasan.vn\/san-pham\/khoi-dong-tu-25a-kwc1-25\/\"]}]},{\"@type\":\"ImageObject\",\"inLanguage\":\"en-US\",\"@id\":\"https:\/\/kawasan.vn\/san-pham\/khoi-dong-tu-25a-kwc1-25\/#primaryimage\",\"url\":\"https:\/\/kawasan.vn\/wp-content\/uploads\/2023\/11\/khoi-dong-tu-kwc1-25a1-600x600-1.jpg\",\"contentUrl\":\"https:\/\/kawasan.vn\/wp-content\/uploads\/2023\/11\/khoi-dong-tu-kwc1-25a1-600x600-1.jpg\",\"width\":600,\"height\":600},{\"@type\":\"BreadcrumbList\",\"@id\":\"https:\/\/kawasan.vn\/san-pham\/khoi-dong-tu-25a-kwc1-25\/#breadcrumb\",\"itemListElement\":[{\"@type\":\"ListItem\",\"position\":1,\"name\":\"Trang ch\u1ee7\",\"item\":\"https:\/\/kawasan.vn\/\"},{\"@type\":\"ListItem\",\"position\":2,\"name\":\"S\u1ea3n ph\u1ea9m\",\"item\":\"https:\/\/kawasan.vn\/san-pham\/\"},{\"@type\":\"ListItem\",\"position\":3,\"name\":\"Kh\u1edfi \u0111\u1ed9ng t\u1eeb 25A KWC1-25A\"}]},{\"@type\":\"WebSite\",\"@id\":\"https:\/\/kawasan.vn\/#website\",\"url\":\"https:\/\/kawasan.vn\/\",\"name\":\"Kawasan\",\"description\":\"\",\"potentialAction\":[{\"@type\":\"SearchAction\",\"target\":{\"@type\":\"EntryPoint\",\"urlTemplate\":\"https:\/\/kawasan.vn\/?s={search_term_string}\"},\"query-input\":{\"@type\":\"PropertyValueSpecification\",\"valueRequired\":true,\"valueName\":\"search_term_string\"}}],\"inLanguage\":\"en-US\"}]}<\/script>\n<!-- \/ Yoast SEO Premium plugin. -->","yoast_head_json":{"title":"Kh\u1edfi \u0111\u1ed9ng t\u1eeb 25A KWC1-25A - Kawasan","description":"Kh\u1edfi \u0111\u1ed9ng t\u1eeb 1 pha KWC1-25A, c\u00f3 th\u1ec3 k\u1ebft h\u1ee3p d\u00f9ng v\u1edbi c\u00f4ng t\u1eafc \u0111i\u1ec1u khi\u1ec3n t\u1eeb xa\u00a0ho\u1eb7c h\u1eb9n gi\u1edd. \u0110\u1ec3 \u0111i\u1ec1u khi\u1ec3n c\u00e1c thi\u1ebft b\u1ecb c\u00f4ng su\u1ea5t l\u1edbn t\u1edbi 3HP","robots":{"index":"index","follow":"follow","max-snippet":"max-snippet:-1","max-image-preview":"max-image-preview:large","max-video-preview":"max-video-preview:-1"},"canonical":"https:\/\/kawasan.vn\/en\/product\/khoi-dong-tu-25a-kwc1-25\/","og_locale":"en_US","og_type":"article","og_title":"Kh\u1edfi \u0111\u1ed9ng t\u1eeb 25A KWC1-25A","og_description":"Kh\u1edfi \u0111\u1ed9ng t\u1eeb 1 pha KWC1-25A, c\u00f3 th\u1ec3 k\u1ebft h\u1ee3p d\u00f9ng v\u1edbi c\u00f4ng t\u1eafc \u0111i\u1ec1u khi\u1ec3n t\u1eeb xa\u00a0ho\u1eb7c h\u1eb9n gi\u1edd. \u0110\u1ec3 \u0111i\u1ec1u khi\u1ec3n c\u00e1c thi\u1ebft b\u1ecb c\u00f4ng su\u1ea5t l\u1edbn t\u1edbi 3HP","og_url":"https:\/\/kawasan.vn\/en\/product\/khoi-dong-tu-25a-kwc1-25\/","og_site_name":"Kawasan","article_modified_time":"2025-12-09T04:55:01+00:00","og_image":[{"width":600,"height":600,"url":"https:\/\/kawasan.vn\/wp-content\/uploads\/2023\/11\/khoi-dong-tu-kwc1-25a1-600x600-1.jpg","type":"image\/jpeg"}],"twitter_card":"summary_large_image","twitter_misc":{"Est. reading time":"4 minutes"},"schema":{"@context":"https:\/\/schema.org","@graph":[{"@type":"WebPage","@id":"https:\/\/kawasan.vn\/san-pham\/khoi-dong-tu-25a-kwc1-25\/","url":"https:\/\/kawasan.vn\/san-pham\/khoi-dong-tu-25a-kwc1-25\/","name":"Kh\u1edfi \u0111\u1ed9ng t\u1eeb 25A KWC1-25A - Kawasan","isPartOf":{"@id":"https:\/\/kawasan.vn\/#website"},"primaryImageOfPage":{"@id":"https:\/\/kawasan.vn\/san-pham\/khoi-dong-tu-25a-kwc1-25\/#primaryimage"},"image":{"@id":"https:\/\/kawasan.vn\/san-pham\/khoi-dong-tu-25a-kwc1-25\/#primaryimage"},"thumbnailUrl":"https:\/\/kawasan.vn\/wp-content\/uploads\/2023\/11\/khoi-dong-tu-kwc1-25a1-600x600-1.jpg","datePublished":"2023-11-19T04:28:20+00:00","dateModified":"2025-12-09T04:55:01+00:00","description":"Kh\u1edfi \u0111\u1ed9ng t\u1eeb 1 pha KWC1-25A, c\u00f3 th\u1ec3 k\u1ebft h\u1ee3p d\u00f9ng v\u1edbi c\u00f4ng t\u1eafc \u0111i\u1ec1u khi\u1ec3n t\u1eeb xa\u00a0ho\u1eb7c h\u1eb9n gi\u1edd. \u0110\u1ec3 \u0111i\u1ec1u khi\u1ec3n c\u00e1c thi\u1ebft b\u1ecb c\u00f4ng su\u1ea5t l\u1edbn t\u1edbi 3HP","breadcrumb":{"@id":"https:\/\/kawasan.vn\/san-pham\/khoi-dong-tu-25a-kwc1-25\/#breadcrumb"},"inLanguage":"en-US","potentialAction":[{"@type":"ReadAction","target":["https:\/\/kawasan.vn\/san-pham\/khoi-dong-tu-25a-kwc1-25\/"]}]},{"@type":"ImageObject","inLanguage":"en-US","@id":"https:\/\/kawasan.vn\/san-pham\/khoi-dong-tu-25a-kwc1-25\/#primaryimage","url":"https:\/\/kawasan.vn\/wp-content\/uploads\/2023\/11\/khoi-dong-tu-kwc1-25a1-600x600-1.jpg","contentUrl":"https:\/\/kawasan.vn\/wp-content\/uploads\/2023\/11\/khoi-dong-tu-kwc1-25a1-600x600-1.jpg","width":600,"height":600},{"@type":"BreadcrumbList","@id":"https:\/\/kawasan.vn\/san-pham\/khoi-dong-tu-25a-kwc1-25\/#breadcrumb","itemListElement":[{"@type":"ListItem","position":1,"name":"Trang ch\u1ee7","item":"https:\/\/kawasan.vn\/"},{"@type":"ListItem","position":2,"name":"S\u1ea3n ph\u1ea9m","item":"https:\/\/kawasan.vn\/san-pham\/"},{"@type":"ListItem","position":3,"name":"Kh\u1edfi \u0111\u1ed9ng t\u1eeb 25A KWC1-25A"}]},{"@type":"WebSite","@id":"https:\/\/kawasan.vn\/#website","url":"https:\/\/kawasan.vn\/","name":"Kawasan","description":"","potentialAction":[{"@type":"SearchAction","target":{"@type":"EntryPoint","urlTemplate":"https:\/\/kawasan.vn\/?s={search_term_string}"},"query-input":{"@type":"PropertyValueSpecification","valueRequired":true,"valueName":"search_term_string"}}],"inLanguage":"en-US"}]}},"_links":{"self":[{"href":"https:\/\/kawasan.vn\/en\/wp-json\/wp\/v2\/product\/12779","targetHints":{"allow":["GET"]}}],"collection":[{"href":"https:\/\/kawasan.vn\/en\/wp-json\/wp\/v2\/product"}],"about":[{"href":"https:\/\/kawasan.vn\/en\/wp-json\/wp\/v2\/types\/product"}],"replies":[{"embeddable":true,"href":"https:\/\/kawasan.vn\/en\/wp-json\/wp\/v2\/comments?post=12779"}],"version-history":[{"count":1,"href":"https:\/\/kawasan.vn\/en\/wp-json\/wp\/v2\/product\/12779\/revisions"}],"predecessor-version":[{"id":18513,"href":"https:\/\/kawasan.vn\/en\/wp-json\/wp\/v2\/product\/12779\/revisions\/18513"}],"wp:featuredmedia":[{"embeddable":true,"href":"https:\/\/kawasan.vn\/en\/wp-json\/wp\/v2\/media\/16912"}],"wp:attachment":[{"href":"https:\/\/kawasan.vn\/en\/wp-json\/wp\/v2\/media?parent=12779"}],"wp:term":[{"taxonomy":"product_cat","embeddable":true,"href":"https:\/\/kawasan.vn\/en\/wp-json\/wp\/v2\/product_cat?post=12779"},{"taxonomy":"product_tag","embeddable":true,"href":"https:\/\/kawasan.vn\/en\/wp-json\/wp\/v2\/product_tag?post=12779"}],"curies":[{"name":"wp","href":"https:\/\/api.w.org\/{rel}","templated":true}]}}