{"id":12696,"date":"2023-11-19T04:34:32","date_gmt":"2023-11-19T04:34:32","guid":{"rendered":"https:\/\/kawasan.123websitedev.com\/?post_type=product&#038;p=12696"},"modified":"2026-03-20T15:39:31","modified_gmt":"2026-03-20T08:39:31","slug":"o-cam-do-cong-suat-en106","status":"publish","type":"product","link":"https:\/\/kawasan.vn\/en\/product\/o-cam-do-cong-suat-en106\/","title":{"rendered":"EN106 Power Measurement Socket"},"content":{"rendered":"<h2><span class=\"ez-toc-section\" id=\"UNG_DUNG_O_CAM_DO_CONG_SUAT\"><\/span><strong>\u1ee8NG D\u1ee4NG \u1ed4 C\u1eaeM \u0110O C\u00d4NG SU\u1ea4T:<\/strong><span class=\"ez-toc-section-end\"><\/span><\/h2><div id=\"ez-toc-container\" class=\"ez-toc-v2_0_69_1 counter-hierarchy ez-toc-counter ez-toc-grey ez-toc-container-direction\">\n<div class=\"ez-toc-title-container\">\n<p class=\"ez-toc-title\" >N\u1ed9i Dung B&agrave;i Vi\u1ebft<\/p>\n<span class=\"ez-toc-title-toggle\"><a href=\"#\" class=\"ez-toc-pull-right ez-toc-btn ez-toc-btn-xs ez-toc-btn-default ez-toc-toggle\" aria-label=\"Toggle Table of Content\"><span class=\"ez-toc-js-icon-con\"><span class=\"\"><span class=\"eztoc-hide\" style=\"display:none;\">Toggle<\/span><span class=\"ez-toc-icon-toggle-span\"><svg style=\"fill: #999;color:#999\" xmlns=\"http:\/\/www.w3.org\/2000\/svg\" class=\"list-377408\" width=\"20px\" height=\"20px\" viewbox=\"0 0 24 24\" fill=\"none\"><path d=\"M6 6H4v2h2V6zm14 0H8v2h12V6zM4 11h2v2H4v-2zm16 0H8v2h12v-2zM4 16h2v2H4v-2zm16 0H8v2h12v-2z\" fill=\"currentColor\"><\/path><\/svg><svg style=\"fill: #999;color:#999\" class=\"arrow-unsorted-368013\" xmlns=\"http:\/\/www.w3.org\/2000\/svg\" width=\"10px\" height=\"10px\" viewbox=\"0 0 24 24\" version=\"1.2\" baseprofile=\"tiny\"><path d=\"M18.2 9.3l-6.2-6.3-6.2 6.3c-.2.2-.3.4-.3.7s.1.5.3.7c.2.2.4.3.7.3h11c.3 0 .5-.1.7-.3.2-.2.3-.5.3-.7s-.1-.5-.3-.7zM5.8 14.7l6.2 6.3 6.2-6.3c.2-.2.3-.5.3-.7s-.1-.5-.3-.7c-.2-.2-.4-.3-.7-.3h-11c-.3 0-.5.1-.7.3-.2.2-.3.5-.3.7s.1.5.3.7z\"\/><\/svg><\/span><\/span><\/span><\/a><\/span><\/div>\n<nav><ul class='ez-toc-list ez-toc-list-level-1 eztoc-toggle-hide-by-default' ><li class='ez-toc-page-1 ez-toc-heading-level-2'><a class=\"ez-toc-link ez-toc-heading-1\" href=\"https:\/\/kawasan.vn\/en\/product\/o-cam-do-cong-suat-en106\/#UNG_DUNG_O_CAM_DO_CONG_SUAT\" title=\"\u1ee8NG D\u1ee4NG \u1ed4 C\u1eaeM \u0110O C\u00d4NG SU\u1ea4T:\">\u1ee8NG D\u1ee4NG \u1ed4 C\u1eaeM \u0110O C\u00d4NG SU\u1ea4T:<\/a><ul class='ez-toc-list-level-4' ><li class='ez-toc-heading-level-4'><ul class='ez-toc-list-level-4' ><li class='ez-toc-heading-level-4'><a class=\"ez-toc-link ez-toc-heading-2\" href=\"https:\/\/kawasan.vn\/en\/product\/o-cam-do-cong-suat-en106\/#DINH_NGHIA_CAC_PHIM\" title=\"\u0110\u1ecaNH NGH\u0128A C\u00c1C PH\u00cdM:\">\u0110\u1ecaNH NGH\u0128A C\u00c1C PH\u00cdM:<\/a><\/li><li class='ez-toc-page-1 ez-toc-heading-level-4'><a class=\"ez-toc-link ez-toc-heading-3\" href=\"https:\/\/kawasan.vn\/en\/product\/o-cam-do-cong-suat-en106\/#TINH_NANG_CHUNG\" title=\"T\u00cdNH N\u0102NG CHUNG:\">T\u00cdNH N\u0102NG CHUNG:<\/a><\/li><\/ul><\/li><\/ul><\/li><\/ul><\/nav><\/div>\n\n<ul>\n<li>\u0110\u1ed3ng h\u1ed3 \u0111o c\u00f4ng su\u1ea5t <a href=\"https:\/\/kawasan.vn\/en\/product-category\/den-cam-ung\/\" target=\"_blank\" rel=\"noopener\">\u0111\u00e8n LED<\/a>, \u0111\u00e8n s\u1ee3i \u0111\u1ed1t, \u0111\u00e8n compact, &#8230; \u0111o c\u00e1c thi\u1ebft b\u1ecb \u0111i\u1ec7n 1 pha.<\/li>\n<li>\u0110\u1ed3ng h\u1ed3 \u0111o c\u00f4ng su\u1ea5t qu\u1ea1t \u0111i\u1ec7n, m\u00e1y gi\u1eb7t, t\u1ee7 l\u1ea1nh, &#8230; .<\/li>\n<li><strong>C\u1eeda h\u00e0ng b\u00e1n \u0111\u1ed3 \u0111i\u1ec7n<\/strong>: \u0110o c\u00f4ng su\u1ea5t \u0111\u00e8n LED xem ho\u1ea1t \u0111\u1ed9ng c\u00f3 \u1ed5n \u0111\u1ecbnh kh\u00f4ng? (N\u1ebfu kh\u00f4ng \u1ed5n \u0111\u1ecbnh s\u1ed1 hi\u1ec7n th\u1ecb s\u1ebd nh\u1ea3y li\u00ean t\u1ee5c gi\u1eefa c\u00e1c gi\u00e1 tr\u1ecb) c\u00f3 ti\u00eau hao nhi\u1ec1u n\u0103ng l\u01b0\u1ee3ng kh\u00f4ng?. Khi nh\u1eadp h\u00e0ng ho\u1eb7c test 1 s\u1ea3n ph\u1ea9m m\u1edbi n\u00e0o \u0111\u00f3. B\u1ea1n \u0111o c\u00f4ng su\u1ea5t, \u0111\u1ec3 bi\u1ebft ch\u1ea5t l\u01b0\u1ee3ng c\u1ee7a \u0111\u00e8n c\u00f3 \u0111\u1ea3m b\u1ea3o kh\u00f4ng?<\/li>\n<li><strong>Th\u1ee3 \u0111i\u1ec7n:<\/strong> \u0110o c\u00e1c thi\u1ebft b\u1ecb c\u1ee7a ch\u1ee7 nh\u00e0, t\u1eeb \u0111\u00f3 t\u00ednh to\u00e1n c\u00f4ng su\u1ea5t v\u00e0 chia pha (\u0111\u1ed1i v\u1edbi n\u01a1i s\u1eed d\u1ee5ng \u0111i\u1ec7n 3 pha). T\u00ednh c\u00f4ng su\u1ea5t d\u00e2y \u0111i\u1ec7n, Aptomat, c\u00f4ng t\u1eafc \u1ed5 c\u1eafm, &#8230; .<\/li>\n<li><strong>Ch\u1ee7 nh\u00e0:<\/strong> Nh\u1eefng thi\u1ebft b\u1ecb l\u00e2u ng\u00e0y c\u00f3 th\u1ec3 ti\u00eau hao n\u0103ng l\u01b0\u1ee3ng nhi\u1ec1u h\u01a1n \u0111\u1ecbnh m\u1ee9c. B\u1ea1n nghi ng\u1edd \u0111i\u1ec1u \u0111\u00f3 l\u00e0m cho ti\u1ec1n \u0111i\u1ec7n t\u0103ng nhanh. C\u1ea7n ki\u1ec3u tra xem c\u00e1c thi\u1ebft b\u1ecb trong nh\u00e0 ho\u1ea1t \u0111\u1ed9ng c\u00f3 \u0111\u00fang th\u00f4ng s\u1ed1 hay kh\u00f4ng?<\/li>\n<\/ul>\n<figure id=\"attachment_15250\" aria-describedby=\"caption-attachment-15250\" style=\"width: 500px\" class=\"wp-caption aligncenter\"><img loading=\"lazy\" decoding=\"async\" class=\"wp-image-15250\" title=\"\u1ed4 c\u1eafm \u0111\u1ed3ng h\u1ed3 \u0111o c\u00f4ng su\u1ea5t EN106\" src=\"https:\/\/kawasan.vn\/wp-content\/uploads\/2023\/11\/o-cam-do-cong-suat-en106.jpg\" alt=\"\u1ed4 c\u1eafm \u0111\u1ed3ng h\u1ed3 \u0111o c\u00f4ng su\u1ea5t EN106\" width=\"500\" height=\"500\" \/><figcaption id=\"caption-attachment-15250\" class=\"wp-caption-text\">\u1ed4 c\u1eafm \u0111\u1ed3ng h\u1ed3 \u0111o c\u00f4ng su\u1ea5t EN106<\/figcaption><\/figure>\n<h4><span class=\"ez-toc-section\" id=\"DINH_NGHIA_CAC_PHIM\"><\/span><strong>\u0110\u1ecaNH NGH\u0128A C\u00c1C PH\u00cdM:<\/strong><span class=\"ez-toc-section-end\"><\/span><\/h4>\n<ul>\n<li>SET: chuy\u1ec3n ch\u1ebf \u0111\u1ed9\/ ch\u1ebf \u0111\u1ed9 thi\u1ebft l\u1eadp gi\u00e1 tr\u1ecb c\u1ea7n c\u00e0i \u0111\u1eb7t<\/li>\n<li>MODE: ch\u1ecdn tr\u1ea1ng th\u00e1i\/ ch\u1ebf \u0111\u1ed9 c\u1ea7n thi\u1ebft l\u1eadp ho\u1eb7c xem l\u1ea1i<\/li>\n<li>UP: T\u0103ng\/ gi\u1ea3m gi\u00e1 tr\u1ecb c\u1ea7n thi\u1ebft l\u1eadp<\/li>\n<\/ul>\n<h4><span class=\"ez-toc-section\" id=\"TINH_NANG_CHUNG\"><\/span><strong>T\u00cdNH N\u0102NG CHUNG:<\/strong><span class=\"ez-toc-section-end\"><\/span><\/h4>\n<ul>\n<li>Hi\u1ec3n th\u1ecb c\u00f4ng su\u1ea5t hi\u1ec7n t\u1ea1i<\/li>\n<li>Hi\u1ec3n th\u1ecb v\u00e0 nh\u1edb t\u1ed5ng s\u1ed1 l\u01b0\u1ee3ng \u0111i\u1ec7n ti\u00eau th\u1ee5 \u0111\u01b0\u1ee3c t\u00edch l\u0169y<\/li>\n<li>Hi\u1ec3n th\u1ecb v\u00e0 nh\u1edb t\u1ed5ng s\u1ed1 ngu\u1ed3n \u0111i\u1ec7n \u0111\u01b0\u1ee3c n\u1ea1p c\u1ee7a \u0111\u01a1n gi\u00e1<\/li>\n<\/ul>\n<figure id=\"attachment_14946\" aria-describedby=\"caption-attachment-14946\" style=\"width: 480px\" class=\"wp-caption aligncenter\"><img loading=\"lazy\" decoding=\"async\" class=\"wp-image-14946 size-full\" title=\"Thi\u1ebft k\u1ebf nh\u1ecf g\u1ecdn \u0111\u1eb9p m\u1eaft v\u00e0 d\u1ec5 d\u00e0ng s\u1eed d\u1ee5ng\" src=\"https:\/\/kawasan.vn\/wp-content\/uploads\/2023\/11\/dong-ho-do-cong-suat-en106-2.jpg\" alt=\"Thi\u1ebft k\u1ebf nh\u1ecf g\u1ecdn \u0111\u1eb9p m\u1eaft v\u00e0 d\u1ec5 d\u00e0ng s\u1eed d\u1ee5ng\" width=\"480\" height=\"480\" srcset=\"https:\/\/kawasan.vn\/wp-content\/uploads\/2023\/11\/dong-ho-do-cong-suat-en106-2.jpg 480w, https:\/\/kawasan.vn\/wp-content\/uploads\/2023\/11\/dong-ho-do-cong-suat-en106-2-400x400.jpg 400w\" sizes=\"auto, (max-width: 480px) 100vw, 480px\" \/><figcaption id=\"caption-attachment-14946\" class=\"wp-caption-text\">Thi\u1ebft k\u1ebf nh\u1ecf g\u1ecdn \u0111\u1eb9p m\u1eaft v\u00e0 d\u1ec5 d\u00e0ng s\u1eed d\u1ee5ng<\/figcaption><\/figure>\n<figure id=\"attachment_14945\" aria-describedby=\"caption-attachment-14945\" style=\"width: 480px\" class=\"wp-caption aligncenter\"><img loading=\"lazy\" decoding=\"async\" class=\"wp-image-14945 size-full\" title=\"\u0110\u1ed3ng h\u1ed3 \u0111i\u1ec7n t\u1eed d\u1ec5 nh\u00ecn v\u00e0 s\u1eed d\u1ee5ng\" src=\"https:\/\/kawasan.vn\/wp-content\/uploads\/2023\/11\/dong-ho-do-cong-suat-en106-1.jpg\" alt=\"\u0110\u1ed3ng h\u1ed3 \u0111i\u1ec7n t\u1eed d\u1ec5 nh\u00ecn v\u00e0 s\u1eed d\u1ee5ng\" width=\"480\" height=\"480\" srcset=\"https:\/\/kawasan.vn\/wp-content\/uploads\/2023\/11\/dong-ho-do-cong-suat-en106-1.jpg 480w, https:\/\/kawasan.vn\/wp-content\/uploads\/2023\/11\/dong-ho-do-cong-suat-en106-1-400x400.jpg 400w\" sizes=\"auto, (max-width: 480px) 100vw, 480px\" \/><figcaption id=\"caption-attachment-14945\" class=\"wp-caption-text\">\u0110\u1ed3ng h\u1ed3 \u0111i\u1ec7n t\u1eed d\u1ec5 nh\u00ecn v\u00e0 s\u1eed d\u1ee5ng<\/figcaption><\/figure>","protected":false},"excerpt":{"rendered":"<p>\u1ee8NG D\u1ee4NG \u1ed4 C\u1eaeM \u0110O C\u00d4NG SU\u1ea4T: \u0110\u1ed3ng h\u1ed3 \u0111o c\u00f4ng su\u1ea5t \u0111\u00e8n LED, \u0111\u00e8n s\u1ee3i \u0111\u1ed1t, \u0111\u00e8n compact, &#8230; \u0111o c\u00e1c thi\u1ebft b\u1ecb \u0111i\u1ec7n 1 pha. \u0110\u1ed3ng h\u1ed3 \u0111o c\u00f4ng su\u1ea5t qu\u1ea1t \u0111i\u1ec7n, m\u00e1y gi\u1eb7t, t\u1ee7 l\u1ea1nh, &#8230; . C\u1eeda h\u00e0ng b\u00e1n \u0111\u1ed3 \u0111i\u1ec7n: \u0110o c\u00f4ng su\u1ea5t \u0111\u00e8n LED xem ho\u1ea1t \u0111\u1ed9ng c\u00f3 \u1ed5n [&hellip;]<\/p>","protected":false},"featured_media":28873,"comment_status":"open","ping_status":"closed","template":"","meta":{"_yoast_wpseo_focuskw":"\u1ed4 C\u1eafm \u0110o C\u00f4ng Su\u1ea5t","_yoast_wpseo_metadesc":"\u1ed4 c\u1eafm \u0111o c\u00f4ng su\u1ea5t EN106 thi\u1ebft k\u1ebf nh\u1ecf g\u1ecdn, \u0111\u1eb9p m\u1eaft \u0111\u1ed9 b\u1ec1n > 5 n\u0103m. Ph\u00f9 h\u1ee3p ki\u1ec3m tra cho h\u1ec7 th\u1ed1ng \u0111\u00e8n, qu\u1ea1t \u0111i\u1ec7n, m\u00e1y l\u1ea1nh...","_yoast_wpseo_focuskeywords":"","_yoast_wpseo_keyword_synonyms":""},"product_cat":[512,82],"product_tag":[1149,1157,1161,1150,1143,516,1153,1146,1145,963,1154,1158,522,1159,1144,1148,1156,590,521,559,589,1151,1152,1155,1160,1147],"class_list":["post-12696","product","type-product","status-publish","has-post-thumbnail","hentry","product_cat-o-cam-hen-gio","product_cat-hen-gio","product_tag-bo-cong-tac-hen-gio","product_tag-bo-hen-gio-tuoi-cay","product_tag-bo-hen-gio-tuoi-cay-dung-pin","product_tag-bo-hen-gio-tuoi-cay-tu-dong","product_tag-cong-tac-dien-hen-gio","product_tag-cong-tac-hen-gio","product_tag-cong-tac-hen-gio-bat-tat-thiet-bi","product_tag-cong-tac-hen-gio-co","product_tag-cong-tac-hen-gio-dien-tu","product_tag-cong-tac-hen-gio-kawasan","product_tag-cong-tac-hen-gio-tat-bat","product_tag-cong-tac-hen-gio-tu-dong","product_tag-dong-ho-do-cong-suat","product_tag-hen-gio-kawasan","product_tag-hen-gio-tuoi","product_tag-hen-gio-tuoi-cay","product_tag-kawasan-timer","product_tag-o-cam-dien-hen-gio","product_tag-o-cam-do-cong-suat","product_tag-o-cam-hen-gio","product_tag-o-cam-hen-gio-dien-tu","product_tag-o-cam-hen-gio-kawasan","product_tag-timer-hen-gio-tuoi-cay","product_tag-timer-kawasan","product_tag-van-hen-gio-tuoi-cay","product_tag-van-tuoi-nuoc-hen-gio"],"acf":[],"yoast_head":"<!-- This site is optimized with the Yoast SEO Premium plugin v24.9 (Yoast SEO v24.9) - https:\/\/yoast.com\/wordpress\/plugins\/seo\/ -->\n<title>\u1ed4 C\u1eafm \u0110o C\u00f4ng Su\u1ea5t EN106 - Kawasan<\/title>\n<meta name=\"description\" content=\"\u1ed4 c\u1eafm \u0111o c\u00f4ng su\u1ea5t EN106 thi\u1ebft k\u1ebf nh\u1ecf g\u1ecdn, \u0111\u1eb9p m\u1eaft \u0111\u1ed9 b\u1ec1n &gt; 5 n\u0103m. Ph\u00f9 h\u1ee3p ki\u1ec3m tra cho h\u1ec7 th\u1ed1ng \u0111\u00e8n, qu\u1ea1t \u0111i\u1ec7n, m\u00e1y l\u1ea1nh...\" \/>\n<meta name=\"robots\" content=\"index, follow, max-snippet:-1, max-image-preview:large, max-video-preview:-1\" \/>\n<link rel=\"canonical\" href=\"https:\/\/kawasan.vn\/en\/product\/o-cam-do-cong-suat-en106\/\" \/>\n<meta property=\"og:locale\" content=\"en_US\" \/>\n<meta property=\"og:type\" content=\"article\" \/>\n<meta property=\"og:title\" content=\"\u1ed4 C\u1eafm \u0110o C\u00f4ng Su\u1ea5t EN106\" \/>\n<meta property=\"og:description\" content=\"\u1ed4 c\u1eafm \u0111o c\u00f4ng su\u1ea5t EN106 thi\u1ebft k\u1ebf nh\u1ecf g\u1ecdn, \u0111\u1eb9p m\u1eaft \u0111\u1ed9 b\u1ec1n &gt; 5 n\u0103m. Ph\u00f9 h\u1ee3p ki\u1ec3m tra cho h\u1ec7 th\u1ed1ng \u0111\u00e8n, qu\u1ea1t \u0111i\u1ec7n, m\u00e1y l\u1ea1nh...\" \/>\n<meta property=\"og:url\" content=\"https:\/\/kawasan.vn\/en\/product\/o-cam-do-cong-suat-en106\/\" \/>\n<meta property=\"og:site_name\" content=\"Kawasan\" \/>\n<meta property=\"article:modified_time\" content=\"2026-03-20T08:39:31+00:00\" \/>\n<meta property=\"og:image\" content=\"https:\/\/kawasan.vn\/wp-content\/uploads\/2023\/11\/1-8.png\" \/>\n\t<meta property=\"og:image:width\" content=\"900\" \/>\n\t<meta property=\"og:image:height\" content=\"900\" \/>\n\t<meta property=\"og:image:type\" content=\"image\/png\" \/>\n<meta name=\"twitter:card\" content=\"summary_large_image\" \/>\n<meta name=\"twitter:label1\" content=\"Est. reading time\" \/>\n\t<meta name=\"twitter:data1\" content=\"3 minutes\" \/>\n<script type=\"application\/ld+json\" class=\"yoast-schema-graph\">{\"@context\":\"https:\/\/schema.org\",\"@graph\":[{\"@type\":\"WebPage\",\"@id\":\"https:\/\/kawasan.vn\/san-pham\/o-cam-do-cong-suat-en106\/\",\"url\":\"https:\/\/kawasan.vn\/san-pham\/o-cam-do-cong-suat-en106\/\",\"name\":\"\u1ed4 C\u1eafm \u0110o C\u00f4ng Su\u1ea5t EN106 - Kawasan\",\"isPartOf\":{\"@id\":\"https:\/\/kawasan.vn\/#website\"},\"primaryImageOfPage\":{\"@id\":\"https:\/\/kawasan.vn\/san-pham\/o-cam-do-cong-suat-en106\/#primaryimage\"},\"image\":{\"@id\":\"https:\/\/kawasan.vn\/san-pham\/o-cam-do-cong-suat-en106\/#primaryimage\"},\"thumbnailUrl\":\"https:\/\/kawasan.vn\/wp-content\/uploads\/2023\/11\/1-8.png\",\"datePublished\":\"2023-11-19T04:34:32+00:00\",\"dateModified\":\"2026-03-20T08:39:31+00:00\",\"description\":\"\u1ed4 c\u1eafm \u0111o c\u00f4ng su\u1ea5t EN106 thi\u1ebft k\u1ebf nh\u1ecf g\u1ecdn, \u0111\u1eb9p m\u1eaft \u0111\u1ed9 b\u1ec1n > 5 n\u0103m. Ph\u00f9 h\u1ee3p ki\u1ec3m tra cho h\u1ec7 th\u1ed1ng \u0111\u00e8n, qu\u1ea1t \u0111i\u1ec7n, m\u00e1y l\u1ea1nh...\",\"breadcrumb\":{\"@id\":\"https:\/\/kawasan.vn\/san-pham\/o-cam-do-cong-suat-en106\/#breadcrumb\"},\"inLanguage\":\"en-US\",\"potentialAction\":[{\"@type\":\"ReadAction\",\"target\":[\"https:\/\/kawasan.vn\/san-pham\/o-cam-do-cong-suat-en106\/\"]}]},{\"@type\":\"ImageObject\",\"inLanguage\":\"en-US\",\"@id\":\"https:\/\/kawasan.vn\/san-pham\/o-cam-do-cong-suat-en106\/#primaryimage\",\"url\":\"https:\/\/kawasan.vn\/wp-content\/uploads\/2023\/11\/1-8.png\",\"contentUrl\":\"https:\/\/kawasan.vn\/wp-content\/uploads\/2023\/11\/1-8.png\",\"width\":900,\"height\":900},{\"@type\":\"BreadcrumbList\",\"@id\":\"https:\/\/kawasan.vn\/san-pham\/o-cam-do-cong-suat-en106\/#breadcrumb\",\"itemListElement\":[{\"@type\":\"ListItem\",\"position\":1,\"name\":\"Trang ch\u1ee7\",\"item\":\"https:\/\/kawasan.vn\/\"},{\"@type\":\"ListItem\",\"position\":2,\"name\":\"S\u1ea3n ph\u1ea9m\",\"item\":\"https:\/\/kawasan.vn\/san-pham\/\"},{\"@type\":\"ListItem\",\"position\":3,\"name\":\"\u1ed4 C\u1eafm \u0110o C\u00f4ng Su\u1ea5t EN106\"}]},{\"@type\":\"WebSite\",\"@id\":\"https:\/\/kawasan.vn\/#website\",\"url\":\"https:\/\/kawasan.vn\/\",\"name\":\"Kawasan\",\"description\":\"\",\"potentialAction\":[{\"@type\":\"SearchAction\",\"target\":{\"@type\":\"EntryPoint\",\"urlTemplate\":\"https:\/\/kawasan.vn\/?s={search_term_string}\"},\"query-input\":{\"@type\":\"PropertyValueSpecification\",\"valueRequired\":true,\"valueName\":\"search_term_string\"}}],\"inLanguage\":\"en-US\"}]}<\/script>\n<!-- \/ Yoast SEO Premium plugin. -->","yoast_head_json":{"title":"\u1ed4 C\u1eafm \u0110o C\u00f4ng Su\u1ea5t EN106 - Kawasan","description":"\u1ed4 c\u1eafm \u0111o c\u00f4ng su\u1ea5t EN106 thi\u1ebft k\u1ebf nh\u1ecf g\u1ecdn, \u0111\u1eb9p m\u1eaft \u0111\u1ed9 b\u1ec1n > 5 n\u0103m. Ph\u00f9 h\u1ee3p ki\u1ec3m tra cho h\u1ec7 th\u1ed1ng \u0111\u00e8n, qu\u1ea1t \u0111i\u1ec7n, m\u00e1y l\u1ea1nh...","robots":{"index":"index","follow":"follow","max-snippet":"max-snippet:-1","max-image-preview":"max-image-preview:large","max-video-preview":"max-video-preview:-1"},"canonical":"https:\/\/kawasan.vn\/en\/product\/o-cam-do-cong-suat-en106\/","og_locale":"en_US","og_type":"article","og_title":"\u1ed4 C\u1eafm \u0110o C\u00f4ng Su\u1ea5t EN106","og_description":"\u1ed4 c\u1eafm \u0111o c\u00f4ng su\u1ea5t EN106 thi\u1ebft k\u1ebf nh\u1ecf g\u1ecdn, \u0111\u1eb9p m\u1eaft \u0111\u1ed9 b\u1ec1n > 5 n\u0103m. Ph\u00f9 h\u1ee3p ki\u1ec3m tra cho h\u1ec7 th\u1ed1ng \u0111\u00e8n, qu\u1ea1t \u0111i\u1ec7n, m\u00e1y l\u1ea1nh...","og_url":"https:\/\/kawasan.vn\/en\/product\/o-cam-do-cong-suat-en106\/","og_site_name":"Kawasan","article_modified_time":"2026-03-20T08:39:31+00:00","og_image":[{"width":900,"height":900,"url":"https:\/\/kawasan.vn\/wp-content\/uploads\/2023\/11\/1-8.png","type":"image\/png"}],"twitter_card":"summary_large_image","twitter_misc":{"Est. reading time":"3 minutes"},"schema":{"@context":"https:\/\/schema.org","@graph":[{"@type":"WebPage","@id":"https:\/\/kawasan.vn\/san-pham\/o-cam-do-cong-suat-en106\/","url":"https:\/\/kawasan.vn\/san-pham\/o-cam-do-cong-suat-en106\/","name":"\u1ed4 C\u1eafm \u0110o C\u00f4ng Su\u1ea5t EN106 - Kawasan","isPartOf":{"@id":"https:\/\/kawasan.vn\/#website"},"primaryImageOfPage":{"@id":"https:\/\/kawasan.vn\/san-pham\/o-cam-do-cong-suat-en106\/#primaryimage"},"image":{"@id":"https:\/\/kawasan.vn\/san-pham\/o-cam-do-cong-suat-en106\/#primaryimage"},"thumbnailUrl":"https:\/\/kawasan.vn\/wp-content\/uploads\/2023\/11\/1-8.png","datePublished":"2023-11-19T04:34:32+00:00","dateModified":"2026-03-20T08:39:31+00:00","description":"\u1ed4 c\u1eafm \u0111o c\u00f4ng su\u1ea5t EN106 thi\u1ebft k\u1ebf nh\u1ecf g\u1ecdn, \u0111\u1eb9p m\u1eaft \u0111\u1ed9 b\u1ec1n > 5 n\u0103m. Ph\u00f9 h\u1ee3p ki\u1ec3m tra cho h\u1ec7 th\u1ed1ng \u0111\u00e8n, qu\u1ea1t \u0111i\u1ec7n, m\u00e1y l\u1ea1nh...","breadcrumb":{"@id":"https:\/\/kawasan.vn\/san-pham\/o-cam-do-cong-suat-en106\/#breadcrumb"},"inLanguage":"en-US","potentialAction":[{"@type":"ReadAction","target":["https:\/\/kawasan.vn\/san-pham\/o-cam-do-cong-suat-en106\/"]}]},{"@type":"ImageObject","inLanguage":"en-US","@id":"https:\/\/kawasan.vn\/san-pham\/o-cam-do-cong-suat-en106\/#primaryimage","url":"https:\/\/kawasan.vn\/wp-content\/uploads\/2023\/11\/1-8.png","contentUrl":"https:\/\/kawasan.vn\/wp-content\/uploads\/2023\/11\/1-8.png","width":900,"height":900},{"@type":"BreadcrumbList","@id":"https:\/\/kawasan.vn\/san-pham\/o-cam-do-cong-suat-en106\/#breadcrumb","itemListElement":[{"@type":"ListItem","position":1,"name":"Trang ch\u1ee7","item":"https:\/\/kawasan.vn\/"},{"@type":"ListItem","position":2,"name":"S\u1ea3n ph\u1ea9m","item":"https:\/\/kawasan.vn\/san-pham\/"},{"@type":"ListItem","position":3,"name":"\u1ed4 C\u1eafm \u0110o C\u00f4ng Su\u1ea5t EN106"}]},{"@type":"WebSite","@id":"https:\/\/kawasan.vn\/#website","url":"https:\/\/kawasan.vn\/","name":"Kawasan","description":"","potentialAction":[{"@type":"SearchAction","target":{"@type":"EntryPoint","urlTemplate":"https:\/\/kawasan.vn\/?s={search_term_string}"},"query-input":{"@type":"PropertyValueSpecification","valueRequired":true,"valueName":"search_term_string"}}],"inLanguage":"en-US"}]}},"_links":{"self":[{"href":"https:\/\/kawasan.vn\/en\/wp-json\/wp\/v2\/product\/12696","targetHints":{"allow":["GET"]}}],"collection":[{"href":"https:\/\/kawasan.vn\/en\/wp-json\/wp\/v2\/product"}],"about":[{"href":"https:\/\/kawasan.vn\/en\/wp-json\/wp\/v2\/types\/product"}],"replies":[{"embeddable":true,"href":"https:\/\/kawasan.vn\/en\/wp-json\/wp\/v2\/comments?post=12696"}],"version-history":[{"count":1,"href":"https:\/\/kawasan.vn\/en\/wp-json\/wp\/v2\/product\/12696\/revisions"}],"predecessor-version":[{"id":18511,"href":"https:\/\/kawasan.vn\/en\/wp-json\/wp\/v2\/product\/12696\/revisions\/18511"}],"wp:featuredmedia":[{"embeddable":true,"href":"https:\/\/kawasan.vn\/en\/wp-json\/wp\/v2\/media\/28873"}],"wp:attachment":[{"href":"https:\/\/kawasan.vn\/en\/wp-json\/wp\/v2\/media?parent=12696"}],"wp:term":[{"taxonomy":"product_cat","embeddable":true,"href":"https:\/\/kawasan.vn\/en\/wp-json\/wp\/v2\/product_cat?post=12696"},{"taxonomy":"product_tag","embeddable":true,"href":"https:\/\/kawasan.vn\/en\/wp-json\/wp\/v2\/product_tag?post=12696"}],"curies":[{"name":"wp","href":"https:\/\/api.w.org\/{rel}","templated":true}]}}