{"id":12686,"date":"2023-11-19T04:03:54","date_gmt":"2023-11-19T04:03:54","guid":{"rendered":"https:\/\/kawasan.123websitedev.com\/?post_type=product&#038;p=12686"},"modified":"2025-12-11T15:26:13","modified_gmt":"2025-12-11T08:26:13","slug":"chuong-cua-b68b","status":"publish","type":"product","link":"https:\/\/kawasan.vn\/en\/product\/chuong-cua-b68b\/","title":{"rendered":"Chu\u00f4ng C\u1eeda Kh\u00f4ng D\u00e2y B68D"},"content":{"rendered":"<p>Chu\u00f4ng c\u1eeda B68D l\u00e0 ph\u1ea7n chu\u00f4ng s\u1eed d\u1ee5ng ngu\u1ed3n \u0111i\u1ec7n 220 VAC. T\u00edch h\u1ee3p \u0111\u01b0\u1ee3c nhi\u1ec1u n\u00fat nh\u1ea5n, \u0111\u1ea7u c\u1ea3m \u1ee9ng h\u1ed3ng ngo\u1ea1i b\u1eb1ng s\u00f3ng RF433Mhz.<\/p>\n<h1 class=\"style-1\">V\u00cc SAO PH\u1ea2I D\u00d9NG CHU\u00d4NG C\u1eecA KH\u00d4NG D\u00c2Y? N\u00caN CH\u1eccN LO\u1ea0I N\u00c0O L\u00c0 PH\u00d9 H\u1ee2P<\/h1>\n<div class=\"category-info\">\n<p>Chu\u00f4ng c\u1eeda d\u00f9 ch\u1ec9 l\u00e0 m\u1ed9t thi\u1ebft b\u1ecb ph\u1ee5, nh\u01b0ng l\u1ea1i v\u00f4 c\u00f9ng h\u1eefu \u00edch cho m\u1ed7i ng\u00f4i nh\u00e0. Hi\u1ec7n nay tr\u00ean th\u1ecb tr\u01b0\u1eddng c\u00f3 2 lo\u1ea1i l\u00e0 c\u01a1 b\u1ea3n: chu\u00f4ng c\u1eeda kh\u00f4ng d\u00e2y v\u00e0 chu\u00f4ng c\u1eeda c\u00f3 d\u00e2y. C\u00f3 r\u1ea5t nhi\u1ec1u h\u1ed9 gia \u0111\u00ecnh c\u1ea3m th\u1ea5y b\u0103n kho\u0103n, kh\u00f4ng bi\u1ebft n\u00ean ch\u1ecdn lo\u1ea1i n\u00e0o t\u1ed1t h\u01a1n. Tuy nhi\u00ean, m\u1ed7i lo\u1ea1i \u0111\u1ec1u c\u00f3 nh\u1eefng \u01b0u v\u00e0 nh\u01b0\u1ee3c \u0111i\u1ec3m kh\u00e1c nhau \u0111\u1ec3 l\u1ef1a ch\u1ecdn.<\/p>\n<p>Nh\u01b0ng h\u1ea7u h\u1ebft m\u1ecdi ng\u01b0\u1eddi \u0111\u1ec1u c\u1ea3m th\u1ea5y, chu\u00f4ng c\u1eeda kh\u00f4ng d\u00e2y c\u00f3 nhi\u1ec1u ti\u1ec7n \u00edch v\u00e0 \u1ee9ng d\u1ee5ng \u0111a n\u0103ng h\u01a1n.<\/p>\n<\/div>\n<h4><strong>Nh\u1eefng s\u1ea3n ph\u1ea9m t\u01b0\u01a1ng t\u1ef1: Chu\u00f4ng c\u1eeda B68D<\/strong><\/h4>\n<p><strong><a href=\"https:\/\/kawasan.vn\/en\/product-category\/chuong-cua-chuong-bao-khach\/\">https:\/\/kawasan.vn\/danh-muc-san-pham\/chuong-cua-chuong-bao-khach\/<\/a><\/strong><\/p>\n<p><strong><a href=\"https:\/\/thegioidienthongminh.com\/danh-muc\/chuong-cua-chuong-bao-khach\/\">https:\/\/thegioidienthongminh.com\/danh-muc\/chuong-cua-chuong-bao-khach\/<\/a><\/strong><\/p>\n<p>&nbsp;<\/p>","protected":false},"excerpt":{"rendered":"<p>Chu\u00f4ng c\u1eeda B68D l\u00e0 ph\u1ea7n chu\u00f4ng s\u1eed d\u1ee5ng ngu\u1ed3n \u0111i\u1ec7n 220 VAC. T\u00edch h\u1ee3p \u0111\u01b0\u1ee3c nhi\u1ec1u n\u00fat nh\u1ea5n, \u0111\u1ea7u c\u1ea3m \u1ee9ng h\u1ed3ng ngo\u1ea1i b\u1eb1ng s\u00f3ng RF433Mhz. V\u00cc SAO PH\u1ea2I D\u00d9NG CHU\u00d4NG C\u1eecA KH\u00d4NG D\u00c2Y? N\u00caN CH\u1eccN LO\u1ea0I N\u00c0O L\u00c0 PH\u00d9 H\u1ee2P Chu\u00f4ng c\u1eeda d\u00f9 ch\u1ec9 l\u00e0 m\u1ed9t thi\u1ebft b\u1ecb ph\u1ee5, nh\u01b0ng l\u1ea1i v\u00f4 c\u00f9ng h\u1eefu [&hellip;]<\/p>","protected":false},"featured_media":16370,"comment_status":"open","ping_status":"closed","template":"","meta":{"_yoast_wpseo_focuskw":"Chu\u00f4ng C\u1eeda B68B","_yoast_wpseo_metadesc":"Chu\u00f4ng c\u1eeda B68B l\u00e0 ph\u1ea7n chu\u00f4ng s\u1eed d\u1ee5ng ngu\u1ed3n \u0111i\u1ec7n 220 VAC. T\u00edch h\u1ee3p \u0111\u01b0\u1ee3c nhi\u1ec1u n\u00fat nh\u1ea5n, \u0111\u1ea7u c\u1ea3m \u1ee9ng h\u1ed3ng ngo\u1ea1i b\u1eb1ng s\u00f3ng RF433Mhz.","_yoast_wpseo_focuskeywords":"","_yoast_wpseo_keyword_synonyms":""},"product_cat":[504,41],"product_tag":[1220,1223,1219,1227,1222,723,1228,1229,1230,1226,1027,1038,1020,1023,1026,1021,1022,1024,718,1039,1025,1217,1218,719,1221,621,1224,1225],"class_list":["post-12686","product","type-product","status-publish","has-post-thumbnail","hentry","product_cat-phu-kien-tich-hop-them-chuong-cua","product_cat-chuong-cua-chuong-bao-khach","product_tag-chuong-bam-cua","product_tag-chuong-bao-cua-ra-vao","product_tag-chuong-bao-dong-khong-day","product_tag-chuong-bao-khach-cho-cua-hang","product_tag-chuong-bao-khach-kawasan","product_tag-chuong-bao-khach-khong-day","product_tag-chuong-bao-trom","product_tag-chuong-cam-bien-bao-dong","product_tag-chuong-cam-bien-kawasan","product_tag-chuong-cong-ko-day","product_tag-chuong-cua","product_tag-chuong-cua-bao-khach","product_tag-chuong-cua-bao-khach-thong-minh","product_tag-chuong-cua-chinh-hang","product_tag-chuong-cua-da-nang","product_tag-chuong-cua-gia-re","product_tag-chuong-cua-gia-tot","product_tag-chuong-cua-kawasan","product_tag-chuong-cua-khong-day","product_tag-chuong-cua-thong-minh","product_tag-chuong-cua-thong-minh-kawasan","product_tag-chuong-dien-khong-day","product_tag-chuong-goi-phuc-vu-khong-day","product_tag-chuong-khong-day","product_tag-chuong-nha","product_tag-kawasan","product_tag-pin-chuong-cua","product_tag-pin-chuong-cua-khong-day"],"acf":[],"yoast_head":"<!-- This site is optimized with the Yoast SEO Premium plugin v24.9 (Yoast SEO v24.9) - https:\/\/yoast.com\/wordpress\/plugins\/seo\/ -->\n<title>Chu\u00f4ng C\u1eeda Kh\u00f4ng D\u00e2y B68D - Kawasan<\/title>\n<meta name=\"description\" content=\"Chu\u00f4ng c\u1eeda B68B l\u00e0 ph\u1ea7n chu\u00f4ng s\u1eed d\u1ee5ng ngu\u1ed3n \u0111i\u1ec7n 220 VAC. T\u00edch h\u1ee3p \u0111\u01b0\u1ee3c nhi\u1ec1u n\u00fat nh\u1ea5n, \u0111\u1ea7u c\u1ea3m \u1ee9ng h\u1ed3ng ngo\u1ea1i b\u1eb1ng s\u00f3ng RF433Mhz.\" \/>\n<meta name=\"robots\" content=\"index, follow, max-snippet:-1, max-image-preview:large, max-video-preview:-1\" \/>\n<link rel=\"canonical\" href=\"https:\/\/kawasan.vn\/en\/product\/chuong-cua-b68b\/\" \/>\n<meta property=\"og:locale\" content=\"en_US\" \/>\n<meta property=\"og:type\" content=\"article\" \/>\n<meta property=\"og:title\" content=\"Chu\u00f4ng C\u1eeda Kh\u00f4ng D\u00e2y B68D\" \/>\n<meta property=\"og:description\" content=\"Chu\u00f4ng c\u1eeda B68B l\u00e0 ph\u1ea7n chu\u00f4ng s\u1eed d\u1ee5ng ngu\u1ed3n \u0111i\u1ec7n 220 VAC. T\u00edch h\u1ee3p \u0111\u01b0\u1ee3c nhi\u1ec1u n\u00fat nh\u1ea5n, \u0111\u1ea7u c\u1ea3m \u1ee9ng h\u1ed3ng ngo\u1ea1i b\u1eb1ng s\u00f3ng RF433Mhz.\" \/>\n<meta property=\"og:url\" content=\"https:\/\/kawasan.vn\/en\/product\/chuong-cua-b68b\/\" \/>\n<meta property=\"og:site_name\" content=\"Kawasan\" \/>\n<meta property=\"article:modified_time\" content=\"2025-12-11T08:26:13+00:00\" \/>\n<meta property=\"og:image\" content=\"https:\/\/kawasan.vn\/wp-content\/uploads\/2023\/11\/phu-kien-tich-hop-them-chuong-cua-B68B.jpg\" \/>\n\t<meta property=\"og:image:width\" content=\"600\" \/>\n\t<meta property=\"og:image:height\" content=\"600\" \/>\n\t<meta property=\"og:image:type\" content=\"image\/jpeg\" \/>\n<meta name=\"twitter:card\" content=\"summary_large_image\" \/>\n<meta name=\"twitter:label1\" content=\"Est. reading time\" \/>\n\t<meta name=\"twitter:data1\" content=\"1 minute\" \/>\n<script type=\"application\/ld+json\" class=\"yoast-schema-graph\">{\"@context\":\"https:\/\/schema.org\",\"@graph\":[{\"@type\":\"WebPage\",\"@id\":\"https:\/\/kawasan.vn\/san-pham\/chuong-cua-b68b\/\",\"url\":\"https:\/\/kawasan.vn\/san-pham\/chuong-cua-b68b\/\",\"name\":\"Chu\u00f4ng C\u1eeda Kh\u00f4ng D\u00e2y B68D - Kawasan\",\"isPartOf\":{\"@id\":\"https:\/\/kawasan.vn\/#website\"},\"primaryImageOfPage\":{\"@id\":\"https:\/\/kawasan.vn\/san-pham\/chuong-cua-b68b\/#primaryimage\"},\"image\":{\"@id\":\"https:\/\/kawasan.vn\/san-pham\/chuong-cua-b68b\/#primaryimage\"},\"thumbnailUrl\":\"https:\/\/kawasan.vn\/wp-content\/uploads\/2023\/11\/phu-kien-tich-hop-them-chuong-cua-B68B.jpg\",\"datePublished\":\"2023-11-19T04:03:54+00:00\",\"dateModified\":\"2025-12-11T08:26:13+00:00\",\"description\":\"Chu\u00f4ng c\u1eeda B68B l\u00e0 ph\u1ea7n chu\u00f4ng s\u1eed d\u1ee5ng ngu\u1ed3n \u0111i\u1ec7n 220 VAC. T\u00edch h\u1ee3p \u0111\u01b0\u1ee3c nhi\u1ec1u n\u00fat nh\u1ea5n, \u0111\u1ea7u c\u1ea3m \u1ee9ng h\u1ed3ng ngo\u1ea1i b\u1eb1ng s\u00f3ng RF433Mhz.\",\"breadcrumb\":{\"@id\":\"https:\/\/kawasan.vn\/san-pham\/chuong-cua-b68b\/#breadcrumb\"},\"inLanguage\":\"en-US\",\"potentialAction\":[{\"@type\":\"ReadAction\",\"target\":[\"https:\/\/kawasan.vn\/san-pham\/chuong-cua-b68b\/\"]}]},{\"@type\":\"ImageObject\",\"inLanguage\":\"en-US\",\"@id\":\"https:\/\/kawasan.vn\/san-pham\/chuong-cua-b68b\/#primaryimage\",\"url\":\"https:\/\/kawasan.vn\/wp-content\/uploads\/2023\/11\/phu-kien-tich-hop-them-chuong-cua-B68B.jpg\",\"contentUrl\":\"https:\/\/kawasan.vn\/wp-content\/uploads\/2023\/11\/phu-kien-tich-hop-them-chuong-cua-B68B.jpg\",\"width\":600,\"height\":600,\"caption\":\"Chu\u00f4ng C\u1eeda B68B\"},{\"@type\":\"BreadcrumbList\",\"@id\":\"https:\/\/kawasan.vn\/san-pham\/chuong-cua-b68b\/#breadcrumb\",\"itemListElement\":[{\"@type\":\"ListItem\",\"position\":1,\"name\":\"Trang ch\u1ee7\",\"item\":\"https:\/\/kawasan.vn\/\"},{\"@type\":\"ListItem\",\"position\":2,\"name\":\"S\u1ea3n ph\u1ea9m\",\"item\":\"https:\/\/kawasan.vn\/san-pham\/\"},{\"@type\":\"ListItem\",\"position\":3,\"name\":\"Chu\u00f4ng C\u1eeda Kh\u00f4ng D\u00e2y B68D\"}]},{\"@type\":\"WebSite\",\"@id\":\"https:\/\/kawasan.vn\/#website\",\"url\":\"https:\/\/kawasan.vn\/\",\"name\":\"Kawasan\",\"description\":\"\",\"potentialAction\":[{\"@type\":\"SearchAction\",\"target\":{\"@type\":\"EntryPoint\",\"urlTemplate\":\"https:\/\/kawasan.vn\/?s={search_term_string}\"},\"query-input\":{\"@type\":\"PropertyValueSpecification\",\"valueRequired\":true,\"valueName\":\"search_term_string\"}}],\"inLanguage\":\"en-US\"}]}<\/script>\n<!-- \/ Yoast SEO Premium plugin. -->","yoast_head_json":{"title":"Chu\u00f4ng C\u1eeda Kh\u00f4ng D\u00e2y B68D - Kawasan","description":"Chu\u00f4ng c\u1eeda B68B l\u00e0 ph\u1ea7n chu\u00f4ng s\u1eed d\u1ee5ng ngu\u1ed3n \u0111i\u1ec7n 220 VAC. T\u00edch h\u1ee3p \u0111\u01b0\u1ee3c nhi\u1ec1u n\u00fat nh\u1ea5n, \u0111\u1ea7u c\u1ea3m \u1ee9ng h\u1ed3ng ngo\u1ea1i b\u1eb1ng s\u00f3ng RF433Mhz.","robots":{"index":"index","follow":"follow","max-snippet":"max-snippet:-1","max-image-preview":"max-image-preview:large","max-video-preview":"max-video-preview:-1"},"canonical":"https:\/\/kawasan.vn\/en\/product\/chuong-cua-b68b\/","og_locale":"en_US","og_type":"article","og_title":"Chu\u00f4ng C\u1eeda Kh\u00f4ng D\u00e2y B68D","og_description":"Chu\u00f4ng c\u1eeda B68B l\u00e0 ph\u1ea7n chu\u00f4ng s\u1eed d\u1ee5ng ngu\u1ed3n \u0111i\u1ec7n 220 VAC. T\u00edch h\u1ee3p \u0111\u01b0\u1ee3c nhi\u1ec1u n\u00fat nh\u1ea5n, \u0111\u1ea7u c\u1ea3m \u1ee9ng h\u1ed3ng ngo\u1ea1i b\u1eb1ng s\u00f3ng RF433Mhz.","og_url":"https:\/\/kawasan.vn\/en\/product\/chuong-cua-b68b\/","og_site_name":"Kawasan","article_modified_time":"2025-12-11T08:26:13+00:00","og_image":[{"width":600,"height":600,"url":"https:\/\/kawasan.vn\/wp-content\/uploads\/2023\/11\/phu-kien-tich-hop-them-chuong-cua-B68B.jpg","type":"image\/jpeg"}],"twitter_card":"summary_large_image","twitter_misc":{"Est. reading time":"1 minute"},"schema":{"@context":"https:\/\/schema.org","@graph":[{"@type":"WebPage","@id":"https:\/\/kawasan.vn\/san-pham\/chuong-cua-b68b\/","url":"https:\/\/kawasan.vn\/san-pham\/chuong-cua-b68b\/","name":"Chu\u00f4ng C\u1eeda Kh\u00f4ng D\u00e2y B68D - Kawasan","isPartOf":{"@id":"https:\/\/kawasan.vn\/#website"},"primaryImageOfPage":{"@id":"https:\/\/kawasan.vn\/san-pham\/chuong-cua-b68b\/#primaryimage"},"image":{"@id":"https:\/\/kawasan.vn\/san-pham\/chuong-cua-b68b\/#primaryimage"},"thumbnailUrl":"https:\/\/kawasan.vn\/wp-content\/uploads\/2023\/11\/phu-kien-tich-hop-them-chuong-cua-B68B.jpg","datePublished":"2023-11-19T04:03:54+00:00","dateModified":"2025-12-11T08:26:13+00:00","description":"Chu\u00f4ng c\u1eeda B68B l\u00e0 ph\u1ea7n chu\u00f4ng s\u1eed d\u1ee5ng ngu\u1ed3n \u0111i\u1ec7n 220 VAC. T\u00edch h\u1ee3p \u0111\u01b0\u1ee3c nhi\u1ec1u n\u00fat nh\u1ea5n, \u0111\u1ea7u c\u1ea3m \u1ee9ng h\u1ed3ng ngo\u1ea1i b\u1eb1ng s\u00f3ng RF433Mhz.","breadcrumb":{"@id":"https:\/\/kawasan.vn\/san-pham\/chuong-cua-b68b\/#breadcrumb"},"inLanguage":"en-US","potentialAction":[{"@type":"ReadAction","target":["https:\/\/kawasan.vn\/san-pham\/chuong-cua-b68b\/"]}]},{"@type":"ImageObject","inLanguage":"en-US","@id":"https:\/\/kawasan.vn\/san-pham\/chuong-cua-b68b\/#primaryimage","url":"https:\/\/kawasan.vn\/wp-content\/uploads\/2023\/11\/phu-kien-tich-hop-them-chuong-cua-B68B.jpg","contentUrl":"https:\/\/kawasan.vn\/wp-content\/uploads\/2023\/11\/phu-kien-tich-hop-them-chuong-cua-B68B.jpg","width":600,"height":600,"caption":"Chu\u00f4ng C\u1eeda B68B"},{"@type":"BreadcrumbList","@id":"https:\/\/kawasan.vn\/san-pham\/chuong-cua-b68b\/#breadcrumb","itemListElement":[{"@type":"ListItem","position":1,"name":"Trang ch\u1ee7","item":"https:\/\/kawasan.vn\/"},{"@type":"ListItem","position":2,"name":"S\u1ea3n ph\u1ea9m","item":"https:\/\/kawasan.vn\/san-pham\/"},{"@type":"ListItem","position":3,"name":"Chu\u00f4ng C\u1eeda Kh\u00f4ng D\u00e2y B68D"}]},{"@type":"WebSite","@id":"https:\/\/kawasan.vn\/#website","url":"https:\/\/kawasan.vn\/","name":"Kawasan","description":"","potentialAction":[{"@type":"SearchAction","target":{"@type":"EntryPoint","urlTemplate":"https:\/\/kawasan.vn\/?s={search_term_string}"},"query-input":{"@type":"PropertyValueSpecification","valueRequired":true,"valueName":"search_term_string"}}],"inLanguage":"en-US"}]}},"_links":{"self":[{"href":"https:\/\/kawasan.vn\/en\/wp-json\/wp\/v2\/product\/12686","targetHints":{"allow":["GET"]}}],"collection":[{"href":"https:\/\/kawasan.vn\/en\/wp-json\/wp\/v2\/product"}],"about":[{"href":"https:\/\/kawasan.vn\/en\/wp-json\/wp\/v2\/types\/product"}],"replies":[{"embeddable":true,"href":"https:\/\/kawasan.vn\/en\/wp-json\/wp\/v2\/comments?post=12686"}],"version-history":[{"count":5,"href":"https:\/\/kawasan.vn\/en\/wp-json\/wp\/v2\/product\/12686\/revisions"}],"predecessor-version":[{"id":28978,"href":"https:\/\/kawasan.vn\/en\/wp-json\/wp\/v2\/product\/12686\/revisions\/28978"}],"wp:featuredmedia":[{"embeddable":true,"href":"https:\/\/kawasan.vn\/en\/wp-json\/wp\/v2\/media\/16370"}],"wp:attachment":[{"href":"https:\/\/kawasan.vn\/en\/wp-json\/wp\/v2\/media?parent=12686"}],"wp:term":[{"taxonomy":"product_cat","embeddable":true,"href":"https:\/\/kawasan.vn\/en\/wp-json\/wp\/v2\/product_cat?post=12686"},{"taxonomy":"product_tag","embeddable":true,"href":"https:\/\/kawasan.vn\/en\/wp-json\/wp\/v2\/product_tag?post=12686"}],"curies":[{"name":"wp","href":"https:\/\/api.w.org\/{rel}","templated":true}]}}