{"id":12677,"date":"2023-11-19T04:01:45","date_gmt":"2023-11-19T04:01:45","guid":{"rendered":"https:\/\/kawasan.123websitedev.com\/?post_type=product&#038;p=12677"},"modified":"2026-02-02T16:22:35","modified_gmt":"2026-02-02T09:22:35","slug":"nut-bam-khong-day-d81","status":"publish","type":"product","link":"https:\/\/kawasan.vn\/en\/product\/nut-bam-khong-day-d81\/","title":{"rendered":"N\u00fat B\u1ea5m D81 Kh\u00f4ng D\u00e2y KAWASAN"},"content":{"rendered":"<ul>\n<li><a href=\"https:\/\/thegioidienthongminh.com\/danh-muc\/chuong-cua-chuong-bao-khach\/\">Thi\u1ebft b\u1ecb n\u00fat b\u1ea5m D81 kh\u00f4ng d\u00e2y<\/a> l\u00e0 ph\u1ea7n n\u00fat nh\u1ea5n kh\u00f4ng d\u00f9ng Pin , <a href=\"https:\/\/kawasan.vn\/en\/product-category\/chuong-cua-chuong-bao-khach\/phu-kien-tich-hop-them-chuong-cua\/\">t\u00edch h\u1ee3p \u0111\u01b0\u1ee3c v\u1edbi chu\u00f4ng B8<\/a>.<\/li>\n<li>C\u00f4ng ngh\u1ec7 t\u1ef1 ph\u00e1t \u0111i\u1ec7n v\u00e0 ph\u00e1t s\u00f3ng \u0111\u1ebfn chu\u00f4ng.<\/li>\n<li>N\u00fat nh\u1ea5n cao c\u1ea5p ch\u1ed1ng n\u01b0\u1edbc l\u1eafp v\u00edt v\u00e0o t\u01b0\u1eddng.<\/li>\n<li>Ch\u1ed1ng n\u01b0\u1edbc ho\u00e0n to\u00e0n (c\u00f3 th\u1ec3 ng\u00e2m trong n\u01b0\u1edbc v\u1eabn ho\u1ea1t \u0111\u1ed9ng).<\/li>\n<\/ul>\n<p><img loading=\"lazy\" decoding=\"async\" class=\"aligncenter wp-image-16380\" src=\"https:\/\/kawasan.vn\/wp-content\/uploads\/2023\/11\/chuong-cua-khong-day-kawasan-db818-3.jpg\" alt=\"\" width=\"600\" height=\"338\" \/><\/p>\n<p>&nbsp;<\/p>\n<p><img loading=\"lazy\" decoding=\"async\" class=\"aligncenter wp-image-16379\" src=\"https:\/\/kawasan.vn\/wp-content\/uploads\/2023\/11\/chuong-cua-khong-day-kawasan-db818-2.jpg\" alt=\"\" width=\"600\" height=\"486\" \/> <img loading=\"lazy\" decoding=\"async\" class=\"aligncenter wp-image-16381\" src=\"https:\/\/kawasan.vn\/wp-content\/uploads\/2023\/11\/chuong-cua-khong-day-kawasan-db818-4.jpg\" alt=\"\" width=\"600\" height=\"554\" \/><\/p>\n<p>N\u00fat nh\u1ea5n chu\u00f4ng l\u00e0 s\u1ea3n ph\u1ea9m v\u1edbi thi\u1ebft k\u1ebf \u0111\u01a1n gi\u1ea3n, thanh l\u1ecbch th\u00edch h\u1ee3p g\u1eafn d\u00f9ng cho nhi\u1ec1u m\u1ee5c \u0111\u00edch kh\u00e1c nhau nh\u01b0\u00a0<b>l\u00e0m n\u00fat chu\u00f4ng b\u00e1o kh\u00e1ch cho nh\u00e0 \u1edf, v\u0103n ph\u00f2ng, c\u1eeda h\u00e0ng, b\u00e1o g\u1ecdi ng\u01b0\u1eddi tr\u1ee3 gi\u00fap<\/b>\u00a0(trong b\u1ec7nh vi\u1ec7n, ng\u01b0\u1eddi gi\u00e0,\u2026) hay t\u00edn hi\u1ec7u kh\u00e1ch g\u1ecdi trong h\u1ec7 th\u1ed1ng nh\u00e0 h\u00e0ng, kh\u00e1ch s\u1ea1n, karaoke,&#8230;.<\/p>\n<h3>Ph\u1ee5 Ki\u1ec7n T\u00edch H\u1ee3p Th\u00eam N\u00fat B\u1ea5m D81 Kh\u00f4ng D\u00e2y<\/h3>\n<ul>\n<li>Kho\u1ea3ng c\u00e1ch k\u1ebft n\u1ed1i t\u1edbi chu\u00f4ng\u00a0: 40~80m<\/li>\n<li>T\u1ea7n s\u1ed1 h\u1ecdc m\u00e3 k\u1ebft n\u1ed1i:\u00a0 RF433Mhz<\/li>\n<li>Ngu\u1ed3n: B\u1ea5m v\u00e0 t\u1ef1 ph\u00e1t \u0111i\u1ec7n.<\/li>\n<\/ul>","protected":false},"excerpt":{"rendered":"<p>Thi\u1ebft b\u1ecb n\u00fat b\u1ea5m D81 kh\u00f4ng d\u00e2y l\u00e0 ph\u1ea7n n\u00fat nh\u1ea5n kh\u00f4ng d\u00f9ng Pin , t\u00edch h\u1ee3p \u0111\u01b0\u1ee3c v\u1edbi chu\u00f4ng B8. C\u00f4ng ngh\u1ec7 t\u1ef1 ph\u00e1t \u0111i\u1ec7n v\u00e0 ph\u00e1t s\u00f3ng \u0111\u1ebfn chu\u00f4ng. N\u00fat nh\u1ea5n cao c\u1ea5p ch\u1ed1ng n\u01b0\u1edbc l\u1eafp v\u00edt v\u00e0o t\u01b0\u1eddng. Ch\u1ed1ng n\u01b0\u1edbc ho\u00e0n to\u00e0n (c\u00f3 th\u1ec3 ng\u00e2m trong n\u01b0\u1edbc v\u1eabn ho\u1ea1t \u0111\u1ed9ng). &nbsp; N\u00fat [&hellip;]<\/p>","protected":false},"featured_media":28233,"comment_status":"open","ping_status":"closed","template":"","meta":{"_yoast_wpseo_focuskw":"N\u00fat B\u1ea5m D81 Kh\u00f4ng D\u00e2y","_yoast_wpseo_metadesc":"N\u00fat B\u1ea5m D81 Kh\u00f4ng D\u00e2y kh\u00f4ng d\u00f9ng Pin, t\u00edch h\u1ee3p \u0111\u01b0\u1ee3c v\u1edbi chu\u00f4ng B8. C\u00f4ng ngh\u1ec7 t\u1ef1 ph\u00e1t \u0111i\u1ec7n v\u00e0 ph\u00e1t s\u00f3ng \u0111\u1ebfn chu\u00f4ng. Ho\u1eb7c c\u00f3 th\u1ec3 \u00e1p d\u1ee5ng v\u1edbi s\u1ea3n ph\u1ea9m kh\u00e1c.","_yoast_wpseo_focuskeywords":"","_yoast_wpseo_keyword_synonyms":""},"product_cat":[504,41],"product_tag":[1220,1031,1223,1219,1227,1222,723,1228,1229,1230,1226,1027,1038,718,1039,1217,1218,719,1221,621,1029,1034,1032,1033,1028,1035,1036,1030,1224,1225],"class_list":["post-12677","product","type-product","status-publish","has-post-thumbnail","hentry","product_cat-phu-kien-tich-hop-them-chuong-cua","product_cat-chuong-cua-chuong-bao-khach","product_tag-chuong-bam-cua","product_tag-chuong-bam-kawasan","product_tag-chuong-bao-cua-ra-vao","product_tag-chuong-bao-dong-khong-day","product_tag-chuong-bao-khach-cho-cua-hang","product_tag-chuong-bao-khach-kawasan","product_tag-chuong-bao-khach-khong-day","product_tag-chuong-bao-trom","product_tag-chuong-cam-bien-bao-dong","product_tag-chuong-cam-bien-kawasan","product_tag-chuong-cong-ko-day","product_tag-chuong-cua","product_tag-chuong-cua-bao-khach","product_tag-chuong-cua-khong-day","product_tag-chuong-cua-thong-minh","product_tag-chuong-dien-khong-day","product_tag-chuong-goi-phuc-vu-khong-day","product_tag-chuong-khong-day","product_tag-chuong-nha","product_tag-kawasan","product_tag-nut-bam-chuong","product_tag-nut-bam-chuong-chinh-hang-kawasan","product_tag-nut-bam-chuong-gia-re","product_tag-nut-bam-chuong-gia-tot","product_tag-nut-bam-goi","product_tag-nut-bam-goi-phuc-vu","product_tag-nut-bam-ket-hop-chuong","product_tag-nut-chuong-kawasan","product_tag-pin-chuong-cua","product_tag-pin-chuong-cua-khong-day"],"acf":[],"yoast_head":"<!-- This site is optimized with the Yoast SEO Premium plugin v24.9 (Yoast SEO v24.9) - https:\/\/yoast.com\/wordpress\/plugins\/seo\/ -->\n<title>N\u00fat B\u1ea5m D81 Kh\u00f4ng D\u00e2y KAWASAN - Kawasan<\/title>\n<meta name=\"description\" content=\"N\u00fat B\u1ea5m D81 Kh\u00f4ng D\u00e2y kh\u00f4ng d\u00f9ng Pin, t\u00edch h\u1ee3p \u0111\u01b0\u1ee3c v\u1edbi chu\u00f4ng B8. C\u00f4ng ngh\u1ec7 t\u1ef1 ph\u00e1t \u0111i\u1ec7n v\u00e0 ph\u00e1t s\u00f3ng \u0111\u1ebfn chu\u00f4ng. Ho\u1eb7c c\u00f3 th\u1ec3 \u00e1p d\u1ee5ng v\u1edbi s\u1ea3n ph\u1ea9m kh\u00e1c.\" \/>\n<meta name=\"robots\" content=\"index, follow, max-snippet:-1, max-image-preview:large, max-video-preview:-1\" \/>\n<link rel=\"canonical\" href=\"https:\/\/kawasan.vn\/en\/product\/nut-bam-khong-day-d81\/\" \/>\n<meta property=\"og:locale\" content=\"en_US\" \/>\n<meta property=\"og:type\" content=\"article\" \/>\n<meta property=\"og:title\" content=\"N\u00fat B\u1ea5m D81 Kh\u00f4ng D\u00e2y KAWASAN\" \/>\n<meta property=\"og:description\" content=\"N\u00fat B\u1ea5m D81 Kh\u00f4ng D\u00e2y kh\u00f4ng d\u00f9ng Pin, t\u00edch h\u1ee3p \u0111\u01b0\u1ee3c v\u1edbi chu\u00f4ng B8. C\u00f4ng ngh\u1ec7 t\u1ef1 ph\u00e1t \u0111i\u1ec7n v\u00e0 ph\u00e1t s\u00f3ng \u0111\u1ebfn chu\u00f4ng. Ho\u1eb7c c\u00f3 th\u1ec3 \u00e1p d\u1ee5ng v\u1edbi s\u1ea3n ph\u1ea9m kh\u00e1c.\" \/>\n<meta property=\"og:url\" content=\"https:\/\/kawasan.vn\/en\/product\/nut-bam-khong-day-d81\/\" \/>\n<meta property=\"og:site_name\" content=\"Kawasan\" \/>\n<meta property=\"article:modified_time\" content=\"2026-02-02T09:22:35+00:00\" \/>\n<meta property=\"og:image\" content=\"https:\/\/kawasan.vn\/wp-content\/uploads\/2023\/11\/I287BS-7.png\" \/>\n\t<meta property=\"og:image:width\" content=\"900\" \/>\n\t<meta property=\"og:image:height\" content=\"900\" \/>\n\t<meta property=\"og:image:type\" content=\"image\/png\" \/>\n<meta name=\"twitter:card\" content=\"summary_large_image\" \/>\n<meta name=\"twitter:label1\" content=\"Est. reading time\" \/>\n\t<meta name=\"twitter:data1\" content=\"2 minutes\" \/>\n<script type=\"application\/ld+json\" class=\"yoast-schema-graph\">{\"@context\":\"https:\/\/schema.org\",\"@graph\":[{\"@type\":\"WebPage\",\"@id\":\"https:\/\/kawasan.vn\/san-pham\/nut-bam-khong-day-d81\/\",\"url\":\"https:\/\/kawasan.vn\/san-pham\/nut-bam-khong-day-d81\/\",\"name\":\"N\u00fat B\u1ea5m D81 Kh\u00f4ng D\u00e2y KAWASAN - Kawasan\",\"isPartOf\":{\"@id\":\"https:\/\/kawasan.vn\/#website\"},\"primaryImageOfPage\":{\"@id\":\"https:\/\/kawasan.vn\/san-pham\/nut-bam-khong-day-d81\/#primaryimage\"},\"image\":{\"@id\":\"https:\/\/kawasan.vn\/san-pham\/nut-bam-khong-day-d81\/#primaryimage\"},\"thumbnailUrl\":\"https:\/\/kawasan.vn\/wp-content\/uploads\/2023\/11\/I287BS-7.png\",\"datePublished\":\"2023-11-19T04:01:45+00:00\",\"dateModified\":\"2026-02-02T09:22:35+00:00\",\"description\":\"N\u00fat B\u1ea5m D81 Kh\u00f4ng D\u00e2y kh\u00f4ng d\u00f9ng Pin, t\u00edch h\u1ee3p \u0111\u01b0\u1ee3c v\u1edbi chu\u00f4ng B8. C\u00f4ng ngh\u1ec7 t\u1ef1 ph\u00e1t \u0111i\u1ec7n v\u00e0 ph\u00e1t s\u00f3ng \u0111\u1ebfn chu\u00f4ng. Ho\u1eb7c c\u00f3 th\u1ec3 \u00e1p d\u1ee5ng v\u1edbi s\u1ea3n ph\u1ea9m kh\u00e1c.\",\"breadcrumb\":{\"@id\":\"https:\/\/kawasan.vn\/san-pham\/nut-bam-khong-day-d81\/#breadcrumb\"},\"inLanguage\":\"en-US\",\"potentialAction\":[{\"@type\":\"ReadAction\",\"target\":[\"https:\/\/kawasan.vn\/san-pham\/nut-bam-khong-day-d81\/\"]}]},{\"@type\":\"ImageObject\",\"inLanguage\":\"en-US\",\"@id\":\"https:\/\/kawasan.vn\/san-pham\/nut-bam-khong-day-d81\/#primaryimage\",\"url\":\"https:\/\/kawasan.vn\/wp-content\/uploads\/2023\/11\/I287BS-7.png\",\"contentUrl\":\"https:\/\/kawasan.vn\/wp-content\/uploads\/2023\/11\/I287BS-7.png\",\"width\":900,\"height\":900},{\"@type\":\"BreadcrumbList\",\"@id\":\"https:\/\/kawasan.vn\/san-pham\/nut-bam-khong-day-d81\/#breadcrumb\",\"itemListElement\":[{\"@type\":\"ListItem\",\"position\":1,\"name\":\"Trang ch\u1ee7\",\"item\":\"https:\/\/kawasan.vn\/\"},{\"@type\":\"ListItem\",\"position\":2,\"name\":\"S\u1ea3n ph\u1ea9m\",\"item\":\"https:\/\/kawasan.vn\/san-pham\/\"},{\"@type\":\"ListItem\",\"position\":3,\"name\":\"N\u00fat B\u1ea5m D81 Kh\u00f4ng D\u00e2y KAWASAN\"}]},{\"@type\":\"WebSite\",\"@id\":\"https:\/\/kawasan.vn\/#website\",\"url\":\"https:\/\/kawasan.vn\/\",\"name\":\"Kawasan\",\"description\":\"\",\"potentialAction\":[{\"@type\":\"SearchAction\",\"target\":{\"@type\":\"EntryPoint\",\"urlTemplate\":\"https:\/\/kawasan.vn\/?s={search_term_string}\"},\"query-input\":{\"@type\":\"PropertyValueSpecification\",\"valueRequired\":true,\"valueName\":\"search_term_string\"}}],\"inLanguage\":\"en-US\"}]}<\/script>\n<!-- \/ Yoast SEO Premium plugin. -->","yoast_head_json":{"title":"N\u00fat B\u1ea5m D81 Kh\u00f4ng D\u00e2y KAWASAN - Kawasan","description":"N\u00fat B\u1ea5m D81 Kh\u00f4ng D\u00e2y kh\u00f4ng d\u00f9ng Pin, t\u00edch h\u1ee3p \u0111\u01b0\u1ee3c v\u1edbi chu\u00f4ng B8. C\u00f4ng ngh\u1ec7 t\u1ef1 ph\u00e1t \u0111i\u1ec7n v\u00e0 ph\u00e1t s\u00f3ng \u0111\u1ebfn chu\u00f4ng. Ho\u1eb7c c\u00f3 th\u1ec3 \u00e1p d\u1ee5ng v\u1edbi s\u1ea3n ph\u1ea9m kh\u00e1c.","robots":{"index":"index","follow":"follow","max-snippet":"max-snippet:-1","max-image-preview":"max-image-preview:large","max-video-preview":"max-video-preview:-1"},"canonical":"https:\/\/kawasan.vn\/en\/product\/nut-bam-khong-day-d81\/","og_locale":"en_US","og_type":"article","og_title":"N\u00fat B\u1ea5m D81 Kh\u00f4ng D\u00e2y KAWASAN","og_description":"N\u00fat B\u1ea5m D81 Kh\u00f4ng D\u00e2y kh\u00f4ng d\u00f9ng Pin, t\u00edch h\u1ee3p \u0111\u01b0\u1ee3c v\u1edbi chu\u00f4ng B8. C\u00f4ng ngh\u1ec7 t\u1ef1 ph\u00e1t \u0111i\u1ec7n v\u00e0 ph\u00e1t s\u00f3ng \u0111\u1ebfn chu\u00f4ng. Ho\u1eb7c c\u00f3 th\u1ec3 \u00e1p d\u1ee5ng v\u1edbi s\u1ea3n ph\u1ea9m kh\u00e1c.","og_url":"https:\/\/kawasan.vn\/en\/product\/nut-bam-khong-day-d81\/","og_site_name":"Kawasan","article_modified_time":"2026-02-02T09:22:35+00:00","og_image":[{"width":900,"height":900,"url":"https:\/\/kawasan.vn\/wp-content\/uploads\/2023\/11\/I287BS-7.png","type":"image\/png"}],"twitter_card":"summary_large_image","twitter_misc":{"Est. reading time":"2 minutes"},"schema":{"@context":"https:\/\/schema.org","@graph":[{"@type":"WebPage","@id":"https:\/\/kawasan.vn\/san-pham\/nut-bam-khong-day-d81\/","url":"https:\/\/kawasan.vn\/san-pham\/nut-bam-khong-day-d81\/","name":"N\u00fat B\u1ea5m D81 Kh\u00f4ng D\u00e2y KAWASAN - Kawasan","isPartOf":{"@id":"https:\/\/kawasan.vn\/#website"},"primaryImageOfPage":{"@id":"https:\/\/kawasan.vn\/san-pham\/nut-bam-khong-day-d81\/#primaryimage"},"image":{"@id":"https:\/\/kawasan.vn\/san-pham\/nut-bam-khong-day-d81\/#primaryimage"},"thumbnailUrl":"https:\/\/kawasan.vn\/wp-content\/uploads\/2023\/11\/I287BS-7.png","datePublished":"2023-11-19T04:01:45+00:00","dateModified":"2026-02-02T09:22:35+00:00","description":"N\u00fat B\u1ea5m D81 Kh\u00f4ng D\u00e2y kh\u00f4ng d\u00f9ng Pin, t\u00edch h\u1ee3p \u0111\u01b0\u1ee3c v\u1edbi chu\u00f4ng B8. C\u00f4ng ngh\u1ec7 t\u1ef1 ph\u00e1t \u0111i\u1ec7n v\u00e0 ph\u00e1t s\u00f3ng \u0111\u1ebfn chu\u00f4ng. Ho\u1eb7c c\u00f3 th\u1ec3 \u00e1p d\u1ee5ng v\u1edbi s\u1ea3n ph\u1ea9m kh\u00e1c.","breadcrumb":{"@id":"https:\/\/kawasan.vn\/san-pham\/nut-bam-khong-day-d81\/#breadcrumb"},"inLanguage":"en-US","potentialAction":[{"@type":"ReadAction","target":["https:\/\/kawasan.vn\/san-pham\/nut-bam-khong-day-d81\/"]}]},{"@type":"ImageObject","inLanguage":"en-US","@id":"https:\/\/kawasan.vn\/san-pham\/nut-bam-khong-day-d81\/#primaryimage","url":"https:\/\/kawasan.vn\/wp-content\/uploads\/2023\/11\/I287BS-7.png","contentUrl":"https:\/\/kawasan.vn\/wp-content\/uploads\/2023\/11\/I287BS-7.png","width":900,"height":900},{"@type":"BreadcrumbList","@id":"https:\/\/kawasan.vn\/san-pham\/nut-bam-khong-day-d81\/#breadcrumb","itemListElement":[{"@type":"ListItem","position":1,"name":"Trang ch\u1ee7","item":"https:\/\/kawasan.vn\/"},{"@type":"ListItem","position":2,"name":"S\u1ea3n ph\u1ea9m","item":"https:\/\/kawasan.vn\/san-pham\/"},{"@type":"ListItem","position":3,"name":"N\u00fat B\u1ea5m D81 Kh\u00f4ng D\u00e2y KAWASAN"}]},{"@type":"WebSite","@id":"https:\/\/kawasan.vn\/#website","url":"https:\/\/kawasan.vn\/","name":"Kawasan","description":"","potentialAction":[{"@type":"SearchAction","target":{"@type":"EntryPoint","urlTemplate":"https:\/\/kawasan.vn\/?s={search_term_string}"},"query-input":{"@type":"PropertyValueSpecification","valueRequired":true,"valueName":"search_term_string"}}],"inLanguage":"en-US"}]}},"_links":{"self":[{"href":"https:\/\/kawasan.vn\/en\/wp-json\/wp\/v2\/product\/12677","targetHints":{"allow":["GET"]}}],"collection":[{"href":"https:\/\/kawasan.vn\/en\/wp-json\/wp\/v2\/product"}],"about":[{"href":"https:\/\/kawasan.vn\/en\/wp-json\/wp\/v2\/types\/product"}],"replies":[{"embeddable":true,"href":"https:\/\/kawasan.vn\/en\/wp-json\/wp\/v2\/comments?post=12677"}],"version-history":[{"count":3,"href":"https:\/\/kawasan.vn\/en\/wp-json\/wp\/v2\/product\/12677\/revisions"}],"predecessor-version":[{"id":19961,"href":"https:\/\/kawasan.vn\/en\/wp-json\/wp\/v2\/product\/12677\/revisions\/19961"}],"wp:featuredmedia":[{"embeddable":true,"href":"https:\/\/kawasan.vn\/en\/wp-json\/wp\/v2\/media\/28233"}],"wp:attachment":[{"href":"https:\/\/kawasan.vn\/en\/wp-json\/wp\/v2\/media?parent=12677"}],"wp:term":[{"taxonomy":"product_cat","embeddable":true,"href":"https:\/\/kawasan.vn\/en\/wp-json\/wp\/v2\/product_cat?post=12677"},{"taxonomy":"product_tag","embeddable":true,"href":"https:\/\/kawasan.vn\/en\/wp-json\/wp\/v2\/product_tag?post=12677"}],"curies":[{"name":"wp","href":"https:\/\/api.w.org\/{rel}","templated":true}]}}