{"id":12674,"date":"2023-11-19T04:00:19","date_gmt":"2023-11-19T04:00:19","guid":{"rendered":"https:\/\/kawasan.123websitedev.com\/?post_type=product&#038;p=12674"},"modified":"2025-04-23T09:56:54","modified_gmt":"2025-04-23T02:56:54","slug":"chuong-cua-b28","status":"publish","type":"product","link":"https:\/\/kawasan.vn\/en\/product\/chuong-cua-b28\/","title":{"rendered":"Chu\u00f4ng C\u1eeda B28 KAWASAN"},"content":{"rendered":"<p>Chu\u00f4ng c\u1eeda B28 l\u00e0 ph\u1ea7n chu\u00f4ng s\u1eed d\u1ee5ng ngu\u1ed3n \u0111i\u1ec7n 220 VAC. T\u00edch h\u1ee3p \u0111\u01b0\u1ee3c nhi\u1ec1u n\u00fat nh\u1ea5n, \u0111\u1ea7u c\u1ea3m \u1ee9ng h\u1ed3ng ngo\u1ea1i b\u1eb1ng s\u00f3ng RF433Mhz.<\/p>\n<p><b>Gi\u00fap ki\u1ec3m so\u00e1t kh\u00e1ch ra v\u00e0o nh\u00e0 ho\u1eb7c v\u0103n ph\u00f2ng<\/b>. Cho ph\u00e9p ng\u01b0\u1eddi d\u00f9ng quan s\u00e1t; giao ti\u1ebfp v\u1edbi kh\u00e1ch tr\u01b0\u1edbc khi m\u1edf c\u1eeda. Cho ph\u00e9p ng\u01b0\u1eddi d\u00f9ng tr\u00e1nh s\u1ef1 l\u00e0m phi\u1ec1n c\u1ee7a nh\u1eefng v\u1ecb kh\u00e1ch kh\u00f4ng m\u1eddi. N\u00e2ng cao s\u1ef1 an to\u00e0n cho ng\u00f4i nh\u00e0, bi\u1ec7t th\u1ef1, chung c\u01b0 ho\u1eb7c v\u0103n ph\u00f2ng.<\/p>\n<h2>M\u1ed9t s\u1ed1 \u0111i\u1ec3m n\u1ed5i b\u1eadt c\u1ee7a chu\u00f4ng c\u1eeda B28<\/h2>\n<ul>\n<li>Ho\u00e0n to\u00e0n kh\u00f4ng d\u00f9ng d\u00e2y k\u1ebft n\u1ed1i, b\u1ed9 ph\u1eadn n\u00fat nh\u1ea5n v\u00e0 chu\u00f4ng b\u00e1o t\u00e1ch r\u1eddi \u0111\u1ed9c l\u1eadp v\u1edbi nhau<\/li>\n<li>Ho\u00e0n to\u00e0n kh\u00f4ng m\u1ea5t chi ph\u00ed l\u1eafp \u0111\u1eb7t chu\u00f4ng c\u1eeda, ng\u01b0\u1eddi d\u00f9ng c\u00f3 th\u1ec3 t\u1ef1 l\u1eafp \u0111\u1eb7t v\u1edbi thao t\u00e1c \u0111\u01a1n gi\u1ea3n<\/li>\n<li>Truy\u1ec1n t\u00edn hi\u1ec7u qua t\u1ea7n s\u1ed1 s\u00f3ng, c\u00f3 th\u1ec3 xuy\u00ean qua t\u01b0\u1eddng, v\u1eadt c\u1ea3n d\u1ec5 d\u00e0ng<\/li>\n<li>\u0110a d\u1ea1ng \u00e2m b\u00e1o v\u00e0 chu\u00f4ng b\u00e1o ph\u00f9 h\u1ee3p m\u1ecdi kh\u00f4ng gian<\/li>\n<li>C\u00f3 \u0111\u00e8n LED s\u00e1ng b\u00e1o k\u00e8m chu\u00f4ng<\/li>\n<li>Chu\u00f4ng c\u1eeda kh\u00f4ng d\u00e2y \u0111\u1ec1u \u0111\u01b0\u1ee3c thi\u1ebft k\u1ebf nh\u1ecf g\u1ecdn, sang tr\u1ecdng, \u0111\u1eb9p m\u1eaft<\/li>\n<li>Gi\u00e1 th\u00e0nh r\u1ebb, s\u1eed d\u1ee5ng pin ho\u1eb7c t\u1ef1 s\u1ea3n sinh n\u0103ng l\u01b0\u1ee3ng duy tr\u00ec ho\u1ea1t \u0111\u1ed9ng<\/li>\n<\/ul>\n<p><strong>C\u00e1c s\u1ea3n ph\u1ea9m li\u00ean quan: Chu\u00f4ng C\u1eeda B28<\/strong><\/p>\n<p><strong><a href=\"https:\/\/thegioidienthongminh.com\/danh-muc\/chuong-cua-chuong-bao-khach\/\">https:\/\/thegioidienthongminh.com\/danh-muc\/chuong-cua-chuong-bao-khach\/<\/a><\/strong><\/p>\n<p><strong><a href=\"https:\/\/kawasan.vn\/en\/product-category\/chuong-cua-chuong-bao-khach\/phu-kien-tich-hop-them-chuong-cua\/\">https:\/\/kawasan.vn\/danh-muc-san-pham\/chuong-cua-chuong-bao-khach\/phu-kien-tich-hop-them-chuong-cua\/<\/a><\/strong><\/p>","protected":false},"excerpt":{"rendered":"<p>Chu\u00f4ng c\u1eeda B28 l\u00e0 ph\u1ea7n chu\u00f4ng s\u1eed d\u1ee5ng ngu\u1ed3n \u0111i\u1ec7n 220 VAC. T\u00edch h\u1ee3p \u0111\u01b0\u1ee3c nhi\u1ec1u n\u00fat nh\u1ea5n, \u0111\u1ea7u c\u1ea3m \u1ee9ng h\u1ed3ng ngo\u1ea1i b\u1eb1ng s\u00f3ng RF433Mhz. Gi\u00fap ki\u1ec3m so\u00e1t kh\u00e1ch ra v\u00e0o nh\u00e0 ho\u1eb7c v\u0103n ph\u00f2ng. Cho ph\u00e9p ng\u01b0\u1eddi d\u00f9ng quan s\u00e1t; giao ti\u1ebfp v\u1edbi kh\u00e1ch tr\u01b0\u1edbc khi m\u1edf c\u1eeda. Cho ph\u00e9p ng\u01b0\u1eddi d\u00f9ng tr\u00e1nh [&hellip;]<\/p>","protected":false},"featured_media":16384,"comment_status":"open","ping_status":"closed","template":"","meta":{"_yoast_wpseo_focuskw":"Chu\u00f4ng C\u1eeda B28","_yoast_wpseo_metadesc":"Chu\u00f4ng c\u1eeda B28 l\u00e0 ph\u1ea7n chu\u00f4ng s\u1eed d\u1ee5ng ngu\u1ed3n \u0111i\u1ec7n 220 VAC. T\u00edch h\u1ee3p \u0111\u01b0\u1ee3c nhi\u1ec1u n\u00fat nh\u1ea5n, \u0111\u1ea7u c\u1ea3m \u1ee9ng h\u1ed3ng ngo\u1ea1i b\u1eb1ng s\u00f3ng RF433Mhz.","_yoast_wpseo_focuskeywords":"","_yoast_wpseo_keyword_synonyms":""},"product_cat":[504,41,85],"product_tag":[1220,1223,1219,1227,1222,723,1228,1229,1230,1226,1027,1037,1038,1040,1023,1021,1022,1024,718,1039,1217,1218,719,1221,621,1224,1225],"class_list":["post-12674","product","type-product","status-publish","has-post-thumbnail","hentry","product_cat-phu-kien-tich-hop-them-chuong-cua","product_cat-chuong-cua-chuong-bao-khach","product_cat-hang-khuyen-mai-soc","product_tag-chuong-bam-cua","product_tag-chuong-bao-cua-ra-vao","product_tag-chuong-bao-dong-khong-day","product_tag-chuong-bao-khach-cho-cua-hang","product_tag-chuong-bao-khach-kawasan","product_tag-chuong-bao-khach-khong-day","product_tag-chuong-bao-trom","product_tag-chuong-cam-bien-bao-dong","product_tag-chuong-cam-bien-kawasan","product_tag-chuong-cong-ko-day","product_tag-chuong-cua","product_tag-chuong-cua-bao-dong","product_tag-chuong-cua-bao-khach","product_tag-chuong-cua-cam-bien","product_tag-chuong-cua-chinh-hang","product_tag-chuong-cua-gia-re","product_tag-chuong-cua-gia-tot","product_tag-chuong-cua-kawasan","product_tag-chuong-cua-khong-day","product_tag-chuong-cua-thong-minh","product_tag-chuong-dien-khong-day","product_tag-chuong-goi-phuc-vu-khong-day","product_tag-chuong-khong-day","product_tag-chuong-nha","product_tag-kawasan","product_tag-pin-chuong-cua","product_tag-pin-chuong-cua-khong-day"],"acf":[],"yoast_head":"<!-- This site is optimized with the Yoast SEO Premium plugin v24.9 (Yoast SEO v24.9) - https:\/\/yoast.com\/wordpress\/plugins\/seo\/ -->\n<title>Chu\u00f4ng C\u1eeda B28 KAWASAN - Kawasan<\/title>\n<meta name=\"description\" content=\"Chu\u00f4ng c\u1eeda B28 l\u00e0 ph\u1ea7n chu\u00f4ng s\u1eed d\u1ee5ng ngu\u1ed3n \u0111i\u1ec7n 220 VAC. T\u00edch h\u1ee3p \u0111\u01b0\u1ee3c nhi\u1ec1u n\u00fat nh\u1ea5n, \u0111\u1ea7u c\u1ea3m \u1ee9ng h\u1ed3ng ngo\u1ea1i b\u1eb1ng s\u00f3ng RF433Mhz.\" \/>\n<meta name=\"robots\" content=\"index, follow, max-snippet:-1, max-image-preview:large, max-video-preview:-1\" \/>\n<link rel=\"canonical\" href=\"https:\/\/kawasan.vn\/en\/product\/chuong-cua-b28\/\" \/>\n<meta property=\"og:locale\" content=\"en_US\" \/>\n<meta property=\"og:type\" content=\"article\" \/>\n<meta property=\"og:title\" content=\"Chu\u00f4ng C\u1eeda B28 KAWASAN\" \/>\n<meta property=\"og:description\" content=\"Chu\u00f4ng c\u1eeda B28 l\u00e0 ph\u1ea7n chu\u00f4ng s\u1eed d\u1ee5ng ngu\u1ed3n \u0111i\u1ec7n 220 VAC. T\u00edch h\u1ee3p \u0111\u01b0\u1ee3c nhi\u1ec1u n\u00fat nh\u1ea5n, \u0111\u1ea7u c\u1ea3m \u1ee9ng h\u1ed3ng ngo\u1ea1i b\u1eb1ng s\u00f3ng RF433Mhz.\" \/>\n<meta property=\"og:url\" content=\"https:\/\/kawasan.vn\/en\/product\/chuong-cua-b28\/\" \/>\n<meta property=\"og:site_name\" content=\"Kawasan\" \/>\n<meta property=\"article:modified_time\" content=\"2025-04-23T02:56:54+00:00\" \/>\n<meta property=\"og:image\" content=\"https:\/\/kawasan.vn\/wp-content\/uploads\/2023\/11\/chuong-cua-B28.jpg\" \/>\n\t<meta property=\"og:image:width\" content=\"600\" \/>\n\t<meta property=\"og:image:height\" content=\"600\" \/>\n\t<meta property=\"og:image:type\" content=\"image\/jpeg\" \/>\n<meta name=\"twitter:card\" content=\"summary_large_image\" \/>\n<meta name=\"twitter:label1\" content=\"Est. reading time\" \/>\n\t<meta name=\"twitter:data1\" content=\"2 minutes\" \/>\n<script type=\"application\/ld+json\" class=\"yoast-schema-graph\">{\"@context\":\"https:\/\/schema.org\",\"@graph\":[{\"@type\":\"WebPage\",\"@id\":\"https:\/\/kawasan.vn\/san-pham\/chuong-cua-b28\/\",\"url\":\"https:\/\/kawasan.vn\/san-pham\/chuong-cua-b28\/\",\"name\":\"Chu\u00f4ng C\u1eeda B28 KAWASAN - Kawasan\",\"isPartOf\":{\"@id\":\"https:\/\/kawasan.vn\/#website\"},\"primaryImageOfPage\":{\"@id\":\"https:\/\/kawasan.vn\/san-pham\/chuong-cua-b28\/#primaryimage\"},\"image\":{\"@id\":\"https:\/\/kawasan.vn\/san-pham\/chuong-cua-b28\/#primaryimage\"},\"thumbnailUrl\":\"https:\/\/kawasan.vn\/wp-content\/uploads\/2023\/11\/chuong-cua-B28.jpg\",\"datePublished\":\"2023-11-19T04:00:19+00:00\",\"dateModified\":\"2025-04-23T02:56:54+00:00\",\"description\":\"Chu\u00f4ng c\u1eeda B28 l\u00e0 ph\u1ea7n chu\u00f4ng s\u1eed d\u1ee5ng ngu\u1ed3n \u0111i\u1ec7n 220 VAC. T\u00edch h\u1ee3p \u0111\u01b0\u1ee3c nhi\u1ec1u n\u00fat nh\u1ea5n, \u0111\u1ea7u c\u1ea3m \u1ee9ng h\u1ed3ng ngo\u1ea1i b\u1eb1ng s\u00f3ng RF433Mhz.\",\"breadcrumb\":{\"@id\":\"https:\/\/kawasan.vn\/san-pham\/chuong-cua-b28\/#breadcrumb\"},\"inLanguage\":\"en-US\",\"potentialAction\":[{\"@type\":\"ReadAction\",\"target\":[\"https:\/\/kawasan.vn\/san-pham\/chuong-cua-b28\/\"]}]},{\"@type\":\"ImageObject\",\"inLanguage\":\"en-US\",\"@id\":\"https:\/\/kawasan.vn\/san-pham\/chuong-cua-b28\/#primaryimage\",\"url\":\"https:\/\/kawasan.vn\/wp-content\/uploads\/2023\/11\/chuong-cua-B28.jpg\",\"contentUrl\":\"https:\/\/kawasan.vn\/wp-content\/uploads\/2023\/11\/chuong-cua-B28.jpg\",\"width\":600,\"height\":600,\"caption\":\"Chu\u00f4ng C\u1eeda B28 KAWASAN\"},{\"@type\":\"BreadcrumbList\",\"@id\":\"https:\/\/kawasan.vn\/san-pham\/chuong-cua-b28\/#breadcrumb\",\"itemListElement\":[{\"@type\":\"ListItem\",\"position\":1,\"name\":\"Trang ch\u1ee7\",\"item\":\"https:\/\/kawasan.vn\/\"},{\"@type\":\"ListItem\",\"position\":2,\"name\":\"S\u1ea3n ph\u1ea9m\",\"item\":\"https:\/\/kawasan.vn\/san-pham\/\"},{\"@type\":\"ListItem\",\"position\":3,\"name\":\"Chu\u00f4ng C\u1eeda B28 KAWASAN\"}]},{\"@type\":\"WebSite\",\"@id\":\"https:\/\/kawasan.vn\/#website\",\"url\":\"https:\/\/kawasan.vn\/\",\"name\":\"Kawasan\",\"description\":\"\",\"potentialAction\":[{\"@type\":\"SearchAction\",\"target\":{\"@type\":\"EntryPoint\",\"urlTemplate\":\"https:\/\/kawasan.vn\/?s={search_term_string}\"},\"query-input\":{\"@type\":\"PropertyValueSpecification\",\"valueRequired\":true,\"valueName\":\"search_term_string\"}}],\"inLanguage\":\"en-US\"}]}<\/script>\n<!-- \/ Yoast SEO Premium plugin. -->","yoast_head_json":{"title":"Chu\u00f4ng C\u1eeda B28 KAWASAN - Kawasan","description":"Chu\u00f4ng c\u1eeda B28 l\u00e0 ph\u1ea7n chu\u00f4ng s\u1eed d\u1ee5ng ngu\u1ed3n \u0111i\u1ec7n 220 VAC. T\u00edch h\u1ee3p \u0111\u01b0\u1ee3c nhi\u1ec1u n\u00fat nh\u1ea5n, \u0111\u1ea7u c\u1ea3m \u1ee9ng h\u1ed3ng ngo\u1ea1i b\u1eb1ng s\u00f3ng RF433Mhz.","robots":{"index":"index","follow":"follow","max-snippet":"max-snippet:-1","max-image-preview":"max-image-preview:large","max-video-preview":"max-video-preview:-1"},"canonical":"https:\/\/kawasan.vn\/en\/product\/chuong-cua-b28\/","og_locale":"en_US","og_type":"article","og_title":"Chu\u00f4ng C\u1eeda B28 KAWASAN","og_description":"Chu\u00f4ng c\u1eeda B28 l\u00e0 ph\u1ea7n chu\u00f4ng s\u1eed d\u1ee5ng ngu\u1ed3n \u0111i\u1ec7n 220 VAC. T\u00edch h\u1ee3p \u0111\u01b0\u1ee3c nhi\u1ec1u n\u00fat nh\u1ea5n, \u0111\u1ea7u c\u1ea3m \u1ee9ng h\u1ed3ng ngo\u1ea1i b\u1eb1ng s\u00f3ng RF433Mhz.","og_url":"https:\/\/kawasan.vn\/en\/product\/chuong-cua-b28\/","og_site_name":"Kawasan","article_modified_time":"2025-04-23T02:56:54+00:00","og_image":[{"width":600,"height":600,"url":"https:\/\/kawasan.vn\/wp-content\/uploads\/2023\/11\/chuong-cua-B28.jpg","type":"image\/jpeg"}],"twitter_card":"summary_large_image","twitter_misc":{"Est. reading time":"2 minutes"},"schema":{"@context":"https:\/\/schema.org","@graph":[{"@type":"WebPage","@id":"https:\/\/kawasan.vn\/san-pham\/chuong-cua-b28\/","url":"https:\/\/kawasan.vn\/san-pham\/chuong-cua-b28\/","name":"Chu\u00f4ng C\u1eeda B28 KAWASAN - Kawasan","isPartOf":{"@id":"https:\/\/kawasan.vn\/#website"},"primaryImageOfPage":{"@id":"https:\/\/kawasan.vn\/san-pham\/chuong-cua-b28\/#primaryimage"},"image":{"@id":"https:\/\/kawasan.vn\/san-pham\/chuong-cua-b28\/#primaryimage"},"thumbnailUrl":"https:\/\/kawasan.vn\/wp-content\/uploads\/2023\/11\/chuong-cua-B28.jpg","datePublished":"2023-11-19T04:00:19+00:00","dateModified":"2025-04-23T02:56:54+00:00","description":"Chu\u00f4ng c\u1eeda B28 l\u00e0 ph\u1ea7n chu\u00f4ng s\u1eed d\u1ee5ng ngu\u1ed3n \u0111i\u1ec7n 220 VAC. T\u00edch h\u1ee3p \u0111\u01b0\u1ee3c nhi\u1ec1u n\u00fat nh\u1ea5n, \u0111\u1ea7u c\u1ea3m \u1ee9ng h\u1ed3ng ngo\u1ea1i b\u1eb1ng s\u00f3ng RF433Mhz.","breadcrumb":{"@id":"https:\/\/kawasan.vn\/san-pham\/chuong-cua-b28\/#breadcrumb"},"inLanguage":"en-US","potentialAction":[{"@type":"ReadAction","target":["https:\/\/kawasan.vn\/san-pham\/chuong-cua-b28\/"]}]},{"@type":"ImageObject","inLanguage":"en-US","@id":"https:\/\/kawasan.vn\/san-pham\/chuong-cua-b28\/#primaryimage","url":"https:\/\/kawasan.vn\/wp-content\/uploads\/2023\/11\/chuong-cua-B28.jpg","contentUrl":"https:\/\/kawasan.vn\/wp-content\/uploads\/2023\/11\/chuong-cua-B28.jpg","width":600,"height":600,"caption":"Chu\u00f4ng C\u1eeda B28 KAWASAN"},{"@type":"BreadcrumbList","@id":"https:\/\/kawasan.vn\/san-pham\/chuong-cua-b28\/#breadcrumb","itemListElement":[{"@type":"ListItem","position":1,"name":"Trang ch\u1ee7","item":"https:\/\/kawasan.vn\/"},{"@type":"ListItem","position":2,"name":"S\u1ea3n ph\u1ea9m","item":"https:\/\/kawasan.vn\/san-pham\/"},{"@type":"ListItem","position":3,"name":"Chu\u00f4ng C\u1eeda B28 KAWASAN"}]},{"@type":"WebSite","@id":"https:\/\/kawasan.vn\/#website","url":"https:\/\/kawasan.vn\/","name":"Kawasan","description":"","potentialAction":[{"@type":"SearchAction","target":{"@type":"EntryPoint","urlTemplate":"https:\/\/kawasan.vn\/?s={search_term_string}"},"query-input":{"@type":"PropertyValueSpecification","valueRequired":true,"valueName":"search_term_string"}}],"inLanguage":"en-US"}]}},"_links":{"self":[{"href":"https:\/\/kawasan.vn\/en\/wp-json\/wp\/v2\/product\/12674","targetHints":{"allow":["GET"]}}],"collection":[{"href":"https:\/\/kawasan.vn\/en\/wp-json\/wp\/v2\/product"}],"about":[{"href":"https:\/\/kawasan.vn\/en\/wp-json\/wp\/v2\/types\/product"}],"replies":[{"embeddable":true,"href":"https:\/\/kawasan.vn\/en\/wp-json\/wp\/v2\/comments?post=12674"}],"version-history":[{"count":2,"href":"https:\/\/kawasan.vn\/en\/wp-json\/wp\/v2\/product\/12674\/revisions"}],"predecessor-version":[{"id":19963,"href":"https:\/\/kawasan.vn\/en\/wp-json\/wp\/v2\/product\/12674\/revisions\/19963"}],"wp:featuredmedia":[{"embeddable":true,"href":"https:\/\/kawasan.vn\/en\/wp-json\/wp\/v2\/media\/16384"}],"wp:attachment":[{"href":"https:\/\/kawasan.vn\/en\/wp-json\/wp\/v2\/media?parent=12674"}],"wp:term":[{"taxonomy":"product_cat","embeddable":true,"href":"https:\/\/kawasan.vn\/en\/wp-json\/wp\/v2\/product_cat?post=12674"},{"taxonomy":"product_tag","embeddable":true,"href":"https:\/\/kawasan.vn\/en\/wp-json\/wp\/v2\/product_tag?post=12674"}],"curies":[{"name":"wp","href":"https:\/\/api.w.org\/{rel}","templated":true}]}}