{"id":12595,"date":"2023-11-19T03:02:07","date_gmt":"2023-11-19T03:02:07","guid":{"rendered":"https:\/\/kawasan.123websitedev.com\/san-pham\/cua-tu-khong-day-m4\/"},"modified":"2025-12-11T15:56:34","modified_gmt":"2025-12-11T08:56:34","slug":"cua-tu-khong-day-m4","status":"publish","type":"product","link":"https:\/\/kawasan.vn\/en\/product\/cua-tu-khong-day-m4\/","title":{"rendered":"C\u1eeda T\u1eeb Kh\u00f4ng D\u00e2y M4 &#8211; Ph\u1ee5 Ki\u1ec7n B\u1ed9 Trung T\u00e2m"},"content":{"rendered":"<h2>C\u1eecA T\u1eea KH\u00d4NG D\u00c2Y M4<\/h2>\n<p>M4 s\u1eed d\u1ee5ng c\u00f4ng ngh\u1ec7 c\u1ea3m \u1ee9ng c\u1eeda t\u1eeb v\u00e0 k\u1ebft n\u1ed1i kh\u00f4ng d\u00e2y b\u1eb1ng s\u00f3ng RF433 Mhz. \u0110\u1ed9 nh\u1ea1y cao, \u0111\u1ea7u c\u1ea3m \u1ee9ng t\u1eeb s\u1eed d\u1ee5ng Pin Lithium CR2023(\u0111i k\u00e8m SP).<\/p>\n<p>C\u00f3 th\u1ec3 t\u00edch h\u1ee3p c\u1eeda t\u1eeb v\u1edbi <a href=\"https:\/\/thegioidienthongminh.com\/danh-muc\/chuong-cua-chuong-bao-khach\/\">chu\u00f4ng b\u00e1o kh\u00e1ch<\/a>, <a href=\"https:\/\/kawasan.vn\/en\/product-category\/thiet-bi-bao-dong\/\">b\u1ed9 b\u00e1o \u0111\u1ed9ng trung t\u00e2m<\/a>, c\u00f2i h\u00fa trung t\u00e2m b\u1eb1ng s\u00f3ng RF433 Mhz.<\/p>\n<p><img loading=\"lazy\" decoding=\"async\" class=\"aligncenter size-full wp-image-16833\" src=\"https:\/\/kawasan.vn\/wp-content\/uploads\/2023\/11\/cam-bien-cua-tu-m4-2.jpg\" alt=\"\" width=\"800\" height=\"516\" srcset=\"https:\/\/kawasan.vn\/wp-content\/uploads\/2023\/11\/cam-bien-cua-tu-m4-2.jpg 800w, https:\/\/kawasan.vn\/wp-content\/uploads\/2023\/11\/cam-bien-cua-tu-m4-2-768x495.jpg 768w, https:\/\/kawasan.vn\/wp-content\/uploads\/2023\/11\/cam-bien-cua-tu-m4-2-640x413.jpg 640w, https:\/\/kawasan.vn\/wp-content\/uploads\/2023\/11\/cam-bien-cua-tu-m4-2-400x258.jpg 400w\" sizes=\"auto, (max-width: 800px) 100vw, 800px\" \/><\/p>\n<h2 id=\"toc_cam-bien-cua-la-gi\"><strong>C\u1ea3m bi\u1ebfn c\u1eeda l\u00e0 g\u00ec?<\/strong><\/h2>\n<p><strong>C\u1ea3m bi\u1ebfn c\u1eeda<\/strong> c\u00f2n c\u00f3 t\u00ean g\u1ecdi kh\u00e1c l\u00e0 c\u1ea3m bi\u1ebfn c\u1eeda t\u1eeb. \u0110\u00e2y l\u00e0 thi\u1ebft b\u1ecb thu\u1ed9c h\u1ec7 th\u1ed1ng an ninh. Gi\u00fap ng\u01b0\u1eddi d\u00f9ng ph\u00e1t hi\u1ec7n k\u1ebb gian \u0111\u1ed9t nh\u1eadp qua c\u1eeda ra v\u00e0o ho\u1eb7c c\u1eeda s\u1ed5 c\u1ee7a ng\u00f4i nh\u00e0.<\/p>\n<p><strong>C\u1ea3m bi\u1ebfn c\u1eeda<\/strong> g\u1ed3m 2 th\u00e0nh ph\u1ea7n ch\u00ednh l\u00e0 nam ch\u00e2m t\u1eeb g\u1eafn tr\u00ean c\u1eeda, v\u00e0 c\u1ea3m bi\u1ebfn g\u1eafn tr\u00ean khung c\u1eeda. C\u1ea3m bi\u1ebfn c\u1eeda \u0111\u01b0\u1ee3c \u0111i\u1ec1u khi\u1ec3n v\u00e0 k\u1ebft n\u1ed1i b\u1eb1ng\u00a0b\u1ea3ng \u0111i\u1ec1u khi\u1ec3n trung t\u00e2m. Khi c\u00f3 \u0111\u1ed9t nh\u1eadp, ngay l\u1eadp t\u1ee9c trung t\u00e2m s\u1ebd ph\u00e1t t\u00edn hi\u1ec7u c\u1ea3nh b\u00e1o b\u1eb1ng c\u00f2i b\u00e1o \u0111\u1ed9ng ho\u1eb7c tin nh\u1eafn cu\u1ed9c g\u1ecdi qua \u0111i\u1ec7n tho\u1ea1i v\u00e0 hi\u1ec3n th\u1ecb ch\u00ednh x\u00e1c v\u1ecb tr\u00ed \u0111\u1ed9t nh\u1eadp.<\/p>","protected":false},"excerpt":{"rendered":"<p>C\u1eecA T\u1eea KH\u00d4NG D\u00c2Y M4 M4 s\u1eed d\u1ee5ng c\u00f4ng ngh\u1ec7 c\u1ea3m \u1ee9ng c\u1eeda t\u1eeb v\u00e0 k\u1ebft n\u1ed1i kh\u00f4ng d\u00e2y b\u1eb1ng s\u00f3ng RF433 Mhz. \u0110\u1ed9 nh\u1ea1y cao, \u0111\u1ea7u c\u1ea3m \u1ee9ng t\u1eeb s\u1eed d\u1ee5ng Pin Lithium CR2023(\u0111i k\u00e8m SP). C\u00f3 th\u1ec3 t\u00edch h\u1ee3p c\u1eeda t\u1eeb v\u1edbi chu\u00f4ng b\u00e1o kh\u00e1ch, b\u1ed9 b\u00e1o \u0111\u1ed9ng trung t\u00e2m, c\u00f2i h\u00fa trung [&hellip;]<\/p>","protected":false},"featured_media":16832,"comment_status":"open","ping_status":"closed","template":"","meta":{"_yoast_wpseo_focuskw":"C\u1eeda T\u1eeb Kh\u00f4ng D\u00e2y M4","_yoast_wpseo_metadesc":"C\u1eeda T\u1eeb Kh\u00f4ng D\u00e2y M4. C\u1ea3m \u1ee9ng c\u1eeda t\u1eeb v\u00e0 k\u1ebft n\u1ed1i kh\u00f4ng d\u00e2y b\u1eb1ng s\u00f3ng RF433 Mhz. \u0110\u1ed9 nh\u1ea1y cao, \u0111\u1ea7u c\u1ea3m \u1ee9ng t\u1eeb s\u1eed d\u1ee5ng Pin Lithium CR2023(\u0111i k\u00e8m SP).","_yoast_wpseo_focuskeywords":"","_yoast_wpseo_keyword_synonyms":""},"product_cat":[499,45],"product_tag":[1046,1045,1044,1043,1042,1041,743,744,748],"class_list":["post-12595","product","type-product","status-publish","has-post-thumbnail","hentry","product_cat-cua-tu-bao-trom-thong-minh","product_cat-phu-kien-bao-dong","product_tag-cam-bien-cua-bao-khach","product_tag-cam-bien-cua-canh-bao","product_tag-cam-bien-cua-chong-trom","product_tag-cam-bien-cua-gia-re","product_tag-cam-bien-cua-gia-tot","product_tag-cam-bien-cua-kawasan","product_tag-cam-bien-cua-tu","product_tag-cam-ung-cua-tu","product_tag-cua-tu"],"acf":[],"yoast_head":"<!-- This site is optimized with the Yoast SEO Premium plugin v24.9 (Yoast SEO v24.9) - https:\/\/yoast.com\/wordpress\/plugins\/seo\/ -->\n<title>C\u1eeda T\u1eeb Kh\u00f4ng D\u00e2y M4 - Ph\u1ee5 Ki\u1ec7n B\u1ed9 Trung T\u00e2m - Kawasan<\/title>\n<meta name=\"description\" content=\"C\u1eeda T\u1eeb Kh\u00f4ng D\u00e2y M4. C\u1ea3m \u1ee9ng c\u1eeda t\u1eeb v\u00e0 k\u1ebft n\u1ed1i kh\u00f4ng d\u00e2y b\u1eb1ng s\u00f3ng RF433 Mhz. \u0110\u1ed9 nh\u1ea1y cao, \u0111\u1ea7u c\u1ea3m \u1ee9ng t\u1eeb s\u1eed d\u1ee5ng Pin Lithium CR2023(\u0111i k\u00e8m SP).\" \/>\n<meta name=\"robots\" content=\"index, follow, max-snippet:-1, max-image-preview:large, max-video-preview:-1\" \/>\n<link rel=\"canonical\" href=\"https:\/\/kawasan.vn\/en\/product\/cua-tu-khong-day-m4\/\" \/>\n<meta property=\"og:locale\" content=\"en_US\" \/>\n<meta property=\"og:type\" content=\"article\" \/>\n<meta property=\"og:title\" content=\"C\u1eeda T\u1eeb Kh\u00f4ng D\u00e2y M4 - Ph\u1ee5 Ki\u1ec7n B\u1ed9 Trung T\u00e2m\" \/>\n<meta property=\"og:description\" content=\"C\u1eeda T\u1eeb Kh\u00f4ng D\u00e2y M4. C\u1ea3m \u1ee9ng c\u1eeda t\u1eeb v\u00e0 k\u1ebft n\u1ed1i kh\u00f4ng d\u00e2y b\u1eb1ng s\u00f3ng RF433 Mhz. \u0110\u1ed9 nh\u1ea1y cao, \u0111\u1ea7u c\u1ea3m \u1ee9ng t\u1eeb s\u1eed d\u1ee5ng Pin Lithium CR2023(\u0111i k\u00e8m SP).\" \/>\n<meta property=\"og:url\" content=\"https:\/\/kawasan.vn\/en\/product\/cua-tu-khong-day-m4\/\" \/>\n<meta property=\"og:site_name\" content=\"Kawasan\" \/>\n<meta property=\"article:modified_time\" content=\"2025-12-11T08:56:34+00:00\" \/>\n<meta property=\"og:image\" content=\"https:\/\/kawasan.vn\/wp-content\/uploads\/2023\/11\/cam-bien-cua-tu-m4-1.jpg\" \/>\n\t<meta property=\"og:image:width\" content=\"600\" \/>\n\t<meta property=\"og:image:height\" content=\"600\" \/>\n\t<meta property=\"og:image:type\" content=\"image\/jpeg\" \/>\n<meta name=\"twitter:card\" content=\"summary_large_image\" \/>\n<meta name=\"twitter:label1\" content=\"Est. reading time\" \/>\n\t<meta name=\"twitter:data1\" content=\"2 minutes\" \/>\n<script type=\"application\/ld+json\" class=\"yoast-schema-graph\">{\"@context\":\"https:\/\/schema.org\",\"@graph\":[{\"@type\":\"WebPage\",\"@id\":\"https:\/\/kawasan.vn\/san-pham\/cua-tu-khong-day-m4\/\",\"url\":\"https:\/\/kawasan.vn\/san-pham\/cua-tu-khong-day-m4\/\",\"name\":\"C\u1eeda T\u1eeb Kh\u00f4ng D\u00e2y M4 - Ph\u1ee5 Ki\u1ec7n B\u1ed9 Trung T\u00e2m - Kawasan\",\"isPartOf\":{\"@id\":\"https:\/\/kawasan.vn\/#website\"},\"primaryImageOfPage\":{\"@id\":\"https:\/\/kawasan.vn\/san-pham\/cua-tu-khong-day-m4\/#primaryimage\"},\"image\":{\"@id\":\"https:\/\/kawasan.vn\/san-pham\/cua-tu-khong-day-m4\/#primaryimage\"},\"thumbnailUrl\":\"https:\/\/kawasan.vn\/wp-content\/uploads\/2023\/11\/cam-bien-cua-tu-m4-1.jpg\",\"datePublished\":\"2023-11-19T03:02:07+00:00\",\"dateModified\":\"2025-12-11T08:56:34+00:00\",\"description\":\"C\u1eeda T\u1eeb Kh\u00f4ng D\u00e2y M4. C\u1ea3m \u1ee9ng c\u1eeda t\u1eeb v\u00e0 k\u1ebft n\u1ed1i kh\u00f4ng d\u00e2y b\u1eb1ng s\u00f3ng RF433 Mhz. \u0110\u1ed9 nh\u1ea1y cao, \u0111\u1ea7u c\u1ea3m \u1ee9ng t\u1eeb s\u1eed d\u1ee5ng Pin Lithium CR2023(\u0111i k\u00e8m SP).\",\"breadcrumb\":{\"@id\":\"https:\/\/kawasan.vn\/san-pham\/cua-tu-khong-day-m4\/#breadcrumb\"},\"inLanguage\":\"en-US\",\"potentialAction\":[{\"@type\":\"ReadAction\",\"target\":[\"https:\/\/kawasan.vn\/san-pham\/cua-tu-khong-day-m4\/\"]}]},{\"@type\":\"ImageObject\",\"inLanguage\":\"en-US\",\"@id\":\"https:\/\/kawasan.vn\/san-pham\/cua-tu-khong-day-m4\/#primaryimage\",\"url\":\"https:\/\/kawasan.vn\/wp-content\/uploads\/2023\/11\/cam-bien-cua-tu-m4-1.jpg\",\"contentUrl\":\"https:\/\/kawasan.vn\/wp-content\/uploads\/2023\/11\/cam-bien-cua-tu-m4-1.jpg\",\"width\":600,\"height\":600},{\"@type\":\"BreadcrumbList\",\"@id\":\"https:\/\/kawasan.vn\/san-pham\/cua-tu-khong-day-m4\/#breadcrumb\",\"itemListElement\":[{\"@type\":\"ListItem\",\"position\":1,\"name\":\"Trang ch\u1ee7\",\"item\":\"https:\/\/kawasan.vn\/\"},{\"@type\":\"ListItem\",\"position\":2,\"name\":\"S\u1ea3n ph\u1ea9m\",\"item\":\"https:\/\/kawasan.vn\/san-pham\/\"},{\"@type\":\"ListItem\",\"position\":3,\"name\":\"C\u1eeda T\u1eeb Kh\u00f4ng D\u00e2y M4 &#8211; Ph\u1ee5 Ki\u1ec7n B\u1ed9 Trung T\u00e2m\"}]},{\"@type\":\"WebSite\",\"@id\":\"https:\/\/kawasan.vn\/#website\",\"url\":\"https:\/\/kawasan.vn\/\",\"name\":\"Kawasan\",\"description\":\"\",\"potentialAction\":[{\"@type\":\"SearchAction\",\"target\":{\"@type\":\"EntryPoint\",\"urlTemplate\":\"https:\/\/kawasan.vn\/?s={search_term_string}\"},\"query-input\":{\"@type\":\"PropertyValueSpecification\",\"valueRequired\":true,\"valueName\":\"search_term_string\"}}],\"inLanguage\":\"en-US\"}]}<\/script>\n<!-- \/ Yoast SEO Premium plugin. -->","yoast_head_json":{"title":"C\u1eeda T\u1eeb Kh\u00f4ng D\u00e2y M4 - Ph\u1ee5 Ki\u1ec7n B\u1ed9 Trung T\u00e2m - Kawasan","description":"C\u1eeda T\u1eeb Kh\u00f4ng D\u00e2y M4. C\u1ea3m \u1ee9ng c\u1eeda t\u1eeb v\u00e0 k\u1ebft n\u1ed1i kh\u00f4ng d\u00e2y b\u1eb1ng s\u00f3ng RF433 Mhz. \u0110\u1ed9 nh\u1ea1y cao, \u0111\u1ea7u c\u1ea3m \u1ee9ng t\u1eeb s\u1eed d\u1ee5ng Pin Lithium CR2023(\u0111i k\u00e8m SP).","robots":{"index":"index","follow":"follow","max-snippet":"max-snippet:-1","max-image-preview":"max-image-preview:large","max-video-preview":"max-video-preview:-1"},"canonical":"https:\/\/kawasan.vn\/en\/product\/cua-tu-khong-day-m4\/","og_locale":"en_US","og_type":"article","og_title":"C\u1eeda T\u1eeb Kh\u00f4ng D\u00e2y M4 - Ph\u1ee5 Ki\u1ec7n B\u1ed9 Trung T\u00e2m","og_description":"C\u1eeda T\u1eeb Kh\u00f4ng D\u00e2y M4. C\u1ea3m \u1ee9ng c\u1eeda t\u1eeb v\u00e0 k\u1ebft n\u1ed1i kh\u00f4ng d\u00e2y b\u1eb1ng s\u00f3ng RF433 Mhz. \u0110\u1ed9 nh\u1ea1y cao, \u0111\u1ea7u c\u1ea3m \u1ee9ng t\u1eeb s\u1eed d\u1ee5ng Pin Lithium CR2023(\u0111i k\u00e8m SP).","og_url":"https:\/\/kawasan.vn\/en\/product\/cua-tu-khong-day-m4\/","og_site_name":"Kawasan","article_modified_time":"2025-12-11T08:56:34+00:00","og_image":[{"width":600,"height":600,"url":"https:\/\/kawasan.vn\/wp-content\/uploads\/2023\/11\/cam-bien-cua-tu-m4-1.jpg","type":"image\/jpeg"}],"twitter_card":"summary_large_image","twitter_misc":{"Est. reading time":"2 minutes"},"schema":{"@context":"https:\/\/schema.org","@graph":[{"@type":"WebPage","@id":"https:\/\/kawasan.vn\/san-pham\/cua-tu-khong-day-m4\/","url":"https:\/\/kawasan.vn\/san-pham\/cua-tu-khong-day-m4\/","name":"C\u1eeda T\u1eeb Kh\u00f4ng D\u00e2y M4 - Ph\u1ee5 Ki\u1ec7n B\u1ed9 Trung T\u00e2m - Kawasan","isPartOf":{"@id":"https:\/\/kawasan.vn\/#website"},"primaryImageOfPage":{"@id":"https:\/\/kawasan.vn\/san-pham\/cua-tu-khong-day-m4\/#primaryimage"},"image":{"@id":"https:\/\/kawasan.vn\/san-pham\/cua-tu-khong-day-m4\/#primaryimage"},"thumbnailUrl":"https:\/\/kawasan.vn\/wp-content\/uploads\/2023\/11\/cam-bien-cua-tu-m4-1.jpg","datePublished":"2023-11-19T03:02:07+00:00","dateModified":"2025-12-11T08:56:34+00:00","description":"C\u1eeda T\u1eeb Kh\u00f4ng D\u00e2y M4. C\u1ea3m \u1ee9ng c\u1eeda t\u1eeb v\u00e0 k\u1ebft n\u1ed1i kh\u00f4ng d\u00e2y b\u1eb1ng s\u00f3ng RF433 Mhz. \u0110\u1ed9 nh\u1ea1y cao, \u0111\u1ea7u c\u1ea3m \u1ee9ng t\u1eeb s\u1eed d\u1ee5ng Pin Lithium CR2023(\u0111i k\u00e8m SP).","breadcrumb":{"@id":"https:\/\/kawasan.vn\/san-pham\/cua-tu-khong-day-m4\/#breadcrumb"},"inLanguage":"en-US","potentialAction":[{"@type":"ReadAction","target":["https:\/\/kawasan.vn\/san-pham\/cua-tu-khong-day-m4\/"]}]},{"@type":"ImageObject","inLanguage":"en-US","@id":"https:\/\/kawasan.vn\/san-pham\/cua-tu-khong-day-m4\/#primaryimage","url":"https:\/\/kawasan.vn\/wp-content\/uploads\/2023\/11\/cam-bien-cua-tu-m4-1.jpg","contentUrl":"https:\/\/kawasan.vn\/wp-content\/uploads\/2023\/11\/cam-bien-cua-tu-m4-1.jpg","width":600,"height":600},{"@type":"BreadcrumbList","@id":"https:\/\/kawasan.vn\/san-pham\/cua-tu-khong-day-m4\/#breadcrumb","itemListElement":[{"@type":"ListItem","position":1,"name":"Trang ch\u1ee7","item":"https:\/\/kawasan.vn\/"},{"@type":"ListItem","position":2,"name":"S\u1ea3n ph\u1ea9m","item":"https:\/\/kawasan.vn\/san-pham\/"},{"@type":"ListItem","position":3,"name":"C\u1eeda T\u1eeb Kh\u00f4ng D\u00e2y M4 &#8211; Ph\u1ee5 Ki\u1ec7n B\u1ed9 Trung T\u00e2m"}]},{"@type":"WebSite","@id":"https:\/\/kawasan.vn\/#website","url":"https:\/\/kawasan.vn\/","name":"Kawasan","description":"","potentialAction":[{"@type":"SearchAction","target":{"@type":"EntryPoint","urlTemplate":"https:\/\/kawasan.vn\/?s={search_term_string}"},"query-input":{"@type":"PropertyValueSpecification","valueRequired":true,"valueName":"search_term_string"}}],"inLanguage":"en-US"}]}},"_links":{"self":[{"href":"https:\/\/kawasan.vn\/en\/wp-json\/wp\/v2\/product\/12595","targetHints":{"allow":["GET"]}}],"collection":[{"href":"https:\/\/kawasan.vn\/en\/wp-json\/wp\/v2\/product"}],"about":[{"href":"https:\/\/kawasan.vn\/en\/wp-json\/wp\/v2\/types\/product"}],"replies":[{"embeddable":true,"href":"https:\/\/kawasan.vn\/en\/wp-json\/wp\/v2\/comments?post=12595"}],"version-history":[{"count":3,"href":"https:\/\/kawasan.vn\/en\/wp-json\/wp\/v2\/product\/12595\/revisions"}],"predecessor-version":[{"id":19965,"href":"https:\/\/kawasan.vn\/en\/wp-json\/wp\/v2\/product\/12595\/revisions\/19965"}],"wp:featuredmedia":[{"embeddable":true,"href":"https:\/\/kawasan.vn\/en\/wp-json\/wp\/v2\/media\/16832"}],"wp:attachment":[{"href":"https:\/\/kawasan.vn\/en\/wp-json\/wp\/v2\/media?parent=12595"}],"wp:term":[{"taxonomy":"product_cat","embeddable":true,"href":"https:\/\/kawasan.vn\/en\/wp-json\/wp\/v2\/product_cat?post=12595"},{"taxonomy":"product_tag","embeddable":true,"href":"https:\/\/kawasan.vn\/en\/wp-json\/wp\/v2\/product_tag?post=12595"}],"curies":[{"name":"wp","href":"https:\/\/api.w.org\/{rel}","templated":true}]}}