{"id":12585,"date":"2023-11-19T02:56:23","date_gmt":"2023-11-19T02:56:23","guid":{"rendered":"https:\/\/kawasan.123websitedev.com\/san-pham\/thiet-bi-bao-trom-hong-ngoai-co-remote-dieu-khien-tu-xa-i225ds-1r\/"},"modified":"2025-12-08T15:13:42","modified_gmt":"2025-12-08T08:13:42","slug":"bao-trom-hong-ngoai-co-remote-dieu-khien-tu-xa-i225ds-1r-2r","status":"publish","type":"product","link":"https:\/\/kawasan.vn\/en\/product\/bao-trom-hong-ngoai-co-remote-dieu-khien-tu-xa-i225ds-1r-2r\/","title":{"rendered":"B\u00e1o Tr\u1ed9m H\u1ed3ng Ngo\u1ea1i C\u00f3 Remote \u0110i\u1ec1u Khi\u1ec3n T\u1eeb Xa I225DS-1R, 2R"},"content":{"rendered":"<div>\n<h2><span class=\"ez-toc-section\" id=\"DAC_DIEM_THIET_BI_BAO_TROM_HONG_NGOAI_I225DS-1R_2R\"><\/span><strong>\u0110\u1eb6C \u0110I\u1ec2M THI\u1ebeT B\u1eca B\u00c1O TR\u1ed8M H\u1ed2NG NGO\u1ea0I I225DS-1R, 2R<\/strong><span class=\"ez-toc-section-end\"><\/span><\/h2><div id=\"ez-toc-container\" class=\"ez-toc-v2_0_69_1 counter-hierarchy ez-toc-counter ez-toc-grey ez-toc-container-direction\">\n<div class=\"ez-toc-title-container\">\n<p class=\"ez-toc-title\" >N\u1ed9i Dung B&agrave;i Vi\u1ebft<\/p>\n<span class=\"ez-toc-title-toggle\"><a href=\"#\" class=\"ez-toc-pull-right ez-toc-btn ez-toc-btn-xs ez-toc-btn-default ez-toc-toggle\" aria-label=\"Toggle Table of Content\"><span class=\"ez-toc-js-icon-con\"><span class=\"\"><span class=\"eztoc-hide\" style=\"display:none;\">Toggle<\/span><span class=\"ez-toc-icon-toggle-span\"><svg style=\"fill: #999;color:#999\" xmlns=\"http:\/\/www.w3.org\/2000\/svg\" class=\"list-377408\" width=\"20px\" height=\"20px\" viewbox=\"0 0 24 24\" fill=\"none\"><path d=\"M6 6H4v2h2V6zm14 0H8v2h12V6zM4 11h2v2H4v-2zm16 0H8v2h12v-2zM4 16h2v2H4v-2zm16 0H8v2h12v-2z\" fill=\"currentColor\"><\/path><\/svg><svg style=\"fill: #999;color:#999\" class=\"arrow-unsorted-368013\" xmlns=\"http:\/\/www.w3.org\/2000\/svg\" width=\"10px\" height=\"10px\" viewbox=\"0 0 24 24\" version=\"1.2\" baseprofile=\"tiny\"><path d=\"M18.2 9.3l-6.2-6.3-6.2 6.3c-.2.2-.3.4-.3.7s.1.5.3.7c.2.2.4.3.7.3h11c.3 0 .5-.1.7-.3.2-.2.3-.5.3-.7s-.1-.5-.3-.7zM5.8 14.7l6.2 6.3 6.2-6.3c.2-.2.3-.5.3-.7s-.1-.5-.3-.7c-.2-.2-.4-.3-.7-.3h-11c-.3 0-.5.1-.7.3-.2.2-.3.5-.3.7s.1.5.3.7z\"\/><\/svg><\/span><\/span><\/span><\/a><\/span><\/div>\n<nav><ul class='ez-toc-list ez-toc-list-level-1 eztoc-toggle-hide-by-default' ><li class='ez-toc-page-1 ez-toc-heading-level-2'><a class=\"ez-toc-link ez-toc-heading-1\" href=\"https:\/\/kawasan.vn\/en\/product\/bao-trom-hong-ngoai-co-remote-dieu-khien-tu-xa-i225ds-1r-2r\/#DAC_DIEM_THIET_BI_BAO_TROM_HONG_NGOAI_I225DS-1R_2R\" title=\"\u0110\u1eb6C \u0110I\u1ec2M THI\u1ebeT B\u1eca B\u00c1O TR\u1ed8M H\u1ed2NG NGO\u1ea0I I225DS-1R, 2R\">\u0110\u1eb6C \u0110I\u1ec2M THI\u1ebeT B\u1eca B\u00c1O TR\u1ed8M H\u1ed2NG NGO\u1ea0I I225DS-1R, 2R<\/a><\/li><li class='ez-toc-page-1 ez-toc-heading-level-2'><a class=\"ez-toc-link ez-toc-heading-2\" href=\"https:\/\/kawasan.vn\/en\/product\/bao-trom-hong-ngoai-co-remote-dieu-khien-tu-xa-i225ds-1r-2r\/#UNG_DUNG_BAO_DONG_HONG_NGOAI_DOC_LAP_I225DS-1R\" title=\"\u1ee8NG D\u1ee4NG B\u00c1O \u0110\u1ed8NG H\u1ed2NG NGO\u1ea0I \u0110\u1ed8C L\u1eacP I225DS-1R\">\u1ee8NG D\u1ee4NG B\u00c1O \u0110\u1ed8NG H\u1ed2NG NGO\u1ea0I \u0110\u1ed8C L\u1eacP I225DS-1R<\/a><\/li><li class='ez-toc-page-1 ez-toc-heading-level-2'><a class=\"ez-toc-link ez-toc-heading-3\" href=\"https:\/\/kawasan.vn\/en\/product\/bao-trom-hong-ngoai-co-remote-dieu-khien-tu-xa-i225ds-1r-2r\/#TAI_SAO_NEN_DUNG_CAM_BIEN_HONG_NGOAI_CHONG_TROM_KAWASAN\" title=\"T\u1ea0I SAO N\u00caN D\u00d9NG C\u1ea2M BI\u1ebeN\u00a0H\u1ed2NG NGO\u1ea0I CH\u1ed0NG TR\u1ed8M\u00a0 KAWASAN\">T\u1ea0I SAO N\u00caN D\u00d9NG C\u1ea2M BI\u1ebeN\u00a0H\u1ed2NG NGO\u1ea0I CH\u1ed0NG TR\u1ed8M\u00a0 KAWASAN<\/a><\/li><\/ul><\/nav><\/div>\n\n<p>I225DS\u00a0l\u00e0\u00a0thi\u1ebft b\u1ecb b\u00e1o tr\u1ed9m\u00a0h\u1ed3ng ngo\u1ea1i \u0111\u1ed9c l\u1eadp, h\u00fa c\u00f2i t\u1ea1i ch\u1ed7.\u00a0D\u00f9ng nguy\u00ean l\u00fd c\u1ea3m \u1ee9ng h\u1ed3ng ngo\u1ea1i,\u00a0ph\u00e1t hi\u1ec7n chuy\u1ec3n \u0111\u1ed9ng th\u00e2n nhi\u1ec7t c\u1ee7a ng\u01b0\u1eddi v\u00e0 v\u1eadt\u00a0t\u01b0\u01a1ng \u0111\u01b0\u01a1ng 36-37\u00b0C.\u00a0Nh\u1eadn t\u00edn hi\u1ec7u\u00a0thi\u1ebft b\u1ecb s\u1ebd\u00a0ph\u00e1t loa b\u00e1o \u0111\u1ed9ng, \u0111\u1ec3\u00a0cho gia ch\u1ee7 k\u1ecbp th\u1eddi ng\u0103n ch\u1eb7n tr\u1ed9m c\u1eafp.\u00a0C\u1ea3m \u1ee9ng<a href=\"https:\/\/kawasan.vn\/en\/product-category\/thiet-bi-bao-dong\/\" target=\"_blank\" rel=\"noopener\"> b\u00e1o \u0111\u1ed9ng<\/a> d\u00f9ng tia h\u1ed3ng ngo\u1ea1i, n\u00ean th\u01b0\u1eddng b\u1ecb \u1ea3nh h\u01b0\u1edfng b\u1edfi nhi\u1ec7t \u0111\u1ed9 m\u00f4i tr\u01b0\u1eddng v\u00e0 t\u1ed1c \u0111\u1ed9 di chuy\u1ec3n c\u1ee7a th\u00e2n nhi\u1ec7t. N\u1ebfu nhi\u1ec7t \u0111\u1ed9 m\u00f4i tr\u01b0\u1eddng c\u00e0ng th\u1ea5p &lt;28 \u0111\u1ed9 C th\u00ec \u0111\u1ed9 nh\u1ea1y c\u00e0ng cao v\u00e0 ng\u01b0\u1ee3c l\u1ea1i. V\u00ec v\u1eady, khi l\u1eafp khu v\u1ef1c c\u00f3 \u0111i\u1ec1u ki\u1ec7n kh\u00ed h\u1eadu n\u00f3ng &gt;35\u00a0\u0111\u1ed9 C,\u00a0kho\u1ea3ng c\u00e1ch c\u1ea3m \u1ee9ng g\u1ea7n 3-4m.<\/p>\n<p>Thi\u1ebft k\u1ebf m\u1edbi, c\u1ea3i thi\u1ec7n \u00e2m l\u01b0\u1ee3ng c\u00f2i b\u00e1o l\u1edbn h\u01a1n 120dB. C\u00f3 c\u00e1c n\u00fat ch\u1ec9nh kho\u1ea3ng c\u00e1ch c\u1ea3m \u1ee9ng t\u1eeb 3-10m. Ch\u1ec9nh \u00e2m l\u01b0\u1ee3ng 1 -120dB v\u00e0 th\u1eddi gian t\u1ef1 h\u00fa c\u00f2i t\u1eeb 5s-5 ph\u00fat. Tu\u1ef3 ch\u1ecdn \u0111\u01b0\u1ee3c c\u00e1c ki\u1ec3u \u00e2m b\u00e1o \u0111\u1ed9ng v\u00e0 b\u00e1o kh\u00e1ch: 1 \u00e2m b\u00e1o\/ 6 \u00e2m b\u00e1o\/ Dinh Dong (B\u00e1o Kh\u00e1ch). T\u00edch h\u1ee3p th\u00eam remote \u0111i\u1ec1u khi\u1ec3n b\u1eadt &#8211; t\u1eaft t\u1eeb xa, kho\u1ea3ng c\u00e1ch 20-50m t\u00f9y v\u1eadt c\u1ea3n. Gi\u00fap b\u1ea1n ti\u1ebft ki\u1ec7m th\u1eddi gian \u0111i l\u1ea1i b\u1eadt &#8211; t\u1eaft thi\u1ebft b\u1ecb b\u1eb1ng tay.<\/p>\n<figure id=\"attachment_16419\" aria-describedby=\"caption-attachment-16419\" style=\"width: 600px\" class=\"wp-caption aligncenter\"><img loading=\"lazy\" decoding=\"async\" class=\"wp-image-16419\" title=\"Thi\u1ebft k\u1ebf m\u1edbi \u0111\u1eb9p m\u1eaft v\u1edbi nhi\u1ec1u \u01b0u \u0111i\u1ec3m n\u1ed5i b\u1eadt\" src=\"https:\/\/kawasan.vn\/wp-content\/uploads\/2023\/11\/thiet-bi-bao-dong-hong-ngoai-i225ds-2.jpg\" alt=\"Thi\u1ebft k\u1ebf m\u1edbi \u0111\u1eb9p m\u1eaft v\u1edbi nhi\u1ec1u \u01b0u \u0111i\u1ec3m n\u1ed5i b\u1eadt\" width=\"600\" height=\"797\" \/><figcaption id=\"caption-attachment-16419\" class=\"wp-caption-text\">Thi\u1ebft k\u1ebf m\u1edbi \u0111\u1eb9p m\u1eaft v\u1edbi nhi\u1ec1u \u01b0u \u0111i\u1ec3m n\u1ed5i b\u1eadt<\/figcaption><\/figure>\n<p>B\u00e1o \u0111\u1ed9ng \u0111\u1ed9c l\u1eadp, d\u00f9ng Ch\u00edp Vi X\u1eed L\u00fd c\u1ee7a Microchip USA. L\u1eadp tr\u00ecnh th\u00f4ng minh, c\u00e1c t\u00ednh n\u0103ng li\u00ean k\u1ebft th\u00e0nh m\u1ed9t quy tr\u00ecnh ho\u1ea1t \u0111\u1ed9ng logic. C\u1ea3i ti\u1ebfn ngu\u1ed3n \u0111i\u1ec7n l\u00e0 ngu\u1ed3n IC th\u00f4ng minh. Ch\u1ed1ng \u0111\u01b0\u1ee3c c\u00e1c v\u1ea5n \u0111\u1ec1 v\u1ec1 \u0111i\u1ec7n \u00e1p th\u1ea5p, kh\u00f4ng b\u1ecb b\u00e1o gi\u1ea3. M\u1eb7t sau c\u00f3 th\u00eam ng\u00f5 ra c\u00f2i ho\u1eb7c \u0111\u00e8n ph\u1ee5, c\u00f3 th\u1ec3 k\u00e9o d\u00e0i d\u00e2y d\u1eabn \u0111\u1ec3 nh\u1eadn b\u00e1o \u0111\u1ed9ng ho\u1eb7c b\u1eadt \u0111\u00e8n \u1edf 1 v\u1ecb tr\u00ed kh\u00e1c. C\u00f4ng su\u1ea5t t\u1ea3i &lt;300w.<\/p>\n<h2><span class=\"ez-toc-section\" id=\"UNG_DUNG_BAO_DONG_HONG_NGOAI_DOC_LAP_I225DS-1R\"><\/span><strong>\u1ee8NG D\u1ee4NG B\u00c1O \u0110\u1ed8NG H\u1ed2NG NGO\u1ea0I \u0110\u1ed8C L\u1eacP I225DS-1R<\/strong><span class=\"ez-toc-section-end\"><\/span><\/h2>\n<p>Ph\u00f9 h\u1ee3p l\u1eafp \u0111\u1eb7t <a href=\"https:\/\/kawasan.com.vn\/san-pham.html\/thiet-bi-bao-dong.html\/bao-dong-chong-trom.html\" target=\"_blank\" rel=\"noopener\">b\u00e1o \u0111\u1ed9ng ch\u1ed1ng tr\u1ed9m<\/a> cho: nh\u00e0 \u1edf, c\u0103n h\u1ed9, kho b\u00e3i, v\u0103n ph\u00f2ng, c\u1eeda h\u00e0ng&#8230;.Gi\u00fap gia ch\u1ee7 k\u1ecbp th\u1eddi c\u00f3 nh\u1eefng ph\u01b0\u01a1ng \u00e1n ch\u1ed1ng tr\u1ed9m k\u1ecbp th\u1eddi, tr\u00e1nh g\u00e2y t\u1ed5n th\u1ea5t t\u00e0i s\u1ea3n.<\/p>\n<figure id=\"attachment_16448\" aria-describedby=\"caption-attachment-16448\" style=\"width: 600px\" class=\"wp-caption aligncenter\"><img loading=\"lazy\" decoding=\"async\" class=\"wp-image-16448\" title=\"\u0110\u1ea7u c\u1ea3m \u1ee9ng b\u00e1o \u0111\u1ed9ng h\u1ed3ng ngo\u1ea1i I225DS mang nhi\u1ec1u t\u00ednh n\u0103ng n\u1ed5i b\u1eadt\" src=\"https:\/\/kawasan.vn\/wp-content\/uploads\/2023\/11\/minh-hoa-225.jpg.png.jpg\" alt=\"\u0110\u1ea7u c\u1ea3m \u1ee9ng b\u00e1o \u0111\u1ed9ng h\u1ed3ng ngo\u1ea1i I225DS mang nhi\u1ec1u t\u00ednh n\u0103ng n\u1ed5i b\u1eadt\" width=\"600\" height=\"575\" \/><figcaption id=\"caption-attachment-16448\" class=\"wp-caption-text\">\u0110\u1ea7u c\u1ea3m \u1ee9ng b\u00e1o \u0111\u1ed9ng h\u1ed3ng ngo\u1ea1i I225DS mang nhi\u1ec1u t\u00ednh n\u0103ng n\u1ed5i b\u1eadt<\/figcaption><\/figure>\n<h2><span class=\"ez-toc-section\" id=\"TAI_SAO_NEN_DUNG_CAM_BIEN_HONG_NGOAI_CHONG_TROM_KAWASAN\"><\/span>T\u1ea0I SAO N\u00caN D\u00d9NG C\u1ea2M BI\u1ebeN\u00a0H\u1ed2NG NGO\u1ea0I CH\u1ed0NG TR\u1ed8M\u00a0 KAWASAN<span class=\"ez-toc-section-end\"><\/span><\/h2>\n<ul>\n<li aria-level=\"1\">T\u00ecnh h\u00ecnh tr\u1ed9m c\u1eafp di\u1ec5n ra ph\u1ee9c t\u1ea1p, g\u00e2y thi\u1ebft h\u1ea1i l\u1edbn v\u1ec1 t\u00e0i s\u1ea3n v\u00e0 t\u00ednh m\u1ea1ng. Tr\u00ean c\u00e1c trang tin clip tr\u1ed9m c\u1eafp xu\u1ea5t hi\u1ec7n ng\u00e0y c\u00e0ng nhi\u1ec1u. T\u00ecnh hu\u1ed1ng tr\u1ed9m \u0111\u1ed9t nh\u1eadp nhanh, c\u1eafp r\u1ea5t g\u1ecdn gi\u1eefa ban ng\u00e0y \u0111\u01b0\u1ee3c camera ghi l\u1ea1i. Nh\u1eefng ng\u01b0\u1eddi \u0111i \u0111\u01b0\u1eddng nh\u00ecn th\u1ea5y, h\u00e0ng x\u00f3m nh\u00ecn th\u1ea5y l\u1ea1i c\u1ee9 t\u01b0\u1edfng ng\u01b0\u1eddi quen c\u1ee7a gia \u0111\u00ecnh, khi ph\u00e1t hi\u1ec7n th\u00ec qu\u00e1 mu\u1ed9n. T\u00e0i s\u1ea3n ra \u0111i gi\u1eefa s\u1ef1 b\u1ea5t ng\u1edd, th\u1edd \u01a1 c\u1ee7a nh\u1eefng ng\u01b0\u1eddi xung quanh. V\u00ec kh\u00f4ng c\u00f3 b\u1ea5t k\u1ef3 ph\u01b0\u01a1ng \u00e1n c\u1ea3nh b\u00e1o \u0111\u1ed9t nh\u1eadp n\u00e0o ng\u0103n h\u00e0nh vi c\u1ee7a k\u1ebb gian.<\/li>\n<li aria-level=\"1\">Ba\u0301o \u0111\u00f4\u0323ng \u2013 ba\u0301o tr\u00f4\u0323m \u0111\u00f4\u0323c l\u00e2\u0323p d\u00f9ng c\u00f4ng ngh\u1ec7 c\u1ea3m \u1ee9ng h\u1ed3ng ngo\u1ea1i. Xu\u00e2\u0301t hi\u00ea\u0323n t\u01b0\u0300 l\u00e2u, nh\u01b0ng ch\u01b0a \u0111\u01b0\u01a1\u0323c nhi\u00ea\u0300u ng\u01b0\u01a1\u0300i quan t\u00e2m. Vi\u1ec7c thi\u1ebfu nghi\u00ean c\u1ee9u d\u1eabn \u0111\u1ebfn thi\u1ebft b\u1ecb b\u00e1o tr\u1ed9m h\u1ed3ng ngo\u1ea1i mua v\u1ec1 ch\u1ea5t l\u01b0\u1ee3ng k\u00e9m, ho\u1ea1t \u0111\u1ed9ng kh\u00f4ng nh\u01b0 mong mu\u1ed1n.<\/li>\n<li aria-level=\"1\">Kawasan la\u0300 m\u00f4\u0323t th\u01b0\u01a1ng hi\u00ea\u0323u cung c\u00e2\u0301p thi\u00ea\u0301t bi\u0323 ba\u0301o \u0111\u00f4\u0323ng TH\u00d4NG MINH uy ti\u0301n nh\u00e2\u0301t thi\u0323 tr\u01b0\u01a1\u0300ng Vi\u1ec7t Nam t\u1eeb n\u0103m 2007 \u0111\u1ebfn nay. C\u00e1c d\u00f2ng b\u00e1o \u0111\u1ed9ng \u0111\u1ed9c l\u1eadp \u0111\u1ed9\u00a0b\u1ec1n cao, \u0111\u1ed9 nh\u1ea1y \u1ed5n \u0111\u1ecbnh l\u00e0 gi\u1ea3i ph\u00e1p ch\u1ed1ng tr\u1ed9m an to\u00e0n nh\u1ea5t hi\u1ec7n nay.<\/li>\n<\/ul>\n<\/div>","protected":false},"excerpt":{"rendered":"<p>\u0110\u1eb6C \u0110I\u1ec2M THI\u1ebeT B\u1eca B\u00c1O TR\u1ed8M H\u1ed2NG NGO\u1ea0I I225DS-1R, 2R I225DS\u00a0l\u00e0\u00a0thi\u1ebft b\u1ecb b\u00e1o tr\u1ed9m\u00a0h\u1ed3ng ngo\u1ea1i \u0111\u1ed9c l\u1eadp, h\u00fa c\u00f2i t\u1ea1i ch\u1ed7.\u00a0D\u00f9ng nguy\u00ean l\u00fd c\u1ea3m \u1ee9ng h\u1ed3ng ngo\u1ea1i,\u00a0ph\u00e1t hi\u1ec7n chuy\u1ec3n \u0111\u1ed9ng th\u00e2n nhi\u1ec7t c\u1ee7a ng\u01b0\u1eddi v\u00e0 v\u1eadt\u00a0t\u01b0\u01a1ng \u0111\u01b0\u01a1ng 36-37\u00b0C.\u00a0Nh\u1eadn t\u00edn hi\u1ec7u\u00a0thi\u1ebft b\u1ecb s\u1ebd\u00a0ph\u00e1t loa b\u00e1o \u0111\u1ed9ng, \u0111\u1ec3\u00a0cho gia ch\u1ee7 k\u1ecbp th\u1eddi ng\u0103n ch\u1eb7n tr\u1ed9m c\u1eafp.\u00a0C\u1ea3m \u1ee9ng [&hellip;]<\/p>","protected":false},"featured_media":16420,"comment_status":"open","ping_status":"closed","template":"","meta":{"_yoast_wpseo_focuskw":"B\u00e1o Tr\u1ed9m H\u1ed3ng Ngo\u1ea1i","_yoast_wpseo_metadesc":"I225DS\u00a0l\u00e0\u00a0thi\u1ebft b\u1ecb b\u00e1o tr\u1ed9m\u00a0h\u1ed3ng ngo\u1ea1i \u0111\u1ed9c l\u1eadp, h\u00fa c\u00f2i t\u1ea1i ch\u1ed7. Ph\u00e1t hi\u1ec7n chuy\u1ec3n \u0111\u1ed9ng th\u00e2n nhi\u1ec7t c\u1ee7a ng\u01b0\u1eddi v\u00e0 v\u1eadt\u00a0~ 36-37\u00b0C","_yoast_wpseo_focuskeywords":"","_yoast_wpseo_keyword_synonyms":""},"product_cat":[501,45,85],"product_tag":[1346,750,752,749,843,1328,905,1348,1339,1342,1341,1326,1340,1347,1322,1344,1325,1345,1335,751,613,1324,1334,1333,1321,1336,621,1317,1318,1327,548,842,844,967,1323,1320,1329,1330,1343,1332,1319,1331],"class_list":["post-12585","product","type-product","status-publish","has-post-thumbnail","hentry","product_cat-bao-dong-chong-trom","product_cat-phu-kien-bao-dong","product_cat-hang-khuyen-mai-soc","product_tag-bao-chong-trom-hong-ngoai","product_tag-bao-dong-chong-trom","product_tag-bao-dong-doc-lap-hong-ngoai","product_tag-bao-dong-hong-ngoai","product_tag-bao-trom-hong-ngoai","product_tag-bao-trom-qua-dien-thoai","product_tag-bo-chong-trom","product_tag-cam-bien-bao-trom","product_tag-cam-bien-chong-trom","product_tag-cam-bien-chong-trom-hong-ngoai","product_tag-cam-bien-hong-ngoai-chong-trom","product_tag-camera-chong-trom-bao-qua-dien-thoai","product_tag-chong-trom-hong-ngoai","product_tag-chuong-bao-chong-trom-hong-ngoai","product_tag-chuong-bao-dong-chong-trom","product_tag-chuong-bao-trom-hong-ngoai","product_tag-chuong-chong-trom-gan-cua-thong-minh","product_tag-chuong-chong-trom-hong-ngoai","product_tag-coi-hu-bao-trom-220v","product_tag-dau-cam-ung-chong-trom-hong-ngoai","product_tag-hang-rao-chong-trom","product_tag-hang-rao-chong-trom-hieu-qua","product_tag-he-thong-bao-dong-chong-trom","product_tag-he-thong-bao-trom","product_tag-he-thong-chong-trom","product_tag-he-thong-chong-trom-gia-dinh","product_tag-kawasan","product_tag-lap-dat-bao-trom-bao-dong","product_tag-lap-dat-thiet-bi-chong-trom","product_tag-may-chong-trom","product_tag-thiet-bi-bao-dong-chong-trom","product_tag-thiet-bi-bao-trom","product_tag-thiet-bi-bao-trom-hong-ngoai","product_tag-thiet-bi-chong-trom","product_tag-thiet-bi-chong-trom-bao-qua-dien-thoai","product_tag-thiet-bi-chong-trom-gan-cua","product_tag-thiet-bi-chong-trom-gia-dinh","product_tag-thiet-bi-chong-trom-hong-ngoai","product_tag-thiet-bi-chong-trom-hong-ngoai-khong-day","product_tag-thiet-bi-chong-trom-hong-ngoai-ngoai-troi","product_tag-thiet-bi-chong-trom-ngoai-troi","product_tag-thiet-bi-chong-trom-thong-minh"],"acf":[],"yoast_head":"<!-- This site is optimized with the Yoast SEO Premium plugin v24.9 (Yoast SEO v24.9) - https:\/\/yoast.com\/wordpress\/plugins\/seo\/ -->\n<title>B\u00e1o Tr\u1ed9m H\u1ed3ng Ngo\u1ea1i C\u00f3 Remote \u0110i\u1ec1u Khi\u1ec3n T\u1eeb Xa I225DS-1R, 2R - Kawasan<\/title>\n<meta name=\"description\" content=\"I225DS\u00a0l\u00e0\u00a0thi\u1ebft b\u1ecb b\u00e1o tr\u1ed9m\u00a0h\u1ed3ng ngo\u1ea1i \u0111\u1ed9c l\u1eadp, h\u00fa c\u00f2i t\u1ea1i ch\u1ed7. Ph\u00e1t hi\u1ec7n chuy\u1ec3n \u0111\u1ed9ng th\u00e2n nhi\u1ec7t c\u1ee7a ng\u01b0\u1eddi v\u00e0 v\u1eadt\u00a0~ 36-37\u00b0C\" \/>\n<meta name=\"robots\" content=\"index, follow, max-snippet:-1, max-image-preview:large, max-video-preview:-1\" \/>\n<link rel=\"canonical\" href=\"https:\/\/kawasan.vn\/en\/product\/bao-trom-hong-ngoai-co-remote-dieu-khien-tu-xa-i225ds-1r-2r\/\" \/>\n<meta property=\"og:locale\" content=\"en_US\" \/>\n<meta property=\"og:type\" content=\"article\" \/>\n<meta property=\"og:title\" content=\"B\u00e1o Tr\u1ed9m H\u1ed3ng Ngo\u1ea1i C\u00f3 Remote \u0110i\u1ec1u Khi\u1ec3n T\u1eeb Xa I225DS-1R, 2R\" \/>\n<meta property=\"og:description\" content=\"I225DS\u00a0l\u00e0\u00a0thi\u1ebft b\u1ecb b\u00e1o tr\u1ed9m\u00a0h\u1ed3ng ngo\u1ea1i \u0111\u1ed9c l\u1eadp, h\u00fa c\u00f2i t\u1ea1i ch\u1ed7. Ph\u00e1t hi\u1ec7n chuy\u1ec3n \u0111\u1ed9ng th\u00e2n nhi\u1ec7t c\u1ee7a ng\u01b0\u1eddi v\u00e0 v\u1eadt\u00a0~ 36-37\u00b0C\" \/>\n<meta property=\"og:url\" content=\"https:\/\/kawasan.vn\/en\/product\/bao-trom-hong-ngoai-co-remote-dieu-khien-tu-xa-i225ds-1r-2r\/\" \/>\n<meta property=\"og:site_name\" content=\"Kawasan\" \/>\n<meta property=\"article:modified_time\" content=\"2025-12-08T08:13:42+00:00\" \/>\n<meta property=\"og:image\" content=\"https:\/\/kawasan.vn\/wp-content\/uploads\/2023\/11\/thiet-bi-bao-dong-hong-ngoai-i225ds-1r-1.png\" \/>\n\t<meta property=\"og:image:width\" content=\"800\" \/>\n\t<meta property=\"og:image:height\" content=\"800\" \/>\n\t<meta property=\"og:image:type\" content=\"image\/png\" \/>\n<meta name=\"twitter:card\" content=\"summary_large_image\" \/>\n<meta name=\"twitter:label1\" content=\"Est. reading time\" \/>\n\t<meta name=\"twitter:data1\" content=\"4 minutes\" \/>\n<script type=\"application\/ld+json\" class=\"yoast-schema-graph\">{\"@context\":\"https:\/\/schema.org\",\"@graph\":[{\"@type\":\"WebPage\",\"@id\":\"https:\/\/kawasan.vn\/san-pham\/bao-trom-hong-ngoai-co-remote-dieu-khien-tu-xa-i225ds-1r-2r\/\",\"url\":\"https:\/\/kawasan.vn\/san-pham\/bao-trom-hong-ngoai-co-remote-dieu-khien-tu-xa-i225ds-1r-2r\/\",\"name\":\"B\u00e1o Tr\u1ed9m H\u1ed3ng Ngo\u1ea1i C\u00f3 Remote \u0110i\u1ec1u Khi\u1ec3n T\u1eeb Xa I225DS-1R, 2R - Kawasan\",\"isPartOf\":{\"@id\":\"https:\/\/kawasan.vn\/#website\"},\"primaryImageOfPage\":{\"@id\":\"https:\/\/kawasan.vn\/san-pham\/bao-trom-hong-ngoai-co-remote-dieu-khien-tu-xa-i225ds-1r-2r\/#primaryimage\"},\"image\":{\"@id\":\"https:\/\/kawasan.vn\/san-pham\/bao-trom-hong-ngoai-co-remote-dieu-khien-tu-xa-i225ds-1r-2r\/#primaryimage\"},\"thumbnailUrl\":\"https:\/\/kawasan.vn\/wp-content\/uploads\/2023\/11\/thiet-bi-bao-dong-hong-ngoai-i225ds-1r-1.png\",\"datePublished\":\"2023-11-19T02:56:23+00:00\",\"dateModified\":\"2025-12-08T08:13:42+00:00\",\"description\":\"I225DS\u00a0l\u00e0\u00a0thi\u1ebft b\u1ecb b\u00e1o tr\u1ed9m\u00a0h\u1ed3ng ngo\u1ea1i \u0111\u1ed9c l\u1eadp, h\u00fa c\u00f2i t\u1ea1i ch\u1ed7. Ph\u00e1t hi\u1ec7n chuy\u1ec3n \u0111\u1ed9ng th\u00e2n nhi\u1ec7t c\u1ee7a ng\u01b0\u1eddi v\u00e0 v\u1eadt\u00a0~ 36-37\u00b0C\",\"breadcrumb\":{\"@id\":\"https:\/\/kawasan.vn\/san-pham\/bao-trom-hong-ngoai-co-remote-dieu-khien-tu-xa-i225ds-1r-2r\/#breadcrumb\"},\"inLanguage\":\"en-US\",\"potentialAction\":[{\"@type\":\"ReadAction\",\"target\":[\"https:\/\/kawasan.vn\/san-pham\/bao-trom-hong-ngoai-co-remote-dieu-khien-tu-xa-i225ds-1r-2r\/\"]}]},{\"@type\":\"ImageObject\",\"inLanguage\":\"en-US\",\"@id\":\"https:\/\/kawasan.vn\/san-pham\/bao-trom-hong-ngoai-co-remote-dieu-khien-tu-xa-i225ds-1r-2r\/#primaryimage\",\"url\":\"https:\/\/kawasan.vn\/wp-content\/uploads\/2023\/11\/thiet-bi-bao-dong-hong-ngoai-i225ds-1r-1.png\",\"contentUrl\":\"https:\/\/kawasan.vn\/wp-content\/uploads\/2023\/11\/thiet-bi-bao-dong-hong-ngoai-i225ds-1r-1.png\",\"width\":800,\"height\":800,\"caption\":\"I225DS-1R, 2R\"},{\"@type\":\"BreadcrumbList\",\"@id\":\"https:\/\/kawasan.vn\/san-pham\/bao-trom-hong-ngoai-co-remote-dieu-khien-tu-xa-i225ds-1r-2r\/#breadcrumb\",\"itemListElement\":[{\"@type\":\"ListItem\",\"position\":1,\"name\":\"Trang ch\u1ee7\",\"item\":\"https:\/\/kawasan.vn\/\"},{\"@type\":\"ListItem\",\"position\":2,\"name\":\"S\u1ea3n ph\u1ea9m\",\"item\":\"https:\/\/kawasan.vn\/san-pham\/\"},{\"@type\":\"ListItem\",\"position\":3,\"name\":\"B\u00e1o Tr\u1ed9m H\u1ed3ng Ngo\u1ea1i C\u00f3 Remote \u0110i\u1ec1u Khi\u1ec3n T\u1eeb Xa I225DS-1R, 2R\"}]},{\"@type\":\"WebSite\",\"@id\":\"https:\/\/kawasan.vn\/#website\",\"url\":\"https:\/\/kawasan.vn\/\",\"name\":\"Kawasan\",\"description\":\"\",\"potentialAction\":[{\"@type\":\"SearchAction\",\"target\":{\"@type\":\"EntryPoint\",\"urlTemplate\":\"https:\/\/kawasan.vn\/?s={search_term_string}\"},\"query-input\":{\"@type\":\"PropertyValueSpecification\",\"valueRequired\":true,\"valueName\":\"search_term_string\"}}],\"inLanguage\":\"en-US\"}]}<\/script>\n<!-- \/ Yoast SEO Premium plugin. -->","yoast_head_json":{"title":"B\u00e1o Tr\u1ed9m H\u1ed3ng Ngo\u1ea1i C\u00f3 Remote \u0110i\u1ec1u Khi\u1ec3n T\u1eeb Xa I225DS-1R, 2R - Kawasan","description":"I225DS\u00a0l\u00e0\u00a0thi\u1ebft b\u1ecb b\u00e1o tr\u1ed9m\u00a0h\u1ed3ng ngo\u1ea1i \u0111\u1ed9c l\u1eadp, h\u00fa c\u00f2i t\u1ea1i ch\u1ed7. Ph\u00e1t hi\u1ec7n chuy\u1ec3n \u0111\u1ed9ng th\u00e2n nhi\u1ec7t c\u1ee7a ng\u01b0\u1eddi v\u00e0 v\u1eadt\u00a0~ 36-37\u00b0C","robots":{"index":"index","follow":"follow","max-snippet":"max-snippet:-1","max-image-preview":"max-image-preview:large","max-video-preview":"max-video-preview:-1"},"canonical":"https:\/\/kawasan.vn\/en\/product\/bao-trom-hong-ngoai-co-remote-dieu-khien-tu-xa-i225ds-1r-2r\/","og_locale":"en_US","og_type":"article","og_title":"B\u00e1o Tr\u1ed9m H\u1ed3ng Ngo\u1ea1i C\u00f3 Remote \u0110i\u1ec1u Khi\u1ec3n T\u1eeb Xa I225DS-1R, 2R","og_description":"I225DS\u00a0l\u00e0\u00a0thi\u1ebft b\u1ecb b\u00e1o tr\u1ed9m\u00a0h\u1ed3ng ngo\u1ea1i \u0111\u1ed9c l\u1eadp, h\u00fa c\u00f2i t\u1ea1i ch\u1ed7. Ph\u00e1t hi\u1ec7n chuy\u1ec3n \u0111\u1ed9ng th\u00e2n nhi\u1ec7t c\u1ee7a ng\u01b0\u1eddi v\u00e0 v\u1eadt\u00a0~ 36-37\u00b0C","og_url":"https:\/\/kawasan.vn\/en\/product\/bao-trom-hong-ngoai-co-remote-dieu-khien-tu-xa-i225ds-1r-2r\/","og_site_name":"Kawasan","article_modified_time":"2025-12-08T08:13:42+00:00","og_image":[{"width":800,"height":800,"url":"https:\/\/kawasan.vn\/wp-content\/uploads\/2023\/11\/thiet-bi-bao-dong-hong-ngoai-i225ds-1r-1.png","type":"image\/png"}],"twitter_card":"summary_large_image","twitter_misc":{"Est. reading time":"4 minutes"},"schema":{"@context":"https:\/\/schema.org","@graph":[{"@type":"WebPage","@id":"https:\/\/kawasan.vn\/san-pham\/bao-trom-hong-ngoai-co-remote-dieu-khien-tu-xa-i225ds-1r-2r\/","url":"https:\/\/kawasan.vn\/san-pham\/bao-trom-hong-ngoai-co-remote-dieu-khien-tu-xa-i225ds-1r-2r\/","name":"B\u00e1o Tr\u1ed9m H\u1ed3ng Ngo\u1ea1i C\u00f3 Remote \u0110i\u1ec1u Khi\u1ec3n T\u1eeb Xa I225DS-1R, 2R - Kawasan","isPartOf":{"@id":"https:\/\/kawasan.vn\/#website"},"primaryImageOfPage":{"@id":"https:\/\/kawasan.vn\/san-pham\/bao-trom-hong-ngoai-co-remote-dieu-khien-tu-xa-i225ds-1r-2r\/#primaryimage"},"image":{"@id":"https:\/\/kawasan.vn\/san-pham\/bao-trom-hong-ngoai-co-remote-dieu-khien-tu-xa-i225ds-1r-2r\/#primaryimage"},"thumbnailUrl":"https:\/\/kawasan.vn\/wp-content\/uploads\/2023\/11\/thiet-bi-bao-dong-hong-ngoai-i225ds-1r-1.png","datePublished":"2023-11-19T02:56:23+00:00","dateModified":"2025-12-08T08:13:42+00:00","description":"I225DS\u00a0l\u00e0\u00a0thi\u1ebft b\u1ecb b\u00e1o tr\u1ed9m\u00a0h\u1ed3ng ngo\u1ea1i \u0111\u1ed9c l\u1eadp, h\u00fa c\u00f2i t\u1ea1i ch\u1ed7. Ph\u00e1t hi\u1ec7n chuy\u1ec3n \u0111\u1ed9ng th\u00e2n nhi\u1ec7t c\u1ee7a ng\u01b0\u1eddi v\u00e0 v\u1eadt\u00a0~ 36-37\u00b0C","breadcrumb":{"@id":"https:\/\/kawasan.vn\/san-pham\/bao-trom-hong-ngoai-co-remote-dieu-khien-tu-xa-i225ds-1r-2r\/#breadcrumb"},"inLanguage":"en-US","potentialAction":[{"@type":"ReadAction","target":["https:\/\/kawasan.vn\/san-pham\/bao-trom-hong-ngoai-co-remote-dieu-khien-tu-xa-i225ds-1r-2r\/"]}]},{"@type":"ImageObject","inLanguage":"en-US","@id":"https:\/\/kawasan.vn\/san-pham\/bao-trom-hong-ngoai-co-remote-dieu-khien-tu-xa-i225ds-1r-2r\/#primaryimage","url":"https:\/\/kawasan.vn\/wp-content\/uploads\/2023\/11\/thiet-bi-bao-dong-hong-ngoai-i225ds-1r-1.png","contentUrl":"https:\/\/kawasan.vn\/wp-content\/uploads\/2023\/11\/thiet-bi-bao-dong-hong-ngoai-i225ds-1r-1.png","width":800,"height":800,"caption":"I225DS-1R, 2R"},{"@type":"BreadcrumbList","@id":"https:\/\/kawasan.vn\/san-pham\/bao-trom-hong-ngoai-co-remote-dieu-khien-tu-xa-i225ds-1r-2r\/#breadcrumb","itemListElement":[{"@type":"ListItem","position":1,"name":"Trang ch\u1ee7","item":"https:\/\/kawasan.vn\/"},{"@type":"ListItem","position":2,"name":"S\u1ea3n ph\u1ea9m","item":"https:\/\/kawasan.vn\/san-pham\/"},{"@type":"ListItem","position":3,"name":"B\u00e1o Tr\u1ed9m H\u1ed3ng Ngo\u1ea1i C\u00f3 Remote \u0110i\u1ec1u Khi\u1ec3n T\u1eeb Xa I225DS-1R, 2R"}]},{"@type":"WebSite","@id":"https:\/\/kawasan.vn\/#website","url":"https:\/\/kawasan.vn\/","name":"Kawasan","description":"","potentialAction":[{"@type":"SearchAction","target":{"@type":"EntryPoint","urlTemplate":"https:\/\/kawasan.vn\/?s={search_term_string}"},"query-input":{"@type":"PropertyValueSpecification","valueRequired":true,"valueName":"search_term_string"}}],"inLanguage":"en-US"}]}},"_links":{"self":[{"href":"https:\/\/kawasan.vn\/en\/wp-json\/wp\/v2\/product\/12585","targetHints":{"allow":["GET"]}}],"collection":[{"href":"https:\/\/kawasan.vn\/en\/wp-json\/wp\/v2\/product"}],"about":[{"href":"https:\/\/kawasan.vn\/en\/wp-json\/wp\/v2\/types\/product"}],"replies":[{"embeddable":true,"href":"https:\/\/kawasan.vn\/en\/wp-json\/wp\/v2\/comments?post=12585"}],"version-history":[{"count":3,"href":"https:\/\/kawasan.vn\/en\/wp-json\/wp\/v2\/product\/12585\/revisions"}],"predecessor-version":[{"id":22404,"href":"https:\/\/kawasan.vn\/en\/wp-json\/wp\/v2\/product\/12585\/revisions\/22404"}],"wp:featuredmedia":[{"embeddable":true,"href":"https:\/\/kawasan.vn\/en\/wp-json\/wp\/v2\/media\/16420"}],"wp:attachment":[{"href":"https:\/\/kawasan.vn\/en\/wp-json\/wp\/v2\/media?parent=12585"}],"wp:term":[{"taxonomy":"product_cat","embeddable":true,"href":"https:\/\/kawasan.vn\/en\/wp-json\/wp\/v2\/product_cat?post=12585"},{"taxonomy":"product_tag","embeddable":true,"href":"https:\/\/kawasan.vn\/en\/wp-json\/wp\/v2\/product_tag?post=12585"}],"curies":[{"name":"wp","href":"https:\/\/api.w.org\/{rel}","templated":true}]}}