{"id":12544,"date":"2023-11-19T03:02:19","date_gmt":"2023-11-19T03:02:19","guid":{"rendered":"https:\/\/kawasan.123websitedev.com\/?post_type=product&#038;p=12544"},"modified":"2025-04-23T10:43:35","modified_gmt":"2025-04-23T03:43:35","slug":"cua-tu-bao-dong-qua-app-ms02-wifi","status":"publish","type":"product","link":"https:\/\/kawasan.vn\/en\/product\/cua-tu-bao-dong-qua-app-ms02-wifi\/","title":{"rendered":"C\u1eeda T\u1eeb B\u00e1o \u0110\u1ed9ng Qua App MS02 Wifi"},"content":{"rendered":"<h2>C\u1eecA T\u1eea B\u00c1O \u0110\u1ed8NG MS02-WIFI<\/h2>\n<ul>\n<li>C\u1eeda t\u1eeb c\u00f3 2 ph\u1ea7n t\u00e1ch bi\u1ec7t kho\u1ea3ng c\u00e1ch h\u1edf b\u00e1o \u0111\u1ed9ng 15mm (khe h\u1edf c\u1eeda)<\/li>\n<li>Ch\u1ebf \u0111\u1ed9 ti\u1ebft ki\u1ec7m pin, b\u00e1o tr\u1ea1ng th\u00e1i pin tr\u00ean \u1ee9ng d\u1ee5ng<\/li>\n<li><a href=\"https:\/\/kawasan.vn\/en\/product-category\/thiet-bi-bao-dong\/\" target=\"_blank\" rel=\"noopener\">B\u00e1o \u0111\u1ed9ng<\/a> b\u1eb1ng tin nh\u1eafn chu\u00f4ng tr\u00ean \u0111i\u1ec7n tho\u1ea1i th\u00f4ng minh.\u200b<\/li>\n<li>D\u00f9ng \u0111\u1ed9c l\u1eadp kh\u00f4ng qua trung t\u00e2m b\u00e1o \u0111\u1ed9ng ch\u1ed1ng tr\u1ed9m.<\/li>\n<\/ul>\n<h2><strong>\u200b\u1ee8NG D\u1ee4NG C\u1ea2M BI\u1ebeN C\u1eecA T\u1eea WIFI<\/strong><\/h2>\n<p>Ph\u00f9 h\u1ee3p g\u1eafn cho c\u1eeda s\u1ed1, c\u1eeda \u0111i \u1edf c\u00e1c: nh\u00e0 h\u00e0ng, c\u1eeda h\u00e0ng, kh\u00e1ch s\u1ea1n, v\u0103n ph\u00f2ng&#8230;D\u00f9ng \u0111\u1ec3 b\u00e1o tr\u1ef1c ti\u1ebfp tr\u00ean App Tuya Smart, \u0111\u1ea3m b\u1ea3o <a href=\"https:\/\/kawasan.com.vn\/san-pham.html\/thiet-bi-an-ninh-an-toan.html\" target=\"_blank\" rel=\"noopener\">an to\u00e0n<\/a> cho gia \u0111\u00ecnh b\u1ea1n. H\u00e0ng b\u1ea3o h\u00e0nh ch\u00ednh h\u00e3ng Kawasan 2 n\u0103m, n\u00ean b\u1ea1n ho\u00e0n to\u00e0n y\u00ean t\u00e2m s\u1eed d\u1ee5ng.<\/p>\n<figure id=\"attachment_16746\" aria-describedby=\"caption-attachment-16746\" style=\"width: 600px\" class=\"wp-caption aligncenter\"><img loading=\"lazy\" decoding=\"async\" class=\"wp-image-16746\" title=\"Ph\u00f9 h\u1ee3p l\u1eafp cho c\u1eeda \u0111i, c\u1eeda s\u1ed5....\" src=\"https:\/\/kawasan.vn\/wp-content\/uploads\/2023\/11\/cam-bien-cua-tu-wifi-ms02-1.jpg\" alt=\"Ph\u00f9 h\u1ee3p l\u1eafp cho c\u1eeda \u0111i, c\u1eeda s\u1ed5....\" width=\"600\" height=\"589\" \/><figcaption id=\"caption-attachment-16746\" class=\"wp-caption-text\">Ph\u00f9 h\u1ee3p l\u1eafp cho c\u1eeda \u0111i, c\u1eeda s\u1ed5&#8230;.<\/figcaption><\/figure>","protected":false},"excerpt":{"rendered":"<p>C\u1eecA T\u1eea B\u00c1O \u0110\u1ed8NG MS02-WIFI C\u1eeda t\u1eeb c\u00f3 2 ph\u1ea7n t\u00e1ch bi\u1ec7t kho\u1ea3ng c\u00e1ch h\u1edf b\u00e1o \u0111\u1ed9ng 15mm (khe h\u1edf c\u1eeda) Ch\u1ebf \u0111\u1ed9 ti\u1ebft ki\u1ec7m pin, b\u00e1o tr\u1ea1ng th\u00e1i pin tr\u00ean \u1ee9ng d\u1ee5ng B\u00e1o \u0111\u1ed9ng b\u1eb1ng tin nh\u1eafn chu\u00f4ng tr\u00ean \u0111i\u1ec7n tho\u1ea1i th\u00f4ng minh.\u200b D\u00f9ng \u0111\u1ed9c l\u1eadp kh\u00f4ng qua trung t\u00e2m b\u00e1o \u0111\u1ed9ng ch\u1ed1ng tr\u1ed9m. [&hellip;]<\/p>","protected":false},"featured_media":17907,"comment_status":"open","ping_status":"closed","template":"","meta":{"_yoast_wpseo_focuskw":"C\u1eeda t\u1eeb b\u00e1o \u0111\u1ed9ng","_yoast_wpseo_metadesc":"C\u1eeda t\u1eeb c\u00f3 2 ph\u1ea7n t\u00e1ch bi\u1ec7t kho\u1ea3ng c\u00e1ch h\u1edf b\u00e1o \u0111\u1ed9ng 15mm (khe h\u1edf c\u1eeda). Ch\u1ebf \u0111\u1ed9 ti\u1ebft ki\u1ec7m pin, b\u00e1o tr\u1ea1ng th\u00e1i pin tr\u00ean \u1ee9ng d\u1ee5ng","_yoast_wpseo_focuskeywords":"","_yoast_wpseo_keyword_synonyms":""},"product_cat":[499,45],"product_tag":[1346,843,1328,905,1348,1339,1342,743,1341,744,1326,1340,1347,1322,1344,1325,1345,1335,748,613,1324,1334,1333,1321,1336,621,1317,1318,1327,548,842,844,967,1323,1320,1329,1330,1343,1332,1319,1331],"class_list":["post-12544","product","type-product","status-publish","has-post-thumbnail","hentry","product_cat-cua-tu-bao-trom-thong-minh","product_cat-phu-kien-bao-dong","product_tag-bao-chong-trom-hong-ngoai","product_tag-bao-trom-hong-ngoai","product_tag-bao-trom-qua-dien-thoai","product_tag-bo-chong-trom","product_tag-cam-bien-bao-trom","product_tag-cam-bien-chong-trom","product_tag-cam-bien-chong-trom-hong-ngoai","product_tag-cam-bien-cua-tu","product_tag-cam-bien-hong-ngoai-chong-trom","product_tag-cam-ung-cua-tu","product_tag-camera-chong-trom-bao-qua-dien-thoai","product_tag-chong-trom-hong-ngoai","product_tag-chuong-bao-chong-trom-hong-ngoai","product_tag-chuong-bao-dong-chong-trom","product_tag-chuong-bao-trom-hong-ngoai","product_tag-chuong-chong-trom-gan-cua-thong-minh","product_tag-chuong-chong-trom-hong-ngoai","product_tag-coi-hu-bao-trom-220v","product_tag-cua-tu","product_tag-hang-rao-chong-trom","product_tag-hang-rao-chong-trom-hieu-qua","product_tag-he-thong-bao-dong-chong-trom","product_tag-he-thong-bao-trom","product_tag-he-thong-chong-trom","product_tag-he-thong-chong-trom-gia-dinh","product_tag-kawasan","product_tag-lap-dat-bao-trom-bao-dong","product_tag-lap-dat-thiet-bi-chong-trom","product_tag-may-chong-trom","product_tag-thiet-bi-bao-dong-chong-trom","product_tag-thiet-bi-bao-trom","product_tag-thiet-bi-bao-trom-hong-ngoai","product_tag-thiet-bi-chong-trom","product_tag-thiet-bi-chong-trom-bao-qua-dien-thoai","product_tag-thiet-bi-chong-trom-gan-cua","product_tag-thiet-bi-chong-trom-gia-dinh","product_tag-thiet-bi-chong-trom-hong-ngoai","product_tag-thiet-bi-chong-trom-hong-ngoai-khong-day","product_tag-thiet-bi-chong-trom-hong-ngoai-ngoai-troi","product_tag-thiet-bi-chong-trom-ngoai-troi","product_tag-thiet-bi-chong-trom-thong-minh"],"acf":[],"yoast_head":"<!-- This site is optimized with the Yoast SEO Premium plugin v24.9 (Yoast SEO v24.9) - https:\/\/yoast.com\/wordpress\/plugins\/seo\/ -->\n<title>C\u1eeda T\u1eeb B\u00e1o \u0110\u1ed9ng Qua App MS02 Wifi - Kawasan<\/title>\n<meta name=\"description\" content=\"C\u1eeda t\u1eeb c\u00f3 2 ph\u1ea7n t\u00e1ch bi\u1ec7t kho\u1ea3ng c\u00e1ch h\u1edf b\u00e1o \u0111\u1ed9ng 15mm (khe h\u1edf c\u1eeda). Ch\u1ebf \u0111\u1ed9 ti\u1ebft ki\u1ec7m pin, b\u00e1o tr\u1ea1ng th\u00e1i pin tr\u00ean \u1ee9ng d\u1ee5ng\" \/>\n<meta name=\"robots\" content=\"index, follow, max-snippet:-1, max-image-preview:large, max-video-preview:-1\" \/>\n<link rel=\"canonical\" href=\"https:\/\/kawasan.vn\/en\/product\/cua-tu-bao-dong-qua-app-ms02-wifi\/\" \/>\n<meta property=\"og:locale\" content=\"en_US\" \/>\n<meta property=\"og:type\" content=\"article\" \/>\n<meta property=\"og:title\" content=\"C\u1eeda T\u1eeb B\u00e1o \u0110\u1ed9ng Qua App MS02 Wifi\" \/>\n<meta property=\"og:description\" content=\"C\u1eeda t\u1eeb c\u00f3 2 ph\u1ea7n t\u00e1ch bi\u1ec7t kho\u1ea3ng c\u00e1ch h\u1edf b\u00e1o \u0111\u1ed9ng 15mm (khe h\u1edf c\u1eeda). Ch\u1ebf \u0111\u1ed9 ti\u1ebft ki\u1ec7m pin, b\u00e1o tr\u1ea1ng th\u00e1i pin tr\u00ean \u1ee9ng d\u1ee5ng\" \/>\n<meta property=\"og:url\" content=\"https:\/\/kawasan.vn\/en\/product\/cua-tu-bao-dong-qua-app-ms02-wifi\/\" \/>\n<meta property=\"og:site_name\" content=\"Kawasan\" \/>\n<meta property=\"article:modified_time\" content=\"2025-04-23T03:43:35+00:00\" \/>\n<meta property=\"og:image\" content=\"https:\/\/kawasan.vn\/wp-content\/uploads\/2023\/11\/cam-bien-cua-tu-wifi-ms02-3.png\" \/>\n\t<meta property=\"og:image:width\" content=\"600\" \/>\n\t<meta property=\"og:image:height\" content=\"600\" \/>\n\t<meta property=\"og:image:type\" content=\"image\/png\" \/>\n<meta name=\"twitter:card\" content=\"summary_large_image\" \/>\n<meta name=\"twitter:label1\" content=\"Est. reading time\" \/>\n\t<meta name=\"twitter:data1\" content=\"1 minute\" \/>\n<script type=\"application\/ld+json\" class=\"yoast-schema-graph\">{\"@context\":\"https:\/\/schema.org\",\"@graph\":[{\"@type\":\"WebPage\",\"@id\":\"https:\/\/kawasan.vn\/san-pham\/cua-tu-bao-dong-qua-app-ms02-wifi\/\",\"url\":\"https:\/\/kawasan.vn\/san-pham\/cua-tu-bao-dong-qua-app-ms02-wifi\/\",\"name\":\"C\u1eeda T\u1eeb B\u00e1o \u0110\u1ed9ng Qua App MS02 Wifi - Kawasan\",\"isPartOf\":{\"@id\":\"https:\/\/kawasan.vn\/#website\"},\"primaryImageOfPage\":{\"@id\":\"https:\/\/kawasan.vn\/san-pham\/cua-tu-bao-dong-qua-app-ms02-wifi\/#primaryimage\"},\"image\":{\"@id\":\"https:\/\/kawasan.vn\/san-pham\/cua-tu-bao-dong-qua-app-ms02-wifi\/#primaryimage\"},\"thumbnailUrl\":\"https:\/\/kawasan.vn\/wp-content\/uploads\/2023\/11\/cam-bien-cua-tu-wifi-ms02-3.png\",\"datePublished\":\"2023-11-19T03:02:19+00:00\",\"dateModified\":\"2025-04-23T03:43:35+00:00\",\"description\":\"C\u1eeda t\u1eeb c\u00f3 2 ph\u1ea7n t\u00e1ch bi\u1ec7t kho\u1ea3ng c\u00e1ch h\u1edf b\u00e1o \u0111\u1ed9ng 15mm (khe h\u1edf c\u1eeda). Ch\u1ebf \u0111\u1ed9 ti\u1ebft ki\u1ec7m pin, b\u00e1o tr\u1ea1ng th\u00e1i pin tr\u00ean \u1ee9ng d\u1ee5ng\",\"breadcrumb\":{\"@id\":\"https:\/\/kawasan.vn\/san-pham\/cua-tu-bao-dong-qua-app-ms02-wifi\/#breadcrumb\"},\"inLanguage\":\"en-US\",\"potentialAction\":[{\"@type\":\"ReadAction\",\"target\":[\"https:\/\/kawasan.vn\/san-pham\/cua-tu-bao-dong-qua-app-ms02-wifi\/\"]}]},{\"@type\":\"ImageObject\",\"inLanguage\":\"en-US\",\"@id\":\"https:\/\/kawasan.vn\/san-pham\/cua-tu-bao-dong-qua-app-ms02-wifi\/#primaryimage\",\"url\":\"https:\/\/kawasan.vn\/wp-content\/uploads\/2023\/11\/cam-bien-cua-tu-wifi-ms02-3.png\",\"contentUrl\":\"https:\/\/kawasan.vn\/wp-content\/uploads\/2023\/11\/cam-bien-cua-tu-wifi-ms02-3.png\",\"width\":600,\"height\":600,\"caption\":\"C\u1eeda T\u1eeb B\u00e1o \u0110\u1ed9ng Qua App MS02 Wifi\"},{\"@type\":\"BreadcrumbList\",\"@id\":\"https:\/\/kawasan.vn\/san-pham\/cua-tu-bao-dong-qua-app-ms02-wifi\/#breadcrumb\",\"itemListElement\":[{\"@type\":\"ListItem\",\"position\":1,\"name\":\"Trang ch\u1ee7\",\"item\":\"https:\/\/kawasan.vn\/\"},{\"@type\":\"ListItem\",\"position\":2,\"name\":\"S\u1ea3n ph\u1ea9m\",\"item\":\"https:\/\/kawasan.vn\/san-pham\/\"},{\"@type\":\"ListItem\",\"position\":3,\"name\":\"C\u1eeda T\u1eeb B\u00e1o \u0110\u1ed9ng Qua App MS02 Wifi\"}]},{\"@type\":\"WebSite\",\"@id\":\"https:\/\/kawasan.vn\/#website\",\"url\":\"https:\/\/kawasan.vn\/\",\"name\":\"Kawasan\",\"description\":\"\",\"potentialAction\":[{\"@type\":\"SearchAction\",\"target\":{\"@type\":\"EntryPoint\",\"urlTemplate\":\"https:\/\/kawasan.vn\/?s={search_term_string}\"},\"query-input\":{\"@type\":\"PropertyValueSpecification\",\"valueRequired\":true,\"valueName\":\"search_term_string\"}}],\"inLanguage\":\"en-US\"}]}<\/script>\n<!-- \/ Yoast SEO Premium plugin. -->","yoast_head_json":{"title":"C\u1eeda T\u1eeb B\u00e1o \u0110\u1ed9ng Qua App MS02 Wifi - Kawasan","description":"C\u1eeda t\u1eeb c\u00f3 2 ph\u1ea7n t\u00e1ch bi\u1ec7t kho\u1ea3ng c\u00e1ch h\u1edf b\u00e1o \u0111\u1ed9ng 15mm (khe h\u1edf c\u1eeda). Ch\u1ebf \u0111\u1ed9 ti\u1ebft ki\u1ec7m pin, b\u00e1o tr\u1ea1ng th\u00e1i pin tr\u00ean \u1ee9ng d\u1ee5ng","robots":{"index":"index","follow":"follow","max-snippet":"max-snippet:-1","max-image-preview":"max-image-preview:large","max-video-preview":"max-video-preview:-1"},"canonical":"https:\/\/kawasan.vn\/en\/product\/cua-tu-bao-dong-qua-app-ms02-wifi\/","og_locale":"en_US","og_type":"article","og_title":"C\u1eeda T\u1eeb B\u00e1o \u0110\u1ed9ng Qua App MS02 Wifi","og_description":"C\u1eeda t\u1eeb c\u00f3 2 ph\u1ea7n t\u00e1ch bi\u1ec7t kho\u1ea3ng c\u00e1ch h\u1edf b\u00e1o \u0111\u1ed9ng 15mm (khe h\u1edf c\u1eeda). Ch\u1ebf \u0111\u1ed9 ti\u1ebft ki\u1ec7m pin, b\u00e1o tr\u1ea1ng th\u00e1i pin tr\u00ean \u1ee9ng d\u1ee5ng","og_url":"https:\/\/kawasan.vn\/en\/product\/cua-tu-bao-dong-qua-app-ms02-wifi\/","og_site_name":"Kawasan","article_modified_time":"2025-04-23T03:43:35+00:00","og_image":[{"width":600,"height":600,"url":"https:\/\/kawasan.vn\/wp-content\/uploads\/2023\/11\/cam-bien-cua-tu-wifi-ms02-3.png","type":"image\/png"}],"twitter_card":"summary_large_image","twitter_misc":{"Est. reading time":"1 minute"},"schema":{"@context":"https:\/\/schema.org","@graph":[{"@type":"WebPage","@id":"https:\/\/kawasan.vn\/san-pham\/cua-tu-bao-dong-qua-app-ms02-wifi\/","url":"https:\/\/kawasan.vn\/san-pham\/cua-tu-bao-dong-qua-app-ms02-wifi\/","name":"C\u1eeda T\u1eeb B\u00e1o \u0110\u1ed9ng Qua App MS02 Wifi - Kawasan","isPartOf":{"@id":"https:\/\/kawasan.vn\/#website"},"primaryImageOfPage":{"@id":"https:\/\/kawasan.vn\/san-pham\/cua-tu-bao-dong-qua-app-ms02-wifi\/#primaryimage"},"image":{"@id":"https:\/\/kawasan.vn\/san-pham\/cua-tu-bao-dong-qua-app-ms02-wifi\/#primaryimage"},"thumbnailUrl":"https:\/\/kawasan.vn\/wp-content\/uploads\/2023\/11\/cam-bien-cua-tu-wifi-ms02-3.png","datePublished":"2023-11-19T03:02:19+00:00","dateModified":"2025-04-23T03:43:35+00:00","description":"C\u1eeda t\u1eeb c\u00f3 2 ph\u1ea7n t\u00e1ch bi\u1ec7t kho\u1ea3ng c\u00e1ch h\u1edf b\u00e1o \u0111\u1ed9ng 15mm (khe h\u1edf c\u1eeda). Ch\u1ebf \u0111\u1ed9 ti\u1ebft ki\u1ec7m pin, b\u00e1o tr\u1ea1ng th\u00e1i pin tr\u00ean \u1ee9ng d\u1ee5ng","breadcrumb":{"@id":"https:\/\/kawasan.vn\/san-pham\/cua-tu-bao-dong-qua-app-ms02-wifi\/#breadcrumb"},"inLanguage":"en-US","potentialAction":[{"@type":"ReadAction","target":["https:\/\/kawasan.vn\/san-pham\/cua-tu-bao-dong-qua-app-ms02-wifi\/"]}]},{"@type":"ImageObject","inLanguage":"en-US","@id":"https:\/\/kawasan.vn\/san-pham\/cua-tu-bao-dong-qua-app-ms02-wifi\/#primaryimage","url":"https:\/\/kawasan.vn\/wp-content\/uploads\/2023\/11\/cam-bien-cua-tu-wifi-ms02-3.png","contentUrl":"https:\/\/kawasan.vn\/wp-content\/uploads\/2023\/11\/cam-bien-cua-tu-wifi-ms02-3.png","width":600,"height":600,"caption":"C\u1eeda T\u1eeb B\u00e1o \u0110\u1ed9ng Qua App MS02 Wifi"},{"@type":"BreadcrumbList","@id":"https:\/\/kawasan.vn\/san-pham\/cua-tu-bao-dong-qua-app-ms02-wifi\/#breadcrumb","itemListElement":[{"@type":"ListItem","position":1,"name":"Trang ch\u1ee7","item":"https:\/\/kawasan.vn\/"},{"@type":"ListItem","position":2,"name":"S\u1ea3n ph\u1ea9m","item":"https:\/\/kawasan.vn\/san-pham\/"},{"@type":"ListItem","position":3,"name":"C\u1eeda T\u1eeb B\u00e1o \u0110\u1ed9ng Qua App MS02 Wifi"}]},{"@type":"WebSite","@id":"https:\/\/kawasan.vn\/#website","url":"https:\/\/kawasan.vn\/","name":"Kawasan","description":"","potentialAction":[{"@type":"SearchAction","target":{"@type":"EntryPoint","urlTemplate":"https:\/\/kawasan.vn\/?s={search_term_string}"},"query-input":{"@type":"PropertyValueSpecification","valueRequired":true,"valueName":"search_term_string"}}],"inLanguage":"en-US"}]}},"_links":{"self":[{"href":"https:\/\/kawasan.vn\/en\/wp-json\/wp\/v2\/product\/12544","targetHints":{"allow":["GET"]}}],"collection":[{"href":"https:\/\/kawasan.vn\/en\/wp-json\/wp\/v2\/product"}],"about":[{"href":"https:\/\/kawasan.vn\/en\/wp-json\/wp\/v2\/types\/product"}],"replies":[{"embeddable":true,"href":"https:\/\/kawasan.vn\/en\/wp-json\/wp\/v2\/comments?post=12544"}],"version-history":[{"count":3,"href":"https:\/\/kawasan.vn\/en\/wp-json\/wp\/v2\/product\/12544\/revisions"}],"predecessor-version":[{"id":21834,"href":"https:\/\/kawasan.vn\/en\/wp-json\/wp\/v2\/product\/12544\/revisions\/21834"}],"wp:featuredmedia":[{"embeddable":true,"href":"https:\/\/kawasan.vn\/en\/wp-json\/wp\/v2\/media\/17907"}],"wp:attachment":[{"href":"https:\/\/kawasan.vn\/en\/wp-json\/wp\/v2\/media?parent=12544"}],"wp:term":[{"taxonomy":"product_cat","embeddable":true,"href":"https:\/\/kawasan.vn\/en\/wp-json\/wp\/v2\/product_cat?post=12544"},{"taxonomy":"product_tag","embeddable":true,"href":"https:\/\/kawasan.vn\/en\/wp-json\/wp\/v2\/product_tag?post=12544"}],"curies":[{"name":"wp","href":"https:\/\/api.w.org\/{rel}","templated":true}]}}