{"id":12522,"date":"2023-11-18T04:27:06","date_gmt":"2023-11-18T04:27:06","guid":{"rendered":"https:\/\/kawasan.123websitedev.com\/?post_type=product&#038;p=12522"},"modified":"2025-12-19T14:29:44","modified_gmt":"2025-12-19T07:29:44","slug":"mam-den-led-cam-ung-vi-song-cho-den-op-tran-kw-ms18w","status":"publish","type":"product","link":"https:\/\/kawasan.vn\/en\/product\/mam-den-led-cam-ung-vi-song-cho-den-op-tran-kw-ms18w\/","title":{"rendered":"M\u00e2m \u0110\u00e8n Led KW-MS18W C\u1ea3m \u1ee8ng Vi S\u00f3ng Cho \u0110\u00e8n \u1ed0p Tr\u1ea7n"},"content":{"rendered":"<ul>\n<li>M\u00e2m \u0111\u00e8n led KW-MS18W <strong><a href=\"https:\/\/thegioidienthongminh.com\/danh-muc\/den-cam-ung-dui-den-cam-bien\/\">c\u1ea3m \u1ee9ng vi s\u00f3ng<\/a><\/strong> d\u00f9ng cho \u0111\u00e8n \u1ed1p tr\u1ea7n, s\u1eed d\u1ee5ng Led si\u00eau s\u00e1ng ti\u1ebft ki\u1ec7m \u0111i\u1ec7n. <strong><a href=\"https:\/\/kawasan.vn\/en\/product-category\/den-cam-ung\/den-cam-ung-vi-song\/\" target=\"_blank\" rel=\"noopener\">C\u1ea3m bi\u1ebfn vi s\u00f3ng<\/a><\/strong>\u00a0gi\u00fap t\u1ef1 t\u1eaft m\u1edf \u0111\u00e8n, \u0111\u1ed3ng th\u1eddi k\u1ebft h\u1ee3p v\u1edbi c\u1ea3m \u1ee9ng \u00e1nh s\u00e1ng \u0111\u1ec3 ho\u1ea1t \u0111\u1ed9ng v\u00e0o bu\u1ed5i t\u1ed1i. S\u1eed d\u1ee5ng cho nh\u00e0 v\u1ec7 sinh (c\u00f3 nhi\u1ec1u v\u00e1ch ng\u0103n), c\u1ea7u thang, h\u00e0nh lang, nh\u00e0 kho, \u0111\u00e8n c\u1ed5ng .<\/li>\n<li>Th\u1eddi gian t\u1ef1 t\u1eaft 45~60 gi\u00e2y khi kh\u00f4ng c\u00f3 ng\u01b0\u1eddi.<\/li>\n<li>Chi\u1ec1u cao n\u00ean l\u1eafp t\u1eeb 2 \u2013 4 m. L\u01b0u \u00fd: Ng\u1eaft \u0111i\u1ec7n tr\u01b0\u1edbc khi g\u1eafn b\u00f3ng v\u00e0 h\u01b0\u1edbng b\u00f3ng \u0111\u00e8n\u00a0v\u1ec1 ph\u00eda ng\u01b0\u1eddi di chuy\u1ec3n.<\/li>\n<\/ul>\n<figure id=\"attachment_15332\" aria-describedby=\"caption-attachment-15332\" style=\"width: 500px\" class=\"wp-caption aligncenter\"><img loading=\"lazy\" decoding=\"async\" class=\"wp-image-15332\" title=\"M\u00e2m \u0111\u00e8n c\u1ea3m \u1ee9ng MS18W\" src=\"https:\/\/kawasan.vn\/wp-content\/uploads\/2023\/11\/mam-den-led-cam-ung-ms18w.jpg\" alt=\"M\u00e2m \u0111\u00e8n c\u1ea3m \u1ee9ng MS18W\" width=\"500\" height=\"597\" \/><figcaption id=\"caption-attachment-15332\" class=\"wp-caption-text\">M\u00e2m \u0111\u00e8n c\u1ea3m \u1ee9ng MS18W<\/figcaption><\/figure>","protected":false},"excerpt":{"rendered":"<p>M\u00e2m \u0111\u00e8n led KW-MS18W c\u1ea3m \u1ee9ng vi s\u00f3ng d\u00f9ng cho \u0111\u00e8n \u1ed1p tr\u1ea7n, s\u1eed d\u1ee5ng Led si\u00eau s\u00e1ng ti\u1ebft ki\u1ec7m \u0111i\u1ec7n. C\u1ea3m bi\u1ebfn vi s\u00f3ng\u00a0gi\u00fap t\u1ef1 t\u1eaft m\u1edf \u0111\u00e8n, \u0111\u1ed3ng th\u1eddi k\u1ebft h\u1ee3p v\u1edbi c\u1ea3m \u1ee9ng \u00e1nh s\u00e1ng \u0111\u1ec3 ho\u1ea1t \u0111\u1ed9ng v\u00e0o bu\u1ed5i t\u1ed1i. S\u1eed d\u1ee5ng cho nh\u00e0 v\u1ec7 sinh (c\u00f3 nhi\u1ec1u v\u00e1ch ng\u0103n), c\u1ea7u [&hellip;]<\/p>","protected":false},"featured_media":15331,"comment_status":"open","ping_status":"closed","template":"","meta":{"_yoast_wpseo_focuskw":"M\u00e2m \u0110\u00e8n Led KW-MS18W","_yoast_wpseo_metadesc":"M\u00e2m \u0111\u00e8n led KW-MS18W c\u1ea3m \u1ee9ng vi s\u00f3ng d\u00f9ng cho \u0111\u00e8n \u1ed1p tr\u1ea7n, Led si\u00eau s\u00e1ng ti\u1ebft ki\u1ec7m \u0111i\u1ec7n. S\u1eed d\u1ee5ng cho nh\u00e0 v\u1ec7 sinh, c\u1ea7u thang, h\u00e0nh lang...","_yoast_wpseo_focuskeywords":"","_yoast_wpseo_keyword_synonyms":""},"product_cat":[491,35],"product_tag":[1173,1193,1185,1170,1182,1176,1168,1188,1186,557,1172,583,1171,1192,1179,1184,1191,1194,556,1166,1163,1195,1174,1052,1183,1048,1049,1051,1050,990,1180,1178,1187,531,530,1175,592,529,1177,596,1165,1164,1169,1167,1162,1181,1189,621,1190,561,1047],"class_list":["post-12522","product","type-product","status-publish","has-post-thumbnail","hentry","product_cat-den-cam-ung-vi-song","product_cat-den-cam-ung","product_tag-bong-den-cam-bien","product_tag-bong-den-cam-bien-anh-sang","product_tag-bong-den-cam-bien-chuyen-dong","product_tag-bong-den-cam-bien-nguoi","product_tag-cam-bien-bat-tat-den-khi-co-nguoi","product_tag-cam-bien-cau-thang","product_tag-cam-bien-den","product_tag-cam-bien-den-cau-thang","product_tag-chuoi-den-cam-ung","product_tag-den-cam-bien","product_tag-den-cam-bien-anh-sang","product_tag-den-cam-bien-cau-thang","product_tag-den-cam-bien-chuyen-dong","product_tag-den-cam-bien-hong-ngoai","product_tag-den-cam-bien-nang-luong-mat-troi","product_tag-den-cam-bien-thong-minh","product_tag-den-cam-bien-tu-dong","product_tag-den-cam-bien-tu-sang","product_tag-den-cam-ung","product_tag-den-cam-ung-hong-ngoai","product_tag-den-cam-ung-kawasan","product_tag-den-cau-thang-cam-bien","product_tag-den-led-cam-bien","product_tag-den-led-cam-bien-chinh-hang","product_tag-den-led-cam-bien-chuyen-dong","product_tag-den-led-cam-ung-thong-minh","product_tag-den-led-chinh-hang-kawaled","product_tag-den-led-gia-re","product_tag-den-led-gia-tot","product_tag-den-led-kawasan","product_tag-den-nang-luong-mat-troi-cam-bien","product_tag-den-ngu-cam-bien","product_tag-den-ngu-cam-bien-anh-sang","product_tag-dui-den-cam-bien","product_tag-dui-den-cam-bien-anh-sang","product_tag-dui-den-cam-bien-chuyen-dong","product_tag-dui-den-cam-ung","product_tag-dui-den-cam-ung-anh-sang","product_tag-dui-den-cam-ung-chuyen-dong","product_tag-dui-den-cam-ung-hong-ngoai","product_tag-dui-den-cam-ung-hong-ngoai-kawasan","product_tag-dui-den-cam-ung-kawasan","product_tag-dui-den-cam-ung-loai-nao-tot","product_tag-dui-den-cam-ung-rang-dong","product_tag-dui-den-tu-sang-khi-co-nguoi","product_tag-gia-den-cam-bien-thong-minh","product_tag-gia-dui-den-cam-ung","product_tag-kawasan","product_tag-led-cam-bien-cau-thang","product_tag-mam-den-cam-ung","product_tag-mam-den-cam-ung-kawasan"],"acf":[],"yoast_head":"<!-- This site is optimized with the Yoast SEO Premium plugin v24.9 (Yoast SEO v24.9) - https:\/\/yoast.com\/wordpress\/plugins\/seo\/ -->\n<title>M\u00e2m \u0110\u00e8n Led KW-MS18W C\u1ea3m \u1ee8ng Vi S\u00f3ng Cho \u0110\u00e8n \u1ed0p Tr\u1ea7n - Kawasan<\/title>\n<meta name=\"description\" content=\"M\u00e2m \u0111\u00e8n led KW-MS18W c\u1ea3m \u1ee9ng vi s\u00f3ng d\u00f9ng cho \u0111\u00e8n \u1ed1p tr\u1ea7n, Led si\u00eau s\u00e1ng ti\u1ebft ki\u1ec7m \u0111i\u1ec7n. S\u1eed d\u1ee5ng cho nh\u00e0 v\u1ec7 sinh, c\u1ea7u thang, h\u00e0nh lang...\" \/>\n<meta name=\"robots\" content=\"index, follow, max-snippet:-1, max-image-preview:large, max-video-preview:-1\" \/>\n<link rel=\"canonical\" href=\"https:\/\/kawasan.vn\/en\/product\/mam-den-led-cam-ung-vi-song-cho-den-op-tran-kw-ms18w\/\" \/>\n<meta property=\"og:locale\" content=\"en_US\" \/>\n<meta property=\"og:type\" content=\"article\" \/>\n<meta property=\"og:title\" content=\"M\u00e2m \u0110\u00e8n Led KW-MS18W C\u1ea3m \u1ee8ng Vi S\u00f3ng Cho \u0110\u00e8n \u1ed0p Tr\u1ea7n\" \/>\n<meta property=\"og:description\" content=\"M\u00e2m \u0111\u00e8n led KW-MS18W c\u1ea3m \u1ee9ng vi s\u00f3ng d\u00f9ng cho \u0111\u00e8n \u1ed1p tr\u1ea7n, Led si\u00eau s\u00e1ng ti\u1ebft ki\u1ec7m \u0111i\u1ec7n. S\u1eed d\u1ee5ng cho nh\u00e0 v\u1ec7 sinh, c\u1ea7u thang, h\u00e0nh lang...\" \/>\n<meta property=\"og:url\" content=\"https:\/\/kawasan.vn\/en\/product\/mam-den-led-cam-ung-vi-song-cho-den-op-tran-kw-ms18w\/\" \/>\n<meta property=\"og:site_name\" content=\"Kawasan\" \/>\n<meta property=\"article:modified_time\" content=\"2025-12-19T07:29:44+00:00\" \/>\n<meta property=\"og:image\" content=\"https:\/\/kawasan.vn\/wp-content\/uploads\/2023\/11\/mam-den-led-cam-ung-ms18w1.jpg\" \/>\n\t<meta property=\"og:image:width\" content=\"600\" \/>\n\t<meta property=\"og:image:height\" content=\"600\" \/>\n\t<meta property=\"og:image:type\" content=\"image\/jpeg\" \/>\n<meta name=\"twitter:card\" content=\"summary_large_image\" \/>\n<meta name=\"twitter:label1\" content=\"Est. reading time\" \/>\n\t<meta name=\"twitter:data1\" content=\"1 minute\" \/>\n<script type=\"application\/ld+json\" class=\"yoast-schema-graph\">{\"@context\":\"https:\/\/schema.org\",\"@graph\":[{\"@type\":\"WebPage\",\"@id\":\"https:\/\/kawasan.vn\/san-pham\/mam-den-led-cam-ung-vi-song-cho-den-op-tran-kw-ms18w\/\",\"url\":\"https:\/\/kawasan.vn\/san-pham\/mam-den-led-cam-ung-vi-song-cho-den-op-tran-kw-ms18w\/\",\"name\":\"M\u00e2m \u0110\u00e8n Led KW-MS18W C\u1ea3m \u1ee8ng Vi S\u00f3ng Cho \u0110\u00e8n \u1ed0p Tr\u1ea7n - Kawasan\",\"isPartOf\":{\"@id\":\"https:\/\/kawasan.vn\/#website\"},\"primaryImageOfPage\":{\"@id\":\"https:\/\/kawasan.vn\/san-pham\/mam-den-led-cam-ung-vi-song-cho-den-op-tran-kw-ms18w\/#primaryimage\"},\"image\":{\"@id\":\"https:\/\/kawasan.vn\/san-pham\/mam-den-led-cam-ung-vi-song-cho-den-op-tran-kw-ms18w\/#primaryimage\"},\"thumbnailUrl\":\"https:\/\/kawasan.vn\/wp-content\/uploads\/2023\/11\/mam-den-led-cam-ung-ms18w1.jpg\",\"datePublished\":\"2023-11-18T04:27:06+00:00\",\"dateModified\":\"2025-12-19T07:29:44+00:00\",\"description\":\"M\u00e2m \u0111\u00e8n led KW-MS18W c\u1ea3m \u1ee9ng vi s\u00f3ng d\u00f9ng cho \u0111\u00e8n \u1ed1p tr\u1ea7n, Led si\u00eau s\u00e1ng ti\u1ebft ki\u1ec7m \u0111i\u1ec7n. S\u1eed d\u1ee5ng cho nh\u00e0 v\u1ec7 sinh, c\u1ea7u thang, h\u00e0nh lang...\",\"breadcrumb\":{\"@id\":\"https:\/\/kawasan.vn\/san-pham\/mam-den-led-cam-ung-vi-song-cho-den-op-tran-kw-ms18w\/#breadcrumb\"},\"inLanguage\":\"en-US\",\"potentialAction\":[{\"@type\":\"ReadAction\",\"target\":[\"https:\/\/kawasan.vn\/san-pham\/mam-den-led-cam-ung-vi-song-cho-den-op-tran-kw-ms18w\/\"]}]},{\"@type\":\"ImageObject\",\"inLanguage\":\"en-US\",\"@id\":\"https:\/\/kawasan.vn\/san-pham\/mam-den-led-cam-ung-vi-song-cho-den-op-tran-kw-ms18w\/#primaryimage\",\"url\":\"https:\/\/kawasan.vn\/wp-content\/uploads\/2023\/11\/mam-den-led-cam-ung-ms18w1.jpg\",\"contentUrl\":\"https:\/\/kawasan.vn\/wp-content\/uploads\/2023\/11\/mam-den-led-cam-ung-ms18w1.jpg\",\"width\":600,\"height\":600,\"caption\":\"M\u00e2m \u0110\u00e8n Led KW-MS18W C\u1ea3m \u1ee8ng Vi S\u00f3ng Cho \u0110\u00e8n \u1ed0p Tr\u1ea7n\"},{\"@type\":\"BreadcrumbList\",\"@id\":\"https:\/\/kawasan.vn\/san-pham\/mam-den-led-cam-ung-vi-song-cho-den-op-tran-kw-ms18w\/#breadcrumb\",\"itemListElement\":[{\"@type\":\"ListItem\",\"position\":1,\"name\":\"Trang ch\u1ee7\",\"item\":\"https:\/\/kawasan.vn\/\"},{\"@type\":\"ListItem\",\"position\":2,\"name\":\"S\u1ea3n ph\u1ea9m\",\"item\":\"https:\/\/kawasan.vn\/san-pham\/\"},{\"@type\":\"ListItem\",\"position\":3,\"name\":\"M\u00e2m \u0110\u00e8n Led KW-MS18W C\u1ea3m \u1ee8ng Vi S\u00f3ng Cho \u0110\u00e8n \u1ed0p Tr\u1ea7n\"}]},{\"@type\":\"WebSite\",\"@id\":\"https:\/\/kawasan.vn\/#website\",\"url\":\"https:\/\/kawasan.vn\/\",\"name\":\"Kawasan\",\"description\":\"\",\"potentialAction\":[{\"@type\":\"SearchAction\",\"target\":{\"@type\":\"EntryPoint\",\"urlTemplate\":\"https:\/\/kawasan.vn\/?s={search_term_string}\"},\"query-input\":{\"@type\":\"PropertyValueSpecification\",\"valueRequired\":true,\"valueName\":\"search_term_string\"}}],\"inLanguage\":\"en-US\"}]}<\/script>\n<!-- \/ Yoast SEO Premium plugin. -->","yoast_head_json":{"title":"M\u00e2m \u0110\u00e8n Led KW-MS18W C\u1ea3m \u1ee8ng Vi S\u00f3ng Cho \u0110\u00e8n \u1ed0p Tr\u1ea7n - Kawasan","description":"M\u00e2m \u0111\u00e8n led KW-MS18W c\u1ea3m \u1ee9ng vi s\u00f3ng d\u00f9ng cho \u0111\u00e8n \u1ed1p tr\u1ea7n, Led si\u00eau s\u00e1ng ti\u1ebft ki\u1ec7m \u0111i\u1ec7n. S\u1eed d\u1ee5ng cho nh\u00e0 v\u1ec7 sinh, c\u1ea7u thang, h\u00e0nh lang...","robots":{"index":"index","follow":"follow","max-snippet":"max-snippet:-1","max-image-preview":"max-image-preview:large","max-video-preview":"max-video-preview:-1"},"canonical":"https:\/\/kawasan.vn\/en\/product\/mam-den-led-cam-ung-vi-song-cho-den-op-tran-kw-ms18w\/","og_locale":"en_US","og_type":"article","og_title":"M\u00e2m \u0110\u00e8n Led KW-MS18W C\u1ea3m \u1ee8ng Vi S\u00f3ng Cho \u0110\u00e8n \u1ed0p Tr\u1ea7n","og_description":"M\u00e2m \u0111\u00e8n led KW-MS18W c\u1ea3m \u1ee9ng vi s\u00f3ng d\u00f9ng cho \u0111\u00e8n \u1ed1p tr\u1ea7n, Led si\u00eau s\u00e1ng ti\u1ebft ki\u1ec7m \u0111i\u1ec7n. S\u1eed d\u1ee5ng cho nh\u00e0 v\u1ec7 sinh, c\u1ea7u thang, h\u00e0nh lang...","og_url":"https:\/\/kawasan.vn\/en\/product\/mam-den-led-cam-ung-vi-song-cho-den-op-tran-kw-ms18w\/","og_site_name":"Kawasan","article_modified_time":"2025-12-19T07:29:44+00:00","og_image":[{"width":600,"height":600,"url":"https:\/\/kawasan.vn\/wp-content\/uploads\/2023\/11\/mam-den-led-cam-ung-ms18w1.jpg","type":"image\/jpeg"}],"twitter_card":"summary_large_image","twitter_misc":{"Est. reading time":"1 minute"},"schema":{"@context":"https:\/\/schema.org","@graph":[{"@type":"WebPage","@id":"https:\/\/kawasan.vn\/san-pham\/mam-den-led-cam-ung-vi-song-cho-den-op-tran-kw-ms18w\/","url":"https:\/\/kawasan.vn\/san-pham\/mam-den-led-cam-ung-vi-song-cho-den-op-tran-kw-ms18w\/","name":"M\u00e2m \u0110\u00e8n Led KW-MS18W C\u1ea3m \u1ee8ng Vi S\u00f3ng Cho \u0110\u00e8n \u1ed0p Tr\u1ea7n - Kawasan","isPartOf":{"@id":"https:\/\/kawasan.vn\/#website"},"primaryImageOfPage":{"@id":"https:\/\/kawasan.vn\/san-pham\/mam-den-led-cam-ung-vi-song-cho-den-op-tran-kw-ms18w\/#primaryimage"},"image":{"@id":"https:\/\/kawasan.vn\/san-pham\/mam-den-led-cam-ung-vi-song-cho-den-op-tran-kw-ms18w\/#primaryimage"},"thumbnailUrl":"https:\/\/kawasan.vn\/wp-content\/uploads\/2023\/11\/mam-den-led-cam-ung-ms18w1.jpg","datePublished":"2023-11-18T04:27:06+00:00","dateModified":"2025-12-19T07:29:44+00:00","description":"M\u00e2m \u0111\u00e8n led KW-MS18W c\u1ea3m \u1ee9ng vi s\u00f3ng d\u00f9ng cho \u0111\u00e8n \u1ed1p tr\u1ea7n, Led si\u00eau s\u00e1ng ti\u1ebft ki\u1ec7m \u0111i\u1ec7n. S\u1eed d\u1ee5ng cho nh\u00e0 v\u1ec7 sinh, c\u1ea7u thang, h\u00e0nh lang...","breadcrumb":{"@id":"https:\/\/kawasan.vn\/san-pham\/mam-den-led-cam-ung-vi-song-cho-den-op-tran-kw-ms18w\/#breadcrumb"},"inLanguage":"en-US","potentialAction":[{"@type":"ReadAction","target":["https:\/\/kawasan.vn\/san-pham\/mam-den-led-cam-ung-vi-song-cho-den-op-tran-kw-ms18w\/"]}]},{"@type":"ImageObject","inLanguage":"en-US","@id":"https:\/\/kawasan.vn\/san-pham\/mam-den-led-cam-ung-vi-song-cho-den-op-tran-kw-ms18w\/#primaryimage","url":"https:\/\/kawasan.vn\/wp-content\/uploads\/2023\/11\/mam-den-led-cam-ung-ms18w1.jpg","contentUrl":"https:\/\/kawasan.vn\/wp-content\/uploads\/2023\/11\/mam-den-led-cam-ung-ms18w1.jpg","width":600,"height":600,"caption":"M\u00e2m \u0110\u00e8n Led KW-MS18W C\u1ea3m \u1ee8ng Vi S\u00f3ng Cho \u0110\u00e8n \u1ed0p Tr\u1ea7n"},{"@type":"BreadcrumbList","@id":"https:\/\/kawasan.vn\/san-pham\/mam-den-led-cam-ung-vi-song-cho-den-op-tran-kw-ms18w\/#breadcrumb","itemListElement":[{"@type":"ListItem","position":1,"name":"Trang ch\u1ee7","item":"https:\/\/kawasan.vn\/"},{"@type":"ListItem","position":2,"name":"S\u1ea3n ph\u1ea9m","item":"https:\/\/kawasan.vn\/san-pham\/"},{"@type":"ListItem","position":3,"name":"M\u00e2m \u0110\u00e8n Led KW-MS18W C\u1ea3m \u1ee8ng Vi S\u00f3ng Cho \u0110\u00e8n \u1ed0p Tr\u1ea7n"}]},{"@type":"WebSite","@id":"https:\/\/kawasan.vn\/#website","url":"https:\/\/kawasan.vn\/","name":"Kawasan","description":"","potentialAction":[{"@type":"SearchAction","target":{"@type":"EntryPoint","urlTemplate":"https:\/\/kawasan.vn\/?s={search_term_string}"},"query-input":{"@type":"PropertyValueSpecification","valueRequired":true,"valueName":"search_term_string"}}],"inLanguage":"en-US"}]}},"_links":{"self":[{"href":"https:\/\/kawasan.vn\/en\/wp-json\/wp\/v2\/product\/12522","targetHints":{"allow":["GET"]}}],"collection":[{"href":"https:\/\/kawasan.vn\/en\/wp-json\/wp\/v2\/product"}],"about":[{"href":"https:\/\/kawasan.vn\/en\/wp-json\/wp\/v2\/types\/product"}],"replies":[{"embeddable":true,"href":"https:\/\/kawasan.vn\/en\/wp-json\/wp\/v2\/comments?post=12522"}],"version-history":[{"count":3,"href":"https:\/\/kawasan.vn\/en\/wp-json\/wp\/v2\/product\/12522\/revisions"}],"predecessor-version":[{"id":19967,"href":"https:\/\/kawasan.vn\/en\/wp-json\/wp\/v2\/product\/12522\/revisions\/19967"}],"wp:featuredmedia":[{"embeddable":true,"href":"https:\/\/kawasan.vn\/en\/wp-json\/wp\/v2\/media\/15331"}],"wp:attachment":[{"href":"https:\/\/kawasan.vn\/en\/wp-json\/wp\/v2\/media?parent=12522"}],"wp:term":[{"taxonomy":"product_cat","embeddable":true,"href":"https:\/\/kawasan.vn\/en\/wp-json\/wp\/v2\/product_cat?post=12522"},{"taxonomy":"product_tag","embeddable":true,"href":"https:\/\/kawasan.vn\/en\/wp-json\/wp\/v2\/product_tag?post=12522"}],"curies":[{"name":"wp","href":"https:\/\/api.w.org\/{rel}","templated":true}]}}