{"id":12500,"date":"2023-11-18T03:42:53","date_gmt":"2023-11-18T03:42:53","guid":{"rendered":"https:\/\/kawasan.123websitedev.com\/?post_type=product&#038;p=12500"},"modified":"2026-04-15T14:43:30","modified_gmt":"2026-04-15T07:43:30","slug":"cong-tac-cam-ung-vi-song-rs06a","status":"publish","type":"product","link":"https:\/\/kawasan.vn\/en\/product\/cong-tac-cam-ung-vi-song-rs06a\/","title":{"rendered":"Microwave Touch Switch RS06A"},"content":{"rendered":"<h2><span class=\"ez-toc-section\" id=\"CONG_TAC_CAM_UNG_VI_SONG_RS06A_KAWASAN\"><\/span><strong>C\u00d4NG T\u1eaeC C\u1ea2M \u1ee8NG VI S\u00d3NG\u00a0RS06A\u00a0KAWASAN<\/strong><span class=\"ez-toc-section-end\"><\/span><\/h2><div id=\"ez-toc-container\" class=\"ez-toc-v2_0_69_1 counter-hierarchy ez-toc-counter ez-toc-grey ez-toc-container-direction\">\n<div class=\"ez-toc-title-container\">\n<p class=\"ez-toc-title\" >N\u1ed9i Dung B&agrave;i Vi\u1ebft<\/p>\n<span class=\"ez-toc-title-toggle\"><a href=\"#\" class=\"ez-toc-pull-right ez-toc-btn ez-toc-btn-xs ez-toc-btn-default ez-toc-toggle\" aria-label=\"Toggle Table of Content\"><span class=\"ez-toc-js-icon-con\"><span class=\"\"><span class=\"eztoc-hide\" style=\"display:none;\">Toggle<\/span><span class=\"ez-toc-icon-toggle-span\"><svg style=\"fill: #999;color:#999\" xmlns=\"http:\/\/www.w3.org\/2000\/svg\" class=\"list-377408\" width=\"20px\" height=\"20px\" viewbox=\"0 0 24 24\" fill=\"none\"><path d=\"M6 6H4v2h2V6zm14 0H8v2h12V6zM4 11h2v2H4v-2zm16 0H8v2h12v-2zM4 16h2v2H4v-2zm16 0H8v2h12v-2z\" fill=\"currentColor\"><\/path><\/svg><svg style=\"fill: #999;color:#999\" class=\"arrow-unsorted-368013\" xmlns=\"http:\/\/www.w3.org\/2000\/svg\" width=\"10px\" height=\"10px\" viewbox=\"0 0 24 24\" version=\"1.2\" baseprofile=\"tiny\"><path d=\"M18.2 9.3l-6.2-6.3-6.2 6.3c-.2.2-.3.4-.3.7s.1.5.3.7c.2.2.4.3.7.3h11c.3 0 .5-.1.7-.3.2-.2.3-.5.3-.7s-.1-.5-.3-.7zM5.8 14.7l6.2 6.3 6.2-6.3c.2-.2.3-.5.3-.7s-.1-.5-.3-.7c-.2-.2-.4-.3-.7-.3h-11c-.3 0-.5.1-.7.3-.2.2-.3.5-.3.7s.1.5.3.7z\"\/><\/svg><\/span><\/span><\/span><\/a><\/span><\/div>\n<nav><ul class='ez-toc-list ez-toc-list-level-1 eztoc-toggle-hide-by-default' ><li class='ez-toc-page-1 ez-toc-heading-level-2'><a class=\"ez-toc-link ez-toc-heading-1\" href=\"https:\/\/kawasan.vn\/en\/product\/cong-tac-cam-ung-vi-song-rs06a\/#CONG_TAC_CAM_UNG_VI_SONG_RS06A_KAWASAN\" title=\"C\u00d4NG T\u1eaeC C\u1ea2M \u1ee8NG VI S\u00d3NG\u00a0RS06A\u00a0KAWASAN\">C\u00d4NG T\u1eaeC C\u1ea2M \u1ee8NG VI S\u00d3NG\u00a0RS06A\u00a0KAWASAN<\/a><\/li><li class='ez-toc-page-1 ez-toc-heading-level-2'><a class=\"ez-toc-link ez-toc-heading-2\" href=\"https:\/\/kawasan.vn\/en\/product\/cong-tac-cam-ung-vi-song-rs06a\/#CHUC_NANG_NUT_CHINH_CONG_TAC_CAM_BIEN_VI_SONG_RS06A\" title=\"CH\u1ee8C N\u0102NG N\u00daT CH\u1ec8NH C\u00d4NG T\u1eaeC C\u1ea2M BI\u1ebeN VI S\u00d3NG RS06A\">CH\u1ee8C N\u0102NG N\u00daT CH\u1ec8NH C\u00d4NG T\u1eaeC C\u1ea2M BI\u1ebeN VI S\u00d3NG RS06A<\/a><\/li><li class='ez-toc-page-1 ez-toc-heading-level-2'><a class=\"ez-toc-link ez-toc-heading-3\" href=\"https:\/\/kawasan.vn\/en\/product\/cong-tac-cam-ung-vi-song-rs06a\/#LOI_ICH_CONG_TAC_CAM_UNG_THONG_MINH_RS06B\" title=\"L\u1ee2I \u00cdCH C\u00d4NG T\u1eaeC C\u1ea2M \u1ee8NG TH\u00d4NG MINH RS06B\">L\u1ee2I \u00cdCH C\u00d4NG T\u1eaeC C\u1ea2M \u1ee8NG TH\u00d4NG MINH RS06B<\/a><\/li><li class='ez-toc-page-1 ez-toc-heading-level-2'><a class=\"ez-toc-link ez-toc-heading-4\" href=\"https:\/\/kawasan.vn\/en\/product\/cong-tac-cam-ung-vi-song-rs06a\/#UNG_DUNG_CUA_CONG_TAC_DEN_CAM_BIEN_VI_SONG_RS06B\" title=\"\u1ee8NG D\u1ee4NG C\u1ee6A C\u00d4NG T\u1eaeC \u0110\u00c8N C\u1ea2M BI\u1ebeN VI S\u00d3NG RS06B\">\u1ee8NG D\u1ee4NG C\u1ee6A C\u00d4NG T\u1eaeC \u0110\u00c8N C\u1ea2M BI\u1ebeN VI S\u00d3NG RS06B<\/a><\/li><\/ul><\/nav><\/div>\n\n<p>RS06A\u00a0l\u00e0 c\u00f4ng t\u1eafc c\u1ea3m \u1ee9ng vi s\u00f3ng Radar t\u1ea7n s\u1ed1 5.8 GHz, nh\u1eadn di\u1ec7n chuy\u1ec3n \u0111\u1ed9ng ng\u01b0\u1eddi v\u00e0 v\u1eadt t\u01b0\u01a1ng th\u00edch v\u1edbi t\u1ea7n s\u1ed1 s\u00f3ng tr\u00ean.\u00a0\u0110\u1ed9 nh\u1ea1y r\u1ea5t cao, c\u00f3 kh\u1ea3 n\u0103ng ph\u00e1t hi\u1ec7n c\u00e1c chuy\u1ec3n \u0111\u1ed9ng d\u00f9 nh\u1ecf nh\u1ea5t.C\u00f3 kh\u1ea3 n\u0103ng c\u1ea3m bi\u1ebfn\u00a0xuy\u00ean \u0111\u01b0\u1ee3c v\u1eadt c\u1ea3n t\u1ed1t nh\u01b0: g\u1ed7, k\u00ednh, t\u01b0\u1eddng m\u1ecfng\u2026 Th\u00edch h\u1ee3p l\u1eafp cho c\u00e1c khu v\u1ef1c r\u1ed9ng, c\u00f3 nhi\u1ec1u v\u00e1ch ng\u0103n.\u00a0Kh\u00f4ng b\u1ecb \u1ea3nh h\u01b0\u1edfng b\u1edfi nhi\u1ec7t \u0111\u1ed9 m\u00f4i tr\u01b0\u1eddng tr\u00ean 32\u00b0C, nh\u01b0 c\u1ea3m bi\u1ebfn h\u1ed3ng ngo\u1ea1i.<\/p>\n<p>G\u00f3c qu\u00e9t r\u1ed9ng l\u00ean \u0111\u1ebfn 180 \u0111\u1ed9, kho\u1ea3ng c\u00e1ch c\u1ea3m \u1ee9ng xa 5-15m gi\u00fap nh\u1eadn di\u1ec7n chuy\u1ec3n \u0111\u1ed9ng t\u1ed1t v\u00e0 ch\u00ednh x\u00e1c h\u01a1n.\u00a0Thi\u1ebft k\u1ebf nh\u1ecf g\u1ecdn, d\u1ea1ng\u00a0\u00e2m t\u01b0\u1eddng l\u00e0m t\u0103ng t\u00ednh th\u1ea9m m\u1ef9 cho kh\u00f4ng gian l\u1eafp \u0111\u1eb7t. Ngo\u00e0i ra, c\u00f3 th\u00eam 3 n\u00fat ch\u1ec9nh Sens, Lux, Time tu\u1ef3 ch\u1ec9nh theo nhu c\u1ea7u c\u1ee7a ng\u01b0\u1eddi d\u00f9ng.<\/p>\n<figure id=\"attachment_14821\" aria-describedby=\"caption-attachment-14821\" style=\"width: 600px\" class=\"wp-caption aligncenter\"><img loading=\"lazy\" decoding=\"async\" class=\"wp-image-14821\" title=\"C\u00f4ng t\u1eafc c\u1ea3m \u1ee9ng vi s\u00f3ng \u00e2m t\u01b0\u1eddng RS06A\" src=\"https:\/\/kawasan.vn\/wp-content\/uploads\/2023\/11\/cong-tac-cam-ung-vi-song-rs06a-1.jpg\" alt=\"C\u00f4ng t\u1eafc c\u1ea3m \u1ee9ng vi s\u00f3ng \u00e2m t\u01b0\u1eddng RS06A\" width=\"600\" height=\"600\" \/><figcaption id=\"caption-attachment-14821\" class=\"wp-caption-text\">C\u00f4ng t\u1eafc c\u1ea3m \u1ee9ng vi s\u00f3ng \u00e2m t\u01b0\u1eddng RS06A<\/figcaption><\/figure>\n<h2><span class=\"ez-toc-section\" id=\"CHUC_NANG_NUT_CHINH_CONG_TAC_CAM_BIEN_VI_SONG_RS06A\"><\/span><strong>CH\u1ee8C N\u0102NG N\u00daT CH\u1ec8NH C\u00d4NG T\u1eaeC C\u1ea2M BI\u1ebeN VI S\u00d3NG RS06A<\/strong><span class=\"ez-toc-section-end\"><\/span><\/h2>\n<ul>\n<li>N\u00fat Lux: \u0110i\u1ec1u ch\u1ec9nh ch\u1ebf \u0111\u1ed9 nh\u1eadn bi\u1ebft m\u00f4i tr\u01b0\u1eddng s\u00e1ng hay t\u1ed1i \u0111\u1ec3 k\u00edch ho\u1ea1t ch\u1ebf \u0111\u1ed9 c\u1ea3m bi\u1ebfn ho\u1ea1t \u0111\u1ed9ng m\u1edf \u0111\u00e8n.\n<ul>\n<li>Ch\u1ec9nh n\u00fat Lux\u00a0xoay v\u1ec1 ph\u00eda \u201cm\u1eb7t tr\u1eddi\u00a0\u201c th\u00ec c\u1ea3m bi\u1ebfn s\u1ebd c\u1ea3m \u1ee9ng c\u1ea3 ng\u00e0y v\u00e0 \u0111\u00eam.<\/li>\n<li>Ch\u1ec9nh n\u00fat LUX xoay v\u1ec1 ph\u00eda \u201cm\u1eb7t tr\u0103ng\u00a0\u201c th\u00ec c\u1ea3m bi\u1ebfn ch\u1ec9 ho\u1ea1t \u0111\u1ed9ng v\u00e0o ban \u0111\u00eam.<\/li>\n<\/ul>\n<\/li>\n<li>N\u00fat Sens:\u00a0\u0110i\u1ec1u ch\u1ec9nh kho\u1ea3ng c\u00e1ch ph\u00e1t radar \u0111\u1ec3 nh\u1eadn chuy\u1ec3n \u0111\u1ed9ng. kho\u1ea3ng c\u00e1ch ch\u1ec9nh t\u1eeb 5-15m.<\/li>\n<li>N\u00fat Time: \u0110i\u1ec1u ch\u1ec9nh th\u1eddi gian \u0111\u00e8m t\u1ef1 t\u1eaft, c\u00f3 th\u1ec3 ch\u1ec9nh t\u1ef1 t\u1eaft t\u1eeb 10 gi\u00e2y \u0111\u1ebfn 12 ph\u00fat. Th\u1eddi gian tr\u1ec5 n\u00e0y s\u1ebd \u0111\u01b0\u1ee3c b\u1eaft \u0111\u1ea7u t\u00ednh l\u1ea1i trong chu k\u1ef3 c\u1ea3m \u1ee9ng m\u1edbi<\/li>\n<\/ul>\n<figure id=\"attachment_14822\" aria-describedby=\"caption-attachment-14822\" style=\"width: 600px\" class=\"wp-caption aligncenter\"><img loading=\"lazy\" decoding=\"async\" class=\"wp-image-14822\" title=\"C\u1ea5u t\u1ea1o chi ti\u1ebft c\u00f4ng t\u1eafc c\u1ea3m \u1ee9ng RS06A\" src=\"https:\/\/kawasan.vn\/wp-content\/uploads\/2023\/11\/cong-tac-cam-ung-vi-song-rs06a-1.png\" alt=\"C\u1ea5u t\u1ea1o chi ti\u1ebft c\u00f4ng t\u1eafc c\u1ea3m \u1ee9ng RS06A\" width=\"600\" height=\"527\" \/><figcaption id=\"caption-attachment-14822\" class=\"wp-caption-text\">C\u1ea5u t\u1ea1o chi ti\u1ebft c\u00f4ng t\u1eafc c\u1ea3m \u1ee9ng RS06A<\/figcaption><\/figure>\n<ul>\n<li><i>Switch location<\/i><i>\u00a0ON: Permanent light<\/i><\/li>\n<li><i>Switch location<\/i><i>\u00a0OFF: The light turns off completely<\/i><\/li>\n<li><i>Switch location\u00a0<\/i><i>AUTO: Chuy\u1ec3n s\u00e1ng\u00a0ch\u00ea\u0301 \u0111\u00f4\u0323 t\u01b0\u0323 \u0111\u00f4\u0323ng ca\u0309m \u01b0\u0301ng<\/i><\/li>\n<\/ul>\n<h2><span class=\"ez-toc-section\" id=\"LOI_ICH_CONG_TAC_CAM_UNG_THONG_MINH_RS06B\"><\/span><strong>L\u1ee2I \u00cdCH C\u00d4NG T\u1eaeC C\u1ea2M \u1ee8NG TH\u00d4NG MINH RS06B<\/strong><span class=\"ez-toc-section-end\"><\/span><\/h2>\n<ul>\n<li>Save energy and time because you avoid forgetting to turn off the power every time you leave. Especially families with children and the elderly.<\/li>\n<li>An to\u00e0n cho tr\u1ebb em v\u00e0 ng\u01b0\u1eddi gi\u00e0 khi \u0111i v\u1ec7 sinh ph\u1ea3i m\u00f2 c\u00f4ng t\u1eafc \u0111\u1ec3 b\u1eadt \u0111\u00e8n. Tr\u00e1nh \u0111\u01b0\u1ee3c c\u00e1c nguy c\u01a1 \u0111i\u1ec7n gi\u1eadt do b\u1ecb r\u00f2 r\u1ec9.<\/li>\n<li>\u00a0Gi\u00fap ch\u1ed1ng tr\u1ed9m cho gia ch\u1ee7, khi l\u1eafp \u1edf c\u00e1c v\u1ecb tr\u00ed l\u1ed1i \u0111i, h\u00e0nh lang sau nh\u00e0, ban c\u00f4ng, c\u1ea7u thang\u2026 khi tr\u1ed9m \u0111\u1ed9t nh\u1eadp \u0111\u00e8n s\u1ebd b\u1eadt s\u00e1ng, l\u00e0m tr\u1ed9m ho\u1ea3ng s\u1ee3 b\u1ecf \u0111i.\u200b<\/li>\n<\/ul>\n<h2><span class=\"ez-toc-section\" id=\"UNG_DUNG_CUA_CONG_TAC_DEN_CAM_BIEN_VI_SONG_RS06B\"><\/span><strong>\u1ee8NG D\u1ee4NG C\u1ee6A C\u00d4NG T\u1eaeC \u0110\u00c8N C\u1ea2M BI\u1ebeN VI S\u00d3NG RS06B<\/strong><span class=\"ez-toc-section-end\"><\/span><\/h2>\n<p>C\u00f4ng t\u1eafc c\u1ea3m bi\u1ebfn \u00e2m t\u01b0\u1eddng RS06B d\u00f9ng \u0111\u1ec3 t\u1eaft &#8211; m\u1edf \u0111\u00e8n cho h\u00e0nh lang, c\u1ea7u thang, ban c\u00f4ng, ph\u00f2ng kh\u00e1ch, nh\u00e0 v\u1ec7 sinh, l\u1ed1i tho\u00e1t hi\u1ec3m\u2026<\/p>\n<figure id=\"attachment_14828\" aria-describedby=\"caption-attachment-14828\" style=\"width: 600px\" class=\"wp-caption aligncenter\"><img loading=\"lazy\" decoding=\"async\" class=\"wp-image-14828\" title=\"C\u00f4ng t\u1eafc c\u1ea3m bi\u1ebfn vi s\u00f3ng \u0111\u01b0\u1ee3c \u1ee9ng d\u1ee5ng r\u1ed9ng r\u00e3i cho nhi\u1ec1u khu v\u1ef1c\" src=\"https:\/\/kawasan.vn\/wp-content\/uploads\/2023\/11\/cong-tac-cam-ung-vi-song-rs06a-4.png\" alt=\"C\u00f4ng t\u1eafc c\u1ea3m bi\u1ebfn vi s\u00f3ng \u0111\u01b0\u1ee3c \u1ee9ng d\u1ee5ng r\u1ed9ng r\u00e3i cho nhi\u1ec1u khu v\u1ef1c\" width=\"600\" height=\"600\" \/><figcaption id=\"caption-attachment-14828\" class=\"wp-caption-text\">C\u00f4ng t\u1eafc c\u1ea3m bi\u1ebfn vi s\u00f3ng \u0111\u01b0\u1ee3c \u1ee9ng d\u1ee5ng r\u1ed9ng r\u00e3i cho nhi\u1ec1u khu v\u1ef1c<\/figcaption><\/figure>\n<p><strong>T\u1ea0I SAO N\u00caN CH\u1eccN KAWASAN?<\/strong><\/p>\n<ul>\n<li><strong>Th\u01b0\u01a1ng hi\u1ec7u h\u00e0ng \u0111\u1ea7u Vi\u1ec7t Nam\u00a0<\/strong>trong l\u0129nh v\u1ef1c \u0111i\u1ec7n t\u1ef1 \u0111\u1ed9ng, an ninh, an to\u00e0n v\u00e0 \u0111i\u1ec7n th\u00f4ng minh t\u1eeb 2007 v\u00e0 \u0111\u00e8n led d\u00e2n d\u1ee5ng, \u0111\u00e8n n\u0103ng l\u01b0\u1ee3ng m\u1eb7t tr\u1eddi t\u1eeb n\u0103m 2012<\/li>\n<li><strong>\u0110\u1ed9 b\u1ec1n cao, linh ki\u1ec7n ch\u1ecdn l\u1ecdc<\/strong>\u2013 Ho\u1ea1t \u0111\u1ed9ng \u1ed5n \u0111\u1ecbnh c\u1ea3 trong \u0111i\u1ec1u ki\u1ec7n th\u1eddi ti\u1ebft kh\u1eafc nghi\u1ec7t<\/li>\n<li><strong>Ch\u00ednh s\u00e1ch b\u1ea3o h\u00e0nh v\u01b0\u1ee3t tr\u1ed9i<\/strong>\u2013 H\u1ed7 tr\u1ee3 s\u1eeda ch\u1eefa c\u1ea3 sau th\u1eddi gian b\u1ea3o h\u00e0nh n\u1ebfu c\u00f2n kh\u1ea3 n\u0103ng kh\u1eafc ph\u1ee5c<\/li>\n<li><strong>Kawasan hi\u1ec7n c\u00f3 tr\u1ee5 s\u1edf t\u1ea1i HCM, chi nh\u00e1nh t\u1ea1i H\u00e0 N\u1ed9i, \u0110\u00e0 N\u1eb5ng v\u00e0 x\u01b0\u1edfng SX, L\u1eafp r\u00e1p t\u1ea1i Q12. HCM.<\/strong><\/li>\n<li><strong>D\u1ecbch v\u1ee5 h\u1ed7 tr\u1ee3 24\/7<\/strong>, m\u1ea1ng l\u01b0\u1edbi \u0111\u1ea1i l\u00fd ph\u1ee7 kh\u1eafp c\u1ea3 n\u01b0\u1edbc<\/li>\n<\/ul>\n<p><strong>Cam k\u1ebft t\u1eeb Kawasan<\/strong>\u00a0Kawasan cam k\u1ebft mang \u0111\u1ebfn s\u1ea3n ph\u1ea9m\u00a0<strong>ch\u00ednh h\u00e3ng \u2013 b\u1ec1n b\u1ec9 \u2013 an to\u00e0n<\/strong>, \u0111\u00e1p \u1ee9ng \u0111\u1ea7y \u0111\u1ee7 c\u00e1c ti\u00eau chu\u1ea9n k\u1ef9 thu\u1eadt v\u00e0 y\u00eau c\u1ea7u s\u1eed d\u1ee5ng th\u1ef1c t\u1ebf. T\u1ea5t c\u1ea3 s\u1ea3n ph\u1ea9m \u0111\u01b0\u1ee3c b\u1ea3o h\u00e0nh\u00a0<strong>mi\u1ec5n ph\u00ed 24 th\u00e1ng<\/strong>, 1 \u0111\u1ed5i 1 trong v\u00f2ng 30 ng\u00e0y n\u1ebfu l\u1ed7i k\u1ef9 thu\u1eadt. Ngo\u00e0i ra, kh\u00e1ch h\u00e0ng c\u00f2n \u0111\u01b0\u1ee3c h\u1ed7 tr\u1ee3 s\u1eeda ch\u1eefa sau khi h\u1ebft th\u1eddi gian b\u1ea3o h\u00e0nh n\u1ebfu s\u1ea3n ph\u1ea9m c\u00f2n kh\u1ea3 n\u0103ng ph\u1ee5c h\u1ed3i,\u00a0<strong>kh\u00f4ng t\u00ednh ph\u00ed<\/strong>\u00a0n\u1ebfu chi ph\u00ed linh ki\u1ec7n thay th\u1ebf kh\u00f4ng \u0111\u00e1ng k\u1ec3.\u00a0<strong>Kh\u00e1ch h\u00e0ng c\u00f3 th\u1ec3 t\u00ecm mua s\u1ea3n ph\u1ea9m t\u1ea1i c\u00e1c \u0111\u1ea1i l\u00fd thu\u1ed9c\u00a0<\/strong><a href=\"https:\/\/kawasan.vn\/en\/he-thong-phan-phoi\/\"><strong>H\u1ec6 TH\u1ed0NG PH\u00c2N PH\u1ed0I TO\u00c0N QU\u1ed0C<\/strong><\/a><strong>\u00a0t\u1ea1i c\u00e1c t\u1ec9nh th\u00e0nh ho\u1eb7c c\u00f3 th\u1ec3 d\u1eb7t h\u00e0ng tr\u00ean website.<\/strong><\/p>\n<p data-start=\"3041\" data-end=\"3137\"><strong>B\u00e0i vi\u1ebft v\u00e0 Video tham kh\u1ea3o v\u1ec1 \u1ee9ng d\u1ee5ng, l\u1ee3i \u00edch v\u00e0 HDSD<\/strong><\/p>\n<ul>\n<li>Tham kh\u1ea3o b\u00e0i vi\u1ebft v\u1ec1 s\u1ea3n ph\u1ea9m\n<ul>\n<li style=\"list-style-type: none;\">\n<ul>\n<li>B\u00e0i vi\u1ebft 1: <a class=\"row-title\" href=\"https:\/\/kawasan.vn\/wp-admin\/post.php?post=27470&amp;action=edit&amp;classic-editor\" aria-label=\"\u201c5 l\u1ee3i \u00edch n\u1ed5i b\u1eadt khi s\u1eed d\u1ee5ng c\u00f4ng t\u1eafc c\u1ea3m \u1ee9ng vi s\u00f3ng RS06A cho c\u1ea7u thang, h\u00e0nh lang v\u00e0 nh\u00e0 v\u1ec7 sinh\u201d (Ch\u1ec9nh s\u1eeda)\">5 l\u1ee3i \u00edch n\u1ed5i b\u1eadt khi s\u1eed d\u1ee5ng c\u00f4ng t\u1eafc c\u1ea3m \u1ee9ng vi s\u00f3ng RS06A cho c\u1ea7u thang, h\u00e0nh lang v\u00e0 nh\u00e0 v\u1ec7<\/a><\/li>\n<li>B\u00e0i vi\u1ebft 2: <a class=\"row-title\" href=\"https:\/\/kawasan.vn\/wp-admin\/post.php?post=27450&amp;action=edit&amp;classic-editor\" aria-label=\"\u201cRS06A kh\u00e1c g\u00ec so v\u1edbi RS06B? So s\u00e1nh chi ti\u1ebft c\u00f4ng t\u1eafc c\u1ea3m \u1ee9ng vi s\u00f3ng Radar\u201d (Ch\u1ec9nh s\u1eeda)\">RS06A kh\u00e1c g\u00ec so v\u1edbi RS06B? So s\u00e1nh chi ti\u1ebft c\u00f4ng t\u1eafc c\u1ea3m \u1ee9ng vi s\u00f3ng<\/a><\/li>\n<\/ul>\n<\/li>\n<\/ul>\n<\/li>\n<\/ul>","protected":false},"excerpt":{"rendered":"<p>C\u00d4NG T\u1eaeC C\u1ea2M \u1ee8NG VI S\u00d3NG\u00a0RS06A\u00a0KAWASAN RS06A\u00a0l\u00e0 c\u00f4ng t\u1eafc c\u1ea3m \u1ee9ng vi s\u00f3ng Radar t\u1ea7n s\u1ed1 5.8 GHz, nh\u1eadn di\u1ec7n chuy\u1ec3n \u0111\u1ed9ng ng\u01b0\u1eddi v\u00e0 v\u1eadt t\u01b0\u01a1ng th\u00edch v\u1edbi t\u1ea7n s\u1ed1 s\u00f3ng tr\u00ean.\u00a0\u0110\u1ed9 nh\u1ea1y r\u1ea5t cao, c\u00f3 kh\u1ea3 n\u0103ng ph\u00e1t hi\u1ec7n c\u00e1c chuy\u1ec3n \u0111\u1ed9ng d\u00f9 nh\u1ecf nh\u1ea5t.C\u00f3 kh\u1ea3 n\u0103ng c\u1ea3m bi\u1ebfn\u00a0xuy\u00ean \u0111\u01b0\u1ee3c v\u1eadt c\u1ea3n t\u1ed1t nh\u01b0: [&hellip;]<\/p>","protected":false},"featured_media":14823,"comment_status":"open","ping_status":"closed","template":"","meta":{"_yoast_wpseo_focuskw":"C\u00f4ng t\u1eafc c\u1ea3m \u1ee9ng","_yoast_wpseo_metadesc":"RS06A\u00a0l\u00e0 c\u00f4ng t\u1eafc c\u1ea3m \u1ee9ng vi s\u00f3ng Radar t\u1ea7n s\u1ed1 5.8 GHz.\u00a0\u0110\u1ed9 nh\u1ea1y r\u1ea5t cao, g\u00f3c qu\u00e9t r\u1ed9ng l\u00ean \u0111\u1ebfn 180 \u0111\u1ed9, kho\u1ea3ng c\u00e1ch c\u1ea3m \u1ee9ng xa 5-15m.","_yoast_wpseo_focuskeywords":"","_yoast_wpseo_keyword_synonyms":""},"product_cat":[2677,487,15,85],"product_tag":[532,1234,1243,1247,1241,1236,1058,1239,1242,528,1063,546,1235,1233,599,1240,939,1127,1140,1130,1238,1246,1245,1132,964,1244,603,1142,607,598,1237],"class_list":["post-12500","product","type-product","status-publish","has-post-thumbnail","hentry","product_cat-cam-bien-vi-song-am-tuong","product_cat-cong-tac-cam-ung-vi-song","product_cat-cong-tac-cam-ung-chuyen-dong","product_cat-hang-khuyen-mai-soc","product_tag-cong-tac-cam-bien","product_tag-cong-tac-cam-bien-anh-sang","product_tag-cong-tac-cam-bien-anh-sang-220v","product_tag-cong-tac-cam-bien-bat-tat-den","product_tag-cong-tac-cam-bien-cau-thang","product_tag-cong-tac-cam-bien-chuyen-dong","product_tag-cong-tac-cam-bien-hong-ngoai","product_tag-cong-tac-cam-bien-hong-ngoai-220v","product_tag-cong-tac-cam-bien-nguoi","product_tag-cong-tac-cam-ung","product_tag-cong-tac-cam-ung-thong-minh","product_tag-cong-tac-cam-ung-vi-song","product_tag-cong-tac-cua-cuon","product_tag-cong-tac-cua-cuon-thong-minh","product_tag-cong-tac-cua-cuon-wifi","product_tag-cong-tac-den-cau-thang","product_tag-cong-tac-den-thong-minh","product_tag-cong-tac-dien-cam-ung","product_tag-cong-tac-dien-dieu-khien-tu-xa-bang-dien-thoai","product_tag-cong-tac-dien-thong-minh","product_tag-cong-tac-dien-thong-minh-wifi","product_tag-cong-tac-dieu-khien-bang-dien-thoai","product_tag-cong-tac-dieu-khien-tu-xa-qua-dien-thoai","product_tag-cong-tac-dieu-khien-tu-xa-qua-wifi-3g","product_tag-cong-tac-hen-gio-thong-minh","product_tag-cong-tac-hong-ngoai","product_tag-cong-tac-thong-minh","product_tag-cong-tac-thong-minh-dieu-khien-tu-xa","product_tag-cong-tac-thong-minh-wifi","product_tag-cong-tac-wifi","product_tag-cua-cuon-thong-minh"],"acf":[],"yoast_head":"<!-- This site is optimized with the Yoast SEO Premium plugin v24.9 (Yoast SEO v24.9) - https:\/\/yoast.com\/wordpress\/plugins\/seo\/ -->\n<title>C\u00f4ng T\u1eafc C\u1ea3m \u1ee8ng Vi S\u00f3ng RS06A - Kawasan<\/title>\n<meta name=\"description\" content=\"RS06A\u00a0l\u00e0 c\u00f4ng t\u1eafc c\u1ea3m \u1ee9ng vi s\u00f3ng Radar t\u1ea7n s\u1ed1 5.8 GHz.\u00a0\u0110\u1ed9 nh\u1ea1y r\u1ea5t cao, g\u00f3c qu\u00e9t r\u1ed9ng l\u00ean \u0111\u1ebfn 180 \u0111\u1ed9, kho\u1ea3ng c\u00e1ch c\u1ea3m \u1ee9ng xa 5-15m.\" \/>\n<meta name=\"robots\" content=\"index, follow, max-snippet:-1, max-image-preview:large, max-video-preview:-1\" \/>\n<link rel=\"canonical\" href=\"https:\/\/kawasan.vn\/en\/product\/cong-tac-cam-ung-vi-song-rs06a\/\" \/>\n<meta property=\"og:locale\" content=\"en_US\" \/>\n<meta property=\"og:type\" content=\"article\" \/>\n<meta property=\"og:title\" content=\"C\u00f4ng T\u1eafc C\u1ea3m \u1ee8ng Vi S\u00f3ng RS06A\" \/>\n<meta property=\"og:description\" content=\"RS06A\u00a0l\u00e0 c\u00f4ng t\u1eafc c\u1ea3m \u1ee9ng vi s\u00f3ng Radar t\u1ea7n s\u1ed1 5.8 GHz.\u00a0\u0110\u1ed9 nh\u1ea1y r\u1ea5t cao, g\u00f3c qu\u00e9t r\u1ed9ng l\u00ean \u0111\u1ebfn 180 \u0111\u1ed9, kho\u1ea3ng c\u00e1ch c\u1ea3m \u1ee9ng xa 5-15m.\" \/>\n<meta property=\"og:url\" content=\"https:\/\/kawasan.vn\/en\/product\/cong-tac-cam-ung-vi-song-rs06a\/\" \/>\n<meta property=\"og:site_name\" content=\"Kawasan\" \/>\n<meta property=\"article:modified_time\" content=\"2026-04-15T07:43:30+00:00\" \/>\n<meta property=\"og:image\" content=\"https:\/\/kawasan.vn\/wp-content\/uploads\/2023\/11\/cong-tac-cam-ung-vi-song-rs06a-2.jpg\" \/>\n\t<meta property=\"og:image:width\" content=\"800\" \/>\n\t<meta property=\"og:image:height\" content=\"800\" \/>\n\t<meta property=\"og:image:type\" content=\"image\/jpeg\" \/>\n<meta name=\"twitter:card\" content=\"summary_large_image\" \/>\n<meta name=\"twitter:label1\" content=\"Est. reading time\" \/>\n\t<meta name=\"twitter:data1\" content=\"6 minutes\" \/>\n<script type=\"application\/ld+json\" class=\"yoast-schema-graph\">{\"@context\":\"https:\/\/schema.org\",\"@graph\":[{\"@type\":\"WebPage\",\"@id\":\"https:\/\/kawasan.vn\/san-pham\/cong-tac-cam-ung-vi-song-rs06a\/\",\"url\":\"https:\/\/kawasan.vn\/san-pham\/cong-tac-cam-ung-vi-song-rs06a\/\",\"name\":\"C\u00f4ng T\u1eafc C\u1ea3m \u1ee8ng Vi S\u00f3ng RS06A - Kawasan\",\"isPartOf\":{\"@id\":\"https:\/\/kawasan.vn\/#website\"},\"primaryImageOfPage\":{\"@id\":\"https:\/\/kawasan.vn\/san-pham\/cong-tac-cam-ung-vi-song-rs06a\/#primaryimage\"},\"image\":{\"@id\":\"https:\/\/kawasan.vn\/san-pham\/cong-tac-cam-ung-vi-song-rs06a\/#primaryimage\"},\"thumbnailUrl\":\"https:\/\/kawasan.vn\/wp-content\/uploads\/2023\/11\/cong-tac-cam-ung-vi-song-rs06a-2.jpg\",\"datePublished\":\"2023-11-18T03:42:53+00:00\",\"dateModified\":\"2026-04-15T07:43:30+00:00\",\"description\":\"RS06A\u00a0l\u00e0 c\u00f4ng t\u1eafc c\u1ea3m \u1ee9ng vi s\u00f3ng Radar t\u1ea7n s\u1ed1 5.8 GHz.\u00a0\u0110\u1ed9 nh\u1ea1y r\u1ea5t cao, g\u00f3c qu\u00e9t r\u1ed9ng l\u00ean \u0111\u1ebfn 180 \u0111\u1ed9, kho\u1ea3ng c\u00e1ch c\u1ea3m \u1ee9ng xa 5-15m.\",\"breadcrumb\":{\"@id\":\"https:\/\/kawasan.vn\/san-pham\/cong-tac-cam-ung-vi-song-rs06a\/#breadcrumb\"},\"inLanguage\":\"en-US\",\"potentialAction\":[{\"@type\":\"ReadAction\",\"target\":[\"https:\/\/kawasan.vn\/san-pham\/cong-tac-cam-ung-vi-song-rs06a\/\"]}]},{\"@type\":\"ImageObject\",\"inLanguage\":\"en-US\",\"@id\":\"https:\/\/kawasan.vn\/san-pham\/cong-tac-cam-ung-vi-song-rs06a\/#primaryimage\",\"url\":\"https:\/\/kawasan.vn\/wp-content\/uploads\/2023\/11\/cong-tac-cam-ung-vi-song-rs06a-2.jpg\",\"contentUrl\":\"https:\/\/kawasan.vn\/wp-content\/uploads\/2023\/11\/cong-tac-cam-ung-vi-song-rs06a-2.jpg\",\"width\":800,\"height\":800,\"caption\":\"C\u00f4ng T\u1eafc C\u1ea3m \u1ee8ng Vi S\u00f3ng RS06A\"},{\"@type\":\"BreadcrumbList\",\"@id\":\"https:\/\/kawasan.vn\/san-pham\/cong-tac-cam-ung-vi-song-rs06a\/#breadcrumb\",\"itemListElement\":[{\"@type\":\"ListItem\",\"position\":1,\"name\":\"Trang ch\u1ee7\",\"item\":\"https:\/\/kawasan.vn\/\"},{\"@type\":\"ListItem\",\"position\":2,\"name\":\"S\u1ea3n ph\u1ea9m\",\"item\":\"https:\/\/kawasan.vn\/san-pham\/\"},{\"@type\":\"ListItem\",\"position\":3,\"name\":\"C\u00f4ng T\u1eafc C\u1ea3m \u1ee8ng Vi S\u00f3ng RS06A\"}]},{\"@type\":\"WebSite\",\"@id\":\"https:\/\/kawasan.vn\/#website\",\"url\":\"https:\/\/kawasan.vn\/\",\"name\":\"Kawasan\",\"description\":\"\",\"potentialAction\":[{\"@type\":\"SearchAction\",\"target\":{\"@type\":\"EntryPoint\",\"urlTemplate\":\"https:\/\/kawasan.vn\/?s={search_term_string}\"},\"query-input\":{\"@type\":\"PropertyValueSpecification\",\"valueRequired\":true,\"valueName\":\"search_term_string\"}}],\"inLanguage\":\"en-US\"}]}<\/script>\n<!-- \/ Yoast SEO Premium plugin. -->","yoast_head_json":{"title":"C\u00f4ng T\u1eafc C\u1ea3m \u1ee8ng Vi S\u00f3ng RS06A - Kawasan","description":"RS06A\u00a0l\u00e0 c\u00f4ng t\u1eafc c\u1ea3m \u1ee9ng vi s\u00f3ng Radar t\u1ea7n s\u1ed1 5.8 GHz.\u00a0\u0110\u1ed9 nh\u1ea1y r\u1ea5t cao, g\u00f3c qu\u00e9t r\u1ed9ng l\u00ean \u0111\u1ebfn 180 \u0111\u1ed9, kho\u1ea3ng c\u00e1ch c\u1ea3m \u1ee9ng xa 5-15m.","robots":{"index":"index","follow":"follow","max-snippet":"max-snippet:-1","max-image-preview":"max-image-preview:large","max-video-preview":"max-video-preview:-1"},"canonical":"https:\/\/kawasan.vn\/en\/product\/cong-tac-cam-ung-vi-song-rs06a\/","og_locale":"en_US","og_type":"article","og_title":"C\u00f4ng T\u1eafc C\u1ea3m \u1ee8ng Vi S\u00f3ng RS06A","og_description":"RS06A\u00a0l\u00e0 c\u00f4ng t\u1eafc c\u1ea3m \u1ee9ng vi s\u00f3ng Radar t\u1ea7n s\u1ed1 5.8 GHz.\u00a0\u0110\u1ed9 nh\u1ea1y r\u1ea5t cao, g\u00f3c qu\u00e9t r\u1ed9ng l\u00ean \u0111\u1ebfn 180 \u0111\u1ed9, kho\u1ea3ng c\u00e1ch c\u1ea3m \u1ee9ng xa 5-15m.","og_url":"https:\/\/kawasan.vn\/en\/product\/cong-tac-cam-ung-vi-song-rs06a\/","og_site_name":"Kawasan","article_modified_time":"2026-04-15T07:43:30+00:00","og_image":[{"width":800,"height":800,"url":"https:\/\/kawasan.vn\/wp-content\/uploads\/2023\/11\/cong-tac-cam-ung-vi-song-rs06a-2.jpg","type":"image\/jpeg"}],"twitter_card":"summary_large_image","twitter_misc":{"Est. reading time":"6 minutes"},"schema":{"@context":"https:\/\/schema.org","@graph":[{"@type":"WebPage","@id":"https:\/\/kawasan.vn\/san-pham\/cong-tac-cam-ung-vi-song-rs06a\/","url":"https:\/\/kawasan.vn\/san-pham\/cong-tac-cam-ung-vi-song-rs06a\/","name":"C\u00f4ng T\u1eafc C\u1ea3m \u1ee8ng Vi S\u00f3ng RS06A - Kawasan","isPartOf":{"@id":"https:\/\/kawasan.vn\/#website"},"primaryImageOfPage":{"@id":"https:\/\/kawasan.vn\/san-pham\/cong-tac-cam-ung-vi-song-rs06a\/#primaryimage"},"image":{"@id":"https:\/\/kawasan.vn\/san-pham\/cong-tac-cam-ung-vi-song-rs06a\/#primaryimage"},"thumbnailUrl":"https:\/\/kawasan.vn\/wp-content\/uploads\/2023\/11\/cong-tac-cam-ung-vi-song-rs06a-2.jpg","datePublished":"2023-11-18T03:42:53+00:00","dateModified":"2026-04-15T07:43:30+00:00","description":"RS06A\u00a0l\u00e0 c\u00f4ng t\u1eafc c\u1ea3m \u1ee9ng vi s\u00f3ng Radar t\u1ea7n s\u1ed1 5.8 GHz.\u00a0\u0110\u1ed9 nh\u1ea1y r\u1ea5t cao, g\u00f3c qu\u00e9t r\u1ed9ng l\u00ean \u0111\u1ebfn 180 \u0111\u1ed9, kho\u1ea3ng c\u00e1ch c\u1ea3m \u1ee9ng xa 5-15m.","breadcrumb":{"@id":"https:\/\/kawasan.vn\/san-pham\/cong-tac-cam-ung-vi-song-rs06a\/#breadcrumb"},"inLanguage":"en-US","potentialAction":[{"@type":"ReadAction","target":["https:\/\/kawasan.vn\/san-pham\/cong-tac-cam-ung-vi-song-rs06a\/"]}]},{"@type":"ImageObject","inLanguage":"en-US","@id":"https:\/\/kawasan.vn\/san-pham\/cong-tac-cam-ung-vi-song-rs06a\/#primaryimage","url":"https:\/\/kawasan.vn\/wp-content\/uploads\/2023\/11\/cong-tac-cam-ung-vi-song-rs06a-2.jpg","contentUrl":"https:\/\/kawasan.vn\/wp-content\/uploads\/2023\/11\/cong-tac-cam-ung-vi-song-rs06a-2.jpg","width":800,"height":800,"caption":"C\u00f4ng T\u1eafc C\u1ea3m \u1ee8ng Vi S\u00f3ng RS06A"},{"@type":"BreadcrumbList","@id":"https:\/\/kawasan.vn\/san-pham\/cong-tac-cam-ung-vi-song-rs06a\/#breadcrumb","itemListElement":[{"@type":"ListItem","position":1,"name":"Trang ch\u1ee7","item":"https:\/\/kawasan.vn\/"},{"@type":"ListItem","position":2,"name":"S\u1ea3n ph\u1ea9m","item":"https:\/\/kawasan.vn\/san-pham\/"},{"@type":"ListItem","position":3,"name":"C\u00f4ng T\u1eafc C\u1ea3m \u1ee8ng Vi S\u00f3ng RS06A"}]},{"@type":"WebSite","@id":"https:\/\/kawasan.vn\/#website","url":"https:\/\/kawasan.vn\/","name":"Kawasan","description":"","potentialAction":[{"@type":"SearchAction","target":{"@type":"EntryPoint","urlTemplate":"https:\/\/kawasan.vn\/?s={search_term_string}"},"query-input":{"@type":"PropertyValueSpecification","valueRequired":true,"valueName":"search_term_string"}}],"inLanguage":"en-US"}]}},"_links":{"self":[{"href":"https:\/\/kawasan.vn\/en\/wp-json\/wp\/v2\/product\/12500","targetHints":{"allow":["GET"]}}],"collection":[{"href":"https:\/\/kawasan.vn\/en\/wp-json\/wp\/v2\/product"}],"about":[{"href":"https:\/\/kawasan.vn\/en\/wp-json\/wp\/v2\/types\/product"}],"replies":[{"embeddable":true,"href":"https:\/\/kawasan.vn\/en\/wp-json\/wp\/v2\/comments?post=12500"}],"version-history":[{"count":5,"href":"https:\/\/kawasan.vn\/en\/wp-json\/wp\/v2\/product\/12500\/revisions"}],"predecessor-version":[{"id":28789,"href":"https:\/\/kawasan.vn\/en\/wp-json\/wp\/v2\/product\/12500\/revisions\/28789"}],"wp:featuredmedia":[{"embeddable":true,"href":"https:\/\/kawasan.vn\/en\/wp-json\/wp\/v2\/media\/14823"}],"wp:attachment":[{"href":"https:\/\/kawasan.vn\/en\/wp-json\/wp\/v2\/media?parent=12500"}],"wp:term":[{"taxonomy":"product_cat","embeddable":true,"href":"https:\/\/kawasan.vn\/en\/wp-json\/wp\/v2\/product_cat?post=12500"},{"taxonomy":"product_tag","embeddable":true,"href":"https:\/\/kawasan.vn\/en\/wp-json\/wp\/v2\/product_tag?post=12500"}],"curies":[{"name":"wp","href":"https:\/\/api.w.org\/{rel}","templated":true}]}}