{"id":5855,"date":"2023-10-26T08:47:43","date_gmt":"2023-10-26T08:47:43","guid":{"rendered":"https:\/\/kawasan.123websitedev.com\/?page_id=5855"},"modified":"2024-05-06T16:04:13","modified_gmt":"2024-05-06T09:04:13","slug":"chinh-sach-bao-mat-thong-tin","status":"publish","type":"page","link":"https:\/\/kawasan.vn\/en\/chinh-sach-bao-mat-thong-tin\/","title":{"rendered":"Information Security Policy"},"content":{"rendered":"<div data-elementor-type=\"wp-page\" data-elementor-id=\"5855\" class=\"elementor elementor-5855\" data-elementor-post-type=\"page\">\n\t\t\t\t\t\t\t<div class=\"elementor-element elementor-element-2dc8d83 e-flex e-con-boxed e-con e-parent\" data-id=\"2dc8d83\" data-element_type=\"container\" data-settings=\"{&quot;content_width&quot;:&quot;boxed&quot;}\" data-core-v316-plus=\"true\">\n\t\t\t\t\t<div class=\"e-con-inner\">\n\t\t<div class=\"elementor-element elementor-element-d0e92e6 e-flex e-con-boxed e-con e-child\" data-id=\"d0e92e6\" data-element_type=\"container\" data-settings=\"{&quot;content_width&quot;:&quot;boxed&quot;}\">\n\t\t\t\t\t<div class=\"e-con-inner\">\n\t\t\t\t<div class=\"elementor-element elementor-element-ee26042 elementor-widget elementor-widget-porto_ultimate_heading\" data-id=\"ee26042\" data-element_type=\"widget\" data-widget_type=\"porto_ultimate_heading.default\">\n\t\t\t\t<div class=\"elementor-widget-container\">\n\t\t\t<div class=\"porto-u-heading  porto-u-4227\"><div class=\"porto-u-main-heading\"><h2    style=\"margin-bottom: 5px;\">CH\u00cdNH S\u00c1CH B\u1ea2O M\u1eacT TH\u00d4NG TIN<\/h2><\/div><style>.porto-u-4227.porto-u-heading{text-align:left}<\/style><\/div>\t\t<\/div>\n\t\t\t\t<\/div>\n\t\t\t\t<div class=\"elementor-element elementor-element-4e8374e elementor-widget elementor-widget-text-editor\" data-id=\"4e8374e\" data-element_type=\"widget\" data-widget_type=\"text-editor.default\">\n\t\t\t\t<div class=\"elementor-widget-container\">\n\t\t\t<style>\/*! elementor - v3.16.0 - 17-10-2023 *\/\n.elementor-widget-text-editor.elementor-drop-cap-view-stacked .elementor-drop-cap{background-color:#69727d;color:#fff}.elementor-widget-text-editor.elementor-drop-cap-view-framed .elementor-drop-cap{color:#69727d;border:3px solid;background-color:transparent}.elementor-widget-text-editor:not(.elementor-drop-cap-view-default) .elementor-drop-cap{margin-top:8px}.elementor-widget-text-editor:not(.elementor-drop-cap-view-default) .elementor-drop-cap-letter{width:1em;height:1em}.elementor-widget-text-editor .elementor-drop-cap{float:left;text-align:center;line-height:1;font-size:50px}.elementor-widget-text-editor .elementor-drop-cap-letter{display:inline-block}<\/style>\t\t\t\t<p>Website kawasan.vn \u0111\u01b0\u1ee3c&nbsp;<strong>C\u00d4NG TY<\/strong><strong>&nbsp;C\u1ed4 PH\u1ea6N SX-TM-DV TH\u1ebe B\u1ea2O<\/strong>&nbsp;qu\u1ea3n l\u00fd.<br>\u0110\u1ecba ch\u1ec9: 23-25 \u0110\u01b0\u1eddng s\u1ed1 7, Khu nh\u00e0 \u1edf V\u1ea1n Ph\u00fac, Khu ph\u1ed1 5, Ph\u01b0\u1eddng Hi\u1ec7p B\u00ecnh Ph\u01b0\u1edbc, Th\u00e0nh ph\u1ed1 Th\u1ee7 \u0110\u1ee9c, Th\u00e0nh ph\u1ed1 H\u1ed3 Ch\u00ed Minh.<br>S\u1ed1 \u0111i\u1ec7n tho\u1ea1i: 0911757234<br>E-mail: kawa@kawasan.com.vn<\/p>\n<p>Khi m\u1ed7i kh\u00e1ch h\u00e0ng truy c\u1eadp v\u00e0o website n\u00e0y, trang web s\u1ebd t\u1ef1 \u0111\u1ed9ng l\u01b0u \u0111\u1ecba ch\u1ec9 IP c\u00f9ng v\u1edbi t\u00ean mi\u1ec1n. Ch\u00fang t\u00f4i c\u0169ng s\u1eed d\u1ee5ng c\u00e1c c\u00f4ng c\u1ee5 ki\u1ec3m tra nh\u01b0 \u201ccookie\u201d. M\u1ed9t t\u00e0i kho\u1ea3n cookie s\u1ebd l\u01b0u tr\u1eef d\u1eef li\u1ec7u m\u00e0 server c\u1ee7a website g\u1eedi \u0111\u1ebfn tr\u00ecnh duy\u1ec7t c\u1ee7a b\u1ea1n khi b\u1ea1n truy c\u1eadp v\u00e0o trang web, vi\u1ec7c s\u1eed d\u1ee5ng ch\u1ee9c n\u0103ng n\u00e0y s\u1ebd gi\u00fap ch\u00fang t\u00f4i h\u1ed7 tr\u1ee3 v\u00e0 t\u00ecm hi\u1ec3u nhu c\u1ea7u, th\u1ecb hi\u1ebfu c\u1ee7a kh\u00e1ch h\u00e0ng khi truy c\u1eadp v\u00e0o website c\u1ee7a ch\u00fang t\u00f4i.<\/p>\n<p>Ch\u00fang t\u00f4i c\u0169ng k\u1ebft h\u1ee3p th\u00f4ng tin v\u1ec1 \u0111\u1ecba ch\u1ec9 IP v\u00e0 t\u00ean mi\u1ec1n c\u1ee7a b\u1ea1n c\u00f9ng v\u1edbi c\u00e1c th\u00f4ng tin kh\u00e1c m\u00e0 b\u1ea1n cung c\u1ea5p. C\u00e1c th\u00f4ng tin n\u00e0y \u0111\u01b0\u1ee3c cung c\u1ea5p qua nh\u1eefng email b\u1ea1n g\u1eedi cho ch\u00fang t\u00f4i, ho\u1eb7c c\u00e1c th\u00f4ng tin b\u1ea1n \u0111i\u1ec1n khi mu\u1ed1n \u0111\u0103ng k\u00fd, \u00fd ki\u1ebfn ph\u1ea3n h\u1ed3i, nh\u1eefng y\u00eau c\u1ea7u \u0111\u01b0\u1ee3c h\u1ed7 tr\u1ee3, tr\u1ea3 l\u1eddi phi\u1ebfu \u0111i\u1ec1u tra ho\u1eb7c tham gia v\u00e0o m\u1ed9t cu\u1ed9c thi\/ c\u00e1c ho\u1ea1t \u0111\u1ed9ng khuy\u1ebfn m\u1ea1i.<\/p>\n<p><strong>THU TH\u1eacP TH\u00d4NG TIN C\u00c1 NH\u00c2N C\u1ee6A NG\u01af\u1edcI TI\u00caU D\u00d9NG&nbsp;<\/strong><\/p>\n<p>Th\u00f4ng tin \u0111\u01b0\u1ee3c thu th\u1eadp th\u00f4ng qua website c\u1ee7a ch\u00fang t\u00f4i s\u1ebd gi\u00fap ch\u00fang t\u00f4i:<\/p>\n<p>&#8211; H\u1ed7 tr\u1ee3 kh\u00e1ch h\u00e0ng khi mua s\u1ea3n ph\u1ea9m c\u1ee7a<strong>&nbsp;Kawasan<\/strong><\/p>\n<p>&#8211; Gi\u1ea3i \u0111\u00e1p th\u1eafc m\u1eafc kh\u00e1ch h\u00e0ng<\/p>\n<p>&#8211; Cung c\u1ea5p cho b\u1ea1n th\u00f4ng tin v\u1ec1 c\u00e1c phi\u00ean b\u1ea3n ph\u1ea7n m\u1ec1m m\u1edbi nh\u1ea5t &amp; c\u00e1c b\u1ea3n c\u1eadp nh\u1eadt tr\u00ean Website c\u1ee7a ch\u00fang t\u00f4i<\/p>\n<p>&#8211; Xem x\u00e9t v\u00e0 n\u00e2ng c\u1ea5p n\u1ed9i dung v\u00e0 giao di\u1ec7n c\u1ee7a&nbsp;<a href=\"https:\/\/kawasan.com.vn\/\"><strong>Website: kawasan.vn<\/strong><\/a><\/p>\n<p>&#8211; Th\u1ef1c hi\u1ec7n c\u00e1c b\u1ea3n kh\u1ea3o s\u00e1t kh\u00e1ch h\u00e0ng<\/p>\n<p>&#8211; Th\u1ef1c hi\u1ec7n c\u00e1c ho\u1ea1t \u0111\u1ed9ng qu\u1ea3ng b\u00e1 li\u00ean quan \u0111\u1ebfn c\u00e1c s\u1ea3n ph\u1ea9m v\u00e0 d\u1ecbch v\u1ee5 c\u1ee7a&nbsp;<strong>Kawasan<\/strong>.<\/p>\n<p>\u0110\u1ec3 th\u1ef1c hi\u1ec7n c\u00e1c m\u1ee5c \u0111\u00edch n\u00eau tr\u00ean, c\u00f4ng ty ch\u00fang t\u00f4i s\u1ebd xem x\u00e9t chia s\u1ebb th\u00f4ng tin v\u1edbi c\u00e1c c\u00f4ng ty \u0111\u1ed1i t\u00e1c v\u1edbi&nbsp;<strong>Kawasan<\/strong>&nbsp;&nbsp;\u1edf Vi\u1ec7t Nam ho\u1eb7c n\u01b0\u1edbc ngo\u00e0i. Th\u00f4ng tin c\u00f3 th\u1ec3 \u0111\u01b0\u1ee3c chia s\u1ebb cho b\u00ean th\u1ee9 ba m\u00e0 ch\u00fang t\u00f4i tin t\u01b0\u1edfng s\u1ebd ho\u00e0n th\u00e0nh \u0111\u01b0\u1ee3c c\u00e1c m\u1ee5c ti\u00eau \u0111\u00e3 \u0111\u1ec1 ra \u1edf tr\u00ean. Tuy nhi\u00ean, trong tr\u01b0\u1eddng h\u1ee3p n\u00e0y, ch\u00fang t\u00f4i s\u1ebd c\u1ed1 g\u1eafng \u0111\u1ec3 \u0111\u1ea3m b\u1ea3o ng\u01b0\u1eddi nh\u1eadn kh\u00f4ng th\u1ec3 l\u1ee3i d\u1ee5ng th\u00f4ng tin c\u1ee7a b\u1ea1n \u0111\u1ec3 th\u1ef1c hi\u1ec7n c\u00e1c m\u1ee5c \u0111\u00edch kh\u00e1c ngo\u00e0i c\u00e1c m\u1ee5c ti\u00eau m\u00e0 ch\u00fang t\u00f4i \u0111\u00e3 \u0111\u1ec1 ra trong ph\u1ea1m vi cho ph\u00e9p c\u1ee7a kh\u00e1ch h\u00e0ng, ch\u00fang t\u00f4i c\u0169ng s\u1ebd \u0111\u1ea3m b\u1ea3o h\u1ecd s\u1ebd kh\u00f4ng s\u1eed d\u1ee5ng nh\u1eefng th\u00f4ng tin n\u00e0y v\u00e0o nh\u1eefng m\u1ee5c \u0111\u00edch tr\u00e1i ph\u00e9p. Th\u00f4ng tin ch\u1ec9 \u0111\u01b0\u1ee3c ti\u1ebft l\u1ed9 cho b\u00ean th\u1ee9 ba trong nh\u1eefng tr\u01b0\u1eddng h\u1ee3p \u0111\u1eb7c bi\u1ec7t khi c\u00f3 s\u1ef1 y\u00eau c\u1ea7u c\u1ee7a lu\u1eadt ph\u00e1p ho\u1eb7c nh\u00e0 ch\u1ee9c tr\u00e1ch c\u00f3 th\u1ea9m quy\u1ec1n. \u0110\u1eb7c bi\u1ec7t, ch\u00fang t\u00f4i kh\u00f4ng cho thu\u00ea ho\u1eb7c b\u00e1n th\u00f4ng tin c\u1ee7a b\u1ea1n cho b\u1ea5t k\u1ef3 \u0111\u1ed1i t\u00e1c th\u1ee9 ba n\u00e0o (tr\u1eeb khi n\u00f3 li\u00ean quan \u0111\u1ebfn nhu c\u1ea7u b\u00e1n to\u00e0n b\u1ed9 t\u00e0i s\u1ea3n ho\u1eb7c ho\u1ea1t \u0111\u1ed9ng kinh doanh c\u1ee7a ch\u00fang t\u00f4i nh\u01b0 \u0111\u00e3 \u0111\u1ec1 c\u1eadp)<\/p>\n<p><span style=\"color: rgb(0, 0, 0); font-family: Roboto, sans-serif; text-align: var(--text-align); letter-spacing: var(--porto-body-ls,0);\">L\u01b0u tr\u1eef th\u00f4ng tin kh\u00e1ch h\u00e0ng kh\u00f4ng c\u00f3 th\u1eddi h\u1ea1n ngo\u1ea1i tr\u1eeb tr\u01b0\u1eddng h\u1ee3p kh\u00e1ch h\u00e0ng g\u1eedi c\u00f3 y\u00eau c\u1ea7u h\u1ee7y b\u1ecf t\u1edbi cho Ban qu\u1ea3n tr\u1ecb ho\u1eb7c C\u00f4ng ty gi\u1ea3i th\u1ec3 ho\u1eb7c b\u1ecb ph\u00e1 s\u1ea3n.<\/span><span style=\"color: #000000; font-family: Roboto, sans-serif; font-weight: var( --e-global-typography-text-font-weight ); text-align: var(--text-align); letter-spacing: var(--porto-body-ls,0);\">&nbsp;<\/span>B\u1ea1n c\u00f3 quy\u1ec1n y\u00eau c\u1ea7u ch\u00fang t\u00f4i cho ph\u00e9p b\u1ea1n c\u00f3 th\u1ec3 truy c\u1eadp ho\u1eb7c ch\u1ec9nh s\u1eeda, x\u00f3a th\u00f4ng tin c\u00e1 nh\u00e2n c\u1ee7a b\u1ea1n, ho\u1eb7c n\u1ebfu b\u1ea1n c\u00f3 b\u1ea5t k\u1ef3 c\u00e2u h\u1ecfi n\u00e0o v\u1ec1 c\u00e1c \u0111i\u1ec1u kho\u1ea3n th\u00f4ng tin c\u00e1 nh\u00e2n&nbsp;<strong>Kawasan<\/strong>, h\u00e3y g\u1eedi e-mail cho ch\u00fang t\u00f4i.<\/p>\n<p>Khi b\u1ea1n g\u1eedi th\u00f4ng tin c\u00e1 nh\u00e2n c\u1ee7a b\u1ea1n cho ch\u00fang t\u00f4i, b\u1ea1n \u0111\u00e3 \u0111\u1ed3ng \u00fd v\u1edbi c\u00e1c \u0111i\u1ec1u kho\u1ea3n m\u00e0 ch\u00fang t\u00f4i \u0111\u00e3 n\u00eau \u1edf tr\u00ean. Ch\u00fang t\u00f4i cam k\u1ebft r\u1eb1ng nh\u1eefng th\u00f4ng tin m\u00e0 b\u1ea1n \u0111\u00e3 cung c\u1ea5p cho ch\u00fang t\u00f4i s\u1ebd \u0111\u01b0\u1ee3c b\u1ea3o m\u1eadt v\u00e0 \u0111\u01b0\u1ee3c s\u1eed d\u1ee5ng \u0111\u1ec3 \u0111em l\u1ea1i l\u1ee3i \u00edch t\u1ed1i \u0111a cho b\u1ea1n.&nbsp;<strong>Kawasan<\/strong>&nbsp;s\u1ebd n\u1ed7 l\u1ef1c \u0111\u1ec3 \u0111\u1ea3m b\u1ea3o th\u00f4ng tin c\u1ee7a b\u1ea1n \u0111\u01b0\u1ee3c gi\u1eef b\u00ed m\u1eadt. Tuy nhi\u00ean do h\u1ea1n ch\u1ebf v\u1ec1 m\u1eb7t k\u1ef9 thu\u1eadt, kh\u00f4ng m\u1ed9t d\u1eef li\u1ec7u n\u00e0o c\u00f3 th\u1ec3 \u0111\u01b0\u1ee3c truy\u1ec1n tr\u00ean \u0111\u01b0\u1eddng truy\u1ec1n internet m\u00e0 c\u00f3 th\u1ec3 \u0111\u01b0\u1ee3c b\u1ea3o m\u1eadt 100%. Do v\u1eady, ch\u00fang t\u00f4i kh\u00f4ng th\u1ec3 \u0111\u01b0a ra m\u1ed9t cam k\u1ebft ch\u1eafc ch\u1eafn r\u1eb1ng th\u00f4ng tin b\u1ea1n cung c\u1ea5p cho ch\u00fang t\u00f4i s\u1ebd \u0111\u01b0\u1ee3c b\u1ea3o m\u1eadt m\u1ed9t c\u00e1ch tuy\u1ec7t \u0111\u1ed1i an to\u00e0n, v\u00e0 ch\u00fang t\u00f4i kh\u00f4ng th\u1ec3 ch\u1ecbu tr\u00e1ch nhi\u1ec7m trong tr\u01b0\u1eddng h\u1ee3p c\u00f3 s\u1ef1 truy c\u1eadp tr\u00e1i ph\u00e9p th\u00f4ng tin c\u00e1 nh\u00e2n c\u1ee7a b\u1ea1n. N\u1ebfu b\u1ea1n kh\u00f4ng \u0111\u1ed3ng \u00fd v\u1edbi c\u00e1c \u0111i\u1ec1u kho\u1ea3n nh\u01b0 \u0111\u00e3 m\u00f4 t\u1ea3 \u1edf tr\u00ean, Ch\u00fang t\u00f4i khuy\u00ean b\u1ea1n kh\u00f4ng n\u00ean g\u1eedi th\u00f4ng tin \u0111\u1ebfn cho ch\u00fang t\u00f4i.<\/p>\n<p><strong>Kawasan<\/strong>&nbsp;c\u00f3 \u0111\u1eb7c quy\u1ec1n v\u00e0 to\u00e0n quy\u1ec1n ch\u1ec9nh s\u1eeda n\u1ed9i dung trong trang n\u00e0y m\u00e0 kh\u00f4ng c\u1ea7n ph\u1ea3i c\u1ea3nh b\u00e1o ho\u1eb7c b\u00e1o tr\u01b0\u1edbc. B\u1ea1n \u0111\u00e3 \u0111\u1ed3ng \u00fd r\u1eb1ng, khi b\u1ea1n s\u1eed d\u1ee5ng website c\u1ee7a ch\u00fang t\u00f4i sau khi ch\u1ec9nh s\u1eeda ngh\u0129a l\u00e0 b\u1ea1n \u0111\u00e3 th\u1eeba nh\u1eadn, &nbsp;\u0111\u1ed3ng \u00fd tu\u00e2n th\u1ee7 c\u0169ng nh\u01b0 tin t\u01b0\u1edfng v\u00e0o s\u1ef1 ch\u1ec9nh s\u1eeda n\u00e0y. Do \u0111\u00f3 b\u1ea1n n\u00ean xem tr\u01b0\u1edbc n\u1ed9i dung trang n\u00e0y tr\u01b0\u1edbc khi truy c\u1eadp c\u00e1c n\u1ed9i dung kh\u00e1c tr\u00ean website.<\/p>\t\t\t\t\t\t<\/div>\n\t\t\t\t<\/div>\n\t\t\t\t\t<\/div>\n\t\t\t\t<\/div>\n\t\t\t\t\t<\/div>\n\t\t\t\t<\/div>\n\t\t\t\t\t\t\t<\/div>","protected":false},"excerpt":{"rendered":"<p>CH\u00cdNH S\u00c1CH B\u1ea2O M\u1eacT TH\u00d4NG TIN Website kawasan.vn \u0111\u01b0\u1ee3c&nbsp;C\u00d4NG TY&nbsp;C\u1ed4 PH\u1ea6N SX-TM-DV TH\u1ebe B\u1ea2O&nbsp;qu\u1ea3n l\u00fd.\u0110\u1ecba ch\u1ec9: 23-25 \u0110\u01b0\u1eddng s\u1ed1 7, Khu nh\u00e0 \u1edf V\u1ea1n Ph\u00fac, Khu ph\u1ed1 5, Ph\u01b0\u1eddng Hi\u1ec7p B\u00ecnh Ph\u01b0\u1edbc, Th\u00e0nh ph\u1ed1 Th\u1ee7 \u0110\u1ee9c, Th\u00e0nh ph\u1ed1 H\u1ed3 Ch\u00ed Minh.S\u1ed1 \u0111i\u1ec7n tho\u1ea1i: 0911757234E-mail: kawa@kawasan.com.vn Khi m\u1ed7i kh\u00e1ch h\u00e0ng truy c\u1eadp v\u00e0o website n\u00e0y, trang [&hellip;]<\/p>","protected":false},"author":1,"featured_media":0,"parent":0,"menu_order":12,"comment_status":"closed","ping_status":"closed","template":"","meta":{"_yoast_wpseo_focuskw":"","_yoast_wpseo_metadesc":"","_yoast_wpseo_focuskeywords":"","_yoast_wpseo_keyword_synonyms":"","footnotes":""},"class_list":["post-5855","page","type-page","status-publish","hentry"],"acf":[],"yoast_head":"<!-- This site is optimized with the Yoast SEO Premium plugin v24.9 (Yoast SEO v24.9) - https:\/\/yoast.com\/wordpress\/plugins\/seo\/ -->\n<title>Ch\u00ednh S\u00e1ch B\u1ea3o M\u1eadt Th\u00f4ng Tin - Kawasan<\/title>\n<meta name=\"robots\" content=\"index, follow, max-snippet:-1, max-image-preview:large, max-video-preview:-1\" \/>\n<link rel=\"canonical\" href=\"https:\/\/kawasan.vn\/en\/chinh-sach-bao-mat-thong-tin\/\" \/>\n<meta property=\"og:locale\" content=\"en_US\" \/>\n<meta property=\"og:type\" content=\"article\" \/>\n<meta property=\"og:title\" content=\"Ch\u00ednh S\u00e1ch B\u1ea3o M\u1eadt Th\u00f4ng Tin\" \/>\n<meta property=\"og:description\" content=\"CH\u00cdNH S\u00c1CH B\u1ea2O M\u1eacT TH\u00d4NG TIN Website kawasan.vn \u0111\u01b0\u1ee3c&nbsp;C\u00d4NG TY&nbsp;C\u1ed4 PH\u1ea6N SX-TM-DV TH\u1ebe B\u1ea2O&nbsp;qu\u1ea3n l\u00fd.\u0110\u1ecba ch\u1ec9: 23-25 \u0110\u01b0\u1eddng s\u1ed1 7, Khu nh\u00e0 \u1edf V\u1ea1n Ph\u00fac, Khu ph\u1ed1 5, Ph\u01b0\u1eddng Hi\u1ec7p B\u00ecnh Ph\u01b0\u1edbc, Th\u00e0nh ph\u1ed1 Th\u1ee7 \u0110\u1ee9c, Th\u00e0nh ph\u1ed1 H\u1ed3 Ch\u00ed Minh.S\u1ed1 \u0111i\u1ec7n tho\u1ea1i: 0911757234E-mail: kawa@kawasan.com.vn Khi m\u1ed7i kh\u00e1ch h\u00e0ng truy c\u1eadp v\u00e0o website n\u00e0y, trang [&hellip;]\" \/>\n<meta property=\"og:url\" content=\"https:\/\/kawasan.vn\/en\/chinh-sach-bao-mat-thong-tin\/\" \/>\n<meta property=\"og:site_name\" content=\"Kawasan\" \/>\n<meta property=\"article:modified_time\" content=\"2024-05-06T09:04:13+00:00\" \/>\n<meta name=\"twitter:card\" content=\"summary_large_image\" \/>\n<meta name=\"twitter:label1\" content=\"Est. reading time\" \/>\n\t<meta name=\"twitter:data1\" content=\"5 minutes\" \/>\n<script type=\"application\/ld+json\" class=\"yoast-schema-graph\">{\"@context\":\"https:\/\/schema.org\",\"@graph\":[{\"@type\":\"WebPage\",\"@id\":\"https:\/\/kawasan.vn\/chinh-sach-bao-mat-thong-tin\/\",\"url\":\"https:\/\/kawasan.vn\/chinh-sach-bao-mat-thong-tin\/\",\"name\":\"Ch\u00ednh S\u00e1ch B\u1ea3o M\u1eadt Th\u00f4ng Tin - Kawasan\",\"isPartOf\":{\"@id\":\"https:\/\/kawasan.vn\/#website\"},\"datePublished\":\"2023-10-26T08:47:43+00:00\",\"dateModified\":\"2024-05-06T09:04:13+00:00\",\"breadcrumb\":{\"@id\":\"https:\/\/kawasan.vn\/chinh-sach-bao-mat-thong-tin\/#breadcrumb\"},\"inLanguage\":\"en-US\",\"potentialAction\":[{\"@type\":\"ReadAction\",\"target\":[\"https:\/\/kawasan.vn\/chinh-sach-bao-mat-thong-tin\/\"]}]},{\"@type\":\"BreadcrumbList\",\"@id\":\"https:\/\/kawasan.vn\/chinh-sach-bao-mat-thong-tin\/#breadcrumb\",\"itemListElement\":[{\"@type\":\"ListItem\",\"position\":1,\"name\":\"Trang ch\u1ee7\",\"item\":\"https:\/\/kawasan.vn\/\"},{\"@type\":\"ListItem\",\"position\":2,\"name\":\"Ch\u00ednh S\u00e1ch B\u1ea3o M\u1eadt Th\u00f4ng Tin\"}]},{\"@type\":\"WebSite\",\"@id\":\"https:\/\/kawasan.vn\/#website\",\"url\":\"https:\/\/kawasan.vn\/\",\"name\":\"Kawasan\",\"description\":\"\",\"potentialAction\":[{\"@type\":\"SearchAction\",\"target\":{\"@type\":\"EntryPoint\",\"urlTemplate\":\"https:\/\/kawasan.vn\/?s={search_term_string}\"},\"query-input\":{\"@type\":\"PropertyValueSpecification\",\"valueRequired\":true,\"valueName\":\"search_term_string\"}}],\"inLanguage\":\"en-US\"}]}<\/script>\n<!-- \/ Yoast SEO Premium plugin. -->","yoast_head_json":{"title":"Ch\u00ednh S\u00e1ch B\u1ea3o M\u1eadt Th\u00f4ng Tin - Kawasan","robots":{"index":"index","follow":"follow","max-snippet":"max-snippet:-1","max-image-preview":"max-image-preview:large","max-video-preview":"max-video-preview:-1"},"canonical":"https:\/\/kawasan.vn\/en\/chinh-sach-bao-mat-thong-tin\/","og_locale":"en_US","og_type":"article","og_title":"Ch\u00ednh S\u00e1ch B\u1ea3o M\u1eadt Th\u00f4ng Tin","og_description":"CH\u00cdNH S\u00c1CH B\u1ea2O M\u1eacT TH\u00d4NG TIN Website kawasan.vn \u0111\u01b0\u1ee3c&nbsp;C\u00d4NG TY&nbsp;C\u1ed4 PH\u1ea6N SX-TM-DV TH\u1ebe B\u1ea2O&nbsp;qu\u1ea3n l\u00fd.\u0110\u1ecba ch\u1ec9: 23-25 \u0110\u01b0\u1eddng s\u1ed1 7, Khu nh\u00e0 \u1edf V\u1ea1n Ph\u00fac, Khu ph\u1ed1 5, Ph\u01b0\u1eddng Hi\u1ec7p B\u00ecnh Ph\u01b0\u1edbc, Th\u00e0nh ph\u1ed1 Th\u1ee7 \u0110\u1ee9c, Th\u00e0nh ph\u1ed1 H\u1ed3 Ch\u00ed Minh.S\u1ed1 \u0111i\u1ec7n tho\u1ea1i: 0911757234E-mail: kawa@kawasan.com.vn Khi m\u1ed7i kh\u00e1ch h\u00e0ng truy c\u1eadp v\u00e0o website n\u00e0y, trang [&hellip;]","og_url":"https:\/\/kawasan.vn\/en\/chinh-sach-bao-mat-thong-tin\/","og_site_name":"Kawasan","article_modified_time":"2024-05-06T09:04:13+00:00","twitter_card":"summary_large_image","twitter_misc":{"Est. reading time":"5 minutes"},"schema":{"@context":"https:\/\/schema.org","@graph":[{"@type":"WebPage","@id":"https:\/\/kawasan.vn\/chinh-sach-bao-mat-thong-tin\/","url":"https:\/\/kawasan.vn\/chinh-sach-bao-mat-thong-tin\/","name":"Ch\u00ednh S\u00e1ch B\u1ea3o M\u1eadt Th\u00f4ng Tin - Kawasan","isPartOf":{"@id":"https:\/\/kawasan.vn\/#website"},"datePublished":"2023-10-26T08:47:43+00:00","dateModified":"2024-05-06T09:04:13+00:00","breadcrumb":{"@id":"https:\/\/kawasan.vn\/chinh-sach-bao-mat-thong-tin\/#breadcrumb"},"inLanguage":"en-US","potentialAction":[{"@type":"ReadAction","target":["https:\/\/kawasan.vn\/chinh-sach-bao-mat-thong-tin\/"]}]},{"@type":"BreadcrumbList","@id":"https:\/\/kawasan.vn\/chinh-sach-bao-mat-thong-tin\/#breadcrumb","itemListElement":[{"@type":"ListItem","position":1,"name":"Trang ch\u1ee7","item":"https:\/\/kawasan.vn\/"},{"@type":"ListItem","position":2,"name":"Ch\u00ednh S\u00e1ch B\u1ea3o M\u1eadt Th\u00f4ng Tin"}]},{"@type":"WebSite","@id":"https:\/\/kawasan.vn\/#website","url":"https:\/\/kawasan.vn\/","name":"Kawasan","description":"","potentialAction":[{"@type":"SearchAction","target":{"@type":"EntryPoint","urlTemplate":"https:\/\/kawasan.vn\/?s={search_term_string}"},"query-input":{"@type":"PropertyValueSpecification","valueRequired":true,"valueName":"search_term_string"}}],"inLanguage":"en-US"}]}},"_links":{"self":[{"href":"https:\/\/kawasan.vn\/en\/wp-json\/wp\/v2\/pages\/5855","targetHints":{"allow":["GET"]}}],"collection":[{"href":"https:\/\/kawasan.vn\/en\/wp-json\/wp\/v2\/pages"}],"about":[{"href":"https:\/\/kawasan.vn\/en\/wp-json\/wp\/v2\/types\/page"}],"author":[{"embeddable":true,"href":"https:\/\/kawasan.vn\/en\/wp-json\/wp\/v2\/users\/1"}],"replies":[{"embeddable":true,"href":"https:\/\/kawasan.vn\/en\/wp-json\/wp\/v2\/comments?post=5855"}],"version-history":[{"count":13,"href":"https:\/\/kawasan.vn\/en\/wp-json\/wp\/v2\/pages\/5855\/revisions"}],"predecessor-version":[{"id":19336,"href":"https:\/\/kawasan.vn\/en\/wp-json\/wp\/v2\/pages\/5855\/revisions\/19336"}],"wp:attachment":[{"href":"https:\/\/kawasan.vn\/en\/wp-json\/wp\/v2\/media?parent=5855"}],"curies":[{"name":"wp","href":"https:\/\/api.w.org\/{rel}","templated":true}]}}