{"id":19220,"date":"2024-04-26T16:42:34","date_gmt":"2024-04-26T09:42:34","guid":{"rendered":"https:\/\/kawasan.vn\/?page_id=19220"},"modified":"2024-04-27T09:19:14","modified_gmt":"2024-04-27T02:19:14","slug":"chinh-sach-kiem-hang","status":"publish","type":"page","link":"https:\/\/kawasan.vn\/en\/chinh-sach-kiem-hang\/","title":{"rendered":"Ch\u00ednh S\u00e1ch Ki\u1ec3m H\u00e0ng"},"content":{"rendered":"<p><span style=\"color: #000000; font-size: 20px;\"><strong>CH\u00cdNH S\u00c1CH KI\u1ec2M H\u00c0NG<\/strong><\/span><\/p>\n<p><span style=\"color: #000000;\"><strong>Quy \u0111\u1ecbnh<\/strong><\/span><\/p>\n<p><span style=\"color: #000000;\"><strong>Th\u1eddi \u0111i\u1ec3m ki\u1ec3m h\u00e0ng.<\/strong><\/span><\/p>\n<ul>\n<li><span style=\"color: #000000;\">KAWASAN ch\u1ea5p nh\u1eadn cho kh\u00e1ch h\u00e0ng \u0111\u1ed3ng ki\u1ec3m v\u1edbi nh\u00e2n vi\u00ean giao h\u00e0ng t\u1ea1i th\u1eddi \u0111i\u1ec3m nh\u1eadn h\u00e0ng. Kh\u00f4ng h\u1ed7 tr\u1ee3 th\u1eed h\u00e0ng.<\/span><\/li>\n<li><span style=\"color: #000000;\">Sau khi nh\u1eadn h\u00e0ng, kh\u00e1ch h\u00e0ng ki\u1ec3m l\u1ea1i ph\u00e1t hi\u1ec7n sai, c\u00f3 th\u1ec3 li\u00ean l\u1ea1c v\u1edbi b\u1ed9 ph\u1eadn ch\u0103m s\u00f3c kh\u00e1ch h\u00e0ng \u0111\u1ec3 \u0111\u01b0\u1ee3c h\u1ed7 tr\u1ee3 \u0111\u1ed5i tr\u1ea3. L\u01b0u \u00fd, qu\u00fd kh\u00e1ch quay video l\u00fac m\u1edf th\u00f9ng h\u00e0ng \u0111\u1ec3 \u0111\u1ed1i chi\u1ebfu khi c\u1ea7n thi\u1ebft.<\/span><\/li>\n<\/ul>\n<p><span style=\"color: #000000;\"><strong>Ph\u1ea1m vi ki\u1ec3m tra h\u00e0ng h\u00f3a.<\/strong><\/span><\/p>\n<ul>\n<li><span style=\"color: #000000;\">Kh\u00e1ch h\u00e0ng \u0111\u01b0\u1ee3c ki\u1ec3m tra c\u00e1c s\u1ea3n ph\u1ea9m th\u1ef1c nh\u1eadn, \u0111\u1ed1i chi\u1ebfu, so s\u00e1nh c\u00e1c s\u1ea3n ph\u1ea9m nh\u1eadn \u0111\u01b0\u1ee3c v\u1edbi s\u1ea3n ph\u1ea9m \u0111\u00e3 \u0111\u1eb7t tr\u00ean \u0111\u01a1n sau khi nh\u00e2n vi\u00ean KAWASAN x\u00e1c nh\u1eadn \u0111\u01a1n h\u00e0ng theo c\u00e1c ti\u00eau ch\u00ed: \u1ea3nh m\u1eabu, m\u00e3 s\u1ea3n ph\u1ea9m, k\u00edch th\u01b0\u1edbc, m\u00e0u s\u1eafc, \u2026<\/span><\/li>\n<li><span style=\"color: #000000;\">Tuy\u1ec7t \u0111\u1ed1i kh\u00f4ng b\u00f3c, m\u1edf c\u00e1c h\u1ed9p s\u1ea3n ph\u1ea9m c\u00f3 tem ni\u00eam phong, tem \u0111\u1ea3m b\u1ea3o.<\/span><\/li>\n<li><span style=\"color: #000000;\">Kh\u00f4ng \u0111\u01b0\u1ee3c c\u00e0o l\u1ea5y m\u00e3 c\u00e1c s\u1ea3n ph\u1ea9m c\u00f3 t\u00edch \u0111i\u1ec3m, \u0111\u1ed5i qu\u00e0.<\/span><\/li>\n<li><span style=\"color: #000000;\">C\u00e1c b\u01b0\u1edbc x\u1eed l\u00fd khi h\u00e0ng h\u00f3a nh\u1eadn \u0111\u01b0\u1ee3c kh\u00f4ng nh\u01b0 \u0111\u01a1n \u0111\u1eb7t h\u00e0ng.<\/span><\/li>\n<li><span style=\"color: #000000;\">Khi qu\u00fd kh\u00e1ch \u0111\u1ed3ng ki\u1ec3m, s\u1ea3n ph\u1ea9m nh\u1eadn \u0111\u01b0\u1ee3c kh\u00f4ng nh\u01b0 s\u1ea3n ph\u1ea9m kh\u00e1ch \u0111\u1eb7t tr\u00ean \u0111\u01a1n h\u00e0ng. Xin h\u00e3y li\u00ean h\u1ec7 v\u1edbi hotline 1800.0058 \u0111\u1ec3 \u0111\u01b0\u1ee3c g\u1eb7p b\u1ed9 ph\u1eadn ch\u0103m s\u00f3c kh\u00e1ch h\u00e0ng x\u00e1c nh\u1eadn l\u1ea1i \u0111\u01a1n h\u00e0ng.<\/span><\/li>\n<li><span style=\"color: #000000;\">Tr\u01b0\u1eddng h\u1ee3p KAWASAN \u0111\u00f3ng sai \u0111\u01a1n h\u00e0ng theo y\u00eau c\u1ea7u c\u1ee7a kh\u00e1ch, kh\u00e1ch c\u00f3 th\u1ec3 kh\u00f4ng nh\u1eadn h\u00e0ng, kh\u00f4ng thanh to\u00e1n. Trong tr\u01b0\u1eddng h\u1ee3p \u0111\u01a1n h\u00e0ng \u0111\u00e3 thanh to\u00e1n, kh\u00e1ch h\u00e0ng c\u00f3 th\u1ec3 y\u00eau c\u1ea7u g\u1eedi l\u1ea1i \u0111\u01a1n m\u1edbi ho\u1eb7c kh\u00f4ng, KAWASAN s\u1ebd ho\u00e0n l\u1ea1i ti\u1ec1n cho qu\u00fd kh\u00e1ch trong th\u1eddi gian s\u1edbm nh\u1ea5t.<\/span><\/li>\n<li><span style=\"color: #000000;\">Tr\u01b0\u1eddng h\u1ee3p KAWASAN \u0111\u00f3ng h\u00e0ng \u0111\u00fang theo \u0111\u01a1n h\u00e0ng, nh\u01b0ng kh\u00e1ch h\u00e0ng thay \u0111\u1ed5i nhu c\u1ea7u, kh\u00e1ch h\u00e0ng c\u00f3 th\u1ec3 y\u00eau c\u1ea7u \u0111\u1ed5i tr\u1ea3 v\u00e0 \u00e1p d\u1ee5ng ch\u00ednh s\u00e1ch \u0111\u1ed5i tr\u1ea3 h\u00e0ng h\u00f3a. Tr\u01b0\u1eddng h\u1ee3p n\u00e0y kh\u00e1ch h\u00e0ng s\u1ebd thanh to\u00e1n chi ph\u00ed giao h\u00e0ng (n\u1ebfu c\u00f3).<\/span><\/li>\n<\/ul>","protected":false},"excerpt":{"rendered":"<p>CH\u00cdNH S\u00c1CH KI\u1ec2M H\u00c0NG Quy \u0111\u1ecbnh Th\u1eddi \u0111i\u1ec3m ki\u1ec3m h\u00e0ng. KAWASAN ch\u1ea5p nh\u1eadn cho kh\u00e1ch h\u00e0ng \u0111\u1ed3ng ki\u1ec3m v\u1edbi nh\u00e2n vi\u00ean giao h\u00e0ng t\u1ea1i th\u1eddi \u0111i\u1ec3m nh\u1eadn h\u00e0ng. Kh\u00f4ng h\u1ed7 tr\u1ee3 th\u1eed h\u00e0ng. Sau khi nh\u1eadn h\u00e0ng, kh\u00e1ch h\u00e0ng ki\u1ec3m l\u1ea1i ph\u00e1t hi\u1ec7n sai, c\u00f3 th\u1ec3 li\u00ean l\u1ea1c v\u1edbi b\u1ed9 ph\u1eadn ch\u0103m s\u00f3c kh\u00e1ch h\u00e0ng [&hellip;]<\/p>","protected":false},"author":1,"featured_media":0,"parent":0,"menu_order":8,"comment_status":"closed","ping_status":"closed","template":"","meta":{"_yoast_wpseo_focuskw":"","_yoast_wpseo_metadesc":"","_yoast_wpseo_focuskeywords":"","_yoast_wpseo_keyword_synonyms":"","footnotes":""},"class_list":["post-19220","page","type-page","status-publish","hentry"],"acf":[],"yoast_head":"<!-- This site is optimized with the Yoast SEO Premium plugin v24.9 (Yoast SEO v24.9) - https:\/\/yoast.com\/wordpress\/plugins\/seo\/ -->\n<title>Ch\u00ednh S\u00e1ch Ki\u1ec3m H\u00e0ng - Kawasan<\/title>\n<meta name=\"robots\" content=\"index, follow, max-snippet:-1, max-image-preview:large, max-video-preview:-1\" \/>\n<link rel=\"canonical\" href=\"https:\/\/kawasan.vn\/en\/chinh-sach-kiem-hang\/\" \/>\n<meta property=\"og:locale\" content=\"en_US\" \/>\n<meta property=\"og:type\" content=\"article\" \/>\n<meta property=\"og:title\" content=\"Ch\u00ednh S\u00e1ch Ki\u1ec3m H\u00e0ng\" \/>\n<meta property=\"og:description\" content=\"CH\u00cdNH S\u00c1CH KI\u1ec2M H\u00c0NG Quy \u0111\u1ecbnh Th\u1eddi \u0111i\u1ec3m ki\u1ec3m h\u00e0ng. KAWASAN ch\u1ea5p nh\u1eadn cho kh\u00e1ch h\u00e0ng \u0111\u1ed3ng ki\u1ec3m v\u1edbi nh\u00e2n vi\u00ean giao h\u00e0ng t\u1ea1i th\u1eddi \u0111i\u1ec3m nh\u1eadn h\u00e0ng. Kh\u00f4ng h\u1ed7 tr\u1ee3 th\u1eed h\u00e0ng. Sau khi nh\u1eadn h\u00e0ng, kh\u00e1ch h\u00e0ng ki\u1ec3m l\u1ea1i ph\u00e1t hi\u1ec7n sai, c\u00f3 th\u1ec3 li\u00ean l\u1ea1c v\u1edbi b\u1ed9 ph\u1eadn ch\u0103m s\u00f3c kh\u00e1ch h\u00e0ng [&hellip;]\" \/>\n<meta property=\"og:url\" content=\"https:\/\/kawasan.vn\/en\/chinh-sach-kiem-hang\/\" \/>\n<meta property=\"og:site_name\" content=\"Kawasan\" \/>\n<meta property=\"article:modified_time\" content=\"2024-04-27T02:19:14+00:00\" \/>\n<meta name=\"twitter:card\" content=\"summary_large_image\" \/>\n<meta name=\"twitter:label1\" content=\"Est. reading time\" \/>\n\t<meta name=\"twitter:data1\" content=\"2 minutes\" \/>\n<script type=\"application\/ld+json\" class=\"yoast-schema-graph\">{\"@context\":\"https:\/\/schema.org\",\"@graph\":[{\"@type\":\"WebPage\",\"@id\":\"https:\/\/kawasan.vn\/chinh-sach-kiem-hang\/\",\"url\":\"https:\/\/kawasan.vn\/chinh-sach-kiem-hang\/\",\"name\":\"Ch\u00ednh S\u00e1ch Ki\u1ec3m H\u00e0ng - Kawasan\",\"isPartOf\":{\"@id\":\"https:\/\/kawasan.vn\/#website\"},\"datePublished\":\"2024-04-26T09:42:34+00:00\",\"dateModified\":\"2024-04-27T02:19:14+00:00\",\"breadcrumb\":{\"@id\":\"https:\/\/kawasan.vn\/chinh-sach-kiem-hang\/#breadcrumb\"},\"inLanguage\":\"en-US\",\"potentialAction\":[{\"@type\":\"ReadAction\",\"target\":[\"https:\/\/kawasan.vn\/chinh-sach-kiem-hang\/\"]}]},{\"@type\":\"BreadcrumbList\",\"@id\":\"https:\/\/kawasan.vn\/chinh-sach-kiem-hang\/#breadcrumb\",\"itemListElement\":[{\"@type\":\"ListItem\",\"position\":1,\"name\":\"Trang ch\u1ee7\",\"item\":\"https:\/\/kawasan.vn\/\"},{\"@type\":\"ListItem\",\"position\":2,\"name\":\"Ch\u00ednh S\u00e1ch Ki\u1ec3m H\u00e0ng\"}]},{\"@type\":\"WebSite\",\"@id\":\"https:\/\/kawasan.vn\/#website\",\"url\":\"https:\/\/kawasan.vn\/\",\"name\":\"Kawasan\",\"description\":\"\",\"potentialAction\":[{\"@type\":\"SearchAction\",\"target\":{\"@type\":\"EntryPoint\",\"urlTemplate\":\"https:\/\/kawasan.vn\/?s={search_term_string}\"},\"query-input\":{\"@type\":\"PropertyValueSpecification\",\"valueRequired\":true,\"valueName\":\"search_term_string\"}}],\"inLanguage\":\"en-US\"}]}<\/script>\n<!-- \/ Yoast SEO Premium plugin. -->","yoast_head_json":{"title":"Ch\u00ednh S\u00e1ch Ki\u1ec3m H\u00e0ng - Kawasan","robots":{"index":"index","follow":"follow","max-snippet":"max-snippet:-1","max-image-preview":"max-image-preview:large","max-video-preview":"max-video-preview:-1"},"canonical":"https:\/\/kawasan.vn\/en\/chinh-sach-kiem-hang\/","og_locale":"en_US","og_type":"article","og_title":"Ch\u00ednh S\u00e1ch Ki\u1ec3m H\u00e0ng","og_description":"CH\u00cdNH S\u00c1CH KI\u1ec2M H\u00c0NG Quy \u0111\u1ecbnh Th\u1eddi \u0111i\u1ec3m ki\u1ec3m h\u00e0ng. KAWASAN ch\u1ea5p nh\u1eadn cho kh\u00e1ch h\u00e0ng \u0111\u1ed3ng ki\u1ec3m v\u1edbi nh\u00e2n vi\u00ean giao h\u00e0ng t\u1ea1i th\u1eddi \u0111i\u1ec3m nh\u1eadn h\u00e0ng. Kh\u00f4ng h\u1ed7 tr\u1ee3 th\u1eed h\u00e0ng. Sau khi nh\u1eadn h\u00e0ng, kh\u00e1ch h\u00e0ng ki\u1ec3m l\u1ea1i ph\u00e1t hi\u1ec7n sai, c\u00f3 th\u1ec3 li\u00ean l\u1ea1c v\u1edbi b\u1ed9 ph\u1eadn ch\u0103m s\u00f3c kh\u00e1ch h\u00e0ng [&hellip;]","og_url":"https:\/\/kawasan.vn\/en\/chinh-sach-kiem-hang\/","og_site_name":"Kawasan","article_modified_time":"2024-04-27T02:19:14+00:00","twitter_card":"summary_large_image","twitter_misc":{"Est. reading time":"2 minutes"},"schema":{"@context":"https:\/\/schema.org","@graph":[{"@type":"WebPage","@id":"https:\/\/kawasan.vn\/chinh-sach-kiem-hang\/","url":"https:\/\/kawasan.vn\/chinh-sach-kiem-hang\/","name":"Ch\u00ednh S\u00e1ch Ki\u1ec3m H\u00e0ng - Kawasan","isPartOf":{"@id":"https:\/\/kawasan.vn\/#website"},"datePublished":"2024-04-26T09:42:34+00:00","dateModified":"2024-04-27T02:19:14+00:00","breadcrumb":{"@id":"https:\/\/kawasan.vn\/chinh-sach-kiem-hang\/#breadcrumb"},"inLanguage":"en-US","potentialAction":[{"@type":"ReadAction","target":["https:\/\/kawasan.vn\/chinh-sach-kiem-hang\/"]}]},{"@type":"BreadcrumbList","@id":"https:\/\/kawasan.vn\/chinh-sach-kiem-hang\/#breadcrumb","itemListElement":[{"@type":"ListItem","position":1,"name":"Trang ch\u1ee7","item":"https:\/\/kawasan.vn\/"},{"@type":"ListItem","position":2,"name":"Ch\u00ednh S\u00e1ch Ki\u1ec3m H\u00e0ng"}]},{"@type":"WebSite","@id":"https:\/\/kawasan.vn\/#website","url":"https:\/\/kawasan.vn\/","name":"Kawasan","description":"","potentialAction":[{"@type":"SearchAction","target":{"@type":"EntryPoint","urlTemplate":"https:\/\/kawasan.vn\/?s={search_term_string}"},"query-input":{"@type":"PropertyValueSpecification","valueRequired":true,"valueName":"search_term_string"}}],"inLanguage":"en-US"}]}},"_links":{"self":[{"href":"https:\/\/kawasan.vn\/en\/wp-json\/wp\/v2\/pages\/19220","targetHints":{"allow":["GET"]}}],"collection":[{"href":"https:\/\/kawasan.vn\/en\/wp-json\/wp\/v2\/pages"}],"about":[{"href":"https:\/\/kawasan.vn\/en\/wp-json\/wp\/v2\/types\/page"}],"author":[{"embeddable":true,"href":"https:\/\/kawasan.vn\/en\/wp-json\/wp\/v2\/users\/1"}],"replies":[{"embeddable":true,"href":"https:\/\/kawasan.vn\/en\/wp-json\/wp\/v2\/comments?post=19220"}],"version-history":[{"count":5,"href":"https:\/\/kawasan.vn\/en\/wp-json\/wp\/v2\/pages\/19220\/revisions"}],"predecessor-version":[{"id":19251,"href":"https:\/\/kawasan.vn\/en\/wp-json\/wp\/v2\/pages\/19220\/revisions\/19251"}],"wp:attachment":[{"href":"https:\/\/kawasan.vn\/en\/wp-json\/wp\/v2\/media?parent=19220"}],"curies":[{"name":"wp","href":"https:\/\/api.w.org\/{rel}","templated":true}]}}