{"id":20743,"date":"2024-11-12T10:55:46","date_gmt":"2024-11-12T03:55:46","guid":{"rendered":"https:\/\/kawasan.vn\/?post_type=product&#038;p=20743"},"modified":"2025-12-08T13:39:27","modified_gmt":"2025-12-08T06:39:27","slug":"bong-den-cam-ung-anh-sang-lsb7w","status":"publish","type":"product","link":"http:\/\/kawasan.vn\/en\/product\/bong-den-cam-ung-anh-sang-lsb7w\/","title":{"rendered":"B\u00f3ng \u0110\u00e8n C\u1ea3m \u1ee8ng \u00c1nh S\u00e1ng LSB7W"},"content":{"rendered":"<h2><span class=\"ez-toc-section\" id=\"1_Gioi_Thieu\"><\/span>1. Gi\u1edbi Thi\u1ec7u<span class=\"ez-toc-section-end\"><\/span><\/h2><div id=\"ez-toc-container\" class=\"ez-toc-v2_0_69_1 counter-hierarchy ez-toc-counter ez-toc-grey ez-toc-container-direction\">\n<div class=\"ez-toc-title-container\">\n<p class=\"ez-toc-title\" >N\u1ed9i Dung B&agrave;i Vi\u1ebft<\/p>\n<span class=\"ez-toc-title-toggle\"><a href=\"#\" class=\"ez-toc-pull-right ez-toc-btn ez-toc-btn-xs ez-toc-btn-default ez-toc-toggle\" aria-label=\"Toggle Table of Content\"><span class=\"ez-toc-js-icon-con\"><span class=\"\"><span class=\"eztoc-hide\" style=\"display:none;\">Toggle<\/span><span class=\"ez-toc-icon-toggle-span\"><svg style=\"fill: #999;color:#999\" xmlns=\"http:\/\/www.w3.org\/2000\/svg\" class=\"list-377408\" width=\"20px\" height=\"20px\" viewbox=\"0 0 24 24\" fill=\"none\"><path d=\"M6 6H4v2h2V6zm14 0H8v2h12V6zM4 11h2v2H4v-2zm16 0H8v2h12v-2zM4 16h2v2H4v-2zm16 0H8v2h12v-2z\" fill=\"currentColor\"><\/path><\/svg><svg style=\"fill: #999;color:#999\" class=\"arrow-unsorted-368013\" xmlns=\"http:\/\/www.w3.org\/2000\/svg\" width=\"10px\" height=\"10px\" viewbox=\"0 0 24 24\" version=\"1.2\" baseprofile=\"tiny\"><path d=\"M18.2 9.3l-6.2-6.3-6.2 6.3c-.2.2-.3.4-.3.7s.1.5.3.7c.2.2.4.3.7.3h11c.3 0 .5-.1.7-.3.2-.2.3-.5.3-.7s-.1-.5-.3-.7zM5.8 14.7l6.2 6.3 6.2-6.3c.2-.2.3-.5.3-.7s-.1-.5-.3-.7c-.2-.2-.4-.3-.7-.3h-11c-.3 0-.5.1-.7.3-.2.2-.3.5-.3.7s.1.5.3.7z\"\/><\/svg><\/span><\/span><\/span><\/a><\/span><\/div>\n<nav><ul class='ez-toc-list ez-toc-list-level-1 eztoc-toggle-hide-by-default' ><li class='ez-toc-page-1 ez-toc-heading-level-2'><a class=\"ez-toc-link ez-toc-heading-1\" href=\"http:\/\/kawasan.vn\/en\/product\/bong-den-cam-ung-anh-sang-lsb7w\/#1_Gioi_Thieu\" title=\"1. Gi\u1edbi Thi\u1ec7u\">1. Gi\u1edbi Thi\u1ec7u<\/a><\/li><li class='ez-toc-page-1 ez-toc-heading-level-2'><a class=\"ez-toc-link ez-toc-heading-2\" href=\"http:\/\/kawasan.vn\/en\/product\/bong-den-cam-ung-anh-sang-lsb7w\/#2_Ung_Dung\" title=\"2. \u1ee8ng D\u1ee5ng\">2. \u1ee8ng D\u1ee5ng<\/a><\/li><li class='ez-toc-page-1 ez-toc-heading-level-2'><a class=\"ez-toc-link ez-toc-heading-3\" href=\"http:\/\/kawasan.vn\/en\/product\/bong-den-cam-ung-anh-sang-lsb7w\/#3_Loi_Ich\" title=\"3. L\u1ee3i \u00cdch\">3. L\u1ee3i \u00cdch<\/a><\/li><li class='ez-toc-page-1 ez-toc-heading-level-2'><a class=\"ez-toc-link ez-toc-heading-4\" href=\"http:\/\/kawasan.vn\/en\/product\/bong-den-cam-ung-anh-sang-lsb7w\/#4_Tong_quan\" title=\"4. T\u1ed5ng quan\">4. T\u1ed5ng quan<\/a><\/li><li class='ez-toc-page-1 ez-toc-heading-level-2'><a class=\"ez-toc-link ez-toc-heading-5\" href=\"http:\/\/kawasan.vn\/en\/product\/bong-den-cam-ung-anh-sang-lsb7w\/#TAI_SAO_NEN_CHON_KAWASAN\" title=\"T\u1ea0I SAO N\u00caN CH\u1eccN KAWASAN?\">T\u1ea0I SAO N\u00caN CH\u1eccN KAWASAN?<\/a><\/li><li class='ez-toc-page-1 ez-toc-heading-level-2'><a class=\"ez-toc-link ez-toc-heading-6\" href=\"http:\/\/kawasan.vn\/en\/product\/bong-den-cam-ung-anh-sang-lsb7w\/#Cam_ket_tu_Kawasan\" title=\"Cam k\u1ebft t\u1eeb Kawasan\">Cam k\u1ebft t\u1eeb Kawasan<\/a><\/li><\/ul><\/nav><\/div>\n\n<p>B\u00f3ng \u0111\u00e8n c\u1ea3m \u1ee9ng \u00e1nh s\u00e1ng <a href=\"http:\/\/kawasan.vn\/en\/\"><strong>Kawasan<\/strong><\/a> model LSB7W l\u00e0 s\u1ea3n ph\u1ea9m c\u00f4ng ngh\u1ec7 th\u00f4ng minh, \u0111\u01b0\u1ee3c thi\u1ebft k\u1ebf \u0111\u1ec3 t\u1ef1 \u0111\u1ed9ng b\u1eadt\/t\u1eaft d\u1ef1a tr\u00ean c\u01b0\u1eddng \u0111\u1ed9 \u00e1nh s\u00e1ng m\u00f4i tr\u01b0\u1eddng. \u0110\u01b0\u1ee3c trang b\u1ecb c\u00f4ng ngh\u1ec7 c\u1ea3m bi\u1ebfn nh\u1ea1y b\u00e9n, LSB7W c\u1ee7a Kawasan l\u00e0 l\u1ef1a ch\u1ecdn ti\u1ec7n \u00edch cho c\u00e1c kh\u00f4ng gian c\u1ea7n qu\u1ea3n l\u00fd \u00e1nh s\u00e1ng hi\u1ec7u qu\u1ea3. V\u1edbi c\u00f4ng su\u1ea5t 7W, \u0111\u00e8n c\u00f3 kh\u1ea3 n\u0103ng ti\u1ebft ki\u1ec7m \u0111i\u1ec7n, ph\u00f9 h\u1ee3p v\u1edbi c\u1ea3 kh\u00f4ng gian trong nh\u00e0 v\u00e0 ngo\u00e0i tr\u1eddi, \u0111\u00e1p \u1ee9ng nhu c\u1ea7u chi\u1ebfu s\u00e1ng t\u1ef1 \u0111\u1ed9ng, ti\u1ec7n l\u1ee3i.<\/p>\n<figure id=\"attachment_20747\" aria-describedby=\"caption-attachment-20747\" style=\"width: 600px\" class=\"wp-caption aligncenter\"><img loading=\"lazy\" decoding=\"async\" class=\"wp-image-20747\" title=\"B\u00f3ng \u0110\u00e8n C\u1ea3m \u1ee8ng \u00c1nh S\u00e1ng - LSB7W\" src=\"https:\/\/kawasan.vn\/wp-content\/uploads\/2024\/11\/LSB7W-T.png\" alt=\"B\u00f3ng \u0110\u00e8n C\u1ea3m \u1ee8ng \u00c1nh S\u00e1ng - LSB7W\" width=\"600\" height=\"800\" \/><figcaption id=\"caption-attachment-20747\" class=\"wp-caption-text\">B\u00f3ng \u0110\u00e8n C\u1ea3m \u1ee8ng \u00c1nh S\u00e1ng &#8211; LSB7W<\/figcaption><\/figure>\n<h2><span class=\"ez-toc-section\" id=\"2_Ung_Dung\"><\/span>2. \u1ee8ng D\u1ee5ng<span class=\"ez-toc-section-end\"><\/span><\/h2>\n<p>B\u00f3ng \u0111\u00e8n LSB7W c\u1ee7a Kawasan \u0111\u01b0\u1ee3c \u1ee9ng d\u1ee5ng trong nhi\u1ec1u t\u00ecnh hu\u1ed1ng kh\u00e1c nhau nh\u1edd v\u00e0o t\u00ednh n\u0103ng t\u1ef1 \u0111\u1ed9ng c\u1ea3m \u1ee9ng:<\/p>\n<ul>\n<li><strong>Chi\u1ebfu s\u00e1ng ngo\u00e0i tr\u1eddi<\/strong>. L\u00fd t\u01b0\u1edfng cho s\u00e2n v\u01b0\u1eddn, h\u00e0nh lang, ban c\u00f4ng v\u00e0 c\u00e1c khu v\u1ef1c ngo\u1ea1i th\u1ea5t, b\u00f3ng \u0111\u00e8n t\u1ef1 \u0111\u1ed9ng b\u1eadt khi tr\u1eddi t\u1ed1i v\u00e0 t\u1eaft khi tr\u1eddi s\u00e1ng, gi\u00fap ti\u1ebft ki\u1ec7m \u0111i\u1ec7n.<\/li>\n<li><strong>L\u1eafp \u0111\u1eb7t \u1edf l\u1ed1i \u0111i v\u00e0 c\u1ea7u thang<\/strong>. \u0110\u1ea3m b\u1ea3o an to\u00e0n khi di chuy\u1ec3n v\u00e0o bu\u1ed5i t\u1ed1i m\u00e0 kh\u00f4ng c\u1ea7n ph\u1ea3i b\u1eadt \u0111\u00e8n th\u1ee7 c\u00f4ng.<\/li>\n<li><strong>Khu v\u1ef1c c\u00f4ng c\u1ed9ng<\/strong>. \u0110\u00e8n c\u00f3 th\u1ec3 \u0111\u01b0\u1ee3c l\u1eafp \u0111\u1eb7t \u1edf c\u00e1c khu v\u1ef1c chung nh\u01b0 c\u00f4ng vi\u00ean, nh\u00e0 xe ho\u1eb7c khu d\u00e2n c\u01b0, cung c\u1ea5p \u00e1nh s\u00e1ng theo nhu c\u1ea7u v\u00e0 tr\u00e1nh l\u00e3ng ph\u00ed.<\/li>\n<li><strong>\u1ee8ng d\u1ee5ng trong gia \u0111\u00ecnh v\u00e0 v\u0103n ph\u00f2ng<\/strong>. LSB7W c\u00f2n ph\u00f9 h\u1ee3p cho kh\u00f4ng gian s\u1ed1ng v\u00e0 l\u00e0m vi\u1ec7c, t\u1ea1o s\u1ef1 ti\u1ec7n nghi v\u00e0 hi\u1ec7n \u0111\u1ea1i.<\/li>\n<\/ul>\n<figure id=\"attachment_20748\" aria-describedby=\"caption-attachment-20748\" style=\"width: 600px\" class=\"wp-caption aligncenter\"><img loading=\"lazy\" decoding=\"async\" class=\"wp-image-20748\" title=\"\u1ee8ng D\u1ee5ng B\u00f3ng \u0110\u00e8n C\u1ea3m \u1ee8ng \u00c1nh S\u00e1ng - LSB7W\" src=\"https:\/\/kawasan.vn\/wp-content\/uploads\/2024\/11\/THUMNAIL-LSB7W.jpg\" alt=\"\u1ee8ng D\u1ee5ng B\u00f3ng \u0110\u00e8n C\u1ea3m \u1ee8ng \u00c1nh S\u00e1ng - LSB7W\" width=\"600\" height=\"338\" \/><figcaption id=\"caption-attachment-20748\" class=\"wp-caption-text\">\u1ee8ng D\u1ee5ng B\u00f3ng \u0110\u00e8n C\u1ea3m \u1ee8ng \u00c1nh S\u00e1ng<\/figcaption><\/figure>\n<h2><span class=\"ez-toc-section\" id=\"3_Loi_Ich\"><\/span>3. L\u1ee3i \u00cdch<span class=\"ez-toc-section-end\"><\/span><\/h2>\n<p>Mang l\u1ea1i nhi\u1ec1u l\u1ee3i \u00edch n\u1ed5i b\u1eadt, gi\u00fap c\u1ea3i thi\u1ec7n tr\u1ea3i nghi\u1ec7m chi\u1ebfu s\u00e1ng:<\/p>\n<ul>\n<li><strong>Ti\u1ebft ki\u1ec7m \u0111i\u1ec7n n\u0103ng<\/strong>. \u0110\u00e8n t\u1ef1 \u0111\u1ed9ng t\u1eaft khi kh\u00f4ng c\u1ea7n thi\u1ebft, gi\u00fap gi\u1ea3m chi ph\u00ed \u0111i\u1ec7n.<\/li>\n<li><strong>T\u0103ng \u0111\u1ed9 b\u1ec1n s\u1ea3n ph\u1ea9m<\/strong>. Ho\u1ea1t \u0111\u1ed9ng d\u1ef1a tr\u00ean \u0111i\u1ec1u ki\u1ec7n \u00e1nh s\u00e1ng m\u00f4i tr\u01b0\u1eddng gi\u00fap b\u00f3ng \u0111\u00e8n tr\u00e1nh b\u1eadt\/t\u1eaft kh\u00f4ng c\u1ea7n thi\u1ebft, k\u00e9o d\u00e0i tu\u1ed5i th\u1ecd.<\/li>\n<li><strong>An to\u00e0n v\u00e0 ti\u1ec7n d\u1ee5ng<\/strong>. \u0110\u00e8n t\u1ef1 \u0111\u1ed9ng b\u1eadt s\u00e1ng v\u00e0o ban \u0111\u00eam, h\u1ed7 tr\u1ee3 di chuy\u1ec3n an to\u00e0n trong b\u00f3ng t\u1ed1i m\u00e0 kh\u00f4ng c\u1ea7n t\u00ecm c\u00f4ng t\u1eafc.<\/li>\n<li><strong>Th\u00e2n thi\u1ec7n v\u1edbi m\u00f4i tr\u01b0\u1eddng<\/strong>. Ti\u1ebft ki\u1ec7m n\u0103ng l\u01b0\u1ee3ng v\u00e0 gi\u1ea3m l\u00e3ng ph\u00ed \u0111i\u1ec7n n\u0103ng g\u00f3p ph\u1ea7n b\u1ea3o v\u1ec7 m\u00f4i tr\u01b0\u1eddng.<\/li>\n<li><strong>Thi\u1ebft k\u1ebf hi\u1ec7n \u0111\u1ea1i v\u00e0 d\u1ec5 l\u1eafp \u0111\u1eb7t<\/strong>. V\u1edbi thi\u1ebft k\u1ebf nh\u1ecf g\u1ecdn v\u00e0 l\u1eafp \u0111\u1eb7t \u0111\u01a1n gi\u1ea3n, b\u00f3ng \u0111\u00e8n LSB7W ph\u00f9 h\u1ee3p v\u1edbi nhi\u1ec1u ki\u1ec3u kh\u00f4ng gian.<\/li>\n<\/ul>\n<figure id=\"attachment_20745\" aria-describedby=\"caption-attachment-20745\" style=\"width: 600px\" class=\"wp-caption aligncenter\"><img loading=\"lazy\" decoding=\"async\" class=\"wp-image-20745\" title=\"L\u1ee3i \u00cdch B\u00f3ng \u0110\u00e8n C\u1ea3m \u1ee8ng \u00c1nh S\u00e1ng - LSB7W\" src=\"https:\/\/kawasan.vn\/wp-content\/uploads\/2024\/11\/LSB7W-MINH-HOA.jpg\" alt=\"L\u1ee3i \u00cdch B\u00f3ng \u0110\u00e8n C\u1ea3m \u1ee8ng \u00c1nh S\u00e1ng - LSB7W\" width=\"600\" height=\"335\" \/><figcaption id=\"caption-attachment-20745\" class=\"wp-caption-text\">L\u1ee3i \u00cdch B\u00f3ng \u0110\u00e8n C\u1ea3m \u1ee8ng \u00c1nh S\u00e1ng<\/figcaption><\/figure>\n<h2><span class=\"ez-toc-section\" id=\"4_Tong_quan\"><\/span>4. T\u1ed5ng quan<span class=\"ez-toc-section-end\"><\/span><\/h2>\n<p>B\u00f3ng \u0111\u00e8n c\u1ea3m \u1ee9ng \u00e1nh s\u00e1ng <a href=\"https:\/\/kawasan.com.vn\/\"><strong>Kawasan<\/strong><\/a> LSB7W. L\u00e0 l\u1ef1a ch\u1ecdn th\u00f4ng minh v\u00e0 hi\u1ec7n \u0111\u1ea1i, k\u1ebft h\u1ee3p gi\u1eefa t\u00ednh n\u0103ng t\u1ef1 \u0111\u1ed9ng v\u00e0 kh\u1ea3 n\u0103ng ti\u1ebft ki\u1ec7m n\u0103ng l\u01b0\u1ee3ng. \u0110\u01b0\u1ee3c thi\u1ebft k\u1ebf ph\u00f9 h\u1ee3p v\u1edbi nhi\u1ec1u \u1ee9ng d\u1ee5ng, t\u1eeb gia \u0111\u00ecnh \u0111\u1ebfn khu v\u1ef1c c\u00f4ng c\u1ed9ng. S\u1ea3n ph\u1ea9m n\u00e0y l\u00e0 gi\u1ea3i ph\u00e1p t\u1ed1i \u01b0u \u0111\u1ec3 n\u00e2ng cao ch\u1ea5t l\u01b0\u1ee3ng cu\u1ed9c s\u1ed1ng, mang \u0111\u1ebfn s\u1ef1 ti\u1ec7n nghi v\u00e0 an to\u00e0n cho ng\u01b0\u1eddi d\u00f9ng.<\/p>\n<figure id=\"attachment_20744\" aria-describedby=\"caption-attachment-20744\" style=\"width: 600px\" class=\"wp-caption aligncenter\"><img loading=\"lazy\" decoding=\"async\" class=\"wp-image-20744\" title=\"B\u00f3ng \u0110\u00e8n C\u1ea3m \u1ee8ng \u00c1nh S\u00e1ng - LSB7W\" src=\"https:\/\/kawasan.vn\/wp-content\/uploads\/2024\/11\/LSB7W-MINH-HOA-2.jpg\" alt=\"B\u00f3ng \u0110\u00e8n C\u1ea3m \u1ee8ng \u00c1nh S\u00e1ng - LSB7W\" width=\"600\" height=\"304\" \/><figcaption id=\"caption-attachment-20744\" class=\"wp-caption-text\">B\u00f3ng \u0110\u00e8n C\u1ea3m \u1ee8ng \u00c1nh S\u00e1ng &#8211; LSB7W<\/figcaption><\/figure>\n<h2><span class=\"ez-toc-section\" id=\"TAI_SAO_NEN_CHON_KAWASAN\"><\/span>T\u1ea0I SAO N\u00caN CH\u1eccN KAWASAN?<span class=\"ez-toc-section-end\"><\/span><\/h2>\n<ul>\n<li><strong>Th\u01b0\u01a1ng hi\u1ec7u h\u00e0ng \u0111\u1ea7u Vi\u1ec7t Nam <\/strong>trong l\u0129nh v\u1ef1c \u0111i\u1ec7n t\u1ef1 \u0111\u1ed9ng, an ninh, an to\u00e0n v\u00e0 \u0111i\u1ec7n th\u00f4ng minh t\u1eeb 2007 v\u00e0 \u0111\u00e8n led d\u00e2n d\u1ee5ng, \u0111\u00e8n n\u0103ng l\u01b0\u1ee3ng m\u1eb7t tr\u1eddi t\u1eeb n\u0103m 2012<\/li>\n<li><strong>\u0110\u1ed9 b\u1ec1n cao, linh ki\u1ec7n ch\u1ecdn l\u1ecdc<\/strong>\u2013 Ho\u1ea1t \u0111\u1ed9ng \u1ed5n \u0111\u1ecbnh c\u1ea3 trong \u0111i\u1ec1u ki\u1ec7n th\u1eddi ti\u1ebft kh\u1eafc nghi\u1ec7t<\/li>\n<li><strong>Ch\u00ednh s\u00e1ch b\u1ea3o h\u00e0nh v\u01b0\u1ee3t tr\u1ed9i<\/strong>\u2013 H\u1ed7 tr\u1ee3 s\u1eeda ch\u1eefa c\u1ea3 sau th\u1eddi gian b\u1ea3o h\u00e0nh n\u1ebfu c\u00f2n kh\u1ea3 n\u0103ng kh\u1eafc ph\u1ee5c<\/li>\n<li><strong>Kawasan hi\u1ec7n c\u00f3 tr\u1ee5 s\u1edf t\u1ea1i HCM, chi nh\u00e1nh t\u1ea1i H\u00e0 N\u1ed9i, \u0110\u00e0 N\u1eb5ng v\u00e0 x\u01b0\u1edfng SX, L\u1eafp r\u00e1p t\u1ea1i Q12. HCM.<\/strong><\/li>\n<li><strong>D\u1ecbch v\u1ee5 h\u1ed7 tr\u1ee3 24\/7<\/strong>, m\u1ea1ng l\u01b0\u1edbi \u0111\u1ea1i l\u00fd ph\u1ee7 kh\u1eafp c\u1ea3 n\u01b0\u1edbc<\/li>\n<\/ul>\n<h2><span class=\"ez-toc-section\" id=\"Cam_ket_tu_Kawasan\"><\/span><strong>Cam k\u1ebft t\u1eeb Kawasan<\/strong><span class=\"ez-toc-section-end\"><\/span><\/h2>\n<p>Kawasan cam k\u1ebft mang \u0111\u1ebfn s\u1ea3n ph\u1ea9m\u00a0<strong>ch\u00ednh h\u00e3ng \u2013 b\u1ec1n b\u1ec9 \u2013 an to\u00e0n<\/strong>, \u0111\u00e1p \u1ee9ng \u0111\u1ea7y \u0111\u1ee7 c\u00e1c ti\u00eau chu\u1ea9n k\u1ef9 thu\u1eadt v\u00e0 y\u00eau c\u1ea7u s\u1eed d\u1ee5ng th\u1ef1c t\u1ebf.<br \/>\nT\u1ea5t c\u1ea3 s\u1ea3n ph\u1ea9m \u0111\u01b0\u1ee3c b\u1ea3o h\u00e0nh\u00a0<strong>mi\u1ec5n ph\u00ed 24 th\u00e1ng<\/strong>, 1 \u0111\u1ed5i 1 trong v\u00f2ng 30 ng\u00e0y n\u1ebfu l\u1ed7i k\u1ef9 thu\u1eadt. Ngo\u00e0i ra, kh\u00e1ch h\u00e0ng c\u00f2n \u0111\u01b0\u1ee3c h\u1ed7 tr\u1ee3 s\u1eeda ch\u1eefa sau khi h\u1ebft th\u1eddi gian b\u1ea3o h\u00e0nh n\u1ebfu s\u1ea3n ph\u1ea9m c\u00f2n kh\u1ea3 n\u0103ng ph\u1ee5c h\u1ed3i,\u00a0<strong>kh\u00f4ng t\u00ednh ph\u00ed<\/strong>\u00a0n\u1ebfu chi ph\u00ed linh ki\u1ec7n thay th\u1ebf kh\u00f4ng \u0111\u00e1ng k\u1ec3.<\/p>\n<p><strong>Kh\u00e1ch h\u00e0ng c\u00f3 th\u1ec3 t\u00ecm mua s\u1ea3n ph\u1ea9m t\u1ea1i c\u00e1c \u0111\u1ea1i l\u00fd thu\u1ed9c <\/strong><a href=\"http:\/\/kawasan.vn\/en\/he-thong-phan-phoi\/\"><strong>H\u1ec6 TH\u1ed0NG PH\u00c2N PH\u1ed0I TO\u00c0N QU\u1ed0C<\/strong><\/a><strong> t\u1ea1i c\u00e1c t\u1ec9nh th\u00e0nh ho\u1eb7c c\u00f3 th\u1ec3 d\u1eb7t h\u00e0ng tr\u00ean website.<\/strong><\/p>\n<p style=\"text-align: center;\"><strong>Thank you for trusting Kawasan products!<\/strong><\/p>\n<p style=\"text-align: center;\"><strong>Toll-Free Consulting Hotline:\u00a0<\/strong><strong>1800 0058<\/strong><\/p>\n<p style=\"text-align: center;\" align=\"center\"><strong>Trang web:\u00a0\u00a0<\/strong><a href=\"http:\/\/kawasan.vn\/en\/\"><strong>www.kawasan.vn<\/strong><\/a><\/p>\n<p style=\"text-align: center;\" align=\"center\"><strong>Trang web:\u00a0\u00a0<\/strong><a href=\"https:\/\/kawaled.com.vn\/\"><strong>www.kawaled.com.vn<\/strong><\/a><\/p>","protected":false},"excerpt":{"rendered":"<p>1. Gi\u1edbi Thi\u1ec7u B\u00f3ng \u0111\u00e8n c\u1ea3m \u1ee9ng \u00e1nh s\u00e1ng Kawasan model LSB7W l\u00e0 s\u1ea3n ph\u1ea9m c\u00f4ng ngh\u1ec7 th\u00f4ng minh, \u0111\u01b0\u1ee3c thi\u1ebft k\u1ebf \u0111\u1ec3 t\u1ef1 \u0111\u1ed9ng b\u1eadt\/t\u1eaft d\u1ef1a tr\u00ean c\u01b0\u1eddng \u0111\u1ed9 \u00e1nh s\u00e1ng m\u00f4i tr\u01b0\u1eddng. \u0110\u01b0\u1ee3c trang b\u1ecb c\u00f4ng ngh\u1ec7 c\u1ea3m bi\u1ebfn nh\u1ea1y b\u00e9n, LSB7W c\u1ee7a Kawasan l\u00e0 l\u1ef1a ch\u1ecdn ti\u1ec7n \u00edch cho c\u00e1c kh\u00f4ng gian [&hellip;]<\/p>","protected":false},"featured_media":20747,"comment_status":"open","ping_status":"closed","template":"","meta":{"_yoast_wpseo_focuskw":"B\u00f3ng \u0110\u00e8n C\u1ea3m \u1ee8ng \u00c1nh S\u00e1ng LSB7W","_yoast_wpseo_metadesc":"B\u00f3ng \u0110\u00e8n C\u1ea3m \u1ee8ng \u00c1nh S\u00e1ng LSB7W. s\u1ea3n ph\u1ea9m c\u00f4ng ngh\u1ec7 th\u00f4ng minh, \u0111\u01b0\u1ee3c thi\u1ebft k\u1ebf \u0111\u1ec3 t\u1ef1 \u0111\u1ed9ng b\u1eadt\/t\u1eaft d\u1ef1a tr\u00ean c\u01b0\u1eddng \u0111\u1ed9 \u00e1nh s\u00e1ng m\u00f4i tr\u01b0\u1eddng...","_yoast_wpseo_focuskeywords":"","_yoast_wpseo_keyword_synonyms":""},"product_cat":[490,35],"product_tag":[1173,1193,1778,1777,1779],"class_list":["post-20743","product","type-product","status-publish","has-post-thumbnail","hentry","product_cat-den-cam-ung-anh-sang","product_cat-den-cam-ung","product_tag-bong-den-cam-bien","product_tag-bong-den-cam-bien-anh-sang","product_tag-bong-den-cam-ung","product_tag-bong-den-cam-ung-anh-sang","product_tag-bong-den-cam-ung-ngay-dem"],"acf":[],"yoast_head":"<!-- This site is optimized with the Yoast SEO Premium plugin v24.9 (Yoast SEO v24.9) - https:\/\/yoast.com\/wordpress\/plugins\/seo\/ -->\n<title>B\u00f3ng \u0110\u00e8n C\u1ea3m \u1ee8ng \u00c1nh S\u00e1ng LSB7W - Kawasan<\/title>\n<meta name=\"description\" content=\"B\u00f3ng \u0110\u00e8n C\u1ea3m \u1ee8ng \u00c1nh S\u00e1ng LSB7W. s\u1ea3n ph\u1ea9m c\u00f4ng ngh\u1ec7 th\u00f4ng minh, \u0111\u01b0\u1ee3c thi\u1ebft k\u1ebf \u0111\u1ec3 t\u1ef1 \u0111\u1ed9ng b\u1eadt\/t\u1eaft d\u1ef1a tr\u00ean c\u01b0\u1eddng \u0111\u1ed9 \u00e1nh s\u00e1ng m\u00f4i tr\u01b0\u1eddng...\" \/>\n<meta name=\"robots\" content=\"index, follow, max-snippet:-1, max-image-preview:large, max-video-preview:-1\" \/>\n<link rel=\"canonical\" href=\"http:\/\/kawasan.vn\/en\/product\/bong-den-cam-ung-anh-sang-lsb7w\/\" \/>\n<meta property=\"og:locale\" content=\"en_US\" \/>\n<meta property=\"og:type\" content=\"article\" \/>\n<meta property=\"og:title\" content=\"B\u00f3ng \u0110\u00e8n C\u1ea3m \u1ee8ng \u00c1nh S\u00e1ng LSB7W\" \/>\n<meta property=\"og:description\" content=\"B\u00f3ng \u0110\u00e8n C\u1ea3m \u1ee8ng \u00c1nh S\u00e1ng LSB7W. s\u1ea3n ph\u1ea9m c\u00f4ng ngh\u1ec7 th\u00f4ng minh, \u0111\u01b0\u1ee3c thi\u1ebft k\u1ebf \u0111\u1ec3 t\u1ef1 \u0111\u1ed9ng b\u1eadt\/t\u1eaft d\u1ef1a tr\u00ean c\u01b0\u1eddng \u0111\u1ed9 \u00e1nh s\u00e1ng m\u00f4i tr\u01b0\u1eddng...\" \/>\n<meta property=\"og:url\" content=\"http:\/\/kawasan.vn\/en\/product\/bong-den-cam-ung-anh-sang-lsb7w\/\" \/>\n<meta property=\"og:site_name\" content=\"Kawasan\" \/>\n<meta property=\"article:modified_time\" content=\"2025-12-08T06:39:27+00:00\" \/>\n<meta property=\"og:image\" content=\"https:\/\/kawasan.vn\/wp-content\/uploads\/2024\/11\/LSB7W-T.png\" \/>\n\t<meta property=\"og:image:width\" content=\"960\" \/>\n\t<meta property=\"og:image:height\" content=\"1280\" \/>\n\t<meta property=\"og:image:type\" content=\"image\/png\" \/>\n<meta name=\"twitter:card\" content=\"summary_large_image\" \/>\n<meta name=\"twitter:label1\" content=\"Est. reading time\" \/>\n\t<meta name=\"twitter:data1\" content=\"6 minutes\" \/>\n<script type=\"application\/ld+json\" class=\"yoast-schema-graph\">{\"@context\":\"https:\/\/schema.org\",\"@graph\":[{\"@type\":\"WebPage\",\"@id\":\"https:\/\/kawasan.vn\/san-pham\/bong-den-cam-ung-anh-sang-lsb7w\/\",\"url\":\"https:\/\/kawasan.vn\/san-pham\/bong-den-cam-ung-anh-sang-lsb7w\/\",\"name\":\"B\u00f3ng \u0110\u00e8n C\u1ea3m \u1ee8ng \u00c1nh S\u00e1ng LSB7W - Kawasan\",\"isPartOf\":{\"@id\":\"https:\/\/kawasan.vn\/#website\"},\"primaryImageOfPage\":{\"@id\":\"https:\/\/kawasan.vn\/san-pham\/bong-den-cam-ung-anh-sang-lsb7w\/#primaryimage\"},\"image\":{\"@id\":\"https:\/\/kawasan.vn\/san-pham\/bong-den-cam-ung-anh-sang-lsb7w\/#primaryimage\"},\"thumbnailUrl\":\"https:\/\/kawasan.vn\/wp-content\/uploads\/2024\/11\/LSB7W-T.png\",\"datePublished\":\"2024-11-12T03:55:46+00:00\",\"dateModified\":\"2025-12-08T06:39:27+00:00\",\"description\":\"B\u00f3ng \u0110\u00e8n C\u1ea3m \u1ee8ng \u00c1nh S\u00e1ng LSB7W. s\u1ea3n ph\u1ea9m c\u00f4ng ngh\u1ec7 th\u00f4ng minh, \u0111\u01b0\u1ee3c thi\u1ebft k\u1ebf \u0111\u1ec3 t\u1ef1 \u0111\u1ed9ng b\u1eadt\/t\u1eaft d\u1ef1a tr\u00ean c\u01b0\u1eddng \u0111\u1ed9 \u00e1nh s\u00e1ng m\u00f4i tr\u01b0\u1eddng...\",\"breadcrumb\":{\"@id\":\"https:\/\/kawasan.vn\/san-pham\/bong-den-cam-ung-anh-sang-lsb7w\/#breadcrumb\"},\"inLanguage\":\"en-US\",\"potentialAction\":[{\"@type\":\"ReadAction\",\"target\":[\"https:\/\/kawasan.vn\/san-pham\/bong-den-cam-ung-anh-sang-lsb7w\/\"]}]},{\"@type\":\"ImageObject\",\"inLanguage\":\"en-US\",\"@id\":\"https:\/\/kawasan.vn\/san-pham\/bong-den-cam-ung-anh-sang-lsb7w\/#primaryimage\",\"url\":\"https:\/\/kawasan.vn\/wp-content\/uploads\/2024\/11\/LSB7W-T.png\",\"contentUrl\":\"https:\/\/kawasan.vn\/wp-content\/uploads\/2024\/11\/LSB7W-T.png\",\"width\":960,\"height\":1280},{\"@type\":\"BreadcrumbList\",\"@id\":\"https:\/\/kawasan.vn\/san-pham\/bong-den-cam-ung-anh-sang-lsb7w\/#breadcrumb\",\"itemListElement\":[{\"@type\":\"ListItem\",\"position\":1,\"name\":\"Trang ch\u1ee7\",\"item\":\"https:\/\/kawasan.vn\/\"},{\"@type\":\"ListItem\",\"position\":2,\"name\":\"S\u1ea3n ph\u1ea9m\",\"item\":\"https:\/\/kawasan.vn\/san-pham\/\"},{\"@type\":\"ListItem\",\"position\":3,\"name\":\"B\u00f3ng \u0110\u00e8n C\u1ea3m \u1ee8ng \u00c1nh S\u00e1ng LSB7W\"}]},{\"@type\":\"WebSite\",\"@id\":\"https:\/\/kawasan.vn\/#website\",\"url\":\"https:\/\/kawasan.vn\/\",\"name\":\"Kawasan\",\"description\":\"\",\"potentialAction\":[{\"@type\":\"SearchAction\",\"target\":{\"@type\":\"EntryPoint\",\"urlTemplate\":\"https:\/\/kawasan.vn\/?s={search_term_string}\"},\"query-input\":{\"@type\":\"PropertyValueSpecification\",\"valueRequired\":true,\"valueName\":\"search_term_string\"}}],\"inLanguage\":\"en-US\"}]}<\/script>\n<!-- \/ Yoast SEO Premium plugin. -->","yoast_head_json":{"title":"B\u00f3ng \u0110\u00e8n C\u1ea3m \u1ee8ng \u00c1nh S\u00e1ng LSB7W - Kawasan","description":"B\u00f3ng \u0110\u00e8n C\u1ea3m \u1ee8ng \u00c1nh S\u00e1ng LSB7W. s\u1ea3n ph\u1ea9m c\u00f4ng ngh\u1ec7 th\u00f4ng minh, \u0111\u01b0\u1ee3c thi\u1ebft k\u1ebf \u0111\u1ec3 t\u1ef1 \u0111\u1ed9ng b\u1eadt\/t\u1eaft d\u1ef1a tr\u00ean c\u01b0\u1eddng \u0111\u1ed9 \u00e1nh s\u00e1ng m\u00f4i tr\u01b0\u1eddng...","robots":{"index":"index","follow":"follow","max-snippet":"max-snippet:-1","max-image-preview":"max-image-preview:large","max-video-preview":"max-video-preview:-1"},"canonical":"http:\/\/kawasan.vn\/en\/product\/bong-den-cam-ung-anh-sang-lsb7w\/","og_locale":"en_US","og_type":"article","og_title":"B\u00f3ng \u0110\u00e8n C\u1ea3m \u1ee8ng \u00c1nh S\u00e1ng LSB7W","og_description":"B\u00f3ng \u0110\u00e8n C\u1ea3m \u1ee8ng \u00c1nh S\u00e1ng LSB7W. s\u1ea3n ph\u1ea9m c\u00f4ng ngh\u1ec7 th\u00f4ng minh, \u0111\u01b0\u1ee3c thi\u1ebft k\u1ebf \u0111\u1ec3 t\u1ef1 \u0111\u1ed9ng b\u1eadt\/t\u1eaft d\u1ef1a tr\u00ean c\u01b0\u1eddng \u0111\u1ed9 \u00e1nh s\u00e1ng m\u00f4i tr\u01b0\u1eddng...","og_url":"http:\/\/kawasan.vn\/en\/product\/bong-den-cam-ung-anh-sang-lsb7w\/","og_site_name":"Kawasan","article_modified_time":"2025-12-08T06:39:27+00:00","og_image":[{"width":960,"height":1280,"url":"https:\/\/kawasan.vn\/wp-content\/uploads\/2024\/11\/LSB7W-T.png","type":"image\/png"}],"twitter_card":"summary_large_image","twitter_misc":{"Est. reading time":"6 minutes"},"schema":{"@context":"https:\/\/schema.org","@graph":[{"@type":"WebPage","@id":"https:\/\/kawasan.vn\/san-pham\/bong-den-cam-ung-anh-sang-lsb7w\/","url":"https:\/\/kawasan.vn\/san-pham\/bong-den-cam-ung-anh-sang-lsb7w\/","name":"B\u00f3ng \u0110\u00e8n C\u1ea3m \u1ee8ng \u00c1nh S\u00e1ng LSB7W - Kawasan","isPartOf":{"@id":"https:\/\/kawasan.vn\/#website"},"primaryImageOfPage":{"@id":"https:\/\/kawasan.vn\/san-pham\/bong-den-cam-ung-anh-sang-lsb7w\/#primaryimage"},"image":{"@id":"https:\/\/kawasan.vn\/san-pham\/bong-den-cam-ung-anh-sang-lsb7w\/#primaryimage"},"thumbnailUrl":"https:\/\/kawasan.vn\/wp-content\/uploads\/2024\/11\/LSB7W-T.png","datePublished":"2024-11-12T03:55:46+00:00","dateModified":"2025-12-08T06:39:27+00:00","description":"B\u00f3ng \u0110\u00e8n C\u1ea3m \u1ee8ng \u00c1nh S\u00e1ng LSB7W. s\u1ea3n ph\u1ea9m c\u00f4ng ngh\u1ec7 th\u00f4ng minh, \u0111\u01b0\u1ee3c thi\u1ebft k\u1ebf \u0111\u1ec3 t\u1ef1 \u0111\u1ed9ng b\u1eadt\/t\u1eaft d\u1ef1a tr\u00ean c\u01b0\u1eddng \u0111\u1ed9 \u00e1nh s\u00e1ng m\u00f4i tr\u01b0\u1eddng...","breadcrumb":{"@id":"https:\/\/kawasan.vn\/san-pham\/bong-den-cam-ung-anh-sang-lsb7w\/#breadcrumb"},"inLanguage":"en-US","potentialAction":[{"@type":"ReadAction","target":["https:\/\/kawasan.vn\/san-pham\/bong-den-cam-ung-anh-sang-lsb7w\/"]}]},{"@type":"ImageObject","inLanguage":"en-US","@id":"https:\/\/kawasan.vn\/san-pham\/bong-den-cam-ung-anh-sang-lsb7w\/#primaryimage","url":"https:\/\/kawasan.vn\/wp-content\/uploads\/2024\/11\/LSB7W-T.png","contentUrl":"https:\/\/kawasan.vn\/wp-content\/uploads\/2024\/11\/LSB7W-T.png","width":960,"height":1280},{"@type":"BreadcrumbList","@id":"https:\/\/kawasan.vn\/san-pham\/bong-den-cam-ung-anh-sang-lsb7w\/#breadcrumb","itemListElement":[{"@type":"ListItem","position":1,"name":"Trang ch\u1ee7","item":"https:\/\/kawasan.vn\/"},{"@type":"ListItem","position":2,"name":"S\u1ea3n ph\u1ea9m","item":"https:\/\/kawasan.vn\/san-pham\/"},{"@type":"ListItem","position":3,"name":"B\u00f3ng \u0110\u00e8n C\u1ea3m \u1ee8ng \u00c1nh S\u00e1ng LSB7W"}]},{"@type":"WebSite","@id":"https:\/\/kawasan.vn\/#website","url":"https:\/\/kawasan.vn\/","name":"Kawasan","description":"","potentialAction":[{"@type":"SearchAction","target":{"@type":"EntryPoint","urlTemplate":"https:\/\/kawasan.vn\/?s={search_term_string}"},"query-input":{"@type":"PropertyValueSpecification","valueRequired":true,"valueName":"search_term_string"}}],"inLanguage":"en-US"}]}},"_links":{"self":[{"href":"http:\/\/kawasan.vn\/en\/wp-json\/wp\/v2\/product\/20743","targetHints":{"allow":["GET"]}}],"collection":[{"href":"http:\/\/kawasan.vn\/en\/wp-json\/wp\/v2\/product"}],"about":[{"href":"http:\/\/kawasan.vn\/en\/wp-json\/wp\/v2\/types\/product"}],"replies":[{"embeddable":true,"href":"http:\/\/kawasan.vn\/en\/wp-json\/wp\/v2\/comments?post=20743"}],"version-history":[{"count":10,"href":"http:\/\/kawasan.vn\/en\/wp-json\/wp\/v2\/product\/20743\/revisions"}],"predecessor-version":[{"id":26508,"href":"http:\/\/kawasan.vn\/en\/wp-json\/wp\/v2\/product\/20743\/revisions\/26508"}],"wp:featuredmedia":[{"embeddable":true,"href":"http:\/\/kawasan.vn\/en\/wp-json\/wp\/v2\/media\/20747"}],"wp:attachment":[{"href":"http:\/\/kawasan.vn\/en\/wp-json\/wp\/v2\/media?parent=20743"}],"wp:term":[{"taxonomy":"product_cat","embeddable":true,"href":"http:\/\/kawasan.vn\/en\/wp-json\/wp\/v2\/product_cat?post=20743"},{"taxonomy":"product_tag","embeddable":true,"href":"http:\/\/kawasan.vn\/en\/wp-json\/wp\/v2\/product_tag?post=20743"}],"curies":[{"name":"wp","href":"https:\/\/api.w.org\/{rel}","templated":true}]}}